{"id":65926,"date":"2024-11-13T15:58:22","date_gmt":"2024-11-13T13:58:22","guid":{"rendered":"https:\/\/tene.ee\/toode\/ovalna-sauna-loviisa-s-3-miestnostami-500-x-235-cm\/"},"modified":"2024-11-13T15:58:22","modified_gmt":"2024-11-13T13:58:22","slug":"ovalna-sauna-loviisa-s-3-miestnostami-500-x-235-cm","status":"publish","type":"product","link":"https:\/\/tene.ee\/sk\/toode\/ovalna-sauna-loviisa-s-3-miestnostami-500-x-235-cm\/","title":{"rendered":"Ov\u00c3\u0192\u00c2\u00a1lna sauna Loviisa s 3 miestnos\u00c3\u2026\u00c2\u00a5ami 500 x 235 cm"},"content":{"rendered":"<p>Ov\u00c3\u0192\u00c2\u00a1lna sauna Loviisa dokon\u00c3\u201e\u00c2\u008den\u00c3\u0192\u00c2\u00a1 v z\u00c3\u0192\u00c2\u00a1vode na z\u00c3\u0192\u00c2\u00a1hradn\u00c3\u0192\u00c2\u00a9 dom\u00c3\u201e\u00c2\u008deky Tene Kaubandus je pripraven\u00c3\u0192\u00c2\u00a1 na saunovanie. V\u00c3\u0192\u00c2\u00bdrobok prepravujeme v\u00c3\u2026\u00c2\u00a1ade tam, kde je mo\u00c3\u2026\u00c2\u00ben\u00c3\u0192\u00c2\u00a9 dosiahnu\u00c3\u2026\u00c2\u00a5 \u00c3\u2026\u00c2\u00beeriavom.<\/p>\n<p>Hotov\u00c3\u0192\u00c2\u00bd ov\u00c3\u0192\u00c2\u00a1lny saunov\u00c3\u0192\u00c2\u00bd set obsahuje:<\/p>\n<p>Pou\u00c3\u2026\u00c2\u00beit\u00c3\u0192\u00c2\u00a9 drevo je 100% kvalitn\u00c3\u0192\u00c2\u00bd seversk\u00c3\u0192\u00c2\u00bd smrek<br \/>\n3 izby: oddychov\u00c3\u0192\u00c2\u00a1 miestnos\u00c3\u2026\u00c2\u00a5, \u00c3\u2026\u00c2\u00a1at\u00c3\u2026\u00cb\u2020a a sauna<br \/>\nP\u00c3\u0192\u00c2\u00b3dium v \u00c3\u00a2\u00e2\u201a\u00ac\u00e2\u20ac\u00b9\u00c3\u00a2\u00e2\u201a\u00ac\u00e2\u20ac\u00b9parnej miestnosti<br \/>\nLavice v prednej miestnosti<br \/>\nDreven\u00c3\u0192\u00c2\u00a9 ro\u00c3\u2026\u00c2\u00a1ty na podlahe<br \/>\nSie\u00c3\u2026\u00c2\u00a5ov\u00c3\u0192\u00c2\u00bd ohrieva\u00c3\u201e\u00c2\u008d na drevo<br \/>\nKvalitn\u00c3\u0192\u00c2\u00bd kom\u00c3\u0192\u00c2\u00adn s klapkou a n\u00c3\u0192\u00c2\u00a1dr\u00c3\u2026\u00c2\u00beou na vodu 25L<br \/>\nVykurovacie kamene 80 kg<br \/>\nTepelne odoln\u00c3\u0192\u00c2\u00a1 z\u00c3\u0192\u00c2\u00a1klad\u00c3\u2026\u00cb\u2020a, pl\u00c3\u0192\u00c2\u00a1\u00c3\u2026\u00c2\u00a1\u00c3\u2026\u00c2\u00a5 a zadn\u00c3\u0192\u00c2\u00a1 stena ohrieva\u00c3\u201e\u00c2\u008da<br \/>\n\u00c3\u201e\u00c5\u2019ierny pl\u00c3\u0192\u00c2\u00a1stov\u00c3\u0192\u00c2\u00bd ruberoid na streche<br \/>\nOkrajov\u00c3\u0192\u00c2\u00a9 a odkvapov\u00c3\u0192\u00c2\u00a9 \u00c3\u2026\u00c2\u00a1kvrny na streche s\u00c3\u0192\u00c2\u00ba \u00c3\u201e\u00c2\u008dierne<br \/>\nUzamykate\u00c3\u201e\u00c2\u00ben\u00c3\u0192\u00c2\u00a9 predn\u00c3\u0192\u00c2\u00a9 dvere s tvrden\u00c3\u0192\u00c2\u00bdm sklom<br \/>\nSklenen\u00c3\u0192\u00c2\u00a1 parn\u00c3\u0192\u00c2\u00a1 miestnos\u00c3\u2026\u00c2\u00a5 a medzidvere z tvrden\u00c3\u0192\u00c2\u00a9ho skla<br \/>\nOkno v parnej miestnosti s tvrden\u00c3\u0192\u00c2\u00bdm sklom<br \/>\nHr\u00c3\u0192\u00c2\u00babka steny: 40 mm<br \/>\nVonkaj\u00c3\u2026\u00c2\u00a1ie rozmery: 500 x 235 cm<br \/>\nHmotnos\u00c3\u2026\u00c2\u00a5: cca. 1200 kg<\/p>\n","protected":false},"excerpt":{"rendered":"<p>Kompletne postaven\u00c3\u0192\u00c2\u00a1 r\u00c3\u0192\u00c2\u00barov\u00c3\u0192\u00c2\u00a1 sauna Loviisa, \u00c3\u201e\u00c2\u008dierny vo\u00c3\u2026\u00c2\u00a1tinov\u00c3\u0192\u00c2\u00bd ruberoid na streche, ohrieva\u00c3\u201e\u00c2\u008d s kame\u00c3\u2026\u00cb\u2020mi, kvalitn\u00c3\u0192\u00c2\u00bd kom\u00c3\u0192\u00c2\u00adn s klapkou a n\u00c3\u0192\u00c2\u00a1dr\u00c3\u2026\u00c2\u00be na vodu.<\/p>\n<p>Ov\u00c3\u0192\u00c2\u00a1lna sauna Loviisa je dostupn\u00c3\u0192\u00c2\u00a1 aj s elektrick\u00c3\u0192\u00c2\u00bdm ohrieva\u00c3\u201e\u00c2\u008dom.<\/p>\n","protected":false},"featured_media":65887,"template":"","meta":{"_acf_changed":false},"product_brand":[],"product_cat":[585,587,582,578],"product_tag":[],"class_list":{"0":"post-65926","1":"product","2":"type-product","3":"status-publish","4":"has-post-thumbnail","6":"product_cat-hotove-sauny-sk","7":"product_cat-nove-produkty-sk","8":"product_cat-ovalne-sauny-sk","9":"product_cat-sauny-sk","10":"pa_seina-paksus-40-mm-sk","12":"first","13":"onbackorder","14":"sale","15":"taxable","16":"shipping-taxable","17":"purchasable","18":"product-type-simple"},"acf":[],"yoast_head":"<!-- This site is optimized with the Yoast SEO plugin v27.3 - https:\/\/yoast.com\/product\/yoast-seo-wordpress\/ -->\n<title>Tene.ee - Ov\u00c3\u0192\u00c2\u00a1lna sauna Loviisa s 3 miestnos\u00c3\u2026\u00c2\u00a5ami 500 x 235 cm<\/title>\n<meta name=\"description\" content=\"Tene.ee Ov\u00c3\u0192\u00c2\u00a1lna sauna Loviisa s 3 miestnos\u00c3\u2026\u00c2\u00a5ami 500 x 235 cm\" \/>\n<meta name=\"robots\" content=\"index, follow, max-snippet:-1, max-image-preview:large, max-video-preview:-1\" \/>\n<link rel=\"canonical\" href=\"https:\/\/tene.ee\/sk\/toode\/ovalna-sauna-loviisa-s-3-miestnostami-500-x-235-cm\/\" \/>\n<meta property=\"og:locale\" content=\"sk_SK\" \/>\n<meta property=\"og:type\" content=\"article\" \/>\n<meta property=\"og:title\" content=\"Tene.ee - Ov\u00c3\u0192\u00c2\u00a1lna sauna Loviisa s 3 miestnos\u00c3\u2026\u00c2\u00a5ami 500 x 235 cm\" \/>\n<meta property=\"og:description\" content=\"Tene.ee Ov\u00c3\u0192\u00c2\u00a1lna sauna Loviisa s 3 miestnos\u00c3\u2026\u00c2\u00a5ami 500 x 235 cm\" \/>\n<meta property=\"og:url\" content=\"https:\/\/tene.ee\/sk\/toode\/ovalna-sauna-loviisa-s-3-miestnostami-500-x-235-cm\/\" \/>\n<meta property=\"og:site_name\" content=\"Tene.ee\" \/>\n<meta property=\"article:publisher\" content=\"https:\/\/www.facebook.com\/teneaiamajad\" \/>\n<meta property=\"og:image\" content=\"http:\/\/tene.ee\/wp-content\/uploads\/2024\/11\/Loviisa-1024x683.jpg\" \/>\n\t<meta property=\"og:image:width\" content=\"1024\" \/>\n\t<meta property=\"og:image:height\" content=\"683\" \/>\n\t<meta property=\"og:image:type\" content=\"image\/jpeg\" \/>\n<meta name=\"twitter:card\" content=\"summary_large_image\" \/>\n<meta name=\"twitter:label1\" content=\"Predpokladan\u00fd \u010das \u010d\u00edtania\" \/>\n\t<meta name=\"twitter:data1\" content=\"1 min\u00fata\" \/>\n<script type=\"application\/ld+json\" class=\"yoast-schema-graph\">{\"@context\":\"https:\\\/\\\/schema.org\",\"@graph\":[{\"@type\":\"WebPage\",\"@id\":\"https:\\\/\\\/tene.ee\\\/sk\\\/toode\\\/ovalna-sauna-loviisa-s-3-miestnostami-500-x-235-cm\\\/\",\"url\":\"https:\\\/\\\/tene.ee\\\/sk\\\/toode\\\/ovalna-sauna-loviisa-s-3-miestnostami-500-x-235-cm\\\/\",\"name\":\"Tene.ee - Ov\u00c3\u0192\u00c2\u00a1lna sauna Loviisa s 3 miestnos\u00c3\u2026\u00c2\u00a5ami 500 x 235 cm\",\"isPartOf\":{\"@id\":\"https:\\\/\\\/tene.ee\\\/sk\\\/#website\"},\"primaryImageOfPage\":{\"@id\":\"https:\\\/\\\/tene.ee\\\/sk\\\/toode\\\/ovalna-sauna-loviisa-s-3-miestnostami-500-x-235-cm\\\/#primaryimage\"},\"image\":{\"@id\":\"https:\\\/\\\/tene.ee\\\/sk\\\/toode\\\/ovalna-sauna-loviisa-s-3-miestnostami-500-x-235-cm\\\/#primaryimage\"},\"thumbnailUrl\":\"https:\\\/\\\/tene.ee\\\/wp-content\\\/uploads\\\/2024\\\/11\\\/Loviisa.jpg\",\"datePublished\":\"2024-11-13T13:58:22+00:00\",\"description\":\"Tene.ee Ov\u00c3\u0192\u00c2\u00a1lna sauna Loviisa s 3 miestnos\u00c3\u2026\u00c2\u00a5ami 500 x 235 cm\",\"breadcrumb\":{\"@id\":\"https:\\\/\\\/tene.ee\\\/sk\\\/toode\\\/ovalna-sauna-loviisa-s-3-miestnostami-500-x-235-cm\\\/#breadcrumb\"},\"inLanguage\":\"sk-SK\",\"potentialAction\":[{\"@type\":\"ReadAction\",\"target\":[\"https:\\\/\\\/tene.ee\\\/sk\\\/toode\\\/ovalna-sauna-loviisa-s-3-miestnostami-500-x-235-cm\\\/\"]}]},{\"@type\":\"ImageObject\",\"inLanguage\":\"sk-SK\",\"@id\":\"https:\\\/\\\/tene.ee\\\/sk\\\/toode\\\/ovalna-sauna-loviisa-s-3-miestnostami-500-x-235-cm\\\/#primaryimage\",\"url\":\"https:\\\/\\\/tene.ee\\\/wp-content\\\/uploads\\\/2024\\\/11\\\/Loviisa.jpg\",\"contentUrl\":\"https:\\\/\\\/tene.ee\\\/wp-content\\\/uploads\\\/2024\\\/11\\\/Loviisa.jpg\",\"width\":2500,\"height\":1667},{\"@type\":\"BreadcrumbList\",\"@id\":\"https:\\\/\\\/tene.ee\\\/sk\\\/toode\\\/ovalna-sauna-loviisa-s-3-miestnostami-500-x-235-cm\\\/#breadcrumb\",\"itemListElement\":[{\"@type\":\"ListItem\",\"position\":1,\"name\":\"Avaleht\",\"item\":\"http:\\\/\\\/tene.ee\\\/sk\\\/\"},{\"@type\":\"ListItem\",\"position\":2,\"name\":\"V\u0161etky produkty\",\"item\":\"http:\\\/\\\/tene.ee\\\/sk\\\/shop\\\/\"},{\"@type\":\"ListItem\",\"position\":3,\"name\":\"Ov\u00c3\u0192\u00c2\u00a1lna sauna Loviisa s 3 miestnos\u00c3\u2026\u00c2\u00a5ami 500 x 235 cm\"}]},{\"@type\":\"WebSite\",\"@id\":\"https:\\\/\\\/tene.ee\\\/sk\\\/#website\",\"url\":\"https:\\\/\\\/tene.ee\\\/sk\\\/\",\"name\":\"Tene.ee - Kaunite hetkede jaoks sinu aias\",\"description\":\"Tene.ee - parimad puit- ja aiamajad otse tootjalt\",\"publisher\":{\"@id\":\"https:\\\/\\\/tene.ee\\\/sk\\\/#organization\"},\"alternateName\":\"Tene.ee\",\"potentialAction\":[{\"@type\":\"SearchAction\",\"target\":{\"@type\":\"EntryPoint\",\"urlTemplate\":\"https:\\\/\\\/tene.ee\\\/sk\\\/?s={search_term_string}\"},\"query-input\":{\"@type\":\"PropertyValueSpecification\",\"valueRequired\":true,\"valueName\":\"search_term_string\"}}],\"inLanguage\":\"sk-SK\"},{\"@type\":\"Organization\",\"@id\":\"https:\\\/\\\/tene.ee\\\/sk\\\/#organization\",\"name\":\"Tene.ee\",\"url\":\"https:\\\/\\\/tene.ee\\\/sk\\\/\",\"logo\":{\"@type\":\"ImageObject\",\"inLanguage\":\"sk-SK\",\"@id\":\"https:\\\/\\\/tene.ee\\\/sk\\\/#\\\/schema\\\/logo\\\/image\\\/\",\"url\":\"https:\\\/\\\/tene.ee\\\/wp-content\\\/uploads\\\/2024\\\/12\\\/TENE-logo-2018-2.png\",\"contentUrl\":\"https:\\\/\\\/tene.ee\\\/wp-content\\\/uploads\\\/2024\\\/12\\\/TENE-logo-2018-2.png\",\"width\":2339,\"height\":1654,\"caption\":\"Tene.ee\"},\"image\":{\"@id\":\"https:\\\/\\\/tene.ee\\\/sk\\\/#\\\/schema\\\/logo\\\/image\\\/\"},\"sameAs\":[\"https:\\\/\\\/www.facebook.com\\\/teneaiamajad\"]}]}<\/script>\n<!-- \/ Yoast SEO plugin. -->","yoast_head_json":{"title":"Tene.ee - Ov\u00c3\u0192\u00c2\u00a1lna sauna Loviisa s 3 miestnos\u00c3\u2026\u00c2\u00a5ami 500 x 235 cm","description":"Tene.ee Ov\u00c3\u0192\u00c2\u00a1lna sauna Loviisa s 3 miestnos\u00c3\u2026\u00c2\u00a5ami 500 x 235 cm","robots":{"index":"index","follow":"follow","max-snippet":"max-snippet:-1","max-image-preview":"max-image-preview:large","max-video-preview":"max-video-preview:-1"},"canonical":"https:\/\/tene.ee\/sk\/toode\/ovalna-sauna-loviisa-s-3-miestnostami-500-x-235-cm\/","og_locale":"sk_SK","og_type":"article","og_title":"Tene.ee - Ov\u00c3\u0192\u00c2\u00a1lna sauna Loviisa s 3 miestnos\u00c3\u2026\u00c2\u00a5ami 500 x 235 cm","og_description":"Tene.ee Ov\u00c3\u0192\u00c2\u00a1lna sauna Loviisa s 3 miestnos\u00c3\u2026\u00c2\u00a5ami 500 x 235 cm","og_url":"https:\/\/tene.ee\/sk\/toode\/ovalna-sauna-loviisa-s-3-miestnostami-500-x-235-cm\/","og_site_name":"Tene.ee","article_publisher":"https:\/\/www.facebook.com\/teneaiamajad","og_image":[{"width":1024,"height":683,"url":"http:\/\/tene.ee\/wp-content\/uploads\/2024\/11\/Loviisa-1024x683.jpg","type":"image\/jpeg"}],"twitter_card":"summary_large_image","twitter_misc":{"Predpokladan\u00fd \u010das \u010d\u00edtania":"1 min\u00fata"},"schema":{"@context":"https:\/\/schema.org","@graph":[{"@type":"WebPage","@id":"https:\/\/tene.ee\/sk\/toode\/ovalna-sauna-loviisa-s-3-miestnostami-500-x-235-cm\/","url":"https:\/\/tene.ee\/sk\/toode\/ovalna-sauna-loviisa-s-3-miestnostami-500-x-235-cm\/","name":"Tene.ee - Ov\u00c3\u0192\u00c2\u00a1lna sauna Loviisa s 3 miestnos\u00c3\u2026\u00c2\u00a5ami 500 x 235 cm","isPartOf":{"@id":"https:\/\/tene.ee\/sk\/#website"},"primaryImageOfPage":{"@id":"https:\/\/tene.ee\/sk\/toode\/ovalna-sauna-loviisa-s-3-miestnostami-500-x-235-cm\/#primaryimage"},"image":{"@id":"https:\/\/tene.ee\/sk\/toode\/ovalna-sauna-loviisa-s-3-miestnostami-500-x-235-cm\/#primaryimage"},"thumbnailUrl":"https:\/\/tene.ee\/wp-content\/uploads\/2024\/11\/Loviisa.jpg","datePublished":"2024-11-13T13:58:22+00:00","description":"Tene.ee Ov\u00c3\u0192\u00c2\u00a1lna sauna Loviisa s 3 miestnos\u00c3\u2026\u00c2\u00a5ami 500 x 235 cm","breadcrumb":{"@id":"https:\/\/tene.ee\/sk\/toode\/ovalna-sauna-loviisa-s-3-miestnostami-500-x-235-cm\/#breadcrumb"},"inLanguage":"sk-SK","potentialAction":[{"@type":"ReadAction","target":["https:\/\/tene.ee\/sk\/toode\/ovalna-sauna-loviisa-s-3-miestnostami-500-x-235-cm\/"]}]},{"@type":"ImageObject","inLanguage":"sk-SK","@id":"https:\/\/tene.ee\/sk\/toode\/ovalna-sauna-loviisa-s-3-miestnostami-500-x-235-cm\/#primaryimage","url":"https:\/\/tene.ee\/wp-content\/uploads\/2024\/11\/Loviisa.jpg","contentUrl":"https:\/\/tene.ee\/wp-content\/uploads\/2024\/11\/Loviisa.jpg","width":2500,"height":1667},{"@type":"BreadcrumbList","@id":"https:\/\/tene.ee\/sk\/toode\/ovalna-sauna-loviisa-s-3-miestnostami-500-x-235-cm\/#breadcrumb","itemListElement":[{"@type":"ListItem","position":1,"name":"Avaleht","item":"http:\/\/tene.ee\/sk\/"},{"@type":"ListItem","position":2,"name":"V\u0161etky produkty","item":"http:\/\/tene.ee\/sk\/shop\/"},{"@type":"ListItem","position":3,"name":"Ov\u00c3\u0192\u00c2\u00a1lna sauna Loviisa s 3 miestnos\u00c3\u2026\u00c2\u00a5ami 500 x 235 cm"}]},{"@type":"WebSite","@id":"https:\/\/tene.ee\/sk\/#website","url":"https:\/\/tene.ee\/sk\/","name":"Tene.ee - Kaunite hetkede jaoks sinu aias","description":"Tene.ee - parimad puit- ja aiamajad otse tootjalt","publisher":{"@id":"https:\/\/tene.ee\/sk\/#organization"},"alternateName":"Tene.ee","potentialAction":[{"@type":"SearchAction","target":{"@type":"EntryPoint","urlTemplate":"https:\/\/tene.ee\/sk\/?s={search_term_string}"},"query-input":{"@type":"PropertyValueSpecification","valueRequired":true,"valueName":"search_term_string"}}],"inLanguage":"sk-SK"},{"@type":"Organization","@id":"https:\/\/tene.ee\/sk\/#organization","name":"Tene.ee","url":"https:\/\/tene.ee\/sk\/","logo":{"@type":"ImageObject","inLanguage":"sk-SK","@id":"https:\/\/tene.ee\/sk\/#\/schema\/logo\/image\/","url":"https:\/\/tene.ee\/wp-content\/uploads\/2024\/12\/TENE-logo-2018-2.png","contentUrl":"https:\/\/tene.ee\/wp-content\/uploads\/2024\/12\/TENE-logo-2018-2.png","width":2339,"height":1654,"caption":"Tene.ee"},"image":{"@id":"https:\/\/tene.ee\/sk\/#\/schema\/logo\/image\/"},"sameAs":["https:\/\/www.facebook.com\/teneaiamajad"]}]}},"_links":{"self":[{"href":"https:\/\/tene.ee\/sk\/wp-json\/wp\/v2\/product\/65926","targetHints":{"allow":["GET"]}}],"collection":[{"href":"https:\/\/tene.ee\/sk\/wp-json\/wp\/v2\/product"}],"about":[{"href":"https:\/\/tene.ee\/sk\/wp-json\/wp\/v2\/types\/product"}],"wp:featuredmedia":[{"embeddable":true,"href":"https:\/\/tene.ee\/sk\/wp-json\/wp\/v2\/media\/65887"}],"wp:attachment":[{"href":"https:\/\/tene.ee\/sk\/wp-json\/wp\/v2\/media?parent=65926"}],"wp:term":[{"taxonomy":"product_brand","embeddable":true,"href":"https:\/\/tene.ee\/sk\/wp-json\/wp\/v2\/product_brand?post=65926"},{"taxonomy":"product_cat","embeddable":true,"href":"https:\/\/tene.ee\/sk\/wp-json\/wp\/v2\/product_cat?post=65926"},{"taxonomy":"product_tag","embeddable":true,"href":"https:\/\/tene.ee\/sk\/wp-json\/wp\/v2\/product_tag?post=65926"}],"curies":[{"name":"wp","href":"https:\/\/api.w.org\/{rel}","templated":true}]}}