{"id":65776,"date":"2024-11-13T14:23:25","date_gmt":"2024-11-13T12:23:25","guid":{"rendered":"https:\/\/tene.ee\/toode\/zahradny-dom-firenze-c-70\/"},"modified":"2024-11-13T14:23:25","modified_gmt":"2024-11-13T12:23:25","slug":"zahradny-dom-firenze-c-70","status":"publish","type":"product","link":"https:\/\/tene.ee\/sk\/toode\/zahradny-dom-firenze-c-70\/","title":{"rendered":"Z\u00c3\u0192\u00c2\u00a1hradn\u00c3\u0192\u00c2\u00bd dom Firenze C 70"},"content":{"rendered":"<p>Z\u00c3\u0192\u00c2\u00a1hradn\u00c3\u0192\u00c2\u00a9 pr\u00c3\u0192\u00c2\u00adstre\u00c3\u2026\u00c2\u00a1ky, zrubov\u00c3\u0192\u00c2\u00a9 dom\u00c3\u201e\u00c2\u008deky, pr\u00c3\u0192\u00c2\u00adstre\u00c3\u2026\u00c2\u00a1ky, pavil\u00c3\u0192\u00c2\u00b3ny, sauny, alt\u00c3\u0192\u00c2\u00a1nky, grily a dreven\u00c3\u0192\u00c2\u00a9 gar\u00c3\u0192\u00c2\u00a1\u00c3\u2026\u00c2\u00bee s hr\u00c3\u0192\u00c2\u00babkou 70 mm, ktor\u00c3\u0192\u00c2\u00a9 sa vyr\u00c3\u0192\u00c2\u00a1baj\u00c3\u0192\u00c2\u00ba v z\u00c3\u0192\u00c2\u00a1vode Tene Garden and Wooden House, sa dod\u00c3\u0192\u00c2\u00a1vaj\u00c3\u0192\u00c2\u00ba s dverami, oknami, podlahou, upev\u00c3\u2026\u00cb\u2020ovac\u00c3\u0192\u00c2\u00adm pr\u00c3\u0192\u00c2\u00adslu\u00c3\u2026\u00c2\u00a1enstvom a n\u00c3\u0192\u00c2\u00a1vodom na mont\u00c3\u0192\u00c2\u00a1\u00c3\u2026\u00c2\u00be, v\u00c3\u201e\u00c2\u008faka \u00c3\u201e\u00c2\u008domu je stavba z\u00c3\u0192\u00c2\u00a1hradn\u00c3\u0192\u00c2\u00a9ho pr\u00c3\u0192\u00c2\u00adstre\u00c3\u2026\u00c2\u00a1ku jednoduch\u00c3\u0192\u00c2\u00a1 a \u00c3\u201e\u00c2\u008dasovo nen\u00c3\u0192\u00c2\u00a1ro\u00c3\u201e\u00c2\u008dn\u00c3\u0192\u00c2\u00a1.<\/p>\n<p><b><strong>S\u00c3\u0192\u00c2\u00baprava z\u00c3\u0192\u00c2\u00a1hradn\u00c3\u0192\u00c2\u00a9ho dom\u00c3\u201e\u00c2\u008deka TENE s hr\u00c3\u0192\u00c2\u00babkou steny 70 mm, ako je zn\u00c3\u0192\u00c2\u00a1zornen\u00c3\u0192\u00c2\u00a9 na v\u00c3\u0192\u00c2\u00bdkrese v\u00c3\u0192\u00c2\u00bdrobku, obsahuje:<\/strong><\/b><\/p>\n<ul>\n<li>Ako materi\u00c3\u0192\u00c2\u00a1l sa pou\u00c3\u2026\u00c2\u00be\u00c3\u0192\u00c2\u00adva vysokokvalitn\u00c3\u0192\u00c2\u00bd 100 % seversk\u00c3\u0192\u00c2\u00bd smrek.<\/li>\n<li>100 % pr\u00c3\u0192\u00c2\u00adrodn\u00c3\u0192\u00c2\u00a9 drevo zo seversk\u00c3\u0192\u00c2\u00bdch drev\u00c3\u0192\u00c2\u00adn.<\/li>\n<li>Oto\u00c3\u201e\u00c2\u008dn\u00c3\u0192\u00c2\u00a9 okno so sklenen\u00c3\u0192\u00c2\u00bdm obalom.<\/li>\n<li>Dvojkr\u00c3\u0192\u00c2\u00addlov\u00c3\u0192\u00c2\u00a9 dvere so sklenen\u00c3\u0192\u00c2\u00bdm obalom, vr\u00c3\u0192\u00c2\u00a1tane dyhy.<\/li>\n<li>Strop z profilovan\u00c3\u0192\u00c2\u00a9ho dreva s hr\u00c3\u0192\u00c2\u00babkou 18 mm<\/li>\n<li>Prah z nehrdzavej\u00c3\u0192\u00c2\u00bacej ocele<\/li>\n<li>Skrutkov\u00c3\u0192\u00c2\u00a9 upevnenie<\/li>\n<li>Autokl\u00c3\u0192\u00c2\u00a1vovan\u00c3\u0192\u00c2\u00a9 impregnovan\u00c3\u0192\u00c2\u00a9 dreven\u00c3\u0192\u00c2\u00a9 z\u00c3\u0192\u00c2\u00a1kladov\u00c3\u0192\u00c2\u00a9 nosn\u00c3\u0192\u00c2\u00adky<\/li>\n<li>Upev\u00c3\u2026\u00cb\u2020ovac\u00c3\u0192\u00c2\u00ad materi\u00c3\u0192\u00c2\u00a1l (klince a skrutky)<\/li>\n<li>In\u00c3\u2026\u00c2\u00a1tala\u00c3\u201e\u00c2\u008dn\u00c3\u0192\u00c2\u00a9 pokyny<\/li>\n<\/ul>\n<p><b><strong>Ceny s\u00c3\u0192\u00c2\u00ba v\u00c3\u0192\u00c2\u00bdrobn\u00c3\u0192\u00c2\u00a9 ceny Tene a s\u00c3\u0192\u00c2\u00ba uveden\u00c3\u0192\u00c2\u00a9 vr\u00c3\u0192\u00c2\u00a1tane DPH.<\/strong><\/b> <b><strong>Ceny nezah\u00c3\u2026\u00e2\u20ac\u00a2\u00c3\u2026\u00cb\u2020aj\u00c3\u0192\u00c2\u00ba dopravu v\u00c3\u0192\u00c2\u00bdrobku.<\/strong><\/b><\/p>\n","protected":false},"excerpt":{"rendered":"<p>Cena zah\u00c3\u2026\u00e2\u20ac\u00a2\u00c3\u2026\u00cb\u2020a dvojkr\u00c3\u0192\u00c2\u00addlov\u00c3\u0192\u00c2\u00a9 okno s paketom skla z vrstven\u00c3\u0192\u00c2\u00a9ho dreva a okno s paketom skla, prahov\u00c3\u0192\u00c2\u00bd paket z nehrdzavej\u00c3\u0192\u00c2\u00bacej ocele, impregnovan\u00c3\u0192\u00c2\u00a9 z\u00c3\u0192\u00c2\u00a1kladov\u00c3\u0192\u00c2\u00a9 pru\u00c3\u2026\u00c2\u00beiny, spojovac\u00c3\u0192\u00c2\u00ad materi\u00c3\u0192\u00c2\u00a1l a n\u00c3\u0192\u00c2\u00a1vod na mont\u00c3\u0192\u00c2\u00a1\u00c3\u2026\u00c2\u00be. Cena nezah\u00c3\u2026\u00e2\u20ac\u00a2\u00c3\u2026\u00cb\u2020a dopravu a stre\u00c3\u2026\u00c2\u00a1n\u00c3\u0192\u00c2\u00ba krytinu.<\/p>\n","protected":false},"featured_media":65737,"template":"","meta":{"_acf_changed":false},"product_brand":[],"product_cat":[587,554,557],"product_tag":[],"class_list":{"0":"post-65776","1":"product","2":"type-product","3":"status-publish","4":"has-post-thumbnail","6":"product_cat-nove-produkty-sk","7":"product_cat-zahradne-domceky","8":"product_cat-zahradne-domceky-70-mm","10":"first","11":"onbackorder","12":"sale","13":"taxable","14":"shipping-taxable","15":"purchasable","16":"product-type-variable"},"acf":[],"yoast_head":"<!-- This site is optimized with the Yoast SEO plugin v27.3 - https:\/\/yoast.com\/product\/yoast-seo-wordpress\/ -->\n<title>Tene.ee - Z\u00c3\u0192\u00c2\u00a1hradn\u00c3\u0192\u00c2\u00bd dom Firenze C 70<\/title>\n<meta name=\"description\" content=\"Tene.ee Z\u00c3\u0192\u00c2\u00a1hradn\u00c3\u0192\u00c2\u00bd dom Firenze C 70\" \/>\n<meta name=\"robots\" content=\"index, follow, max-snippet:-1, max-image-preview:large, max-video-preview:-1\" \/>\n<link rel=\"canonical\" href=\"https:\/\/tene.ee\/sk\/toode\/zahradny-dom-firenze-c-70\/\" \/>\n<meta property=\"og:locale\" content=\"sk_SK\" \/>\n<meta property=\"og:type\" content=\"article\" \/>\n<meta property=\"og:title\" content=\"Tene.ee - Z\u00c3\u0192\u00c2\u00a1hradn\u00c3\u0192\u00c2\u00bd dom Firenze C 70\" \/>\n<meta property=\"og:description\" content=\"Tene.ee Z\u00c3\u0192\u00c2\u00a1hradn\u00c3\u0192\u00c2\u00bd dom Firenze C 70\" \/>\n<meta property=\"og:url\" content=\"https:\/\/tene.ee\/sk\/toode\/zahradny-dom-firenze-c-70\/\" \/>\n<meta property=\"og:site_name\" content=\"Tene.ee\" \/>\n<meta property=\"article:publisher\" content=\"https:\/\/www.facebook.com\/teneaiamajad\" \/>\n<meta property=\"og:image\" content=\"https:\/\/tene.ee\/wp-content\/uploads\/2024\/11\/FirenzeC-1024x683.jpg\" \/>\n\t<meta property=\"og:image:width\" content=\"1024\" \/>\n\t<meta property=\"og:image:height\" content=\"683\" \/>\n\t<meta property=\"og:image:type\" content=\"image\/jpeg\" \/>\n<meta name=\"twitter:card\" content=\"summary_large_image\" \/>\n<meta name=\"twitter:label1\" content=\"Predpokladan\u00fd \u010das \u010d\u00edtania\" \/>\n\t<meta name=\"twitter:data1\" content=\"1 min\u00fata\" \/>\n<script type=\"application\/ld+json\" class=\"yoast-schema-graph\">{\"@context\":\"https:\\\/\\\/schema.org\",\"@graph\":[{\"@type\":\"WebPage\",\"@id\":\"https:\\\/\\\/tene.ee\\\/sk\\\/toode\\\/zahradny-dom-firenze-c-70\\\/\",\"url\":\"https:\\\/\\\/tene.ee\\\/sk\\\/toode\\\/zahradny-dom-firenze-c-70\\\/\",\"name\":\"Tene.ee - Z\u00c3\u0192\u00c2\u00a1hradn\u00c3\u0192\u00c2\u00bd dom Firenze C 70\",\"isPartOf\":{\"@id\":\"https:\\\/\\\/tene.ee\\\/sk\\\/#website\"},\"primaryImageOfPage\":{\"@id\":\"https:\\\/\\\/tene.ee\\\/sk\\\/toode\\\/zahradny-dom-firenze-c-70\\\/#primaryimage\"},\"image\":{\"@id\":\"https:\\\/\\\/tene.ee\\\/sk\\\/toode\\\/zahradny-dom-firenze-c-70\\\/#primaryimage\"},\"thumbnailUrl\":\"https:\\\/\\\/tene.ee\\\/wp-content\\\/uploads\\\/2024\\\/11\\\/FirenzeC.jpg\",\"datePublished\":\"2024-11-13T12:23:25+00:00\",\"description\":\"Tene.ee Z\u00c3\u0192\u00c2\u00a1hradn\u00c3\u0192\u00c2\u00bd dom Firenze C 70\",\"breadcrumb\":{\"@id\":\"https:\\\/\\\/tene.ee\\\/sk\\\/toode\\\/zahradny-dom-firenze-c-70\\\/#breadcrumb\"},\"inLanguage\":\"sk-SK\",\"potentialAction\":[{\"@type\":\"ReadAction\",\"target\":[\"https:\\\/\\\/tene.ee\\\/sk\\\/toode\\\/zahradny-dom-firenze-c-70\\\/\"]}]},{\"@type\":\"ImageObject\",\"inLanguage\":\"sk-SK\",\"@id\":\"https:\\\/\\\/tene.ee\\\/sk\\\/toode\\\/zahradny-dom-firenze-c-70\\\/#primaryimage\",\"url\":\"https:\\\/\\\/tene.ee\\\/wp-content\\\/uploads\\\/2024\\\/11\\\/FirenzeC.jpg\",\"contentUrl\":\"https:\\\/\\\/tene.ee\\\/wp-content\\\/uploads\\\/2024\\\/11\\\/FirenzeC.jpg\",\"width\":2500,\"height\":1667},{\"@type\":\"BreadcrumbList\",\"@id\":\"https:\\\/\\\/tene.ee\\\/sk\\\/toode\\\/zahradny-dom-firenze-c-70\\\/#breadcrumb\",\"itemListElement\":[{\"@type\":\"ListItem\",\"position\":1,\"name\":\"Avaleht\",\"item\":\"http:\\\/\\\/tene.ee\\\/sk\\\/\"},{\"@type\":\"ListItem\",\"position\":2,\"name\":\"V\u0161etky produkty\",\"item\":\"http:\\\/\\\/tene.ee\\\/sk\\\/shop\\\/\"},{\"@type\":\"ListItem\",\"position\":3,\"name\":\"Z\u00c3\u0192\u00c2\u00a1hradn\u00c3\u0192\u00c2\u00bd dom Firenze C 70\"}]},{\"@type\":\"WebSite\",\"@id\":\"https:\\\/\\\/tene.ee\\\/sk\\\/#website\",\"url\":\"https:\\\/\\\/tene.ee\\\/sk\\\/\",\"name\":\"Tene.ee - Kaunite hetkede jaoks sinu aias\",\"description\":\"Tene.ee - parimad puit- ja aiamajad otse tootjalt\",\"publisher\":{\"@id\":\"https:\\\/\\\/tene.ee\\\/sk\\\/#organization\"},\"alternateName\":\"Tene.ee\",\"potentialAction\":[{\"@type\":\"SearchAction\",\"target\":{\"@type\":\"EntryPoint\",\"urlTemplate\":\"https:\\\/\\\/tene.ee\\\/sk\\\/?s={search_term_string}\"},\"query-input\":{\"@type\":\"PropertyValueSpecification\",\"valueRequired\":true,\"valueName\":\"search_term_string\"}}],\"inLanguage\":\"sk-SK\"},{\"@type\":\"Organization\",\"@id\":\"https:\\\/\\\/tene.ee\\\/sk\\\/#organization\",\"name\":\"Tene.ee\",\"url\":\"https:\\\/\\\/tene.ee\\\/sk\\\/\",\"logo\":{\"@type\":\"ImageObject\",\"inLanguage\":\"sk-SK\",\"@id\":\"https:\\\/\\\/tene.ee\\\/sk\\\/#\\\/schema\\\/logo\\\/image\\\/\",\"url\":\"https:\\\/\\\/tene.ee\\\/wp-content\\\/uploads\\\/2024\\\/12\\\/TENE-logo-2018-2.png\",\"contentUrl\":\"https:\\\/\\\/tene.ee\\\/wp-content\\\/uploads\\\/2024\\\/12\\\/TENE-logo-2018-2.png\",\"width\":2339,\"height\":1654,\"caption\":\"Tene.ee\"},\"image\":{\"@id\":\"https:\\\/\\\/tene.ee\\\/sk\\\/#\\\/schema\\\/logo\\\/image\\\/\"},\"sameAs\":[\"https:\\\/\\\/www.facebook.com\\\/teneaiamajad\"]}]}<\/script>\n<!-- \/ Yoast SEO plugin. -->","yoast_head_json":{"title":"Tene.ee - Z\u00c3\u0192\u00c2\u00a1hradn\u00c3\u0192\u00c2\u00bd dom Firenze C 70","description":"Tene.ee Z\u00c3\u0192\u00c2\u00a1hradn\u00c3\u0192\u00c2\u00bd dom Firenze C 70","robots":{"index":"index","follow":"follow","max-snippet":"max-snippet:-1","max-image-preview":"max-image-preview:large","max-video-preview":"max-video-preview:-1"},"canonical":"https:\/\/tene.ee\/sk\/toode\/zahradny-dom-firenze-c-70\/","og_locale":"sk_SK","og_type":"article","og_title":"Tene.ee - Z\u00c3\u0192\u00c2\u00a1hradn\u00c3\u0192\u00c2\u00bd dom Firenze C 70","og_description":"Tene.ee Z\u00c3\u0192\u00c2\u00a1hradn\u00c3\u0192\u00c2\u00bd dom Firenze C 70","og_url":"https:\/\/tene.ee\/sk\/toode\/zahradny-dom-firenze-c-70\/","og_site_name":"Tene.ee","article_publisher":"https:\/\/www.facebook.com\/teneaiamajad","og_image":[{"width":1024,"height":683,"url":"https:\/\/tene.ee\/wp-content\/uploads\/2024\/11\/FirenzeC-1024x683.jpg","type":"image\/jpeg"}],"twitter_card":"summary_large_image","twitter_misc":{"Predpokladan\u00fd \u010das \u010d\u00edtania":"1 min\u00fata"},"schema":{"@context":"https:\/\/schema.org","@graph":[{"@type":"WebPage","@id":"https:\/\/tene.ee\/sk\/toode\/zahradny-dom-firenze-c-70\/","url":"https:\/\/tene.ee\/sk\/toode\/zahradny-dom-firenze-c-70\/","name":"Tene.ee - Z\u00c3\u0192\u00c2\u00a1hradn\u00c3\u0192\u00c2\u00bd dom Firenze C 70","isPartOf":{"@id":"https:\/\/tene.ee\/sk\/#website"},"primaryImageOfPage":{"@id":"https:\/\/tene.ee\/sk\/toode\/zahradny-dom-firenze-c-70\/#primaryimage"},"image":{"@id":"https:\/\/tene.ee\/sk\/toode\/zahradny-dom-firenze-c-70\/#primaryimage"},"thumbnailUrl":"https:\/\/tene.ee\/wp-content\/uploads\/2024\/11\/FirenzeC.jpg","datePublished":"2024-11-13T12:23:25+00:00","description":"Tene.ee Z\u00c3\u0192\u00c2\u00a1hradn\u00c3\u0192\u00c2\u00bd dom Firenze C 70","breadcrumb":{"@id":"https:\/\/tene.ee\/sk\/toode\/zahradny-dom-firenze-c-70\/#breadcrumb"},"inLanguage":"sk-SK","potentialAction":[{"@type":"ReadAction","target":["https:\/\/tene.ee\/sk\/toode\/zahradny-dom-firenze-c-70\/"]}]},{"@type":"ImageObject","inLanguage":"sk-SK","@id":"https:\/\/tene.ee\/sk\/toode\/zahradny-dom-firenze-c-70\/#primaryimage","url":"https:\/\/tene.ee\/wp-content\/uploads\/2024\/11\/FirenzeC.jpg","contentUrl":"https:\/\/tene.ee\/wp-content\/uploads\/2024\/11\/FirenzeC.jpg","width":2500,"height":1667},{"@type":"BreadcrumbList","@id":"https:\/\/tene.ee\/sk\/toode\/zahradny-dom-firenze-c-70\/#breadcrumb","itemListElement":[{"@type":"ListItem","position":1,"name":"Avaleht","item":"http:\/\/tene.ee\/sk\/"},{"@type":"ListItem","position":2,"name":"V\u0161etky produkty","item":"http:\/\/tene.ee\/sk\/shop\/"},{"@type":"ListItem","position":3,"name":"Z\u00c3\u0192\u00c2\u00a1hradn\u00c3\u0192\u00c2\u00bd dom Firenze C 70"}]},{"@type":"WebSite","@id":"https:\/\/tene.ee\/sk\/#website","url":"https:\/\/tene.ee\/sk\/","name":"Tene.ee - Kaunite hetkede jaoks sinu aias","description":"Tene.ee - parimad puit- ja aiamajad otse tootjalt","publisher":{"@id":"https:\/\/tene.ee\/sk\/#organization"},"alternateName":"Tene.ee","potentialAction":[{"@type":"SearchAction","target":{"@type":"EntryPoint","urlTemplate":"https:\/\/tene.ee\/sk\/?s={search_term_string}"},"query-input":{"@type":"PropertyValueSpecification","valueRequired":true,"valueName":"search_term_string"}}],"inLanguage":"sk-SK"},{"@type":"Organization","@id":"https:\/\/tene.ee\/sk\/#organization","name":"Tene.ee","url":"https:\/\/tene.ee\/sk\/","logo":{"@type":"ImageObject","inLanguage":"sk-SK","@id":"https:\/\/tene.ee\/sk\/#\/schema\/logo\/image\/","url":"https:\/\/tene.ee\/wp-content\/uploads\/2024\/12\/TENE-logo-2018-2.png","contentUrl":"https:\/\/tene.ee\/wp-content\/uploads\/2024\/12\/TENE-logo-2018-2.png","width":2339,"height":1654,"caption":"Tene.ee"},"image":{"@id":"https:\/\/tene.ee\/sk\/#\/schema\/logo\/image\/"},"sameAs":["https:\/\/www.facebook.com\/teneaiamajad"]}]}},"_links":{"self":[{"href":"https:\/\/tene.ee\/sk\/wp-json\/wp\/v2\/product\/65776","targetHints":{"allow":["GET"]}}],"collection":[{"href":"https:\/\/tene.ee\/sk\/wp-json\/wp\/v2\/product"}],"about":[{"href":"https:\/\/tene.ee\/sk\/wp-json\/wp\/v2\/types\/product"}],"wp:featuredmedia":[{"embeddable":true,"href":"https:\/\/tene.ee\/sk\/wp-json\/wp\/v2\/media\/65737"}],"wp:attachment":[{"href":"https:\/\/tene.ee\/sk\/wp-json\/wp\/v2\/media?parent=65776"}],"wp:term":[{"taxonomy":"product_brand","embeddable":true,"href":"https:\/\/tene.ee\/sk\/wp-json\/wp\/v2\/product_brand?post=65776"},{"taxonomy":"product_cat","embeddable":true,"href":"https:\/\/tene.ee\/sk\/wp-json\/wp\/v2\/product_cat?post=65776"},{"taxonomy":"product_tag","embeddable":true,"href":"https:\/\/tene.ee\/sk\/wp-json\/wp\/v2\/product_tag?post=65776"}],"curies":[{"name":"wp","href":"https:\/\/api.w.org\/{rel}","templated":true}]}}