{"id":65686,"date":"2024-11-13T13:08:32","date_gmt":"2024-11-13T11:08:32","guid":{"rendered":"https:\/\/tene.ee\/toode\/zahradny-domcek-firenza-a-70mm\/"},"modified":"2024-11-13T13:08:32","modified_gmt":"2024-11-13T11:08:32","slug":"zahradny-domcek-firenza-a-70mm","status":"publish","type":"product","link":"https:\/\/tene.ee\/sk\/toode\/zahradny-domcek-firenza-a-70mm\/","title":{"rendered":"Z\u00c3\u0192\u00c2\u00a1hradn\u00c3\u0192\u00c2\u00bd dom\u00c3\u201e\u00c2\u008dek firenza A 70mm"},"content":{"rendered":"<p>Sada 70 mm z\u00c3\u0192\u00c2\u00a1hradn\u00c3\u0192\u00c2\u00bdch dom\u00c3\u201e\u00c2\u008dekov, zrubov\u00c3\u0192\u00c2\u00bdch dom\u00c3\u201e\u00c2\u008dekov, pr\u00c3\u0192\u00c2\u00adstre\u00c3\u2026\u00c2\u00a1kov, alt\u00c3\u0192\u00c2\u00a1nkov, s\u00c3\u0192\u00c2\u00a1un, letn\u00c3\u0192\u00c2\u00bdch dom\u00c3\u201e\u00c2\u008dekov, pr\u00c3\u0192\u00c2\u00adstre\u00c3\u2026\u00c2\u00a1kov na grilovanie a dreven\u00c3\u0192\u00c2\u00bdch gar\u00c3\u0192\u00c2\u00a1\u00c3\u2026\u00c2\u00be\u00c3\u0192\u00c2\u00ad z produkcie tov\u00c3\u0192\u00c2\u00a1rne na z\u00c3\u0192\u00c2\u00a1hradn\u00c3\u0192\u00c2\u00a9 a dreven\u00c3\u0192\u00c2\u00a9 dom\u00c3\u201e\u00c2\u008deky Tene obsahuje dvere, okn\u00c3\u0192\u00c2\u00a1, podlahu, upev\u00c3\u2026\u00cb\u2020ovacie prvky a n\u00c3\u0192\u00c2\u00a1vod na mont\u00c3\u0192\u00c2\u00a1\u00c3\u2026\u00c2\u00be, v\u00c3\u201e\u00c2\u008faka ktor\u00c3\u0192\u00c2\u00bdm je stavba z\u00c3\u0192\u00c2\u00a1hradn\u00c3\u0192\u00c2\u00bd dom\u00c3\u201e\u00c2\u008dek jednoduch\u00c3\u0192\u00c2\u00bd a zaberie m\u00c3\u0192\u00c2\u00a1lo \u00c3\u201e\u00c2\u008dasu.<\/p>\n<p>Zostava z\u00c3\u0192\u00c2\u00a1hradn\u00c3\u0192\u00c2\u00a9ho dom\u00c3\u201e\u00c2\u008deka TENE s hr\u00c3\u0192\u00c2\u00babkou steny 70 mm pod\u00c3\u201e\u00c2\u00bea n\u00c3\u0192\u00c2\u00a1kresu produktu obsahuje:<\/p>\n<p>Pou\u00c3\u2026\u00c2\u00beit\u00c3\u0192\u00c2\u00a9 drevo je 100% kvalitn\u00c3\u0192\u00c2\u00bd seversk\u00c3\u0192\u00c2\u00bd smrek<br \/>\nDvere a okn\u00c3\u0192\u00c2\u00a1 vyroben\u00c3\u0192\u00c2\u00a9 zo \u00c3\u2026\u00c2\u00a1peci\u00c3\u0192\u00c2\u00a1lneho such\u00c3\u0192\u00c2\u00a9ho lepen\u00c3\u0192\u00c2\u00a9ho dreva (8%-12%).<br \/>\nObojstrann\u00c3\u0192\u00c2\u00a9 okno so sklenen\u00c3\u0192\u00c2\u00bdm obalom<br \/>\nDvojit\u00c3\u0192\u00c2\u00a9 dvere so sklenen\u00c3\u0192\u00c2\u00bdm balen\u00c3\u0192\u00c2\u00adm, vr\u00c3\u0192\u00c2\u00a1tane kovania<br \/>\nStrop z profilovej dosky hr\u00c3\u0192\u00c2\u00babky 18 mm<br \/>\nPrahov\u00c3\u0192\u00c2\u00a1 doska vyroben\u00c3\u0192\u00c2\u00a1 z nehrdzavej\u00c3\u0192\u00c2\u00bacej ocele<br \/>\nZ\u00c3\u0192\u00c2\u00a1vitov\u00c3\u0192\u00c2\u00a9 li\u00c3\u2026\u00c2\u00a1ty<br \/>\nAutokl\u00c3\u0192\u00c2\u00a1vovan\u00c3\u0192\u00c2\u00a9 dreven\u00c3\u0192\u00c2\u00a9 z\u00c3\u0192\u00c2\u00a1kladov\u00c3\u0192\u00c2\u00a9 bloky<br \/>\nSpojovacie prvky (klince a skrutky)<br \/>\nN\u00c3\u0192\u00c2\u00a1vod na in\u00c3\u2026\u00c2\u00a1tal\u00c3\u0192\u00c2\u00a1ciu<br \/>\nCeny s\u00c3\u0192\u00c2\u00ba platn\u00c3\u0192\u00c2\u00a9 vo v\u00c3\u0192\u00c2\u00bdrobnom sklade Tene a zah\u00c3\u2026\u00e2\u20ac\u00a2\u00c3\u2026\u00cb\u2020aj\u00c3\u0192\u00c2\u00ba DPH. Ceny nezah\u00c3\u2026\u00e2\u20ac\u00a2\u00c3\u2026\u00cb\u2020aj\u00c3\u0192\u00c2\u00ba dopravu produktu.<\/p>\n","protected":false},"excerpt":{"rendered":"<p>V cene s\u00c3\u0192\u00c2\u00ba dvojkr\u00c3\u0192\u00c2\u00addlov\u00c3\u0192\u00c2\u00a9 dvere s dvojsklom a okno s dvojsklom z lepen\u00c3\u0192\u00c2\u00a9ho dreva, prah z nerezu, impregnovan\u00c3\u0192\u00c2\u00a9 z\u00c3\u0192\u00c2\u00a1kladov\u00c3\u0192\u00c2\u00a9 bloky, spojovac\u00c3\u0192\u00c2\u00ad materi\u00c3\u0192\u00c2\u00a1l a n\u00c3\u0192\u00c2\u00a1vod na mont\u00c3\u0192\u00c2\u00a1\u00c3\u2026\u00c2\u00be. Cena nezah\u00c3\u2026\u00e2\u20ac\u00a2\u00c3\u2026\u00cb\u2020a dopravu a stre\u00c3\u2026\u00c2\u00a1n\u00c3\u0192\u00c2\u00ba krytinu.<\/p>\n","protected":false},"featured_media":72683,"template":"","meta":{"_acf_changed":false},"product_brand":[],"product_cat":[587,554,557],"product_tag":[],"class_list":{"0":"post-65686","1":"product","2":"type-product","3":"status-publish","4":"has-post-thumbnail","6":"product_cat-nove-produkty-sk","7":"product_cat-zahradne-domceky","8":"product_cat-zahradne-domceky-70-mm","9":"product_shipping_class-0e-sk","11":"first","12":"onbackorder","13":"sale","14":"taxable","15":"shipping-taxable","16":"purchasable","17":"product-type-variable","18":"has-default-attributes"},"acf":[],"yoast_head":"<!-- This site is optimized with the Yoast SEO plugin v27.3 - https:\/\/yoast.com\/product\/yoast-seo-wordpress\/ -->\n<title>Tene.ee - Z\u00c3\u0192\u00c2\u00a1hradn\u00c3\u0192\u00c2\u00bd dom\u00c3\u201e\u00c2\u008dek firenza A 70mm<\/title>\n<meta name=\"description\" content=\"Tene.ee Z\u00c3\u0192\u00c2\u00a1hradn\u00c3\u0192\u00c2\u00bd dom\u00c3\u201e\u00c2\u008dek firenza A 70mm\" \/>\n<meta name=\"robots\" content=\"index, follow, max-snippet:-1, max-image-preview:large, max-video-preview:-1\" \/>\n<link rel=\"canonical\" href=\"https:\/\/tene.ee\/sk\/toode\/zahradny-domcek-firenza-a-70mm\/\" \/>\n<meta property=\"og:locale\" content=\"sk_SK\" \/>\n<meta property=\"og:type\" content=\"article\" \/>\n<meta property=\"og:title\" content=\"Tene.ee - Z\u00c3\u0192\u00c2\u00a1hradn\u00c3\u0192\u00c2\u00bd dom\u00c3\u201e\u00c2\u008dek firenza A 70mm\" \/>\n<meta property=\"og:description\" content=\"Tene.ee Z\u00c3\u0192\u00c2\u00a1hradn\u00c3\u0192\u00c2\u00bd dom\u00c3\u201e\u00c2\u008dek firenza A 70mm\" \/>\n<meta property=\"og:url\" content=\"https:\/\/tene.ee\/sk\/toode\/zahradny-domcek-firenza-a-70mm\/\" \/>\n<meta property=\"og:site_name\" content=\"Tene.ee\" \/>\n<meta property=\"article:publisher\" content=\"https:\/\/www.facebook.com\/teneaiamajad\" \/>\n<meta property=\"og:image\" content=\"https:\/\/tene.ee\/wp-content\/uploads\/2024\/11\/FirenzeA-1024x683.jpg\" \/>\n\t<meta property=\"og:image:width\" content=\"1024\" \/>\n\t<meta property=\"og:image:height\" content=\"683\" \/>\n\t<meta property=\"og:image:type\" content=\"image\/jpeg\" \/>\n<meta name=\"twitter:card\" content=\"summary_large_image\" \/>\n<meta name=\"twitter:label1\" content=\"Predpokladan\u00fd \u010das \u010d\u00edtania\" \/>\n\t<meta name=\"twitter:data1\" content=\"1 min\u00fata\" \/>\n<script type=\"application\/ld+json\" class=\"yoast-schema-graph\">{\"@context\":\"https:\\\/\\\/schema.org\",\"@graph\":[{\"@type\":\"WebPage\",\"@id\":\"https:\\\/\\\/tene.ee\\\/sk\\\/toode\\\/zahradny-domcek-firenza-a-70mm\\\/\",\"url\":\"https:\\\/\\\/tene.ee\\\/sk\\\/toode\\\/zahradny-domcek-firenza-a-70mm\\\/\",\"name\":\"Tene.ee - Z\u00c3\u0192\u00c2\u00a1hradn\u00c3\u0192\u00c2\u00bd dom\u00c3\u201e\u00c2\u008dek firenza A 70mm\",\"isPartOf\":{\"@id\":\"https:\\\/\\\/tene.ee\\\/sk\\\/#website\"},\"primaryImageOfPage\":{\"@id\":\"https:\\\/\\\/tene.ee\\\/sk\\\/toode\\\/zahradny-domcek-firenza-a-70mm\\\/#primaryimage\"},\"image\":{\"@id\":\"https:\\\/\\\/tene.ee\\\/sk\\\/toode\\\/zahradny-domcek-firenza-a-70mm\\\/#primaryimage\"},\"thumbnailUrl\":\"https:\\\/\\\/tene.ee\\\/wp-content\\\/uploads\\\/2024\\\/11\\\/FirenzeA.jpg\",\"datePublished\":\"2024-11-13T11:08:32+00:00\",\"description\":\"Tene.ee Z\u00c3\u0192\u00c2\u00a1hradn\u00c3\u0192\u00c2\u00bd dom\u00c3\u201e\u00c2\u008dek firenza A 70mm\",\"breadcrumb\":{\"@id\":\"https:\\\/\\\/tene.ee\\\/sk\\\/toode\\\/zahradny-domcek-firenza-a-70mm\\\/#breadcrumb\"},\"inLanguage\":\"sk-SK\",\"potentialAction\":[{\"@type\":\"ReadAction\",\"target\":[\"https:\\\/\\\/tene.ee\\\/sk\\\/toode\\\/zahradny-domcek-firenza-a-70mm\\\/\"]}]},{\"@type\":\"ImageObject\",\"inLanguage\":\"sk-SK\",\"@id\":\"https:\\\/\\\/tene.ee\\\/sk\\\/toode\\\/zahradny-domcek-firenza-a-70mm\\\/#primaryimage\",\"url\":\"https:\\\/\\\/tene.ee\\\/wp-content\\\/uploads\\\/2024\\\/11\\\/FirenzeA.jpg\",\"contentUrl\":\"https:\\\/\\\/tene.ee\\\/wp-content\\\/uploads\\\/2024\\\/11\\\/FirenzeA.jpg\",\"width\":2500,\"height\":1667},{\"@type\":\"BreadcrumbList\",\"@id\":\"https:\\\/\\\/tene.ee\\\/sk\\\/toode\\\/zahradny-domcek-firenza-a-70mm\\\/#breadcrumb\",\"itemListElement\":[{\"@type\":\"ListItem\",\"position\":1,\"name\":\"Avaleht\",\"item\":\"http:\\\/\\\/tene.ee\\\/sk\\\/\"},{\"@type\":\"ListItem\",\"position\":2,\"name\":\"V\u0161etky produkty\",\"item\":\"http:\\\/\\\/tene.ee\\\/sk\\\/shop\\\/\"},{\"@type\":\"ListItem\",\"position\":3,\"name\":\"Z\u00c3\u0192\u00c2\u00a1hradn\u00c3\u0192\u00c2\u00bd dom\u00c3\u201e\u00c2\u008dek firenza A 70mm\"}]},{\"@type\":\"WebSite\",\"@id\":\"https:\\\/\\\/tene.ee\\\/sk\\\/#website\",\"url\":\"https:\\\/\\\/tene.ee\\\/sk\\\/\",\"name\":\"Tene.ee - Kaunite hetkede jaoks sinu aias\",\"description\":\"Tene.ee - parimad puit- ja aiamajad otse tootjalt\",\"publisher\":{\"@id\":\"https:\\\/\\\/tene.ee\\\/sk\\\/#organization\"},\"alternateName\":\"Tene.ee\",\"potentialAction\":[{\"@type\":\"SearchAction\",\"target\":{\"@type\":\"EntryPoint\",\"urlTemplate\":\"https:\\\/\\\/tene.ee\\\/sk\\\/?s={search_term_string}\"},\"query-input\":{\"@type\":\"PropertyValueSpecification\",\"valueRequired\":true,\"valueName\":\"search_term_string\"}}],\"inLanguage\":\"sk-SK\"},{\"@type\":\"Organization\",\"@id\":\"https:\\\/\\\/tene.ee\\\/sk\\\/#organization\",\"name\":\"Tene.ee\",\"url\":\"https:\\\/\\\/tene.ee\\\/sk\\\/\",\"logo\":{\"@type\":\"ImageObject\",\"inLanguage\":\"sk-SK\",\"@id\":\"https:\\\/\\\/tene.ee\\\/sk\\\/#\\\/schema\\\/logo\\\/image\\\/\",\"url\":\"https:\\\/\\\/tene.ee\\\/wp-content\\\/uploads\\\/2024\\\/12\\\/TENE-logo-2018-2.png\",\"contentUrl\":\"https:\\\/\\\/tene.ee\\\/wp-content\\\/uploads\\\/2024\\\/12\\\/TENE-logo-2018-2.png\",\"width\":2339,\"height\":1654,\"caption\":\"Tene.ee\"},\"image\":{\"@id\":\"https:\\\/\\\/tene.ee\\\/sk\\\/#\\\/schema\\\/logo\\\/image\\\/\"},\"sameAs\":[\"https:\\\/\\\/www.facebook.com\\\/teneaiamajad\"]}]}<\/script>\n<!-- \/ Yoast SEO plugin. -->","yoast_head_json":{"title":"Tene.ee - Z\u00c3\u0192\u00c2\u00a1hradn\u00c3\u0192\u00c2\u00bd dom\u00c3\u201e\u00c2\u008dek firenza A 70mm","description":"Tene.ee Z\u00c3\u0192\u00c2\u00a1hradn\u00c3\u0192\u00c2\u00bd dom\u00c3\u201e\u00c2\u008dek firenza A 70mm","robots":{"index":"index","follow":"follow","max-snippet":"max-snippet:-1","max-image-preview":"max-image-preview:large","max-video-preview":"max-video-preview:-1"},"canonical":"https:\/\/tene.ee\/sk\/toode\/zahradny-domcek-firenza-a-70mm\/","og_locale":"sk_SK","og_type":"article","og_title":"Tene.ee - Z\u00c3\u0192\u00c2\u00a1hradn\u00c3\u0192\u00c2\u00bd dom\u00c3\u201e\u00c2\u008dek firenza A 70mm","og_description":"Tene.ee Z\u00c3\u0192\u00c2\u00a1hradn\u00c3\u0192\u00c2\u00bd dom\u00c3\u201e\u00c2\u008dek firenza A 70mm","og_url":"https:\/\/tene.ee\/sk\/toode\/zahradny-domcek-firenza-a-70mm\/","og_site_name":"Tene.ee","article_publisher":"https:\/\/www.facebook.com\/teneaiamajad","og_image":[{"width":1024,"height":683,"url":"https:\/\/tene.ee\/wp-content\/uploads\/2024\/11\/FirenzeA-1024x683.jpg","type":"image\/jpeg"}],"twitter_card":"summary_large_image","twitter_misc":{"Predpokladan\u00fd \u010das \u010d\u00edtania":"1 min\u00fata"},"schema":{"@context":"https:\/\/schema.org","@graph":[{"@type":"WebPage","@id":"https:\/\/tene.ee\/sk\/toode\/zahradny-domcek-firenza-a-70mm\/","url":"https:\/\/tene.ee\/sk\/toode\/zahradny-domcek-firenza-a-70mm\/","name":"Tene.ee - Z\u00c3\u0192\u00c2\u00a1hradn\u00c3\u0192\u00c2\u00bd dom\u00c3\u201e\u00c2\u008dek firenza A 70mm","isPartOf":{"@id":"https:\/\/tene.ee\/sk\/#website"},"primaryImageOfPage":{"@id":"https:\/\/tene.ee\/sk\/toode\/zahradny-domcek-firenza-a-70mm\/#primaryimage"},"image":{"@id":"https:\/\/tene.ee\/sk\/toode\/zahradny-domcek-firenza-a-70mm\/#primaryimage"},"thumbnailUrl":"https:\/\/tene.ee\/wp-content\/uploads\/2024\/11\/FirenzeA.jpg","datePublished":"2024-11-13T11:08:32+00:00","description":"Tene.ee Z\u00c3\u0192\u00c2\u00a1hradn\u00c3\u0192\u00c2\u00bd dom\u00c3\u201e\u00c2\u008dek firenza A 70mm","breadcrumb":{"@id":"https:\/\/tene.ee\/sk\/toode\/zahradny-domcek-firenza-a-70mm\/#breadcrumb"},"inLanguage":"sk-SK","potentialAction":[{"@type":"ReadAction","target":["https:\/\/tene.ee\/sk\/toode\/zahradny-domcek-firenza-a-70mm\/"]}]},{"@type":"ImageObject","inLanguage":"sk-SK","@id":"https:\/\/tene.ee\/sk\/toode\/zahradny-domcek-firenza-a-70mm\/#primaryimage","url":"https:\/\/tene.ee\/wp-content\/uploads\/2024\/11\/FirenzeA.jpg","contentUrl":"https:\/\/tene.ee\/wp-content\/uploads\/2024\/11\/FirenzeA.jpg","width":2500,"height":1667},{"@type":"BreadcrumbList","@id":"https:\/\/tene.ee\/sk\/toode\/zahradny-domcek-firenza-a-70mm\/#breadcrumb","itemListElement":[{"@type":"ListItem","position":1,"name":"Avaleht","item":"http:\/\/tene.ee\/sk\/"},{"@type":"ListItem","position":2,"name":"V\u0161etky produkty","item":"http:\/\/tene.ee\/sk\/shop\/"},{"@type":"ListItem","position":3,"name":"Z\u00c3\u0192\u00c2\u00a1hradn\u00c3\u0192\u00c2\u00bd dom\u00c3\u201e\u00c2\u008dek firenza A 70mm"}]},{"@type":"WebSite","@id":"https:\/\/tene.ee\/sk\/#website","url":"https:\/\/tene.ee\/sk\/","name":"Tene.ee - Kaunite hetkede jaoks sinu aias","description":"Tene.ee - parimad puit- ja aiamajad otse tootjalt","publisher":{"@id":"https:\/\/tene.ee\/sk\/#organization"},"alternateName":"Tene.ee","potentialAction":[{"@type":"SearchAction","target":{"@type":"EntryPoint","urlTemplate":"https:\/\/tene.ee\/sk\/?s={search_term_string}"},"query-input":{"@type":"PropertyValueSpecification","valueRequired":true,"valueName":"search_term_string"}}],"inLanguage":"sk-SK"},{"@type":"Organization","@id":"https:\/\/tene.ee\/sk\/#organization","name":"Tene.ee","url":"https:\/\/tene.ee\/sk\/","logo":{"@type":"ImageObject","inLanguage":"sk-SK","@id":"https:\/\/tene.ee\/sk\/#\/schema\/logo\/image\/","url":"https:\/\/tene.ee\/wp-content\/uploads\/2024\/12\/TENE-logo-2018-2.png","contentUrl":"https:\/\/tene.ee\/wp-content\/uploads\/2024\/12\/TENE-logo-2018-2.png","width":2339,"height":1654,"caption":"Tene.ee"},"image":{"@id":"https:\/\/tene.ee\/sk\/#\/schema\/logo\/image\/"},"sameAs":["https:\/\/www.facebook.com\/teneaiamajad"]}]}},"_links":{"self":[{"href":"https:\/\/tene.ee\/sk\/wp-json\/wp\/v2\/product\/65686","targetHints":{"allow":["GET"]}}],"collection":[{"href":"https:\/\/tene.ee\/sk\/wp-json\/wp\/v2\/product"}],"about":[{"href":"https:\/\/tene.ee\/sk\/wp-json\/wp\/v2\/types\/product"}],"wp:featuredmedia":[{"embeddable":true,"href":"https:\/\/tene.ee\/sk\/wp-json\/wp\/v2\/media\/72683"}],"wp:attachment":[{"href":"https:\/\/tene.ee\/sk\/wp-json\/wp\/v2\/media?parent=65686"}],"wp:term":[{"taxonomy":"product_brand","embeddable":true,"href":"https:\/\/tene.ee\/sk\/wp-json\/wp\/v2\/product_brand?post=65686"},{"taxonomy":"product_cat","embeddable":true,"href":"https:\/\/tene.ee\/sk\/wp-json\/wp\/v2\/product_cat?post=65686"},{"taxonomy":"product_tag","embeddable":true,"href":"https:\/\/tene.ee\/sk\/wp-json\/wp\/v2\/product_tag?post=65686"}],"curies":[{"name":"wp","href":"https:\/\/api.w.org\/{rel}","templated":true}]}}