{"id":64448,"date":"2024-11-12T14:05:50","date_gmt":"2024-11-12T12:05:50","guid":{"rendered":"https:\/\/tene.ee\/toode\/dreveny-pristresok-daisy-16m2\/"},"modified":"2024-11-28T11:28:58","modified_gmt":"2024-11-28T09:28:58","slug":"dreveny-pristresok-daisy-16m2","status":"publish","type":"product","link":"https:\/\/tene.ee\/sk\/toode\/dreveny-pristresok-daisy-16m2\/","title":{"rendered":"Dreven\u00fd pr\u00edstre\u0161ok Daisy 16m2"},"content":{"rendered":"<p>Sada dreven\u00fdch pr\u00edstre\u0161kov Daisy 16m2 obsahuje: stenu 40 x 143 mm krokvy 40 x 143 mm odkvapy a koncov\u00e9 dosky 40 x 143 mm vetracie medzery \u0161\u00edrka prednej steny 4000 mm (d\u013a\u017eka steny dosky 4180 mm) d\u013a\u017eka bo\u010dnej steny 4000 mm (d\u013a\u017eka dosky steny 4180 mm) v\u00fd\u0161ka bo\u010dnej steny 1720 mm hrebe\u0148 strechy 2830 mmd\u013a\u017eka hrebe\u0148a strechy 4800 mm2 x obojstrann\u00e9 dvere 1518 x 1650 mm upev\u0148ovacie prvky strecha 18 mm hrub\u00e1 profilov\u00e1 doska S\u00faprava pr\u00edstre\u0161ku tenen s podlahou obsahuje: impregnovan\u00e9 fo\u0161ne 45 x 70 mm nehob\u013eovan\u00e9 fo\u0161ne 32 x 125 mmCeny s\u00fa platn\u00e9 v sklade z\u00e1vodu Tene a vr\u00e1tane DPH. Ceny nezah\u0155\u0148aj\u00fa dopravu produktu.<\/p>\n","protected":false},"excerpt":{"rendered":"<p>Daisy, \u013eahko zostavite\u013en\u00e1 drevenica so stup\u0148ovit\u00fdmi stenami, je dokonal\u00fdm miestom na uskladnenie palivov\u00e9ho dreva a z\u00e1hradn\u00e9ho n\u00e1radia, ktor\u00e9 sa nehod\u00ed alebo nehod\u00ed do obytn\u00fdch priestorov. Dreven\u00e1 k\u00f4l\u0148a Daisy je dostupn\u00e1 v nieko\u013ek\u00fdch r\u00f4znych ve\u013ekostiach &#8211; sta\u010d\u00ed si vybra\u0165 t\u00fa, ktor\u00e1 v\u00e1m najviac vyhovuje! V cene s\u00fa zahrnut\u00e9 dreven\u00e9 dvere pr\u00edstre\u0161ku, spojovac\u00ed materi\u00e1l a technick\u00fd v\u00fdkres.<br \/>\nCena nezah\u0155\u0148a dopravu a stre\u0161n\u00fd materi\u00e1l.<\/p>\n","protected":false},"featured_media":64070,"template":"","meta":{"_acf_changed":false},"product_brand":[],"product_cat":[561],"product_tag":[],"class_list":{"0":"post-64448","1":"product","2":"type-product","3":"status-publish","4":"has-post-thumbnail","6":"product_cat-drevenice","7":"product_shipping_class-390e-sk-2","9":"first","10":"onbackorder","11":"sale","12":"purchasable","13":"product-type-variable","14":"has-default-attributes"},"acf":[],"yoast_head":"<!-- This site is optimized with the Yoast SEO plugin v27.3 - https:\/\/yoast.com\/product\/yoast-seo-wordpress\/ -->\n<title>Tene.ee - Dreven\u00fd pr\u00edstre\u0161ok Daisy 16m2<\/title>\n<meta name=\"description\" content=\"Tene.ee Dreven\u00fd pr\u00edstre\u0161ok Daisy 16m2\" \/>\n<meta name=\"robots\" content=\"index, follow, max-snippet:-1, max-image-preview:large, max-video-preview:-1\" \/>\n<link rel=\"canonical\" href=\"https:\/\/tene.ee\/sk\/toode\/dreveny-pristresok-daisy-16m2\/\" \/>\n<meta property=\"og:locale\" content=\"sk_SK\" \/>\n<meta property=\"og:type\" content=\"article\" \/>\n<meta property=\"og:title\" content=\"Tene.ee - Dreven\u00fd pr\u00edstre\u0161ok Daisy 16m2\" \/>\n<meta property=\"og:description\" content=\"Tene.ee Dreven\u00fd pr\u00edstre\u0161ok Daisy 16m2\" \/>\n<meta property=\"og:url\" content=\"https:\/\/tene.ee\/sk\/toode\/dreveny-pristresok-daisy-16m2\/\" \/>\n<meta property=\"og:site_name\" content=\"Tene.ee\" \/>\n<meta property=\"article:publisher\" content=\"https:\/\/www.facebook.com\/teneaiamajad\" \/>\n<meta property=\"article:modified_time\" content=\"2024-11-28T09:28:58+00:00\" \/>\n<meta property=\"og:image\" content=\"https:\/\/tene.ee\/wp-content\/uploads\/2024\/11\/Daisy_20A-1024x683.jpg\" \/>\n\t<meta property=\"og:image:width\" content=\"1024\" \/>\n\t<meta property=\"og:image:height\" content=\"683\" \/>\n\t<meta property=\"og:image:type\" content=\"image\/jpeg\" \/>\n<meta name=\"twitter:card\" content=\"summary_large_image\" \/>\n<meta name=\"twitter:label1\" content=\"Predpokladan\u00fd \u010das \u010d\u00edtania\" \/>\n\t<meta name=\"twitter:data1\" content=\"1 min\u00fata\" \/>\n<script type=\"application\/ld+json\" class=\"yoast-schema-graph\">{\"@context\":\"https:\\\/\\\/schema.org\",\"@graph\":[{\"@type\":\"WebPage\",\"@id\":\"https:\\\/\\\/tene.ee\\\/sk\\\/toode\\\/dreveny-pristresok-daisy-16m2\\\/\",\"url\":\"https:\\\/\\\/tene.ee\\\/sk\\\/toode\\\/dreveny-pristresok-daisy-16m2\\\/\",\"name\":\"Tene.ee - Dreven\u00fd pr\u00edstre\u0161ok Daisy 16m2\",\"isPartOf\":{\"@id\":\"https:\\\/\\\/tene.ee\\\/sk\\\/#website\"},\"primaryImageOfPage\":{\"@id\":\"https:\\\/\\\/tene.ee\\\/sk\\\/toode\\\/dreveny-pristresok-daisy-16m2\\\/#primaryimage\"},\"image\":{\"@id\":\"https:\\\/\\\/tene.ee\\\/sk\\\/toode\\\/dreveny-pristresok-daisy-16m2\\\/#primaryimage\"},\"thumbnailUrl\":\"https:\\\/\\\/tene.ee\\\/wp-content\\\/uploads\\\/2024\\\/11\\\/Daisy_20A.jpg\",\"datePublished\":\"2024-11-12T12:05:50+00:00\",\"dateModified\":\"2024-11-28T09:28:58+00:00\",\"description\":\"Tene.ee Dreven\u00fd pr\u00edstre\u0161ok Daisy 16m2\",\"breadcrumb\":{\"@id\":\"https:\\\/\\\/tene.ee\\\/sk\\\/toode\\\/dreveny-pristresok-daisy-16m2\\\/#breadcrumb\"},\"inLanguage\":\"sk-SK\",\"potentialAction\":[{\"@type\":\"ReadAction\",\"target\":[\"https:\\\/\\\/tene.ee\\\/sk\\\/toode\\\/dreveny-pristresok-daisy-16m2\\\/\"]}]},{\"@type\":\"ImageObject\",\"inLanguage\":\"sk-SK\",\"@id\":\"https:\\\/\\\/tene.ee\\\/sk\\\/toode\\\/dreveny-pristresok-daisy-16m2\\\/#primaryimage\",\"url\":\"https:\\\/\\\/tene.ee\\\/wp-content\\\/uploads\\\/2024\\\/11\\\/Daisy_20A.jpg\",\"contentUrl\":\"https:\\\/\\\/tene.ee\\\/wp-content\\\/uploads\\\/2024\\\/11\\\/Daisy_20A.jpg\",\"width\":2500,\"height\":1667},{\"@type\":\"BreadcrumbList\",\"@id\":\"https:\\\/\\\/tene.ee\\\/sk\\\/toode\\\/dreveny-pristresok-daisy-16m2\\\/#breadcrumb\",\"itemListElement\":[{\"@type\":\"ListItem\",\"position\":1,\"name\":\"Avaleht\",\"item\":\"http:\\\/\\\/tene.ee\\\/sk\\\/\"},{\"@type\":\"ListItem\",\"position\":2,\"name\":\"V\u0161etky produkty\",\"item\":\"http:\\\/\\\/tene.ee\\\/sk\\\/shop\\\/\"},{\"@type\":\"ListItem\",\"position\":3,\"name\":\"Dreven\u00fd pr\u00edstre\u0161ok Daisy 16m2\"}]},{\"@type\":\"WebSite\",\"@id\":\"https:\\\/\\\/tene.ee\\\/sk\\\/#website\",\"url\":\"https:\\\/\\\/tene.ee\\\/sk\\\/\",\"name\":\"Tene.ee - Kaunite hetkede jaoks sinu aias\",\"description\":\"Tene.ee - parimad puit- ja aiamajad otse tootjalt\",\"publisher\":{\"@id\":\"https:\\\/\\\/tene.ee\\\/sk\\\/#organization\"},\"alternateName\":\"Tene.ee\",\"potentialAction\":[{\"@type\":\"SearchAction\",\"target\":{\"@type\":\"EntryPoint\",\"urlTemplate\":\"https:\\\/\\\/tene.ee\\\/sk\\\/?s={search_term_string}\"},\"query-input\":{\"@type\":\"PropertyValueSpecification\",\"valueRequired\":true,\"valueName\":\"search_term_string\"}}],\"inLanguage\":\"sk-SK\"},{\"@type\":\"Organization\",\"@id\":\"https:\\\/\\\/tene.ee\\\/sk\\\/#organization\",\"name\":\"Tene.ee\",\"url\":\"https:\\\/\\\/tene.ee\\\/sk\\\/\",\"logo\":{\"@type\":\"ImageObject\",\"inLanguage\":\"sk-SK\",\"@id\":\"https:\\\/\\\/tene.ee\\\/sk\\\/#\\\/schema\\\/logo\\\/image\\\/\",\"url\":\"https:\\\/\\\/tene.ee\\\/wp-content\\\/uploads\\\/2024\\\/12\\\/TENE-logo-2018-2.png\",\"contentUrl\":\"https:\\\/\\\/tene.ee\\\/wp-content\\\/uploads\\\/2024\\\/12\\\/TENE-logo-2018-2.png\",\"width\":2339,\"height\":1654,\"caption\":\"Tene.ee\"},\"image\":{\"@id\":\"https:\\\/\\\/tene.ee\\\/sk\\\/#\\\/schema\\\/logo\\\/image\\\/\"},\"sameAs\":[\"https:\\\/\\\/www.facebook.com\\\/teneaiamajad\"]}]}<\/script>\n<!-- \/ Yoast SEO plugin. -->","yoast_head_json":{"title":"Tene.ee - Dreven\u00fd pr\u00edstre\u0161ok Daisy 16m2","description":"Tene.ee Dreven\u00fd pr\u00edstre\u0161ok Daisy 16m2","robots":{"index":"index","follow":"follow","max-snippet":"max-snippet:-1","max-image-preview":"max-image-preview:large","max-video-preview":"max-video-preview:-1"},"canonical":"https:\/\/tene.ee\/sk\/toode\/dreveny-pristresok-daisy-16m2\/","og_locale":"sk_SK","og_type":"article","og_title":"Tene.ee - Dreven\u00fd pr\u00edstre\u0161ok Daisy 16m2","og_description":"Tene.ee Dreven\u00fd pr\u00edstre\u0161ok Daisy 16m2","og_url":"https:\/\/tene.ee\/sk\/toode\/dreveny-pristresok-daisy-16m2\/","og_site_name":"Tene.ee","article_publisher":"https:\/\/www.facebook.com\/teneaiamajad","article_modified_time":"2024-11-28T09:28:58+00:00","og_image":[{"width":1024,"height":683,"url":"https:\/\/tene.ee\/wp-content\/uploads\/2024\/11\/Daisy_20A-1024x683.jpg","type":"image\/jpeg"}],"twitter_card":"summary_large_image","twitter_misc":{"Predpokladan\u00fd \u010das \u010d\u00edtania":"1 min\u00fata"},"schema":{"@context":"https:\/\/schema.org","@graph":[{"@type":"WebPage","@id":"https:\/\/tene.ee\/sk\/toode\/dreveny-pristresok-daisy-16m2\/","url":"https:\/\/tene.ee\/sk\/toode\/dreveny-pristresok-daisy-16m2\/","name":"Tene.ee - Dreven\u00fd pr\u00edstre\u0161ok Daisy 16m2","isPartOf":{"@id":"https:\/\/tene.ee\/sk\/#website"},"primaryImageOfPage":{"@id":"https:\/\/tene.ee\/sk\/toode\/dreveny-pristresok-daisy-16m2\/#primaryimage"},"image":{"@id":"https:\/\/tene.ee\/sk\/toode\/dreveny-pristresok-daisy-16m2\/#primaryimage"},"thumbnailUrl":"https:\/\/tene.ee\/wp-content\/uploads\/2024\/11\/Daisy_20A.jpg","datePublished":"2024-11-12T12:05:50+00:00","dateModified":"2024-11-28T09:28:58+00:00","description":"Tene.ee Dreven\u00fd pr\u00edstre\u0161ok Daisy 16m2","breadcrumb":{"@id":"https:\/\/tene.ee\/sk\/toode\/dreveny-pristresok-daisy-16m2\/#breadcrumb"},"inLanguage":"sk-SK","potentialAction":[{"@type":"ReadAction","target":["https:\/\/tene.ee\/sk\/toode\/dreveny-pristresok-daisy-16m2\/"]}]},{"@type":"ImageObject","inLanguage":"sk-SK","@id":"https:\/\/tene.ee\/sk\/toode\/dreveny-pristresok-daisy-16m2\/#primaryimage","url":"https:\/\/tene.ee\/wp-content\/uploads\/2024\/11\/Daisy_20A.jpg","contentUrl":"https:\/\/tene.ee\/wp-content\/uploads\/2024\/11\/Daisy_20A.jpg","width":2500,"height":1667},{"@type":"BreadcrumbList","@id":"https:\/\/tene.ee\/sk\/toode\/dreveny-pristresok-daisy-16m2\/#breadcrumb","itemListElement":[{"@type":"ListItem","position":1,"name":"Avaleht","item":"http:\/\/tene.ee\/sk\/"},{"@type":"ListItem","position":2,"name":"V\u0161etky produkty","item":"http:\/\/tene.ee\/sk\/shop\/"},{"@type":"ListItem","position":3,"name":"Dreven\u00fd pr\u00edstre\u0161ok Daisy 16m2"}]},{"@type":"WebSite","@id":"https:\/\/tene.ee\/sk\/#website","url":"https:\/\/tene.ee\/sk\/","name":"Tene.ee - Kaunite hetkede jaoks sinu aias","description":"Tene.ee - parimad puit- ja aiamajad otse tootjalt","publisher":{"@id":"https:\/\/tene.ee\/sk\/#organization"},"alternateName":"Tene.ee","potentialAction":[{"@type":"SearchAction","target":{"@type":"EntryPoint","urlTemplate":"https:\/\/tene.ee\/sk\/?s={search_term_string}"},"query-input":{"@type":"PropertyValueSpecification","valueRequired":true,"valueName":"search_term_string"}}],"inLanguage":"sk-SK"},{"@type":"Organization","@id":"https:\/\/tene.ee\/sk\/#organization","name":"Tene.ee","url":"https:\/\/tene.ee\/sk\/","logo":{"@type":"ImageObject","inLanguage":"sk-SK","@id":"https:\/\/tene.ee\/sk\/#\/schema\/logo\/image\/","url":"https:\/\/tene.ee\/wp-content\/uploads\/2024\/12\/TENE-logo-2018-2.png","contentUrl":"https:\/\/tene.ee\/wp-content\/uploads\/2024\/12\/TENE-logo-2018-2.png","width":2339,"height":1654,"caption":"Tene.ee"},"image":{"@id":"https:\/\/tene.ee\/sk\/#\/schema\/logo\/image\/"},"sameAs":["https:\/\/www.facebook.com\/teneaiamajad"]}]}},"_links":{"self":[{"href":"https:\/\/tene.ee\/sk\/wp-json\/wp\/v2\/product\/64448","targetHints":{"allow":["GET"]}}],"collection":[{"href":"https:\/\/tene.ee\/sk\/wp-json\/wp\/v2\/product"}],"about":[{"href":"https:\/\/tene.ee\/sk\/wp-json\/wp\/v2\/types\/product"}],"wp:featuredmedia":[{"embeddable":true,"href":"https:\/\/tene.ee\/sk\/wp-json\/wp\/v2\/media\/64070"}],"wp:attachment":[{"href":"https:\/\/tene.ee\/sk\/wp-json\/wp\/v2\/media?parent=64448"}],"wp:term":[{"taxonomy":"product_brand","embeddable":true,"href":"https:\/\/tene.ee\/sk\/wp-json\/wp\/v2\/product_brand?post=64448"},{"taxonomy":"product_cat","embeddable":true,"href":"https:\/\/tene.ee\/sk\/wp-json\/wp\/v2\/product_cat?post=64448"},{"taxonomy":"product_tag","embeddable":true,"href":"https:\/\/tene.ee\/sk\/wp-json\/wp\/v2\/product_tag?post=64448"}],"curies":[{"name":"wp","href":"https:\/\/api.w.org\/{rel}","templated":true}]}}