{"id":22170,"date":"2024-07-12T14:18:48","date_gmt":"2024-07-12T11:18:48","guid":{"rendered":"https:\/\/tene.ee\/toode\/aiamaja-gotland-b-70-mm-2\/"},"modified":"2024-11-11T11:17:06","modified_gmt":"2024-11-11T09:17:06","slug":"aiamaja-gotland-b-70-mm-2","status":"publish","type":"product","link":"https:\/\/tene.ee\/sk\/toode\/aiamaja-gotland-b-70-mm-2\/","title":{"rendered":"Z\u00c3\u0192\u00c2\u00a1hradn\u00c3\u0192\u00c2\u00bd dom\u00c3\u201e\u00c2\u008dek Gotland B 70 mm"},"content":{"rendered":"<p>Z\u00c3\u0192\u00c2\u00a1hradn\u00c3\u0192\u00c2\u00a9 dom\u00c3\u201e\u00c2\u008deky, zrubov\u00c3\u0192\u00c2\u00a9 dom\u00c3\u201e\u00c2\u008deky, pr\u00c3\u0192\u00c2\u00adstre\u00c3\u2026\u00c2\u00a1ky, pavil\u00c3\u0192\u00c2\u00b3ny, sauny, letn\u00c3\u0192\u00c2\u00a9 dom\u00c3\u201e\u00c2\u008deky, dom\u00c3\u201e\u00c2\u008deky na grilovanie a dreven\u00c3\u0192\u00c2\u00a9 gar\u00c3\u0192\u00c2\u00a1\u00c3\u2026\u00c2\u00bee s hr\u00c3\u0192\u00c2\u00babkou 70 mm vyr\u00c3\u0192\u00c2\u00a1ban\u00c3\u0192\u00c2\u00a9 v spolo\u00c3\u201e\u00c2\u008dnosti Tene na v\u00c3\u0192\u00c2\u00bdrobu z\u00c3\u0192\u00c2\u00a1hradn\u00c3\u0192\u00c2\u00bdch a dreven\u00c3\u0192\u00c2\u00bdch dom\u00c3\u201e\u00c2\u008dekov s\u00c3\u0192\u00c2\u00ba dod\u00c3\u0192\u00c2\u00a1van\u00c3\u0192\u00c2\u00a9 s dverami, oknami, podlahou, spojovac\u00c3\u0192\u00c2\u00adm materi\u00c3\u0192\u00c2\u00a1lom a n\u00c3\u0192\u00c2\u00a1vodom na mont\u00c3\u0192\u00c2\u00a1\u00c3\u2026\u00c2\u00be, v\u00c3\u201e\u00c2\u008faka \u00c3\u201e\u00c2\u008domu je stavba z\u00c3\u0192\u00c2\u00a1hradn\u00c3\u0192\u00c2\u00a9ho dom\u00c3\u201e\u00c2\u008deka jednoduch\u00c3\u0192\u00c2\u00a1 a \u00c3\u201e\u00c2\u008dasovo nen\u00c3\u0192\u00c2\u00a1ro\u00c3\u201e\u00c2\u008dn\u00c3\u0192\u00c2\u00a1.<\/p>\n<p>S\u00c3\u0192\u00c2\u00baprava z\u00c3\u0192\u00c2\u00a1hradn\u00c3\u0192\u00c2\u00a9ho dom\u00c3\u201e\u00c2\u008deka s hr\u00c3\u0192\u00c2\u00babkou steny 70 mm od spolo\u00c3\u201e\u00c2\u008dnosti TENE obsahuje nasleduj\u00c3\u0192\u00c2\u00bace polo\u00c3\u2026\u00c2\u00beky pod\u00c3\u201e\u00c2\u00bea v\u00c3\u0192\u00c2\u00bdkresu v\u00c3\u0192\u00c2\u00bdrobku:<\/p>\n<p>pou\u00c3\u2026\u00c2\u00beit\u00c3\u0192\u00c2\u00a9 drevo je 100 % smrek severskej kvality<br \/>\ndvere a okn\u00c3\u0192\u00c2\u00a1 z extra such\u00c3\u0192\u00c2\u00a9ho (8 \u00c3\u00a2\u00e2\u201a\u00ac\u00e2\u20ac\u0153 12 %) lepen\u00c3\u0192\u00c2\u00a9ho lamelov\u00c3\u0192\u00c2\u00a9ho dreva<br \/>\nv\u00c3\u0192\u00c2\u00bdklopn\u00c3\u0192\u00c2\u00a9 a oto\u00c3\u201e\u00c2\u008dn\u00c3\u0192\u00c2\u00a9 okn\u00c3\u0192\u00c2\u00a1 nemeck\u00c3\u0192\u00c2\u00a9ho typu so zasklen\u00c3\u0192\u00c2\u00adm<br \/>\ndvere so zasklen\u00c3\u0192\u00c2\u00adm nemeck\u00c3\u0192\u00c2\u00a9ho typu, vr\u00c3\u0192\u00c2\u00a1tane kovania<br \/>\nstrop vyroben\u00c3\u0192\u00c2\u00bd z 18 mm hrubej profilovej dosky<br \/>\nprah z nehrdzavej\u00c3\u0192\u00c2\u00bacej ocele<br \/>\nz\u00c3\u0192\u00c2\u00a1vitov\u00c3\u0192\u00c2\u00a9 ty\u00c3\u201e\u00c2\u008de<br \/>\nz\u00c3\u0192\u00c2\u00a1kladov\u00c3\u0192\u00c2\u00a9 nosn\u00c3\u0192\u00c2\u00adky impregnovan\u00c3\u0192\u00c2\u00a9 v autokl\u00c3\u0192\u00c2\u00a1ve<br \/>\nupev\u00c3\u2026\u00cb\u2020ovacie prvky (klince a skrutky)<br \/>\nn\u00c3\u0192\u00c2\u00a1vod na mont\u00c3\u0192\u00c2\u00a1\u00c3\u2026\u00c2\u00be<br \/>\nCeny s\u00c3\u0192\u00c2\u00ba platn\u00c3\u0192\u00c2\u00a9 v sklade spolo\u00c3\u201e\u00c2\u008dnosti Tene a zah\u00c3\u2026\u00e2\u20ac\u00a2\u00c3\u2026\u00cb\u2020aj\u00c3\u0192\u00c2\u00ba DPH.<br \/>\nCena nezah\u00c3\u2026\u00e2\u20ac\u00a2\u00c3\u2026\u00cb\u2020a prepravu v\u00c3\u0192\u00c2\u00bdrobku.<\/p>\n","protected":false},"excerpt":{"rendered":"<p class=\"p2\">Hinnas liimpuidust klaaspaketiga uksed ja klaaspaketiga aknad, roostevabast plekist l\u00c3\u0192\u00c6\u2019\u00c3\u201a\u00c2\u00a4vepakk, immutatud vundamendiprussid, kinnitusvahendid ja paigaldusjuhend. Hind ei sisalda transporti ja katusekatte materjali.<\/p>\n","protected":false},"featured_media":3486,"template":"","meta":{"_acf_changed":false},"product_brand":[],"product_cat":[554,557],"product_tag":[],"class_list":{"0":"post-22170","1":"product","2":"type-product","3":"status-publish","4":"has-post-thumbnail","6":"product_cat-zahradne-domceky","7":"product_cat-zahradne-domceky-70-mm","8":"product_shipping_class-0e-sk","9":"pa_iseloomustus-3-izby","10":"pa_iseloomustus-stvorcovy-dom","11":"pa_katuse-tuup-sikma-strecha-sk","12":"pa_pindala-20-40-m2-sk","13":"pa_seina-paksus-70-mm-sk","15":"first","16":"onbackorder","17":"sale","18":"purchasable","19":"product-type-variable","20":"has-default-attributes"},"acf":[],"yoast_head":"<!-- This site is optimized with the Yoast SEO plugin v27.3 - https:\/\/yoast.com\/product\/yoast-seo-wordpress\/ -->\n<title>Tene.ee - Z\u00c3\u0192\u00c2\u00a1hradn\u00c3\u0192\u00c2\u00bd dom\u00c3\u201e\u00c2\u008dek Gotland B 70 mm<\/title>\n<meta name=\"description\" content=\"Tene.ee Z\u00c3\u0192\u00c2\u00a1hradn\u00c3\u0192\u00c2\u00bd dom\u00c3\u201e\u00c2\u008dek Gotland B 70 mm\" \/>\n<meta name=\"robots\" content=\"index, follow, max-snippet:-1, max-image-preview:large, max-video-preview:-1\" \/>\n<link rel=\"canonical\" href=\"https:\/\/tene.ee\/sk\/toode\/aiamaja-gotland-b-70-mm-2\/\" \/>\n<meta property=\"og:locale\" content=\"sk_SK\" \/>\n<meta property=\"og:type\" content=\"article\" \/>\n<meta property=\"og:title\" content=\"Tene.ee - Z\u00c3\u0192\u00c2\u00a1hradn\u00c3\u0192\u00c2\u00bd dom\u00c3\u201e\u00c2\u008dek Gotland B 70 mm\" \/>\n<meta property=\"og:description\" content=\"Tene.ee Z\u00c3\u0192\u00c2\u00a1hradn\u00c3\u0192\u00c2\u00bd dom\u00c3\u201e\u00c2\u008dek Gotland B 70 mm\" \/>\n<meta property=\"og:url\" content=\"https:\/\/tene.ee\/sk\/toode\/aiamaja-gotland-b-70-mm-2\/\" \/>\n<meta property=\"og:site_name\" content=\"Tene.ee\" \/>\n<meta property=\"article:publisher\" content=\"https:\/\/www.facebook.com\/teneaiamajad\" \/>\n<meta property=\"article:modified_time\" content=\"2024-11-11T09:17:06+00:00\" \/>\n<meta property=\"og:image\" content=\"https:\/\/tene.ee\/wp-content\/uploads\/2024\/07\/GotlandB_70mm-2.jpg\" \/>\n\t<meta property=\"og:image:width\" content=\"1600\" \/>\n\t<meta property=\"og:image:height\" content=\"1067\" \/>\n\t<meta property=\"og:image:type\" content=\"image\/jpeg\" \/>\n<meta name=\"twitter:card\" content=\"summary_large_image\" \/>\n<meta name=\"twitter:label1\" content=\"Predpokladan\u00fd \u010das \u010d\u00edtania\" \/>\n\t<meta name=\"twitter:data1\" content=\"1 min\u00fata\" \/>\n<script type=\"application\/ld+json\" class=\"yoast-schema-graph\">{\"@context\":\"https:\\\/\\\/schema.org\",\"@graph\":[{\"@type\":\"WebPage\",\"@id\":\"https:\\\/\\\/tene.ee\\\/sk\\\/toode\\\/aiamaja-gotland-b-70-mm-2\\\/\",\"url\":\"https:\\\/\\\/tene.ee\\\/sk\\\/toode\\\/aiamaja-gotland-b-70-mm-2\\\/\",\"name\":\"Tene.ee - Z\u00c3\u0192\u00c2\u00a1hradn\u00c3\u0192\u00c2\u00bd dom\u00c3\u201e\u00c2\u008dek Gotland B 70 mm\",\"isPartOf\":{\"@id\":\"https:\\\/\\\/tene.ee\\\/sk\\\/#website\"},\"primaryImageOfPage\":{\"@id\":\"https:\\\/\\\/tene.ee\\\/sk\\\/toode\\\/aiamaja-gotland-b-70-mm-2\\\/#primaryimage\"},\"image\":{\"@id\":\"https:\\\/\\\/tene.ee\\\/sk\\\/toode\\\/aiamaja-gotland-b-70-mm-2\\\/#primaryimage\"},\"thumbnailUrl\":\"https:\\\/\\\/tene.ee\\\/wp-content\\\/uploads\\\/2024\\\/07\\\/GotlandB_70mm-2.jpg\",\"datePublished\":\"2024-07-12T11:18:48+00:00\",\"dateModified\":\"2024-11-11T09:17:06+00:00\",\"description\":\"Tene.ee Z\u00c3\u0192\u00c2\u00a1hradn\u00c3\u0192\u00c2\u00bd dom\u00c3\u201e\u00c2\u008dek Gotland B 70 mm\",\"breadcrumb\":{\"@id\":\"https:\\\/\\\/tene.ee\\\/sk\\\/toode\\\/aiamaja-gotland-b-70-mm-2\\\/#breadcrumb\"},\"inLanguage\":\"sk-SK\",\"potentialAction\":[{\"@type\":\"ReadAction\",\"target\":[\"https:\\\/\\\/tene.ee\\\/sk\\\/toode\\\/aiamaja-gotland-b-70-mm-2\\\/\"]}]},{\"@type\":\"ImageObject\",\"inLanguage\":\"sk-SK\",\"@id\":\"https:\\\/\\\/tene.ee\\\/sk\\\/toode\\\/aiamaja-gotland-b-70-mm-2\\\/#primaryimage\",\"url\":\"https:\\\/\\\/tene.ee\\\/wp-content\\\/uploads\\\/2024\\\/07\\\/GotlandB_70mm-2.jpg\",\"contentUrl\":\"https:\\\/\\\/tene.ee\\\/wp-content\\\/uploads\\\/2024\\\/07\\\/GotlandB_70mm-2.jpg\",\"width\":1600,\"height\":1067},{\"@type\":\"BreadcrumbList\",\"@id\":\"https:\\\/\\\/tene.ee\\\/sk\\\/toode\\\/aiamaja-gotland-b-70-mm-2\\\/#breadcrumb\",\"itemListElement\":[{\"@type\":\"ListItem\",\"position\":1,\"name\":\"Avaleht\",\"item\":\"http:\\\/\\\/tene.ee\\\/sk\\\/\"},{\"@type\":\"ListItem\",\"position\":2,\"name\":\"V\u0161etky produkty\",\"item\":\"http:\\\/\\\/tene.ee\\\/sk\\\/shop\\\/\"},{\"@type\":\"ListItem\",\"position\":3,\"name\":\"Z\u00c3\u0192\u00c2\u00a1hradn\u00c3\u0192\u00c2\u00bd dom\u00c3\u201e\u00c2\u008dek Gotland B 70 mm\"}]},{\"@type\":\"WebSite\",\"@id\":\"https:\\\/\\\/tene.ee\\\/sk\\\/#website\",\"url\":\"https:\\\/\\\/tene.ee\\\/sk\\\/\",\"name\":\"Tene.ee - Kaunite hetkede jaoks sinu aias\",\"description\":\"Tene.ee - parimad puit- ja aiamajad otse tootjalt\",\"publisher\":{\"@id\":\"https:\\\/\\\/tene.ee\\\/sk\\\/#organization\"},\"alternateName\":\"Tene.ee\",\"potentialAction\":[{\"@type\":\"SearchAction\",\"target\":{\"@type\":\"EntryPoint\",\"urlTemplate\":\"https:\\\/\\\/tene.ee\\\/sk\\\/?s={search_term_string}\"},\"query-input\":{\"@type\":\"PropertyValueSpecification\",\"valueRequired\":true,\"valueName\":\"search_term_string\"}}],\"inLanguage\":\"sk-SK\"},{\"@type\":\"Organization\",\"@id\":\"https:\\\/\\\/tene.ee\\\/sk\\\/#organization\",\"name\":\"Tene.ee\",\"url\":\"https:\\\/\\\/tene.ee\\\/sk\\\/\",\"logo\":{\"@type\":\"ImageObject\",\"inLanguage\":\"sk-SK\",\"@id\":\"https:\\\/\\\/tene.ee\\\/sk\\\/#\\\/schema\\\/logo\\\/image\\\/\",\"url\":\"https:\\\/\\\/tene.ee\\\/wp-content\\\/uploads\\\/2024\\\/12\\\/TENE-logo-2018-2.png\",\"contentUrl\":\"https:\\\/\\\/tene.ee\\\/wp-content\\\/uploads\\\/2024\\\/12\\\/TENE-logo-2018-2.png\",\"width\":2339,\"height\":1654,\"caption\":\"Tene.ee\"},\"image\":{\"@id\":\"https:\\\/\\\/tene.ee\\\/sk\\\/#\\\/schema\\\/logo\\\/image\\\/\"},\"sameAs\":[\"https:\\\/\\\/www.facebook.com\\\/teneaiamajad\"]}]}<\/script>\n<!-- \/ Yoast SEO plugin. -->","yoast_head_json":{"title":"Tene.ee - Z\u00c3\u0192\u00c2\u00a1hradn\u00c3\u0192\u00c2\u00bd dom\u00c3\u201e\u00c2\u008dek Gotland B 70 mm","description":"Tene.ee Z\u00c3\u0192\u00c2\u00a1hradn\u00c3\u0192\u00c2\u00bd dom\u00c3\u201e\u00c2\u008dek Gotland B 70 mm","robots":{"index":"index","follow":"follow","max-snippet":"max-snippet:-1","max-image-preview":"max-image-preview:large","max-video-preview":"max-video-preview:-1"},"canonical":"https:\/\/tene.ee\/sk\/toode\/aiamaja-gotland-b-70-mm-2\/","og_locale":"sk_SK","og_type":"article","og_title":"Tene.ee - Z\u00c3\u0192\u00c2\u00a1hradn\u00c3\u0192\u00c2\u00bd dom\u00c3\u201e\u00c2\u008dek Gotland B 70 mm","og_description":"Tene.ee Z\u00c3\u0192\u00c2\u00a1hradn\u00c3\u0192\u00c2\u00bd dom\u00c3\u201e\u00c2\u008dek Gotland B 70 mm","og_url":"https:\/\/tene.ee\/sk\/toode\/aiamaja-gotland-b-70-mm-2\/","og_site_name":"Tene.ee","article_publisher":"https:\/\/www.facebook.com\/teneaiamajad","article_modified_time":"2024-11-11T09:17:06+00:00","og_image":[{"width":1600,"height":1067,"url":"https:\/\/tene.ee\/wp-content\/uploads\/2024\/07\/GotlandB_70mm-2.jpg","type":"image\/jpeg"}],"twitter_card":"summary_large_image","twitter_misc":{"Predpokladan\u00fd \u010das \u010d\u00edtania":"1 min\u00fata"},"schema":{"@context":"https:\/\/schema.org","@graph":[{"@type":"WebPage","@id":"https:\/\/tene.ee\/sk\/toode\/aiamaja-gotland-b-70-mm-2\/","url":"https:\/\/tene.ee\/sk\/toode\/aiamaja-gotland-b-70-mm-2\/","name":"Tene.ee - Z\u00c3\u0192\u00c2\u00a1hradn\u00c3\u0192\u00c2\u00bd dom\u00c3\u201e\u00c2\u008dek Gotland B 70 mm","isPartOf":{"@id":"https:\/\/tene.ee\/sk\/#website"},"primaryImageOfPage":{"@id":"https:\/\/tene.ee\/sk\/toode\/aiamaja-gotland-b-70-mm-2\/#primaryimage"},"image":{"@id":"https:\/\/tene.ee\/sk\/toode\/aiamaja-gotland-b-70-mm-2\/#primaryimage"},"thumbnailUrl":"https:\/\/tene.ee\/wp-content\/uploads\/2024\/07\/GotlandB_70mm-2.jpg","datePublished":"2024-07-12T11:18:48+00:00","dateModified":"2024-11-11T09:17:06+00:00","description":"Tene.ee Z\u00c3\u0192\u00c2\u00a1hradn\u00c3\u0192\u00c2\u00bd dom\u00c3\u201e\u00c2\u008dek Gotland B 70 mm","breadcrumb":{"@id":"https:\/\/tene.ee\/sk\/toode\/aiamaja-gotland-b-70-mm-2\/#breadcrumb"},"inLanguage":"sk-SK","potentialAction":[{"@type":"ReadAction","target":["https:\/\/tene.ee\/sk\/toode\/aiamaja-gotland-b-70-mm-2\/"]}]},{"@type":"ImageObject","inLanguage":"sk-SK","@id":"https:\/\/tene.ee\/sk\/toode\/aiamaja-gotland-b-70-mm-2\/#primaryimage","url":"https:\/\/tene.ee\/wp-content\/uploads\/2024\/07\/GotlandB_70mm-2.jpg","contentUrl":"https:\/\/tene.ee\/wp-content\/uploads\/2024\/07\/GotlandB_70mm-2.jpg","width":1600,"height":1067},{"@type":"BreadcrumbList","@id":"https:\/\/tene.ee\/sk\/toode\/aiamaja-gotland-b-70-mm-2\/#breadcrumb","itemListElement":[{"@type":"ListItem","position":1,"name":"Avaleht","item":"http:\/\/tene.ee\/sk\/"},{"@type":"ListItem","position":2,"name":"V\u0161etky produkty","item":"http:\/\/tene.ee\/sk\/shop\/"},{"@type":"ListItem","position":3,"name":"Z\u00c3\u0192\u00c2\u00a1hradn\u00c3\u0192\u00c2\u00bd dom\u00c3\u201e\u00c2\u008dek Gotland B 70 mm"}]},{"@type":"WebSite","@id":"https:\/\/tene.ee\/sk\/#website","url":"https:\/\/tene.ee\/sk\/","name":"Tene.ee - Kaunite hetkede jaoks sinu aias","description":"Tene.ee - parimad puit- ja aiamajad otse tootjalt","publisher":{"@id":"https:\/\/tene.ee\/sk\/#organization"},"alternateName":"Tene.ee","potentialAction":[{"@type":"SearchAction","target":{"@type":"EntryPoint","urlTemplate":"https:\/\/tene.ee\/sk\/?s={search_term_string}"},"query-input":{"@type":"PropertyValueSpecification","valueRequired":true,"valueName":"search_term_string"}}],"inLanguage":"sk-SK"},{"@type":"Organization","@id":"https:\/\/tene.ee\/sk\/#organization","name":"Tene.ee","url":"https:\/\/tene.ee\/sk\/","logo":{"@type":"ImageObject","inLanguage":"sk-SK","@id":"https:\/\/tene.ee\/sk\/#\/schema\/logo\/image\/","url":"https:\/\/tene.ee\/wp-content\/uploads\/2024\/12\/TENE-logo-2018-2.png","contentUrl":"https:\/\/tene.ee\/wp-content\/uploads\/2024\/12\/TENE-logo-2018-2.png","width":2339,"height":1654,"caption":"Tene.ee"},"image":{"@id":"https:\/\/tene.ee\/sk\/#\/schema\/logo\/image\/"},"sameAs":["https:\/\/www.facebook.com\/teneaiamajad"]}]}},"_links":{"self":[{"href":"https:\/\/tene.ee\/sk\/wp-json\/wp\/v2\/product\/22170","targetHints":{"allow":["GET"]}}],"collection":[{"href":"https:\/\/tene.ee\/sk\/wp-json\/wp\/v2\/product"}],"about":[{"href":"https:\/\/tene.ee\/sk\/wp-json\/wp\/v2\/types\/product"}],"wp:featuredmedia":[{"embeddable":true,"href":"https:\/\/tene.ee\/sk\/wp-json\/wp\/v2\/media\/3486"}],"wp:attachment":[{"href":"https:\/\/tene.ee\/sk\/wp-json\/wp\/v2\/media?parent=22170"}],"wp:term":[{"taxonomy":"product_brand","embeddable":true,"href":"https:\/\/tene.ee\/sk\/wp-json\/wp\/v2\/product_brand?post=22170"},{"taxonomy":"product_cat","embeddable":true,"href":"https:\/\/tene.ee\/sk\/wp-json\/wp\/v2\/product_cat?post=22170"},{"taxonomy":"product_tag","embeddable":true,"href":"https:\/\/tene.ee\/sk\/wp-json\/wp\/v2\/product_tag?post=22170"}],"curies":[{"name":"wp","href":"https:\/\/api.w.org\/{rel}","templated":true}]}}