{"id":21283,"date":"2024-07-12T14:27:21","date_gmt":"2024-07-12T11:27:21","guid":{"rendered":"https:\/\/tene.ee\/toode\/aiamaja-burgos-70-mm\/"},"modified":"2026-04-10T02:21:13","modified_gmt":"2026-04-09T23:21:13","slug":"aiamaja-burgos-70-mm","status":"publish","type":"product","link":"https:\/\/tene.ee\/sk\/toode\/aiamaja-burgos-70-mm\/","title":{"rendered":"Aiamaja Burgos 70 mm"},"content":{"rendered":"<p>Tene aia- ja puitmajade tehases toodetud 70 mm aiamajade, palkmajade, varjualuste, paviljonide, saunade, suvemajade, grillkodade ja puidust garaa\u017eide komplekti kuuluvad uksed, aknad, p\u00f5rand, kinnitusvahendid ja paigaldusjuhend, mis teeb aiamaja ehitamise lihtsaks ja v\u00e4he aegan\u00f5udvaks.<\/p>\n<p>TENE 70 mm seinapaksusega aiamaja komplekti vastavalt toote joonisele kuuluvad:<\/p>\n<p>Puitmaterjalina kasutatud 100% p\u00f5hjamaine kvaliteetne kuusk<br \/>\nErikuivast liimpuidust (8%-12%) toodetud uksed ja aknad<br \/>\nSaksa t\u00fc\u00fcpi klaaspaketiga aknad (\u00fcks akna pool p\u00f6\u00f6rdavatav, teine p\u00f6\u00f6rdkaldavatav, kaks mitteavatavat akent), sisaldavad furnituuri<br \/>\nSaksa t\u00fc\u00fcpi klaaspaketiga topeltuks, sisaldab furnituuri<br \/>\n18 mm paksusest profiillauast valmistatud lagi<br \/>\nRoostevabast plekist l\u00e4vepakk<br \/>\nKeermelatid<br \/>\nAutoklaavis immutatud puidust vundamendiprussid<br \/>\nKinnitusvahendeid (naelad ja kruvid)<br \/>\nPaigaldusjuhend<\/p>\n<p>Hinnad sisaldavad k\u00e4ibemaksu.<\/p>\n","protected":false},"excerpt":{"rendered":"<p>Hinnas liimpuidust klaaspaketiga topeltuks ja klaaspaketiga aknad, roostevabast plekist l\u00e4vepakk, immutatud vundamendiprussid, kinnitusvahendid ja paigaldusjuhend.<\/p>\n<p>Hind ei sisalda katusekatte materjali.<\/p>\n","protected":false},"featured_media":4230,"template":"","meta":{"_acf_changed":false},"product_brand":[],"product_cat":[554,557],"product_tag":[],"class_list":{"0":"post-21283","1":"product","2":"type-product","3":"status-publish","4":"has-post-thumbnail","6":"product_cat-zahradne-domceky","7":"product_cat-zahradne-domceky-70-mm","8":"pa_iseloomustus-1-izba","9":"pa_iseloomustus-stvorcovy-dom","10":"pa_katuse-tuup-sikma-strecha-sk","11":"pa_pindala-40-m2-sk","12":"pa_seina-paksus-70-mm-sk","14":"first","15":"onbackorder","16":"sale","17":"purchasable","18":"product-type-variable","19":"has-default-attributes"},"acf":[],"yoast_head":"<!-- This site is optimized with the Yoast SEO plugin v27.3 - https:\/\/yoast.com\/product\/yoast-seo-wordpress\/ -->\n<title>Tene.ee - Aiamaja Burgos 70 mm<\/title>\n<meta name=\"description\" content=\"Tene.ee Aiamaja Burgos 70 mm\" \/>\n<meta name=\"robots\" content=\"index, follow, max-snippet:-1, max-image-preview:large, max-video-preview:-1\" \/>\n<link rel=\"canonical\" href=\"https:\/\/tene.ee\/sk\/toode\/aiamaja-burgos-70-mm\/\" \/>\n<meta property=\"og:locale\" content=\"sk_SK\" \/>\n<meta property=\"og:type\" content=\"article\" \/>\n<meta property=\"og:title\" content=\"Tene.ee - Aiamaja Burgos 70 mm\" \/>\n<meta property=\"og:description\" content=\"Tene.ee Aiamaja Burgos 70 mm\" \/>\n<meta property=\"og:url\" content=\"https:\/\/tene.ee\/sk\/toode\/aiamaja-burgos-70-mm\/\" \/>\n<meta property=\"og:site_name\" content=\"Tene.ee\" \/>\n<meta property=\"article:publisher\" content=\"https:\/\/www.facebook.com\/teneaiamajad\" \/>\n<meta property=\"article:modified_time\" content=\"2026-04-09T23:21:13+00:00\" \/>\n<meta property=\"og:image\" content=\"https:\/\/tene.ee\/wp-content\/uploads\/2024\/07\/Burgos_70mm-1.jpg\" \/>\n\t<meta property=\"og:image:width\" content=\"1600\" \/>\n\t<meta property=\"og:image:height\" content=\"1067\" \/>\n\t<meta property=\"og:image:type\" content=\"image\/jpeg\" \/>\n<meta name=\"twitter:card\" content=\"summary_large_image\" \/>\n<meta name=\"twitter:label1\" content=\"Predpokladan\u00fd \u010das \u010d\u00edtania\" \/>\n\t<meta name=\"twitter:data1\" content=\"1 min\u00fata\" \/>\n<script type=\"application\/ld+json\" class=\"yoast-schema-graph\">{\"@context\":\"https:\\\/\\\/schema.org\",\"@graph\":[{\"@type\":\"WebPage\",\"@id\":\"https:\\\/\\\/tene.ee\\\/sk\\\/toode\\\/aiamaja-burgos-70-mm\\\/\",\"url\":\"https:\\\/\\\/tene.ee\\\/sk\\\/toode\\\/aiamaja-burgos-70-mm\\\/\",\"name\":\"Tene.ee - Aiamaja Burgos 70 mm\",\"isPartOf\":{\"@id\":\"https:\\\/\\\/tene.ee\\\/sk\\\/#website\"},\"primaryImageOfPage\":{\"@id\":\"https:\\\/\\\/tene.ee\\\/sk\\\/toode\\\/aiamaja-burgos-70-mm\\\/#primaryimage\"},\"image\":{\"@id\":\"https:\\\/\\\/tene.ee\\\/sk\\\/toode\\\/aiamaja-burgos-70-mm\\\/#primaryimage\"},\"thumbnailUrl\":\"https:\\\/\\\/tene.ee\\\/wp-content\\\/uploads\\\/2024\\\/07\\\/Burgos_70mm-1.jpg\",\"datePublished\":\"2024-07-12T11:27:21+00:00\",\"dateModified\":\"2026-04-09T23:21:13+00:00\",\"description\":\"Tene.ee Aiamaja Burgos 70 mm\",\"breadcrumb\":{\"@id\":\"https:\\\/\\\/tene.ee\\\/sk\\\/toode\\\/aiamaja-burgos-70-mm\\\/#breadcrumb\"},\"inLanguage\":\"sk-SK\",\"potentialAction\":[{\"@type\":\"ReadAction\",\"target\":[\"https:\\\/\\\/tene.ee\\\/sk\\\/toode\\\/aiamaja-burgos-70-mm\\\/\"]}]},{\"@type\":\"ImageObject\",\"inLanguage\":\"sk-SK\",\"@id\":\"https:\\\/\\\/tene.ee\\\/sk\\\/toode\\\/aiamaja-burgos-70-mm\\\/#primaryimage\",\"url\":\"https:\\\/\\\/tene.ee\\\/wp-content\\\/uploads\\\/2024\\\/07\\\/Burgos_70mm-1.jpg\",\"contentUrl\":\"https:\\\/\\\/tene.ee\\\/wp-content\\\/uploads\\\/2024\\\/07\\\/Burgos_70mm-1.jpg\",\"width\":1600,\"height\":1067},{\"@type\":\"BreadcrumbList\",\"@id\":\"https:\\\/\\\/tene.ee\\\/sk\\\/toode\\\/aiamaja-burgos-70-mm\\\/#breadcrumb\",\"itemListElement\":[{\"@type\":\"ListItem\",\"position\":1,\"name\":\"Avaleht\",\"item\":\"http:\\\/\\\/tene.ee\\\/sk\\\/\"},{\"@type\":\"ListItem\",\"position\":2,\"name\":\"V\u0161etky produkty\",\"item\":\"http:\\\/\\\/tene.ee\\\/sk\\\/shop\\\/\"},{\"@type\":\"ListItem\",\"position\":3,\"name\":\"Aiamaja Burgos 70 mm\"}]},{\"@type\":\"WebSite\",\"@id\":\"https:\\\/\\\/tene.ee\\\/sk\\\/#website\",\"url\":\"https:\\\/\\\/tene.ee\\\/sk\\\/\",\"name\":\"Tene.ee - Kaunite hetkede jaoks sinu aias\",\"description\":\"Tene.ee - parimad puit- ja aiamajad otse tootjalt\",\"publisher\":{\"@id\":\"https:\\\/\\\/tene.ee\\\/sk\\\/#organization\"},\"alternateName\":\"Tene.ee\",\"potentialAction\":[{\"@type\":\"SearchAction\",\"target\":{\"@type\":\"EntryPoint\",\"urlTemplate\":\"https:\\\/\\\/tene.ee\\\/sk\\\/?s={search_term_string}\"},\"query-input\":{\"@type\":\"PropertyValueSpecification\",\"valueRequired\":true,\"valueName\":\"search_term_string\"}}],\"inLanguage\":\"sk-SK\"},{\"@type\":\"Organization\",\"@id\":\"https:\\\/\\\/tene.ee\\\/sk\\\/#organization\",\"name\":\"Tene.ee\",\"url\":\"https:\\\/\\\/tene.ee\\\/sk\\\/\",\"logo\":{\"@type\":\"ImageObject\",\"inLanguage\":\"sk-SK\",\"@id\":\"https:\\\/\\\/tene.ee\\\/sk\\\/#\\\/schema\\\/logo\\\/image\\\/\",\"url\":\"https:\\\/\\\/tene.ee\\\/wp-content\\\/uploads\\\/2024\\\/12\\\/TENE-logo-2018-2.png\",\"contentUrl\":\"https:\\\/\\\/tene.ee\\\/wp-content\\\/uploads\\\/2024\\\/12\\\/TENE-logo-2018-2.png\",\"width\":2339,\"height\":1654,\"caption\":\"Tene.ee\"},\"image\":{\"@id\":\"https:\\\/\\\/tene.ee\\\/sk\\\/#\\\/schema\\\/logo\\\/image\\\/\"},\"sameAs\":[\"https:\\\/\\\/www.facebook.com\\\/teneaiamajad\"]}]}<\/script>\n<!-- \/ Yoast SEO plugin. -->","yoast_head_json":{"title":"Tene.ee - Aiamaja Burgos 70 mm","description":"Tene.ee Aiamaja Burgos 70 mm","robots":{"index":"index","follow":"follow","max-snippet":"max-snippet:-1","max-image-preview":"max-image-preview:large","max-video-preview":"max-video-preview:-1"},"canonical":"https:\/\/tene.ee\/sk\/toode\/aiamaja-burgos-70-mm\/","og_locale":"sk_SK","og_type":"article","og_title":"Tene.ee - Aiamaja Burgos 70 mm","og_description":"Tene.ee Aiamaja Burgos 70 mm","og_url":"https:\/\/tene.ee\/sk\/toode\/aiamaja-burgos-70-mm\/","og_site_name":"Tene.ee","article_publisher":"https:\/\/www.facebook.com\/teneaiamajad","article_modified_time":"2026-04-09T23:21:13+00:00","og_image":[{"width":1600,"height":1067,"url":"https:\/\/tene.ee\/wp-content\/uploads\/2024\/07\/Burgos_70mm-1.jpg","type":"image\/jpeg"}],"twitter_card":"summary_large_image","twitter_misc":{"Predpokladan\u00fd \u010das \u010d\u00edtania":"1 min\u00fata"},"schema":{"@context":"https:\/\/schema.org","@graph":[{"@type":"WebPage","@id":"https:\/\/tene.ee\/sk\/toode\/aiamaja-burgos-70-mm\/","url":"https:\/\/tene.ee\/sk\/toode\/aiamaja-burgos-70-mm\/","name":"Tene.ee - Aiamaja Burgos 70 mm","isPartOf":{"@id":"https:\/\/tene.ee\/sk\/#website"},"primaryImageOfPage":{"@id":"https:\/\/tene.ee\/sk\/toode\/aiamaja-burgos-70-mm\/#primaryimage"},"image":{"@id":"https:\/\/tene.ee\/sk\/toode\/aiamaja-burgos-70-mm\/#primaryimage"},"thumbnailUrl":"https:\/\/tene.ee\/wp-content\/uploads\/2024\/07\/Burgos_70mm-1.jpg","datePublished":"2024-07-12T11:27:21+00:00","dateModified":"2026-04-09T23:21:13+00:00","description":"Tene.ee Aiamaja Burgos 70 mm","breadcrumb":{"@id":"https:\/\/tene.ee\/sk\/toode\/aiamaja-burgos-70-mm\/#breadcrumb"},"inLanguage":"sk-SK","potentialAction":[{"@type":"ReadAction","target":["https:\/\/tene.ee\/sk\/toode\/aiamaja-burgos-70-mm\/"]}]},{"@type":"ImageObject","inLanguage":"sk-SK","@id":"https:\/\/tene.ee\/sk\/toode\/aiamaja-burgos-70-mm\/#primaryimage","url":"https:\/\/tene.ee\/wp-content\/uploads\/2024\/07\/Burgos_70mm-1.jpg","contentUrl":"https:\/\/tene.ee\/wp-content\/uploads\/2024\/07\/Burgos_70mm-1.jpg","width":1600,"height":1067},{"@type":"BreadcrumbList","@id":"https:\/\/tene.ee\/sk\/toode\/aiamaja-burgos-70-mm\/#breadcrumb","itemListElement":[{"@type":"ListItem","position":1,"name":"Avaleht","item":"http:\/\/tene.ee\/sk\/"},{"@type":"ListItem","position":2,"name":"V\u0161etky produkty","item":"http:\/\/tene.ee\/sk\/shop\/"},{"@type":"ListItem","position":3,"name":"Aiamaja Burgos 70 mm"}]},{"@type":"WebSite","@id":"https:\/\/tene.ee\/sk\/#website","url":"https:\/\/tene.ee\/sk\/","name":"Tene.ee - Kaunite hetkede jaoks sinu aias","description":"Tene.ee - parimad puit- ja aiamajad otse tootjalt","publisher":{"@id":"https:\/\/tene.ee\/sk\/#organization"},"alternateName":"Tene.ee","potentialAction":[{"@type":"SearchAction","target":{"@type":"EntryPoint","urlTemplate":"https:\/\/tene.ee\/sk\/?s={search_term_string}"},"query-input":{"@type":"PropertyValueSpecification","valueRequired":true,"valueName":"search_term_string"}}],"inLanguage":"sk-SK"},{"@type":"Organization","@id":"https:\/\/tene.ee\/sk\/#organization","name":"Tene.ee","url":"https:\/\/tene.ee\/sk\/","logo":{"@type":"ImageObject","inLanguage":"sk-SK","@id":"https:\/\/tene.ee\/sk\/#\/schema\/logo\/image\/","url":"https:\/\/tene.ee\/wp-content\/uploads\/2024\/12\/TENE-logo-2018-2.png","contentUrl":"https:\/\/tene.ee\/wp-content\/uploads\/2024\/12\/TENE-logo-2018-2.png","width":2339,"height":1654,"caption":"Tene.ee"},"image":{"@id":"https:\/\/tene.ee\/sk\/#\/schema\/logo\/image\/"},"sameAs":["https:\/\/www.facebook.com\/teneaiamajad"]}]}},"_links":{"self":[{"href":"https:\/\/tene.ee\/sk\/wp-json\/wp\/v2\/product\/21283","targetHints":{"allow":["GET"]}}],"collection":[{"href":"https:\/\/tene.ee\/sk\/wp-json\/wp\/v2\/product"}],"about":[{"href":"https:\/\/tene.ee\/sk\/wp-json\/wp\/v2\/types\/product"}],"wp:featuredmedia":[{"embeddable":true,"href":"https:\/\/tene.ee\/sk\/wp-json\/wp\/v2\/media\/4230"}],"wp:attachment":[{"href":"https:\/\/tene.ee\/sk\/wp-json\/wp\/v2\/media?parent=21283"}],"wp:term":[{"taxonomy":"product_brand","embeddable":true,"href":"https:\/\/tene.ee\/sk\/wp-json\/wp\/v2\/product_brand?post=21283"},{"taxonomy":"product_cat","embeddable":true,"href":"https:\/\/tene.ee\/sk\/wp-json\/wp\/v2\/product_cat?post=21283"},{"taxonomy":"product_tag","embeddable":true,"href":"https:\/\/tene.ee\/sk\/wp-json\/wp\/v2\/product_tag?post=21283"}],"curies":[{"name":"wp","href":"https:\/\/api.w.org\/{rel}","templated":true}]}}