{"id":20133,"date":"2024-07-12T16:14:48","date_gmt":"2024-07-12T13:14:48","guid":{"rendered":"https:\/\/tene.ee\/toode\/aiamaja-nervion\/"},"modified":"2026-04-10T02:17:52","modified_gmt":"2026-04-09T23:17:52","slug":"aiamaja-nervion-2","status":"publish","type":"product","link":"https:\/\/tene.ee\/sk\/toode\/aiamaja-nervion-2\/","title":{"rendered":"Aiamaja Nervion 28 mm"},"content":{"rendered":"<p>Tene aia- ja puitmajade tehases toodetud 28 mm aiamajade, palkmajade, varjualuste, paviljonide, saunade, suvemajade, grillkodade ja puidust garaa\u017eide komplekti kuuluvad uksed, aknad (s\u00f5ltuvalt mudelist v\u00f5ib toote komplekti kuuluda mitte \u00fchtegi, \u00fcks v\u00f5i mitu akent), p\u00f5rand, kinnitusvahendid ja paigaldusjuhend, mis teeb aiamaja ehitamise lihtsaks ja v\u00e4he aegan\u00f5udvaks.<\/p>\n<p><strong>Tene 28 millimeetrise seinapaksusega aiamaja komplekti vastavalt mudelile kuulub:<\/strong><\/p>\n<ul>\n<li>Puitmaterjalina kasutatud 100% p\u00f5hjamaine kvaliteetne kuusk<\/li>\n<li>Erikuivast liimpuidust (8%-12%) toodetud topeltuks ja aknad<\/li>\n<li>P\u00f6\u00f6rdkaldavatavad aknad, sisaldavad furnituuri<\/li>\n<li>Klaasiga topeltuks, sisaldab furnituuri<\/li>\n<li>P\u00f5rand ja lagi, valmistatud 18 mm paksusest profiillauast<\/li>\n<li>Autoklaavis immutatud puidust vundamendiprussid<\/li>\n<li>Tormiliistud<\/li>\n<li>Kinnitusvahendid (naelad ja kruvid)<\/li>\n<li>Paigaldusjuhend<\/li>\n<\/ul>\n<p><strong>Hinnad sisaldavad k\u00e4ibemaksu.<\/strong><br \/>\n<strong>Hinnad ei sisalda toote transporti.<\/strong><\/p>\n","protected":false},"excerpt":{"rendered":"<p>Hinnas liimpuidust uks ja aken klaasiga, roostevabast plekist l\u00e4vepakk, p\u00f5rand, immutatud vundamendiprussid, kinnitusvahendid ja paigaldusjuhend.<\/p>\n<p><strong>Hind ei sisalda transporti ja katusekatte materjali.<\/strong><\/p>\n","protected":false},"featured_media":3030,"template":"","meta":{"_acf_changed":false},"product_brand":[],"product_cat":[568,554,555],"product_tag":[],"class_list":{"0":"post-20133","1":"product","2":"type-product","3":"status-publish","4":"has-post-thumbnail","6":"product_cat-volny-ihned-sk","7":"product_cat-zahradne-domceky","8":"product_cat-zahradne-domceky-28-mm","9":"product_shipping_class-390e-sk-2","10":"pa_iseloomustus-1-izba","11":"pa_iseloomustus-stvorcovy-dom","12":"pa_katuse-tuup-sikma-strecha-sk","13":"pa_pindala-10-20-m2-sk","14":"pa_seina-paksus-28-mm-sk","16":"first","17":"instock","18":"sale","19":"purchasable","20":"product-type-simple"},"acf":[],"yoast_head":"<!-- This site is optimized with the Yoast SEO plugin v27.3 - https:\/\/yoast.com\/product\/yoast-seo-wordpress\/ -->\n<title>Tene.ee - Aiamaja Nervion 28 mm<\/title>\n<meta name=\"description\" content=\"Tene.ee Aiamaja Nervion 28 mm\" \/>\n<meta name=\"robots\" content=\"index, follow, max-snippet:-1, max-image-preview:large, max-video-preview:-1\" \/>\n<link rel=\"canonical\" href=\"https:\/\/tene.ee\/sk\/toode\/aiamaja-nervion-2\/\" \/>\n<meta property=\"og:locale\" content=\"sk_SK\" \/>\n<meta property=\"og:type\" content=\"article\" \/>\n<meta property=\"og:title\" content=\"Tene.ee - Aiamaja Nervion 28 mm\" \/>\n<meta property=\"og:description\" content=\"Tene.ee Aiamaja Nervion 28 mm\" \/>\n<meta property=\"og:url\" content=\"https:\/\/tene.ee\/sk\/toode\/aiamaja-nervion-2\/\" \/>\n<meta property=\"og:site_name\" content=\"Tene.ee\" \/>\n<meta property=\"article:publisher\" content=\"https:\/\/www.facebook.com\/teneaiamajad\" \/>\n<meta property=\"article:modified_time\" content=\"2026-04-09T23:17:52+00:00\" \/>\n<meta property=\"og:image\" content=\"https:\/\/tene.ee\/wp-content\/uploads\/2024\/07\/Nervion-1-1.jpg\" \/>\n\t<meta property=\"og:image:width\" content=\"1600\" \/>\n\t<meta property=\"og:image:height\" content=\"1067\" \/>\n\t<meta property=\"og:image:type\" content=\"image\/jpeg\" \/>\n<meta name=\"twitter:card\" content=\"summary_large_image\" \/>\n<meta name=\"twitter:label1\" content=\"Predpokladan\u00fd \u010das \u010d\u00edtania\" \/>\n\t<meta name=\"twitter:data1\" content=\"1 min\u00fata\" \/>\n<script type=\"application\/ld+json\" class=\"yoast-schema-graph\">{\"@context\":\"https:\\\/\\\/schema.org\",\"@graph\":[{\"@type\":\"WebPage\",\"@id\":\"https:\\\/\\\/tene.ee\\\/sk\\\/toode\\\/aiamaja-nervion-2\\\/\",\"url\":\"https:\\\/\\\/tene.ee\\\/sk\\\/toode\\\/aiamaja-nervion-2\\\/\",\"name\":\"Tene.ee - Aiamaja Nervion 28 mm\",\"isPartOf\":{\"@id\":\"https:\\\/\\\/tene.ee\\\/sk\\\/#website\"},\"primaryImageOfPage\":{\"@id\":\"https:\\\/\\\/tene.ee\\\/sk\\\/toode\\\/aiamaja-nervion-2\\\/#primaryimage\"},\"image\":{\"@id\":\"https:\\\/\\\/tene.ee\\\/sk\\\/toode\\\/aiamaja-nervion-2\\\/#primaryimage\"},\"thumbnailUrl\":\"https:\\\/\\\/tene.ee\\\/wp-content\\\/uploads\\\/2024\\\/07\\\/Nervion-1-1.jpg\",\"datePublished\":\"2024-07-12T13:14:48+00:00\",\"dateModified\":\"2026-04-09T23:17:52+00:00\",\"description\":\"Tene.ee Aiamaja Nervion 28 mm\",\"breadcrumb\":{\"@id\":\"https:\\\/\\\/tene.ee\\\/sk\\\/toode\\\/aiamaja-nervion-2\\\/#breadcrumb\"},\"inLanguage\":\"sk-SK\",\"potentialAction\":[{\"@type\":\"ReadAction\",\"target\":[\"https:\\\/\\\/tene.ee\\\/sk\\\/toode\\\/aiamaja-nervion-2\\\/\"]}]},{\"@type\":\"ImageObject\",\"inLanguage\":\"sk-SK\",\"@id\":\"https:\\\/\\\/tene.ee\\\/sk\\\/toode\\\/aiamaja-nervion-2\\\/#primaryimage\",\"url\":\"https:\\\/\\\/tene.ee\\\/wp-content\\\/uploads\\\/2024\\\/07\\\/Nervion-1-1.jpg\",\"contentUrl\":\"https:\\\/\\\/tene.ee\\\/wp-content\\\/uploads\\\/2024\\\/07\\\/Nervion-1-1.jpg\",\"width\":1600,\"height\":1067},{\"@type\":\"BreadcrumbList\",\"@id\":\"https:\\\/\\\/tene.ee\\\/sk\\\/toode\\\/aiamaja-nervion-2\\\/#breadcrumb\",\"itemListElement\":[{\"@type\":\"ListItem\",\"position\":1,\"name\":\"Avaleht\",\"item\":\"http:\\\/\\\/tene.ee\\\/sk\\\/\"},{\"@type\":\"ListItem\",\"position\":2,\"name\":\"V\u0161etky produkty\",\"item\":\"http:\\\/\\\/tene.ee\\\/sk\\\/shop\\\/\"},{\"@type\":\"ListItem\",\"position\":3,\"name\":\"Aiamaja Nervion 28 mm\"}]},{\"@type\":\"WebSite\",\"@id\":\"https:\\\/\\\/tene.ee\\\/sk\\\/#website\",\"url\":\"https:\\\/\\\/tene.ee\\\/sk\\\/\",\"name\":\"Tene.ee - Kaunite hetkede jaoks sinu aias\",\"description\":\"Tene.ee - parimad puit- ja aiamajad otse tootjalt\",\"publisher\":{\"@id\":\"https:\\\/\\\/tene.ee\\\/sk\\\/#organization\"},\"alternateName\":\"Tene.ee\",\"potentialAction\":[{\"@type\":\"SearchAction\",\"target\":{\"@type\":\"EntryPoint\",\"urlTemplate\":\"https:\\\/\\\/tene.ee\\\/sk\\\/?s={search_term_string}\"},\"query-input\":{\"@type\":\"PropertyValueSpecification\",\"valueRequired\":true,\"valueName\":\"search_term_string\"}}],\"inLanguage\":\"sk-SK\"},{\"@type\":\"Organization\",\"@id\":\"https:\\\/\\\/tene.ee\\\/sk\\\/#organization\",\"name\":\"Tene.ee\",\"url\":\"https:\\\/\\\/tene.ee\\\/sk\\\/\",\"logo\":{\"@type\":\"ImageObject\",\"inLanguage\":\"sk-SK\",\"@id\":\"https:\\\/\\\/tene.ee\\\/sk\\\/#\\\/schema\\\/logo\\\/image\\\/\",\"url\":\"https:\\\/\\\/tene.ee\\\/wp-content\\\/uploads\\\/2024\\\/12\\\/TENE-logo-2018-2.png\",\"contentUrl\":\"https:\\\/\\\/tene.ee\\\/wp-content\\\/uploads\\\/2024\\\/12\\\/TENE-logo-2018-2.png\",\"width\":2339,\"height\":1654,\"caption\":\"Tene.ee\"},\"image\":{\"@id\":\"https:\\\/\\\/tene.ee\\\/sk\\\/#\\\/schema\\\/logo\\\/image\\\/\"},\"sameAs\":[\"https:\\\/\\\/www.facebook.com\\\/teneaiamajad\"]}]}<\/script>\n<!-- \/ Yoast SEO plugin. -->","yoast_head_json":{"title":"Tene.ee - Aiamaja Nervion 28 mm","description":"Tene.ee Aiamaja Nervion 28 mm","robots":{"index":"index","follow":"follow","max-snippet":"max-snippet:-1","max-image-preview":"max-image-preview:large","max-video-preview":"max-video-preview:-1"},"canonical":"https:\/\/tene.ee\/sk\/toode\/aiamaja-nervion-2\/","og_locale":"sk_SK","og_type":"article","og_title":"Tene.ee - Aiamaja Nervion 28 mm","og_description":"Tene.ee Aiamaja Nervion 28 mm","og_url":"https:\/\/tene.ee\/sk\/toode\/aiamaja-nervion-2\/","og_site_name":"Tene.ee","article_publisher":"https:\/\/www.facebook.com\/teneaiamajad","article_modified_time":"2026-04-09T23:17:52+00:00","og_image":[{"width":1600,"height":1067,"url":"https:\/\/tene.ee\/wp-content\/uploads\/2024\/07\/Nervion-1-1.jpg","type":"image\/jpeg"}],"twitter_card":"summary_large_image","twitter_misc":{"Predpokladan\u00fd \u010das \u010d\u00edtania":"1 min\u00fata"},"schema":{"@context":"https:\/\/schema.org","@graph":[{"@type":"WebPage","@id":"https:\/\/tene.ee\/sk\/toode\/aiamaja-nervion-2\/","url":"https:\/\/tene.ee\/sk\/toode\/aiamaja-nervion-2\/","name":"Tene.ee - Aiamaja Nervion 28 mm","isPartOf":{"@id":"https:\/\/tene.ee\/sk\/#website"},"primaryImageOfPage":{"@id":"https:\/\/tene.ee\/sk\/toode\/aiamaja-nervion-2\/#primaryimage"},"image":{"@id":"https:\/\/tene.ee\/sk\/toode\/aiamaja-nervion-2\/#primaryimage"},"thumbnailUrl":"https:\/\/tene.ee\/wp-content\/uploads\/2024\/07\/Nervion-1-1.jpg","datePublished":"2024-07-12T13:14:48+00:00","dateModified":"2026-04-09T23:17:52+00:00","description":"Tene.ee Aiamaja Nervion 28 mm","breadcrumb":{"@id":"https:\/\/tene.ee\/sk\/toode\/aiamaja-nervion-2\/#breadcrumb"},"inLanguage":"sk-SK","potentialAction":[{"@type":"ReadAction","target":["https:\/\/tene.ee\/sk\/toode\/aiamaja-nervion-2\/"]}]},{"@type":"ImageObject","inLanguage":"sk-SK","@id":"https:\/\/tene.ee\/sk\/toode\/aiamaja-nervion-2\/#primaryimage","url":"https:\/\/tene.ee\/wp-content\/uploads\/2024\/07\/Nervion-1-1.jpg","contentUrl":"https:\/\/tene.ee\/wp-content\/uploads\/2024\/07\/Nervion-1-1.jpg","width":1600,"height":1067},{"@type":"BreadcrumbList","@id":"https:\/\/tene.ee\/sk\/toode\/aiamaja-nervion-2\/#breadcrumb","itemListElement":[{"@type":"ListItem","position":1,"name":"Avaleht","item":"http:\/\/tene.ee\/sk\/"},{"@type":"ListItem","position":2,"name":"V\u0161etky produkty","item":"http:\/\/tene.ee\/sk\/shop\/"},{"@type":"ListItem","position":3,"name":"Aiamaja Nervion 28 mm"}]},{"@type":"WebSite","@id":"https:\/\/tene.ee\/sk\/#website","url":"https:\/\/tene.ee\/sk\/","name":"Tene.ee - Kaunite hetkede jaoks sinu aias","description":"Tene.ee - parimad puit- ja aiamajad otse tootjalt","publisher":{"@id":"https:\/\/tene.ee\/sk\/#organization"},"alternateName":"Tene.ee","potentialAction":[{"@type":"SearchAction","target":{"@type":"EntryPoint","urlTemplate":"https:\/\/tene.ee\/sk\/?s={search_term_string}"},"query-input":{"@type":"PropertyValueSpecification","valueRequired":true,"valueName":"search_term_string"}}],"inLanguage":"sk-SK"},{"@type":"Organization","@id":"https:\/\/tene.ee\/sk\/#organization","name":"Tene.ee","url":"https:\/\/tene.ee\/sk\/","logo":{"@type":"ImageObject","inLanguage":"sk-SK","@id":"https:\/\/tene.ee\/sk\/#\/schema\/logo\/image\/","url":"https:\/\/tene.ee\/wp-content\/uploads\/2024\/12\/TENE-logo-2018-2.png","contentUrl":"https:\/\/tene.ee\/wp-content\/uploads\/2024\/12\/TENE-logo-2018-2.png","width":2339,"height":1654,"caption":"Tene.ee"},"image":{"@id":"https:\/\/tene.ee\/sk\/#\/schema\/logo\/image\/"},"sameAs":["https:\/\/www.facebook.com\/teneaiamajad"]}]}},"_links":{"self":[{"href":"https:\/\/tene.ee\/sk\/wp-json\/wp\/v2\/product\/20133","targetHints":{"allow":["GET"]}}],"collection":[{"href":"https:\/\/tene.ee\/sk\/wp-json\/wp\/v2\/product"}],"about":[{"href":"https:\/\/tene.ee\/sk\/wp-json\/wp\/v2\/types\/product"}],"wp:featuredmedia":[{"embeddable":true,"href":"https:\/\/tene.ee\/sk\/wp-json\/wp\/v2\/media\/3030"}],"wp:attachment":[{"href":"https:\/\/tene.ee\/sk\/wp-json\/wp\/v2\/media?parent=20133"}],"wp:term":[{"taxonomy":"product_brand","embeddable":true,"href":"https:\/\/tene.ee\/sk\/wp-json\/wp\/v2\/product_brand?post=20133"},{"taxonomy":"product_cat","embeddable":true,"href":"https:\/\/tene.ee\/sk\/wp-json\/wp\/v2\/product_cat?post=20133"},{"taxonomy":"product_tag","embeddable":true,"href":"https:\/\/tene.ee\/sk\/wp-json\/wp\/v2\/product_tag?post=20133"}],"curies":[{"name":"wp","href":"https:\/\/api.w.org\/{rel}","templated":true}]}}