{"id":19997,"date":"2024-07-12T16:16:40","date_gmt":"2024-07-12T13:16:40","guid":{"rendered":"https:\/\/tene.ee\/toode\/aiamaja-oriental-4-uksed-klaaspaketiga\/"},"modified":"2024-11-11T11:17:49","modified_gmt":"2024-11-11T09:17:49","slug":"aiamaja-oriental-4-uksed-klaaspaketiga","status":"publish","type":"product","link":"https:\/\/tene.ee\/sk\/toode\/aiamaja-oriental-4-uksed-klaaspaketiga\/","title":{"rendered":"Z\u00c3\u0192\u00c2\u00a1hradn\u00c3\u0192\u00c2\u00bd dom\u00c3\u201e\u00c2\u008dek Oriental 4, dvere so zasklen\u00c3\u0192\u00c2\u00adm"},"content":{"rendered":"<p>Z\u00c3\u0192\u00c2\u00a1hradn\u00c3\u0192\u00c2\u00a9 dom\u00c3\u201e\u00c2\u008deky, zruby, pr\u00c3\u0192\u00c2\u00adstre\u00c3\u2026\u00c2\u00a1ky, pavil\u00c3\u0192\u00c2\u00b3ny, sauny, letn\u00c3\u0192\u00c2\u00a9 dom\u00c3\u201e\u00c2\u008deky, dom\u00c3\u201e\u00c2\u008deky na grilovanie a dreven\u00c3\u0192\u00c2\u00a9 gar\u00c3\u0192\u00c2\u00a1\u00c3\u2026\u00c2\u00bee s hr\u00c3\u0192\u00c2\u00babkou dreva 40 mm vyr\u00c3\u0192\u00c2\u00a1ban\u00c3\u0192\u00c2\u00a9 v spolo\u00c3\u201e\u00c2\u008dnosti na v\u00c3\u0192\u00c2\u00bdrobu z\u00c3\u0192\u00c2\u00a1hradn\u00c3\u0192\u00c2\u00bdch a dreven\u00c3\u0192\u00c2\u00bdch dom\u00c3\u201e\u00c2\u008dekov Tene s\u00c3\u0192\u00c2\u00ba dod\u00c3\u0192\u00c2\u00a1van\u00c3\u0192\u00c2\u00a9 s dverami, oknami (v z\u00c3\u0192\u00c2\u00a1vislosti od modelu m\u00c3\u0192\u00c2\u00b4\u00c3\u2026\u00c2\u00bee by\u00c3\u2026\u00c2\u00a5 v\u00c3\u0192\u00c2\u00bdrobok bez okien alebo s jedn\u00c3\u0192\u00c2\u00bdm \u00c3\u201e\u00c2\u008di viacer\u00c3\u0192\u00c2\u00bdmi oknami), podlahou, spojovac\u00c3\u0192\u00c2\u00adm materi\u00c3\u0192\u00c2\u00a1lom a n\u00c3\u0192\u00c2\u00a1vodom na mont\u00c3\u0192\u00c2\u00a1\u00c3\u2026\u00c2\u00be, v\u00c3\u201e\u00c2\u008faka \u00c3\u201e\u00c2\u008domu je stavba z\u00c3\u0192\u00c2\u00a1hradn\u00c3\u0192\u00c2\u00a9ho dom\u00c3\u201e\u00c2\u008deka jednoduch\u00c3\u0192\u00c2\u00a1 a \u00c3\u201e\u00c2\u008dasovo nen\u00c3\u0192\u00c2\u00a1ro\u00c3\u201e\u00c2\u008dn\u00c3\u0192\u00c2\u00a1.<\/p>\n<p>S\u00c3\u0192\u00c2\u00baprava z\u00c3\u0192\u00c2\u00a1hradn\u00c3\u0192\u00c2\u00a9ho dom\u00c3\u201e\u00c2\u008deka Tene s 40 mm hrub\u00c3\u0192\u00c2\u00bdmi stenami obsahuje v z\u00c3\u0192\u00c2\u00a1vislosti od modelu:<\/p>\n<p>pou\u00c3\u2026\u00c2\u00beit\u00c3\u0192\u00c2\u00a9 drevo je 100 % smrek severskej kvality<br \/>\ndvere z extra such\u00c3\u0192\u00c2\u00a9ho (8 \u00c3\u00a2\u00e2\u201a\u00ac\u00e2\u20ac\u0153 12 %) lepen\u00c3\u0192\u00c2\u00a9ho lamelov\u00c3\u0192\u00c2\u00a9ho dreva<br \/>\ndvere so zasklen\u00c3\u0192\u00c2\u00adm, vr\u00c3\u0192\u00c2\u00a1tane kovania<br \/>\npodlaha a strop z 18 mm hrubej profilovej dosky<br \/>\nz\u00c3\u0192\u00c2\u00a1kladov\u00c3\u0192\u00c2\u00a9 nosn\u00c3\u0192\u00c2\u00adky impregnovan\u00c3\u0192\u00c2\u00a9 v autokl\u00c3\u0192\u00c2\u00a1ve<br \/>\nb\u00c3\u0192\u00c2\u00barkov\u00c3\u0192\u00c2\u00a9 ty\u00c3\u201e\u00c2\u008de<br \/>\nupev\u00c3\u2026\u00cb\u2020ovacie prvky (klince a skrutky)<br \/>\nn\u00c3\u0192\u00c2\u00a1vod na mont\u00c3\u0192\u00c2\u00a1\u00c3\u2026\u00c2\u00be<br \/>\nCeny s\u00c3\u0192\u00c2\u00ba platn\u00c3\u0192\u00c2\u00a9 v sklade spolo\u00c3\u201e\u00c2\u008dnosti Tene a zah\u00c3\u2026\u00e2\u20ac\u00a2\u00c3\u2026\u00cb\u2020aj\u00c3\u0192\u00c2\u00ba DPH.<br \/>\nCena nezah\u00c3\u2026\u00e2\u20ac\u00a2\u00c3\u2026\u00cb\u2020a prepravu v\u00c3\u0192\u00c2\u00bdrobku.<\/p>\n","protected":false},"excerpt":{"rendered":"<p class=\"description\">Hinnas liimpuidust klaaspaketiga uksed, roostevabast plekist l\u00c3\u0192\u00c2\u00a4vepakk, p\u00c3\u0192\u00c2\u00b5rand, immutatud vundamendiprussid, kinnitusvahendid ja paigaldusjuhend.\u00c3\u201a\u00c2\u00a0<span data-sheets-value=\"{&quot;1&quot;:2,&quot;2&quot;:&quot;Hind ei sisalda transporti ja katusekatte materjali.&quot;}\" data-sheets-userformat=\"{&quot;2&quot;:6723,&quot;3&quot;:{&quot;1&quot;:0},&quot;4&quot;:{&quot;1&quot;:2,&quot;2&quot;:16777215},&quot;9&quot;:0,&quot;12&quot;:0,&quot;14&quot;:{&quot;1&quot;:2,&quot;2&quot;:0},&quot;15&quot;:&quot;Arial&quot;}\">Hind ei sisalda transporti ja katusekatte materjali.<\/span><\/p>\n","protected":false},"featured_media":4430,"template":"","meta":{"_acf_changed":false},"product_brand":[],"product_cat":[563,568,554,556,559],"product_tag":[],"class_list":{"0":"post-19997","1":"product","2":"type-product","3":"status-publish","4":"has-post-thumbnail","6":"product_cat-markizy-a-pristresky","7":"product_cat-volny-ihned-sk","8":"product_cat-zahradne-domceky","9":"product_cat-zahradne-domceky-40-mm","10":"product_cat-zahradne-domceky-s-plochou-strechou","11":"product_shipping_class-390e-sk-2","12":"pa_iseloomustus-2-izby","13":"pa_iseloomustus-stvorcovy-dom","14":"pa_katuse-tuup-rovna-strecha","15":"pa_pindala-10-20-m2-sk","16":"pa_seina-paksus-40-mm-sk","18":"first","19":"onbackorder","20":"sale","21":"purchasable","22":"product-type-simple"},"acf":[],"yoast_head":"<!-- This site is optimized with the Yoast SEO plugin v27.3 - https:\/\/yoast.com\/product\/yoast-seo-wordpress\/ -->\n<title>Tene.ee - Z\u00c3\u0192\u00c2\u00a1hradn\u00c3\u0192\u00c2\u00bd dom\u00c3\u201e\u00c2\u008dek Oriental 4, dvere so zasklen\u00c3\u0192\u00c2\u00adm<\/title>\n<meta name=\"description\" content=\"Tene.ee Z\u00c3\u0192\u00c2\u00a1hradn\u00c3\u0192\u00c2\u00bd dom\u00c3\u201e\u00c2\u008dek Oriental 4, dvere so zasklen\u00c3\u0192\u00c2\u00adm\" \/>\n<meta name=\"robots\" content=\"index, follow, max-snippet:-1, max-image-preview:large, max-video-preview:-1\" \/>\n<link rel=\"canonical\" href=\"https:\/\/tene.ee\/sk\/toode\/aiamaja-oriental-4-uksed-klaaspaketiga\/\" \/>\n<meta property=\"og:locale\" content=\"sk_SK\" \/>\n<meta property=\"og:type\" content=\"article\" \/>\n<meta property=\"og:title\" content=\"Tene.ee - Z\u00c3\u0192\u00c2\u00a1hradn\u00c3\u0192\u00c2\u00bd dom\u00c3\u201e\u00c2\u008dek Oriental 4, dvere so zasklen\u00c3\u0192\u00c2\u00adm\" \/>\n<meta property=\"og:description\" content=\"Tene.ee Z\u00c3\u0192\u00c2\u00a1hradn\u00c3\u0192\u00c2\u00bd dom\u00c3\u201e\u00c2\u008dek Oriental 4, dvere so zasklen\u00c3\u0192\u00c2\u00adm\" \/>\n<meta property=\"og:url\" content=\"https:\/\/tene.ee\/sk\/toode\/aiamaja-oriental-4-uksed-klaaspaketiga\/\" \/>\n<meta property=\"og:site_name\" content=\"Tene.ee\" \/>\n<meta property=\"article:publisher\" content=\"https:\/\/www.facebook.com\/teneaiamajad\" \/>\n<meta property=\"article:modified_time\" content=\"2024-11-11T09:17:49+00:00\" \/>\n<meta property=\"og:image\" content=\"http:\/\/tene.ee\/wp-content\/uploads\/2024\/07\/Oriental_4-1-1.jpg\" \/>\n\t<meta property=\"og:image:width\" content=\"1600\" \/>\n\t<meta property=\"og:image:height\" content=\"1067\" \/>\n\t<meta property=\"og:image:type\" content=\"image\/jpeg\" \/>\n<meta name=\"twitter:card\" content=\"summary_large_image\" \/>\n<meta name=\"twitter:label1\" content=\"Predpokladan\u00fd \u010das \u010d\u00edtania\" \/>\n\t<meta name=\"twitter:data1\" content=\"1 min\u00fata\" \/>\n<script type=\"application\/ld+json\" class=\"yoast-schema-graph\">{\"@context\":\"https:\\\/\\\/schema.org\",\"@graph\":[{\"@type\":\"WebPage\",\"@id\":\"https:\\\/\\\/tene.ee\\\/sk\\\/toode\\\/aiamaja-oriental-4-uksed-klaaspaketiga\\\/\",\"url\":\"https:\\\/\\\/tene.ee\\\/sk\\\/toode\\\/aiamaja-oriental-4-uksed-klaaspaketiga\\\/\",\"name\":\"Tene.ee - Z\u00c3\u0192\u00c2\u00a1hradn\u00c3\u0192\u00c2\u00bd dom\u00c3\u201e\u00c2\u008dek Oriental 4, dvere so zasklen\u00c3\u0192\u00c2\u00adm\",\"isPartOf\":{\"@id\":\"https:\\\/\\\/tene.ee\\\/sk\\\/#website\"},\"primaryImageOfPage\":{\"@id\":\"https:\\\/\\\/tene.ee\\\/sk\\\/toode\\\/aiamaja-oriental-4-uksed-klaaspaketiga\\\/#primaryimage\"},\"image\":{\"@id\":\"https:\\\/\\\/tene.ee\\\/sk\\\/toode\\\/aiamaja-oriental-4-uksed-klaaspaketiga\\\/#primaryimage\"},\"thumbnailUrl\":\"https:\\\/\\\/tene.ee\\\/wp-content\\\/uploads\\\/2024\\\/07\\\/Oriental_4-1-1.jpg\",\"datePublished\":\"2024-07-12T13:16:40+00:00\",\"dateModified\":\"2024-11-11T09:17:49+00:00\",\"description\":\"Tene.ee Z\u00c3\u0192\u00c2\u00a1hradn\u00c3\u0192\u00c2\u00bd dom\u00c3\u201e\u00c2\u008dek Oriental 4, dvere so zasklen\u00c3\u0192\u00c2\u00adm\",\"breadcrumb\":{\"@id\":\"https:\\\/\\\/tene.ee\\\/sk\\\/toode\\\/aiamaja-oriental-4-uksed-klaaspaketiga\\\/#breadcrumb\"},\"inLanguage\":\"sk-SK\",\"potentialAction\":[{\"@type\":\"ReadAction\",\"target\":[\"https:\\\/\\\/tene.ee\\\/sk\\\/toode\\\/aiamaja-oriental-4-uksed-klaaspaketiga\\\/\"]}]},{\"@type\":\"ImageObject\",\"inLanguage\":\"sk-SK\",\"@id\":\"https:\\\/\\\/tene.ee\\\/sk\\\/toode\\\/aiamaja-oriental-4-uksed-klaaspaketiga\\\/#primaryimage\",\"url\":\"https:\\\/\\\/tene.ee\\\/wp-content\\\/uploads\\\/2024\\\/07\\\/Oriental_4-1-1.jpg\",\"contentUrl\":\"https:\\\/\\\/tene.ee\\\/wp-content\\\/uploads\\\/2024\\\/07\\\/Oriental_4-1-1.jpg\",\"width\":1600,\"height\":1067},{\"@type\":\"BreadcrumbList\",\"@id\":\"https:\\\/\\\/tene.ee\\\/sk\\\/toode\\\/aiamaja-oriental-4-uksed-klaaspaketiga\\\/#breadcrumb\",\"itemListElement\":[{\"@type\":\"ListItem\",\"position\":1,\"name\":\"Avaleht\",\"item\":\"http:\\\/\\\/tene.ee\\\/sk\\\/\"},{\"@type\":\"ListItem\",\"position\":2,\"name\":\"V\u0161etky produkty\",\"item\":\"http:\\\/\\\/tene.ee\\\/sk\\\/shop\\\/\"},{\"@type\":\"ListItem\",\"position\":3,\"name\":\"Z\u00c3\u0192\u00c2\u00a1hradn\u00c3\u0192\u00c2\u00bd dom\u00c3\u201e\u00c2\u008dek Oriental 4, dvere so zasklen\u00c3\u0192\u00c2\u00adm\"}]},{\"@type\":\"WebSite\",\"@id\":\"https:\\\/\\\/tene.ee\\\/sk\\\/#website\",\"url\":\"https:\\\/\\\/tene.ee\\\/sk\\\/\",\"name\":\"Tene.ee - Kaunite hetkede jaoks sinu aias\",\"description\":\"Tene.ee - parimad puit- ja aiamajad otse tootjalt\",\"publisher\":{\"@id\":\"https:\\\/\\\/tene.ee\\\/sk\\\/#organization\"},\"alternateName\":\"Tene.ee\",\"potentialAction\":[{\"@type\":\"SearchAction\",\"target\":{\"@type\":\"EntryPoint\",\"urlTemplate\":\"https:\\\/\\\/tene.ee\\\/sk\\\/?s={search_term_string}\"},\"query-input\":{\"@type\":\"PropertyValueSpecification\",\"valueRequired\":true,\"valueName\":\"search_term_string\"}}],\"inLanguage\":\"sk-SK\"},{\"@type\":\"Organization\",\"@id\":\"https:\\\/\\\/tene.ee\\\/sk\\\/#organization\",\"name\":\"Tene.ee\",\"url\":\"https:\\\/\\\/tene.ee\\\/sk\\\/\",\"logo\":{\"@type\":\"ImageObject\",\"inLanguage\":\"sk-SK\",\"@id\":\"https:\\\/\\\/tene.ee\\\/sk\\\/#\\\/schema\\\/logo\\\/image\\\/\",\"url\":\"https:\\\/\\\/tene.ee\\\/wp-content\\\/uploads\\\/2024\\\/12\\\/TENE-logo-2018-2.png\",\"contentUrl\":\"https:\\\/\\\/tene.ee\\\/wp-content\\\/uploads\\\/2024\\\/12\\\/TENE-logo-2018-2.png\",\"width\":2339,\"height\":1654,\"caption\":\"Tene.ee\"},\"image\":{\"@id\":\"https:\\\/\\\/tene.ee\\\/sk\\\/#\\\/schema\\\/logo\\\/image\\\/\"},\"sameAs\":[\"https:\\\/\\\/www.facebook.com\\\/teneaiamajad\"]}]}<\/script>\n<!-- \/ Yoast SEO plugin. -->","yoast_head_json":{"title":"Tene.ee - Z\u00c3\u0192\u00c2\u00a1hradn\u00c3\u0192\u00c2\u00bd dom\u00c3\u201e\u00c2\u008dek Oriental 4, dvere so zasklen\u00c3\u0192\u00c2\u00adm","description":"Tene.ee Z\u00c3\u0192\u00c2\u00a1hradn\u00c3\u0192\u00c2\u00bd dom\u00c3\u201e\u00c2\u008dek Oriental 4, dvere so zasklen\u00c3\u0192\u00c2\u00adm","robots":{"index":"index","follow":"follow","max-snippet":"max-snippet:-1","max-image-preview":"max-image-preview:large","max-video-preview":"max-video-preview:-1"},"canonical":"https:\/\/tene.ee\/sk\/toode\/aiamaja-oriental-4-uksed-klaaspaketiga\/","og_locale":"sk_SK","og_type":"article","og_title":"Tene.ee - Z\u00c3\u0192\u00c2\u00a1hradn\u00c3\u0192\u00c2\u00bd dom\u00c3\u201e\u00c2\u008dek Oriental 4, dvere so zasklen\u00c3\u0192\u00c2\u00adm","og_description":"Tene.ee Z\u00c3\u0192\u00c2\u00a1hradn\u00c3\u0192\u00c2\u00bd dom\u00c3\u201e\u00c2\u008dek Oriental 4, dvere so zasklen\u00c3\u0192\u00c2\u00adm","og_url":"https:\/\/tene.ee\/sk\/toode\/aiamaja-oriental-4-uksed-klaaspaketiga\/","og_site_name":"Tene.ee","article_publisher":"https:\/\/www.facebook.com\/teneaiamajad","article_modified_time":"2024-11-11T09:17:49+00:00","og_image":[{"width":1600,"height":1067,"url":"http:\/\/tene.ee\/wp-content\/uploads\/2024\/07\/Oriental_4-1-1.jpg","type":"image\/jpeg"}],"twitter_card":"summary_large_image","twitter_misc":{"Predpokladan\u00fd \u010das \u010d\u00edtania":"1 min\u00fata"},"schema":{"@context":"https:\/\/schema.org","@graph":[{"@type":"WebPage","@id":"https:\/\/tene.ee\/sk\/toode\/aiamaja-oriental-4-uksed-klaaspaketiga\/","url":"https:\/\/tene.ee\/sk\/toode\/aiamaja-oriental-4-uksed-klaaspaketiga\/","name":"Tene.ee - Z\u00c3\u0192\u00c2\u00a1hradn\u00c3\u0192\u00c2\u00bd dom\u00c3\u201e\u00c2\u008dek Oriental 4, dvere so zasklen\u00c3\u0192\u00c2\u00adm","isPartOf":{"@id":"https:\/\/tene.ee\/sk\/#website"},"primaryImageOfPage":{"@id":"https:\/\/tene.ee\/sk\/toode\/aiamaja-oriental-4-uksed-klaaspaketiga\/#primaryimage"},"image":{"@id":"https:\/\/tene.ee\/sk\/toode\/aiamaja-oriental-4-uksed-klaaspaketiga\/#primaryimage"},"thumbnailUrl":"https:\/\/tene.ee\/wp-content\/uploads\/2024\/07\/Oriental_4-1-1.jpg","datePublished":"2024-07-12T13:16:40+00:00","dateModified":"2024-11-11T09:17:49+00:00","description":"Tene.ee Z\u00c3\u0192\u00c2\u00a1hradn\u00c3\u0192\u00c2\u00bd dom\u00c3\u201e\u00c2\u008dek Oriental 4, dvere so zasklen\u00c3\u0192\u00c2\u00adm","breadcrumb":{"@id":"https:\/\/tene.ee\/sk\/toode\/aiamaja-oriental-4-uksed-klaaspaketiga\/#breadcrumb"},"inLanguage":"sk-SK","potentialAction":[{"@type":"ReadAction","target":["https:\/\/tene.ee\/sk\/toode\/aiamaja-oriental-4-uksed-klaaspaketiga\/"]}]},{"@type":"ImageObject","inLanguage":"sk-SK","@id":"https:\/\/tene.ee\/sk\/toode\/aiamaja-oriental-4-uksed-klaaspaketiga\/#primaryimage","url":"https:\/\/tene.ee\/wp-content\/uploads\/2024\/07\/Oriental_4-1-1.jpg","contentUrl":"https:\/\/tene.ee\/wp-content\/uploads\/2024\/07\/Oriental_4-1-1.jpg","width":1600,"height":1067},{"@type":"BreadcrumbList","@id":"https:\/\/tene.ee\/sk\/toode\/aiamaja-oriental-4-uksed-klaaspaketiga\/#breadcrumb","itemListElement":[{"@type":"ListItem","position":1,"name":"Avaleht","item":"http:\/\/tene.ee\/sk\/"},{"@type":"ListItem","position":2,"name":"V\u0161etky produkty","item":"http:\/\/tene.ee\/sk\/shop\/"},{"@type":"ListItem","position":3,"name":"Z\u00c3\u0192\u00c2\u00a1hradn\u00c3\u0192\u00c2\u00bd dom\u00c3\u201e\u00c2\u008dek Oriental 4, dvere so zasklen\u00c3\u0192\u00c2\u00adm"}]},{"@type":"WebSite","@id":"https:\/\/tene.ee\/sk\/#website","url":"https:\/\/tene.ee\/sk\/","name":"Tene.ee - Kaunite hetkede jaoks sinu aias","description":"Tene.ee - parimad puit- ja aiamajad otse tootjalt","publisher":{"@id":"https:\/\/tene.ee\/sk\/#organization"},"alternateName":"Tene.ee","potentialAction":[{"@type":"SearchAction","target":{"@type":"EntryPoint","urlTemplate":"https:\/\/tene.ee\/sk\/?s={search_term_string}"},"query-input":{"@type":"PropertyValueSpecification","valueRequired":true,"valueName":"search_term_string"}}],"inLanguage":"sk-SK"},{"@type":"Organization","@id":"https:\/\/tene.ee\/sk\/#organization","name":"Tene.ee","url":"https:\/\/tene.ee\/sk\/","logo":{"@type":"ImageObject","inLanguage":"sk-SK","@id":"https:\/\/tene.ee\/sk\/#\/schema\/logo\/image\/","url":"https:\/\/tene.ee\/wp-content\/uploads\/2024\/12\/TENE-logo-2018-2.png","contentUrl":"https:\/\/tene.ee\/wp-content\/uploads\/2024\/12\/TENE-logo-2018-2.png","width":2339,"height":1654,"caption":"Tene.ee"},"image":{"@id":"https:\/\/tene.ee\/sk\/#\/schema\/logo\/image\/"},"sameAs":["https:\/\/www.facebook.com\/teneaiamajad"]}]}},"_links":{"self":[{"href":"https:\/\/tene.ee\/sk\/wp-json\/wp\/v2\/product\/19997","targetHints":{"allow":["GET"]}}],"collection":[{"href":"https:\/\/tene.ee\/sk\/wp-json\/wp\/v2\/product"}],"about":[{"href":"https:\/\/tene.ee\/sk\/wp-json\/wp\/v2\/types\/product"}],"wp:featuredmedia":[{"embeddable":true,"href":"https:\/\/tene.ee\/sk\/wp-json\/wp\/v2\/media\/4430"}],"wp:attachment":[{"href":"https:\/\/tene.ee\/sk\/wp-json\/wp\/v2\/media?parent=19997"}],"wp:term":[{"taxonomy":"product_brand","embeddable":true,"href":"https:\/\/tene.ee\/sk\/wp-json\/wp\/v2\/product_brand?post=19997"},{"taxonomy":"product_cat","embeddable":true,"href":"https:\/\/tene.ee\/sk\/wp-json\/wp\/v2\/product_cat?post=19997"},{"taxonomy":"product_tag","embeddable":true,"href":"https:\/\/tene.ee\/sk\/wp-json\/wp\/v2\/product_tag?post=19997"}],"curies":[{"name":"wp","href":"https:\/\/api.w.org\/{rel}","templated":true}]}}