{"id":19702,"date":"2024-07-12T16:19:39","date_gmt":"2024-07-12T13:19:39","guid":{"rendered":"https:\/\/tene.ee\/toode\/karusaun-maxi-sauna-ja-puhkeruumiga\/"},"modified":"2026-04-10T02:12:23","modified_gmt":"2026-04-09T23:12:23","slug":"karusaun-maxi-sauna-ja-puhkeruumiga-2","status":"publish","type":"product","link":"https:\/\/tene.ee\/sk\/toode\/karusaun-maxi-sauna-ja-puhkeruumiga-2\/","title":{"rendered":"K\u00e4rusaun Maxi sauna ja puhkeruumiga"},"content":{"rendered":"<p>Tene aiamajade tehases Haapsalus toodetavad k\u00e4rusaunad pakuvad suurep\u00e4rase v\u00f5imaluse saunatamiseks seal, kus on piirangud v\u00f5i ei tohi sauna ehitada.<\/p>\n<p>K\u00e4rusaunad on mobiilsed, aastaringseks kasutamiseks ja ei vaja ehitusluba, v\u00f5ta autole sappa, vii veekogu \u00e4\u00e4rde ja naudi.<\/p>\n<p>Talve saabudes saad vajadusel oma k\u00e4rusauna tuua kodukrundile talvituma.<br \/>\nK\u00e4rusaunad on valmistatud kvaliteetsest kuusepuust, komplekti kuulub lepast lava, puuk\u00fcttega keris ja Soomes valmistatud kvaliteetne korsten koos veepaagi ja siibriga.<\/p>\n<p>Alusraam:<\/p>\n<ul>\n<li>Haagise v\u00e4lism\u00f5\u00f5dud on 200 x 480 cm<\/li>\n<li>Tugev metallist tsingitud raam<\/li>\n<li>2-teljeline piduritega haagis<\/li>\n<li>Nurgatoed neljas nurgas<\/li>\n<li>Tuled<\/li>\n<li>Rattad 13\u2033<\/li>\n<li>Haagise registrimass on 464 kg<\/li>\n<li>Omakaal (alusraam koos sauna ja sisustusega) ca 1900 kg<\/li>\n<\/ul>\n<p>Saun:<\/p>\n<ul>\n<li>40 mm freesprussist seinad<\/li>\n<li>Naturaalsest kuusepuust saun, v\u00e4rvimata, kaitstud hallitusevastase vahendiga<\/li>\n<li>Nurkades metallist keermelatid<\/li>\n<li>Katusekate must k\u00e4rgruberoid<\/li>\n<li>Topeltlaudis katusel ja soojustuseks 50 mm villa<\/li>\n<li>Puukeris klaasuksega, kerisekivid, korstna sisse ehitatud veepaak, kvaliteetne korsten siibriga, kerise \u00fcmbris ja alus<\/li>\n<li>Lepast lava koos astumispingiga, seljatugi, kerise piire<\/li>\n<li>Karastatud klaasiga avatavad aknad<\/li>\n<li>Karastatud klaasiga lukustatav v\u00e4lisuks<\/li>\n<li>Veerenn leiliruumi p\u00f5randas, mille kaudu on pesu- ja leilivesi v\u00e4lja suunatav<\/li>\n<li>Tarvikute kast<\/li>\n<\/ul>\n<p>Sauna eesruumis m\u00f6\u00f6blit ei ole, pildid on illustratiivsed<br \/>\nSauna parkimiseks ei ole vaja taodelda ehitusluba.<\/p>\n<p>Seadusekuulekalt k\u00e4itudes peaks juht omama sellist haagist vedades <strong>BE kategooria juhilube.<\/strong><\/p>\n<p><strong>Hinnad sisaldavad k\u00e4ibemaksu.<\/strong><br \/>\n<strong>Hind ei sisalda toote transporti.<\/strong><\/p>\n","protected":false},"excerpt":{"rendered":"<p>2-teljeline k\u00e4rusaun valmis saunatamiseks.<br \/>\nPuuk\u00fcttega keris, lepast lava ja kvaliteetne korsten sisseehitatud veepaagiga.<\/p>\n","protected":false},"featured_media":6462,"template":"","meta":{"_acf_changed":false},"product_brand":[],"product_cat":[578,580],"product_tag":[],"class_list":{"0":"post-19702","1":"product","2":"type-product","3":"status-publish","4":"has-post-thumbnail","6":"product_cat-sauny-sk","7":"product_cat-vozikove-sauny-sk","8":"pa_iseloomustus-2-izby","9":"pa_iseloomustus-stvorcovy-dom","10":"pa_katuse-tuup-sikma-strecha-sk","11":"pa_pindala-0-10-m2-sk","12":"pa_seina-paksus-40-mm-sk","14":"first","15":"onbackorder","16":"sale","17":"purchasable","18":"product-type-simple"},"acf":[],"yoast_head":"<!-- This site is optimized with the Yoast SEO plugin v27.3 - https:\/\/yoast.com\/product\/yoast-seo-wordpress\/ -->\n<title>Tene.ee - K\u00e4rusaun Maxi sauna ja puhkeruumiga<\/title>\n<meta name=\"description\" content=\"Tene.ee K\u00e4rusaun Maxi sauna ja puhkeruumiga\" \/>\n<meta name=\"robots\" content=\"index, follow, max-snippet:-1, max-image-preview:large, max-video-preview:-1\" \/>\n<link rel=\"canonical\" href=\"https:\/\/tene.ee\/sk\/toode\/karusaun-maxi-sauna-ja-puhkeruumiga-2\/\" \/>\n<meta property=\"og:locale\" content=\"sk_SK\" \/>\n<meta property=\"og:type\" content=\"article\" \/>\n<meta property=\"og:title\" content=\"Tene.ee - K\u00e4rusaun Maxi sauna ja puhkeruumiga\" \/>\n<meta property=\"og:description\" content=\"Tene.ee K\u00e4rusaun Maxi sauna ja puhkeruumiga\" \/>\n<meta property=\"og:url\" content=\"https:\/\/tene.ee\/sk\/toode\/karusaun-maxi-sauna-ja-puhkeruumiga-2\/\" \/>\n<meta property=\"og:site_name\" content=\"Tene.ee\" \/>\n<meta property=\"article:publisher\" content=\"https:\/\/www.facebook.com\/teneaiamajad\" \/>\n<meta property=\"article:modified_time\" content=\"2026-04-09T23:12:23+00:00\" \/>\n<meta property=\"og:image\" content=\"https:\/\/tene.ee\/wp-content\/uploads\/2024\/07\/Karrysauna-Maxi.jpg\" \/>\n\t<meta property=\"og:image:width\" content=\"2500\" \/>\n\t<meta property=\"og:image:height\" content=\"1667\" \/>\n\t<meta property=\"og:image:type\" content=\"image\/jpeg\" \/>\n<meta name=\"twitter:card\" content=\"summary_large_image\" \/>\n<meta name=\"twitter:label1\" content=\"Predpokladan\u00fd \u010das \u010d\u00edtania\" \/>\n\t<meta name=\"twitter:data1\" content=\"2 min\u00faty\" \/>\n<script type=\"application\/ld+json\" class=\"yoast-schema-graph\">{\"@context\":\"https:\\\/\\\/schema.org\",\"@graph\":[{\"@type\":\"WebPage\",\"@id\":\"https:\\\/\\\/tene.ee\\\/sk\\\/toode\\\/karusaun-maxi-sauna-ja-puhkeruumiga-2\\\/\",\"url\":\"https:\\\/\\\/tene.ee\\\/sk\\\/toode\\\/karusaun-maxi-sauna-ja-puhkeruumiga-2\\\/\",\"name\":\"Tene.ee - K\u00e4rusaun Maxi sauna ja puhkeruumiga\",\"isPartOf\":{\"@id\":\"https:\\\/\\\/tene.ee\\\/sk\\\/#website\"},\"primaryImageOfPage\":{\"@id\":\"https:\\\/\\\/tene.ee\\\/sk\\\/toode\\\/karusaun-maxi-sauna-ja-puhkeruumiga-2\\\/#primaryimage\"},\"image\":{\"@id\":\"https:\\\/\\\/tene.ee\\\/sk\\\/toode\\\/karusaun-maxi-sauna-ja-puhkeruumiga-2\\\/#primaryimage\"},\"thumbnailUrl\":\"https:\\\/\\\/tene.ee\\\/wp-content\\\/uploads\\\/2024\\\/07\\\/Karrysauna-Maxi.jpg\",\"datePublished\":\"2024-07-12T13:19:39+00:00\",\"dateModified\":\"2026-04-09T23:12:23+00:00\",\"description\":\"Tene.ee K\u00e4rusaun Maxi sauna ja puhkeruumiga\",\"breadcrumb\":{\"@id\":\"https:\\\/\\\/tene.ee\\\/sk\\\/toode\\\/karusaun-maxi-sauna-ja-puhkeruumiga-2\\\/#breadcrumb\"},\"inLanguage\":\"sk-SK\",\"potentialAction\":[{\"@type\":\"ReadAction\",\"target\":[\"https:\\\/\\\/tene.ee\\\/sk\\\/toode\\\/karusaun-maxi-sauna-ja-puhkeruumiga-2\\\/\"]}]},{\"@type\":\"ImageObject\",\"inLanguage\":\"sk-SK\",\"@id\":\"https:\\\/\\\/tene.ee\\\/sk\\\/toode\\\/karusaun-maxi-sauna-ja-puhkeruumiga-2\\\/#primaryimage\",\"url\":\"https:\\\/\\\/tene.ee\\\/wp-content\\\/uploads\\\/2024\\\/07\\\/Karrysauna-Maxi.jpg\",\"contentUrl\":\"https:\\\/\\\/tene.ee\\\/wp-content\\\/uploads\\\/2024\\\/07\\\/Karrysauna-Maxi.jpg\",\"width\":2500,\"height\":1667},{\"@type\":\"BreadcrumbList\",\"@id\":\"https:\\\/\\\/tene.ee\\\/sk\\\/toode\\\/karusaun-maxi-sauna-ja-puhkeruumiga-2\\\/#breadcrumb\",\"itemListElement\":[{\"@type\":\"ListItem\",\"position\":1,\"name\":\"Avaleht\",\"item\":\"http:\\\/\\\/tene.ee\\\/sk\\\/\"},{\"@type\":\"ListItem\",\"position\":2,\"name\":\"V\u0161etky produkty\",\"item\":\"http:\\\/\\\/tene.ee\\\/sk\\\/shop\\\/\"},{\"@type\":\"ListItem\",\"position\":3,\"name\":\"K\u00e4rusaun Maxi sauna ja puhkeruumiga\"}]},{\"@type\":\"WebSite\",\"@id\":\"https:\\\/\\\/tene.ee\\\/sk\\\/#website\",\"url\":\"https:\\\/\\\/tene.ee\\\/sk\\\/\",\"name\":\"Tene.ee - Kaunite hetkede jaoks sinu aias\",\"description\":\"Tene.ee - parimad puit- ja aiamajad otse tootjalt\",\"publisher\":{\"@id\":\"https:\\\/\\\/tene.ee\\\/sk\\\/#organization\"},\"alternateName\":\"Tene.ee\",\"potentialAction\":[{\"@type\":\"SearchAction\",\"target\":{\"@type\":\"EntryPoint\",\"urlTemplate\":\"https:\\\/\\\/tene.ee\\\/sk\\\/?s={search_term_string}\"},\"query-input\":{\"@type\":\"PropertyValueSpecification\",\"valueRequired\":true,\"valueName\":\"search_term_string\"}}],\"inLanguage\":\"sk-SK\"},{\"@type\":\"Organization\",\"@id\":\"https:\\\/\\\/tene.ee\\\/sk\\\/#organization\",\"name\":\"Tene.ee\",\"url\":\"https:\\\/\\\/tene.ee\\\/sk\\\/\",\"logo\":{\"@type\":\"ImageObject\",\"inLanguage\":\"sk-SK\",\"@id\":\"https:\\\/\\\/tene.ee\\\/sk\\\/#\\\/schema\\\/logo\\\/image\\\/\",\"url\":\"https:\\\/\\\/tene.ee\\\/wp-content\\\/uploads\\\/2024\\\/12\\\/TENE-logo-2018-2.png\",\"contentUrl\":\"https:\\\/\\\/tene.ee\\\/wp-content\\\/uploads\\\/2024\\\/12\\\/TENE-logo-2018-2.png\",\"width\":2339,\"height\":1654,\"caption\":\"Tene.ee\"},\"image\":{\"@id\":\"https:\\\/\\\/tene.ee\\\/sk\\\/#\\\/schema\\\/logo\\\/image\\\/\"},\"sameAs\":[\"https:\\\/\\\/www.facebook.com\\\/teneaiamajad\"]}]}<\/script>\n<!-- \/ Yoast SEO plugin. -->","yoast_head_json":{"title":"Tene.ee - K\u00e4rusaun Maxi sauna ja puhkeruumiga","description":"Tene.ee K\u00e4rusaun Maxi sauna ja puhkeruumiga","robots":{"index":"index","follow":"follow","max-snippet":"max-snippet:-1","max-image-preview":"max-image-preview:large","max-video-preview":"max-video-preview:-1"},"canonical":"https:\/\/tene.ee\/sk\/toode\/karusaun-maxi-sauna-ja-puhkeruumiga-2\/","og_locale":"sk_SK","og_type":"article","og_title":"Tene.ee - K\u00e4rusaun Maxi sauna ja puhkeruumiga","og_description":"Tene.ee K\u00e4rusaun Maxi sauna ja puhkeruumiga","og_url":"https:\/\/tene.ee\/sk\/toode\/karusaun-maxi-sauna-ja-puhkeruumiga-2\/","og_site_name":"Tene.ee","article_publisher":"https:\/\/www.facebook.com\/teneaiamajad","article_modified_time":"2026-04-09T23:12:23+00:00","og_image":[{"width":2500,"height":1667,"url":"https:\/\/tene.ee\/wp-content\/uploads\/2024\/07\/Karrysauna-Maxi.jpg","type":"image\/jpeg"}],"twitter_card":"summary_large_image","twitter_misc":{"Predpokladan\u00fd \u010das \u010d\u00edtania":"2 min\u00faty"},"schema":{"@context":"https:\/\/schema.org","@graph":[{"@type":"WebPage","@id":"https:\/\/tene.ee\/sk\/toode\/karusaun-maxi-sauna-ja-puhkeruumiga-2\/","url":"https:\/\/tene.ee\/sk\/toode\/karusaun-maxi-sauna-ja-puhkeruumiga-2\/","name":"Tene.ee - K\u00e4rusaun Maxi sauna ja puhkeruumiga","isPartOf":{"@id":"https:\/\/tene.ee\/sk\/#website"},"primaryImageOfPage":{"@id":"https:\/\/tene.ee\/sk\/toode\/karusaun-maxi-sauna-ja-puhkeruumiga-2\/#primaryimage"},"image":{"@id":"https:\/\/tene.ee\/sk\/toode\/karusaun-maxi-sauna-ja-puhkeruumiga-2\/#primaryimage"},"thumbnailUrl":"https:\/\/tene.ee\/wp-content\/uploads\/2024\/07\/Karrysauna-Maxi.jpg","datePublished":"2024-07-12T13:19:39+00:00","dateModified":"2026-04-09T23:12:23+00:00","description":"Tene.ee K\u00e4rusaun Maxi sauna ja puhkeruumiga","breadcrumb":{"@id":"https:\/\/tene.ee\/sk\/toode\/karusaun-maxi-sauna-ja-puhkeruumiga-2\/#breadcrumb"},"inLanguage":"sk-SK","potentialAction":[{"@type":"ReadAction","target":["https:\/\/tene.ee\/sk\/toode\/karusaun-maxi-sauna-ja-puhkeruumiga-2\/"]}]},{"@type":"ImageObject","inLanguage":"sk-SK","@id":"https:\/\/tene.ee\/sk\/toode\/karusaun-maxi-sauna-ja-puhkeruumiga-2\/#primaryimage","url":"https:\/\/tene.ee\/wp-content\/uploads\/2024\/07\/Karrysauna-Maxi.jpg","contentUrl":"https:\/\/tene.ee\/wp-content\/uploads\/2024\/07\/Karrysauna-Maxi.jpg","width":2500,"height":1667},{"@type":"BreadcrumbList","@id":"https:\/\/tene.ee\/sk\/toode\/karusaun-maxi-sauna-ja-puhkeruumiga-2\/#breadcrumb","itemListElement":[{"@type":"ListItem","position":1,"name":"Avaleht","item":"http:\/\/tene.ee\/sk\/"},{"@type":"ListItem","position":2,"name":"V\u0161etky produkty","item":"http:\/\/tene.ee\/sk\/shop\/"},{"@type":"ListItem","position":3,"name":"K\u00e4rusaun Maxi sauna ja puhkeruumiga"}]},{"@type":"WebSite","@id":"https:\/\/tene.ee\/sk\/#website","url":"https:\/\/tene.ee\/sk\/","name":"Tene.ee - Kaunite hetkede jaoks sinu aias","description":"Tene.ee - parimad puit- ja aiamajad otse tootjalt","publisher":{"@id":"https:\/\/tene.ee\/sk\/#organization"},"alternateName":"Tene.ee","potentialAction":[{"@type":"SearchAction","target":{"@type":"EntryPoint","urlTemplate":"https:\/\/tene.ee\/sk\/?s={search_term_string}"},"query-input":{"@type":"PropertyValueSpecification","valueRequired":true,"valueName":"search_term_string"}}],"inLanguage":"sk-SK"},{"@type":"Organization","@id":"https:\/\/tene.ee\/sk\/#organization","name":"Tene.ee","url":"https:\/\/tene.ee\/sk\/","logo":{"@type":"ImageObject","inLanguage":"sk-SK","@id":"https:\/\/tene.ee\/sk\/#\/schema\/logo\/image\/","url":"https:\/\/tene.ee\/wp-content\/uploads\/2024\/12\/TENE-logo-2018-2.png","contentUrl":"https:\/\/tene.ee\/wp-content\/uploads\/2024\/12\/TENE-logo-2018-2.png","width":2339,"height":1654,"caption":"Tene.ee"},"image":{"@id":"https:\/\/tene.ee\/sk\/#\/schema\/logo\/image\/"},"sameAs":["https:\/\/www.facebook.com\/teneaiamajad"]}]}},"_links":{"self":[{"href":"https:\/\/tene.ee\/sk\/wp-json\/wp\/v2\/product\/19702","targetHints":{"allow":["GET"]}}],"collection":[{"href":"https:\/\/tene.ee\/sk\/wp-json\/wp\/v2\/product"}],"about":[{"href":"https:\/\/tene.ee\/sk\/wp-json\/wp\/v2\/types\/product"}],"wp:featuredmedia":[{"embeddable":true,"href":"https:\/\/tene.ee\/sk\/wp-json\/wp\/v2\/media\/6462"}],"wp:attachment":[{"href":"https:\/\/tene.ee\/sk\/wp-json\/wp\/v2\/media?parent=19702"}],"wp:term":[{"taxonomy":"product_brand","embeddable":true,"href":"https:\/\/tene.ee\/sk\/wp-json\/wp\/v2\/product_brand?post=19702"},{"taxonomy":"product_cat","embeddable":true,"href":"https:\/\/tene.ee\/sk\/wp-json\/wp\/v2\/product_cat?post=19702"},{"taxonomy":"product_tag","embeddable":true,"href":"https:\/\/tene.ee\/sk\/wp-json\/wp\/v2\/product_tag?post=19702"}],"curies":[{"name":"wp","href":"https:\/\/api.w.org\/{rel}","templated":true}]}}