{"id":19530,"date":"2024-07-12T16:20:40","date_gmt":"2024-07-12T13:20:40","guid":{"rendered":"https:\/\/tene.ee\/toode\/puidust-garaaz-somero-70-mm\/"},"modified":"2026-04-10T02:10:35","modified_gmt":"2026-04-09T23:10:35","slug":"puidust-garaaz-somero-70-mm-2","status":"publish","type":"product","link":"https:\/\/tene.ee\/sk\/toode\/puidust-garaaz-somero-70-mm-2\/","title":{"rendered":"Puidust Garaa\u017e Somero, 70 mm"},"content":{"rendered":"<p>Tene aia- ja puitmajade tehases toodetud aiamajade, palkmajade, varjualuste, paviljonide, saunade, suvemajade, grillkodade ja puidust garaa\u017eide komplekti kuuluvad uksed, aknad, kinnitusvahendid ja paigaldusjuhend, mis teeb ehitamise lihtsaks ja v\u00e4he aegan\u00f5udvaks.<\/p>\n<p>Tene 70 millimeetrise seinapaksusega puidust garaa\u017ei komplekti vastavalt mudelile kuulub:<\/p>\n<ul>\n<li>Puitmaterjalina kasutatud 100% p\u00f5hjamaine kvaliteetne kuusk<\/li>\n<li>Erikuivast liimpuidust (8%-12%) toodetud uksed ja aknad<\/li>\n<li>Klaaspaketiga uks, sisaldab furnituuri<\/li>\n<li>2 x klaaspaketiga topeltaken (\u00fcks pool p\u00f6\u00f6rdavatav aken, teine pool p\u00f6\u00f6rdkaldavatav aken), sisaldab furnituuri<\/li>\n<li>Laudisega garaa\u017eiv\u00e4rav, sisaldab furnituuri<\/li>\n<li>Lagi, valmistatud 18 mm paksusest profiillauast<\/li>\n<li>Autoklaavis immutatud puidust vundamendiprussid<\/li>\n<li>Tormiliistud<\/li>\n<li>Kinnitusvahendeid (naelad ja kruvid)<\/li>\n<li>Paigaldusjuhend<\/li>\n<\/ul>\n<p><strong>Hinnad sisaldavad k\u00e4ibemaksu.<\/strong><\/p>\n","protected":false},"excerpt":{"rendered":"<p>Hinnas liimpuidust klaaspaketiga uks ja klaaspaketiga aken, garaa\u017eiv\u00e4rav, immutatud vundamendiprussid, kinnitusvahendid ja paigaldusjuhend.<\/p>\n<p>Hind ei sisalda katusekatte materjali.<\/p>\n","protected":false},"featured_media":6926,"template":"","meta":{"_acf_changed":false},"product_brand":[],"product_cat":[566,564,587],"product_tag":[],"class_list":{"0":"post-19530","1":"product","2":"type-product","3":"status-publish","4":"has-post-thumbnail","6":"product_cat-drevene-garaze-so-70-mm-stenami","7":"product_cat-garaze-sk","8":"product_cat-nove-produkty-sk","9":"product_shipping_class-0e-sk","10":"pa_katuse-tuup-sikma-strecha-sk","11":"pa_pindala-20-40-m2-sk","12":"pa_seina-paksus-70-mm-sk","14":"first","15":"onbackorder","16":"sale","17":"purchasable","18":"product-type-simple"},"acf":[],"yoast_head":"<!-- This site is optimized with the Yoast SEO plugin v27.3 - https:\/\/yoast.com\/product\/yoast-seo-wordpress\/ -->\n<title>Tene.ee - Puidust Garaa\u017e Somero, 70 mm<\/title>\n<meta name=\"description\" content=\"Tene.ee Puidust Garaa\u017e Somero, 70 mm\" \/>\n<meta name=\"robots\" content=\"index, follow, max-snippet:-1, max-image-preview:large, max-video-preview:-1\" \/>\n<link rel=\"canonical\" href=\"https:\/\/tene.ee\/sk\/toode\/puidust-garaaz-somero-70-mm-2\/\" \/>\n<meta property=\"og:locale\" content=\"sk_SK\" \/>\n<meta property=\"og:type\" content=\"article\" \/>\n<meta property=\"og:title\" content=\"Tene.ee - Puidust Garaa\u017e Somero, 70 mm\" \/>\n<meta property=\"og:description\" content=\"Tene.ee Puidust Garaa\u017e Somero, 70 mm\" \/>\n<meta property=\"og:url\" content=\"https:\/\/tene.ee\/sk\/toode\/puidust-garaaz-somero-70-mm-2\/\" \/>\n<meta property=\"og:site_name\" content=\"Tene.ee\" \/>\n<meta property=\"article:publisher\" content=\"https:\/\/www.facebook.com\/teneaiamajad\" \/>\n<meta property=\"article:modified_time\" content=\"2026-04-09T23:10:35+00:00\" \/>\n<meta property=\"og:image\" content=\"https:\/\/tene.ee\/wp-content\/uploads\/2024\/07\/Garage_Somero.jpeg\" \/>\n\t<meta property=\"og:image:width\" content=\"2500\" \/>\n\t<meta property=\"og:image:height\" content=\"1667\" \/>\n\t<meta property=\"og:image:type\" content=\"image\/jpeg\" \/>\n<meta name=\"twitter:card\" content=\"summary_large_image\" \/>\n<meta name=\"twitter:label1\" content=\"Predpokladan\u00fd \u010das \u010d\u00edtania\" \/>\n\t<meta name=\"twitter:data1\" content=\"1 min\u00fata\" \/>\n<script type=\"application\/ld+json\" class=\"yoast-schema-graph\">{\"@context\":\"https:\\\/\\\/schema.org\",\"@graph\":[{\"@type\":\"WebPage\",\"@id\":\"https:\\\/\\\/tene.ee\\\/sk\\\/toode\\\/puidust-garaaz-somero-70-mm-2\\\/\",\"url\":\"https:\\\/\\\/tene.ee\\\/sk\\\/toode\\\/puidust-garaaz-somero-70-mm-2\\\/\",\"name\":\"Tene.ee - Puidust Garaa\u017e Somero, 70 mm\",\"isPartOf\":{\"@id\":\"https:\\\/\\\/tene.ee\\\/sk\\\/#website\"},\"primaryImageOfPage\":{\"@id\":\"https:\\\/\\\/tene.ee\\\/sk\\\/toode\\\/puidust-garaaz-somero-70-mm-2\\\/#primaryimage\"},\"image\":{\"@id\":\"https:\\\/\\\/tene.ee\\\/sk\\\/toode\\\/puidust-garaaz-somero-70-mm-2\\\/#primaryimage\"},\"thumbnailUrl\":\"https:\\\/\\\/tene.ee\\\/wp-content\\\/uploads\\\/2024\\\/07\\\/Garage_Somero.jpeg\",\"datePublished\":\"2024-07-12T13:20:40+00:00\",\"dateModified\":\"2026-04-09T23:10:35+00:00\",\"description\":\"Tene.ee Puidust Garaa\u017e Somero, 70 mm\",\"breadcrumb\":{\"@id\":\"https:\\\/\\\/tene.ee\\\/sk\\\/toode\\\/puidust-garaaz-somero-70-mm-2\\\/#breadcrumb\"},\"inLanguage\":\"sk-SK\",\"potentialAction\":[{\"@type\":\"ReadAction\",\"target\":[\"https:\\\/\\\/tene.ee\\\/sk\\\/toode\\\/puidust-garaaz-somero-70-mm-2\\\/\"]}]},{\"@type\":\"ImageObject\",\"inLanguage\":\"sk-SK\",\"@id\":\"https:\\\/\\\/tene.ee\\\/sk\\\/toode\\\/puidust-garaaz-somero-70-mm-2\\\/#primaryimage\",\"url\":\"https:\\\/\\\/tene.ee\\\/wp-content\\\/uploads\\\/2024\\\/07\\\/Garage_Somero.jpeg\",\"contentUrl\":\"https:\\\/\\\/tene.ee\\\/wp-content\\\/uploads\\\/2024\\\/07\\\/Garage_Somero.jpeg\",\"width\":2500,\"height\":1667},{\"@type\":\"BreadcrumbList\",\"@id\":\"https:\\\/\\\/tene.ee\\\/sk\\\/toode\\\/puidust-garaaz-somero-70-mm-2\\\/#breadcrumb\",\"itemListElement\":[{\"@type\":\"ListItem\",\"position\":1,\"name\":\"Avaleht\",\"item\":\"http:\\\/\\\/tene.ee\\\/sk\\\/\"},{\"@type\":\"ListItem\",\"position\":2,\"name\":\"V\u0161etky produkty\",\"item\":\"http:\\\/\\\/tene.ee\\\/sk\\\/shop\\\/\"},{\"@type\":\"ListItem\",\"position\":3,\"name\":\"Puidust Garaa\u017e Somero, 70 mm\"}]},{\"@type\":\"WebSite\",\"@id\":\"https:\\\/\\\/tene.ee\\\/sk\\\/#website\",\"url\":\"https:\\\/\\\/tene.ee\\\/sk\\\/\",\"name\":\"Tene.ee - Kaunite hetkede jaoks sinu aias\",\"description\":\"Tene.ee - parimad puit- ja aiamajad otse tootjalt\",\"publisher\":{\"@id\":\"https:\\\/\\\/tene.ee\\\/sk\\\/#organization\"},\"alternateName\":\"Tene.ee\",\"potentialAction\":[{\"@type\":\"SearchAction\",\"target\":{\"@type\":\"EntryPoint\",\"urlTemplate\":\"https:\\\/\\\/tene.ee\\\/sk\\\/?s={search_term_string}\"},\"query-input\":{\"@type\":\"PropertyValueSpecification\",\"valueRequired\":true,\"valueName\":\"search_term_string\"}}],\"inLanguage\":\"sk-SK\"},{\"@type\":\"Organization\",\"@id\":\"https:\\\/\\\/tene.ee\\\/sk\\\/#organization\",\"name\":\"Tene.ee\",\"url\":\"https:\\\/\\\/tene.ee\\\/sk\\\/\",\"logo\":{\"@type\":\"ImageObject\",\"inLanguage\":\"sk-SK\",\"@id\":\"https:\\\/\\\/tene.ee\\\/sk\\\/#\\\/schema\\\/logo\\\/image\\\/\",\"url\":\"https:\\\/\\\/tene.ee\\\/wp-content\\\/uploads\\\/2024\\\/12\\\/TENE-logo-2018-2.png\",\"contentUrl\":\"https:\\\/\\\/tene.ee\\\/wp-content\\\/uploads\\\/2024\\\/12\\\/TENE-logo-2018-2.png\",\"width\":2339,\"height\":1654,\"caption\":\"Tene.ee\"},\"image\":{\"@id\":\"https:\\\/\\\/tene.ee\\\/sk\\\/#\\\/schema\\\/logo\\\/image\\\/\"},\"sameAs\":[\"https:\\\/\\\/www.facebook.com\\\/teneaiamajad\"]}]}<\/script>\n<!-- \/ Yoast SEO plugin. -->","yoast_head_json":{"title":"Tene.ee - Puidust Garaa\u017e Somero, 70 mm","description":"Tene.ee Puidust Garaa\u017e Somero, 70 mm","robots":{"index":"index","follow":"follow","max-snippet":"max-snippet:-1","max-image-preview":"max-image-preview:large","max-video-preview":"max-video-preview:-1"},"canonical":"https:\/\/tene.ee\/sk\/toode\/puidust-garaaz-somero-70-mm-2\/","og_locale":"sk_SK","og_type":"article","og_title":"Tene.ee - Puidust Garaa\u017e Somero, 70 mm","og_description":"Tene.ee Puidust Garaa\u017e Somero, 70 mm","og_url":"https:\/\/tene.ee\/sk\/toode\/puidust-garaaz-somero-70-mm-2\/","og_site_name":"Tene.ee","article_publisher":"https:\/\/www.facebook.com\/teneaiamajad","article_modified_time":"2026-04-09T23:10:35+00:00","og_image":[{"width":2500,"height":1667,"url":"https:\/\/tene.ee\/wp-content\/uploads\/2024\/07\/Garage_Somero.jpeg","type":"image\/jpeg"}],"twitter_card":"summary_large_image","twitter_misc":{"Predpokladan\u00fd \u010das \u010d\u00edtania":"1 min\u00fata"},"schema":{"@context":"https:\/\/schema.org","@graph":[{"@type":"WebPage","@id":"https:\/\/tene.ee\/sk\/toode\/puidust-garaaz-somero-70-mm-2\/","url":"https:\/\/tene.ee\/sk\/toode\/puidust-garaaz-somero-70-mm-2\/","name":"Tene.ee - Puidust Garaa\u017e Somero, 70 mm","isPartOf":{"@id":"https:\/\/tene.ee\/sk\/#website"},"primaryImageOfPage":{"@id":"https:\/\/tene.ee\/sk\/toode\/puidust-garaaz-somero-70-mm-2\/#primaryimage"},"image":{"@id":"https:\/\/tene.ee\/sk\/toode\/puidust-garaaz-somero-70-mm-2\/#primaryimage"},"thumbnailUrl":"https:\/\/tene.ee\/wp-content\/uploads\/2024\/07\/Garage_Somero.jpeg","datePublished":"2024-07-12T13:20:40+00:00","dateModified":"2026-04-09T23:10:35+00:00","description":"Tene.ee Puidust Garaa\u017e Somero, 70 mm","breadcrumb":{"@id":"https:\/\/tene.ee\/sk\/toode\/puidust-garaaz-somero-70-mm-2\/#breadcrumb"},"inLanguage":"sk-SK","potentialAction":[{"@type":"ReadAction","target":["https:\/\/tene.ee\/sk\/toode\/puidust-garaaz-somero-70-mm-2\/"]}]},{"@type":"ImageObject","inLanguage":"sk-SK","@id":"https:\/\/tene.ee\/sk\/toode\/puidust-garaaz-somero-70-mm-2\/#primaryimage","url":"https:\/\/tene.ee\/wp-content\/uploads\/2024\/07\/Garage_Somero.jpeg","contentUrl":"https:\/\/tene.ee\/wp-content\/uploads\/2024\/07\/Garage_Somero.jpeg","width":2500,"height":1667},{"@type":"BreadcrumbList","@id":"https:\/\/tene.ee\/sk\/toode\/puidust-garaaz-somero-70-mm-2\/#breadcrumb","itemListElement":[{"@type":"ListItem","position":1,"name":"Avaleht","item":"http:\/\/tene.ee\/sk\/"},{"@type":"ListItem","position":2,"name":"V\u0161etky produkty","item":"http:\/\/tene.ee\/sk\/shop\/"},{"@type":"ListItem","position":3,"name":"Puidust Garaa\u017e Somero, 70 mm"}]},{"@type":"WebSite","@id":"https:\/\/tene.ee\/sk\/#website","url":"https:\/\/tene.ee\/sk\/","name":"Tene.ee - Kaunite hetkede jaoks sinu aias","description":"Tene.ee - parimad puit- ja aiamajad otse tootjalt","publisher":{"@id":"https:\/\/tene.ee\/sk\/#organization"},"alternateName":"Tene.ee","potentialAction":[{"@type":"SearchAction","target":{"@type":"EntryPoint","urlTemplate":"https:\/\/tene.ee\/sk\/?s={search_term_string}"},"query-input":{"@type":"PropertyValueSpecification","valueRequired":true,"valueName":"search_term_string"}}],"inLanguage":"sk-SK"},{"@type":"Organization","@id":"https:\/\/tene.ee\/sk\/#organization","name":"Tene.ee","url":"https:\/\/tene.ee\/sk\/","logo":{"@type":"ImageObject","inLanguage":"sk-SK","@id":"https:\/\/tene.ee\/sk\/#\/schema\/logo\/image\/","url":"https:\/\/tene.ee\/wp-content\/uploads\/2024\/12\/TENE-logo-2018-2.png","contentUrl":"https:\/\/tene.ee\/wp-content\/uploads\/2024\/12\/TENE-logo-2018-2.png","width":2339,"height":1654,"caption":"Tene.ee"},"image":{"@id":"https:\/\/tene.ee\/sk\/#\/schema\/logo\/image\/"},"sameAs":["https:\/\/www.facebook.com\/teneaiamajad"]}]}},"_links":{"self":[{"href":"https:\/\/tene.ee\/sk\/wp-json\/wp\/v2\/product\/19530","targetHints":{"allow":["GET"]}}],"collection":[{"href":"https:\/\/tene.ee\/sk\/wp-json\/wp\/v2\/product"}],"about":[{"href":"https:\/\/tene.ee\/sk\/wp-json\/wp\/v2\/types\/product"}],"wp:featuredmedia":[{"embeddable":true,"href":"https:\/\/tene.ee\/sk\/wp-json\/wp\/v2\/media\/6926"}],"wp:attachment":[{"href":"https:\/\/tene.ee\/sk\/wp-json\/wp\/v2\/media?parent=19530"}],"wp:term":[{"taxonomy":"product_brand","embeddable":true,"href":"https:\/\/tene.ee\/sk\/wp-json\/wp\/v2\/product_brand?post=19530"},{"taxonomy":"product_cat","embeddable":true,"href":"https:\/\/tene.ee\/sk\/wp-json\/wp\/v2\/product_cat?post=19530"},{"taxonomy":"product_tag","embeddable":true,"href":"https:\/\/tene.ee\/sk\/wp-json\/wp\/v2\/product_tag?post=19530"}],"curies":[{"name":"wp","href":"https:\/\/api.w.org\/{rel}","templated":true}]}}