{"id":19509,"date":"2024-07-12T16:20:40","date_gmt":"2024-07-12T13:20:40","guid":{"rendered":"https:\/\/tene.ee\/toode\/kumblustunn-standard-o-180-sinine-kaanega\/"},"modified":"2026-04-10T02:11:13","modified_gmt":"2026-04-09T23:11:13","slug":"kumblustunn-standard-o-180-sinine-kaanega","status":"publish","type":"product","link":"https:\/\/tene.ee\/sk\/toode\/kumblustunn-standard-o-180-sinine-kaanega\/","title":{"rendered":"K\u00fcmblust\u00fcnn Standard, \u00d8 180 sinine kaanega"},"content":{"rendered":"<p>Rotatsioonivalu meetodil on PE-plastikust (pol\u00fcet\u00fcleenplastikust) valmistatud k\u00fcmblust\u00fcnni sisu ja kaas, sisse valatud istumisalus on soojustatud 40cm paksuse vahtpol\u00fcst\u00fcrooliga.<br \/>\nValatud PE-plastikust siseosa on v\u00e4ga lihtne puhastada, k\u00fcmblust\u00fcnn on varustatud trapiga ja kraaniga vee\u00e4ravoolutoruga.<\/p>\n<p>K\u00fcmblust\u00fcnn koos kaanega on v\u00e4ga vastupidav ilmastikutingimustele, ei karda ei sooja ega k\u00fclma.<\/p>\n<p>T\u00e4nu k\u00fcmblust\u00fcnni kaanele soojeneb k\u00fcmblust\u00fcnni vesi kiiremini ja suletud kaanega k\u00fcmblust\u00fcnni vette ei satu prahti ega sodi.<\/p>\n<p>Merealumiiniumist v\u00e4list k\u00fcmblust\u00fcnni ahju on v\u00f5imalik k\u00fctta kuni 50cm pikkade puudega, sellisel juhul on vee soojenemise aeg ca 3-3,5 tundi, puitbriketiga k\u00fcttes on vee soojendamiseks vajaminev aeg ca 1 tunni v\u00f5rra l\u00fchem ehk siis 2,5-3,5 tundi, briketi kulu k\u00fctmiseks on ca 25kg.<\/p>\n<p>T\u00fcnnisauna soojaks k\u00fctmise aeg s\u00f5ltub lisaks ka aastaajast, mist\u00f5ttu talvel v\u00f5ib k\u00fctmise aeg olla oluliselt pikem v\u00f5rreldes suvise ajaga, kus t\u00fcnn soojeneb kiiremini.<\/p>\n","protected":false},"excerpt":{"rendered":"<p>Kaanega k\u00fcmblust\u00fcnn kuni 6-le inimesele.<\/p>\n<ul>\n<li>K\u00fcmblust\u00fcnni v\u00e4line \u00d8 183 cm<\/li>\n<li>K\u00fcmblust\u00fcnni v\u00e4line diameeter koos kaanega 187 cm<\/li>\n<li>Vee kogus t\u00fcnnis 1450 L<\/li>\n<li>K\u00fcmblust\u00fcnni k\u00f5rgus maapinnast 119 cm<\/li>\n<li>K\u00fcmblust\u00fcnni k\u00f5rgus maapinnast koos kaanega 145 cm<\/li>\n<li>Merealumiiniumist v\u00e4line ahi (m\u00f5\u00f5dud 65 x 42 x 62 cm)<\/li>\n<li>Korstna pikkus 200 cm<\/li>\n<li>Puidust \u00fcmbris viimistletud puiduvahaga<\/li>\n<li>Sisu ja kaane v\u00e4rvitoon on sinine graniit<\/li>\n<li>Vee \u00e4ravool koos kraaniga<\/li>\n<li>K\u00fctteaeg veele temperatuuriga 5-38\u00b0 50cm pikkuste puudega ca 3-3,5 tundi (puitbriketiga k\u00fcttes ca 2-2,5 tundi)<\/li>\n<li>K\u00fcmblust\u00fcnni kaal koos ahjuga ca 250 kg<\/li>\n<li>K\u00fcmblust\u00fcnni aluskarkass on 45 x 70 cm immutatud puidust<\/li>\n<\/ul>\n<p><strong>Hinnad sisaldavad k\u00e4ibemaksu.<\/strong><br \/>\n<strong>Hinnad ei sisalda toote transporti.<\/strong><\/p>\n","protected":false},"featured_media":6790,"template":"","meta":{"_acf_changed":false},"product_brand":[],"product_cat":[569],"product_tag":[],"class_list":{"0":"post-19509","1":"product","2":"type-product","3":"status-publish","4":"has-post-thumbnail","6":"product_cat-virivky-sk","7":"pa_kumblustunni-diameeter-183-cm-sk","9":"first","10":"instock","11":"sale","12":"purchasable","13":"product-type-simple"},"acf":[],"yoast_head":"<!-- This site is optimized with the Yoast SEO plugin v27.3 - https:\/\/yoast.com\/product\/yoast-seo-wordpress\/ -->\n<title>Tene.ee - K\u00fcmblust\u00fcnn Standard, \u00d8 180 sinine kaanega<\/title>\n<meta name=\"description\" content=\"Tene.ee K\u00fcmblust\u00fcnn Standard, \u00d8 180 sinine kaanega\" \/>\n<meta name=\"robots\" content=\"index, follow, max-snippet:-1, max-image-preview:large, max-video-preview:-1\" \/>\n<link rel=\"canonical\" href=\"https:\/\/tene.ee\/sk\/toode\/kumblustunn-standard-o-180-sinine-kaanega\/\" \/>\n<meta property=\"og:locale\" content=\"sk_SK\" \/>\n<meta property=\"og:type\" content=\"article\" \/>\n<meta property=\"og:title\" content=\"Tene.ee - K\u00fcmblust\u00fcnn Standard, \u00d8 180 sinine kaanega\" \/>\n<meta property=\"og:description\" content=\"Tene.ee K\u00fcmblust\u00fcnn Standard, \u00d8 180 sinine kaanega\" \/>\n<meta property=\"og:url\" content=\"https:\/\/tene.ee\/sk\/toode\/kumblustunn-standard-o-180-sinine-kaanega\/\" \/>\n<meta property=\"og:site_name\" content=\"Tene.ee\" \/>\n<meta property=\"article:publisher\" content=\"https:\/\/www.facebook.com\/teneaiamajad\" \/>\n<meta property=\"article:modified_time\" content=\"2026-04-09T23:11:13+00:00\" \/>\n<meta property=\"og:image\" content=\"https:\/\/tene.ee\/wp-content\/uploads\/2024\/07\/Kymblustynn_Standard180_sinine_kaanega-1024x683.jpg\" \/>\n\t<meta property=\"og:image:width\" content=\"1024\" \/>\n\t<meta property=\"og:image:height\" content=\"683\" \/>\n\t<meta property=\"og:image:type\" content=\"image\/jpeg\" \/>\n<meta name=\"twitter:card\" content=\"summary_large_image\" \/>\n<meta name=\"twitter:label1\" content=\"Predpokladan\u00fd \u010das \u010d\u00edtania\" \/>\n\t<meta name=\"twitter:data1\" content=\"1 min\u00fata\" \/>\n<script type=\"application\/ld+json\" class=\"yoast-schema-graph\">{\"@context\":\"https:\\\/\\\/schema.org\",\"@graph\":[{\"@type\":\"WebPage\",\"@id\":\"https:\\\/\\\/tene.ee\\\/sk\\\/toode\\\/kumblustunn-standard-o-180-sinine-kaanega\\\/\",\"url\":\"https:\\\/\\\/tene.ee\\\/sk\\\/toode\\\/kumblustunn-standard-o-180-sinine-kaanega\\\/\",\"name\":\"Tene.ee - K\u00fcmblust\u00fcnn Standard, \u00d8 180 sinine kaanega\",\"isPartOf\":{\"@id\":\"https:\\\/\\\/tene.ee\\\/sk\\\/#website\"},\"primaryImageOfPage\":{\"@id\":\"https:\\\/\\\/tene.ee\\\/sk\\\/toode\\\/kumblustunn-standard-o-180-sinine-kaanega\\\/#primaryimage\"},\"image\":{\"@id\":\"https:\\\/\\\/tene.ee\\\/sk\\\/toode\\\/kumblustunn-standard-o-180-sinine-kaanega\\\/#primaryimage\"},\"thumbnailUrl\":\"https:\\\/\\\/tene.ee\\\/wp-content\\\/uploads\\\/2024\\\/07\\\/Kymblustynn_Standard180_sinine_kaanega.jpg\",\"datePublished\":\"2024-07-12T13:20:40+00:00\",\"dateModified\":\"2026-04-09T23:11:13+00:00\",\"description\":\"Tene.ee K\u00fcmblust\u00fcnn Standard, \u00d8 180 sinine kaanega\",\"breadcrumb\":{\"@id\":\"https:\\\/\\\/tene.ee\\\/sk\\\/toode\\\/kumblustunn-standard-o-180-sinine-kaanega\\\/#breadcrumb\"},\"inLanguage\":\"sk-SK\",\"potentialAction\":[{\"@type\":\"ReadAction\",\"target\":[\"https:\\\/\\\/tene.ee\\\/sk\\\/toode\\\/kumblustunn-standard-o-180-sinine-kaanega\\\/\"]}]},{\"@type\":\"ImageObject\",\"inLanguage\":\"sk-SK\",\"@id\":\"https:\\\/\\\/tene.ee\\\/sk\\\/toode\\\/kumblustunn-standard-o-180-sinine-kaanega\\\/#primaryimage\",\"url\":\"https:\\\/\\\/tene.ee\\\/wp-content\\\/uploads\\\/2024\\\/07\\\/Kymblustynn_Standard180_sinine_kaanega.jpg\",\"contentUrl\":\"https:\\\/\\\/tene.ee\\\/wp-content\\\/uploads\\\/2024\\\/07\\\/Kymblustynn_Standard180_sinine_kaanega.jpg\",\"width\":2500,\"height\":1667},{\"@type\":\"BreadcrumbList\",\"@id\":\"https:\\\/\\\/tene.ee\\\/sk\\\/toode\\\/kumblustunn-standard-o-180-sinine-kaanega\\\/#breadcrumb\",\"itemListElement\":[{\"@type\":\"ListItem\",\"position\":1,\"name\":\"Avaleht\",\"item\":\"http:\\\/\\\/tene.ee\\\/sk\\\/\"},{\"@type\":\"ListItem\",\"position\":2,\"name\":\"V\u0161etky produkty\",\"item\":\"http:\\\/\\\/tene.ee\\\/sk\\\/shop\\\/\"},{\"@type\":\"ListItem\",\"position\":3,\"name\":\"K\u00fcmblust\u00fcnn Standard, \u00d8 180 sinine kaanega\"}]},{\"@type\":\"WebSite\",\"@id\":\"https:\\\/\\\/tene.ee\\\/sk\\\/#website\",\"url\":\"https:\\\/\\\/tene.ee\\\/sk\\\/\",\"name\":\"Tene.ee - Kaunite hetkede jaoks sinu aias\",\"description\":\"Tene.ee - parimad puit- ja aiamajad otse tootjalt\",\"publisher\":{\"@id\":\"https:\\\/\\\/tene.ee\\\/sk\\\/#organization\"},\"alternateName\":\"Tene.ee\",\"potentialAction\":[{\"@type\":\"SearchAction\",\"target\":{\"@type\":\"EntryPoint\",\"urlTemplate\":\"https:\\\/\\\/tene.ee\\\/sk\\\/?s={search_term_string}\"},\"query-input\":{\"@type\":\"PropertyValueSpecification\",\"valueRequired\":true,\"valueName\":\"search_term_string\"}}],\"inLanguage\":\"sk-SK\"},{\"@type\":\"Organization\",\"@id\":\"https:\\\/\\\/tene.ee\\\/sk\\\/#organization\",\"name\":\"Tene.ee\",\"url\":\"https:\\\/\\\/tene.ee\\\/sk\\\/\",\"logo\":{\"@type\":\"ImageObject\",\"inLanguage\":\"sk-SK\",\"@id\":\"https:\\\/\\\/tene.ee\\\/sk\\\/#\\\/schema\\\/logo\\\/image\\\/\",\"url\":\"https:\\\/\\\/tene.ee\\\/wp-content\\\/uploads\\\/2024\\\/12\\\/TENE-logo-2018-2.png\",\"contentUrl\":\"https:\\\/\\\/tene.ee\\\/wp-content\\\/uploads\\\/2024\\\/12\\\/TENE-logo-2018-2.png\",\"width\":2339,\"height\":1654,\"caption\":\"Tene.ee\"},\"image\":{\"@id\":\"https:\\\/\\\/tene.ee\\\/sk\\\/#\\\/schema\\\/logo\\\/image\\\/\"},\"sameAs\":[\"https:\\\/\\\/www.facebook.com\\\/teneaiamajad\"]}]}<\/script>\n<!-- \/ Yoast SEO plugin. -->","yoast_head_json":{"title":"Tene.ee - K\u00fcmblust\u00fcnn Standard, \u00d8 180 sinine kaanega","description":"Tene.ee K\u00fcmblust\u00fcnn Standard, \u00d8 180 sinine kaanega","robots":{"index":"index","follow":"follow","max-snippet":"max-snippet:-1","max-image-preview":"max-image-preview:large","max-video-preview":"max-video-preview:-1"},"canonical":"https:\/\/tene.ee\/sk\/toode\/kumblustunn-standard-o-180-sinine-kaanega\/","og_locale":"sk_SK","og_type":"article","og_title":"Tene.ee - K\u00fcmblust\u00fcnn Standard, \u00d8 180 sinine kaanega","og_description":"Tene.ee K\u00fcmblust\u00fcnn Standard, \u00d8 180 sinine kaanega","og_url":"https:\/\/tene.ee\/sk\/toode\/kumblustunn-standard-o-180-sinine-kaanega\/","og_site_name":"Tene.ee","article_publisher":"https:\/\/www.facebook.com\/teneaiamajad","article_modified_time":"2026-04-09T23:11:13+00:00","og_image":[{"width":1024,"height":683,"url":"https:\/\/tene.ee\/wp-content\/uploads\/2024\/07\/Kymblustynn_Standard180_sinine_kaanega-1024x683.jpg","type":"image\/jpeg"}],"twitter_card":"summary_large_image","twitter_misc":{"Predpokladan\u00fd \u010das \u010d\u00edtania":"1 min\u00fata"},"schema":{"@context":"https:\/\/schema.org","@graph":[{"@type":"WebPage","@id":"https:\/\/tene.ee\/sk\/toode\/kumblustunn-standard-o-180-sinine-kaanega\/","url":"https:\/\/tene.ee\/sk\/toode\/kumblustunn-standard-o-180-sinine-kaanega\/","name":"Tene.ee - K\u00fcmblust\u00fcnn Standard, \u00d8 180 sinine kaanega","isPartOf":{"@id":"https:\/\/tene.ee\/sk\/#website"},"primaryImageOfPage":{"@id":"https:\/\/tene.ee\/sk\/toode\/kumblustunn-standard-o-180-sinine-kaanega\/#primaryimage"},"image":{"@id":"https:\/\/tene.ee\/sk\/toode\/kumblustunn-standard-o-180-sinine-kaanega\/#primaryimage"},"thumbnailUrl":"https:\/\/tene.ee\/wp-content\/uploads\/2024\/07\/Kymblustynn_Standard180_sinine_kaanega.jpg","datePublished":"2024-07-12T13:20:40+00:00","dateModified":"2026-04-09T23:11:13+00:00","description":"Tene.ee K\u00fcmblust\u00fcnn Standard, \u00d8 180 sinine kaanega","breadcrumb":{"@id":"https:\/\/tene.ee\/sk\/toode\/kumblustunn-standard-o-180-sinine-kaanega\/#breadcrumb"},"inLanguage":"sk-SK","potentialAction":[{"@type":"ReadAction","target":["https:\/\/tene.ee\/sk\/toode\/kumblustunn-standard-o-180-sinine-kaanega\/"]}]},{"@type":"ImageObject","inLanguage":"sk-SK","@id":"https:\/\/tene.ee\/sk\/toode\/kumblustunn-standard-o-180-sinine-kaanega\/#primaryimage","url":"https:\/\/tene.ee\/wp-content\/uploads\/2024\/07\/Kymblustynn_Standard180_sinine_kaanega.jpg","contentUrl":"https:\/\/tene.ee\/wp-content\/uploads\/2024\/07\/Kymblustynn_Standard180_sinine_kaanega.jpg","width":2500,"height":1667},{"@type":"BreadcrumbList","@id":"https:\/\/tene.ee\/sk\/toode\/kumblustunn-standard-o-180-sinine-kaanega\/#breadcrumb","itemListElement":[{"@type":"ListItem","position":1,"name":"Avaleht","item":"http:\/\/tene.ee\/sk\/"},{"@type":"ListItem","position":2,"name":"V\u0161etky produkty","item":"http:\/\/tene.ee\/sk\/shop\/"},{"@type":"ListItem","position":3,"name":"K\u00fcmblust\u00fcnn Standard, \u00d8 180 sinine kaanega"}]},{"@type":"WebSite","@id":"https:\/\/tene.ee\/sk\/#website","url":"https:\/\/tene.ee\/sk\/","name":"Tene.ee - Kaunite hetkede jaoks sinu aias","description":"Tene.ee - parimad puit- ja aiamajad otse tootjalt","publisher":{"@id":"https:\/\/tene.ee\/sk\/#organization"},"alternateName":"Tene.ee","potentialAction":[{"@type":"SearchAction","target":{"@type":"EntryPoint","urlTemplate":"https:\/\/tene.ee\/sk\/?s={search_term_string}"},"query-input":{"@type":"PropertyValueSpecification","valueRequired":true,"valueName":"search_term_string"}}],"inLanguage":"sk-SK"},{"@type":"Organization","@id":"https:\/\/tene.ee\/sk\/#organization","name":"Tene.ee","url":"https:\/\/tene.ee\/sk\/","logo":{"@type":"ImageObject","inLanguage":"sk-SK","@id":"https:\/\/tene.ee\/sk\/#\/schema\/logo\/image\/","url":"https:\/\/tene.ee\/wp-content\/uploads\/2024\/12\/TENE-logo-2018-2.png","contentUrl":"https:\/\/tene.ee\/wp-content\/uploads\/2024\/12\/TENE-logo-2018-2.png","width":2339,"height":1654,"caption":"Tene.ee"},"image":{"@id":"https:\/\/tene.ee\/sk\/#\/schema\/logo\/image\/"},"sameAs":["https:\/\/www.facebook.com\/teneaiamajad"]}]}},"_links":{"self":[{"href":"https:\/\/tene.ee\/sk\/wp-json\/wp\/v2\/product\/19509","targetHints":{"allow":["GET"]}}],"collection":[{"href":"https:\/\/tene.ee\/sk\/wp-json\/wp\/v2\/product"}],"about":[{"href":"https:\/\/tene.ee\/sk\/wp-json\/wp\/v2\/types\/product"}],"wp:featuredmedia":[{"embeddable":true,"href":"https:\/\/tene.ee\/sk\/wp-json\/wp\/v2\/media\/6790"}],"wp:attachment":[{"href":"https:\/\/tene.ee\/sk\/wp-json\/wp\/v2\/media?parent=19509"}],"wp:term":[{"taxonomy":"product_brand","embeddable":true,"href":"https:\/\/tene.ee\/sk\/wp-json\/wp\/v2\/product_brand?post=19509"},{"taxonomy":"product_cat","embeddable":true,"href":"https:\/\/tene.ee\/sk\/wp-json\/wp\/v2\/product_cat?post=19509"},{"taxonomy":"product_tag","embeddable":true,"href":"https:\/\/tene.ee\/sk\/wp-json\/wp\/v2\/product_tag?post=19509"}],"curies":[{"name":"wp","href":"https:\/\/api.w.org\/{rel}","templated":true}]}}