{"id":19479,"date":"2024-07-12T16:20:40","date_gmt":"2024-07-12T13:20:40","guid":{"rendered":"https:\/\/tene.ee\/toode\/puitbrikett-kandiline\/"},"modified":"2024-11-12T09:05:22","modified_gmt":"2024-11-12T07:05:22","slug":"puitbrikett-kandiline","status":"publish","type":"product","link":"https:\/\/tene.ee\/sk\/toode\/puitbrikett-kandiline\/","title":{"rendered":"\u00c3\u2026\u00c2\u00a0tvorcov\u00c3\u0192\u00c2\u00a9 brikety"},"content":{"rendered":"<p>\u00c3\u2026\u00c2\u00a0tvorcov\u00c3\u0192\u00c2\u00a9 brikety TENE sa lisuj\u00c3\u0192\u00c2\u00ba zo such\u00c3\u0192\u00c2\u00bdch dreven\u00c3\u0192\u00c2\u00bdch hobl\u00c3\u0192\u00c2\u00adn, ktor\u00c3\u0192\u00c2\u00a9 vznikaj\u00c3\u0192\u00c2\u00ba pri v\u00c3\u0192\u00c2\u00bdrobe, pri\u00c3\u201e\u00c2\u008dom pri lisovan\u00c3\u0192\u00c2\u00ad sa nepou\u00c3\u2026\u00c2\u00be\u00c3\u0192\u00c2\u00advaj\u00c3\u0192\u00c2\u00ba \u00c3\u2026\u00c2\u00beiadne lepidl\u00c3\u0192\u00c2\u00a1. Vysokokvalitn\u00c3\u0192\u00c2\u00a9 dreven\u00c3\u0192\u00c2\u00a9 brikety TENE neobsahuj\u00c3\u0192\u00c2\u00ba k\u00c3\u0192\u00c2\u00b4ru. Dreven\u00c3\u0192\u00c2\u00a9 brikety s\u00c3\u0192\u00c2\u00ba balen\u00c3\u0192\u00c2\u00a9 v plastovom obale s hmotnos\u00c3\u2026\u00c2\u00a5ou 10 kg, 96 obalov je zabalen\u00c3\u0192\u00c2\u00bdch na z\u00c3\u0192\u00c2\u00a1sobn\u00c3\u0192\u00c2\u00adku, v\u00c3\u201e\u00c2\u008faka \u00c3\u201e\u00c2\u008domu je hmotnos\u00c3\u2026\u00c2\u00a5 z\u00c3\u0192\u00c2\u00a1sobn\u00c3\u0192\u00c2\u00adka vr\u00c3\u0192\u00c2\u00a1tane nadv\u00c3\u0192\u00c2\u00a1hy 1000 &#8211; 1100 kg. Vhodn\u00c3\u0192\u00c2\u00a9 na pou\u00c3\u2026\u00c2\u00beitie vo v\u00c3\u2026\u00c2\u00a1etk\u00c3\u0192\u00c2\u00bdch kotloch na tuh\u00c3\u0192\u00c2\u00a9 palivo. technick\u00c3\u0192\u00c2\u00a9 \u00c3\u0192\u00c2\u00badaje drevn\u00c3\u0192\u00c2\u00bdch brikiet TENE.<\/p>\n<p>* Hmotnos\u00c3\u2026\u00c2\u00a5 jedn\u00c3\u0192\u00c2\u00a9ho balenia je pribli\u00c3\u2026\u00c2\u00bene 10 kg.<br \/>\n* Na z\u00c3\u0192\u00c2\u00a1sobn\u00c3\u0192\u00c2\u00adku je zabalen\u00c3\u0192\u00c2\u00bdch 96 balen\u00c3\u0192\u00c2\u00ad s celkovou hmotnos\u00c3\u2026\u00c2\u00a5ou pribli\u00c3\u2026\u00c2\u00bene 1000-1100 kg.<br \/>\n* Rozmery z\u00c3\u0192\u00c2\u00a1sobn\u00c3\u0192\u00c2\u00adka s\u00c3\u0192\u00c2\u00ba 80 x 120 cm * V\u00c3\u0192\u00c2\u00bd\u00c3\u2026\u00c2\u00a1ka z\u00c3\u0192\u00c2\u00a1sobn\u00c3\u0192\u00c2\u00adka je pribli\u00c3\u2026\u00c2\u00bene 135 cm.<br \/>\n* Balen\u00c3\u0192\u00c2\u00a9 brikety maj\u00c3\u0192\u00c2\u00ba vlhkos\u00c3\u2026\u00c2\u00a5 pribli\u00c3\u2026\u00c2\u00bene 7 &#8211; 9 %.<\/p>\n","protected":false},"excerpt":{"rendered":"<p>Kandiline TENE puitbrikett, pakitud alusele 80 x 120 cm, alusele pakitud 96 paki (ca 1000-1100 kg).<\/p>\n<p><strong>Tehases kohapeal paki kaupa m\u00c3\u0192\u00c2\u00bc\u00c3\u0192\u00c2\u00bcki ja v\u00c3\u0192\u00c2\u00a4ljastamist ei toimu!<\/strong><\/p>\n<p>96 pakki alusel (ca 1000-1100kg) hind on 250\u00c3\u201a\u00c2\u00a0\u00c3\u00a2\u00e2\u20ac\u0161\u00c2\u00ac. Hind ei sisalda transporti. <em>\u00c3\u201a\u00c2\u00a0<\/em><strong><em>\u00c3\u201a\u00c2\u00a0<\/em><\/strong><\/p>\n<p>&nbsp;<\/p>\n","protected":false},"featured_media":6726,"template":"","meta":{"_acf_changed":false},"product_brand":[],"product_cat":[573,570,571],"product_tag":[],"class_list":{"0":"post-19479","1":"product","2":"type-product","3":"status-publish","4":"has-post-thumbnail","6":"product_cat-drevene-brikety-sk","7":"product_cat-ostatne-produkty","8":"product_cat-vykurovacie-materialy","10":"first","11":"onbackorder","12":"sale","13":"purchasable","14":"product-type-simple"},"acf":[],"yoast_head":"<!-- This site is optimized with the Yoast SEO plugin v27.5 - https:\/\/yoast.com\/product\/yoast-seo-wordpress\/ -->\n<title>Tene.ee - \u00c3\u2026\u00c2\u00a0tvorcov\u00c3\u0192\u00c2\u00a9 brikety<\/title>\n<meta name=\"description\" content=\"Tene.ee \u00c3\u2026\u00c2\u00a0tvorcov\u00c3\u0192\u00c2\u00a9 brikety\" \/>\n<meta name=\"robots\" content=\"index, follow, max-snippet:-1, max-image-preview:large, max-video-preview:-1\" \/>\n<link rel=\"canonical\" href=\"https:\/\/tene.ee\/sk\/toode\/puitbrikett-kandiline\/\" \/>\n<meta property=\"og:locale\" content=\"sk_SK\" \/>\n<meta property=\"og:type\" content=\"article\" \/>\n<meta property=\"og:title\" content=\"Tene.ee - \u00c3\u2026\u00c2\u00a0tvorcov\u00c3\u0192\u00c2\u00a9 brikety\" \/>\n<meta property=\"og:description\" content=\"Tene.ee \u00c3\u2026\u00c2\u00a0tvorcov\u00c3\u0192\u00c2\u00a9 brikety\" \/>\n<meta property=\"og:url\" content=\"https:\/\/tene.ee\/sk\/toode\/puitbrikett-kandiline\/\" \/>\n<meta property=\"og:site_name\" content=\"Tene.ee\" \/>\n<meta property=\"article:publisher\" content=\"https:\/\/www.facebook.com\/teneaiamajad\" \/>\n<meta property=\"article:modified_time\" content=\"2024-11-12T07:05:22+00:00\" \/>\n<meta property=\"og:image\" content=\"https:\/\/tene.ee\/wp-content\/uploads\/2024\/07\/Tene-puitbrikett2.jpg\" \/>\n\t<meta property=\"og:image:width\" content=\"960\" \/>\n\t<meta property=\"og:image:height\" content=\"599\" \/>\n\t<meta property=\"og:image:type\" content=\"image\/jpeg\" \/>\n<meta name=\"twitter:card\" content=\"summary_large_image\" \/>\n<meta name=\"twitter:label1\" content=\"Predpokladan\u00fd \u010das \u010d\u00edtania\" \/>\n\t<meta name=\"twitter:data1\" content=\"1 min\u00fata\" \/>\n<script type=\"application\/ld+json\" class=\"yoast-schema-graph\">{\"@context\":\"https:\\\/\\\/schema.org\",\"@graph\":[{\"@type\":\"WebPage\",\"@id\":\"https:\\\/\\\/tene.ee\\\/sk\\\/toode\\\/puitbrikett-kandiline\\\/\",\"url\":\"https:\\\/\\\/tene.ee\\\/sk\\\/toode\\\/puitbrikett-kandiline\\\/\",\"name\":\"Tene.ee - \u00c3\u2026\u00c2\u00a0tvorcov\u00c3\u0192\u00c2\u00a9 brikety\",\"isPartOf\":{\"@id\":\"https:\\\/\\\/tene.ee\\\/sk\\\/#website\"},\"primaryImageOfPage\":{\"@id\":\"https:\\\/\\\/tene.ee\\\/sk\\\/toode\\\/puitbrikett-kandiline\\\/#primaryimage\"},\"image\":{\"@id\":\"https:\\\/\\\/tene.ee\\\/sk\\\/toode\\\/puitbrikett-kandiline\\\/#primaryimage\"},\"thumbnailUrl\":\"https:\\\/\\\/tene.ee\\\/wp-content\\\/uploads\\\/2024\\\/07\\\/Tene-puitbrikett2.jpg\",\"datePublished\":\"2024-07-12T13:20:40+00:00\",\"dateModified\":\"2024-11-12T07:05:22+00:00\",\"description\":\"Tene.ee \u00c3\u2026\u00c2\u00a0tvorcov\u00c3\u0192\u00c2\u00a9 brikety\",\"breadcrumb\":{\"@id\":\"https:\\\/\\\/tene.ee\\\/sk\\\/toode\\\/puitbrikett-kandiline\\\/#breadcrumb\"},\"inLanguage\":\"sk-SK\",\"potentialAction\":[{\"@type\":\"ReadAction\",\"target\":[\"https:\\\/\\\/tene.ee\\\/sk\\\/toode\\\/puitbrikett-kandiline\\\/\"]}]},{\"@type\":\"ImageObject\",\"inLanguage\":\"sk-SK\",\"@id\":\"https:\\\/\\\/tene.ee\\\/sk\\\/toode\\\/puitbrikett-kandiline\\\/#primaryimage\",\"url\":\"https:\\\/\\\/tene.ee\\\/wp-content\\\/uploads\\\/2024\\\/07\\\/Tene-puitbrikett2.jpg\",\"contentUrl\":\"https:\\\/\\\/tene.ee\\\/wp-content\\\/uploads\\\/2024\\\/07\\\/Tene-puitbrikett2.jpg\",\"width\":960,\"height\":599},{\"@type\":\"BreadcrumbList\",\"@id\":\"https:\\\/\\\/tene.ee\\\/sk\\\/toode\\\/puitbrikett-kandiline\\\/#breadcrumb\",\"itemListElement\":[{\"@type\":\"ListItem\",\"position\":1,\"name\":\"Avaleht\",\"item\":\"http:\\\/\\\/tene.ee\\\/sk\\\/\"},{\"@type\":\"ListItem\",\"position\":2,\"name\":\"V\u0161etky produkty\",\"item\":\"http:\\\/\\\/tene.ee\\\/sk\\\/shop\\\/\"},{\"@type\":\"ListItem\",\"position\":3,\"name\":\"\u00c3\u2026\u00c2\u00a0tvorcov\u00c3\u0192\u00c2\u00a9 brikety\"}]},{\"@type\":\"WebSite\",\"@id\":\"https:\\\/\\\/tene.ee\\\/sk\\\/#website\",\"url\":\"https:\\\/\\\/tene.ee\\\/sk\\\/\",\"name\":\"Tene.ee - Kaunite hetkede jaoks sinu aias\",\"description\":\"Tene.ee - parimad puit- ja aiamajad otse tootjalt\",\"publisher\":{\"@id\":\"https:\\\/\\\/tene.ee\\\/sk\\\/#organization\"},\"alternateName\":\"Tene.ee\",\"potentialAction\":[{\"@type\":\"SearchAction\",\"target\":{\"@type\":\"EntryPoint\",\"urlTemplate\":\"https:\\\/\\\/tene.ee\\\/sk\\\/?s={search_term_string}\"},\"query-input\":{\"@type\":\"PropertyValueSpecification\",\"valueRequired\":true,\"valueName\":\"search_term_string\"}}],\"inLanguage\":\"sk-SK\"},{\"@type\":\"Organization\",\"@id\":\"https:\\\/\\\/tene.ee\\\/sk\\\/#organization\",\"name\":\"Tene.ee\",\"url\":\"https:\\\/\\\/tene.ee\\\/sk\\\/\",\"logo\":{\"@type\":\"ImageObject\",\"inLanguage\":\"sk-SK\",\"@id\":\"https:\\\/\\\/tene.ee\\\/sk\\\/#\\\/schema\\\/logo\\\/image\\\/\",\"url\":\"https:\\\/\\\/tene.ee\\\/wp-content\\\/uploads\\\/2024\\\/12\\\/TENE-logo-2018-2.png\",\"contentUrl\":\"https:\\\/\\\/tene.ee\\\/wp-content\\\/uploads\\\/2024\\\/12\\\/TENE-logo-2018-2.png\",\"width\":2339,\"height\":1654,\"caption\":\"Tene.ee\"},\"image\":{\"@id\":\"https:\\\/\\\/tene.ee\\\/sk\\\/#\\\/schema\\\/logo\\\/image\\\/\"},\"sameAs\":[\"https:\\\/\\\/www.facebook.com\\\/teneaiamajad\"]}]}<\/script>\n<!-- \/ Yoast SEO plugin. -->","yoast_head_json":{"title":"Tene.ee - \u00c3\u2026\u00c2\u00a0tvorcov\u00c3\u0192\u00c2\u00a9 brikety","description":"Tene.ee \u00c3\u2026\u00c2\u00a0tvorcov\u00c3\u0192\u00c2\u00a9 brikety","robots":{"index":"index","follow":"follow","max-snippet":"max-snippet:-1","max-image-preview":"max-image-preview:large","max-video-preview":"max-video-preview:-1"},"canonical":"https:\/\/tene.ee\/sk\/toode\/puitbrikett-kandiline\/","og_locale":"sk_SK","og_type":"article","og_title":"Tene.ee - \u00c3\u2026\u00c2\u00a0tvorcov\u00c3\u0192\u00c2\u00a9 brikety","og_description":"Tene.ee \u00c3\u2026\u00c2\u00a0tvorcov\u00c3\u0192\u00c2\u00a9 brikety","og_url":"https:\/\/tene.ee\/sk\/toode\/puitbrikett-kandiline\/","og_site_name":"Tene.ee","article_publisher":"https:\/\/www.facebook.com\/teneaiamajad","article_modified_time":"2024-11-12T07:05:22+00:00","og_image":[{"width":960,"height":599,"url":"https:\/\/tene.ee\/wp-content\/uploads\/2024\/07\/Tene-puitbrikett2.jpg","type":"image\/jpeg"}],"twitter_card":"summary_large_image","twitter_misc":{"Predpokladan\u00fd \u010das \u010d\u00edtania":"1 min\u00fata"},"schema":{"@context":"https:\/\/schema.org","@graph":[{"@type":"WebPage","@id":"https:\/\/tene.ee\/sk\/toode\/puitbrikett-kandiline\/","url":"https:\/\/tene.ee\/sk\/toode\/puitbrikett-kandiline\/","name":"Tene.ee - \u00c3\u2026\u00c2\u00a0tvorcov\u00c3\u0192\u00c2\u00a9 brikety","isPartOf":{"@id":"https:\/\/tene.ee\/sk\/#website"},"primaryImageOfPage":{"@id":"https:\/\/tene.ee\/sk\/toode\/puitbrikett-kandiline\/#primaryimage"},"image":{"@id":"https:\/\/tene.ee\/sk\/toode\/puitbrikett-kandiline\/#primaryimage"},"thumbnailUrl":"https:\/\/tene.ee\/wp-content\/uploads\/2024\/07\/Tene-puitbrikett2.jpg","datePublished":"2024-07-12T13:20:40+00:00","dateModified":"2024-11-12T07:05:22+00:00","description":"Tene.ee \u00c3\u2026\u00c2\u00a0tvorcov\u00c3\u0192\u00c2\u00a9 brikety","breadcrumb":{"@id":"https:\/\/tene.ee\/sk\/toode\/puitbrikett-kandiline\/#breadcrumb"},"inLanguage":"sk-SK","potentialAction":[{"@type":"ReadAction","target":["https:\/\/tene.ee\/sk\/toode\/puitbrikett-kandiline\/"]}]},{"@type":"ImageObject","inLanguage":"sk-SK","@id":"https:\/\/tene.ee\/sk\/toode\/puitbrikett-kandiline\/#primaryimage","url":"https:\/\/tene.ee\/wp-content\/uploads\/2024\/07\/Tene-puitbrikett2.jpg","contentUrl":"https:\/\/tene.ee\/wp-content\/uploads\/2024\/07\/Tene-puitbrikett2.jpg","width":960,"height":599},{"@type":"BreadcrumbList","@id":"https:\/\/tene.ee\/sk\/toode\/puitbrikett-kandiline\/#breadcrumb","itemListElement":[{"@type":"ListItem","position":1,"name":"Avaleht","item":"http:\/\/tene.ee\/sk\/"},{"@type":"ListItem","position":2,"name":"V\u0161etky produkty","item":"http:\/\/tene.ee\/sk\/shop\/"},{"@type":"ListItem","position":3,"name":"\u00c3\u2026\u00c2\u00a0tvorcov\u00c3\u0192\u00c2\u00a9 brikety"}]},{"@type":"WebSite","@id":"https:\/\/tene.ee\/sk\/#website","url":"https:\/\/tene.ee\/sk\/","name":"Tene.ee - Kaunite hetkede jaoks sinu aias","description":"Tene.ee - parimad puit- ja aiamajad otse tootjalt","publisher":{"@id":"https:\/\/tene.ee\/sk\/#organization"},"alternateName":"Tene.ee","potentialAction":[{"@type":"SearchAction","target":{"@type":"EntryPoint","urlTemplate":"https:\/\/tene.ee\/sk\/?s={search_term_string}"},"query-input":{"@type":"PropertyValueSpecification","valueRequired":true,"valueName":"search_term_string"}}],"inLanguage":"sk-SK"},{"@type":"Organization","@id":"https:\/\/tene.ee\/sk\/#organization","name":"Tene.ee","url":"https:\/\/tene.ee\/sk\/","logo":{"@type":"ImageObject","inLanguage":"sk-SK","@id":"https:\/\/tene.ee\/sk\/#\/schema\/logo\/image\/","url":"https:\/\/tene.ee\/wp-content\/uploads\/2024\/12\/TENE-logo-2018-2.png","contentUrl":"https:\/\/tene.ee\/wp-content\/uploads\/2024\/12\/TENE-logo-2018-2.png","width":2339,"height":1654,"caption":"Tene.ee"},"image":{"@id":"https:\/\/tene.ee\/sk\/#\/schema\/logo\/image\/"},"sameAs":["https:\/\/www.facebook.com\/teneaiamajad"]}]}},"_links":{"self":[{"href":"https:\/\/tene.ee\/sk\/wp-json\/wp\/v2\/product\/19479","targetHints":{"allow":["GET"]}}],"collection":[{"href":"https:\/\/tene.ee\/sk\/wp-json\/wp\/v2\/product"}],"about":[{"href":"https:\/\/tene.ee\/sk\/wp-json\/wp\/v2\/types\/product"}],"wp:featuredmedia":[{"embeddable":true,"href":"https:\/\/tene.ee\/sk\/wp-json\/wp\/v2\/media\/6726"}],"wp:attachment":[{"href":"https:\/\/tene.ee\/sk\/wp-json\/wp\/v2\/media?parent=19479"}],"wp:term":[{"taxonomy":"product_brand","embeddable":true,"href":"https:\/\/tene.ee\/sk\/wp-json\/wp\/v2\/product_brand?post=19479"},{"taxonomy":"product_cat","embeddable":true,"href":"https:\/\/tene.ee\/sk\/wp-json\/wp\/v2\/product_cat?post=19479"},{"taxonomy":"product_tag","embeddable":true,"href":"https:\/\/tene.ee\/sk\/wp-json\/wp\/v2\/product_tag?post=19479"}],"curies":[{"name":"wp","href":"https:\/\/api.w.org\/{rel}","templated":true}]}}