{"id":19374,"date":"2024-07-12T16:22:40","date_gmt":"2024-07-12T13:22:40","guid":{"rendered":"https:\/\/tene.ee\/toode\/ovaalsaun-forssa-2-ruumiga-400-x-235-cm\/"},"modified":"2024-11-11T11:20:53","modified_gmt":"2024-11-11T09:20:53","slug":"ovaalsaun-forssa-2-ruumiga-400-x-235-cm","status":"publish","type":"product","link":"https:\/\/tene.ee\/sk\/toode\/ovaalsaun-forssa-2-ruumiga-400-x-235-cm\/","title":{"rendered":"Ov\u00c3\u0192\u00c2\u00a1lna sauna Forssa s 2 izbami 400 x 235 cm"},"content":{"rendered":"<p>Ov\u00c3\u0192\u00c2\u00a1lna sauna Forssa vyroben\u00c3\u0192\u00c2\u00a1 v spolo\u00c3\u201e\u00c2\u008dnosti Tene Kaubanduse na v\u00c3\u0192\u00c2\u00bdrobu z\u00c3\u0192\u00c2\u00a1hradn\u00c3\u0192\u00c2\u00bdch dom\u00c3\u201e\u00c2\u008dekov je pre v\u00c3\u0192\u00c2\u00a1s okam\u00c3\u2026\u00c2\u00beite pripraven\u00c3\u0192\u00c2\u00a1. V\u00c3\u0192\u00c2\u00bdrobok sa d\u00c3\u0192\u00c2\u00a1 prepravi\u00c3\u2026\u00c2\u00a5 na ak\u00c3\u0192\u00c2\u00a9ko\u00c3\u201e\u00c2\u00bevek miesto pr\u00c3\u0192\u00c2\u00adstupn\u00c3\u0192\u00c2\u00a9 \u00c3\u2026\u00c2\u00beeriavom.<\/p>\n<p>S\u00c3\u0192\u00c2\u00ba\u00c3\u201e\u00c2\u008das\u00c3\u2026\u00c2\u00a5ou montovanej s\u00c3\u0192\u00c2\u00bapravy ov\u00c3\u0192\u00c2\u00a1lnej sauny je:<\/p>\n<p>pou\u00c3\u2026\u00c2\u00beit\u00c3\u0192\u00c2\u00a9 drevo je 100 % smrek severskej kvality<br \/>\n2 izby: prezliek\u00c3\u0192\u00c2\u00a1re\u00c3\u2026\u00cb\u2020 a sauna<br \/>\nlavica do sauny v parnej miestnosti<br \/>\nlavice na sedenie v prednej izbe a na terase<br \/>\ndreven\u00c3\u0192\u00c2\u00a1 mrie\u00c3\u2026\u00c2\u00beka na podlahe<br \/>\nohrieva\u00c3\u201e\u00c2\u008d na drevo s mrie\u00c3\u2026\u00c2\u00bekov\u00c3\u0192\u00c2\u00bdm krytom<br \/>\nvysokokvalitn\u00c3\u0192\u00c2\u00bd kom\u00c3\u0192\u00c2\u00adn s klapkou a 22 l n\u00c3\u0192\u00c2\u00a1dr\u00c3\u2026\u00c2\u00beou na vodu<br \/>\nkamene do sauny 100 kg<br \/>\n\u00c3\u2026\u00c2\u00beiaruvzdorn\u00c3\u0192\u00c2\u00a1 z\u00c3\u0192\u00c2\u00a1klad\u00c3\u2026\u00cb\u2020a ohrieva\u00c3\u201e\u00c2\u008da, pl\u00c3\u0192\u00c2\u00a1\u00c3\u2026\u00c2\u00a1\u00c3\u2026\u00c2\u00a5 a zadn\u00c3\u0192\u00c2\u00a1 stena<br \/>\nvonkaj\u00c3\u2026\u00c2\u00a1\u00c3\u0192\u00c2\u00ad povrch je upraven\u00c3\u0192\u00c2\u00bd moridlom Teknos AQUAPRIMER TM 1824<br \/>\nstre\u00c3\u2026\u00c2\u00a1n\u00c3\u0192\u00c2\u00a9 \u00c3\u201e\u00c2\u008dierne vo\u00c3\u2026\u00c2\u00a1tinov\u00c3\u0192\u00c2\u00a9 \u00c3\u2026\u00c2\u00a1indle<br \/>\nstrecha s okrajov\u00c3\u0192\u00c2\u00bdmi a odkvapov\u00c3\u0192\u00c2\u00bdmi plechmi, \u00c3\u201e\u00c2\u008dierna<br \/>\nuzamykate\u00c3\u201e\u00c2\u00ben\u00c3\u0192\u00c2\u00a9 vonkaj\u00c3\u2026\u00c2\u00a1ie dvere<br \/>\nparn\u00c3\u0192\u00c2\u00bd k\u00c3\u0192\u00c2\u00bape\u00c3\u201e\u00c2\u00be a prechodn\u00c3\u0192\u00c2\u00a9 dvere z tvrden\u00c3\u0192\u00c2\u00a9ho skla<br \/>\nokno v parnej miestnosti s tvrden\u00c3\u0192\u00c2\u00bdm sklom<br \/>\nHr\u00c3\u0192\u00c2\u00babka steny: 40 mm<br \/>\nVonkaj\u00c3\u2026\u00c2\u00a1ie rozmery: 235 x 400 cm<br \/>\nHmotnos\u00c3\u2026\u00c2\u00a5: cca 1 200 kg<\/p>\n","protected":false},"excerpt":{"rendered":"<p>Valmis ehitatud torusaun Forssa, katusel must k\u00c3\u0192\u00c2\u00a4rgruberoid, keris koos kividega, kvaliteetne siibri- ja veepaagiga korsten.<\/p>\n<p><strong>Ovaalsaun Forssa on saadaval ka elektrikerisega. <\/strong><\/p>\n","protected":false},"featured_media":7406,"template":"","meta":{"_acf_changed":false},"product_brand":[],"product_cat":[585,582,578],"product_tag":[],"class_list":{"0":"post-19374","1":"product","2":"type-product","3":"status-publish","4":"has-post-thumbnail","6":"product_cat-hotove-sauny-sk","7":"product_cat-ovalne-sauny-sk","8":"product_cat-sauny-sk","9":"product_shipping_class-390e-sk-2","10":"pa_iseloomustus-2-izby","11":"pa_iseloomustus-terasa-sk","12":"pa_katuse-tuup-okruhla-strecha","13":"pa_pindala-0-10-m2-sk","14":"pa_seina-paksus-40-mm-sk","15":"pa_vali-keris-huum-elektrikeris-sk","16":"pa_vali-keris-puukuttega-skamet-keris-sk","18":"first","19":"instock","20":"sale","21":"purchasable","22":"product-type-simple"},"acf":[],"yoast_head":"<!-- This site is optimized with the Yoast SEO plugin v27.3 - https:\/\/yoast.com\/product\/yoast-seo-wordpress\/ -->\n<title>Tene.ee - Ov\u00c3\u0192\u00c2\u00a1lna sauna Forssa s 2 izbami 400 x 235 cm<\/title>\n<meta name=\"description\" content=\"Tene.ee Ov\u00c3\u0192\u00c2\u00a1lna sauna Forssa s 2 izbami 400 x 235 cm\" \/>\n<meta name=\"robots\" content=\"index, follow, max-snippet:-1, max-image-preview:large, max-video-preview:-1\" \/>\n<link rel=\"canonical\" href=\"https:\/\/tene.ee\/sk\/toode\/ovaalsaun-forssa-2-ruumiga-400-x-235-cm\/\" \/>\n<meta property=\"og:locale\" content=\"sk_SK\" \/>\n<meta property=\"og:type\" content=\"article\" \/>\n<meta property=\"og:title\" content=\"Tene.ee - Ov\u00c3\u0192\u00c2\u00a1lna sauna Forssa s 2 izbami 400 x 235 cm\" \/>\n<meta property=\"og:description\" content=\"Tene.ee Ov\u00c3\u0192\u00c2\u00a1lna sauna Forssa s 2 izbami 400 x 235 cm\" \/>\n<meta property=\"og:url\" content=\"https:\/\/tene.ee\/sk\/toode\/ovaalsaun-forssa-2-ruumiga-400-x-235-cm\/\" \/>\n<meta property=\"og:site_name\" content=\"Tene.ee\" \/>\n<meta property=\"article:publisher\" content=\"https:\/\/www.facebook.com\/teneaiamajad\" \/>\n<meta property=\"article:modified_time\" content=\"2024-11-11T09:20:53+00:00\" \/>\n<meta property=\"og:image\" content=\"https:\/\/tene.ee\/wp-content\/uploads\/2024\/07\/Forssa-1.jpg\" \/>\n\t<meta property=\"og:image:width\" content=\"2500\" \/>\n\t<meta property=\"og:image:height\" content=\"1667\" \/>\n\t<meta property=\"og:image:type\" content=\"image\/jpeg\" \/>\n<meta name=\"twitter:card\" content=\"summary_large_image\" \/>\n<meta name=\"twitter:label1\" content=\"Predpokladan\u00fd \u010das \u010d\u00edtania\" \/>\n\t<meta name=\"twitter:data1\" content=\"1 min\u00fata\" \/>\n<script type=\"application\/ld+json\" class=\"yoast-schema-graph\">{\"@context\":\"https:\\\/\\\/schema.org\",\"@graph\":[{\"@type\":\"WebPage\",\"@id\":\"https:\\\/\\\/tene.ee\\\/sk\\\/toode\\\/ovaalsaun-forssa-2-ruumiga-400-x-235-cm\\\/\",\"url\":\"https:\\\/\\\/tene.ee\\\/sk\\\/toode\\\/ovaalsaun-forssa-2-ruumiga-400-x-235-cm\\\/\",\"name\":\"Tene.ee - Ov\u00c3\u0192\u00c2\u00a1lna sauna Forssa s 2 izbami 400 x 235 cm\",\"isPartOf\":{\"@id\":\"https:\\\/\\\/tene.ee\\\/sk\\\/#website\"},\"primaryImageOfPage\":{\"@id\":\"https:\\\/\\\/tene.ee\\\/sk\\\/toode\\\/ovaalsaun-forssa-2-ruumiga-400-x-235-cm\\\/#primaryimage\"},\"image\":{\"@id\":\"https:\\\/\\\/tene.ee\\\/sk\\\/toode\\\/ovaalsaun-forssa-2-ruumiga-400-x-235-cm\\\/#primaryimage\"},\"thumbnailUrl\":\"https:\\\/\\\/tene.ee\\\/wp-content\\\/uploads\\\/2024\\\/07\\\/Forssa-1.jpg\",\"datePublished\":\"2024-07-12T13:22:40+00:00\",\"dateModified\":\"2024-11-11T09:20:53+00:00\",\"description\":\"Tene.ee Ov\u00c3\u0192\u00c2\u00a1lna sauna Forssa s 2 izbami 400 x 235 cm\",\"breadcrumb\":{\"@id\":\"https:\\\/\\\/tene.ee\\\/sk\\\/toode\\\/ovaalsaun-forssa-2-ruumiga-400-x-235-cm\\\/#breadcrumb\"},\"inLanguage\":\"sk-SK\",\"potentialAction\":[{\"@type\":\"ReadAction\",\"target\":[\"https:\\\/\\\/tene.ee\\\/sk\\\/toode\\\/ovaalsaun-forssa-2-ruumiga-400-x-235-cm\\\/\"]}]},{\"@type\":\"ImageObject\",\"inLanguage\":\"sk-SK\",\"@id\":\"https:\\\/\\\/tene.ee\\\/sk\\\/toode\\\/ovaalsaun-forssa-2-ruumiga-400-x-235-cm\\\/#primaryimage\",\"url\":\"https:\\\/\\\/tene.ee\\\/wp-content\\\/uploads\\\/2024\\\/07\\\/Forssa-1.jpg\",\"contentUrl\":\"https:\\\/\\\/tene.ee\\\/wp-content\\\/uploads\\\/2024\\\/07\\\/Forssa-1.jpg\",\"width\":2500,\"height\":1667},{\"@type\":\"BreadcrumbList\",\"@id\":\"https:\\\/\\\/tene.ee\\\/sk\\\/toode\\\/ovaalsaun-forssa-2-ruumiga-400-x-235-cm\\\/#breadcrumb\",\"itemListElement\":[{\"@type\":\"ListItem\",\"position\":1,\"name\":\"Avaleht\",\"item\":\"http:\\\/\\\/tene.ee\\\/sk\\\/\"},{\"@type\":\"ListItem\",\"position\":2,\"name\":\"V\u0161etky produkty\",\"item\":\"http:\\\/\\\/tene.ee\\\/sk\\\/shop\\\/\"},{\"@type\":\"ListItem\",\"position\":3,\"name\":\"Ov\u00c3\u0192\u00c2\u00a1lna sauna Forssa s 2 izbami 400 x 235 cm\"}]},{\"@type\":\"WebSite\",\"@id\":\"https:\\\/\\\/tene.ee\\\/sk\\\/#website\",\"url\":\"https:\\\/\\\/tene.ee\\\/sk\\\/\",\"name\":\"Tene.ee - Kaunite hetkede jaoks sinu aias\",\"description\":\"Tene.ee - parimad puit- ja aiamajad otse tootjalt\",\"publisher\":{\"@id\":\"https:\\\/\\\/tene.ee\\\/sk\\\/#organization\"},\"alternateName\":\"Tene.ee\",\"potentialAction\":[{\"@type\":\"SearchAction\",\"target\":{\"@type\":\"EntryPoint\",\"urlTemplate\":\"https:\\\/\\\/tene.ee\\\/sk\\\/?s={search_term_string}\"},\"query-input\":{\"@type\":\"PropertyValueSpecification\",\"valueRequired\":true,\"valueName\":\"search_term_string\"}}],\"inLanguage\":\"sk-SK\"},{\"@type\":\"Organization\",\"@id\":\"https:\\\/\\\/tene.ee\\\/sk\\\/#organization\",\"name\":\"Tene.ee\",\"url\":\"https:\\\/\\\/tene.ee\\\/sk\\\/\",\"logo\":{\"@type\":\"ImageObject\",\"inLanguage\":\"sk-SK\",\"@id\":\"https:\\\/\\\/tene.ee\\\/sk\\\/#\\\/schema\\\/logo\\\/image\\\/\",\"url\":\"https:\\\/\\\/tene.ee\\\/wp-content\\\/uploads\\\/2024\\\/12\\\/TENE-logo-2018-2.png\",\"contentUrl\":\"https:\\\/\\\/tene.ee\\\/wp-content\\\/uploads\\\/2024\\\/12\\\/TENE-logo-2018-2.png\",\"width\":2339,\"height\":1654,\"caption\":\"Tene.ee\"},\"image\":{\"@id\":\"https:\\\/\\\/tene.ee\\\/sk\\\/#\\\/schema\\\/logo\\\/image\\\/\"},\"sameAs\":[\"https:\\\/\\\/www.facebook.com\\\/teneaiamajad\"]}]}<\/script>\n<!-- \/ Yoast SEO plugin. -->","yoast_head_json":{"title":"Tene.ee - Ov\u00c3\u0192\u00c2\u00a1lna sauna Forssa s 2 izbami 400 x 235 cm","description":"Tene.ee Ov\u00c3\u0192\u00c2\u00a1lna sauna Forssa s 2 izbami 400 x 235 cm","robots":{"index":"index","follow":"follow","max-snippet":"max-snippet:-1","max-image-preview":"max-image-preview:large","max-video-preview":"max-video-preview:-1"},"canonical":"https:\/\/tene.ee\/sk\/toode\/ovaalsaun-forssa-2-ruumiga-400-x-235-cm\/","og_locale":"sk_SK","og_type":"article","og_title":"Tene.ee - Ov\u00c3\u0192\u00c2\u00a1lna sauna Forssa s 2 izbami 400 x 235 cm","og_description":"Tene.ee Ov\u00c3\u0192\u00c2\u00a1lna sauna Forssa s 2 izbami 400 x 235 cm","og_url":"https:\/\/tene.ee\/sk\/toode\/ovaalsaun-forssa-2-ruumiga-400-x-235-cm\/","og_site_name":"Tene.ee","article_publisher":"https:\/\/www.facebook.com\/teneaiamajad","article_modified_time":"2024-11-11T09:20:53+00:00","og_image":[{"width":2500,"height":1667,"url":"https:\/\/tene.ee\/wp-content\/uploads\/2024\/07\/Forssa-1.jpg","type":"image\/jpeg"}],"twitter_card":"summary_large_image","twitter_misc":{"Predpokladan\u00fd \u010das \u010d\u00edtania":"1 min\u00fata"},"schema":{"@context":"https:\/\/schema.org","@graph":[{"@type":"WebPage","@id":"https:\/\/tene.ee\/sk\/toode\/ovaalsaun-forssa-2-ruumiga-400-x-235-cm\/","url":"https:\/\/tene.ee\/sk\/toode\/ovaalsaun-forssa-2-ruumiga-400-x-235-cm\/","name":"Tene.ee - Ov\u00c3\u0192\u00c2\u00a1lna sauna Forssa s 2 izbami 400 x 235 cm","isPartOf":{"@id":"https:\/\/tene.ee\/sk\/#website"},"primaryImageOfPage":{"@id":"https:\/\/tene.ee\/sk\/toode\/ovaalsaun-forssa-2-ruumiga-400-x-235-cm\/#primaryimage"},"image":{"@id":"https:\/\/tene.ee\/sk\/toode\/ovaalsaun-forssa-2-ruumiga-400-x-235-cm\/#primaryimage"},"thumbnailUrl":"https:\/\/tene.ee\/wp-content\/uploads\/2024\/07\/Forssa-1.jpg","datePublished":"2024-07-12T13:22:40+00:00","dateModified":"2024-11-11T09:20:53+00:00","description":"Tene.ee Ov\u00c3\u0192\u00c2\u00a1lna sauna Forssa s 2 izbami 400 x 235 cm","breadcrumb":{"@id":"https:\/\/tene.ee\/sk\/toode\/ovaalsaun-forssa-2-ruumiga-400-x-235-cm\/#breadcrumb"},"inLanguage":"sk-SK","potentialAction":[{"@type":"ReadAction","target":["https:\/\/tene.ee\/sk\/toode\/ovaalsaun-forssa-2-ruumiga-400-x-235-cm\/"]}]},{"@type":"ImageObject","inLanguage":"sk-SK","@id":"https:\/\/tene.ee\/sk\/toode\/ovaalsaun-forssa-2-ruumiga-400-x-235-cm\/#primaryimage","url":"https:\/\/tene.ee\/wp-content\/uploads\/2024\/07\/Forssa-1.jpg","contentUrl":"https:\/\/tene.ee\/wp-content\/uploads\/2024\/07\/Forssa-1.jpg","width":2500,"height":1667},{"@type":"BreadcrumbList","@id":"https:\/\/tene.ee\/sk\/toode\/ovaalsaun-forssa-2-ruumiga-400-x-235-cm\/#breadcrumb","itemListElement":[{"@type":"ListItem","position":1,"name":"Avaleht","item":"http:\/\/tene.ee\/sk\/"},{"@type":"ListItem","position":2,"name":"V\u0161etky produkty","item":"http:\/\/tene.ee\/sk\/shop\/"},{"@type":"ListItem","position":3,"name":"Ov\u00c3\u0192\u00c2\u00a1lna sauna Forssa s 2 izbami 400 x 235 cm"}]},{"@type":"WebSite","@id":"https:\/\/tene.ee\/sk\/#website","url":"https:\/\/tene.ee\/sk\/","name":"Tene.ee - Kaunite hetkede jaoks sinu aias","description":"Tene.ee - parimad puit- ja aiamajad otse tootjalt","publisher":{"@id":"https:\/\/tene.ee\/sk\/#organization"},"alternateName":"Tene.ee","potentialAction":[{"@type":"SearchAction","target":{"@type":"EntryPoint","urlTemplate":"https:\/\/tene.ee\/sk\/?s={search_term_string}"},"query-input":{"@type":"PropertyValueSpecification","valueRequired":true,"valueName":"search_term_string"}}],"inLanguage":"sk-SK"},{"@type":"Organization","@id":"https:\/\/tene.ee\/sk\/#organization","name":"Tene.ee","url":"https:\/\/tene.ee\/sk\/","logo":{"@type":"ImageObject","inLanguage":"sk-SK","@id":"https:\/\/tene.ee\/sk\/#\/schema\/logo\/image\/","url":"https:\/\/tene.ee\/wp-content\/uploads\/2024\/12\/TENE-logo-2018-2.png","contentUrl":"https:\/\/tene.ee\/wp-content\/uploads\/2024\/12\/TENE-logo-2018-2.png","width":2339,"height":1654,"caption":"Tene.ee"},"image":{"@id":"https:\/\/tene.ee\/sk\/#\/schema\/logo\/image\/"},"sameAs":["https:\/\/www.facebook.com\/teneaiamajad"]}]}},"_links":{"self":[{"href":"https:\/\/tene.ee\/sk\/wp-json\/wp\/v2\/product\/19374","targetHints":{"allow":["GET"]}}],"collection":[{"href":"https:\/\/tene.ee\/sk\/wp-json\/wp\/v2\/product"}],"about":[{"href":"https:\/\/tene.ee\/sk\/wp-json\/wp\/v2\/types\/product"}],"wp:featuredmedia":[{"embeddable":true,"href":"https:\/\/tene.ee\/sk\/wp-json\/wp\/v2\/media\/7406"}],"wp:attachment":[{"href":"https:\/\/tene.ee\/sk\/wp-json\/wp\/v2\/media?parent=19374"}],"wp:term":[{"taxonomy":"product_brand","embeddable":true,"href":"https:\/\/tene.ee\/sk\/wp-json\/wp\/v2\/product_brand?post=19374"},{"taxonomy":"product_cat","embeddable":true,"href":"https:\/\/tene.ee\/sk\/wp-json\/wp\/v2\/product_cat?post=19374"},{"taxonomy":"product_tag","embeddable":true,"href":"https:\/\/tene.ee\/sk\/wp-json\/wp\/v2\/product_tag?post=19374"}],"curies":[{"name":"wp","href":"https:\/\/api.w.org\/{rel}","templated":true}]}}