{"id":19328,"date":"2024-07-12T16:22:40","date_gmt":"2024-07-12T13:22:40","guid":{"rendered":"https:\/\/tene.ee\/toode\/valmissaun-moderni-19-terrassi-ja-puhkeruumiga\/"},"modified":"2026-04-10T02:10:59","modified_gmt":"2026-04-09T23:10:59","slug":"valmissaun-moderni-19-terrassi-ja-puhkeruumiga","status":"publish","type":"product","link":"https:\/\/tene.ee\/sk\/toode\/valmissaun-moderni-19-terrassi-ja-puhkeruumiga\/","title":{"rendered":"Valmissaun Moderni 19 terrassi ja puhkeruumiga"},"content":{"rendered":"<p>TENE valmissaunad ehitatakse sisetingimustes, mis tagab valmis majadele parema kvaliteedi ja aitab v\u00e4listada ehitusobjektil v\u00f5imalikke ebamugavaid viivitusi (n\u00e4iteks kehvad ilmastikuolud).<\/p>\n<ul>\n<li>Puitmaterjal, millest saunamajad on toodetud on p\u00f5hjamaine 70 mm paksune kvaliteetne kuusepuit<\/li>\n<li>Uksed ja aknad on toodetud erikuivast (8-12%) liimpuidust<\/li>\n<li>Ukse l\u00e4vepakk on roostevabast metallist<\/li>\n<li>Saksa t\u00fc\u00fcpi klaaspaketiga (ISO), tihendiga, kahes suunas avanevad aknad mis sisaldavad furnituuri<\/li>\n<li>Uksed on klaaspaketiga (ISO) ja sisaldavad furnituuri<\/li>\n<li>Leiliruumi karastatud klaasiga uks on liimpuidust<\/li>\n<li>Puuk\u00fcttega keris, kvaliteetne korsten koos siibri ja veepaagiga, kerise alus ja U-kujuline kuumakaitse \u00fcmbris on paigaldatud, kerisekivid (pakiga kaasas)<\/li>\n<li>Lepapuidust lavakomplekt koos seljataguse- ja astumispingiga<\/li>\n<li>Vundamendiprussid on autoklaavis immutatud puidust<\/li>\n<li>P\u00f5rand on 28 mm paksusest profiillauast, p\u00f5rand on viimistletud Tikkurila Supi puitu kaitsva p\u00f5randa\u00f5liga<\/li>\n<li>Leiliruumi p\u00f5randas on veerenn<\/li>\n<li>Saunamaja katus on soojustatud 50 mm paksuse villaga<\/li>\n<li>Katusekatteks on must k\u00e4rgruberoid<\/li>\n<li>R\u00e4\u00e4sta- ja servaplekid<\/li>\n<li>Lagi on profiillauast<\/li>\n<li>Keermelatid nurkades<\/li>\n<\/ul>\n<p><strong>Hinna sisse ei kuulu:<\/strong><\/p>\n<ul>\n<li>Alusvundamendi ettevalmistus<\/li>\n<li>V\u00e4lisviimistlus<\/li>\n<\/ul>\n<p><strong>Hinnad sisaldavad k\u00e4ibemaksu.<\/strong><br \/>\n<strong>Hind ei sisalda valmissauna transporti.<\/strong><\/p>\n","protected":false},"excerpt":{"rendered":"<p>Moderni 19 terrassiga saun toimetatakse kliendile valmis ehitatuna ehk \u201cv\u00f5tmed k\u00e4tte\u201d t\u00e4islahendusena.<\/p>\n<p>Valmis ehitatud kujul sauna on v\u00f5imalik transportida k\u00f5ikjale, kuhu kraanaautoga on v\u00f5imalik p\u00e4\u00e4seda.<\/p>\n<p>Hind ei sisalda toote transporti.<\/p>\n<p><strong>Valmissaunaga tuleb kaasa korsten, mis on pakitud sauna sisse.<\/strong><\/p>\n<p><strong>Tehas on korstna ava ette valmistanud, kuid korstna paigaldus tuleb kliendil kohapeal ise teostada.<\/strong><\/p>\n","protected":false},"featured_media":7054,"template":"","meta":{"_acf_changed":false},"product_brand":[],"product_cat":[585,578,930],"product_tag":[],"class_list":{"0":"post-19328","1":"product","2":"type-product","3":"status-publish","4":"has-post-thumbnail","6":"product_cat-hotove-sauny-sk","7":"product_cat-sauny-sk","8":"product_cat-valmis-saunamajad-sk","9":"product_shipping_class-390e-sk-2","10":"pa_iseloomustus-2-izby","11":"pa_iseloomustus-stvorcovy-dom","12":"pa_iseloomustus-terasa-sk","13":"pa_katuse-tuup-sikma-strecha","14":"pa_pindala-10-20-m2-sk","15":"pa_seina-paksus-70-mm-sk","17":"first","18":"onbackorder","19":"sale","20":"purchasable","21":"product-type-simple"},"acf":[],"yoast_head":"<!-- This site is optimized with the Yoast SEO plugin v27.3 - https:\/\/yoast.com\/product\/yoast-seo-wordpress\/ -->\n<title>Tene.ee - Valmissaun Moderni 19 terrassi ja puhkeruumiga<\/title>\n<meta name=\"description\" content=\"Tene.ee Valmissaun Moderni 19 terrassi ja puhkeruumiga\" \/>\n<meta name=\"robots\" content=\"index, follow, max-snippet:-1, max-image-preview:large, max-video-preview:-1\" \/>\n<link rel=\"canonical\" href=\"https:\/\/tene.ee\/sk\/toode\/valmissaun-moderni-19-terrassi-ja-puhkeruumiga\/\" \/>\n<meta property=\"og:locale\" content=\"sk_SK\" \/>\n<meta property=\"og:type\" content=\"article\" \/>\n<meta property=\"og:title\" content=\"Tene.ee - Valmissaun Moderni 19 terrassi ja puhkeruumiga\" \/>\n<meta property=\"og:description\" content=\"Tene.ee Valmissaun Moderni 19 terrassi ja puhkeruumiga\" \/>\n<meta property=\"og:url\" content=\"https:\/\/tene.ee\/sk\/toode\/valmissaun-moderni-19-terrassi-ja-puhkeruumiga\/\" \/>\n<meta property=\"og:site_name\" content=\"Tene.ee\" \/>\n<meta property=\"article:publisher\" content=\"https:\/\/www.facebook.com\/teneaiamajad\" \/>\n<meta property=\"article:modified_time\" content=\"2026-04-09T23:10:59+00:00\" \/>\n<meta property=\"og:image\" content=\"https:\/\/tene.ee\/wp-content\/uploads\/2024\/07\/Moderni_pihasauna_19-1-1024x683.jpg\" \/>\n\t<meta property=\"og:image:width\" content=\"1024\" \/>\n\t<meta property=\"og:image:height\" content=\"683\" \/>\n\t<meta property=\"og:image:type\" content=\"image\/jpeg\" \/>\n<meta name=\"twitter:card\" content=\"summary_large_image\" \/>\n<meta name=\"twitter:label1\" content=\"Predpokladan\u00fd \u010das \u010d\u00edtania\" \/>\n\t<meta name=\"twitter:data1\" content=\"2 min\u00faty\" \/>\n<script type=\"application\/ld+json\" class=\"yoast-schema-graph\">{\"@context\":\"https:\\\/\\\/schema.org\",\"@graph\":[{\"@type\":\"WebPage\",\"@id\":\"https:\\\/\\\/tene.ee\\\/sk\\\/toode\\\/valmissaun-moderni-19-terrassi-ja-puhkeruumiga\\\/\",\"url\":\"https:\\\/\\\/tene.ee\\\/sk\\\/toode\\\/valmissaun-moderni-19-terrassi-ja-puhkeruumiga\\\/\",\"name\":\"Tene.ee - Valmissaun Moderni 19 terrassi ja puhkeruumiga\",\"isPartOf\":{\"@id\":\"https:\\\/\\\/tene.ee\\\/sk\\\/#website\"},\"primaryImageOfPage\":{\"@id\":\"https:\\\/\\\/tene.ee\\\/sk\\\/toode\\\/valmissaun-moderni-19-terrassi-ja-puhkeruumiga\\\/#primaryimage\"},\"image\":{\"@id\":\"https:\\\/\\\/tene.ee\\\/sk\\\/toode\\\/valmissaun-moderni-19-terrassi-ja-puhkeruumiga\\\/#primaryimage\"},\"thumbnailUrl\":\"https:\\\/\\\/tene.ee\\\/wp-content\\\/uploads\\\/2024\\\/07\\\/Moderni_pihasauna_19-1.jpg\",\"datePublished\":\"2024-07-12T13:22:40+00:00\",\"dateModified\":\"2026-04-09T23:10:59+00:00\",\"description\":\"Tene.ee Valmissaun Moderni 19 terrassi ja puhkeruumiga\",\"breadcrumb\":{\"@id\":\"https:\\\/\\\/tene.ee\\\/sk\\\/toode\\\/valmissaun-moderni-19-terrassi-ja-puhkeruumiga\\\/#breadcrumb\"},\"inLanguage\":\"sk-SK\",\"potentialAction\":[{\"@type\":\"ReadAction\",\"target\":[\"https:\\\/\\\/tene.ee\\\/sk\\\/toode\\\/valmissaun-moderni-19-terrassi-ja-puhkeruumiga\\\/\"]}]},{\"@type\":\"ImageObject\",\"inLanguage\":\"sk-SK\",\"@id\":\"https:\\\/\\\/tene.ee\\\/sk\\\/toode\\\/valmissaun-moderni-19-terrassi-ja-puhkeruumiga\\\/#primaryimage\",\"url\":\"https:\\\/\\\/tene.ee\\\/wp-content\\\/uploads\\\/2024\\\/07\\\/Moderni_pihasauna_19-1.jpg\",\"contentUrl\":\"https:\\\/\\\/tene.ee\\\/wp-content\\\/uploads\\\/2024\\\/07\\\/Moderni_pihasauna_19-1.jpg\",\"width\":2500,\"height\":1667},{\"@type\":\"BreadcrumbList\",\"@id\":\"https:\\\/\\\/tene.ee\\\/sk\\\/toode\\\/valmissaun-moderni-19-terrassi-ja-puhkeruumiga\\\/#breadcrumb\",\"itemListElement\":[{\"@type\":\"ListItem\",\"position\":1,\"name\":\"Avaleht\",\"item\":\"http:\\\/\\\/tene.ee\\\/sk\\\/\"},{\"@type\":\"ListItem\",\"position\":2,\"name\":\"V\u0161etky produkty\",\"item\":\"http:\\\/\\\/tene.ee\\\/sk\\\/shop\\\/\"},{\"@type\":\"ListItem\",\"position\":3,\"name\":\"Valmissaun Moderni 19 terrassi ja puhkeruumiga\"}]},{\"@type\":\"WebSite\",\"@id\":\"https:\\\/\\\/tene.ee\\\/sk\\\/#website\",\"url\":\"https:\\\/\\\/tene.ee\\\/sk\\\/\",\"name\":\"Tene.ee - Kaunite hetkede jaoks sinu aias\",\"description\":\"Tene.ee - parimad puit- ja aiamajad otse tootjalt\",\"publisher\":{\"@id\":\"https:\\\/\\\/tene.ee\\\/sk\\\/#organization\"},\"alternateName\":\"Tene.ee\",\"potentialAction\":[{\"@type\":\"SearchAction\",\"target\":{\"@type\":\"EntryPoint\",\"urlTemplate\":\"https:\\\/\\\/tene.ee\\\/sk\\\/?s={search_term_string}\"},\"query-input\":{\"@type\":\"PropertyValueSpecification\",\"valueRequired\":true,\"valueName\":\"search_term_string\"}}],\"inLanguage\":\"sk-SK\"},{\"@type\":\"Organization\",\"@id\":\"https:\\\/\\\/tene.ee\\\/sk\\\/#organization\",\"name\":\"Tene.ee\",\"url\":\"https:\\\/\\\/tene.ee\\\/sk\\\/\",\"logo\":{\"@type\":\"ImageObject\",\"inLanguage\":\"sk-SK\",\"@id\":\"https:\\\/\\\/tene.ee\\\/sk\\\/#\\\/schema\\\/logo\\\/image\\\/\",\"url\":\"https:\\\/\\\/tene.ee\\\/wp-content\\\/uploads\\\/2024\\\/12\\\/TENE-logo-2018-2.png\",\"contentUrl\":\"https:\\\/\\\/tene.ee\\\/wp-content\\\/uploads\\\/2024\\\/12\\\/TENE-logo-2018-2.png\",\"width\":2339,\"height\":1654,\"caption\":\"Tene.ee\"},\"image\":{\"@id\":\"https:\\\/\\\/tene.ee\\\/sk\\\/#\\\/schema\\\/logo\\\/image\\\/\"},\"sameAs\":[\"https:\\\/\\\/www.facebook.com\\\/teneaiamajad\"]}]}<\/script>\n<!-- \/ Yoast SEO plugin. -->","yoast_head_json":{"title":"Tene.ee - Valmissaun Moderni 19 terrassi ja puhkeruumiga","description":"Tene.ee Valmissaun Moderni 19 terrassi ja puhkeruumiga","robots":{"index":"index","follow":"follow","max-snippet":"max-snippet:-1","max-image-preview":"max-image-preview:large","max-video-preview":"max-video-preview:-1"},"canonical":"https:\/\/tene.ee\/sk\/toode\/valmissaun-moderni-19-terrassi-ja-puhkeruumiga\/","og_locale":"sk_SK","og_type":"article","og_title":"Tene.ee - Valmissaun Moderni 19 terrassi ja puhkeruumiga","og_description":"Tene.ee Valmissaun Moderni 19 terrassi ja puhkeruumiga","og_url":"https:\/\/tene.ee\/sk\/toode\/valmissaun-moderni-19-terrassi-ja-puhkeruumiga\/","og_site_name":"Tene.ee","article_publisher":"https:\/\/www.facebook.com\/teneaiamajad","article_modified_time":"2026-04-09T23:10:59+00:00","og_image":[{"width":1024,"height":683,"url":"https:\/\/tene.ee\/wp-content\/uploads\/2024\/07\/Moderni_pihasauna_19-1-1024x683.jpg","type":"image\/jpeg"}],"twitter_card":"summary_large_image","twitter_misc":{"Predpokladan\u00fd \u010das \u010d\u00edtania":"2 min\u00faty"},"schema":{"@context":"https:\/\/schema.org","@graph":[{"@type":"WebPage","@id":"https:\/\/tene.ee\/sk\/toode\/valmissaun-moderni-19-terrassi-ja-puhkeruumiga\/","url":"https:\/\/tene.ee\/sk\/toode\/valmissaun-moderni-19-terrassi-ja-puhkeruumiga\/","name":"Tene.ee - Valmissaun Moderni 19 terrassi ja puhkeruumiga","isPartOf":{"@id":"https:\/\/tene.ee\/sk\/#website"},"primaryImageOfPage":{"@id":"https:\/\/tene.ee\/sk\/toode\/valmissaun-moderni-19-terrassi-ja-puhkeruumiga\/#primaryimage"},"image":{"@id":"https:\/\/tene.ee\/sk\/toode\/valmissaun-moderni-19-terrassi-ja-puhkeruumiga\/#primaryimage"},"thumbnailUrl":"https:\/\/tene.ee\/wp-content\/uploads\/2024\/07\/Moderni_pihasauna_19-1.jpg","datePublished":"2024-07-12T13:22:40+00:00","dateModified":"2026-04-09T23:10:59+00:00","description":"Tene.ee Valmissaun Moderni 19 terrassi ja puhkeruumiga","breadcrumb":{"@id":"https:\/\/tene.ee\/sk\/toode\/valmissaun-moderni-19-terrassi-ja-puhkeruumiga\/#breadcrumb"},"inLanguage":"sk-SK","potentialAction":[{"@type":"ReadAction","target":["https:\/\/tene.ee\/sk\/toode\/valmissaun-moderni-19-terrassi-ja-puhkeruumiga\/"]}]},{"@type":"ImageObject","inLanguage":"sk-SK","@id":"https:\/\/tene.ee\/sk\/toode\/valmissaun-moderni-19-terrassi-ja-puhkeruumiga\/#primaryimage","url":"https:\/\/tene.ee\/wp-content\/uploads\/2024\/07\/Moderni_pihasauna_19-1.jpg","contentUrl":"https:\/\/tene.ee\/wp-content\/uploads\/2024\/07\/Moderni_pihasauna_19-1.jpg","width":2500,"height":1667},{"@type":"BreadcrumbList","@id":"https:\/\/tene.ee\/sk\/toode\/valmissaun-moderni-19-terrassi-ja-puhkeruumiga\/#breadcrumb","itemListElement":[{"@type":"ListItem","position":1,"name":"Avaleht","item":"http:\/\/tene.ee\/sk\/"},{"@type":"ListItem","position":2,"name":"V\u0161etky produkty","item":"http:\/\/tene.ee\/sk\/shop\/"},{"@type":"ListItem","position":3,"name":"Valmissaun Moderni 19 terrassi ja puhkeruumiga"}]},{"@type":"WebSite","@id":"https:\/\/tene.ee\/sk\/#website","url":"https:\/\/tene.ee\/sk\/","name":"Tene.ee - Kaunite hetkede jaoks sinu aias","description":"Tene.ee - parimad puit- ja aiamajad otse tootjalt","publisher":{"@id":"https:\/\/tene.ee\/sk\/#organization"},"alternateName":"Tene.ee","potentialAction":[{"@type":"SearchAction","target":{"@type":"EntryPoint","urlTemplate":"https:\/\/tene.ee\/sk\/?s={search_term_string}"},"query-input":{"@type":"PropertyValueSpecification","valueRequired":true,"valueName":"search_term_string"}}],"inLanguage":"sk-SK"},{"@type":"Organization","@id":"https:\/\/tene.ee\/sk\/#organization","name":"Tene.ee","url":"https:\/\/tene.ee\/sk\/","logo":{"@type":"ImageObject","inLanguage":"sk-SK","@id":"https:\/\/tene.ee\/sk\/#\/schema\/logo\/image\/","url":"https:\/\/tene.ee\/wp-content\/uploads\/2024\/12\/TENE-logo-2018-2.png","contentUrl":"https:\/\/tene.ee\/wp-content\/uploads\/2024\/12\/TENE-logo-2018-2.png","width":2339,"height":1654,"caption":"Tene.ee"},"image":{"@id":"https:\/\/tene.ee\/sk\/#\/schema\/logo\/image\/"},"sameAs":["https:\/\/www.facebook.com\/teneaiamajad"]}]}},"_links":{"self":[{"href":"https:\/\/tene.ee\/sk\/wp-json\/wp\/v2\/product\/19328","targetHints":{"allow":["GET"]}}],"collection":[{"href":"https:\/\/tene.ee\/sk\/wp-json\/wp\/v2\/product"}],"about":[{"href":"https:\/\/tene.ee\/sk\/wp-json\/wp\/v2\/types\/product"}],"wp:featuredmedia":[{"embeddable":true,"href":"https:\/\/tene.ee\/sk\/wp-json\/wp\/v2\/media\/7054"}],"wp:attachment":[{"href":"https:\/\/tene.ee\/sk\/wp-json\/wp\/v2\/media?parent=19328"}],"wp:term":[{"taxonomy":"product_brand","embeddable":true,"href":"https:\/\/tene.ee\/sk\/wp-json\/wp\/v2\/product_brand?post=19328"},{"taxonomy":"product_cat","embeddable":true,"href":"https:\/\/tene.ee\/sk\/wp-json\/wp\/v2\/product_cat?post=19328"},{"taxonomy":"product_tag","embeddable":true,"href":"https:\/\/tene.ee\/sk\/wp-json\/wp\/v2\/product_tag?post=19328"}],"curies":[{"name":"wp","href":"https:\/\/api.w.org\/{rel}","templated":true}]}}