{"id":19186,"date":"2024-07-12T16:32:38","date_gmt":"2024-07-12T13:32:38","guid":{"rendered":"https:\/\/tene.ee\/toode\/torusaun-nokia-o-240-x-267-cm\/"},"modified":"2025-12-03T13:22:59","modified_gmt":"2025-12-03T11:22:59","slug":"torusaun-nokia-o-240-x-267-cm","status":"publish","type":"product","link":"https:\/\/tene.ee\/sk\/toode\/torusaun-nokia-o-240-x-267-cm\/","title":{"rendered":"Sudov\u00e1 sauna Nokia \u00d8 240 x 267 cm"},"content":{"rendered":"<p>Sudov\u00e1 sauna Nokia, vyroben\u00e1 v spolo\u010dnosti Tene Kaubanduse na v\u00fdrobu z\u00e1hradn\u00fdch dom\u010dekov, je okam\u017eite pripraven\u00e1 na saunovanie. V\u00fdrobok sa d\u00e1 prepravi\u0165 na ak\u00e9ko\u013evek miesto pr\u00edstupn\u00e9 \u017eeriavom.<\/p>\n<p>S\u00fa\u010das\u0165ou s\u00fapravy montovanej sudovej sauny je:<\/p>\n<p>pou\u017eit\u00e9 drevo je 100 % smrek severskej kvality<br \/>\nlavica do sauny v parnej miestnosti<br \/>\nlavice na sedenie<br \/>\nohrieva\u010d na drevo s mrie\u017ekov\u00fdm krytom<br \/>\nvysokokvalitn\u00fd kom\u00edn s klapkou a 22 l n\u00e1dr\u017eou na vodu<br \/>\nkamene do sauny 100 kg<br \/>\n\u017eiaruvzdorn\u00e1 z\u00e1klad\u0148a ohrieva\u010da, pl\u00e1\u0161\u0165 a zadn\u00e1 stena<br \/>\nvonkaj\u0161\u00ed povrch je upraven\u00fd moridlom Teknos AQUAPRIMER TM 1824<br \/>\nstre\u0161n\u00e9 \u010dierne vo\u0161tinov\u00e9 \u0161indle<br \/>\nokno v parnej miestnosti s tvrden\u00fdm sklom<br \/>\nHr\u00fabka steny: 40 mm<br \/>\nVonkaj\u0161ie rozmery: 240 x 267 cm<\/p>\n","protected":false},"excerpt":{"rendered":"<p>Montovan\u00e1 sudov\u00e1 sauna Nokia, \u00faprava strechy z \u010diernych vo\u0161tinov\u00fdch \u0161ind\u013eov, kachle na drevo s kame\u0148mi (100 kg), kvalitn\u00fd kom\u00edn s klapkou a vodn\u00e1 n\u00e1dr\u017e. Vonkaj\u0161\u00ed povrch je upraven\u00fd moridlom Teknos AQUAPRIMER TM 1824.<\/p>\n<p>Sudov\u00e1 sauna Nokia je dostupn\u00e1 aj s elektrick\u00fdm ohrieva\u010dom. <\/p>\n<p>Cena nezah\u0155\u0148a prepravu v\u00fdrobku.<\/p>\n","protected":false},"featured_media":7886,"template":"","meta":{"_acf_changed":false},"product_brand":[],"product_cat":[585,584,578],"product_tag":[],"class_list":{"0":"post-19186","1":"product","2":"type-product","3":"status-publish","4":"has-post-thumbnail","6":"product_cat-hotove-sauny-sk","7":"product_cat-rurkove-sauny","8":"product_cat-sauny-sk","9":"product_shipping_class-390e-sk-2","10":"pa_seina-paksus-40-mm-sk","11":"pa_vali-keris-huum-elektrikeris-sk","12":"pa_vali-keris-puukuttega-skamet-keris-sk","14":"first","15":"onbackorder","16":"sale","17":"purchasable","18":"product-type-simple"},"acf":[],"yoast_head":"<!-- This site is optimized with the Yoast SEO plugin v27.3 - https:\/\/yoast.com\/product\/yoast-seo-wordpress\/ -->\n<title>Tene.ee - Sudov\u00e1 sauna Nokia \u00d8 240 x 267 cm<\/title>\n<meta name=\"description\" content=\"Tene.ee Sudov\u00e1 sauna Nokia \u00d8 240 x 267 cm\" \/>\n<meta name=\"robots\" content=\"index, follow, max-snippet:-1, max-image-preview:large, max-video-preview:-1\" \/>\n<link rel=\"canonical\" href=\"https:\/\/tene.ee\/sk\/toode\/torusaun-nokia-o-240-x-267-cm\/\" \/>\n<meta property=\"og:locale\" content=\"sk_SK\" \/>\n<meta property=\"og:type\" content=\"article\" \/>\n<meta property=\"og:title\" content=\"Tene.ee - Sudov\u00e1 sauna Nokia \u00d8 240 x 267 cm\" \/>\n<meta property=\"og:description\" content=\"Tene.ee Sudov\u00e1 sauna Nokia \u00d8 240 x 267 cm\" \/>\n<meta property=\"og:url\" content=\"https:\/\/tene.ee\/sk\/toode\/torusaun-nokia-o-240-x-267-cm\/\" \/>\n<meta property=\"og:site_name\" content=\"Tene.ee\" \/>\n<meta property=\"article:publisher\" content=\"https:\/\/www.facebook.com\/teneaiamajad\" \/>\n<meta property=\"article:modified_time\" content=\"2025-12-03T11:22:59+00:00\" \/>\n<meta property=\"og:image\" content=\"https:\/\/tene.ee\/wp-content\/uploads\/2024\/07\/Nokia-1024x683.jpg\" \/>\n\t<meta property=\"og:image:width\" content=\"1024\" \/>\n\t<meta property=\"og:image:height\" content=\"683\" \/>\n\t<meta property=\"og:image:type\" content=\"image\/jpeg\" \/>\n<meta name=\"twitter:card\" content=\"summary_large_image\" \/>\n<meta name=\"twitter:label1\" content=\"Predpokladan\u00fd \u010das \u010d\u00edtania\" \/>\n\t<meta name=\"twitter:data1\" content=\"1 min\u00fata\" \/>\n<script type=\"application\/ld+json\" class=\"yoast-schema-graph\">{\"@context\":\"https:\\\/\\\/schema.org\",\"@graph\":[{\"@type\":\"WebPage\",\"@id\":\"https:\\\/\\\/tene.ee\\\/sk\\\/toode\\\/torusaun-nokia-o-240-x-267-cm\\\/\",\"url\":\"https:\\\/\\\/tene.ee\\\/sk\\\/toode\\\/torusaun-nokia-o-240-x-267-cm\\\/\",\"name\":\"Tene.ee - Sudov\u00e1 sauna Nokia \u00d8 240 x 267 cm\",\"isPartOf\":{\"@id\":\"https:\\\/\\\/tene.ee\\\/sk\\\/#website\"},\"primaryImageOfPage\":{\"@id\":\"https:\\\/\\\/tene.ee\\\/sk\\\/toode\\\/torusaun-nokia-o-240-x-267-cm\\\/#primaryimage\"},\"image\":{\"@id\":\"https:\\\/\\\/tene.ee\\\/sk\\\/toode\\\/torusaun-nokia-o-240-x-267-cm\\\/#primaryimage\"},\"thumbnailUrl\":\"https:\\\/\\\/tene.ee\\\/wp-content\\\/uploads\\\/2024\\\/07\\\/Nokia.jpg\",\"datePublished\":\"2024-07-12T13:32:38+00:00\",\"dateModified\":\"2025-12-03T11:22:59+00:00\",\"description\":\"Tene.ee Sudov\u00e1 sauna Nokia \u00d8 240 x 267 cm\",\"breadcrumb\":{\"@id\":\"https:\\\/\\\/tene.ee\\\/sk\\\/toode\\\/torusaun-nokia-o-240-x-267-cm\\\/#breadcrumb\"},\"inLanguage\":\"sk-SK\",\"potentialAction\":[{\"@type\":\"ReadAction\",\"target\":[\"https:\\\/\\\/tene.ee\\\/sk\\\/toode\\\/torusaun-nokia-o-240-x-267-cm\\\/\"]}]},{\"@type\":\"ImageObject\",\"inLanguage\":\"sk-SK\",\"@id\":\"https:\\\/\\\/tene.ee\\\/sk\\\/toode\\\/torusaun-nokia-o-240-x-267-cm\\\/#primaryimage\",\"url\":\"https:\\\/\\\/tene.ee\\\/wp-content\\\/uploads\\\/2024\\\/07\\\/Nokia.jpg\",\"contentUrl\":\"https:\\\/\\\/tene.ee\\\/wp-content\\\/uploads\\\/2024\\\/07\\\/Nokia.jpg\",\"width\":2500,\"height\":1667},{\"@type\":\"BreadcrumbList\",\"@id\":\"https:\\\/\\\/tene.ee\\\/sk\\\/toode\\\/torusaun-nokia-o-240-x-267-cm\\\/#breadcrumb\",\"itemListElement\":[{\"@type\":\"ListItem\",\"position\":1,\"name\":\"Avaleht\",\"item\":\"http:\\\/\\\/tene.ee\\\/sk\\\/\"},{\"@type\":\"ListItem\",\"position\":2,\"name\":\"V\u0161etky produkty\",\"item\":\"http:\\\/\\\/tene.ee\\\/sk\\\/shop\\\/\"},{\"@type\":\"ListItem\",\"position\":3,\"name\":\"Sudov\u00e1 sauna Nokia \u00d8 240 x 267 cm\"}]},{\"@type\":\"WebSite\",\"@id\":\"https:\\\/\\\/tene.ee\\\/sk\\\/#website\",\"url\":\"https:\\\/\\\/tene.ee\\\/sk\\\/\",\"name\":\"Tene.ee - Kaunite hetkede jaoks sinu aias\",\"description\":\"Tene.ee - parimad puit- ja aiamajad otse tootjalt\",\"publisher\":{\"@id\":\"https:\\\/\\\/tene.ee\\\/sk\\\/#organization\"},\"alternateName\":\"Tene.ee\",\"potentialAction\":[{\"@type\":\"SearchAction\",\"target\":{\"@type\":\"EntryPoint\",\"urlTemplate\":\"https:\\\/\\\/tene.ee\\\/sk\\\/?s={search_term_string}\"},\"query-input\":{\"@type\":\"PropertyValueSpecification\",\"valueRequired\":true,\"valueName\":\"search_term_string\"}}],\"inLanguage\":\"sk-SK\"},{\"@type\":\"Organization\",\"@id\":\"https:\\\/\\\/tene.ee\\\/sk\\\/#organization\",\"name\":\"Tene.ee\",\"url\":\"https:\\\/\\\/tene.ee\\\/sk\\\/\",\"logo\":{\"@type\":\"ImageObject\",\"inLanguage\":\"sk-SK\",\"@id\":\"https:\\\/\\\/tene.ee\\\/sk\\\/#\\\/schema\\\/logo\\\/image\\\/\",\"url\":\"https:\\\/\\\/tene.ee\\\/wp-content\\\/uploads\\\/2024\\\/12\\\/TENE-logo-2018-2.png\",\"contentUrl\":\"https:\\\/\\\/tene.ee\\\/wp-content\\\/uploads\\\/2024\\\/12\\\/TENE-logo-2018-2.png\",\"width\":2339,\"height\":1654,\"caption\":\"Tene.ee\"},\"image\":{\"@id\":\"https:\\\/\\\/tene.ee\\\/sk\\\/#\\\/schema\\\/logo\\\/image\\\/\"},\"sameAs\":[\"https:\\\/\\\/www.facebook.com\\\/teneaiamajad\"]}]}<\/script>\n<!-- \/ Yoast SEO plugin. -->","yoast_head_json":{"title":"Tene.ee - Sudov\u00e1 sauna Nokia \u00d8 240 x 267 cm","description":"Tene.ee Sudov\u00e1 sauna Nokia \u00d8 240 x 267 cm","robots":{"index":"index","follow":"follow","max-snippet":"max-snippet:-1","max-image-preview":"max-image-preview:large","max-video-preview":"max-video-preview:-1"},"canonical":"https:\/\/tene.ee\/sk\/toode\/torusaun-nokia-o-240-x-267-cm\/","og_locale":"sk_SK","og_type":"article","og_title":"Tene.ee - Sudov\u00e1 sauna Nokia \u00d8 240 x 267 cm","og_description":"Tene.ee Sudov\u00e1 sauna Nokia \u00d8 240 x 267 cm","og_url":"https:\/\/tene.ee\/sk\/toode\/torusaun-nokia-o-240-x-267-cm\/","og_site_name":"Tene.ee","article_publisher":"https:\/\/www.facebook.com\/teneaiamajad","article_modified_time":"2025-12-03T11:22:59+00:00","og_image":[{"width":1024,"height":683,"url":"https:\/\/tene.ee\/wp-content\/uploads\/2024\/07\/Nokia-1024x683.jpg","type":"image\/jpeg"}],"twitter_card":"summary_large_image","twitter_misc":{"Predpokladan\u00fd \u010das \u010d\u00edtania":"1 min\u00fata"},"schema":{"@context":"https:\/\/schema.org","@graph":[{"@type":"WebPage","@id":"https:\/\/tene.ee\/sk\/toode\/torusaun-nokia-o-240-x-267-cm\/","url":"https:\/\/tene.ee\/sk\/toode\/torusaun-nokia-o-240-x-267-cm\/","name":"Tene.ee - Sudov\u00e1 sauna Nokia \u00d8 240 x 267 cm","isPartOf":{"@id":"https:\/\/tene.ee\/sk\/#website"},"primaryImageOfPage":{"@id":"https:\/\/tene.ee\/sk\/toode\/torusaun-nokia-o-240-x-267-cm\/#primaryimage"},"image":{"@id":"https:\/\/tene.ee\/sk\/toode\/torusaun-nokia-o-240-x-267-cm\/#primaryimage"},"thumbnailUrl":"https:\/\/tene.ee\/wp-content\/uploads\/2024\/07\/Nokia.jpg","datePublished":"2024-07-12T13:32:38+00:00","dateModified":"2025-12-03T11:22:59+00:00","description":"Tene.ee Sudov\u00e1 sauna Nokia \u00d8 240 x 267 cm","breadcrumb":{"@id":"https:\/\/tene.ee\/sk\/toode\/torusaun-nokia-o-240-x-267-cm\/#breadcrumb"},"inLanguage":"sk-SK","potentialAction":[{"@type":"ReadAction","target":["https:\/\/tene.ee\/sk\/toode\/torusaun-nokia-o-240-x-267-cm\/"]}]},{"@type":"ImageObject","inLanguage":"sk-SK","@id":"https:\/\/tene.ee\/sk\/toode\/torusaun-nokia-o-240-x-267-cm\/#primaryimage","url":"https:\/\/tene.ee\/wp-content\/uploads\/2024\/07\/Nokia.jpg","contentUrl":"https:\/\/tene.ee\/wp-content\/uploads\/2024\/07\/Nokia.jpg","width":2500,"height":1667},{"@type":"BreadcrumbList","@id":"https:\/\/tene.ee\/sk\/toode\/torusaun-nokia-o-240-x-267-cm\/#breadcrumb","itemListElement":[{"@type":"ListItem","position":1,"name":"Avaleht","item":"http:\/\/tene.ee\/sk\/"},{"@type":"ListItem","position":2,"name":"V\u0161etky produkty","item":"http:\/\/tene.ee\/sk\/shop\/"},{"@type":"ListItem","position":3,"name":"Sudov\u00e1 sauna Nokia \u00d8 240 x 267 cm"}]},{"@type":"WebSite","@id":"https:\/\/tene.ee\/sk\/#website","url":"https:\/\/tene.ee\/sk\/","name":"Tene.ee - Kaunite hetkede jaoks sinu aias","description":"Tene.ee - parimad puit- ja aiamajad otse tootjalt","publisher":{"@id":"https:\/\/tene.ee\/sk\/#organization"},"alternateName":"Tene.ee","potentialAction":[{"@type":"SearchAction","target":{"@type":"EntryPoint","urlTemplate":"https:\/\/tene.ee\/sk\/?s={search_term_string}"},"query-input":{"@type":"PropertyValueSpecification","valueRequired":true,"valueName":"search_term_string"}}],"inLanguage":"sk-SK"},{"@type":"Organization","@id":"https:\/\/tene.ee\/sk\/#organization","name":"Tene.ee","url":"https:\/\/tene.ee\/sk\/","logo":{"@type":"ImageObject","inLanguage":"sk-SK","@id":"https:\/\/tene.ee\/sk\/#\/schema\/logo\/image\/","url":"https:\/\/tene.ee\/wp-content\/uploads\/2024\/12\/TENE-logo-2018-2.png","contentUrl":"https:\/\/tene.ee\/wp-content\/uploads\/2024\/12\/TENE-logo-2018-2.png","width":2339,"height":1654,"caption":"Tene.ee"},"image":{"@id":"https:\/\/tene.ee\/sk\/#\/schema\/logo\/image\/"},"sameAs":["https:\/\/www.facebook.com\/teneaiamajad"]}]}},"_links":{"self":[{"href":"https:\/\/tene.ee\/sk\/wp-json\/wp\/v2\/product\/19186","targetHints":{"allow":["GET"]}}],"collection":[{"href":"https:\/\/tene.ee\/sk\/wp-json\/wp\/v2\/product"}],"about":[{"href":"https:\/\/tene.ee\/sk\/wp-json\/wp\/v2\/types\/product"}],"wp:featuredmedia":[{"embeddable":true,"href":"https:\/\/tene.ee\/sk\/wp-json\/wp\/v2\/media\/7886"}],"wp:attachment":[{"href":"https:\/\/tene.ee\/sk\/wp-json\/wp\/v2\/media?parent=19186"}],"wp:term":[{"taxonomy":"product_brand","embeddable":true,"href":"https:\/\/tene.ee\/sk\/wp-json\/wp\/v2\/product_brand?post=19186"},{"taxonomy":"product_cat","embeddable":true,"href":"https:\/\/tene.ee\/sk\/wp-json\/wp\/v2\/product_cat?post=19186"},{"taxonomy":"product_tag","embeddable":true,"href":"https:\/\/tene.ee\/sk\/wp-json\/wp\/v2\/product_tag?post=19186"}],"curies":[{"name":"wp","href":"https:\/\/api.w.org\/{rel}","templated":true}]}}