{"id":18879,"date":"2024-07-12T16:45:08","date_gmt":"2024-07-12T13:45:08","guid":{"rendered":"https:\/\/tene.ee\/toode\/platvormhaagis-cp300-r-drop\/"},"modified":"2024-11-28T11:28:46","modified_gmt":"2024-11-28T09:28:46","slug":"platvormhaagis-cp300-r-drop","status":"publish","type":"product","link":"https:\/\/tene.ee\/sk\/toode\/platvormhaagis-cp300-r-drop\/","title":{"rendered":"Plo\u0161inov\u00fd pr\u00edves CP300-R\/DROP"},"content":{"rendered":"<p>Multifunk\u010dn\u00fd plo\u0161inov\u00fd pr\u00edves na zv\u00e1ranom r\u00e1me so silnou kon\u0161trukciou. Hladk\u00e9 dno a absencia portov umo\u017e\u0148uj\u00fa pr\u00edves vyu\u017ei\u0165 ako na prepravu n\u00e1kladu, tak napr\u00edklad aj ako z\u00e1klad\u0148u pre saunu \u010di v\u00edrivku va\u0161ich snov. Ako pr\u00edslu\u0161enstvo je mo\u017en\u00e9 zvoli\u0165 r\u00f4zne podpern\u00e9 no\u017ei\u010dky na pripevnenie na dno aj na boky.<\/p>\n","protected":false},"excerpt":{"rendered":"<p>Multifunk\u010dn\u00fd plo\u0161inov\u00fd pr\u00edves na zv\u00e1ranom r\u00e1me so silnou kon\u0161trukciou. Hladk\u00e9 dno a absencia portov umo\u017e\u0148uj\u00fa pr\u00edves vyu\u017ei\u0165 ako na prepravu<\/p>\n","protected":false},"featured_media":9102,"template":"","meta":{"_acf_changed":false},"product_brand":[],"product_cat":[570,569],"product_tag":[],"class_list":{"0":"post-18879","1":"product","2":"type-product","3":"status-publish","4":"has-post-thumbnail","6":"product_cat-ostatne-produkty","7":"product_cat-virivky-sk","9":"first","10":"onbackorder","11":"sale","12":"purchasable","13":"product-type-simple"},"acf":[],"yoast_head":"<!-- This site is optimized with the Yoast SEO plugin v27.4 - https:\/\/yoast.com\/product\/yoast-seo-wordpress\/ -->\n<title>Tene.ee - Plo\u0161inov\u00fd pr\u00edves CP300-R\/DROP<\/title>\n<meta name=\"description\" content=\"Tene.ee Plo\u0161inov\u00fd pr\u00edves CP300-R\/DROP\" \/>\n<meta name=\"robots\" content=\"index, follow, max-snippet:-1, max-image-preview:large, max-video-preview:-1\" \/>\n<link rel=\"canonical\" href=\"https:\/\/tene.ee\/sk\/toode\/platvormhaagis-cp300-r-drop\/\" \/>\n<meta property=\"og:locale\" content=\"sk_SK\" \/>\n<meta property=\"og:type\" content=\"article\" \/>\n<meta property=\"og:title\" content=\"Tene.ee - Plo\u0161inov\u00fd pr\u00edves CP300-R\/DROP\" \/>\n<meta property=\"og:description\" content=\"Tene.ee Plo\u0161inov\u00fd pr\u00edves CP300-R\/DROP\" \/>\n<meta property=\"og:url\" content=\"https:\/\/tene.ee\/sk\/toode\/platvormhaagis-cp300-r-drop\/\" \/>\n<meta property=\"og:site_name\" content=\"Tene.ee\" \/>\n<meta property=\"article:publisher\" content=\"https:\/\/www.facebook.com\/teneaiamajad\" \/>\n<meta property=\"article:modified_time\" content=\"2024-11-28T09:28:46+00:00\" \/>\n<meta property=\"og:image\" content=\"https:\/\/tene.ee\/wp-content\/uploads\/2024\/07\/ec0213ti.jpg\" \/>\n\t<meta property=\"og:image:width\" content=\"1920\" \/>\n\t<meta property=\"og:image:height\" content=\"1440\" \/>\n\t<meta property=\"og:image:type\" content=\"image\/jpeg\" \/>\n<meta name=\"twitter:card\" content=\"summary_large_image\" \/>\n<meta name=\"twitter:label1\" content=\"Predpokladan\u00fd \u010das \u010d\u00edtania\" \/>\n\t<meta name=\"twitter:data1\" content=\"1 min\u00fata\" \/>\n<script type=\"application\/ld+json\" class=\"yoast-schema-graph\">{\"@context\":\"https:\\\/\\\/schema.org\",\"@graph\":[{\"@type\":\"WebPage\",\"@id\":\"https:\\\/\\\/tene.ee\\\/sk\\\/toode\\\/platvormhaagis-cp300-r-drop\\\/\",\"url\":\"https:\\\/\\\/tene.ee\\\/sk\\\/toode\\\/platvormhaagis-cp300-r-drop\\\/\",\"name\":\"Tene.ee - Plo\u0161inov\u00fd pr\u00edves CP300-R\\\/DROP\",\"isPartOf\":{\"@id\":\"https:\\\/\\\/tene.ee\\\/sk\\\/#website\"},\"primaryImageOfPage\":{\"@id\":\"https:\\\/\\\/tene.ee\\\/sk\\\/toode\\\/platvormhaagis-cp300-r-drop\\\/#primaryimage\"},\"image\":{\"@id\":\"https:\\\/\\\/tene.ee\\\/sk\\\/toode\\\/platvormhaagis-cp300-r-drop\\\/#primaryimage\"},\"thumbnailUrl\":\"https:\\\/\\\/tene.ee\\\/wp-content\\\/uploads\\\/2024\\\/07\\\/ec0213ti.jpg\",\"datePublished\":\"2024-07-12T13:45:08+00:00\",\"dateModified\":\"2024-11-28T09:28:46+00:00\",\"description\":\"Tene.ee Plo\u0161inov\u00fd pr\u00edves CP300-R\\\/DROP\",\"breadcrumb\":{\"@id\":\"https:\\\/\\\/tene.ee\\\/sk\\\/toode\\\/platvormhaagis-cp300-r-drop\\\/#breadcrumb\"},\"inLanguage\":\"sk-SK\",\"potentialAction\":[{\"@type\":\"ReadAction\",\"target\":[\"https:\\\/\\\/tene.ee\\\/sk\\\/toode\\\/platvormhaagis-cp300-r-drop\\\/\"]}]},{\"@type\":\"ImageObject\",\"inLanguage\":\"sk-SK\",\"@id\":\"https:\\\/\\\/tene.ee\\\/sk\\\/toode\\\/platvormhaagis-cp300-r-drop\\\/#primaryimage\",\"url\":\"https:\\\/\\\/tene.ee\\\/wp-content\\\/uploads\\\/2024\\\/07\\\/ec0213ti.jpg\",\"contentUrl\":\"https:\\\/\\\/tene.ee\\\/wp-content\\\/uploads\\\/2024\\\/07\\\/ec0213ti.jpg\",\"width\":1920,\"height\":1440},{\"@type\":\"BreadcrumbList\",\"@id\":\"https:\\\/\\\/tene.ee\\\/sk\\\/toode\\\/platvormhaagis-cp300-r-drop\\\/#breadcrumb\",\"itemListElement\":[{\"@type\":\"ListItem\",\"position\":1,\"name\":\"Avaleht\",\"item\":\"http:\\\/\\\/tene.ee\\\/sk\\\/\"},{\"@type\":\"ListItem\",\"position\":2,\"name\":\"V\u0161etky produkty\",\"item\":\"http:\\\/\\\/tene.ee\\\/sk\\\/shop\\\/\"},{\"@type\":\"ListItem\",\"position\":3,\"name\":\"Plo\u0161inov\u00fd pr\u00edves CP300-R\\\/DROP\"}]},{\"@type\":\"WebSite\",\"@id\":\"https:\\\/\\\/tene.ee\\\/sk\\\/#website\",\"url\":\"https:\\\/\\\/tene.ee\\\/sk\\\/\",\"name\":\"Tene.ee - Kaunite hetkede jaoks sinu aias\",\"description\":\"Tene.ee - parimad puit- ja aiamajad otse tootjalt\",\"publisher\":{\"@id\":\"https:\\\/\\\/tene.ee\\\/sk\\\/#organization\"},\"alternateName\":\"Tene.ee\",\"potentialAction\":[{\"@type\":\"SearchAction\",\"target\":{\"@type\":\"EntryPoint\",\"urlTemplate\":\"https:\\\/\\\/tene.ee\\\/sk\\\/?s={search_term_string}\"},\"query-input\":{\"@type\":\"PropertyValueSpecification\",\"valueRequired\":true,\"valueName\":\"search_term_string\"}}],\"inLanguage\":\"sk-SK\"},{\"@type\":\"Organization\",\"@id\":\"https:\\\/\\\/tene.ee\\\/sk\\\/#organization\",\"name\":\"Tene.ee\",\"url\":\"https:\\\/\\\/tene.ee\\\/sk\\\/\",\"logo\":{\"@type\":\"ImageObject\",\"inLanguage\":\"sk-SK\",\"@id\":\"https:\\\/\\\/tene.ee\\\/sk\\\/#\\\/schema\\\/logo\\\/image\\\/\",\"url\":\"https:\\\/\\\/tene.ee\\\/wp-content\\\/uploads\\\/2024\\\/12\\\/TENE-logo-2018-2.png\",\"contentUrl\":\"https:\\\/\\\/tene.ee\\\/wp-content\\\/uploads\\\/2024\\\/12\\\/TENE-logo-2018-2.png\",\"width\":2339,\"height\":1654,\"caption\":\"Tene.ee\"},\"image\":{\"@id\":\"https:\\\/\\\/tene.ee\\\/sk\\\/#\\\/schema\\\/logo\\\/image\\\/\"},\"sameAs\":[\"https:\\\/\\\/www.facebook.com\\\/teneaiamajad\"]}]}<\/script>\n<!-- \/ Yoast SEO plugin. -->","yoast_head_json":{"title":"Tene.ee - Plo\u0161inov\u00fd pr\u00edves CP300-R\/DROP","description":"Tene.ee Plo\u0161inov\u00fd pr\u00edves CP300-R\/DROP","robots":{"index":"index","follow":"follow","max-snippet":"max-snippet:-1","max-image-preview":"max-image-preview:large","max-video-preview":"max-video-preview:-1"},"canonical":"https:\/\/tene.ee\/sk\/toode\/platvormhaagis-cp300-r-drop\/","og_locale":"sk_SK","og_type":"article","og_title":"Tene.ee - Plo\u0161inov\u00fd pr\u00edves CP300-R\/DROP","og_description":"Tene.ee Plo\u0161inov\u00fd pr\u00edves CP300-R\/DROP","og_url":"https:\/\/tene.ee\/sk\/toode\/platvormhaagis-cp300-r-drop\/","og_site_name":"Tene.ee","article_publisher":"https:\/\/www.facebook.com\/teneaiamajad","article_modified_time":"2024-11-28T09:28:46+00:00","og_image":[{"width":1920,"height":1440,"url":"https:\/\/tene.ee\/wp-content\/uploads\/2024\/07\/ec0213ti.jpg","type":"image\/jpeg"}],"twitter_card":"summary_large_image","twitter_misc":{"Predpokladan\u00fd \u010das \u010d\u00edtania":"1 min\u00fata"},"schema":{"@context":"https:\/\/schema.org","@graph":[{"@type":"WebPage","@id":"https:\/\/tene.ee\/sk\/toode\/platvormhaagis-cp300-r-drop\/","url":"https:\/\/tene.ee\/sk\/toode\/platvormhaagis-cp300-r-drop\/","name":"Tene.ee - Plo\u0161inov\u00fd pr\u00edves CP300-R\/DROP","isPartOf":{"@id":"https:\/\/tene.ee\/sk\/#website"},"primaryImageOfPage":{"@id":"https:\/\/tene.ee\/sk\/toode\/platvormhaagis-cp300-r-drop\/#primaryimage"},"image":{"@id":"https:\/\/tene.ee\/sk\/toode\/platvormhaagis-cp300-r-drop\/#primaryimage"},"thumbnailUrl":"https:\/\/tene.ee\/wp-content\/uploads\/2024\/07\/ec0213ti.jpg","datePublished":"2024-07-12T13:45:08+00:00","dateModified":"2024-11-28T09:28:46+00:00","description":"Tene.ee Plo\u0161inov\u00fd pr\u00edves CP300-R\/DROP","breadcrumb":{"@id":"https:\/\/tene.ee\/sk\/toode\/platvormhaagis-cp300-r-drop\/#breadcrumb"},"inLanguage":"sk-SK","potentialAction":[{"@type":"ReadAction","target":["https:\/\/tene.ee\/sk\/toode\/platvormhaagis-cp300-r-drop\/"]}]},{"@type":"ImageObject","inLanguage":"sk-SK","@id":"https:\/\/tene.ee\/sk\/toode\/platvormhaagis-cp300-r-drop\/#primaryimage","url":"https:\/\/tene.ee\/wp-content\/uploads\/2024\/07\/ec0213ti.jpg","contentUrl":"https:\/\/tene.ee\/wp-content\/uploads\/2024\/07\/ec0213ti.jpg","width":1920,"height":1440},{"@type":"BreadcrumbList","@id":"https:\/\/tene.ee\/sk\/toode\/platvormhaagis-cp300-r-drop\/#breadcrumb","itemListElement":[{"@type":"ListItem","position":1,"name":"Avaleht","item":"http:\/\/tene.ee\/sk\/"},{"@type":"ListItem","position":2,"name":"V\u0161etky produkty","item":"http:\/\/tene.ee\/sk\/shop\/"},{"@type":"ListItem","position":3,"name":"Plo\u0161inov\u00fd pr\u00edves CP300-R\/DROP"}]},{"@type":"WebSite","@id":"https:\/\/tene.ee\/sk\/#website","url":"https:\/\/tene.ee\/sk\/","name":"Tene.ee - Kaunite hetkede jaoks sinu aias","description":"Tene.ee - parimad puit- ja aiamajad otse tootjalt","publisher":{"@id":"https:\/\/tene.ee\/sk\/#organization"},"alternateName":"Tene.ee","potentialAction":[{"@type":"SearchAction","target":{"@type":"EntryPoint","urlTemplate":"https:\/\/tene.ee\/sk\/?s={search_term_string}"},"query-input":{"@type":"PropertyValueSpecification","valueRequired":true,"valueName":"search_term_string"}}],"inLanguage":"sk-SK"},{"@type":"Organization","@id":"https:\/\/tene.ee\/sk\/#organization","name":"Tene.ee","url":"https:\/\/tene.ee\/sk\/","logo":{"@type":"ImageObject","inLanguage":"sk-SK","@id":"https:\/\/tene.ee\/sk\/#\/schema\/logo\/image\/","url":"https:\/\/tene.ee\/wp-content\/uploads\/2024\/12\/TENE-logo-2018-2.png","contentUrl":"https:\/\/tene.ee\/wp-content\/uploads\/2024\/12\/TENE-logo-2018-2.png","width":2339,"height":1654,"caption":"Tene.ee"},"image":{"@id":"https:\/\/tene.ee\/sk\/#\/schema\/logo\/image\/"},"sameAs":["https:\/\/www.facebook.com\/teneaiamajad"]}]}},"_links":{"self":[{"href":"https:\/\/tene.ee\/sk\/wp-json\/wp\/v2\/product\/18879","targetHints":{"allow":["GET"]}}],"collection":[{"href":"https:\/\/tene.ee\/sk\/wp-json\/wp\/v2\/product"}],"about":[{"href":"https:\/\/tene.ee\/sk\/wp-json\/wp\/v2\/types\/product"}],"wp:featuredmedia":[{"embeddable":true,"href":"https:\/\/tene.ee\/sk\/wp-json\/wp\/v2\/media\/9102"}],"wp:attachment":[{"href":"https:\/\/tene.ee\/sk\/wp-json\/wp\/v2\/media?parent=18879"}],"wp:term":[{"taxonomy":"product_brand","embeddable":true,"href":"https:\/\/tene.ee\/sk\/wp-json\/wp\/v2\/product_brand?post=18879"},{"taxonomy":"product_cat","embeddable":true,"href":"https:\/\/tene.ee\/sk\/wp-json\/wp\/v2\/product_cat?post=18879"},{"taxonomy":"product_tag","embeddable":true,"href":"https:\/\/tene.ee\/sk\/wp-json\/wp\/v2\/product_tag?post=18879"}],"curies":[{"name":"wp","href":"https:\/\/api.w.org\/{rel}","templated":true}]}}