{"id":18864,"date":"2024-07-12T16:45:08","date_gmt":"2024-07-12T13:45:08","guid":{"rendered":"https:\/\/tene.ee\/toode\/aiamaja-britta-a\/"},"modified":"2024-11-28T11:39:10","modified_gmt":"2024-11-28T09:39:10","slug":"aiamaja-britta-a","status":"publish","type":"product","link":"https:\/\/tene.ee\/sk\/toode\/aiamaja-britta-a\/","title":{"rendered":"Z\u00e1hradn\u00fd dom\u010dek Britta A"},"content":{"rendered":"<p>28 mm z\u00e1hradn\u00e9 dom\u010deky, zrubov\u00e9 dom\u010deky, detsk\u00e9 dom\u010deky, pr\u00edstre\u0161ky, sauny, letn\u00e9 dom\u010deky a gar\u00e1\u017ee vyr\u00e1ban\u00e9 v z\u00e1vode Grupotene \/ Tene Kaubandus maj\u00fa \u0161tandardn\u00fa sadu: dvere, podlahu, upev\u0148ovacie prvky, n\u00e1vod na mont\u00e1\u017e at\u010f. jednoduch\u00e9 a zaberie m\u00e1lo \u010dasu Grupotene \/ Tene Kaubandus 28 mm Sada z\u00e1hradn\u00fdch dom\u010dekov s hr\u00fabkou steny pod\u013ea n\u00e1kresu produktu obsahuje: Dreven\u00fd materi\u00e1l, z ktor\u00e9ho s\u00fa dom\u010deky vyroben\u00e9, je 100% seversk\u00fd smrek vysokej kvality vyroben\u00e9 zo \u0161peci\u00e1lneho such\u00e9ho (8-12%) lepen\u00e9ho dreva, skrutky) V\u00fdkresy a pl\u00e1ny pre mont\u00e1\u017e Ceny s\u00fa uveden\u00e9 zo z\u00e1vodu a vr\u00e1tane DPH.<\/p>\n","protected":false},"excerpt":{"rendered":"<p>V cene s\u00fa lepen\u00e9 dvere so sklom, bal\u00edk prahu pokryt\u00fd nerezom, podlaha, impregnovan\u00e9 z\u00e1kladov\u00e9 bloky, spojovac\u00ed materi\u00e1l a n\u00e1vod na mont\u00e1\u017e.<\/p>\n","protected":false},"featured_media":9054,"template":"","meta":{"_acf_changed":false},"product_brand":[],"product_cat":[568,554,555],"product_tag":[],"class_list":{"0":"post-18864","1":"product","2":"type-product","3":"status-publish","4":"has-post-thumbnail","6":"product_cat-volny-ihned-sk","7":"product_cat-zahradne-domceky","8":"product_cat-zahradne-domceky-28-mm","9":"product_shipping_class-390e-sk-2","10":"pa_iseloomustus-1-izba","11":"pa_iseloomustus-stvorcovy-dom","12":"pa_katuse-tuup-sikma-strecha-sk","13":"pa_pindala-0-10-m2-sk","14":"pa_seina-paksus-28-mm-sk","16":"first","17":"instock","18":"sale","19":"purchasable","20":"product-type-simple"},"acf":[],"yoast_head":"<!-- This site is optimized with the Yoast SEO plugin v27.4 - https:\/\/yoast.com\/product\/yoast-seo-wordpress\/ -->\n<title>Tene.ee - Z\u00e1hradn\u00fd dom\u010dek Britta A<\/title>\n<meta name=\"description\" content=\"Tene.ee Z\u00e1hradn\u00fd dom\u010dek Britta A\" \/>\n<meta name=\"robots\" content=\"index, follow, max-snippet:-1, max-image-preview:large, max-video-preview:-1\" \/>\n<link rel=\"canonical\" href=\"https:\/\/tene.ee\/sk\/toode\/aiamaja-britta-a\/\" \/>\n<meta property=\"og:locale\" content=\"sk_SK\" \/>\n<meta property=\"og:type\" content=\"article\" \/>\n<meta property=\"og:title\" content=\"Tene.ee - Z\u00e1hradn\u00fd dom\u010dek Britta A\" \/>\n<meta property=\"og:description\" content=\"Tene.ee Z\u00e1hradn\u00fd dom\u010dek Britta A\" \/>\n<meta property=\"og:url\" content=\"https:\/\/tene.ee\/sk\/toode\/aiamaja-britta-a\/\" \/>\n<meta property=\"og:site_name\" content=\"Tene.ee\" \/>\n<meta property=\"article:publisher\" content=\"https:\/\/www.facebook.com\/teneaiamajad\" \/>\n<meta property=\"article:modified_time\" content=\"2024-11-28T09:39:10+00:00\" \/>\n<meta property=\"og:image\" content=\"https:\/\/tene.ee\/wp-content\/uploads\/2024\/07\/Britta.jpg\" \/>\n\t<meta property=\"og:image:width\" content=\"1600\" \/>\n\t<meta property=\"og:image:height\" content=\"1067\" \/>\n\t<meta property=\"og:image:type\" content=\"image\/jpeg\" \/>\n<meta name=\"twitter:card\" content=\"summary_large_image\" \/>\n<meta name=\"twitter:label1\" content=\"Predpokladan\u00fd \u010das \u010d\u00edtania\" \/>\n\t<meta name=\"twitter:data1\" content=\"1 min\u00fata\" \/>\n<script type=\"application\/ld+json\" class=\"yoast-schema-graph\">{\"@context\":\"https:\\\/\\\/schema.org\",\"@graph\":[{\"@type\":\"WebPage\",\"@id\":\"https:\\\/\\\/tene.ee\\\/sk\\\/toode\\\/aiamaja-britta-a\\\/\",\"url\":\"https:\\\/\\\/tene.ee\\\/sk\\\/toode\\\/aiamaja-britta-a\\\/\",\"name\":\"Tene.ee - Z\u00e1hradn\u00fd dom\u010dek Britta A\",\"isPartOf\":{\"@id\":\"https:\\\/\\\/tene.ee\\\/sk\\\/#website\"},\"primaryImageOfPage\":{\"@id\":\"https:\\\/\\\/tene.ee\\\/sk\\\/toode\\\/aiamaja-britta-a\\\/#primaryimage\"},\"image\":{\"@id\":\"https:\\\/\\\/tene.ee\\\/sk\\\/toode\\\/aiamaja-britta-a\\\/#primaryimage\"},\"thumbnailUrl\":\"https:\\\/\\\/tene.ee\\\/wp-content\\\/uploads\\\/2024\\\/07\\\/Britta.jpg\",\"datePublished\":\"2024-07-12T13:45:08+00:00\",\"dateModified\":\"2024-11-28T09:39:10+00:00\",\"description\":\"Tene.ee Z\u00e1hradn\u00fd dom\u010dek Britta A\",\"breadcrumb\":{\"@id\":\"https:\\\/\\\/tene.ee\\\/sk\\\/toode\\\/aiamaja-britta-a\\\/#breadcrumb\"},\"inLanguage\":\"sk-SK\",\"potentialAction\":[{\"@type\":\"ReadAction\",\"target\":[\"https:\\\/\\\/tene.ee\\\/sk\\\/toode\\\/aiamaja-britta-a\\\/\"]}]},{\"@type\":\"ImageObject\",\"inLanguage\":\"sk-SK\",\"@id\":\"https:\\\/\\\/tene.ee\\\/sk\\\/toode\\\/aiamaja-britta-a\\\/#primaryimage\",\"url\":\"https:\\\/\\\/tene.ee\\\/wp-content\\\/uploads\\\/2024\\\/07\\\/Britta.jpg\",\"contentUrl\":\"https:\\\/\\\/tene.ee\\\/wp-content\\\/uploads\\\/2024\\\/07\\\/Britta.jpg\",\"width\":1600,\"height\":1067},{\"@type\":\"BreadcrumbList\",\"@id\":\"https:\\\/\\\/tene.ee\\\/sk\\\/toode\\\/aiamaja-britta-a\\\/#breadcrumb\",\"itemListElement\":[{\"@type\":\"ListItem\",\"position\":1,\"name\":\"Avaleht\",\"item\":\"http:\\\/\\\/tene.ee\\\/sk\\\/\"},{\"@type\":\"ListItem\",\"position\":2,\"name\":\"V\u0161etky produkty\",\"item\":\"http:\\\/\\\/tene.ee\\\/sk\\\/shop\\\/\"},{\"@type\":\"ListItem\",\"position\":3,\"name\":\"Z\u00e1hradn\u00fd dom\u010dek Britta A\"}]},{\"@type\":\"WebSite\",\"@id\":\"https:\\\/\\\/tene.ee\\\/sk\\\/#website\",\"url\":\"https:\\\/\\\/tene.ee\\\/sk\\\/\",\"name\":\"Tene.ee - Kaunite hetkede jaoks sinu aias\",\"description\":\"Tene.ee - parimad puit- ja aiamajad otse tootjalt\",\"publisher\":{\"@id\":\"https:\\\/\\\/tene.ee\\\/sk\\\/#organization\"},\"alternateName\":\"Tene.ee\",\"potentialAction\":[{\"@type\":\"SearchAction\",\"target\":{\"@type\":\"EntryPoint\",\"urlTemplate\":\"https:\\\/\\\/tene.ee\\\/sk\\\/?s={search_term_string}\"},\"query-input\":{\"@type\":\"PropertyValueSpecification\",\"valueRequired\":true,\"valueName\":\"search_term_string\"}}],\"inLanguage\":\"sk-SK\"},{\"@type\":\"Organization\",\"@id\":\"https:\\\/\\\/tene.ee\\\/sk\\\/#organization\",\"name\":\"Tene.ee\",\"url\":\"https:\\\/\\\/tene.ee\\\/sk\\\/\",\"logo\":{\"@type\":\"ImageObject\",\"inLanguage\":\"sk-SK\",\"@id\":\"https:\\\/\\\/tene.ee\\\/sk\\\/#\\\/schema\\\/logo\\\/image\\\/\",\"url\":\"https:\\\/\\\/tene.ee\\\/wp-content\\\/uploads\\\/2024\\\/12\\\/TENE-logo-2018-2.png\",\"contentUrl\":\"https:\\\/\\\/tene.ee\\\/wp-content\\\/uploads\\\/2024\\\/12\\\/TENE-logo-2018-2.png\",\"width\":2339,\"height\":1654,\"caption\":\"Tene.ee\"},\"image\":{\"@id\":\"https:\\\/\\\/tene.ee\\\/sk\\\/#\\\/schema\\\/logo\\\/image\\\/\"},\"sameAs\":[\"https:\\\/\\\/www.facebook.com\\\/teneaiamajad\"]}]}<\/script>\n<!-- \/ Yoast SEO plugin. -->","yoast_head_json":{"title":"Tene.ee - Z\u00e1hradn\u00fd dom\u010dek Britta A","description":"Tene.ee Z\u00e1hradn\u00fd dom\u010dek Britta A","robots":{"index":"index","follow":"follow","max-snippet":"max-snippet:-1","max-image-preview":"max-image-preview:large","max-video-preview":"max-video-preview:-1"},"canonical":"https:\/\/tene.ee\/sk\/toode\/aiamaja-britta-a\/","og_locale":"sk_SK","og_type":"article","og_title":"Tene.ee - Z\u00e1hradn\u00fd dom\u010dek Britta A","og_description":"Tene.ee Z\u00e1hradn\u00fd dom\u010dek Britta A","og_url":"https:\/\/tene.ee\/sk\/toode\/aiamaja-britta-a\/","og_site_name":"Tene.ee","article_publisher":"https:\/\/www.facebook.com\/teneaiamajad","article_modified_time":"2024-11-28T09:39:10+00:00","og_image":[{"width":1600,"height":1067,"url":"https:\/\/tene.ee\/wp-content\/uploads\/2024\/07\/Britta.jpg","type":"image\/jpeg"}],"twitter_card":"summary_large_image","twitter_misc":{"Predpokladan\u00fd \u010das \u010d\u00edtania":"1 min\u00fata"},"schema":{"@context":"https:\/\/schema.org","@graph":[{"@type":"WebPage","@id":"https:\/\/tene.ee\/sk\/toode\/aiamaja-britta-a\/","url":"https:\/\/tene.ee\/sk\/toode\/aiamaja-britta-a\/","name":"Tene.ee - Z\u00e1hradn\u00fd dom\u010dek Britta A","isPartOf":{"@id":"https:\/\/tene.ee\/sk\/#website"},"primaryImageOfPage":{"@id":"https:\/\/tene.ee\/sk\/toode\/aiamaja-britta-a\/#primaryimage"},"image":{"@id":"https:\/\/tene.ee\/sk\/toode\/aiamaja-britta-a\/#primaryimage"},"thumbnailUrl":"https:\/\/tene.ee\/wp-content\/uploads\/2024\/07\/Britta.jpg","datePublished":"2024-07-12T13:45:08+00:00","dateModified":"2024-11-28T09:39:10+00:00","description":"Tene.ee Z\u00e1hradn\u00fd dom\u010dek Britta A","breadcrumb":{"@id":"https:\/\/tene.ee\/sk\/toode\/aiamaja-britta-a\/#breadcrumb"},"inLanguage":"sk-SK","potentialAction":[{"@type":"ReadAction","target":["https:\/\/tene.ee\/sk\/toode\/aiamaja-britta-a\/"]}]},{"@type":"ImageObject","inLanguage":"sk-SK","@id":"https:\/\/tene.ee\/sk\/toode\/aiamaja-britta-a\/#primaryimage","url":"https:\/\/tene.ee\/wp-content\/uploads\/2024\/07\/Britta.jpg","contentUrl":"https:\/\/tene.ee\/wp-content\/uploads\/2024\/07\/Britta.jpg","width":1600,"height":1067},{"@type":"BreadcrumbList","@id":"https:\/\/tene.ee\/sk\/toode\/aiamaja-britta-a\/#breadcrumb","itemListElement":[{"@type":"ListItem","position":1,"name":"Avaleht","item":"http:\/\/tene.ee\/sk\/"},{"@type":"ListItem","position":2,"name":"V\u0161etky produkty","item":"http:\/\/tene.ee\/sk\/shop\/"},{"@type":"ListItem","position":3,"name":"Z\u00e1hradn\u00fd dom\u010dek Britta A"}]},{"@type":"WebSite","@id":"https:\/\/tene.ee\/sk\/#website","url":"https:\/\/tene.ee\/sk\/","name":"Tene.ee - Kaunite hetkede jaoks sinu aias","description":"Tene.ee - parimad puit- ja aiamajad otse tootjalt","publisher":{"@id":"https:\/\/tene.ee\/sk\/#organization"},"alternateName":"Tene.ee","potentialAction":[{"@type":"SearchAction","target":{"@type":"EntryPoint","urlTemplate":"https:\/\/tene.ee\/sk\/?s={search_term_string}"},"query-input":{"@type":"PropertyValueSpecification","valueRequired":true,"valueName":"search_term_string"}}],"inLanguage":"sk-SK"},{"@type":"Organization","@id":"https:\/\/tene.ee\/sk\/#organization","name":"Tene.ee","url":"https:\/\/tene.ee\/sk\/","logo":{"@type":"ImageObject","inLanguage":"sk-SK","@id":"https:\/\/tene.ee\/sk\/#\/schema\/logo\/image\/","url":"https:\/\/tene.ee\/wp-content\/uploads\/2024\/12\/TENE-logo-2018-2.png","contentUrl":"https:\/\/tene.ee\/wp-content\/uploads\/2024\/12\/TENE-logo-2018-2.png","width":2339,"height":1654,"caption":"Tene.ee"},"image":{"@id":"https:\/\/tene.ee\/sk\/#\/schema\/logo\/image\/"},"sameAs":["https:\/\/www.facebook.com\/teneaiamajad"]}]}},"_links":{"self":[{"href":"https:\/\/tene.ee\/sk\/wp-json\/wp\/v2\/product\/18864","targetHints":{"allow":["GET"]}}],"collection":[{"href":"https:\/\/tene.ee\/sk\/wp-json\/wp\/v2\/product"}],"about":[{"href":"https:\/\/tene.ee\/sk\/wp-json\/wp\/v2\/types\/product"}],"wp:featuredmedia":[{"embeddable":true,"href":"https:\/\/tene.ee\/sk\/wp-json\/wp\/v2\/media\/9054"}],"wp:attachment":[{"href":"https:\/\/tene.ee\/sk\/wp-json\/wp\/v2\/media?parent=18864"}],"wp:term":[{"taxonomy":"product_brand","embeddable":true,"href":"https:\/\/tene.ee\/sk\/wp-json\/wp\/v2\/product_brand?post=18864"},{"taxonomy":"product_cat","embeddable":true,"href":"https:\/\/tene.ee\/sk\/wp-json\/wp\/v2\/product_cat?post=18864"},{"taxonomy":"product_tag","embeddable":true,"href":"https:\/\/tene.ee\/sk\/wp-json\/wp\/v2\/product_tag?post=18864"}],"curies":[{"name":"wp","href":"https:\/\/api.w.org\/{rel}","templated":true}]}}