{"id":18688,"date":"2024-07-12T16:48:57","date_gmt":"2024-07-12T13:48:57","guid":{"rendered":"https:\/\/tene.ee\/toode\/valmis-ehitatud-aiamaja-tiina-a\/"},"modified":"2026-04-10T02:02:58","modified_gmt":"2026-04-09T23:02:58","slug":"valmis-ehitatud-aiamaja-tiina-a","status":"publish","type":"product","link":"https:\/\/tene.ee\/sk\/toode\/valmis-ehitatud-aiamaja-tiina-a\/","title":{"rendered":"Valmis ehitatud aiamaja Tiina A"},"content":{"rendered":"<p>TENE valmis aiamajad ja -kuurid ehitatakse sisetingimustes, mis tagab valmis majadele parema kvaliteedi ja aitab v\u00e4listada ehitusobjektil v\u00f5imalikke ebamugavaid viivitusi (n\u00e4iteks kehvad ilmastikuolud).<\/p>\n<p>Puitmaterjal, millest saunamajad on toodetud on p\u00f5hjamaine 28 mm paksune kvaliteetne kuusepuit<br \/>\nUksed on toodetud erikuivast (8-12%) liimpuidust<br \/>\nUkse l\u00e4vepakk on roostevabast metallist<br \/>\nUks puitpaneeliga (kahepoolne uks klaasiga) ja sisaldavad furnituuri<br \/>\nVundamendiprussid on autoklaavis immutatud puidust<br \/>\nP\u00f5rand on 18 mm paksusest profiillauast<br \/>\nKatusekatteks on must k\u00e4rgruberoid<br \/>\nR\u00e4\u00e4sta- ja servaplekid<br \/>\nLagi on \u00a0profiillauast<\/p>\n<p>Hinna sisse ei kuulu:<br \/>\nAlusvundamendi ettevalmistus<br \/>\nV\u00e4lisviimistlus<\/p>\n<p>Hinnad kehtivad Tene tehase laos ja sisaldavad k\u00e4ibemaksu. Hind ei sisalda transporti.<br \/>\nTranspordi hinnastus s\u00f5ltub t\u00e4psest tarneaadressist.<\/p>\n","protected":false},"excerpt":{"rendered":"<p>Tehases valmis ehitatud aiamaja Tiina A toimetatakse kliendile valmis ehitatuna ehk \u201cv\u00f5tmed k\u00e4tte\u201d t\u00e4islahendusena. Valmis ehitatud kujul aiamaja on v\u00f5imalik transportida k\u00f5ikjale, kuhu kraanaautoga on v\u00f5imalik ligi p\u00e4\u00e4seda.<\/p>\n","protected":false},"featured_media":9262,"template":"","meta":{"_acf_changed":false},"product_brand":[],"product_cat":[562,554,555],"product_tag":[],"class_list":{"0":"post-18688","1":"product","2":"type-product","3":"status-publish","4":"has-post-thumbnail","6":"product_cat-hotove-zahradne-domceky","7":"product_cat-zahradne-domceky","8":"product_cat-zahradne-domceky-28-mm","9":"product_shipping_class-390e-sk-2","10":"pa_iseloomustus-1-izba","11":"pa_iseloomustus-stvorcovy-dom","12":"pa_katuse-tuup-sikma-strecha-sk","13":"pa_pindala-0-10-m2-sk","14":"pa_seina-paksus-28-mm-sk","16":"first","17":"onbackorder","18":"sale","19":"purchasable","20":"product-type-simple"},"acf":[],"yoast_head":"<!-- This site is optimized with the Yoast SEO plugin v27.3 - https:\/\/yoast.com\/product\/yoast-seo-wordpress\/ -->\n<title>Tene.ee - Valmis ehitatud aiamaja Tiina A<\/title>\n<meta name=\"description\" content=\"Tene.ee Valmis ehitatud aiamaja Tiina A\" \/>\n<meta name=\"robots\" content=\"index, follow, max-snippet:-1, max-image-preview:large, max-video-preview:-1\" \/>\n<link rel=\"canonical\" href=\"https:\/\/tene.ee\/sk\/toode\/valmis-ehitatud-aiamaja-tiina-a\/\" \/>\n<meta property=\"og:locale\" content=\"sk_SK\" \/>\n<meta property=\"og:type\" content=\"article\" \/>\n<meta property=\"og:title\" content=\"Tene.ee - Valmis ehitatud aiamaja Tiina A\" \/>\n<meta property=\"og:description\" content=\"Tene.ee Valmis ehitatud aiamaja Tiina A\" \/>\n<meta property=\"og:url\" content=\"https:\/\/tene.ee\/sk\/toode\/valmis-ehitatud-aiamaja-tiina-a\/\" \/>\n<meta property=\"og:site_name\" content=\"Tene.ee\" \/>\n<meta property=\"article:publisher\" content=\"https:\/\/www.facebook.com\/teneaiamajad\" \/>\n<meta property=\"article:modified_time\" content=\"2026-04-09T23:02:58+00:00\" \/>\n<meta property=\"og:image\" content=\"https:\/\/tene.ee\/wp-content\/uploads\/2024\/07\/Tiina-A-OK-3.jpeg\" \/>\n\t<meta property=\"og:image:width\" content=\"1600\" \/>\n\t<meta property=\"og:image:height\" content=\"1067\" \/>\n\t<meta property=\"og:image:type\" content=\"image\/jpeg\" \/>\n<meta name=\"twitter:card\" content=\"summary_large_image\" \/>\n<meta name=\"twitter:label1\" content=\"Predpokladan\u00fd \u010das \u010d\u00edtania\" \/>\n\t<meta name=\"twitter:data1\" content=\"1 min\u00fata\" \/>\n<script type=\"application\/ld+json\" class=\"yoast-schema-graph\">{\"@context\":\"https:\\\/\\\/schema.org\",\"@graph\":[{\"@type\":\"WebPage\",\"@id\":\"https:\\\/\\\/tene.ee\\\/sk\\\/toode\\\/valmis-ehitatud-aiamaja-tiina-a\\\/\",\"url\":\"https:\\\/\\\/tene.ee\\\/sk\\\/toode\\\/valmis-ehitatud-aiamaja-tiina-a\\\/\",\"name\":\"Tene.ee - Valmis ehitatud aiamaja Tiina A\",\"isPartOf\":{\"@id\":\"https:\\\/\\\/tene.ee\\\/sk\\\/#website\"},\"primaryImageOfPage\":{\"@id\":\"https:\\\/\\\/tene.ee\\\/sk\\\/toode\\\/valmis-ehitatud-aiamaja-tiina-a\\\/#primaryimage\"},\"image\":{\"@id\":\"https:\\\/\\\/tene.ee\\\/sk\\\/toode\\\/valmis-ehitatud-aiamaja-tiina-a\\\/#primaryimage\"},\"thumbnailUrl\":\"https:\\\/\\\/tene.ee\\\/wp-content\\\/uploads\\\/2024\\\/07\\\/Tiina-A-OK-3.jpeg\",\"datePublished\":\"2024-07-12T13:48:57+00:00\",\"dateModified\":\"2026-04-09T23:02:58+00:00\",\"description\":\"Tene.ee Valmis ehitatud aiamaja Tiina A\",\"breadcrumb\":{\"@id\":\"https:\\\/\\\/tene.ee\\\/sk\\\/toode\\\/valmis-ehitatud-aiamaja-tiina-a\\\/#breadcrumb\"},\"inLanguage\":\"sk-SK\",\"potentialAction\":[{\"@type\":\"ReadAction\",\"target\":[\"https:\\\/\\\/tene.ee\\\/sk\\\/toode\\\/valmis-ehitatud-aiamaja-tiina-a\\\/\"]}]},{\"@type\":\"ImageObject\",\"inLanguage\":\"sk-SK\",\"@id\":\"https:\\\/\\\/tene.ee\\\/sk\\\/toode\\\/valmis-ehitatud-aiamaja-tiina-a\\\/#primaryimage\",\"url\":\"https:\\\/\\\/tene.ee\\\/wp-content\\\/uploads\\\/2024\\\/07\\\/Tiina-A-OK-3.jpeg\",\"contentUrl\":\"https:\\\/\\\/tene.ee\\\/wp-content\\\/uploads\\\/2024\\\/07\\\/Tiina-A-OK-3.jpeg\",\"width\":1600,\"height\":1067},{\"@type\":\"BreadcrumbList\",\"@id\":\"https:\\\/\\\/tene.ee\\\/sk\\\/toode\\\/valmis-ehitatud-aiamaja-tiina-a\\\/#breadcrumb\",\"itemListElement\":[{\"@type\":\"ListItem\",\"position\":1,\"name\":\"Avaleht\",\"item\":\"http:\\\/\\\/tene.ee\\\/sk\\\/\"},{\"@type\":\"ListItem\",\"position\":2,\"name\":\"V\u0161etky produkty\",\"item\":\"http:\\\/\\\/tene.ee\\\/sk\\\/shop\\\/\"},{\"@type\":\"ListItem\",\"position\":3,\"name\":\"Valmis ehitatud aiamaja Tiina A\"}]},{\"@type\":\"WebSite\",\"@id\":\"https:\\\/\\\/tene.ee\\\/sk\\\/#website\",\"url\":\"https:\\\/\\\/tene.ee\\\/sk\\\/\",\"name\":\"Tene.ee - Kaunite hetkede jaoks sinu aias\",\"description\":\"Tene.ee - parimad puit- ja aiamajad otse tootjalt\",\"publisher\":{\"@id\":\"https:\\\/\\\/tene.ee\\\/sk\\\/#organization\"},\"alternateName\":\"Tene.ee\",\"potentialAction\":[{\"@type\":\"SearchAction\",\"target\":{\"@type\":\"EntryPoint\",\"urlTemplate\":\"https:\\\/\\\/tene.ee\\\/sk\\\/?s={search_term_string}\"},\"query-input\":{\"@type\":\"PropertyValueSpecification\",\"valueRequired\":true,\"valueName\":\"search_term_string\"}}],\"inLanguage\":\"sk-SK\"},{\"@type\":\"Organization\",\"@id\":\"https:\\\/\\\/tene.ee\\\/sk\\\/#organization\",\"name\":\"Tene.ee\",\"url\":\"https:\\\/\\\/tene.ee\\\/sk\\\/\",\"logo\":{\"@type\":\"ImageObject\",\"inLanguage\":\"sk-SK\",\"@id\":\"https:\\\/\\\/tene.ee\\\/sk\\\/#\\\/schema\\\/logo\\\/image\\\/\",\"url\":\"https:\\\/\\\/tene.ee\\\/wp-content\\\/uploads\\\/2024\\\/12\\\/TENE-logo-2018-2.png\",\"contentUrl\":\"https:\\\/\\\/tene.ee\\\/wp-content\\\/uploads\\\/2024\\\/12\\\/TENE-logo-2018-2.png\",\"width\":2339,\"height\":1654,\"caption\":\"Tene.ee\"},\"image\":{\"@id\":\"https:\\\/\\\/tene.ee\\\/sk\\\/#\\\/schema\\\/logo\\\/image\\\/\"},\"sameAs\":[\"https:\\\/\\\/www.facebook.com\\\/teneaiamajad\"]}]}<\/script>\n<!-- \/ Yoast SEO plugin. -->","yoast_head_json":{"title":"Tene.ee - Valmis ehitatud aiamaja Tiina A","description":"Tene.ee Valmis ehitatud aiamaja Tiina A","robots":{"index":"index","follow":"follow","max-snippet":"max-snippet:-1","max-image-preview":"max-image-preview:large","max-video-preview":"max-video-preview:-1"},"canonical":"https:\/\/tene.ee\/sk\/toode\/valmis-ehitatud-aiamaja-tiina-a\/","og_locale":"sk_SK","og_type":"article","og_title":"Tene.ee - Valmis ehitatud aiamaja Tiina A","og_description":"Tene.ee Valmis ehitatud aiamaja Tiina A","og_url":"https:\/\/tene.ee\/sk\/toode\/valmis-ehitatud-aiamaja-tiina-a\/","og_site_name":"Tene.ee","article_publisher":"https:\/\/www.facebook.com\/teneaiamajad","article_modified_time":"2026-04-09T23:02:58+00:00","og_image":[{"width":1600,"height":1067,"url":"https:\/\/tene.ee\/wp-content\/uploads\/2024\/07\/Tiina-A-OK-3.jpeg","type":"image\/jpeg"}],"twitter_card":"summary_large_image","twitter_misc":{"Predpokladan\u00fd \u010das \u010d\u00edtania":"1 min\u00fata"},"schema":{"@context":"https:\/\/schema.org","@graph":[{"@type":"WebPage","@id":"https:\/\/tene.ee\/sk\/toode\/valmis-ehitatud-aiamaja-tiina-a\/","url":"https:\/\/tene.ee\/sk\/toode\/valmis-ehitatud-aiamaja-tiina-a\/","name":"Tene.ee - Valmis ehitatud aiamaja Tiina A","isPartOf":{"@id":"https:\/\/tene.ee\/sk\/#website"},"primaryImageOfPage":{"@id":"https:\/\/tene.ee\/sk\/toode\/valmis-ehitatud-aiamaja-tiina-a\/#primaryimage"},"image":{"@id":"https:\/\/tene.ee\/sk\/toode\/valmis-ehitatud-aiamaja-tiina-a\/#primaryimage"},"thumbnailUrl":"https:\/\/tene.ee\/wp-content\/uploads\/2024\/07\/Tiina-A-OK-3.jpeg","datePublished":"2024-07-12T13:48:57+00:00","dateModified":"2026-04-09T23:02:58+00:00","description":"Tene.ee Valmis ehitatud aiamaja Tiina A","breadcrumb":{"@id":"https:\/\/tene.ee\/sk\/toode\/valmis-ehitatud-aiamaja-tiina-a\/#breadcrumb"},"inLanguage":"sk-SK","potentialAction":[{"@type":"ReadAction","target":["https:\/\/tene.ee\/sk\/toode\/valmis-ehitatud-aiamaja-tiina-a\/"]}]},{"@type":"ImageObject","inLanguage":"sk-SK","@id":"https:\/\/tene.ee\/sk\/toode\/valmis-ehitatud-aiamaja-tiina-a\/#primaryimage","url":"https:\/\/tene.ee\/wp-content\/uploads\/2024\/07\/Tiina-A-OK-3.jpeg","contentUrl":"https:\/\/tene.ee\/wp-content\/uploads\/2024\/07\/Tiina-A-OK-3.jpeg","width":1600,"height":1067},{"@type":"BreadcrumbList","@id":"https:\/\/tene.ee\/sk\/toode\/valmis-ehitatud-aiamaja-tiina-a\/#breadcrumb","itemListElement":[{"@type":"ListItem","position":1,"name":"Avaleht","item":"http:\/\/tene.ee\/sk\/"},{"@type":"ListItem","position":2,"name":"V\u0161etky produkty","item":"http:\/\/tene.ee\/sk\/shop\/"},{"@type":"ListItem","position":3,"name":"Valmis ehitatud aiamaja Tiina A"}]},{"@type":"WebSite","@id":"https:\/\/tene.ee\/sk\/#website","url":"https:\/\/tene.ee\/sk\/","name":"Tene.ee - Kaunite hetkede jaoks sinu aias","description":"Tene.ee - parimad puit- ja aiamajad otse tootjalt","publisher":{"@id":"https:\/\/tene.ee\/sk\/#organization"},"alternateName":"Tene.ee","potentialAction":[{"@type":"SearchAction","target":{"@type":"EntryPoint","urlTemplate":"https:\/\/tene.ee\/sk\/?s={search_term_string}"},"query-input":{"@type":"PropertyValueSpecification","valueRequired":true,"valueName":"search_term_string"}}],"inLanguage":"sk-SK"},{"@type":"Organization","@id":"https:\/\/tene.ee\/sk\/#organization","name":"Tene.ee","url":"https:\/\/tene.ee\/sk\/","logo":{"@type":"ImageObject","inLanguage":"sk-SK","@id":"https:\/\/tene.ee\/sk\/#\/schema\/logo\/image\/","url":"https:\/\/tene.ee\/wp-content\/uploads\/2024\/12\/TENE-logo-2018-2.png","contentUrl":"https:\/\/tene.ee\/wp-content\/uploads\/2024\/12\/TENE-logo-2018-2.png","width":2339,"height":1654,"caption":"Tene.ee"},"image":{"@id":"https:\/\/tene.ee\/sk\/#\/schema\/logo\/image\/"},"sameAs":["https:\/\/www.facebook.com\/teneaiamajad"]}]}},"_links":{"self":[{"href":"https:\/\/tene.ee\/sk\/wp-json\/wp\/v2\/product\/18688","targetHints":{"allow":["GET"]}}],"collection":[{"href":"https:\/\/tene.ee\/sk\/wp-json\/wp\/v2\/product"}],"about":[{"href":"https:\/\/tene.ee\/sk\/wp-json\/wp\/v2\/types\/product"}],"wp:featuredmedia":[{"embeddable":true,"href":"https:\/\/tene.ee\/sk\/wp-json\/wp\/v2\/media\/9262"}],"wp:attachment":[{"href":"https:\/\/tene.ee\/sk\/wp-json\/wp\/v2\/media?parent=18688"}],"wp:term":[{"taxonomy":"product_brand","embeddable":true,"href":"https:\/\/tene.ee\/sk\/wp-json\/wp\/v2\/product_brand?post=18688"},{"taxonomy":"product_cat","embeddable":true,"href":"https:\/\/tene.ee\/sk\/wp-json\/wp\/v2\/product_cat?post=18688"},{"taxonomy":"product_tag","embeddable":true,"href":"https:\/\/tene.ee\/sk\/wp-json\/wp\/v2\/product_tag?post=18688"}],"curies":[{"name":"wp","href":"https:\/\/api.w.org\/{rel}","templated":true}]}}