{"id":18681,"date":"2024-07-12T17:09:14","date_gmt":"2024-07-12T14:09:14","guid":{"rendered":"https:\/\/tene.ee\/toode\/valmis-puukuur-540\/"},"modified":"2026-04-10T02:01:22","modified_gmt":"2026-04-09T23:01:22","slug":"valmis-puukuur-540","status":"publish","type":"product","link":"https:\/\/tene.ee\/sk\/toode\/valmis-puukuur-540\/","title":{"rendered":"Valmis Puukuur 540"},"content":{"rendered":"<p>Tene tehases sisetingimustes valminud puukuur \u201c540\u201d on ideaalne lahendus sinu aiat\u00f6\u00f6riistade ja puude hoiustamiseks. See k\u00f5rgkvaliteediline puukuur on valmistatud vastupidavast puidust ning on varustatud k\u00f5igi vajalike funktsioonidega, et tagada sinu varustuse ohutu ja korralik hoiustamine.<\/p>\n<p>Tene puukuuri komplekt 540 sisaldab:<\/p>\n<ul>\n<li>Seina v\u00e4lism\u00f5\u00f5t 540 x 234 cm<\/li>\n<li>Seinalaud 15 x 88<\/li>\n<li>K\u00fcljeseina k\u00f5rgus ees 240 cm ja taga 194 cm<\/li>\n<li>Katuseharja k\u00f5rgus 250 cm<\/li>\n<li>P\u00f5randa pindala 12,4m2<\/li>\n<li>Uksed: 1425 x 1955, 840 x 1955<\/li>\n<li>Aknad: 500 \u00d7 500<\/li>\n<li>Katuse kaldenurk 12 kraadi<\/li>\n<li>Katuse pindala 17 m2<\/li>\n<li>Katuselaud 28 x 120<\/li>\n<li>Maja maht\u00a0 27,5 m3<\/li>\n<li>Puukuur v\u00e4ljast viimistletud valge TEKNOS peitsiga<\/li>\n<li>P\u00f5randalaud 18mm<\/li>\n<\/ul>\n","protected":false},"excerpt":{"rendered":"<p>Tene tehases sisetingimustes valminud puukuur \u201c540\u201d on ideaalne lahendus sinu aiat\u00f6\u00f6riistade ja puude hoiustamiseks. See k\u00f5rgkvaliteediline puukuur on valmistatud vastupidavast<\/p>\n","protected":false},"featured_media":14526,"template":"","meta":{"_acf_changed":false},"product_brand":[],"product_cat":[561,554],"product_tag":[],"class_list":{"0":"post-18681","1":"product","2":"type-product","3":"status-publish","4":"has-post-thumbnail","6":"product_cat-drevenice","7":"product_cat-zahradne-domceky","8":"product_shipping_class-390e-sk-2","10":"first","11":"instock","12":"sale","13":"purchasable","14":"product-type-simple"},"acf":[],"yoast_head":"<!-- This site is optimized with the Yoast SEO plugin v27.3 - https:\/\/yoast.com\/product\/yoast-seo-wordpress\/ -->\n<title>Tene.ee - Valmis Puukuur 540<\/title>\n<meta name=\"description\" content=\"Tene.ee Valmis Puukuur 540\" \/>\n<meta name=\"robots\" content=\"index, follow, max-snippet:-1, max-image-preview:large, max-video-preview:-1\" \/>\n<link rel=\"canonical\" href=\"https:\/\/tene.ee\/sk\/toode\/valmis-puukuur-540\/\" \/>\n<meta property=\"og:locale\" content=\"sk_SK\" \/>\n<meta property=\"og:type\" content=\"article\" \/>\n<meta property=\"og:title\" content=\"Tene.ee - Valmis Puukuur 540\" \/>\n<meta property=\"og:description\" content=\"Tene.ee Valmis Puukuur 540\" \/>\n<meta property=\"og:url\" content=\"https:\/\/tene.ee\/sk\/toode\/valmis-puukuur-540\/\" \/>\n<meta property=\"og:site_name\" content=\"Tene.ee\" \/>\n<meta property=\"article:publisher\" content=\"https:\/\/www.facebook.com\/teneaiamajad\" \/>\n<meta property=\"article:modified_time\" content=\"2026-04-09T23:01:22+00:00\" \/>\n<meta property=\"og:image\" content=\"https:\/\/tene.ee\/wp-content\/uploads\/2024\/07\/2134-1024x768.png\" \/>\n\t<meta property=\"og:image:width\" content=\"1024\" \/>\n\t<meta property=\"og:image:height\" content=\"768\" \/>\n\t<meta property=\"og:image:type\" content=\"image\/png\" \/>\n<meta name=\"twitter:card\" content=\"summary_large_image\" \/>\n<meta name=\"twitter:label1\" content=\"Predpokladan\u00fd \u010das \u010d\u00edtania\" \/>\n\t<meta name=\"twitter:data1\" content=\"1 min\u00fata\" \/>\n<script type=\"application\/ld+json\" class=\"yoast-schema-graph\">{\"@context\":\"https:\\\/\\\/schema.org\",\"@graph\":[{\"@type\":\"WebPage\",\"@id\":\"https:\\\/\\\/tene.ee\\\/sk\\\/toode\\\/valmis-puukuur-540\\\/\",\"url\":\"https:\\\/\\\/tene.ee\\\/sk\\\/toode\\\/valmis-puukuur-540\\\/\",\"name\":\"Tene.ee - Valmis Puukuur 540\",\"isPartOf\":{\"@id\":\"https:\\\/\\\/tene.ee\\\/sk\\\/#website\"},\"primaryImageOfPage\":{\"@id\":\"https:\\\/\\\/tene.ee\\\/sk\\\/toode\\\/valmis-puukuur-540\\\/#primaryimage\"},\"image\":{\"@id\":\"https:\\\/\\\/tene.ee\\\/sk\\\/toode\\\/valmis-puukuur-540\\\/#primaryimage\"},\"thumbnailUrl\":\"https:\\\/\\\/tene.ee\\\/wp-content\\\/uploads\\\/2024\\\/07\\\/2134.png\",\"datePublished\":\"2024-07-12T14:09:14+00:00\",\"dateModified\":\"2026-04-09T23:01:22+00:00\",\"description\":\"Tene.ee Valmis Puukuur 540\",\"breadcrumb\":{\"@id\":\"https:\\\/\\\/tene.ee\\\/sk\\\/toode\\\/valmis-puukuur-540\\\/#breadcrumb\"},\"inLanguage\":\"sk-SK\",\"potentialAction\":[{\"@type\":\"ReadAction\",\"target\":[\"https:\\\/\\\/tene.ee\\\/sk\\\/toode\\\/valmis-puukuur-540\\\/\"]}]},{\"@type\":\"ImageObject\",\"inLanguage\":\"sk-SK\",\"@id\":\"https:\\\/\\\/tene.ee\\\/sk\\\/toode\\\/valmis-puukuur-540\\\/#primaryimage\",\"url\":\"https:\\\/\\\/tene.ee\\\/wp-content\\\/uploads\\\/2024\\\/07\\\/2134.png\",\"contentUrl\":\"https:\\\/\\\/tene.ee\\\/wp-content\\\/uploads\\\/2024\\\/07\\\/2134.png\",\"width\":4032,\"height\":3024},{\"@type\":\"BreadcrumbList\",\"@id\":\"https:\\\/\\\/tene.ee\\\/sk\\\/toode\\\/valmis-puukuur-540\\\/#breadcrumb\",\"itemListElement\":[{\"@type\":\"ListItem\",\"position\":1,\"name\":\"Avaleht\",\"item\":\"http:\\\/\\\/tene.ee\\\/sk\\\/\"},{\"@type\":\"ListItem\",\"position\":2,\"name\":\"V\u0161etky produkty\",\"item\":\"http:\\\/\\\/tene.ee\\\/sk\\\/shop\\\/\"},{\"@type\":\"ListItem\",\"position\":3,\"name\":\"Valmis Puukuur 540\"}]},{\"@type\":\"WebSite\",\"@id\":\"https:\\\/\\\/tene.ee\\\/sk\\\/#website\",\"url\":\"https:\\\/\\\/tene.ee\\\/sk\\\/\",\"name\":\"Tene.ee - Kaunite hetkede jaoks sinu aias\",\"description\":\"Tene.ee - parimad puit- ja aiamajad otse tootjalt\",\"publisher\":{\"@id\":\"https:\\\/\\\/tene.ee\\\/sk\\\/#organization\"},\"alternateName\":\"Tene.ee\",\"potentialAction\":[{\"@type\":\"SearchAction\",\"target\":{\"@type\":\"EntryPoint\",\"urlTemplate\":\"https:\\\/\\\/tene.ee\\\/sk\\\/?s={search_term_string}\"},\"query-input\":{\"@type\":\"PropertyValueSpecification\",\"valueRequired\":true,\"valueName\":\"search_term_string\"}}],\"inLanguage\":\"sk-SK\"},{\"@type\":\"Organization\",\"@id\":\"https:\\\/\\\/tene.ee\\\/sk\\\/#organization\",\"name\":\"Tene.ee\",\"url\":\"https:\\\/\\\/tene.ee\\\/sk\\\/\",\"logo\":{\"@type\":\"ImageObject\",\"inLanguage\":\"sk-SK\",\"@id\":\"https:\\\/\\\/tene.ee\\\/sk\\\/#\\\/schema\\\/logo\\\/image\\\/\",\"url\":\"https:\\\/\\\/tene.ee\\\/wp-content\\\/uploads\\\/2024\\\/12\\\/TENE-logo-2018-2.png\",\"contentUrl\":\"https:\\\/\\\/tene.ee\\\/wp-content\\\/uploads\\\/2024\\\/12\\\/TENE-logo-2018-2.png\",\"width\":2339,\"height\":1654,\"caption\":\"Tene.ee\"},\"image\":{\"@id\":\"https:\\\/\\\/tene.ee\\\/sk\\\/#\\\/schema\\\/logo\\\/image\\\/\"},\"sameAs\":[\"https:\\\/\\\/www.facebook.com\\\/teneaiamajad\"]}]}<\/script>\n<!-- \/ Yoast SEO plugin. -->","yoast_head_json":{"title":"Tene.ee - Valmis Puukuur 540","description":"Tene.ee Valmis Puukuur 540","robots":{"index":"index","follow":"follow","max-snippet":"max-snippet:-1","max-image-preview":"max-image-preview:large","max-video-preview":"max-video-preview:-1"},"canonical":"https:\/\/tene.ee\/sk\/toode\/valmis-puukuur-540\/","og_locale":"sk_SK","og_type":"article","og_title":"Tene.ee - Valmis Puukuur 540","og_description":"Tene.ee Valmis Puukuur 540","og_url":"https:\/\/tene.ee\/sk\/toode\/valmis-puukuur-540\/","og_site_name":"Tene.ee","article_publisher":"https:\/\/www.facebook.com\/teneaiamajad","article_modified_time":"2026-04-09T23:01:22+00:00","og_image":[{"width":1024,"height":768,"url":"https:\/\/tene.ee\/wp-content\/uploads\/2024\/07\/2134-1024x768.png","type":"image\/png"}],"twitter_card":"summary_large_image","twitter_misc":{"Predpokladan\u00fd \u010das \u010d\u00edtania":"1 min\u00fata"},"schema":{"@context":"https:\/\/schema.org","@graph":[{"@type":"WebPage","@id":"https:\/\/tene.ee\/sk\/toode\/valmis-puukuur-540\/","url":"https:\/\/tene.ee\/sk\/toode\/valmis-puukuur-540\/","name":"Tene.ee - Valmis Puukuur 540","isPartOf":{"@id":"https:\/\/tene.ee\/sk\/#website"},"primaryImageOfPage":{"@id":"https:\/\/tene.ee\/sk\/toode\/valmis-puukuur-540\/#primaryimage"},"image":{"@id":"https:\/\/tene.ee\/sk\/toode\/valmis-puukuur-540\/#primaryimage"},"thumbnailUrl":"https:\/\/tene.ee\/wp-content\/uploads\/2024\/07\/2134.png","datePublished":"2024-07-12T14:09:14+00:00","dateModified":"2026-04-09T23:01:22+00:00","description":"Tene.ee Valmis Puukuur 540","breadcrumb":{"@id":"https:\/\/tene.ee\/sk\/toode\/valmis-puukuur-540\/#breadcrumb"},"inLanguage":"sk-SK","potentialAction":[{"@type":"ReadAction","target":["https:\/\/tene.ee\/sk\/toode\/valmis-puukuur-540\/"]}]},{"@type":"ImageObject","inLanguage":"sk-SK","@id":"https:\/\/tene.ee\/sk\/toode\/valmis-puukuur-540\/#primaryimage","url":"https:\/\/tene.ee\/wp-content\/uploads\/2024\/07\/2134.png","contentUrl":"https:\/\/tene.ee\/wp-content\/uploads\/2024\/07\/2134.png","width":4032,"height":3024},{"@type":"BreadcrumbList","@id":"https:\/\/tene.ee\/sk\/toode\/valmis-puukuur-540\/#breadcrumb","itemListElement":[{"@type":"ListItem","position":1,"name":"Avaleht","item":"http:\/\/tene.ee\/sk\/"},{"@type":"ListItem","position":2,"name":"V\u0161etky produkty","item":"http:\/\/tene.ee\/sk\/shop\/"},{"@type":"ListItem","position":3,"name":"Valmis Puukuur 540"}]},{"@type":"WebSite","@id":"https:\/\/tene.ee\/sk\/#website","url":"https:\/\/tene.ee\/sk\/","name":"Tene.ee - Kaunite hetkede jaoks sinu aias","description":"Tene.ee - parimad puit- ja aiamajad otse tootjalt","publisher":{"@id":"https:\/\/tene.ee\/sk\/#organization"},"alternateName":"Tene.ee","potentialAction":[{"@type":"SearchAction","target":{"@type":"EntryPoint","urlTemplate":"https:\/\/tene.ee\/sk\/?s={search_term_string}"},"query-input":{"@type":"PropertyValueSpecification","valueRequired":true,"valueName":"search_term_string"}}],"inLanguage":"sk-SK"},{"@type":"Organization","@id":"https:\/\/tene.ee\/sk\/#organization","name":"Tene.ee","url":"https:\/\/tene.ee\/sk\/","logo":{"@type":"ImageObject","inLanguage":"sk-SK","@id":"https:\/\/tene.ee\/sk\/#\/schema\/logo\/image\/","url":"https:\/\/tene.ee\/wp-content\/uploads\/2024\/12\/TENE-logo-2018-2.png","contentUrl":"https:\/\/tene.ee\/wp-content\/uploads\/2024\/12\/TENE-logo-2018-2.png","width":2339,"height":1654,"caption":"Tene.ee"},"image":{"@id":"https:\/\/tene.ee\/sk\/#\/schema\/logo\/image\/"},"sameAs":["https:\/\/www.facebook.com\/teneaiamajad"]}]}},"_links":{"self":[{"href":"https:\/\/tene.ee\/sk\/wp-json\/wp\/v2\/product\/18681","targetHints":{"allow":["GET"]}}],"collection":[{"href":"https:\/\/tene.ee\/sk\/wp-json\/wp\/v2\/product"}],"about":[{"href":"https:\/\/tene.ee\/sk\/wp-json\/wp\/v2\/types\/product"}],"wp:featuredmedia":[{"embeddable":true,"href":"https:\/\/tene.ee\/sk\/wp-json\/wp\/v2\/media\/14526"}],"wp:attachment":[{"href":"https:\/\/tene.ee\/sk\/wp-json\/wp\/v2\/media?parent=18681"}],"wp:term":[{"taxonomy":"product_brand","embeddable":true,"href":"https:\/\/tene.ee\/sk\/wp-json\/wp\/v2\/product_brand?post=18681"},{"taxonomy":"product_cat","embeddable":true,"href":"https:\/\/tene.ee\/sk\/wp-json\/wp\/v2\/product_cat?post=18681"},{"taxonomy":"product_tag","embeddable":true,"href":"https:\/\/tene.ee\/sk\/wp-json\/wp\/v2\/product_tag?post=18681"}],"curies":[{"name":"wp","href":"https:\/\/api.w.org\/{rel}","templated":true}]}}