{"id":18603,"date":"2024-07-12T17:13:18","date_gmt":"2024-07-12T14:13:18","guid":{"rendered":"https:\/\/tene.ee\/toode\/valmis-kamping-sabrina-2-kohaline\/"},"modified":"2024-11-11T11:14:01","modified_gmt":"2024-11-11T09:14:01","slug":"valmis-kamping-sabrina-2-kohaline","status":"publish","type":"product","link":"https:\/\/tene.ee\/sk\/toode\/valmis-kamping-sabrina-2-kohaline\/","title":{"rendered":"Dokon\u00c3\u201e\u00c2\u008den\u00c3\u0192\u00c2\u00a9 kempovanie Sabrina 2-sp\u00c3\u0192\u00c2\u00a1l\u00c3\u2026\u00cb\u2020a"},"content":{"rendered":"<p>Ru\u00c3\u201e\u00c2\u008dne vyroben\u00c3\u0192\u00c2\u00a1 zateplen\u00c3\u0192\u00c2\u00a1 chata z pr\u00c3\u0192\u00c2\u00adrodn\u00c3\u0192\u00c2\u00a9ho dreva.<br \/>\nZakriven\u00c3\u0192\u00c2\u00a1 chata obsahuje v\u00c3\u2026\u00c2\u00a1etko, \u00c3\u201e\u00c2\u008do vid\u00c3\u0192\u00c2\u00adte na obr\u00c3\u0192\u00c2\u00a1zkoch. V chatke je poste\u00c3\u201e\u00c2\u00be s rozmermi 190 \u00c3\u0192\u00e2\u20ac\u201d 140 s matracom, dve hrazdy a st\u00c3\u0192\u00c2\u00b4l, LED osvetlenie, nieko\u00c3\u201e\u00c2\u00beko z\u00c3\u0192\u00c2\u00a1suviek a 500 W elektrick\u00c3\u0192\u00c2\u00bd ohrieva\u00c3\u201e\u00c2\u008d (konvektor). Dom\u00c3\u201e\u00c2\u008dek je kompletne zateplen\u00c3\u0192\u00c2\u00bd PUR penou.<br \/>\nDokon\u00c3\u201e\u00c2\u008den\u00c3\u0192\u00c2\u00a1 je olejmi na drevo zo s\u00c3\u0192\u00c2\u00a9rie Teknos Woodex. Odpor\u00c3\u0192\u00c2\u00ba\u00c3\u201e\u00c2\u008dame in\u00c3\u2026\u00c2\u00a1talova\u00c3\u2026\u00c2\u00a5 10-15 cm nad zemou, napr\u00c3\u0192\u00c2\u00adklad na kv\u00c3\u0192\u00c2\u00a1der 6 fibo.<br \/>\nDom\u00c3\u201e\u00c2\u008dek bude z\u00c3\u0192\u00c2\u00a1kazn\u00c3\u0192\u00c2\u00adkovi dodan\u00c3\u0192\u00c2\u00bd v hotovom stave.<\/p>\n","protected":false},"excerpt":{"rendered":"<p>Ru\u00c3\u201e\u00c2\u008dne vyroben\u00c3\u0192\u00c2\u00a1 zateplen\u00c3\u0192\u00c2\u00a1 chata z pr\u00c3\u0192\u00c2\u00adrodn\u00c3\u0192\u00c2\u00a9ho dreva. Zakriven\u00c3\u0192\u00c2\u00a1 chata obsahuje v\u00c3\u2026\u00c2\u00a1etko, \u00c3\u201e\u00c2\u008do vid\u00c3\u0192\u00c2\u00adte na obr\u00c3\u0192\u00c2\u00a1zkoch. V chatke je poste\u00c3\u201e\u00c2\u00be s<\/p>\n","protected":false},"featured_media":14854,"template":"","meta":{"_acf_changed":false},"product_brand":[],"product_cat":[562,554],"product_tag":[],"class_list":{"0":"post-18603","1":"product","2":"type-product","3":"status-publish","4":"has-post-thumbnail","6":"product_cat-hotove-zahradne-domceky","7":"product_cat-zahradne-domceky","8":"product_shipping_class-390e-sk-2","10":"first","11":"onbackorder","12":"sale","13":"purchasable","14":"product-type-simple"},"acf":[],"yoast_head":"<!-- This site is optimized with the Yoast SEO plugin v27.3 - https:\/\/yoast.com\/product\/yoast-seo-wordpress\/ -->\n<title>Tene.ee - Dokon\u00c3\u201e\u00c2\u008den\u00c3\u0192\u00c2\u00a9 kempovanie Sabrina 2-sp\u00c3\u0192\u00c2\u00a1l\u00c3\u2026\u00cb\u2020a<\/title>\n<meta name=\"description\" content=\"Tene.ee Dokon\u00c3\u201e\u00c2\u008den\u00c3\u0192\u00c2\u00a9 kempovanie Sabrina 2-sp\u00c3\u0192\u00c2\u00a1l\u00c3\u2026\u00cb\u2020a\" \/>\n<meta name=\"robots\" content=\"index, follow, max-snippet:-1, max-image-preview:large, max-video-preview:-1\" \/>\n<link rel=\"canonical\" href=\"https:\/\/tene.ee\/sk\/toode\/valmis-kamping-sabrina-2-kohaline\/\" \/>\n<meta property=\"og:locale\" content=\"sk_SK\" \/>\n<meta property=\"og:type\" content=\"article\" \/>\n<meta property=\"og:title\" content=\"Tene.ee - Dokon\u00c3\u201e\u00c2\u008den\u00c3\u0192\u00c2\u00a9 kempovanie Sabrina 2-sp\u00c3\u0192\u00c2\u00a1l\u00c3\u2026\u00cb\u2020a\" \/>\n<meta property=\"og:description\" content=\"Tene.ee Dokon\u00c3\u201e\u00c2\u008den\u00c3\u0192\u00c2\u00a9 kempovanie Sabrina 2-sp\u00c3\u0192\u00c2\u00a1l\u00c3\u2026\u00cb\u2020a\" \/>\n<meta property=\"og:url\" content=\"https:\/\/tene.ee\/sk\/toode\/valmis-kamping-sabrina-2-kohaline\/\" \/>\n<meta property=\"og:site_name\" content=\"Tene.ee\" \/>\n<meta property=\"article:publisher\" content=\"https:\/\/www.facebook.com\/teneaiamajad\" \/>\n<meta property=\"article:modified_time\" content=\"2024-11-11T09:14:01+00:00\" \/>\n<meta property=\"og:image\" content=\"http:\/\/tene.ee\/wp-content\/uploads\/2024\/07\/IMG_0552-scaled-1.jpg\" \/>\n\t<meta property=\"og:image:width\" content=\"2560\" \/>\n\t<meta property=\"og:image:height\" content=\"1920\" \/>\n\t<meta property=\"og:image:type\" content=\"image\/jpeg\" \/>\n<meta name=\"twitter:card\" content=\"summary_large_image\" \/>\n<meta name=\"twitter:label1\" content=\"Predpokladan\u00fd \u010das \u010d\u00edtania\" \/>\n\t<meta name=\"twitter:data1\" content=\"1 min\u00fata\" \/>\n<script type=\"application\/ld+json\" class=\"yoast-schema-graph\">{\"@context\":\"https:\\\/\\\/schema.org\",\"@graph\":[{\"@type\":\"WebPage\",\"@id\":\"https:\\\/\\\/tene.ee\\\/sk\\\/toode\\\/valmis-kamping-sabrina-2-kohaline\\\/\",\"url\":\"https:\\\/\\\/tene.ee\\\/sk\\\/toode\\\/valmis-kamping-sabrina-2-kohaline\\\/\",\"name\":\"Tene.ee - Dokon\u00c3\u201e\u00c2\u008den\u00c3\u0192\u00c2\u00a9 kempovanie Sabrina 2-sp\u00c3\u0192\u00c2\u00a1l\u00c3\u2026\u00cb\u2020a\",\"isPartOf\":{\"@id\":\"https:\\\/\\\/tene.ee\\\/sk\\\/#website\"},\"primaryImageOfPage\":{\"@id\":\"https:\\\/\\\/tene.ee\\\/sk\\\/toode\\\/valmis-kamping-sabrina-2-kohaline\\\/#primaryimage\"},\"image\":{\"@id\":\"https:\\\/\\\/tene.ee\\\/sk\\\/toode\\\/valmis-kamping-sabrina-2-kohaline\\\/#primaryimage\"},\"thumbnailUrl\":\"https:\\\/\\\/tene.ee\\\/wp-content\\\/uploads\\\/2024\\\/07\\\/IMG_0552-scaled-1.jpg\",\"datePublished\":\"2024-07-12T14:13:18+00:00\",\"dateModified\":\"2024-11-11T09:14:01+00:00\",\"description\":\"Tene.ee Dokon\u00c3\u201e\u00c2\u008den\u00c3\u0192\u00c2\u00a9 kempovanie Sabrina 2-sp\u00c3\u0192\u00c2\u00a1l\u00c3\u2026\u00cb\u2020a\",\"breadcrumb\":{\"@id\":\"https:\\\/\\\/tene.ee\\\/sk\\\/toode\\\/valmis-kamping-sabrina-2-kohaline\\\/#breadcrumb\"},\"inLanguage\":\"sk-SK\",\"potentialAction\":[{\"@type\":\"ReadAction\",\"target\":[\"https:\\\/\\\/tene.ee\\\/sk\\\/toode\\\/valmis-kamping-sabrina-2-kohaline\\\/\"]}]},{\"@type\":\"ImageObject\",\"inLanguage\":\"sk-SK\",\"@id\":\"https:\\\/\\\/tene.ee\\\/sk\\\/toode\\\/valmis-kamping-sabrina-2-kohaline\\\/#primaryimage\",\"url\":\"https:\\\/\\\/tene.ee\\\/wp-content\\\/uploads\\\/2024\\\/07\\\/IMG_0552-scaled-1.jpg\",\"contentUrl\":\"https:\\\/\\\/tene.ee\\\/wp-content\\\/uploads\\\/2024\\\/07\\\/IMG_0552-scaled-1.jpg\",\"width\":2560,\"height\":1920},{\"@type\":\"BreadcrumbList\",\"@id\":\"https:\\\/\\\/tene.ee\\\/sk\\\/toode\\\/valmis-kamping-sabrina-2-kohaline\\\/#breadcrumb\",\"itemListElement\":[{\"@type\":\"ListItem\",\"position\":1,\"name\":\"Avaleht\",\"item\":\"http:\\\/\\\/tene.ee\\\/sk\\\/\"},{\"@type\":\"ListItem\",\"position\":2,\"name\":\"V\u0161etky produkty\",\"item\":\"http:\\\/\\\/tene.ee\\\/sk\\\/shop\\\/\"},{\"@type\":\"ListItem\",\"position\":3,\"name\":\"Dokon\u00c3\u201e\u00c2\u008den\u00c3\u0192\u00c2\u00a9 kempovanie Sabrina 2-sp\u00c3\u0192\u00c2\u00a1l\u00c3\u2026\u00cb\u2020a\"}]},{\"@type\":\"WebSite\",\"@id\":\"https:\\\/\\\/tene.ee\\\/sk\\\/#website\",\"url\":\"https:\\\/\\\/tene.ee\\\/sk\\\/\",\"name\":\"Tene.ee - Kaunite hetkede jaoks sinu aias\",\"description\":\"Tene.ee - parimad puit- ja aiamajad otse tootjalt\",\"publisher\":{\"@id\":\"https:\\\/\\\/tene.ee\\\/sk\\\/#organization\"},\"alternateName\":\"Tene.ee\",\"potentialAction\":[{\"@type\":\"SearchAction\",\"target\":{\"@type\":\"EntryPoint\",\"urlTemplate\":\"https:\\\/\\\/tene.ee\\\/sk\\\/?s={search_term_string}\"},\"query-input\":{\"@type\":\"PropertyValueSpecification\",\"valueRequired\":true,\"valueName\":\"search_term_string\"}}],\"inLanguage\":\"sk-SK\"},{\"@type\":\"Organization\",\"@id\":\"https:\\\/\\\/tene.ee\\\/sk\\\/#organization\",\"name\":\"Tene.ee\",\"url\":\"https:\\\/\\\/tene.ee\\\/sk\\\/\",\"logo\":{\"@type\":\"ImageObject\",\"inLanguage\":\"sk-SK\",\"@id\":\"https:\\\/\\\/tene.ee\\\/sk\\\/#\\\/schema\\\/logo\\\/image\\\/\",\"url\":\"https:\\\/\\\/tene.ee\\\/wp-content\\\/uploads\\\/2024\\\/12\\\/TENE-logo-2018-2.png\",\"contentUrl\":\"https:\\\/\\\/tene.ee\\\/wp-content\\\/uploads\\\/2024\\\/12\\\/TENE-logo-2018-2.png\",\"width\":2339,\"height\":1654,\"caption\":\"Tene.ee\"},\"image\":{\"@id\":\"https:\\\/\\\/tene.ee\\\/sk\\\/#\\\/schema\\\/logo\\\/image\\\/\"},\"sameAs\":[\"https:\\\/\\\/www.facebook.com\\\/teneaiamajad\"]}]}<\/script>\n<!-- \/ Yoast SEO plugin. -->","yoast_head_json":{"title":"Tene.ee - Dokon\u00c3\u201e\u00c2\u008den\u00c3\u0192\u00c2\u00a9 kempovanie Sabrina 2-sp\u00c3\u0192\u00c2\u00a1l\u00c3\u2026\u00cb\u2020a","description":"Tene.ee Dokon\u00c3\u201e\u00c2\u008den\u00c3\u0192\u00c2\u00a9 kempovanie Sabrina 2-sp\u00c3\u0192\u00c2\u00a1l\u00c3\u2026\u00cb\u2020a","robots":{"index":"index","follow":"follow","max-snippet":"max-snippet:-1","max-image-preview":"max-image-preview:large","max-video-preview":"max-video-preview:-1"},"canonical":"https:\/\/tene.ee\/sk\/toode\/valmis-kamping-sabrina-2-kohaline\/","og_locale":"sk_SK","og_type":"article","og_title":"Tene.ee - Dokon\u00c3\u201e\u00c2\u008den\u00c3\u0192\u00c2\u00a9 kempovanie Sabrina 2-sp\u00c3\u0192\u00c2\u00a1l\u00c3\u2026\u00cb\u2020a","og_description":"Tene.ee Dokon\u00c3\u201e\u00c2\u008den\u00c3\u0192\u00c2\u00a9 kempovanie Sabrina 2-sp\u00c3\u0192\u00c2\u00a1l\u00c3\u2026\u00cb\u2020a","og_url":"https:\/\/tene.ee\/sk\/toode\/valmis-kamping-sabrina-2-kohaline\/","og_site_name":"Tene.ee","article_publisher":"https:\/\/www.facebook.com\/teneaiamajad","article_modified_time":"2024-11-11T09:14:01+00:00","og_image":[{"width":2560,"height":1920,"url":"http:\/\/tene.ee\/wp-content\/uploads\/2024\/07\/IMG_0552-scaled-1.jpg","type":"image\/jpeg"}],"twitter_card":"summary_large_image","twitter_misc":{"Predpokladan\u00fd \u010das \u010d\u00edtania":"1 min\u00fata"},"schema":{"@context":"https:\/\/schema.org","@graph":[{"@type":"WebPage","@id":"https:\/\/tene.ee\/sk\/toode\/valmis-kamping-sabrina-2-kohaline\/","url":"https:\/\/tene.ee\/sk\/toode\/valmis-kamping-sabrina-2-kohaline\/","name":"Tene.ee - Dokon\u00c3\u201e\u00c2\u008den\u00c3\u0192\u00c2\u00a9 kempovanie Sabrina 2-sp\u00c3\u0192\u00c2\u00a1l\u00c3\u2026\u00cb\u2020a","isPartOf":{"@id":"https:\/\/tene.ee\/sk\/#website"},"primaryImageOfPage":{"@id":"https:\/\/tene.ee\/sk\/toode\/valmis-kamping-sabrina-2-kohaline\/#primaryimage"},"image":{"@id":"https:\/\/tene.ee\/sk\/toode\/valmis-kamping-sabrina-2-kohaline\/#primaryimage"},"thumbnailUrl":"https:\/\/tene.ee\/wp-content\/uploads\/2024\/07\/IMG_0552-scaled-1.jpg","datePublished":"2024-07-12T14:13:18+00:00","dateModified":"2024-11-11T09:14:01+00:00","description":"Tene.ee Dokon\u00c3\u201e\u00c2\u008den\u00c3\u0192\u00c2\u00a9 kempovanie Sabrina 2-sp\u00c3\u0192\u00c2\u00a1l\u00c3\u2026\u00cb\u2020a","breadcrumb":{"@id":"https:\/\/tene.ee\/sk\/toode\/valmis-kamping-sabrina-2-kohaline\/#breadcrumb"},"inLanguage":"sk-SK","potentialAction":[{"@type":"ReadAction","target":["https:\/\/tene.ee\/sk\/toode\/valmis-kamping-sabrina-2-kohaline\/"]}]},{"@type":"ImageObject","inLanguage":"sk-SK","@id":"https:\/\/tene.ee\/sk\/toode\/valmis-kamping-sabrina-2-kohaline\/#primaryimage","url":"https:\/\/tene.ee\/wp-content\/uploads\/2024\/07\/IMG_0552-scaled-1.jpg","contentUrl":"https:\/\/tene.ee\/wp-content\/uploads\/2024\/07\/IMG_0552-scaled-1.jpg","width":2560,"height":1920},{"@type":"BreadcrumbList","@id":"https:\/\/tene.ee\/sk\/toode\/valmis-kamping-sabrina-2-kohaline\/#breadcrumb","itemListElement":[{"@type":"ListItem","position":1,"name":"Avaleht","item":"http:\/\/tene.ee\/sk\/"},{"@type":"ListItem","position":2,"name":"V\u0161etky produkty","item":"http:\/\/tene.ee\/sk\/shop\/"},{"@type":"ListItem","position":3,"name":"Dokon\u00c3\u201e\u00c2\u008den\u00c3\u0192\u00c2\u00a9 kempovanie Sabrina 2-sp\u00c3\u0192\u00c2\u00a1l\u00c3\u2026\u00cb\u2020a"}]},{"@type":"WebSite","@id":"https:\/\/tene.ee\/sk\/#website","url":"https:\/\/tene.ee\/sk\/","name":"Tene.ee - Kaunite hetkede jaoks sinu aias","description":"Tene.ee - parimad puit- ja aiamajad otse tootjalt","publisher":{"@id":"https:\/\/tene.ee\/sk\/#organization"},"alternateName":"Tene.ee","potentialAction":[{"@type":"SearchAction","target":{"@type":"EntryPoint","urlTemplate":"https:\/\/tene.ee\/sk\/?s={search_term_string}"},"query-input":{"@type":"PropertyValueSpecification","valueRequired":true,"valueName":"search_term_string"}}],"inLanguage":"sk-SK"},{"@type":"Organization","@id":"https:\/\/tene.ee\/sk\/#organization","name":"Tene.ee","url":"https:\/\/tene.ee\/sk\/","logo":{"@type":"ImageObject","inLanguage":"sk-SK","@id":"https:\/\/tene.ee\/sk\/#\/schema\/logo\/image\/","url":"https:\/\/tene.ee\/wp-content\/uploads\/2024\/12\/TENE-logo-2018-2.png","contentUrl":"https:\/\/tene.ee\/wp-content\/uploads\/2024\/12\/TENE-logo-2018-2.png","width":2339,"height":1654,"caption":"Tene.ee"},"image":{"@id":"https:\/\/tene.ee\/sk\/#\/schema\/logo\/image\/"},"sameAs":["https:\/\/www.facebook.com\/teneaiamajad"]}]}},"_links":{"self":[{"href":"https:\/\/tene.ee\/sk\/wp-json\/wp\/v2\/product\/18603","targetHints":{"allow":["GET"]}}],"collection":[{"href":"https:\/\/tene.ee\/sk\/wp-json\/wp\/v2\/product"}],"about":[{"href":"https:\/\/tene.ee\/sk\/wp-json\/wp\/v2\/types\/product"}],"wp:featuredmedia":[{"embeddable":true,"href":"https:\/\/tene.ee\/sk\/wp-json\/wp\/v2\/media\/14854"}],"wp:attachment":[{"href":"https:\/\/tene.ee\/sk\/wp-json\/wp\/v2\/media?parent=18603"}],"wp:term":[{"taxonomy":"product_brand","embeddable":true,"href":"https:\/\/tene.ee\/sk\/wp-json\/wp\/v2\/product_brand?post=18603"},{"taxonomy":"product_cat","embeddable":true,"href":"https:\/\/tene.ee\/sk\/wp-json\/wp\/v2\/product_cat?post=18603"},{"taxonomy":"product_tag","embeddable":true,"href":"https:\/\/tene.ee\/sk\/wp-json\/wp\/v2\/product_tag?post=18603"}],"curies":[{"name":"wp","href":"https:\/\/api.w.org\/{rel}","templated":true}]}}