{"id":18535,"date":"2024-07-12T17:09:14","date_gmt":"2024-07-12T14:09:14","guid":{"rendered":"https:\/\/tene.ee\/toode\/aiamaja-gaudiela-28\/"},"modified":"2024-11-28T11:39:01","modified_gmt":"2024-11-28T09:39:01","slug":"aiamaja-gaudiela-28","status":"publish","type":"product","link":"https:\/\/tene.ee\/sk\/toode\/aiamaja-gaudiela-28\/","title":{"rendered":"Z\u00e1hradn\u00fd dom\u010dek Gaudiela 28"},"content":{"rendered":"<p>Sada 28 mm z\u00e1hradn\u00fdch dom\u010dekov, zrubov\u00fdch dom\u010dekov, pr\u00edstre\u0161kov, alt\u00e1nkov, s\u00e1un, alt\u00e1nkov, pr\u00edstre\u0161kov na grilovanie a dreven\u00fdch gar\u00e1\u017e\u00ed vyr\u00e1ban\u00e1 tov\u00e1r\u0148ou na z\u00e1hradn\u00e9 a dreven\u00e9 dom\u010deky Tene obsahuje dvere, okn\u00e1 (v z\u00e1vislosti od modelu nemus\u00ed sada obsahova\u0165 \u017eiadne , jedno alebo viac okien), podlahu, upev\u0148ovacie prvky a n\u00e1vod na mont\u00e1\u017e, v\u010faka ktor\u00fdm je stavba z\u00e1hradn\u00e9ho dom\u010deka jednoduch\u00e1 a \u010dasovo menej n\u00e1ro\u010dn\u00e1. Sada z\u00e1hradn\u00e9ho dom\u010deka Tene s hr\u00fabkou steny 28 mm pod\u013ea modelu obsahuje: 100% pou\u017eit\u00fd seversk\u00fd smrek vysokej kvality. ako materi\u00e1l dreva Dvojit\u00e9 dvere a okn\u00e1 zo \u0161peci\u00e1lneho such\u00e9ho lepen\u00e9ho dreva (8%-12%) Dvere s obalom skla, vr\u00e1tane kovania Dreven\u00e9 panelov\u00e9 dvere ako interi\u00e9rov\u00e9 \u200b\u200bdvere Okn\u00e1 s obalom skla, vr\u00e1tane kovania Podlaha a strop, vyroben\u00e9 z profilu hr\u00fabky 18 mm doska Autokl\u00e1vovan\u00e9 dreven\u00e9 z\u00e1kladov\u00e9 nosn\u00edky Li\u0161ty proti b\u00farke Spojovacie prvky (klince a skrutky) N\u00e1vod na mont\u00e1\u017e Ceny s\u00fa zo z\u00e1vodu a zah\u0155\u0148aj\u00fa DPH. V cene nie je zahrnut\u00e1 doprava produktu.<\/p>\n","protected":false},"excerpt":{"rendered":"<p>V cene s\u00fa lepen\u00e9 dvere a okn\u00e1 so sklom, bal\u00edk prahu z nerezu, podlaha, impregnovan\u00e9 zakladacie potery, spojovac\u00ed materi\u00e1l a mont\u00e1\u017eny n\u00e1vod.<\/p>\n","protected":false},"featured_media":14302,"template":"","meta":{"_acf_changed":false},"product_brand":[],"product_cat":[587,888,554,556],"product_tag":[],"class_list":{"0":"post-18535","1":"product","2":"type-product","3":"status-publish","4":"has-post-thumbnail","6":"product_cat-nove-produkty-sk","7":"product_cat-vicepokojove-zahradni-domky-28-a-40-mm","8":"product_cat-zahradne-domceky","9":"product_cat-zahradne-domceky-40-mm","10":"product_shipping_class-390e-sk-2","11":"pa_pindala-20-40-m2-sk","13":"first","14":"onbackorder","15":"sale","16":"purchasable","17":"product-type-simple"},"acf":[],"yoast_head":"<!-- This site is optimized with the Yoast SEO plugin v27.3 - https:\/\/yoast.com\/product\/yoast-seo-wordpress\/ -->\n<title>Tene.ee - Z\u00e1hradn\u00fd dom\u010dek Gaudiela 28<\/title>\n<meta name=\"description\" content=\"Tene.ee Z\u00e1hradn\u00fd dom\u010dek Gaudiela 28\" \/>\n<meta name=\"robots\" content=\"index, follow, max-snippet:-1, max-image-preview:large, max-video-preview:-1\" \/>\n<link rel=\"canonical\" href=\"https:\/\/tene.ee\/sk\/toode\/aiamaja-gaudiela-28\/\" \/>\n<meta property=\"og:locale\" content=\"sk_SK\" \/>\n<meta property=\"og:type\" content=\"article\" \/>\n<meta property=\"og:title\" content=\"Tene.ee - Z\u00e1hradn\u00fd dom\u010dek Gaudiela 28\" \/>\n<meta property=\"og:description\" content=\"Tene.ee Z\u00e1hradn\u00fd dom\u010dek Gaudiela 28\" \/>\n<meta property=\"og:url\" content=\"https:\/\/tene.ee\/sk\/toode\/aiamaja-gaudiela-28\/\" \/>\n<meta property=\"og:site_name\" content=\"Tene.ee\" \/>\n<meta property=\"article:publisher\" content=\"https:\/\/www.facebook.com\/teneaiamajad\" \/>\n<meta property=\"article:modified_time\" content=\"2024-11-28T09:39:01+00:00\" \/>\n<meta property=\"og:image\" content=\"https:\/\/tene.ee\/wp-content\/uploads\/2024\/07\/Gaudiela.jpg\" \/>\n\t<meta property=\"og:image:width\" content=\"1600\" \/>\n\t<meta property=\"og:image:height\" content=\"1067\" \/>\n\t<meta property=\"og:image:type\" content=\"image\/jpeg\" \/>\n<meta name=\"twitter:card\" content=\"summary_large_image\" \/>\n<meta name=\"twitter:label1\" content=\"Predpokladan\u00fd \u010das \u010d\u00edtania\" \/>\n\t<meta name=\"twitter:data1\" content=\"1 min\u00fata\" \/>\n<script type=\"application\/ld+json\" class=\"yoast-schema-graph\">{\"@context\":\"https:\\\/\\\/schema.org\",\"@graph\":[{\"@type\":\"WebPage\",\"@id\":\"https:\\\/\\\/tene.ee\\\/sk\\\/toode\\\/aiamaja-gaudiela-28\\\/\",\"url\":\"https:\\\/\\\/tene.ee\\\/sk\\\/toode\\\/aiamaja-gaudiela-28\\\/\",\"name\":\"Tene.ee - Z\u00e1hradn\u00fd dom\u010dek Gaudiela 28\",\"isPartOf\":{\"@id\":\"https:\\\/\\\/tene.ee\\\/sk\\\/#website\"},\"primaryImageOfPage\":{\"@id\":\"https:\\\/\\\/tene.ee\\\/sk\\\/toode\\\/aiamaja-gaudiela-28\\\/#primaryimage\"},\"image\":{\"@id\":\"https:\\\/\\\/tene.ee\\\/sk\\\/toode\\\/aiamaja-gaudiela-28\\\/#primaryimage\"},\"thumbnailUrl\":\"https:\\\/\\\/tene.ee\\\/wp-content\\\/uploads\\\/2024\\\/07\\\/Gaudiela.jpg\",\"datePublished\":\"2024-07-12T14:09:14+00:00\",\"dateModified\":\"2024-11-28T09:39:01+00:00\",\"description\":\"Tene.ee Z\u00e1hradn\u00fd dom\u010dek Gaudiela 28\",\"breadcrumb\":{\"@id\":\"https:\\\/\\\/tene.ee\\\/sk\\\/toode\\\/aiamaja-gaudiela-28\\\/#breadcrumb\"},\"inLanguage\":\"sk-SK\",\"potentialAction\":[{\"@type\":\"ReadAction\",\"target\":[\"https:\\\/\\\/tene.ee\\\/sk\\\/toode\\\/aiamaja-gaudiela-28\\\/\"]}]},{\"@type\":\"ImageObject\",\"inLanguage\":\"sk-SK\",\"@id\":\"https:\\\/\\\/tene.ee\\\/sk\\\/toode\\\/aiamaja-gaudiela-28\\\/#primaryimage\",\"url\":\"https:\\\/\\\/tene.ee\\\/wp-content\\\/uploads\\\/2024\\\/07\\\/Gaudiela.jpg\",\"contentUrl\":\"https:\\\/\\\/tene.ee\\\/wp-content\\\/uploads\\\/2024\\\/07\\\/Gaudiela.jpg\",\"width\":1600,\"height\":1067},{\"@type\":\"BreadcrumbList\",\"@id\":\"https:\\\/\\\/tene.ee\\\/sk\\\/toode\\\/aiamaja-gaudiela-28\\\/#breadcrumb\",\"itemListElement\":[{\"@type\":\"ListItem\",\"position\":1,\"name\":\"Avaleht\",\"item\":\"http:\\\/\\\/tene.ee\\\/sk\\\/\"},{\"@type\":\"ListItem\",\"position\":2,\"name\":\"V\u0161etky produkty\",\"item\":\"http:\\\/\\\/tene.ee\\\/sk\\\/shop\\\/\"},{\"@type\":\"ListItem\",\"position\":3,\"name\":\"Z\u00e1hradn\u00fd dom\u010dek Gaudiela 28\"}]},{\"@type\":\"WebSite\",\"@id\":\"https:\\\/\\\/tene.ee\\\/sk\\\/#website\",\"url\":\"https:\\\/\\\/tene.ee\\\/sk\\\/\",\"name\":\"Tene.ee - Kaunite hetkede jaoks sinu aias\",\"description\":\"Tene.ee - parimad puit- ja aiamajad otse tootjalt\",\"publisher\":{\"@id\":\"https:\\\/\\\/tene.ee\\\/sk\\\/#organization\"},\"alternateName\":\"Tene.ee\",\"potentialAction\":[{\"@type\":\"SearchAction\",\"target\":{\"@type\":\"EntryPoint\",\"urlTemplate\":\"https:\\\/\\\/tene.ee\\\/sk\\\/?s={search_term_string}\"},\"query-input\":{\"@type\":\"PropertyValueSpecification\",\"valueRequired\":true,\"valueName\":\"search_term_string\"}}],\"inLanguage\":\"sk-SK\"},{\"@type\":\"Organization\",\"@id\":\"https:\\\/\\\/tene.ee\\\/sk\\\/#organization\",\"name\":\"Tene.ee\",\"url\":\"https:\\\/\\\/tene.ee\\\/sk\\\/\",\"logo\":{\"@type\":\"ImageObject\",\"inLanguage\":\"sk-SK\",\"@id\":\"https:\\\/\\\/tene.ee\\\/sk\\\/#\\\/schema\\\/logo\\\/image\\\/\",\"url\":\"https:\\\/\\\/tene.ee\\\/wp-content\\\/uploads\\\/2024\\\/12\\\/TENE-logo-2018-2.png\",\"contentUrl\":\"https:\\\/\\\/tene.ee\\\/wp-content\\\/uploads\\\/2024\\\/12\\\/TENE-logo-2018-2.png\",\"width\":2339,\"height\":1654,\"caption\":\"Tene.ee\"},\"image\":{\"@id\":\"https:\\\/\\\/tene.ee\\\/sk\\\/#\\\/schema\\\/logo\\\/image\\\/\"},\"sameAs\":[\"https:\\\/\\\/www.facebook.com\\\/teneaiamajad\"]}]}<\/script>\n<!-- \/ Yoast SEO plugin. -->","yoast_head_json":{"title":"Tene.ee - Z\u00e1hradn\u00fd dom\u010dek Gaudiela 28","description":"Tene.ee Z\u00e1hradn\u00fd dom\u010dek Gaudiela 28","robots":{"index":"index","follow":"follow","max-snippet":"max-snippet:-1","max-image-preview":"max-image-preview:large","max-video-preview":"max-video-preview:-1"},"canonical":"https:\/\/tene.ee\/sk\/toode\/aiamaja-gaudiela-28\/","og_locale":"sk_SK","og_type":"article","og_title":"Tene.ee - Z\u00e1hradn\u00fd dom\u010dek Gaudiela 28","og_description":"Tene.ee Z\u00e1hradn\u00fd dom\u010dek Gaudiela 28","og_url":"https:\/\/tene.ee\/sk\/toode\/aiamaja-gaudiela-28\/","og_site_name":"Tene.ee","article_publisher":"https:\/\/www.facebook.com\/teneaiamajad","article_modified_time":"2024-11-28T09:39:01+00:00","og_image":[{"width":1600,"height":1067,"url":"https:\/\/tene.ee\/wp-content\/uploads\/2024\/07\/Gaudiela.jpg","type":"image\/jpeg"}],"twitter_card":"summary_large_image","twitter_misc":{"Predpokladan\u00fd \u010das \u010d\u00edtania":"1 min\u00fata"},"schema":{"@context":"https:\/\/schema.org","@graph":[{"@type":"WebPage","@id":"https:\/\/tene.ee\/sk\/toode\/aiamaja-gaudiela-28\/","url":"https:\/\/tene.ee\/sk\/toode\/aiamaja-gaudiela-28\/","name":"Tene.ee - Z\u00e1hradn\u00fd dom\u010dek Gaudiela 28","isPartOf":{"@id":"https:\/\/tene.ee\/sk\/#website"},"primaryImageOfPage":{"@id":"https:\/\/tene.ee\/sk\/toode\/aiamaja-gaudiela-28\/#primaryimage"},"image":{"@id":"https:\/\/tene.ee\/sk\/toode\/aiamaja-gaudiela-28\/#primaryimage"},"thumbnailUrl":"https:\/\/tene.ee\/wp-content\/uploads\/2024\/07\/Gaudiela.jpg","datePublished":"2024-07-12T14:09:14+00:00","dateModified":"2024-11-28T09:39:01+00:00","description":"Tene.ee Z\u00e1hradn\u00fd dom\u010dek Gaudiela 28","breadcrumb":{"@id":"https:\/\/tene.ee\/sk\/toode\/aiamaja-gaudiela-28\/#breadcrumb"},"inLanguage":"sk-SK","potentialAction":[{"@type":"ReadAction","target":["https:\/\/tene.ee\/sk\/toode\/aiamaja-gaudiela-28\/"]}]},{"@type":"ImageObject","inLanguage":"sk-SK","@id":"https:\/\/tene.ee\/sk\/toode\/aiamaja-gaudiela-28\/#primaryimage","url":"https:\/\/tene.ee\/wp-content\/uploads\/2024\/07\/Gaudiela.jpg","contentUrl":"https:\/\/tene.ee\/wp-content\/uploads\/2024\/07\/Gaudiela.jpg","width":1600,"height":1067},{"@type":"BreadcrumbList","@id":"https:\/\/tene.ee\/sk\/toode\/aiamaja-gaudiela-28\/#breadcrumb","itemListElement":[{"@type":"ListItem","position":1,"name":"Avaleht","item":"http:\/\/tene.ee\/sk\/"},{"@type":"ListItem","position":2,"name":"V\u0161etky produkty","item":"http:\/\/tene.ee\/sk\/shop\/"},{"@type":"ListItem","position":3,"name":"Z\u00e1hradn\u00fd dom\u010dek Gaudiela 28"}]},{"@type":"WebSite","@id":"https:\/\/tene.ee\/sk\/#website","url":"https:\/\/tene.ee\/sk\/","name":"Tene.ee - Kaunite hetkede jaoks sinu aias","description":"Tene.ee - parimad puit- ja aiamajad otse tootjalt","publisher":{"@id":"https:\/\/tene.ee\/sk\/#organization"},"alternateName":"Tene.ee","potentialAction":[{"@type":"SearchAction","target":{"@type":"EntryPoint","urlTemplate":"https:\/\/tene.ee\/sk\/?s={search_term_string}"},"query-input":{"@type":"PropertyValueSpecification","valueRequired":true,"valueName":"search_term_string"}}],"inLanguage":"sk-SK"},{"@type":"Organization","@id":"https:\/\/tene.ee\/sk\/#organization","name":"Tene.ee","url":"https:\/\/tene.ee\/sk\/","logo":{"@type":"ImageObject","inLanguage":"sk-SK","@id":"https:\/\/tene.ee\/sk\/#\/schema\/logo\/image\/","url":"https:\/\/tene.ee\/wp-content\/uploads\/2024\/12\/TENE-logo-2018-2.png","contentUrl":"https:\/\/tene.ee\/wp-content\/uploads\/2024\/12\/TENE-logo-2018-2.png","width":2339,"height":1654,"caption":"Tene.ee"},"image":{"@id":"https:\/\/tene.ee\/sk\/#\/schema\/logo\/image\/"},"sameAs":["https:\/\/www.facebook.com\/teneaiamajad"]}]}},"_links":{"self":[{"href":"https:\/\/tene.ee\/sk\/wp-json\/wp\/v2\/product\/18535","targetHints":{"allow":["GET"]}}],"collection":[{"href":"https:\/\/tene.ee\/sk\/wp-json\/wp\/v2\/product"}],"about":[{"href":"https:\/\/tene.ee\/sk\/wp-json\/wp\/v2\/types\/product"}],"wp:featuredmedia":[{"embeddable":true,"href":"https:\/\/tene.ee\/sk\/wp-json\/wp\/v2\/media\/14302"}],"wp:attachment":[{"href":"https:\/\/tene.ee\/sk\/wp-json\/wp\/v2\/media?parent=18535"}],"wp:term":[{"taxonomy":"product_brand","embeddable":true,"href":"https:\/\/tene.ee\/sk\/wp-json\/wp\/v2\/product_brand?post=18535"},{"taxonomy":"product_cat","embeddable":true,"href":"https:\/\/tene.ee\/sk\/wp-json\/wp\/v2\/product_cat?post=18535"},{"taxonomy":"product_tag","embeddable":true,"href":"https:\/\/tene.ee\/sk\/wp-json\/wp\/v2\/product_tag?post=18535"}],"curies":[{"name":"wp","href":"https:\/\/api.w.org\/{rel}","templated":true}]}}