{"id":51808,"date":"2024-07-16T13:28:44","date_gmt":"2024-07-16T10:28:44","guid":{"rendered":"https:\/\/tene.ee\/podmienky-predaja\/"},"modified":"2025-07-29T02:51:57","modified_gmt":"2025-07-28T23:51:57","slug":"podmienky-predaja","status":"publish","type":"page","link":"https:\/\/tene.ee\/sk\/podmienky-predaja\/","title":{"rendered":"Podmienky predaja"},"content":{"rendered":"<div class=\"wpb-content-wrapper\"><p>[vc_row][vc_column][vc_column_text css=&#8220;&#8220; woodmart_inline=&#8220;no&#8220; text_larger=&#8220;no&#8220;]<\/p>\n<article id=\"post-10351\" class=\"post-10351 page type-page status-publish hentry\">\n<div class=\"entry-content\">\n<header class=\"entry-header\">\n<h3 data-section-id=\"1drmtjl\" data-start=\"76\" data-end=\"104\"><strong data-start=\"80\" data-end=\"104\">1. Rozsah p\u00f4sobnosti<\/strong><\/h3>\n<p data-start=\"106\" data-end=\"1030\">1.1. Tieto V\u0161eobecn\u00e9 obchodn\u00e9 podmienky platia pre n\u00e1kupy uskuto\u010dnen\u00e9 prostredn\u00edctvom webovej str\u00e1nky <a class=\"\" href=\"http:\/\/www.aiamajad.com\" target=\"_new\" rel=\"noopener\" data-start=\"208\" data-end=\"224\">www.aiamajad.com<\/a> medzi kupuj\u00facim a spolo\u010dnos\u0165ou Tene Kaubandus O\u00dc.<br data-start=\"274\" data-end=\"277\" \/>1.2. Okrem t\u00fdchto podmienok sa uplat\u0148uj\u00fa ustanovenia z\u00e1konov Est\u00f3nskej republiky, najm\u00e4 z\u00e1kon o z\u00e1v\u00e4zkovom pr\u00e1ve (V\u00d5S), z\u00e1kon na ochranu spotrebite\u013ea (TKS) a in\u00e9 platn\u00e9 pr\u00e1vne predpisy.<br data-start=\"462\" data-end=\"465\" \/>1.3. Tene Kaubandus O\u00dc si vyhradzuje pr\u00e1vo kedyko\u013evek zmeni\u0165 podmienky zverejnen\u00edm ich na webovej str\u00e1nke <a class=\"\" href=\"http:\/\/www.aiamajad.com\" target=\"_new\" rel=\"noopener\" data-start=\"571\" data-end=\"587\">www.aiamajad.com<\/a>.<br data-start=\"588\" data-end=\"591\" \/>1.4. Obr\u00e1zky produktov v e-shope s\u00fa ilustra\u010dn\u00e9 a m\u00f4\u017eu sa l\u00ed\u0161i\u0165 od skuto\u010dn\u00e9ho vzh\u013eadu produktov.<br data-start=\"686\" data-end=\"689\" \/>1.5. Popisy produktov m\u00f4\u017eu obsahova\u0165 ne\u00famyseln\u00e9 chyby.<br data-start=\"743\" data-end=\"746\" \/>1.6. Tene Kaubandus O\u00dc m\u00e1 pr\u00e1vo bez povinnosti doru\u010denia zru\u0161i\u0165 objedn\u00e1vku a neuzavrie\u0165 k\u00fapnu zmluvu, ak:<br data-start=\"851\" data-end=\"854\" \/>\u2013 tovar nie je na sklade,<br data-start=\"879\" data-end=\"882\" \/>\u2013 cena alebo \u00fadaje boli zadan\u00e9 nespr\u00e1vne kv\u00f4li chybe v syst\u00e9me.<br data-start=\"945\" data-end=\"948\" \/>V pr\u00edpade zru\u0161enia bude kupuj\u00faci informovan\u00fd a v\u0161etky prijat\u00e9 platby bud\u00fa vr\u00e1ten\u00e9.<\/p>\n<hr data-start=\"1032\" data-end=\"1035\" \/>\n<h3 data-section-id=\"j1jauj\" data-start=\"1037\" data-end=\"1052\"><strong data-start=\"1041\" data-end=\"1052\">2. Ceny<\/strong><\/h3>\n<p data-start=\"1054\" data-end=\"1230\">2.1. V\u0161etky ceny v e-shope s\u00fa uveden\u00e9 s 24 % est\u00f3nskou DPH.<br data-start=\"1113\" data-end=\"1116\" \/>2.2. N\u00e1klady na dopravu nie s\u00fa zahrnut\u00e9 v cene.<br data-start=\"1163\" data-end=\"1166\" \/>2.3. Cena plat\u00ed od zadania objedn\u00e1vky do jej splatnosti (1 de\u0148).<\/p>\n<hr data-start=\"1232\" data-end=\"1235\" \/>\n<h3 data-section-id=\"16x5a16\" data-start=\"1237\" data-end=\"1266\"><strong data-start=\"1241\" data-end=\"1266\">3. Zadanie objedn\u00e1vky<\/strong><\/h3>\n<p data-start=\"1268\" data-end=\"1753\">3.1. Pridajte po\u017eadovan\u00e9 produkty do ko\u0161\u00edka.<br data-start=\"1312\" data-end=\"1315\" \/>3.2. Skontrolujte obsah ko\u0161\u00edka kliknut\u00edm na \u201eOstukorv\u201c v pravom hornom rohu.<br data-start=\"1391\" data-end=\"1394\" \/>3.3. Vypl\u0148te po\u017eadovan\u00e9 osobn\u00e9 \u00fadaje.<br data-start=\"1431\" data-end=\"1434\" \/>3.4. Za\u0161krtnite pol\u00ed\u010dko na potvrdenie s\u00fahlasu s podmienkami a kliknite na \u201ePokra\u010dova\u0165\u201c.<br data-start=\"1521\" data-end=\"1524\" \/>3.5. Po potvrden\u00ed objedn\u00e1vky dostanete e-mail a n\u00e1sledne v\u00e1s bude kontaktova\u0165 z\u00e1kazn\u00edcka podpora.<br data-start=\"1621\" data-end=\"1624\" \/>3.6. Objedn\u00e1vky sa sprac\u00favaj\u00fa v pracovn\u00fdch d\u0148och medzi 9:00\u201317:00. Objedn\u00e1vky prijat\u00e9 v piatok po 14:00 bud\u00fa vybaven\u00e9 v pondelok.<\/p>\n<hr data-start=\"1755\" data-end=\"1758\" \/>\n<h3 data-section-id=\"1hmub1n\" data-start=\"1760\" data-end=\"1789\"><strong data-start=\"1764\" data-end=\"1789\">4. Uzatvorenie zmluvy<\/strong><\/h3>\n<p data-start=\"1791\" data-end=\"2107\">4.1. Uzatvoren\u00edm k\u00fapnej zmluvy sa Tene Kaubandus O\u00dc zav\u00e4zuje odovzda\u0165 produkt kupuj\u00facemu a previes\u0165 na\u0148 vlastn\u00edcke pr\u00e1vo a kupuj\u00faci sa zav\u00e4zuje zaplati\u0165 a tovar prevzia\u0165.<br data-start=\"1961\" data-end=\"1964\" \/>4.2. Nezaplaten\u00e9 objedn\u00e1vky bud\u00fa automaticky zru\u0161en\u00e9 po 7 d\u0148och.<br data-start=\"2028\" data-end=\"2031\" \/>4.3. Zmluva nadob\u00fada \u00fa\u010dinnos\u0165 po prip\u00edsan\u00ed platby na \u00fa\u010det Tene Kaubandus O\u00dc.<\/p>\n<hr data-start=\"2109\" data-end=\"2112\" \/>\n<h3 data-section-id=\"lc3i4b\" data-start=\"2114\" data-end=\"2134\"><strong data-start=\"2118\" data-end=\"2134\">5. Doru\u010denie<\/strong><\/h3>\n<p data-start=\"2136\" data-end=\"2233\">5.1. V\u0161etky produkty sa nach\u00e1dzaj\u00fa v sklade na adrese: Lihula mnt. 22b, 90510 Haapsalu, Est\u00f3nsko.<\/p>\n<hr data-start=\"2235\" data-end=\"2238\" \/>\n<h3 data-section-id=\"6lfocg\" data-start=\"2240\" data-end=\"2280\"><strong data-start=\"2244\" data-end=\"2280\">6. Pr\u00e1vo na odst\u00fapenie od zmluvy<\/strong><\/h3>\n<p data-start=\"2282\" data-end=\"3085\">6.1. Spotrebite\u013e m\u00e1 pr\u00e1vo odst\u00fapi\u0165 od zmluvy bez udania d\u00f4vodu do 14 dn\u00ed od prevzatia tovaru. Plat\u00ed len pre fyzick\u00e9 osoby.<br data-start=\"2404\" data-end=\"2407\" \/>6.2. Spotrebite\u013e m\u00f4\u017ee tovar vysk\u00fa\u0161a\u0165 rovnako, ako by tak urobil v kamennej predajni.<br data-start=\"2491\" data-end=\"2494\" \/>6.3. Tovar mus\u00ed by\u0165 vr\u00e1ten\u00fd kompletn\u00fd (vr\u00e1tane origin\u00e1lneho obalu a v\u0161etk\u00fdch \u010dast\u00ed). Sady musia by\u0165 vr\u00e1ten\u00e9 ako celok.<br data-start=\"2612\" data-end=\"2615\" \/>6.4. Spotrebite\u013e zodpoved\u00e1 za zn\u00ed\u017eenie hodnoty tovaru v d\u00f4sledku nespr\u00e1vneho pou\u017e\u00edvania.<br data-start=\"2703\" data-end=\"2706\" \/>6.5. Na odst\u00fapenie od zmluvy je potrebn\u00e9 posla\u0165 ozn\u00e1menie na <a class=\"cursor-pointer\" rel=\"noopener\" data-start=\"2767\" data-end=\"2779\">info@tene.ee<\/a> do 14 dn\u00ed od doru\u010denia tovaru.<br data-start=\"2810\" data-end=\"2813\" \/>6.6. Tovar mus\u00ed by\u0165 vr\u00e1ten\u00fd do 14 dn\u00ed od odoslania ozn\u00e1menia o odst\u00fapen\u00ed, alebo mus\u00ed by\u0165 predlo\u017een\u00fd d\u00f4kaz o jeho zaslan\u00ed.<br data-start=\"2934\" data-end=\"2937\" \/>6.7. Tene Kaubandus O\u00dc vr\u00e1ti v\u0161etky prijat\u00e9 platby do 14 dn\u00ed od prijatia ozn\u00e1menia o odst\u00fapen\u00ed.<br data-start=\"3032\" data-end=\"3035\" \/>6.8. N\u00e1klady na vr\u00e1tenie tovaru zn\u00e1\u0161a spotrebite\u013e.<\/p>\n<hr data-start=\"3087\" data-end=\"3090\" \/>\n<h3 data-section-id=\"14o6vnd\" data-start=\"3092\" data-end=\"3113\"><strong data-start=\"3096\" data-end=\"3113\">7. Vy\u0161\u0161ia moc<\/strong><\/h3>\n<p data-start=\"3115\" data-end=\"3211\">7.1. Tene Kaubandus O\u00dc nezodpoved\u00e1 za ome\u0161kania alebo neplnenie z\u00e1v\u00e4zkov sp\u00f4soben\u00e9 vy\u0161\u0161ou mocou.<\/p>\n<hr data-start=\"3213\" data-end=\"3216\" \/>\n<h3 data-section-id=\"youj0t\" data-start=\"3218\" data-end=\"3252\"><strong data-start=\"3222\" data-end=\"3252\">8. Ochrana osobn\u00fdch \u00fadajov<\/strong><\/h3>\n<p data-start=\"3254\" data-end=\"3770\">8.1. Kupuj\u00faci s\u00fahlas\u00ed so spracovan\u00edm a uchov\u00e1van\u00edm svojich osobn\u00fdch \u00fadajov (meno, telef\u00f3n, adresa, e-mail) a s ich odovzdan\u00edm logistick\u00fdm partnerom za \u00fa\u010delom dodania objedn\u00e1vky.<br data-start=\"3431\" data-end=\"3434\" \/>8.2. Tene Kaubandus O\u00dc m\u00f4\u017ee pou\u017e\u00edva\u0165 osobn\u00e9 \u00fadaje na marketingov\u00e9 \u00fa\u010dely a zasielanie pon\u00fak.<br data-start=\"3525\" data-end=\"3528\" \/>8.3. Kupuj\u00faci m\u00f4\u017ee kedyko\u013evek odmietnu\u0165 sprac\u00favanie osobn\u00fdch \u00fadajov na marketing, ak to nie je potrebn\u00e9 na plnenie zmluvy.<br data-start=\"3650\" data-end=\"3653\" \/>8.4. Platby prebiehaj\u00fa bezpe\u010dne cez sprostredkovate\u013eov. Internetov\u00fd obchod nem\u00e1 pr\u00edstup k bankov\u00fdm \u00fadajom kupuj\u00faceho.<\/p>\n<hr data-start=\"3772\" data-end=\"3775\" \/>\n<h3 data-section-id=\"fnt7v8\" data-start=\"3777\" data-end=\"3807\"><strong data-start=\"3781\" data-end=\"3807\">9. Reklam\u00e1cie a z\u00e1ruka<\/strong><\/h3>\n<p data-start=\"3809\" data-end=\"4617\">9.1. Tene Kaubandus O\u00dc zodpoved\u00e1 za vady, ktor\u00e9 sa vyskytn\u00fa do 2 rokov od doru\u010denia tovaru.<br data-start=\"3900\" data-end=\"3903\" \/>9.2. Vady musia by\u0165 ozn\u00e1men\u00e9 do 2 mesiacov od ich zistenia a je potrebn\u00e9 predlo\u017ei\u0165 doklad o k\u00fape. Ozn\u00e1menie po\u0161lite na <a class=\"cursor-pointer\" rel=\"noopener\" data-start=\"4022\" data-end=\"4034\">info@tene.ee<\/a>.<br data-start=\"4035\" data-end=\"4038\" \/>9.3. Po zisten\u00ed vady sa mus\u00ed kupuj\u00faci zdr\u017ea\u0165 \u010fal\u0161ieho pou\u017e\u00edvania tovaru.<br data-start=\"4110\" data-end=\"4113\" \/>9.4. Po\u010das z\u00e1ruky:<br data-start=\"4131\" data-end=\"4134\" \/>\u2013 prv\u00fdch 6 mesiacov sa predpoklad\u00e1, \u017ee vada existovala u\u017e pri k\u00fape,<br data-start=\"4201\" data-end=\"4204\" \/>\u2013 po 6 mesiacoch mus\u00ed spotrebite\u013e dok\u00e1za\u0165, \u017ee vada bola pr\u00edtomn\u00e1 pri k\u00fape,<br data-start=\"4278\" data-end=\"4281\" \/>\u2013 spotrebite\u013e m\u00e1 n\u00e1rok na opravu, v\u00fdmenu, z\u013eavu alebo vr\u00e1tenie pe\u0148az\u00ed.<br data-start=\"4351\" data-end=\"4354\" \/>9.5. Reklam\u00e1cie je potrebn\u00e9 zasiela\u0165 na <a class=\"cursor-pointer\" rel=\"noopener\" data-start=\"4394\" data-end=\"4406\">info@tene.ee<\/a> spolu s popisom probl\u00e9mu a dokladom o k\u00fape. Tene Kaubandus O\u00dc presk\u00fama s\u0165a\u017enos\u0165 a rozhodne o rie\u0161en\u00ed.<br data-start=\"4508\" data-end=\"4511\" \/>9.6. Firma nezodpoved\u00e1 za \u0161kody sp\u00f4soben\u00e9 nespr\u00e1vnym pou\u017e\u00edvan\u00edm, be\u017en\u00fdm opotreben\u00edm alebo chybnou \u00fadr\u017ebou.<\/p>\n<hr data-start=\"4619\" data-end=\"4622\" \/>\n<h3 data-section-id=\"4idf3v\" data-start=\"4624\" data-end=\"4657\"><strong data-start=\"4628\" data-end=\"4657\">10. Z\u00e1vere\u010dn\u00e9 ustanovenia<\/strong><\/h3>\n<p data-start=\"4659\" data-end=\"4884\">10.1. Zmluvy medzi Tene Kaubandus O\u00dc a kupuj\u00facim sa riadia est\u00f3nskym pr\u00e1vom.<br data-start=\"4735\" data-end=\"4738\" \/>10.2. Spory sa bud\u00fa rie\u0161i\u0165 na est\u00f3nskych s\u00fadoch.<br data-start=\"4786\" data-end=\"4789\" \/>10.3. Zmluva je platn\u00e1 pod\u013ea t\u00fdchto podmienok a jej zmena je mo\u017en\u00e1 len vz\u00e1jomnou dohodou str\u00e1n.<\/p>\n<\/header>\n<\/div>\n<\/article>\n<p>[\/vc_column_text][\/vc_column][\/vc_row]<\/p>\n<\/div>","protected":false},"excerpt":{"rendered":"<p>[vc_row][vc_column][vc_column_text css=&#8220;&#8220; woodmart_inline=&#8220;no&#8220; text_larger=&#8220;no&#8220;] 1. Rozsah p\u00f4sobnosti 1.1. Tieto V\u0161eobecn\u00e9 obchodn\u00e9 podmienky platia pre n\u00e1kupy uskuto\u010dnen\u00e9 prostredn\u00edctvom webovej str\u00e1nky www.aiamajad.com<\/p>\n","protected":false},"author":1,"featured_media":0,"parent":0,"menu_order":0,"comment_status":"closed","ping_status":"closed","template":"","meta":{"_acf_changed":false,"footnotes":""},"class_list":["post-51808","page","type-page","status-publish","hentry"],"acf":[],"yoast_head":"<!-- This site is optimized with the Yoast SEO plugin v27.3 - https:\/\/yoast.com\/product\/yoast-seo-wordpress\/ -->\n<title>Tene.ee - Podmienky predaja<\/title>\n<meta name=\"description\" content=\"Tene.ee Podmienky predaja\" \/>\n<meta name=\"robots\" content=\"index, follow, max-snippet:-1, max-image-preview:large, max-video-preview:-1\" \/>\n<link rel=\"canonical\" href=\"https:\/\/tene.ee\/sk\/podmienky-predaja\/\" \/>\n<meta property=\"og:locale\" content=\"sk_SK\" \/>\n<meta property=\"og:type\" content=\"article\" \/>\n<meta property=\"og:title\" content=\"Tene.ee - Podmienky predaja\" \/>\n<meta property=\"og:description\" content=\"Tene.ee Podmienky predaja\" \/>\n<meta property=\"og:url\" content=\"https:\/\/tene.ee\/sk\/podmienky-predaja\/\" \/>\n<meta property=\"og:site_name\" content=\"Tene.ee\" \/>\n<meta property=\"article:publisher\" content=\"https:\/\/www.facebook.com\/teneaiamajad\" \/>\n<meta property=\"article:modified_time\" content=\"2025-07-28T23:51:57+00:00\" \/>\n<meta property=\"og:image\" content=\"https:\/\/tene.ee\/wp-content\/uploads\/2024\/12\/TENE-logo-2018-2.png\" \/>\n\t<meta property=\"og:image:width\" content=\"2339\" \/>\n\t<meta property=\"og:image:height\" content=\"1654\" \/>\n\t<meta property=\"og:image:type\" content=\"image\/png\" \/>\n<meta name=\"twitter:card\" content=\"summary_large_image\" \/>\n<meta name=\"twitter:label1\" content=\"Predpokladan\u00fd \u010das \u010d\u00edtania\" \/>\n\t<meta name=\"twitter:data1\" content=\"4 min\u00faty\" \/>\n<script type=\"application\/ld+json\" class=\"yoast-schema-graph\">{\"@context\":\"https:\\\/\\\/schema.org\",\"@graph\":[{\"@type\":\"WebPage\",\"@id\":\"https:\\\/\\\/tene.ee\\\/sk\\\/podmienky-predaja\\\/\",\"url\":\"https:\\\/\\\/tene.ee\\\/sk\\\/podmienky-predaja\\\/\",\"name\":\"Tene.ee - Podmienky predaja\",\"isPartOf\":{\"@id\":\"https:\\\/\\\/tene.ee\\\/sk\\\/#website\"},\"datePublished\":\"2024-07-16T10:28:44+00:00\",\"dateModified\":\"2025-07-28T23:51:57+00:00\",\"description\":\"Tene.ee Podmienky predaja\",\"breadcrumb\":{\"@id\":\"https:\\\/\\\/tene.ee\\\/sk\\\/podmienky-predaja\\\/#breadcrumb\"},\"inLanguage\":\"sk-SK\",\"potentialAction\":[{\"@type\":\"ReadAction\",\"target\":[\"https:\\\/\\\/tene.ee\\\/sk\\\/podmienky-predaja\\\/\"]}]},{\"@type\":\"BreadcrumbList\",\"@id\":\"https:\\\/\\\/tene.ee\\\/sk\\\/podmienky-predaja\\\/#breadcrumb\",\"itemListElement\":[{\"@type\":\"ListItem\",\"position\":1,\"name\":\"Avaleht\",\"item\":\"http:\\\/\\\/tene.ee\\\/sk\\\/\"},{\"@type\":\"ListItem\",\"position\":2,\"name\":\"Podmienky predaja\"}]},{\"@type\":\"WebSite\",\"@id\":\"https:\\\/\\\/tene.ee\\\/sk\\\/#website\",\"url\":\"https:\\\/\\\/tene.ee\\\/sk\\\/\",\"name\":\"Tene.ee - Kaunite hetkede jaoks sinu aias\",\"description\":\"Tene.ee - parimad puit- ja aiamajad otse tootjalt\",\"publisher\":{\"@id\":\"https:\\\/\\\/tene.ee\\\/sk\\\/#organization\"},\"alternateName\":\"Tene.ee\",\"potentialAction\":[{\"@type\":\"SearchAction\",\"target\":{\"@type\":\"EntryPoint\",\"urlTemplate\":\"https:\\\/\\\/tene.ee\\\/sk\\\/?s={search_term_string}\"},\"query-input\":{\"@type\":\"PropertyValueSpecification\",\"valueRequired\":true,\"valueName\":\"search_term_string\"}}],\"inLanguage\":\"sk-SK\"},{\"@type\":\"Organization\",\"@id\":\"https:\\\/\\\/tene.ee\\\/sk\\\/#organization\",\"name\":\"Tene.ee\",\"url\":\"https:\\\/\\\/tene.ee\\\/sk\\\/\",\"logo\":{\"@type\":\"ImageObject\",\"inLanguage\":\"sk-SK\",\"@id\":\"https:\\\/\\\/tene.ee\\\/sk\\\/#\\\/schema\\\/logo\\\/image\\\/\",\"url\":\"https:\\\/\\\/tene.ee\\\/wp-content\\\/uploads\\\/2024\\\/12\\\/TENE-logo-2018-2.png\",\"contentUrl\":\"https:\\\/\\\/tene.ee\\\/wp-content\\\/uploads\\\/2024\\\/12\\\/TENE-logo-2018-2.png\",\"width\":2339,\"height\":1654,\"caption\":\"Tene.ee\"},\"image\":{\"@id\":\"https:\\\/\\\/tene.ee\\\/sk\\\/#\\\/schema\\\/logo\\\/image\\\/\"},\"sameAs\":[\"https:\\\/\\\/www.facebook.com\\\/teneaiamajad\"]}]}<\/script>\n<!-- \/ Yoast SEO plugin. -->","yoast_head_json":{"title":"Tene.ee - Podmienky predaja","description":"Tene.ee Podmienky predaja","robots":{"index":"index","follow":"follow","max-snippet":"max-snippet:-1","max-image-preview":"max-image-preview:large","max-video-preview":"max-video-preview:-1"},"canonical":"https:\/\/tene.ee\/sk\/podmienky-predaja\/","og_locale":"sk_SK","og_type":"article","og_title":"Tene.ee - Podmienky predaja","og_description":"Tene.ee Podmienky predaja","og_url":"https:\/\/tene.ee\/sk\/podmienky-predaja\/","og_site_name":"Tene.ee","article_publisher":"https:\/\/www.facebook.com\/teneaiamajad","article_modified_time":"2025-07-28T23:51:57+00:00","og_image":[{"width":2339,"height":1654,"url":"https:\/\/tene.ee\/wp-content\/uploads\/2024\/12\/TENE-logo-2018-2.png","type":"image\/png"}],"twitter_card":"summary_large_image","twitter_misc":{"Predpokladan\u00fd \u010das \u010d\u00edtania":"4 min\u00faty"},"schema":{"@context":"https:\/\/schema.org","@graph":[{"@type":"WebPage","@id":"https:\/\/tene.ee\/sk\/podmienky-predaja\/","url":"https:\/\/tene.ee\/sk\/podmienky-predaja\/","name":"Tene.ee - Podmienky predaja","isPartOf":{"@id":"https:\/\/tene.ee\/sk\/#website"},"datePublished":"2024-07-16T10:28:44+00:00","dateModified":"2025-07-28T23:51:57+00:00","description":"Tene.ee Podmienky predaja","breadcrumb":{"@id":"https:\/\/tene.ee\/sk\/podmienky-predaja\/#breadcrumb"},"inLanguage":"sk-SK","potentialAction":[{"@type":"ReadAction","target":["https:\/\/tene.ee\/sk\/podmienky-predaja\/"]}]},{"@type":"BreadcrumbList","@id":"https:\/\/tene.ee\/sk\/podmienky-predaja\/#breadcrumb","itemListElement":[{"@type":"ListItem","position":1,"name":"Avaleht","item":"http:\/\/tene.ee\/sk\/"},{"@type":"ListItem","position":2,"name":"Podmienky predaja"}]},{"@type":"WebSite","@id":"https:\/\/tene.ee\/sk\/#website","url":"https:\/\/tene.ee\/sk\/","name":"Tene.ee - Kaunite hetkede jaoks sinu aias","description":"Tene.ee - parimad puit- ja aiamajad otse tootjalt","publisher":{"@id":"https:\/\/tene.ee\/sk\/#organization"},"alternateName":"Tene.ee","potentialAction":[{"@type":"SearchAction","target":{"@type":"EntryPoint","urlTemplate":"https:\/\/tene.ee\/sk\/?s={search_term_string}"},"query-input":{"@type":"PropertyValueSpecification","valueRequired":true,"valueName":"search_term_string"}}],"inLanguage":"sk-SK"},{"@type":"Organization","@id":"https:\/\/tene.ee\/sk\/#organization","name":"Tene.ee","url":"https:\/\/tene.ee\/sk\/","logo":{"@type":"ImageObject","inLanguage":"sk-SK","@id":"https:\/\/tene.ee\/sk\/#\/schema\/logo\/image\/","url":"https:\/\/tene.ee\/wp-content\/uploads\/2024\/12\/TENE-logo-2018-2.png","contentUrl":"https:\/\/tene.ee\/wp-content\/uploads\/2024\/12\/TENE-logo-2018-2.png","width":2339,"height":1654,"caption":"Tene.ee"},"image":{"@id":"https:\/\/tene.ee\/sk\/#\/schema\/logo\/image\/"},"sameAs":["https:\/\/www.facebook.com\/teneaiamajad"]}]}},"_links":{"self":[{"href":"https:\/\/tene.ee\/sk\/wp-json\/wp\/v2\/pages\/51808","targetHints":{"allow":["GET"]}}],"collection":[{"href":"https:\/\/tene.ee\/sk\/wp-json\/wp\/v2\/pages"}],"about":[{"href":"https:\/\/tene.ee\/sk\/wp-json\/wp\/v2\/types\/page"}],"author":[{"embeddable":true,"href":"https:\/\/tene.ee\/sk\/wp-json\/wp\/v2\/users\/1"}],"replies":[{"embeddable":true,"href":"https:\/\/tene.ee\/sk\/wp-json\/wp\/v2\/comments?post=51808"}],"version-history":[{"count":0,"href":"https:\/\/tene.ee\/sk\/wp-json\/wp\/v2\/pages\/51808\/revisions"}],"wp:attachment":[{"href":"https:\/\/tene.ee\/sk\/wp-json\/wp\/v2\/media?parent=51808"}],"curies":[{"name":"wp","href":"https:\/\/api.w.org\/{rel}","templated":true}]}}