{"id":24567,"date":"2024-06-28T11:28:09","date_gmt":"2024-06-28T08:28:09","guid":{"rendered":"https:\/\/tene.ee\/?page_id=24567"},"modified":"2025-07-29T01:03:14","modified_gmt":"2025-07-28T22:03:14","slug":"24567-2","status":"publish","type":"page","link":"https:\/\/tene.ee\/sk\/24567-2\/","title":{"rendered":"O spolo\u010dnosti"},"content":{"rendered":"<div class=\"wpb-content-wrapper\"><p>[vc_row woodmart_css_id=&#8220;66914e68a46da&#8220; responsive_spacing=&#8220;eyJwYXJhbV90eXBlIjoid29vZG1hcnRfcmVzcG9uc2l2ZV9zcGFjaW5nIiwic2VsZWN0b3JfaWQiOiI2NjkxNGU2OGE0NmRhIiwic2hvcnRjb2RlIjoidmNfcm93IiwiZGF0YSI6eyJ0YWJsZXQiOnt9LCJtb2JpbGUiOnt9fX0=&#8220; mobile_bg_img_hidden=&#8220;no&#8220; tablet_bg_img_hidden=&#8220;no&#8220; woodmart_parallax=&#8220;0&#8243; woodmart_gradient_switch=&#8220;no&#8220; woodmart_box_shadow=&#8220;no&#8220; wd_z_index=&#8220;no&#8220; woodmart_disable_overflow=&#8220;0&#8243; row_reverse_mobile=&#8220;0&#8243; row_reverse_tablet=&#8220;0&#8243;][vc_column woodmart_css_id=&#8220;6696ece7bcfbb&#8220; parallax_scroll=&#8220;no&#8220; woodmart_sticky_column=&#8220;false&#8220; wd_collapsible_content_switcher=&#8220;no&#8220; wd_column_role_offcanvas_desktop=&#8220;no&#8220; wd_column_role_offcanvas_tablet=&#8220;no&#8220; wd_column_role_offcanvas_mobile=&#8220;no&#8220; wd_column_role_content_desktop=&#8220;no&#8220; wd_column_role_content_tablet=&#8220;no&#8220; wd_column_role_content_mobile=&#8220;no&#8220; mobile_bg_img_hidden=&#8220;no&#8220; tablet_bg_img_hidden=&#8220;no&#8220; woodmart_parallax=&#8220;0&#8243; woodmart_box_shadow=&#8220;no&#8220; responsive_spacing=&#8220;eyJwYXJhbV90eXBlIjoid29vZG1hcnRfcmVzcG9uc2l2ZV9zcGFjaW5nIiwic2VsZWN0b3JfaWQiOiI2Njk2ZWNlN2JjZmJiIiwic2hvcnRjb2RlIjoidmNfY29sdW1uIiwiZGF0YSI6eyJ0YWJsZXQiOnt9LCJtb2JpbGUiOnt9fX0=&#8220; mobile_reset_margin=&#8220;no&#8220; tablet_reset_margin=&#8220;no&#8220; wd_z_index=&#8220;no&#8220; css=&#8220;.vc_custom_1721167085945{margin-top: -25px !important;}&#8220;]<style data-type=\"vc_shortcodes-custom-css\">.vc_custom_1697438305110{background-color: #ffffff !important;background-position: 0 0 !important;background-repeat: no-repeat !important;}.vc_custom_1732866176590{padding-top: 15px !important;}.vc_custom_1688626543448{background-position: 0 0 !important;background-repeat: no-repeat !important;}.vc_custom_1635965928690{background-position: 0 0 !important;background-repeat: no-repeat !important;}.vc_custom_1732171545907{padding-right: 80px !important;}.vc_custom_1731929234138{margin-top: 10px !important;padding-top: 15px !important;}.vc_custom_1732171597219{padding-right: 80px !important;}.vc_custom_1732171612694{padding-top: 15px !important;background-color: eyJwYXJhbV90eXBlIjoid29vZG1hcnRfY29sb3JwaWNrZXIiLCJjc3NfYXJncyI6eyJiYWNrZ3JvdW5kLWNvbG9yIjpbIiBhIl0sImJvcmRlci1jb2xvciI6WyIgYSJdfSwic2VsZWN0b3JfaWQiOiI2NzBlNjRhZjI1ZDEwIiwiZGF0YSI6eyJkZXNrdG9wIjoiIzgxZDc0MiJ9fQ== !important;}.wd-rs-6749707ceda21.wd-el-video{--wd-aspect-ratio: 16\/9;}.wd-rs-65005b9da15f0 > .vc_column-inner > .wpb_wrapper{align-items: center;}#wd-673b2487557b8 a{background-color:#707e5b;border-color:#707e5b !important;}#wd-673b2487557b8 a:hover{background-color:#556045;border-color:#556045 !important;}#wd-673ed75489818 a{background-color:#707e5b;border-color:#707e5b !important;}#wd-673ed75489818 a:hover{background-color:#556045;border-color:#556045 !important;}<\/style><div class=\"wpb-content-wrapper\">[vc_row][vc_column]\t\t<div class=\"wd-el-video wd-wpb wd-rs-6749707ceda21 wd-action-without wd-video-youtube vc_custom_1732866176590 wd-with-aspect-ratio\">\n\t\t\t\t\t\t\t<iframe src=\"https:\/\/www.youtube.com\/embed\/W84OPGv8FqE?feature=oembed&loop=1&mute=1&controls=1&autoplay=1&playlist=W84OPGv8FqE\" allowfullscreen allow=\"accelerometer; autoplay; encrypted-media; gyroscope; picture-in-picture\" width=\"100%\" height=\"100%\" loading=\"lazy\" aria-label=\"Video player\"><\/iframe>\t\t\t\n\t\t\t\n\t\t\t\n\t\t\t\t\t<\/div>\n\t\t[\/vc_column][\/vc_row][vc_section full_width=\"stretch_row\" woodmart_bg_position=\"right-bottom\" el_id=\"ettevottest\" mobile_bg_img_hidden=\"no\" tablet_bg_img_hidden=\"no\" woodmart_parallax=\"0\" woodmart_gradient_switch=\"no\" woodmart_disable_overflow=\"0\" css=\".vc_custom_1697438305110{background-color: #ffffff !important;background-position: 0 0 !important;background-repeat: no-repeat !important;}\" woodmart_css_id=\"652cda41013d2\" woodmart_box_shadow=\"no\" wd_z_index=\"no\" responsive_spacing=\"eyJwYXJhbV90eXBlIjoid29vZG1hcnRfcmVzcG9uc2l2ZV9zcGFjaW5nIiwic2VsZWN0b3JfaWQiOiI2NTJjZGE0MTAxM2QyIiwic2hvcnRjb2RlIjoidmNfc2VjdGlvbiIsImRhdGEiOnsidGFibGV0Ijp7fSwibW9iaWxlIjp7fX19\"][vc_row gap=\"30\" equal_height=\"yes\" content_placement=\"middle\" woodmart_bg_position=\"right-bottom\" mobile_bg_img_hidden=\"no\" tablet_bg_img_hidden=\"no\" woodmart_parallax=\"0\" woodmart_gradient_switch=\"no\" row_reverse_mobile=\"0\" row_reverse_tablet=\"0\" woodmart_disable_overflow=\"0\" el_class=\"container-row\" css=\".vc_custom_1688626543448{background-position: 0 0 !important;background-repeat: no-repeat !important;}\" woodmart_css_id=\"64a666ec67242\" woodmart_box_shadow=\"no\" wd_z_index=\"no\" responsive_spacing=\"eyJwYXJhbV90eXBlIjoid29vZG1hcnRfcmVzcG9uc2l2ZV9zcGFjaW5nIiwic2VsZWN0b3JfaWQiOiI2NGE2NjZlYzY3MjQyIiwic2hvcnRjb2RlIjoidmNfcm93IiwiZGF0YSI6eyJ0YWJsZXQiOnt9LCJtb2JpbGUiOnt9fX0=\"][vc_column width=\"3\/5\" woodmart_bg_position=\"left-top\" mobile_bg_img_hidden=\"no\" tablet_bg_img_hidden=\"no\" woodmart_parallax=\"0\" woodmart_sticky_column=\"false\" parallax_scroll=\"no\" mobile_reset_margin=\"no\" tablet_reset_margin=\"no\" el_class=\"container-text\" css=\".vc_custom_1635965928690{background-position: 0 0 !important;background-repeat: no-repeat !important;}\"][vc_custom_heading text=\"25 ROKOV KVALITY\" font_container=\"tag:h2|font_size:24px|text_align:left|line_height:32px\" use_theme_fonts=\"yes\" el_id=\"element\"][vc_column_text css=\".vc_custom_1732171545907{padding-right: 80px !important;}\" woodmart_inline=\"no\" text_larger=\"no\" el_id=\"padi\"]<span data-sheets-root=\"1\">U\u017e viac ako 25 rokov vyr\u00e1bame v spolo\u010dnosti Tene, vyr\u00e1baj\u00facej dreven\u00e9 dom\u010deky, \u0161irok\u00fa \u0161k\u00e1lu produktov z dreva. Najob\u013e\u00fabenej\u0161\u00edmi v\u00fdrobkami s\u00fa dreven\u00e9 dom\u010deky, chatky, z\u00e1hradn\u00e9 chatky, letn\u00e9 dom\u010deky, chatky, zruby, alt\u00e1nky, z\u00e1hradn\u00e9 alt\u00e1nky, pr\u00edstre\u0161ky, hojda\u010dky, dreven\u00e9 brikety a z\u00e1hradn\u00fd n\u00e1bytok.<\/span>[\/vc_column_text]<div id=\"wd-673b2487557b8\" class=\" wd-rs-673b2487557b8 vc_custom_1731929234138 wd-button-wrapper text-left\"><a href=\"https:\/\/tene.ee\/sk\/shop\/\" title=\"Pozri rozsah\" style=\"--btn-color:#fff;--btn-color-hover:#fff;\" class=\"btn btn-style-default btn-shape-round btn-size-large\">Pozrite si na\u0161u ponuku<\/a><\/div>[\/vc_column][vc_column width=\"2\/5\" vertical_alignment=\"eyJkZXZpY2VzIjp7ImRlc2t0b3AiOnsidmFsdWUiOiJjZW50ZXIifSwidGFibGV0Ijp7InZhbHVlIjoiIn0sIm1vYmlsZSI6eyJ2YWx1ZSI6IiJ9fX0=\" woodmart_css_id=\"65005b9da15f0\" parallax_scroll=\"no\" woodmart_sticky_column=\"false\" wd_collapsible_content_switcher=\"no\" mobile_bg_img_hidden=\"no\" tablet_bg_img_hidden=\"no\" woodmart_parallax=\"0\" woodmart_box_shadow=\"no\" mobile_reset_margin=\"no\" tablet_reset_margin=\"no\" wd_z_index=\"no\" wd_column_role_offcanvas_desktop=\"no\" wd_column_role_offcanvas_tablet=\"no\" wd_column_role_offcanvas_mobile=\"no\" wd_column_role_content_desktop=\"no\" wd_column_role_content_tablet=\"no\" wd_column_role_content_mobile=\"no\" responsive_spacing=\"eyJwYXJhbV90eXBlIjoid29vZG1hcnRfcmVzcG9uc2l2ZV9zcGFjaW5nIiwic2VsZWN0b3JfaWQiOiI2NTAwNWI5ZGExNWYwIiwic2hvcnRjb2RlIjoidmNfY29sdW1uIiwiZGF0YSI6eyJ0YWJsZXQiOnt9LCJtb2JpbGUiOnt9fX0=\"][vc_single_image image=\"24505\" img_size=\"1536x1179\" css_animation=\"none\" css=\"\" woodmart_inline=\"no\" parallax_scroll=\"no\" el_id=\"ettevottest_pilt\" el_class=\"muri2\"][\/vc_column][\/vc_row][vc_row gap=\"30\" equal_height=\"yes\" content_placement=\"middle\" mobile_bg_img_hidden=\"no\" tablet_bg_img_hidden=\"no\" woodmart_parallax=\"0\" woodmart_gradient_switch=\"no\" row_reverse_mobile=\"0\" row_reverse_tablet=\"0\" woodmart_disable_overflow=\"0\" el_class=\"container-row\" el_id=\"podpora\" woodmart_css_id=\"64a669cbaff6b\" woodmart_box_shadow=\"no\" wd_z_index=\"no\" responsive_spacing=\"eyJwYXJhbV90eXBlIjoid29vZG1hcnRfcmVzcG9uc2l2ZV9zcGFjaW5nIiwic2VsZWN0b3JfaWQiOiI2NGE2NjljYmFmZjZiIiwic2hvcnRjb2RlIjoidmNfcm93IiwiZGF0YSI6eyJ0YWJsZXQiOnt9LCJtb2JpbGUiOnt9fX0=\"][vc_column width=\"2\/5\" offset=\"vc_hidden-xs\" woodmart_css_id=\"619f7f777b961\" parallax_scroll=\"no\" woodmart_sticky_column=\"false\" wd_collapsible_content_switcher=\"no\" mobile_bg_img_hidden=\"no\" tablet_bg_img_hidden=\"no\" woodmart_parallax=\"0\" woodmart_box_shadow=\"no\" mobile_reset_margin=\"no\" tablet_reset_margin=\"no\" wd_z_index=\"no\"][vc_single_image image=\"2423\" img_size=\"full\" css_animation=\"none\" css=\"\" woodmart_inline=\"no\" parallax_scroll=\"no\" el_class=\"muri\"][\/vc_column][vc_column width=\"3\/5\" mobile_bg_img_hidden=\"no\" tablet_bg_img_hidden=\"no\" woodmart_parallax=\"0\" woodmart_sticky_column=\"false\" el_class=\"container-text\" parallax_scroll=\"no\" mobile_reset_margin=\"no\" tablet_reset_margin=\"no\" woodmart_css_id=\"6213d448762f9\" wd_collapsible_content_switcher=\"no\" woodmart_box_shadow=\"no\" wd_z_index=\"no\"][vc_custom_heading text=\"Vytv\u00e1rame pracovn\u00e9 miesta v malom meste\u010dku v Est\u00f3nsku\" font_container=\"tag:h2|font_size:24px|text_align:left|line_height:32px\" use_theme_fonts=\"yes\" css=\"\" el_id=\"element\"][vc_column_text css=\".vc_custom_1732171597219{padding-right: 80px !important;}\" woodmart_inline=\"no\" text_larger=\"no\"]<span data-sheets-root=\"1\">Cel\u00fd sortiment v\u00fdrobkov si m\u00f4\u017eete pozrie\u0165 na tejto str\u00e1nke. Cel\u00e1 v\u00fdroba spolo\u010dnosti sa nach\u00e1dza v Haapsalu. T\u00fdmto sp\u00f4sobom podporujeme podnikanie v Est\u00f3nsku a vytv\u00e1rame pracovn\u00e9 miesta v tomto kr\u00e1snom letovisku a vyv\u00e1\u017eame kvalitn\u00e9 v\u00fdrobky vyroben\u00e9 v Est\u00f3nsku do cel\u00e9ho sveta. Dnes spolo\u010dnos\u0165 Tene Kaubandus zamestn\u00e1va takmer 100 \u013eud\u00ed.<\/span>[\/vc_column_text]<div id=\"wd-673ed75489818\" class=\" wd-rs-673ed75489818 vc_custom_1732171612694 wd-button-wrapper text-left\"><a href=\"\/tookuulutused\/\" title=\"By\u0165 v kontakte\" style=\"--btn-color:#fff;--btn-color-hover:#fff;\" class=\"btn btn-style-default btn-shape-round btn-size-large\">By\u0165 v kontakte<\/a><\/div>[\/vc_column][\/vc_row][\/vc_section]<\/div><style data-type=\"vc_shortcodes-custom-css\">.vc_custom_1697438282897{background-color: #ffffff !important;}.vc_custom_1688979921662{background-image: url(https:\/\/aiamajad.com\/wp-content\/uploads\/2021\/10\/Pattern-garantii.png?id=13599) !important;background-position: center !important;background-repeat: no-repeat !important;background-size: contain !important;}.vc_custom_1653904908419{padding-bottom: 20px !important;}.vc_custom_1732171662545{padding-right: 80px !important;padding-bottom: 40px !important;}.vc_custom_1688981386084{margin-top: 20px !important;border-bottom-width: 5px !important;}.vc_custom_1732866225879{padding-top: 15px !important;padding-bottom: 15px !important;border-radius: 35px !important;}<\/style><div class=\"wpb-content-wrapper\">[vc_section full_width=\"stretch_row\" content_placement=\"middle\" mobile_bg_img_hidden=\"no\" tablet_bg_img_hidden=\"no\" woodmart_parallax=\"0\" woodmart_gradient_switch=\"no\" woodmart_disable_overflow=\"0\" css=\".vc_custom_1697438282897{background-color: #ffffff !important;}\" woodmart_css_id=\"652cda184e55c\" woodmart_box_shadow=\"no\" wd_z_index=\"no\" el_id=\"garantii\" responsive_spacing=\"eyJwYXJhbV90eXBlIjoid29vZG1hcnRfcmVzcG9uc2l2ZV9zcGFjaW5nIiwic2VsZWN0b3JfaWQiOiI2NTJjZGExODRlNTVjIiwic2hvcnRjb2RlIjoidmNfc2VjdGlvbiIsImRhdGEiOnsidGFibGV0Ijp7fSwibW9iaWxlIjp7fX19\"][vc_row full_width=\"stretch_row\" equal_height=\"yes\" content_placement=\"middle\" woodmart_bg_position=\"left-center\" mobile_bg_img_hidden=\"no\" tablet_bg_img_hidden=\"no\" woodmart_parallax=\"0\" woodmart_gradient_switch=\"no\" row_reverse_mobile=\"1\" row_reverse_tablet=\"0\" woodmart_disable_overflow=\"0\" el_class=\"container-row\" css=\".vc_custom_1688979921662{background-image: url(https:\/\/aiamajad.com\/wp-content\/uploads\/2021\/10\/Pattern-garantii.png?id=13599) !important;background-position: center !important;background-repeat: no-repeat !important;background-size: contain !important;}\" woodmart_css_id=\"64abcb5fa3b60\" woodmart_box_shadow=\"no\" wd_z_index=\"no\" responsive_spacing=\"eyJwYXJhbV90eXBlIjoid29vZG1hcnRfcmVzcG9uc2l2ZV9zcGFjaW5nIiwic2VsZWN0b3JfaWQiOiI2NGFiY2I1ZmEzYjYwIiwic2hvcnRjb2RlIjoidmNfcm93IiwiZGF0YSI6eyJ0YWJsZXQiOnt9LCJtb2JpbGUiOnt9fX0=\"][vc_column width=\"2\/5\" mobile_bg_img_hidden=\"no\" tablet_bg_img_hidden=\"no\" woodmart_parallax=\"0\" woodmart_sticky_column=\"false\" parallax_scroll=\"no\" mobile_reset_margin=\"no\" tablet_reset_margin=\"no\" woodmart_css_id=\"64abac7f07d5f\" wd_collapsible_content_switcher=\"no\" woodmart_box_shadow=\"no\" wd_z_index=\"no\" el_id=\"element-garantii-col\" wd_column_role_offcanvas_desktop=\"no\" wd_column_role_offcanvas_tablet=\"no\" wd_column_role_offcanvas_mobile=\"no\" wd_column_role_content_desktop=\"no\" wd_column_role_content_tablet=\"no\" wd_column_role_content_mobile=\"no\" responsive_spacing=\"eyJwYXJhbV90eXBlIjoid29vZG1hcnRfcmVzcG9uc2l2ZV9zcGFjaW5nIiwic2VsZWN0b3JfaWQiOiI2NGFiYWM3ZjA3ZDVmIiwic2hvcnRjb2RlIjoidmNfY29sdW1uIiwiZGF0YSI6eyJ0YWJsZXQiOnt9LCJtb2JpbGUiOnt9fX0=\" offset=\"vc_col-md-2\/5 vc_col-xs-12\"][vc_custom_heading text=\"Z\u00e1ruka\" font_container=\"tag:h2|font_size:24px|text_align:left|line_height:32px\" use_theme_fonts=\"yes\" css=\".vc_custom_1653904908419{padding-bottom: 20px !important;}\" el_id=\"element-garantii\"][vc_column_text css=\".vc_custom_1732171662545{padding-right: 80px !important;padding-bottom: 40px !important;}\" woodmart_inline=\"no\" text_larger=\"no\" el_id=\"element-garantii-text\"]Na\u0161ou z\u00e1kladnou hodnotou je zabezpe\u010denie kvality a preto poskytujeme na kon\u0161trukcie na\u0161ich v\u00fdrobkov p\u00e4\u0165ro\u010dn\u00fa z\u00e1ruku od d\u00e1tumu n\u00e1kupu.<br><br>V\u0161etky v\u00fdrobky TENE s\u00fa balen\u00e9 do f\u00f3lie chr\u00e1niacej pred UV \u017eiaren\u00edm a pri dod\u00e1vke s\u00fa navy\u0161e chr\u00e1nen\u00e9 prepravne bezpe\u010dn\u00fdm obalom s p\u00e1skami a ochrann\u00fdmi prvkami na drevo.<br><br>V\u0161etky na\u0161e v\u00fdrobky s\u00fa vyroben\u00e9 zo smrekov\u00e9ho dreva z trvalo udr\u017eate\u013ene obhospodarovan\u00fdch lesov, ktor\u00e9 poch\u00e1dza zo severoeur\u00f3pskych kraj\u00edn: \u0160v\u00e9dsko, F\u00ednsko a pobaltsk\u00e9 krajiny (Est\u00f3nsko, Litva a Loty\u0161sko).[\/vc_column_text][vc_separator color=\"custom\" accent_color=\"rgba(255,255,255,0.01)\" css=\".vc_custom_1688981386084{margin-top: 20px !important;border-bottom-width: 5px !important;}\" wd_hide_on_desktop=\"no\" wd_hide_on_tablet=\"no\" wd_hide_on_mobile=\"no\"]<div id=\"wd-673ed767a9379\" class=\" wd-rs-673ed767a9379  wd-button-wrapper text-left\"><a href=\"https:\/\/tene.ee\/sk\/kontakt\/\" title=\"By\u0165 v kontakte\" class=\"btn btn-color-primary btn-style-default btn-shape-round btn-size-large\">By\u0165 v kontakte<\/a><\/div>[\/vc_column][vc_column width=\"3\/5\" mobile_bg_img_hidden=\"no\" tablet_bg_img_hidden=\"no\" woodmart_parallax=\"0\" woodmart_sticky_column=\"false\" parallax_scroll=\"no\" mobile_reset_margin=\"no\" tablet_reset_margin=\"no\" el_class=\"container-text\" el_id=\"garantii\" woodmart_css_id=\"62a321629bbba\" wd_collapsible_content_switcher=\"no\" woodmart_box_shadow=\"no\" wd_z_index=\"no\" offset=\"vc_col-md-3\/5\" wd_column_role_offcanvas_desktop=\"no\" wd_column_role_offcanvas_tablet=\"no\" wd_column_role_offcanvas_mobile=\"no\" wd_column_role_content_desktop=\"no\" wd_column_role_content_tablet=\"no\" wd_column_role_content_mobile=\"no\" responsive_spacing=\"eyJwYXJhbV90eXBlIjoid29vZG1hcnRfcmVzcG9uc2l2ZV9zcGFjaW5nIiwic2VsZWN0b3JfaWQiOiI2MmEzMjE2MjliYmJhIiwic2hvcnRjb2RlIjoidmNfY29sdW1uIiwiZGF0YSI6eyJ0YWJsZXQiOnt9LCJtb2JpbGUiOnt9fX0=\"][vc_single_image image=\"24483\" img_size=\"full\" css_animation=\"none\" css=\".vc_custom_1732866225879{padding-top: 15px !important;padding-bottom: 15px !important;border-radius: 35px !important;}\" woodmart_inline=\"no\" parallax_scroll=\"no\" el_class=\"muri2\"][\/vc_column][\/vc_row][\/vc_section]<\/div>[\/vc_column][\/vc_row]<\/p>\n<\/div>","protected":false},"excerpt":{"rendered":"<p>[vc_row woodmart_css_id=&#8220;66914e68a46da&#8220; responsive_spacing=&#8220;eyJwYXJhbV90eXBlIjoid29vZG1hcnRfcmVzcG9uc2l2ZV9zcGFjaW5nIiwic2VsZWN0b3JfaWQiOiI2NjkxNGU2OGE0NmRhIiwic2hvcnRjb2RlIjoidmNfcm93IiwiZGF0YSI6eyJ0YWJsZXQiOnt9LCJtb2JpbGUiOnt9fX0=&#8220; mobile_bg_img_hidden=&#8220;no&#8220; tablet_bg_img_hidden=&#8220;no&#8220; woodmart_parallax=&#8220;0&#8243; woodmart_gradient_switch=&#8220;no&#8220; woodmart_box_shadow=&#8220;no&#8220; wd_z_index=&#8220;no&#8220; woodmart_disable_overflow=&#8220;0&#8243; row_reverse_mobile=&#8220;0&#8243; row_reverse_tablet=&#8220;0&#8243;][vc_column woodmart_css_id=&#8220;6696ece7bcfbb&#8220; parallax_scroll=&#8220;no&#8220; woodmart_sticky_column=&#8220;false&#8220; wd_collapsible_content_switcher=&#8220;no&#8220; wd_column_role_offcanvas_desktop=&#8220;no&#8220; wd_column_role_offcanvas_tablet=&#8220;no&#8220; wd_column_role_offcanvas_mobile=&#8220;no&#8220; wd_column_role_content_desktop=&#8220;no&#8220;<\/p>\n","protected":false},"author":1,"featured_media":0,"parent":0,"menu_order":0,"comment_status":"closed","ping_status":"closed","template":"","meta":{"_acf_changed":false,"footnotes":""},"class_list":["post-24567","page","type-page","status-publish","hentry"],"acf":[],"yoast_head":"<!-- This site is optimized with the Yoast SEO plugin v27.3 - https:\/\/yoast.com\/product\/yoast-seo-wordpress\/ -->\n<title>Tene.ee - O spolo\u010dnosti<\/title>\n<meta name=\"description\" content=\"Tene.ee O spolo\u010dnosti\" \/>\n<meta name=\"robots\" content=\"index, follow, max-snippet:-1, max-image-preview:large, max-video-preview:-1\" \/>\n<link rel=\"canonical\" href=\"https:\/\/tene.ee\/sk\/24567-2\/\" \/>\n<meta property=\"og:locale\" content=\"sk_SK\" \/>\n<meta property=\"og:type\" content=\"article\" \/>\n<meta property=\"og:title\" content=\"Tene.ee - O spolo\u010dnosti\" \/>\n<meta property=\"og:description\" content=\"Tene.ee O spolo\u010dnosti\" \/>\n<meta property=\"og:url\" content=\"https:\/\/tene.ee\/sk\/24567-2\/\" \/>\n<meta property=\"og:site_name\" content=\"Tene.ee\" \/>\n<meta property=\"article:publisher\" content=\"https:\/\/www.facebook.com\/teneaiamajad\" \/>\n<meta property=\"article:modified_time\" content=\"2025-07-28T22:03:14+00:00\" \/>\n<meta property=\"og:image\" content=\"https:\/\/tene.ee\/wp-content\/uploads\/2024\/12\/TENE-logo-2018-2.png\" \/>\n\t<meta property=\"og:image:width\" content=\"2339\" \/>\n\t<meta property=\"og:image:height\" content=\"1654\" \/>\n\t<meta property=\"og:image:type\" content=\"image\/png\" \/>\n<meta name=\"twitter:card\" content=\"summary_large_image\" \/>\n<meta name=\"twitter:label1\" content=\"Predpokladan\u00fd \u010das \u010d\u00edtania\" \/>\n\t<meta name=\"twitter:data1\" content=\"1 min\u00fata\" \/>\n<script type=\"application\/ld+json\" class=\"yoast-schema-graph\">{\"@context\":\"https:\\\/\\\/schema.org\",\"@graph\":[{\"@type\":\"WebPage\",\"@id\":\"https:\\\/\\\/tene.ee\\\/sk\\\/24567-2\\\/\",\"url\":\"https:\\\/\\\/tene.ee\\\/sk\\\/24567-2\\\/\",\"name\":\"Tene.ee - O spolo\u010dnosti\",\"isPartOf\":{\"@id\":\"https:\\\/\\\/tene.ee\\\/sk\\\/#website\"},\"datePublished\":\"2024-06-28T08:28:09+00:00\",\"dateModified\":\"2025-07-28T22:03:14+00:00\",\"description\":\"Tene.ee O spolo\u010dnosti\",\"breadcrumb\":{\"@id\":\"https:\\\/\\\/tene.ee\\\/sk\\\/24567-2\\\/#breadcrumb\"},\"inLanguage\":\"sk-SK\",\"potentialAction\":[{\"@type\":\"ReadAction\",\"target\":[\"https:\\\/\\\/tene.ee\\\/sk\\\/24567-2\\\/\"]}]},{\"@type\":\"BreadcrumbList\",\"@id\":\"https:\\\/\\\/tene.ee\\\/sk\\\/24567-2\\\/#breadcrumb\",\"itemListElement\":[{\"@type\":\"ListItem\",\"position\":1,\"name\":\"Avaleht\",\"item\":\"http:\\\/\\\/tene.ee\\\/sk\\\/\"},{\"@type\":\"ListItem\",\"position\":2,\"name\":\"O spolo\u010dnosti\"}]},{\"@type\":\"WebSite\",\"@id\":\"https:\\\/\\\/tene.ee\\\/sk\\\/#website\",\"url\":\"https:\\\/\\\/tene.ee\\\/sk\\\/\",\"name\":\"Tene.ee - Kaunite hetkede jaoks sinu aias\",\"description\":\"Tene.ee - parimad puit- ja aiamajad otse tootjalt\",\"publisher\":{\"@id\":\"https:\\\/\\\/tene.ee\\\/sk\\\/#organization\"},\"alternateName\":\"Tene.ee\",\"potentialAction\":[{\"@type\":\"SearchAction\",\"target\":{\"@type\":\"EntryPoint\",\"urlTemplate\":\"https:\\\/\\\/tene.ee\\\/sk\\\/?s={search_term_string}\"},\"query-input\":{\"@type\":\"PropertyValueSpecification\",\"valueRequired\":true,\"valueName\":\"search_term_string\"}}],\"inLanguage\":\"sk-SK\"},{\"@type\":\"Organization\",\"@id\":\"https:\\\/\\\/tene.ee\\\/sk\\\/#organization\",\"name\":\"Tene.ee\",\"url\":\"https:\\\/\\\/tene.ee\\\/sk\\\/\",\"logo\":{\"@type\":\"ImageObject\",\"inLanguage\":\"sk-SK\",\"@id\":\"https:\\\/\\\/tene.ee\\\/sk\\\/#\\\/schema\\\/logo\\\/image\\\/\",\"url\":\"https:\\\/\\\/tene.ee\\\/wp-content\\\/uploads\\\/2024\\\/12\\\/TENE-logo-2018-2.png\",\"contentUrl\":\"https:\\\/\\\/tene.ee\\\/wp-content\\\/uploads\\\/2024\\\/12\\\/TENE-logo-2018-2.png\",\"width\":2339,\"height\":1654,\"caption\":\"Tene.ee\"},\"image\":{\"@id\":\"https:\\\/\\\/tene.ee\\\/sk\\\/#\\\/schema\\\/logo\\\/image\\\/\"},\"sameAs\":[\"https:\\\/\\\/www.facebook.com\\\/teneaiamajad\"]}]}<\/script>\n<!-- \/ Yoast SEO plugin. -->","yoast_head_json":{"title":"Tene.ee - O spolo\u010dnosti","description":"Tene.ee O spolo\u010dnosti","robots":{"index":"index","follow":"follow","max-snippet":"max-snippet:-1","max-image-preview":"max-image-preview:large","max-video-preview":"max-video-preview:-1"},"canonical":"https:\/\/tene.ee\/sk\/24567-2\/","og_locale":"sk_SK","og_type":"article","og_title":"Tene.ee - O spolo\u010dnosti","og_description":"Tene.ee O spolo\u010dnosti","og_url":"https:\/\/tene.ee\/sk\/24567-2\/","og_site_name":"Tene.ee","article_publisher":"https:\/\/www.facebook.com\/teneaiamajad","article_modified_time":"2025-07-28T22:03:14+00:00","og_image":[{"width":2339,"height":1654,"url":"https:\/\/tene.ee\/wp-content\/uploads\/2024\/12\/TENE-logo-2018-2.png","type":"image\/png"}],"twitter_card":"summary_large_image","twitter_misc":{"Predpokladan\u00fd \u010das \u010d\u00edtania":"1 min\u00fata"},"schema":{"@context":"https:\/\/schema.org","@graph":[{"@type":"WebPage","@id":"https:\/\/tene.ee\/sk\/24567-2\/","url":"https:\/\/tene.ee\/sk\/24567-2\/","name":"Tene.ee - O spolo\u010dnosti","isPartOf":{"@id":"https:\/\/tene.ee\/sk\/#website"},"datePublished":"2024-06-28T08:28:09+00:00","dateModified":"2025-07-28T22:03:14+00:00","description":"Tene.ee O spolo\u010dnosti","breadcrumb":{"@id":"https:\/\/tene.ee\/sk\/24567-2\/#breadcrumb"},"inLanguage":"sk-SK","potentialAction":[{"@type":"ReadAction","target":["https:\/\/tene.ee\/sk\/24567-2\/"]}]},{"@type":"BreadcrumbList","@id":"https:\/\/tene.ee\/sk\/24567-2\/#breadcrumb","itemListElement":[{"@type":"ListItem","position":1,"name":"Avaleht","item":"http:\/\/tene.ee\/sk\/"},{"@type":"ListItem","position":2,"name":"O spolo\u010dnosti"}]},{"@type":"WebSite","@id":"https:\/\/tene.ee\/sk\/#website","url":"https:\/\/tene.ee\/sk\/","name":"Tene.ee - Kaunite hetkede jaoks sinu aias","description":"Tene.ee - parimad puit- ja aiamajad otse tootjalt","publisher":{"@id":"https:\/\/tene.ee\/sk\/#organization"},"alternateName":"Tene.ee","potentialAction":[{"@type":"SearchAction","target":{"@type":"EntryPoint","urlTemplate":"https:\/\/tene.ee\/sk\/?s={search_term_string}"},"query-input":{"@type":"PropertyValueSpecification","valueRequired":true,"valueName":"search_term_string"}}],"inLanguage":"sk-SK"},{"@type":"Organization","@id":"https:\/\/tene.ee\/sk\/#organization","name":"Tene.ee","url":"https:\/\/tene.ee\/sk\/","logo":{"@type":"ImageObject","inLanguage":"sk-SK","@id":"https:\/\/tene.ee\/sk\/#\/schema\/logo\/image\/","url":"https:\/\/tene.ee\/wp-content\/uploads\/2024\/12\/TENE-logo-2018-2.png","contentUrl":"https:\/\/tene.ee\/wp-content\/uploads\/2024\/12\/TENE-logo-2018-2.png","width":2339,"height":1654,"caption":"Tene.ee"},"image":{"@id":"https:\/\/tene.ee\/sk\/#\/schema\/logo\/image\/"},"sameAs":["https:\/\/www.facebook.com\/teneaiamajad"]}]}},"_links":{"self":[{"href":"https:\/\/tene.ee\/sk\/wp-json\/wp\/v2\/pages\/24567","targetHints":{"allow":["GET"]}}],"collection":[{"href":"https:\/\/tene.ee\/sk\/wp-json\/wp\/v2\/pages"}],"about":[{"href":"https:\/\/tene.ee\/sk\/wp-json\/wp\/v2\/types\/page"}],"author":[{"embeddable":true,"href":"https:\/\/tene.ee\/sk\/wp-json\/wp\/v2\/users\/1"}],"replies":[{"embeddable":true,"href":"https:\/\/tene.ee\/sk\/wp-json\/wp\/v2\/comments?post=24567"}],"version-history":[{"count":0,"href":"https:\/\/tene.ee\/sk\/wp-json\/wp\/v2\/pages\/24567\/revisions"}],"wp:attachment":[{"href":"https:\/\/tene.ee\/sk\/wp-json\/wp\/v2\/media?parent=24567"}],"curies":[{"name":"wp","href":"https:\/\/api.w.org\/{rel}","templated":true}]}}