{"id":65482,"date":"2024-11-12T14:05:50","date_gmt":"2024-11-12T12:05:50","guid":{"rendered":"https:\/\/tene.ee\/toode\/telheiro-de-madeira-margarida-25m2\/"},"modified":"2025-07-28T23:02:31","modified_gmt":"2025-07-28T20:02:31","slug":"telheiro-de-madeira-margarida-25m2","status":"publish","type":"product","link":"https:\/\/tene.ee\/pt-pt\/toode\/telheiro-de-madeira-margarida-25m2\/","title":{"rendered":"Galp\u00e3o de madeira Margarida 25m2"},"content":{"rendered":"<p>O conjunto de galp\u00e3o de madeira Tene Daisy 25m2 inclui: parede 40 x 143 mm vigas 40 x 143 mm beirais e placas finais 40 x 143 mm aberturas de ventila\u00e7\u00e3o largura da parede frontal 5080 mm (comprimento da placa de parede 5260 mm) comprimento da parede lateral 4900 mm (comprimento da placa de parede 5080 mm) altura da parede lateral 1720 mm cumeeira 3260 mmcomprimento da cumeeira 5760 mm2 x porta dupla face 1518 x 1650 mm ripas impregnadas 45 x 70 mm ripas n\u00e3o aplainadas 32 x 125 mmferramentas para fixa\u00e7\u00e3o de telhado placa de perfil de 18mm de espessura Os pre\u00e7os s\u00e3o v\u00e1lidos na f\u00e1brica Tene armaz\u00e9m e inclui IVA. Os pre\u00e7os n\u00e3o incluem transporte do produto.<\/p>\n","protected":false},"excerpt":{"rendered":"<p>Daisy, um galp\u00e3o de madeira f\u00e1cil de montar e com paredes curvas, \u00e9 o local de armazenamento perfeito para lenha e ferramentas de jardim que n\u00e3o cabem ou n\u00e3o cabem em espa\u00e7os residenciais. O abrigo de madeira Daisy est\u00e1 dispon\u00edvel em v\u00e1rios tamanhos diferentes &#8211; basta escolher o que mais combina com voc\u00ea!\u00a0O pre\u00e7o inclui portas de madeira, fechos e desenho t\u00e9cnico.<br \/>\nO pre\u00e7o n\u00e3o inclui transporte e material de cobertura.<\/p>\n","protected":false},"featured_media":64069,"template":"","meta":{"_acf_changed":false},"product_brand":[],"product_cat":[595],"product_tag":[],"class_list":{"0":"post-65482","1":"product","2":"type-product","3":"status-publish","4":"has-post-thumbnail","6":"product_cat-telheiros-de-lenha","7":"product_shipping_class-390e-pt-pt-2","9":"first","10":"onbackorder","11":"sale","12":"purchasable","13":"product-type-variable","14":"has-default-attributes"},"acf":[],"yoast_head":"<!-- This site is optimized with the Yoast SEO plugin v27.5 - https:\/\/yoast.com\/product\/yoast-seo-wordpress\/ -->\n<title>Tene.ee - Galp\u00e3o de madeira Margarida 25m2<\/title>\n<meta name=\"description\" content=\"Tene.ee Galp\u00e3o de madeira Margarida 25m2\" \/>\n<meta name=\"robots\" content=\"index, follow, max-snippet:-1, max-image-preview:large, max-video-preview:-1\" \/>\n<link rel=\"canonical\" href=\"https:\/\/tene.ee\/pt-pt\/toode\/telheiro-de-madeira-margarida-25m2\/\" \/>\n<meta property=\"og:locale\" content=\"pt_PT\" \/>\n<meta property=\"og:type\" content=\"article\" \/>\n<meta property=\"og:title\" content=\"Tene.ee - Galp\u00e3o de madeira Margarida 25m2\" \/>\n<meta property=\"og:description\" content=\"Tene.ee Galp\u00e3o de madeira Margarida 25m2\" \/>\n<meta property=\"og:url\" content=\"https:\/\/tene.ee\/pt-pt\/toode\/telheiro-de-madeira-margarida-25m2\/\" \/>\n<meta property=\"og:site_name\" content=\"Tene.ee\" \/>\n<meta property=\"article:publisher\" content=\"https:\/\/www.facebook.com\/teneaiamajad\" \/>\n<meta property=\"article:modified_time\" content=\"2025-07-28T20:02:31+00:00\" \/>\n<meta property=\"og:image\" content=\"http:\/\/tene.ee\/wp-content\/uploads\/2024\/11\/Daisy_20A-1024x683.jpg\" \/>\n\t<meta property=\"og:image:width\" content=\"1024\" \/>\n\t<meta property=\"og:image:height\" content=\"683\" \/>\n\t<meta property=\"og:image:type\" content=\"image\/jpeg\" \/>\n<meta name=\"twitter:card\" content=\"summary_large_image\" \/>\n<meta name=\"twitter:label1\" content=\"Tempo estimado de leitura\" \/>\n\t<meta name=\"twitter:data1\" content=\"1 minuto\" \/>\n<script type=\"application\/ld+json\" class=\"yoast-schema-graph\">{\"@context\":\"https:\\\/\\\/schema.org\",\"@graph\":[{\"@type\":\"WebPage\",\"@id\":\"https:\\\/\\\/tene.ee\\\/pt-pt\\\/toode\\\/telheiro-de-madeira-margarida-25m2\\\/\",\"url\":\"https:\\\/\\\/tene.ee\\\/pt-pt\\\/toode\\\/telheiro-de-madeira-margarida-25m2\\\/\",\"name\":\"Tene.ee - Galp\u00e3o de madeira Margarida 25m2\",\"isPartOf\":{\"@id\":\"https:\\\/\\\/tene.ee\\\/pt-pt\\\/#website\"},\"primaryImageOfPage\":{\"@id\":\"https:\\\/\\\/tene.ee\\\/pt-pt\\\/toode\\\/telheiro-de-madeira-margarida-25m2\\\/#primaryimage\"},\"image\":{\"@id\":\"https:\\\/\\\/tene.ee\\\/pt-pt\\\/toode\\\/telheiro-de-madeira-margarida-25m2\\\/#primaryimage\"},\"thumbnailUrl\":\"https:\\\/\\\/tene.ee\\\/wp-content\\\/uploads\\\/2024\\\/11\\\/Daisy_20A.jpg\",\"datePublished\":\"2024-11-12T12:05:50+00:00\",\"dateModified\":\"2025-07-28T20:02:31+00:00\",\"description\":\"Tene.ee Galp\u00e3o de madeira Margarida 25m2\",\"breadcrumb\":{\"@id\":\"https:\\\/\\\/tene.ee\\\/pt-pt\\\/toode\\\/telheiro-de-madeira-margarida-25m2\\\/#breadcrumb\"},\"inLanguage\":\"pt-PT\",\"potentialAction\":[{\"@type\":\"ReadAction\",\"target\":[\"https:\\\/\\\/tene.ee\\\/pt-pt\\\/toode\\\/telheiro-de-madeira-margarida-25m2\\\/\"]}]},{\"@type\":\"ImageObject\",\"inLanguage\":\"pt-PT\",\"@id\":\"https:\\\/\\\/tene.ee\\\/pt-pt\\\/toode\\\/telheiro-de-madeira-margarida-25m2\\\/#primaryimage\",\"url\":\"https:\\\/\\\/tene.ee\\\/wp-content\\\/uploads\\\/2024\\\/11\\\/Daisy_20A.jpg\",\"contentUrl\":\"https:\\\/\\\/tene.ee\\\/wp-content\\\/uploads\\\/2024\\\/11\\\/Daisy_20A.jpg\",\"width\":2500,\"height\":1667},{\"@type\":\"BreadcrumbList\",\"@id\":\"https:\\\/\\\/tene.ee\\\/pt-pt\\\/toode\\\/telheiro-de-madeira-margarida-25m2\\\/#breadcrumb\",\"itemListElement\":[{\"@type\":\"ListItem\",\"position\":1,\"name\":\"Avaleht\",\"item\":\"https:\\\/\\\/tene.ee\\\/pt-pt\\\/\"},{\"@type\":\"ListItem\",\"position\":2,\"name\":\"Todos os produtos\",\"item\":\"http:\\\/\\\/tene.ee\\\/pt-pt\\\/koik-tooted\\\/\"},{\"@type\":\"ListItem\",\"position\":3,\"name\":\"Galp\u00e3o de madeira Margarida 25m2\"}]},{\"@type\":\"WebSite\",\"@id\":\"https:\\\/\\\/tene.ee\\\/pt-pt\\\/#website\",\"url\":\"https:\\\/\\\/tene.ee\\\/pt-pt\\\/\",\"name\":\"Tene.ee - Kaunite hetkede jaoks sinu aias\",\"description\":\"Tene.ee - parimad puit- ja aiamajad otse tootjalt\",\"publisher\":{\"@id\":\"https:\\\/\\\/tene.ee\\\/pt-pt\\\/#organization\"},\"alternateName\":\"Tene.ee\",\"potentialAction\":[{\"@type\":\"SearchAction\",\"target\":{\"@type\":\"EntryPoint\",\"urlTemplate\":\"https:\\\/\\\/tene.ee\\\/pt-pt\\\/?s={search_term_string}\"},\"query-input\":{\"@type\":\"PropertyValueSpecification\",\"valueRequired\":true,\"valueName\":\"search_term_string\"}}],\"inLanguage\":\"pt-PT\"},{\"@type\":\"Organization\",\"@id\":\"https:\\\/\\\/tene.ee\\\/pt-pt\\\/#organization\",\"name\":\"Tene.ee\",\"url\":\"https:\\\/\\\/tene.ee\\\/pt-pt\\\/\",\"logo\":{\"@type\":\"ImageObject\",\"inLanguage\":\"pt-PT\",\"@id\":\"https:\\\/\\\/tene.ee\\\/pt-pt\\\/#\\\/schema\\\/logo\\\/image\\\/\",\"url\":\"https:\\\/\\\/tene.ee\\\/wp-content\\\/uploads\\\/2024\\\/12\\\/TENE-logo-2018-2.png\",\"contentUrl\":\"https:\\\/\\\/tene.ee\\\/wp-content\\\/uploads\\\/2024\\\/12\\\/TENE-logo-2018-2.png\",\"width\":2339,\"height\":1654,\"caption\":\"Tene.ee\"},\"image\":{\"@id\":\"https:\\\/\\\/tene.ee\\\/pt-pt\\\/#\\\/schema\\\/logo\\\/image\\\/\"},\"sameAs\":[\"https:\\\/\\\/www.facebook.com\\\/teneaiamajad\"]}]}<\/script>\n<!-- \/ Yoast SEO plugin. -->","yoast_head_json":{"title":"Tene.ee - Galp\u00e3o de madeira Margarida 25m2","description":"Tene.ee Galp\u00e3o de madeira Margarida 25m2","robots":{"index":"index","follow":"follow","max-snippet":"max-snippet:-1","max-image-preview":"max-image-preview:large","max-video-preview":"max-video-preview:-1"},"canonical":"https:\/\/tene.ee\/pt-pt\/toode\/telheiro-de-madeira-margarida-25m2\/","og_locale":"pt_PT","og_type":"article","og_title":"Tene.ee - Galp\u00e3o de madeira Margarida 25m2","og_description":"Tene.ee Galp\u00e3o de madeira Margarida 25m2","og_url":"https:\/\/tene.ee\/pt-pt\/toode\/telheiro-de-madeira-margarida-25m2\/","og_site_name":"Tene.ee","article_publisher":"https:\/\/www.facebook.com\/teneaiamajad","article_modified_time":"2025-07-28T20:02:31+00:00","og_image":[{"width":1024,"height":683,"url":"http:\/\/tene.ee\/wp-content\/uploads\/2024\/11\/Daisy_20A-1024x683.jpg","type":"image\/jpeg"}],"twitter_card":"summary_large_image","twitter_misc":{"Tempo estimado de leitura":"1 minuto"},"schema":{"@context":"https:\/\/schema.org","@graph":[{"@type":"WebPage","@id":"https:\/\/tene.ee\/pt-pt\/toode\/telheiro-de-madeira-margarida-25m2\/","url":"https:\/\/tene.ee\/pt-pt\/toode\/telheiro-de-madeira-margarida-25m2\/","name":"Tene.ee - Galp\u00e3o de madeira Margarida 25m2","isPartOf":{"@id":"https:\/\/tene.ee\/pt-pt\/#website"},"primaryImageOfPage":{"@id":"https:\/\/tene.ee\/pt-pt\/toode\/telheiro-de-madeira-margarida-25m2\/#primaryimage"},"image":{"@id":"https:\/\/tene.ee\/pt-pt\/toode\/telheiro-de-madeira-margarida-25m2\/#primaryimage"},"thumbnailUrl":"https:\/\/tene.ee\/wp-content\/uploads\/2024\/11\/Daisy_20A.jpg","datePublished":"2024-11-12T12:05:50+00:00","dateModified":"2025-07-28T20:02:31+00:00","description":"Tene.ee Galp\u00e3o de madeira Margarida 25m2","breadcrumb":{"@id":"https:\/\/tene.ee\/pt-pt\/toode\/telheiro-de-madeira-margarida-25m2\/#breadcrumb"},"inLanguage":"pt-PT","potentialAction":[{"@type":"ReadAction","target":["https:\/\/tene.ee\/pt-pt\/toode\/telheiro-de-madeira-margarida-25m2\/"]}]},{"@type":"ImageObject","inLanguage":"pt-PT","@id":"https:\/\/tene.ee\/pt-pt\/toode\/telheiro-de-madeira-margarida-25m2\/#primaryimage","url":"https:\/\/tene.ee\/wp-content\/uploads\/2024\/11\/Daisy_20A.jpg","contentUrl":"https:\/\/tene.ee\/wp-content\/uploads\/2024\/11\/Daisy_20A.jpg","width":2500,"height":1667},{"@type":"BreadcrumbList","@id":"https:\/\/tene.ee\/pt-pt\/toode\/telheiro-de-madeira-margarida-25m2\/#breadcrumb","itemListElement":[{"@type":"ListItem","position":1,"name":"Avaleht","item":"https:\/\/tene.ee\/pt-pt\/"},{"@type":"ListItem","position":2,"name":"Todos os produtos","item":"http:\/\/tene.ee\/pt-pt\/koik-tooted\/"},{"@type":"ListItem","position":3,"name":"Galp\u00e3o de madeira Margarida 25m2"}]},{"@type":"WebSite","@id":"https:\/\/tene.ee\/pt-pt\/#website","url":"https:\/\/tene.ee\/pt-pt\/","name":"Tene.ee - Kaunite hetkede jaoks sinu aias","description":"Tene.ee - parimad puit- ja aiamajad otse tootjalt","publisher":{"@id":"https:\/\/tene.ee\/pt-pt\/#organization"},"alternateName":"Tene.ee","potentialAction":[{"@type":"SearchAction","target":{"@type":"EntryPoint","urlTemplate":"https:\/\/tene.ee\/pt-pt\/?s={search_term_string}"},"query-input":{"@type":"PropertyValueSpecification","valueRequired":true,"valueName":"search_term_string"}}],"inLanguage":"pt-PT"},{"@type":"Organization","@id":"https:\/\/tene.ee\/pt-pt\/#organization","name":"Tene.ee","url":"https:\/\/tene.ee\/pt-pt\/","logo":{"@type":"ImageObject","inLanguage":"pt-PT","@id":"https:\/\/tene.ee\/pt-pt\/#\/schema\/logo\/image\/","url":"https:\/\/tene.ee\/wp-content\/uploads\/2024\/12\/TENE-logo-2018-2.png","contentUrl":"https:\/\/tene.ee\/wp-content\/uploads\/2024\/12\/TENE-logo-2018-2.png","width":2339,"height":1654,"caption":"Tene.ee"},"image":{"@id":"https:\/\/tene.ee\/pt-pt\/#\/schema\/logo\/image\/"},"sameAs":["https:\/\/www.facebook.com\/teneaiamajad"]}]}},"_links":{"self":[{"href":"https:\/\/tene.ee\/pt-pt\/wp-json\/wp\/v2\/product\/65482","targetHints":{"allow":["GET"]}}],"collection":[{"href":"https:\/\/tene.ee\/pt-pt\/wp-json\/wp\/v2\/product"}],"about":[{"href":"https:\/\/tene.ee\/pt-pt\/wp-json\/wp\/v2\/types\/product"}],"wp:featuredmedia":[{"embeddable":true,"href":"https:\/\/tene.ee\/pt-pt\/wp-json\/wp\/v2\/media\/64069"}],"wp:attachment":[{"href":"https:\/\/tene.ee\/pt-pt\/wp-json\/wp\/v2\/media?parent=65482"}],"wp:term":[{"taxonomy":"product_brand","embeddable":true,"href":"https:\/\/tene.ee\/pt-pt\/wp-json\/wp\/v2\/product_brand?post=65482"},{"taxonomy":"product_cat","embeddable":true,"href":"https:\/\/tene.ee\/pt-pt\/wp-json\/wp\/v2\/product_cat?post=65482"},{"taxonomy":"product_tag","embeddable":true,"href":"https:\/\/tene.ee\/pt-pt\/wp-json\/wp\/v2\/product_tag?post=65482"}],"curies":[{"name":"wp","href":"https:\/\/api.w.org\/{rel}","templated":true}]}}