{"id":19732,"date":"2024-07-12T16:18:18","date_gmt":"2024-07-12T13:18:18","guid":{"rendered":"https:\/\/tene.ee\/toode\/aiamaja-enzo-b-uks-ja-aknad-klaaspaketiga\/"},"modified":"2026-04-10T02:14:49","modified_gmt":"2026-04-09T23:14:49","slug":"aiamaja-enzo-b-uks-ja-aknad-klaaspaketiga-2","status":"publish","type":"product","link":"https:\/\/tene.ee\/pt-pt\/toode\/aiamaja-enzo-b-uks-ja-aknad-klaaspaketiga-2\/","title":{"rendered":"Aiamaja Enzo B, uks ja aknad klaaspaketiga"},"content":{"rendered":"<p>Tene aia- ja puitmajade tehases toodetud 40 mm aiamajade, palkmajade, varjualuste, paviljonide, saunade, suvemajade, grillkodade ja puidust garaa\u017eide komplekti kuuluvad uksed, aknad (s\u00f5ltuvalt mudelist v\u00f5ib toote komplekti kuuluda mitte \u00fchtegi, \u00fcks v\u00f5i mitu akent), p\u00f5rand, kinnitusvahendid ja paigaldusjuhend, mis teeb aiamaja ehitamise lihtsaks ja v\u00e4he aegan\u00f5udvaks.<\/p>\n<p><strong>Tene 40 millimeetrise seinapaksusega aiamaja komplekti vastavalt mudelile kuulub:<\/strong><\/p>\n<ul>\n<li>Puitmaterjalina kasutatud 100% p\u00f5hjamaine kvaliteetne kuusk<\/li>\n<li>Erikuivast liimpuidust (8%-12%) toodetud topeltuks ja aknad<\/li>\n<li>Klaaspaketiga topeltuks, sisaldab furnituuri<\/li>\n<li>Klaaspaketiga aknad (\u00fcks aken p\u00f6\u00f6rdkaldavatav, topeltakna \u00fcks pool p\u00f6\u00f6rdkaldavatav ja teine pool p\u00f6\u00f6rdavatav), sisaldavad furnituuri<\/li>\n<li>P\u00f5rand ja lagi, valmistatud 18 mm paksusest profiillauast<\/li>\n<li>Autoklaavis immutatud puidust vundamendiprussid<\/li>\n<li>Tormiliistud<\/li>\n<li>Kinnitusvahendeid (naelad ja kruvid)<\/li>\n<li>Paigaldusjuhend<\/li>\n<\/ul>\n<p><strong>Hinnad sisaldavad k\u00e4ibemaksu.<\/strong><br \/>\n<strong>Hinnad ei sisalda toote transporti.<\/strong><\/p>\n","protected":false},"excerpt":{"rendered":"<p>Hinnas liimpuidust klaaspaketiga topeltuks ja klaaspaketiga aknad, roostevabast plekist l\u00e4vepakk, p\u00f5rand, immutatud vundamendiprussid, kinnitusvahendid ja paigaldusjuhend.<\/p>\n<p><strong>Hind ei sisalda transporti ja katusekatte materjali.<\/strong><\/p>\n","protected":false},"featured_media":19733,"template":"","meta":{"_acf_changed":false},"product_brand":[],"product_cat":[588,590,602],"product_tag":[],"class_list":{"0":"post-19732","1":"product","2":"type-product","3":"status-publish","4":"has-post-thumbnail","6":"product_cat-casas-de-jardim","7":"product_cat-casas-de-jardim-40-mm","8":"product_cat-disponivel-imediatamente","9":"product_shipping_class-390e-pt-pt-2","10":"pa_iseloomustus-1-quarto","11":"pa_iseloomustus-uma-casa-quadrada","12":"pa_katuse-tuup-telhado-inclinado-pt","13":"pa_pindala-10-20-m2-pt-pt","14":"pa_seina-paksus-40-mm-pt-pt","16":"first","17":"instock","18":"sale","19":"purchasable","20":"product-type-simple"},"acf":[],"yoast_head":"<!-- This site is optimized with the Yoast SEO plugin v27.3 - https:\/\/yoast.com\/product\/yoast-seo-wordpress\/ -->\n<title>Tene.ee - Aiamaja Enzo B, uks ja aknad klaaspaketiga<\/title>\n<meta name=\"description\" content=\"Tene.ee Aiamaja Enzo B, uks ja aknad klaaspaketiga\" \/>\n<meta name=\"robots\" content=\"index, follow, max-snippet:-1, max-image-preview:large, max-video-preview:-1\" \/>\n<link rel=\"canonical\" href=\"https:\/\/tene.ee\/pt-pt\/toode\/aiamaja-enzo-b-uks-ja-aknad-klaaspaketiga-2\/\" \/>\n<meta property=\"og:locale\" content=\"pt_PT\" \/>\n<meta property=\"og:type\" content=\"article\" \/>\n<meta property=\"og:title\" content=\"Tene.ee - Aiamaja Enzo B, uks ja aknad klaaspaketiga\" \/>\n<meta property=\"og:description\" content=\"Tene.ee Aiamaja Enzo B, uks ja aknad klaaspaketiga\" \/>\n<meta property=\"og:url\" content=\"https:\/\/tene.ee\/pt-pt\/toode\/aiamaja-enzo-b-uks-ja-aknad-klaaspaketiga-2\/\" \/>\n<meta property=\"og:site_name\" content=\"Tene.ee\" \/>\n<meta property=\"article:publisher\" content=\"https:\/\/www.facebook.com\/teneaiamajad\" \/>\n<meta property=\"article:modified_time\" content=\"2026-04-09T23:14:49+00:00\" \/>\n<meta property=\"og:image\" content=\"https:\/\/tene.ee\/wp-content\/uploads\/2024\/07\/EnzoB_40.jpg\" \/>\n\t<meta property=\"og:image:width\" content=\"2500\" \/>\n\t<meta property=\"og:image:height\" content=\"1667\" \/>\n\t<meta property=\"og:image:type\" content=\"image\/jpeg\" \/>\n<meta name=\"twitter:card\" content=\"summary_large_image\" \/>\n<meta name=\"twitter:label1\" content=\"Tempo estimado de leitura\" \/>\n\t<meta name=\"twitter:data1\" content=\"1 minuto\" \/>\n<script type=\"application\/ld+json\" class=\"yoast-schema-graph\">{\"@context\":\"https:\\\/\\\/schema.org\",\"@graph\":[{\"@type\":\"WebPage\",\"@id\":\"https:\\\/\\\/tene.ee\\\/pt-pt\\\/toode\\\/aiamaja-enzo-b-uks-ja-aknad-klaaspaketiga-2\\\/\",\"url\":\"https:\\\/\\\/tene.ee\\\/pt-pt\\\/toode\\\/aiamaja-enzo-b-uks-ja-aknad-klaaspaketiga-2\\\/\",\"name\":\"Tene.ee - Aiamaja Enzo B, uks ja aknad klaaspaketiga\",\"isPartOf\":{\"@id\":\"https:\\\/\\\/tene.ee\\\/pt-pt\\\/#website\"},\"primaryImageOfPage\":{\"@id\":\"https:\\\/\\\/tene.ee\\\/pt-pt\\\/toode\\\/aiamaja-enzo-b-uks-ja-aknad-klaaspaketiga-2\\\/#primaryimage\"},\"image\":{\"@id\":\"https:\\\/\\\/tene.ee\\\/pt-pt\\\/toode\\\/aiamaja-enzo-b-uks-ja-aknad-klaaspaketiga-2\\\/#primaryimage\"},\"thumbnailUrl\":\"https:\\\/\\\/tene.ee\\\/wp-content\\\/uploads\\\/2024\\\/07\\\/EnzoB_40.jpg\",\"datePublished\":\"2024-07-12T13:18:18+00:00\",\"dateModified\":\"2026-04-09T23:14:49+00:00\",\"description\":\"Tene.ee Aiamaja Enzo B, uks ja aknad klaaspaketiga\",\"breadcrumb\":{\"@id\":\"https:\\\/\\\/tene.ee\\\/pt-pt\\\/toode\\\/aiamaja-enzo-b-uks-ja-aknad-klaaspaketiga-2\\\/#breadcrumb\"},\"inLanguage\":\"pt-PT\",\"potentialAction\":[{\"@type\":\"ReadAction\",\"target\":[\"https:\\\/\\\/tene.ee\\\/pt-pt\\\/toode\\\/aiamaja-enzo-b-uks-ja-aknad-klaaspaketiga-2\\\/\"]}]},{\"@type\":\"ImageObject\",\"inLanguage\":\"pt-PT\",\"@id\":\"https:\\\/\\\/tene.ee\\\/pt-pt\\\/toode\\\/aiamaja-enzo-b-uks-ja-aknad-klaaspaketiga-2\\\/#primaryimage\",\"url\":\"https:\\\/\\\/tene.ee\\\/wp-content\\\/uploads\\\/2024\\\/07\\\/EnzoB_40.jpg\",\"contentUrl\":\"https:\\\/\\\/tene.ee\\\/wp-content\\\/uploads\\\/2024\\\/07\\\/EnzoB_40.jpg\",\"width\":2500,\"height\":1667},{\"@type\":\"BreadcrumbList\",\"@id\":\"https:\\\/\\\/tene.ee\\\/pt-pt\\\/toode\\\/aiamaja-enzo-b-uks-ja-aknad-klaaspaketiga-2\\\/#breadcrumb\",\"itemListElement\":[{\"@type\":\"ListItem\",\"position\":1,\"name\":\"Avaleht\",\"item\":\"https:\\\/\\\/tene.ee\\\/pt-pt\\\/\"},{\"@type\":\"ListItem\",\"position\":2,\"name\":\"Todos os produtos\",\"item\":\"http:\\\/\\\/tene.ee\\\/pt-pt\\\/koik-tooted\\\/\"},{\"@type\":\"ListItem\",\"position\":3,\"name\":\"Aiamaja Enzo B, uks ja aknad klaaspaketiga\"}]},{\"@type\":\"WebSite\",\"@id\":\"https:\\\/\\\/tene.ee\\\/pt-pt\\\/#website\",\"url\":\"https:\\\/\\\/tene.ee\\\/pt-pt\\\/\",\"name\":\"Tene.ee - Kaunite hetkede jaoks sinu aias\",\"description\":\"Tene.ee - parimad puit- ja aiamajad otse tootjalt\",\"publisher\":{\"@id\":\"https:\\\/\\\/tene.ee\\\/pt-pt\\\/#organization\"},\"alternateName\":\"Tene.ee\",\"potentialAction\":[{\"@type\":\"SearchAction\",\"target\":{\"@type\":\"EntryPoint\",\"urlTemplate\":\"https:\\\/\\\/tene.ee\\\/pt-pt\\\/?s={search_term_string}\"},\"query-input\":{\"@type\":\"PropertyValueSpecification\",\"valueRequired\":true,\"valueName\":\"search_term_string\"}}],\"inLanguage\":\"pt-PT\"},{\"@type\":\"Organization\",\"@id\":\"https:\\\/\\\/tene.ee\\\/pt-pt\\\/#organization\",\"name\":\"Tene.ee\",\"url\":\"https:\\\/\\\/tene.ee\\\/pt-pt\\\/\",\"logo\":{\"@type\":\"ImageObject\",\"inLanguage\":\"pt-PT\",\"@id\":\"https:\\\/\\\/tene.ee\\\/pt-pt\\\/#\\\/schema\\\/logo\\\/image\\\/\",\"url\":\"https:\\\/\\\/tene.ee\\\/wp-content\\\/uploads\\\/2024\\\/12\\\/TENE-logo-2018-2.png\",\"contentUrl\":\"https:\\\/\\\/tene.ee\\\/wp-content\\\/uploads\\\/2024\\\/12\\\/TENE-logo-2018-2.png\",\"width\":2339,\"height\":1654,\"caption\":\"Tene.ee\"},\"image\":{\"@id\":\"https:\\\/\\\/tene.ee\\\/pt-pt\\\/#\\\/schema\\\/logo\\\/image\\\/\"},\"sameAs\":[\"https:\\\/\\\/www.facebook.com\\\/teneaiamajad\"]}]}<\/script>\n<!-- \/ Yoast SEO plugin. -->","yoast_head_json":{"title":"Tene.ee - Aiamaja Enzo B, uks ja aknad klaaspaketiga","description":"Tene.ee Aiamaja Enzo B, uks ja aknad klaaspaketiga","robots":{"index":"index","follow":"follow","max-snippet":"max-snippet:-1","max-image-preview":"max-image-preview:large","max-video-preview":"max-video-preview:-1"},"canonical":"https:\/\/tene.ee\/pt-pt\/toode\/aiamaja-enzo-b-uks-ja-aknad-klaaspaketiga-2\/","og_locale":"pt_PT","og_type":"article","og_title":"Tene.ee - Aiamaja Enzo B, uks ja aknad klaaspaketiga","og_description":"Tene.ee Aiamaja Enzo B, uks ja aknad klaaspaketiga","og_url":"https:\/\/tene.ee\/pt-pt\/toode\/aiamaja-enzo-b-uks-ja-aknad-klaaspaketiga-2\/","og_site_name":"Tene.ee","article_publisher":"https:\/\/www.facebook.com\/teneaiamajad","article_modified_time":"2026-04-09T23:14:49+00:00","og_image":[{"width":2500,"height":1667,"url":"https:\/\/tene.ee\/wp-content\/uploads\/2024\/07\/EnzoB_40.jpg","type":"image\/jpeg"}],"twitter_card":"summary_large_image","twitter_misc":{"Tempo estimado de leitura":"1 minuto"},"schema":{"@context":"https:\/\/schema.org","@graph":[{"@type":"WebPage","@id":"https:\/\/tene.ee\/pt-pt\/toode\/aiamaja-enzo-b-uks-ja-aknad-klaaspaketiga-2\/","url":"https:\/\/tene.ee\/pt-pt\/toode\/aiamaja-enzo-b-uks-ja-aknad-klaaspaketiga-2\/","name":"Tene.ee - Aiamaja Enzo B, uks ja aknad klaaspaketiga","isPartOf":{"@id":"https:\/\/tene.ee\/pt-pt\/#website"},"primaryImageOfPage":{"@id":"https:\/\/tene.ee\/pt-pt\/toode\/aiamaja-enzo-b-uks-ja-aknad-klaaspaketiga-2\/#primaryimage"},"image":{"@id":"https:\/\/tene.ee\/pt-pt\/toode\/aiamaja-enzo-b-uks-ja-aknad-klaaspaketiga-2\/#primaryimage"},"thumbnailUrl":"https:\/\/tene.ee\/wp-content\/uploads\/2024\/07\/EnzoB_40.jpg","datePublished":"2024-07-12T13:18:18+00:00","dateModified":"2026-04-09T23:14:49+00:00","description":"Tene.ee Aiamaja Enzo B, uks ja aknad klaaspaketiga","breadcrumb":{"@id":"https:\/\/tene.ee\/pt-pt\/toode\/aiamaja-enzo-b-uks-ja-aknad-klaaspaketiga-2\/#breadcrumb"},"inLanguage":"pt-PT","potentialAction":[{"@type":"ReadAction","target":["https:\/\/tene.ee\/pt-pt\/toode\/aiamaja-enzo-b-uks-ja-aknad-klaaspaketiga-2\/"]}]},{"@type":"ImageObject","inLanguage":"pt-PT","@id":"https:\/\/tene.ee\/pt-pt\/toode\/aiamaja-enzo-b-uks-ja-aknad-klaaspaketiga-2\/#primaryimage","url":"https:\/\/tene.ee\/wp-content\/uploads\/2024\/07\/EnzoB_40.jpg","contentUrl":"https:\/\/tene.ee\/wp-content\/uploads\/2024\/07\/EnzoB_40.jpg","width":2500,"height":1667},{"@type":"BreadcrumbList","@id":"https:\/\/tene.ee\/pt-pt\/toode\/aiamaja-enzo-b-uks-ja-aknad-klaaspaketiga-2\/#breadcrumb","itemListElement":[{"@type":"ListItem","position":1,"name":"Avaleht","item":"https:\/\/tene.ee\/pt-pt\/"},{"@type":"ListItem","position":2,"name":"Todos os produtos","item":"http:\/\/tene.ee\/pt-pt\/koik-tooted\/"},{"@type":"ListItem","position":3,"name":"Aiamaja Enzo B, uks ja aknad klaaspaketiga"}]},{"@type":"WebSite","@id":"https:\/\/tene.ee\/pt-pt\/#website","url":"https:\/\/tene.ee\/pt-pt\/","name":"Tene.ee - Kaunite hetkede jaoks sinu aias","description":"Tene.ee - parimad puit- ja aiamajad otse tootjalt","publisher":{"@id":"https:\/\/tene.ee\/pt-pt\/#organization"},"alternateName":"Tene.ee","potentialAction":[{"@type":"SearchAction","target":{"@type":"EntryPoint","urlTemplate":"https:\/\/tene.ee\/pt-pt\/?s={search_term_string}"},"query-input":{"@type":"PropertyValueSpecification","valueRequired":true,"valueName":"search_term_string"}}],"inLanguage":"pt-PT"},{"@type":"Organization","@id":"https:\/\/tene.ee\/pt-pt\/#organization","name":"Tene.ee","url":"https:\/\/tene.ee\/pt-pt\/","logo":{"@type":"ImageObject","inLanguage":"pt-PT","@id":"https:\/\/tene.ee\/pt-pt\/#\/schema\/logo\/image\/","url":"https:\/\/tene.ee\/wp-content\/uploads\/2024\/12\/TENE-logo-2018-2.png","contentUrl":"https:\/\/tene.ee\/wp-content\/uploads\/2024\/12\/TENE-logo-2018-2.png","width":2339,"height":1654,"caption":"Tene.ee"},"image":{"@id":"https:\/\/tene.ee\/pt-pt\/#\/schema\/logo\/image\/"},"sameAs":["https:\/\/www.facebook.com\/teneaiamajad"]}]}},"_links":{"self":[{"href":"https:\/\/tene.ee\/pt-pt\/wp-json\/wp\/v2\/product\/19732","targetHints":{"allow":["GET"]}}],"collection":[{"href":"https:\/\/tene.ee\/pt-pt\/wp-json\/wp\/v2\/product"}],"about":[{"href":"https:\/\/tene.ee\/pt-pt\/wp-json\/wp\/v2\/types\/product"}],"wp:featuredmedia":[{"embeddable":true,"href":"https:\/\/tene.ee\/pt-pt\/wp-json\/wp\/v2\/media\/19733"}],"wp:attachment":[{"href":"https:\/\/tene.ee\/pt-pt\/wp-json\/wp\/v2\/media?parent=19732"}],"wp:term":[{"taxonomy":"product_brand","embeddable":true,"href":"https:\/\/tene.ee\/pt-pt\/wp-json\/wp\/v2\/product_brand?post=19732"},{"taxonomy":"product_cat","embeddable":true,"href":"https:\/\/tene.ee\/pt-pt\/wp-json\/wp\/v2\/product_cat?post=19732"},{"taxonomy":"product_tag","embeddable":true,"href":"https:\/\/tene.ee\/pt-pt\/wp-json\/wp\/v2\/product_tag?post=19732"}],"curies":[{"name":"wp","href":"https:\/\/api.w.org\/{rel}","templated":true}]}}