{"id":19555,"date":"2024-07-12T16:20:40","date_gmt":"2024-07-12T13:20:40","guid":{"rendered":"https:\/\/tene.ee\/toode\/kumblustunn-premium-o-207-beez-graniit-kaanega\/"},"modified":"2026-04-10T02:10:48","modified_gmt":"2026-04-09T23:10:48","slug":"kumblustunn-premium-o-207-beez-graniit-kaanega","status":"publish","type":"product","link":"https:\/\/tene.ee\/pt-pt\/toode\/kumblustunn-premium-o-207-beez-graniit-kaanega\/","title":{"rendered":"K\u00fcmblust\u00fcnn Premium, \u00d8 207 bee\u017e graniit kaanega"},"content":{"rendered":"<p>Rotatsioonivalu meetodil on PE-plastikust (pol\u00fcet\u00fcleenplastikust) valmistatud k\u00fcmblust\u00fcnni sisu ja kaas, sisse valatud istumisalus on soojustatud 40 cm paksuse vahtpol\u00fcst\u00fcrooliga.<\/p>\n<p>Valatud PE-plastikust siseosa on v\u00e4ga lihtne puhastada, k\u00fcmblust\u00fcnn on varustatud trapiga ja kraaniga vee\u00e4ravoolutoruga. K\u00fcmblust\u00fcnn koos kaanega on v\u00e4ga vastupidav ilmastikutingimustele, ei karda ei sooja ega k\u00fclma. T\u00e4nu k\u00fcmblust\u00fcnni kaanele soojeneb k\u00fcmblust\u00fcnni vesi kiiremini ja suletud kaanega k\u00fcmblust\u00fcnni vette ei satu prahti ega sodi.<\/p>\n<p>Merealumiiniumist v\u00e4list k\u00fcmblust\u00fcnni ahju on v\u00f5imalik k\u00fctta kuni 50 cm pikkade puudega, sellisel juhul on vee soojenemise aeg ca 3-3,5 tundi, puitbriketiga k\u00fcttes on vee soojendamiseks vajaminev aeg ca 1 tunni v\u00f5rra l\u00fchem ehk siis 2,5-3,5 tundi, briketi kulu k\u00fctmiseks on ca 25 kg. T\u00fcnnisauna soojaks k\u00fctmise aeg s\u00f5ltub lisaks ka aastaajast, mist\u00f5ttu talvel v\u00f5ib k\u00fctmise aeg olla oluliselt pikem v\u00f5rreldes suvise ajaga, kus t\u00fcnn soojeneb kiiremini.<\/p>\n","protected":false},"excerpt":{"rendered":"<p>Kaanega k\u00fcmblust\u00fcnn kuni 8-le inimesele.<\/p>\n<ul>\n<li>K\u00fcmblust\u00fcnni v\u00e4line \u00d8 207 cm<\/li>\n<li>K\u00fcmblust\u00fcnni v\u00e4line diameeter koos kaanega 215 cm<\/li>\n<li>Vee kogus t\u00fcnnis 1650 L<\/li>\n<li>K\u00fcmblust\u00fcnni k\u00f5rgus maapinnast 119 cm<\/li>\n<li>K\u00fcmblust\u00fcnni k\u00f5rgus maapinnast koos kaanega 145 cm<\/li>\n<li>Merealumiiniumist v\u00e4line ahi (m\u00f5\u00f5dud 65 x 42 x 62 cm)<\/li>\n<li>Korstna pikkus 200 cm<\/li>\n<li>Puidust \u00fcmbris viimistletud puiduvahaga<\/li>\n<li>Sisu ja kaane v\u00e4rvitoon on bee\u017e graniit<\/li>\n<li>Vee \u00e4ravool koos kraaniga<\/li>\n<li>K\u00fctteaeg veele temperatuuriga 5-38\u00b0 50cm pikkuste puudega ca 4-4,5 tundi (puitbriketiga k\u00fcttes ca 3-3,5 tundi)<\/li>\n<li>K\u00fcmblust\u00fcnni kaal koos ahjuga ca 300 kg<\/li>\n<li>K\u00fcmblust\u00fcnni aluskarkass on 45 x 70 cm immutatud puidust<\/li>\n<\/ul>\n<p><strong>Hinnad sisaldavad k\u00e4ibemaksu.<\/strong><br \/>\n<strong>Hinnad ei sisalda toote transporti.<\/strong><\/p>\n","protected":false},"featured_media":19557,"template":"","meta":{"_acf_changed":false},"product_brand":[],"product_cat":[603,602],"product_tag":[],"class_list":{"0":"post-19555","1":"product","2":"type-product","3":"status-publish","4":"has-post-thumbnail","6":"product_cat-banheiras-de-hidromassagem","7":"product_cat-disponivel-imediatamente","8":"pa_kumblustunni-diameeter-207-cm-pt-pt","10":"first","11":"onbackorder","12":"sale","13":"purchasable","14":"product-type-simple"},"acf":[],"yoast_head":"<!-- This site is optimized with the Yoast SEO plugin v27.3 - https:\/\/yoast.com\/product\/yoast-seo-wordpress\/ -->\n<title>Tene.ee - K\u00fcmblust\u00fcnn Premium, \u00d8 207 bee\u017e graniit kaanega<\/title>\n<meta name=\"description\" content=\"Tene.ee K\u00fcmblust\u00fcnn Premium, \u00d8 207 bee\u017e graniit kaanega\" \/>\n<meta name=\"robots\" content=\"index, follow, max-snippet:-1, max-image-preview:large, max-video-preview:-1\" \/>\n<link rel=\"canonical\" href=\"https:\/\/tene.ee\/pt-pt\/toode\/kumblustunn-premium-o-207-beez-graniit-kaanega\/\" \/>\n<meta property=\"og:locale\" content=\"pt_PT\" \/>\n<meta property=\"og:type\" content=\"article\" \/>\n<meta property=\"og:title\" content=\"Tene.ee - K\u00fcmblust\u00fcnn Premium, \u00d8 207 bee\u017e graniit kaanega\" \/>\n<meta property=\"og:description\" content=\"Tene.ee K\u00fcmblust\u00fcnn Premium, \u00d8 207 bee\u017e graniit kaanega\" \/>\n<meta property=\"og:url\" content=\"https:\/\/tene.ee\/pt-pt\/toode\/kumblustunn-premium-o-207-beez-graniit-kaanega\/\" \/>\n<meta property=\"og:site_name\" content=\"Tene.ee\" \/>\n<meta property=\"article:publisher\" content=\"https:\/\/www.facebook.com\/teneaiamajad\" \/>\n<meta property=\"article:modified_time\" content=\"2026-04-09T23:10:48+00:00\" \/>\n<meta property=\"og:image\" content=\"https:\/\/tene.ee\/wp-content\/uploads\/2024\/07\/Kymblustynn_Premium207_beez.jpg\" \/>\n\t<meta property=\"og:image:width\" content=\"2500\" \/>\n\t<meta property=\"og:image:height\" content=\"1667\" \/>\n\t<meta property=\"og:image:type\" content=\"image\/jpeg\" \/>\n<meta name=\"twitter:card\" content=\"summary_large_image\" \/>\n<meta name=\"twitter:label1\" content=\"Tempo estimado de leitura\" \/>\n\t<meta name=\"twitter:data1\" content=\"1 minuto\" \/>\n<script type=\"application\/ld+json\" class=\"yoast-schema-graph\">{\"@context\":\"https:\\\/\\\/schema.org\",\"@graph\":[{\"@type\":\"WebPage\",\"@id\":\"https:\\\/\\\/tene.ee\\\/pt-pt\\\/toode\\\/kumblustunn-premium-o-207-beez-graniit-kaanega\\\/\",\"url\":\"https:\\\/\\\/tene.ee\\\/pt-pt\\\/toode\\\/kumblustunn-premium-o-207-beez-graniit-kaanega\\\/\",\"name\":\"Tene.ee - K\u00fcmblust\u00fcnn Premium, \u00d8 207 bee\u017e graniit kaanega\",\"isPartOf\":{\"@id\":\"https:\\\/\\\/tene.ee\\\/pt-pt\\\/#website\"},\"primaryImageOfPage\":{\"@id\":\"https:\\\/\\\/tene.ee\\\/pt-pt\\\/toode\\\/kumblustunn-premium-o-207-beez-graniit-kaanega\\\/#primaryimage\"},\"image\":{\"@id\":\"https:\\\/\\\/tene.ee\\\/pt-pt\\\/toode\\\/kumblustunn-premium-o-207-beez-graniit-kaanega\\\/#primaryimage\"},\"thumbnailUrl\":\"https:\\\/\\\/tene.ee\\\/wp-content\\\/uploads\\\/2024\\\/07\\\/Kymblustynn_Premium207_beez.jpg\",\"datePublished\":\"2024-07-12T13:20:40+00:00\",\"dateModified\":\"2026-04-09T23:10:48+00:00\",\"description\":\"Tene.ee K\u00fcmblust\u00fcnn Premium, \u00d8 207 bee\u017e graniit kaanega\",\"breadcrumb\":{\"@id\":\"https:\\\/\\\/tene.ee\\\/pt-pt\\\/toode\\\/kumblustunn-premium-o-207-beez-graniit-kaanega\\\/#breadcrumb\"},\"inLanguage\":\"pt-PT\",\"potentialAction\":[{\"@type\":\"ReadAction\",\"target\":[\"https:\\\/\\\/tene.ee\\\/pt-pt\\\/toode\\\/kumblustunn-premium-o-207-beez-graniit-kaanega\\\/\"]}]},{\"@type\":\"ImageObject\",\"inLanguage\":\"pt-PT\",\"@id\":\"https:\\\/\\\/tene.ee\\\/pt-pt\\\/toode\\\/kumblustunn-premium-o-207-beez-graniit-kaanega\\\/#primaryimage\",\"url\":\"https:\\\/\\\/tene.ee\\\/wp-content\\\/uploads\\\/2024\\\/07\\\/Kymblustynn_Premium207_beez.jpg\",\"contentUrl\":\"https:\\\/\\\/tene.ee\\\/wp-content\\\/uploads\\\/2024\\\/07\\\/Kymblustynn_Premium207_beez.jpg\",\"width\":2500,\"height\":1667},{\"@type\":\"BreadcrumbList\",\"@id\":\"https:\\\/\\\/tene.ee\\\/pt-pt\\\/toode\\\/kumblustunn-premium-o-207-beez-graniit-kaanega\\\/#breadcrumb\",\"itemListElement\":[{\"@type\":\"ListItem\",\"position\":1,\"name\":\"Avaleht\",\"item\":\"https:\\\/\\\/tene.ee\\\/pt-pt\\\/\"},{\"@type\":\"ListItem\",\"position\":2,\"name\":\"Todos os produtos\",\"item\":\"http:\\\/\\\/tene.ee\\\/pt-pt\\\/koik-tooted\\\/\"},{\"@type\":\"ListItem\",\"position\":3,\"name\":\"K\u00fcmblust\u00fcnn Premium, \u00d8 207 bee\u017e graniit kaanega\"}]},{\"@type\":\"WebSite\",\"@id\":\"https:\\\/\\\/tene.ee\\\/pt-pt\\\/#website\",\"url\":\"https:\\\/\\\/tene.ee\\\/pt-pt\\\/\",\"name\":\"Tene.ee - Kaunite hetkede jaoks sinu aias\",\"description\":\"Tene.ee - parimad puit- ja aiamajad otse tootjalt\",\"publisher\":{\"@id\":\"https:\\\/\\\/tene.ee\\\/pt-pt\\\/#organization\"},\"alternateName\":\"Tene.ee\",\"potentialAction\":[{\"@type\":\"SearchAction\",\"target\":{\"@type\":\"EntryPoint\",\"urlTemplate\":\"https:\\\/\\\/tene.ee\\\/pt-pt\\\/?s={search_term_string}\"},\"query-input\":{\"@type\":\"PropertyValueSpecification\",\"valueRequired\":true,\"valueName\":\"search_term_string\"}}],\"inLanguage\":\"pt-PT\"},{\"@type\":\"Organization\",\"@id\":\"https:\\\/\\\/tene.ee\\\/pt-pt\\\/#organization\",\"name\":\"Tene.ee\",\"url\":\"https:\\\/\\\/tene.ee\\\/pt-pt\\\/\",\"logo\":{\"@type\":\"ImageObject\",\"inLanguage\":\"pt-PT\",\"@id\":\"https:\\\/\\\/tene.ee\\\/pt-pt\\\/#\\\/schema\\\/logo\\\/image\\\/\",\"url\":\"https:\\\/\\\/tene.ee\\\/wp-content\\\/uploads\\\/2024\\\/12\\\/TENE-logo-2018-2.png\",\"contentUrl\":\"https:\\\/\\\/tene.ee\\\/wp-content\\\/uploads\\\/2024\\\/12\\\/TENE-logo-2018-2.png\",\"width\":2339,\"height\":1654,\"caption\":\"Tene.ee\"},\"image\":{\"@id\":\"https:\\\/\\\/tene.ee\\\/pt-pt\\\/#\\\/schema\\\/logo\\\/image\\\/\"},\"sameAs\":[\"https:\\\/\\\/www.facebook.com\\\/teneaiamajad\"]}]}<\/script>\n<!-- \/ Yoast SEO plugin. -->","yoast_head_json":{"title":"Tene.ee - K\u00fcmblust\u00fcnn Premium, \u00d8 207 bee\u017e graniit kaanega","description":"Tene.ee K\u00fcmblust\u00fcnn Premium, \u00d8 207 bee\u017e graniit kaanega","robots":{"index":"index","follow":"follow","max-snippet":"max-snippet:-1","max-image-preview":"max-image-preview:large","max-video-preview":"max-video-preview:-1"},"canonical":"https:\/\/tene.ee\/pt-pt\/toode\/kumblustunn-premium-o-207-beez-graniit-kaanega\/","og_locale":"pt_PT","og_type":"article","og_title":"Tene.ee - K\u00fcmblust\u00fcnn Premium, \u00d8 207 bee\u017e graniit kaanega","og_description":"Tene.ee K\u00fcmblust\u00fcnn Premium, \u00d8 207 bee\u017e graniit kaanega","og_url":"https:\/\/tene.ee\/pt-pt\/toode\/kumblustunn-premium-o-207-beez-graniit-kaanega\/","og_site_name":"Tene.ee","article_publisher":"https:\/\/www.facebook.com\/teneaiamajad","article_modified_time":"2026-04-09T23:10:48+00:00","og_image":[{"width":2500,"height":1667,"url":"https:\/\/tene.ee\/wp-content\/uploads\/2024\/07\/Kymblustynn_Premium207_beez.jpg","type":"image\/jpeg"}],"twitter_card":"summary_large_image","twitter_misc":{"Tempo estimado de leitura":"1 minuto"},"schema":{"@context":"https:\/\/schema.org","@graph":[{"@type":"WebPage","@id":"https:\/\/tene.ee\/pt-pt\/toode\/kumblustunn-premium-o-207-beez-graniit-kaanega\/","url":"https:\/\/tene.ee\/pt-pt\/toode\/kumblustunn-premium-o-207-beez-graniit-kaanega\/","name":"Tene.ee - K\u00fcmblust\u00fcnn Premium, \u00d8 207 bee\u017e graniit kaanega","isPartOf":{"@id":"https:\/\/tene.ee\/pt-pt\/#website"},"primaryImageOfPage":{"@id":"https:\/\/tene.ee\/pt-pt\/toode\/kumblustunn-premium-o-207-beez-graniit-kaanega\/#primaryimage"},"image":{"@id":"https:\/\/tene.ee\/pt-pt\/toode\/kumblustunn-premium-o-207-beez-graniit-kaanega\/#primaryimage"},"thumbnailUrl":"https:\/\/tene.ee\/wp-content\/uploads\/2024\/07\/Kymblustynn_Premium207_beez.jpg","datePublished":"2024-07-12T13:20:40+00:00","dateModified":"2026-04-09T23:10:48+00:00","description":"Tene.ee K\u00fcmblust\u00fcnn Premium, \u00d8 207 bee\u017e graniit kaanega","breadcrumb":{"@id":"https:\/\/tene.ee\/pt-pt\/toode\/kumblustunn-premium-o-207-beez-graniit-kaanega\/#breadcrumb"},"inLanguage":"pt-PT","potentialAction":[{"@type":"ReadAction","target":["https:\/\/tene.ee\/pt-pt\/toode\/kumblustunn-premium-o-207-beez-graniit-kaanega\/"]}]},{"@type":"ImageObject","inLanguage":"pt-PT","@id":"https:\/\/tene.ee\/pt-pt\/toode\/kumblustunn-premium-o-207-beez-graniit-kaanega\/#primaryimage","url":"https:\/\/tene.ee\/wp-content\/uploads\/2024\/07\/Kymblustynn_Premium207_beez.jpg","contentUrl":"https:\/\/tene.ee\/wp-content\/uploads\/2024\/07\/Kymblustynn_Premium207_beez.jpg","width":2500,"height":1667},{"@type":"BreadcrumbList","@id":"https:\/\/tene.ee\/pt-pt\/toode\/kumblustunn-premium-o-207-beez-graniit-kaanega\/#breadcrumb","itemListElement":[{"@type":"ListItem","position":1,"name":"Avaleht","item":"https:\/\/tene.ee\/pt-pt\/"},{"@type":"ListItem","position":2,"name":"Todos os produtos","item":"http:\/\/tene.ee\/pt-pt\/koik-tooted\/"},{"@type":"ListItem","position":3,"name":"K\u00fcmblust\u00fcnn Premium, \u00d8 207 bee\u017e graniit kaanega"}]},{"@type":"WebSite","@id":"https:\/\/tene.ee\/pt-pt\/#website","url":"https:\/\/tene.ee\/pt-pt\/","name":"Tene.ee - Kaunite hetkede jaoks sinu aias","description":"Tene.ee - parimad puit- ja aiamajad otse tootjalt","publisher":{"@id":"https:\/\/tene.ee\/pt-pt\/#organization"},"alternateName":"Tene.ee","potentialAction":[{"@type":"SearchAction","target":{"@type":"EntryPoint","urlTemplate":"https:\/\/tene.ee\/pt-pt\/?s={search_term_string}"},"query-input":{"@type":"PropertyValueSpecification","valueRequired":true,"valueName":"search_term_string"}}],"inLanguage":"pt-PT"},{"@type":"Organization","@id":"https:\/\/tene.ee\/pt-pt\/#organization","name":"Tene.ee","url":"https:\/\/tene.ee\/pt-pt\/","logo":{"@type":"ImageObject","inLanguage":"pt-PT","@id":"https:\/\/tene.ee\/pt-pt\/#\/schema\/logo\/image\/","url":"https:\/\/tene.ee\/wp-content\/uploads\/2024\/12\/TENE-logo-2018-2.png","contentUrl":"https:\/\/tene.ee\/wp-content\/uploads\/2024\/12\/TENE-logo-2018-2.png","width":2339,"height":1654,"caption":"Tene.ee"},"image":{"@id":"https:\/\/tene.ee\/pt-pt\/#\/schema\/logo\/image\/"},"sameAs":["https:\/\/www.facebook.com\/teneaiamajad"]}]}},"_links":{"self":[{"href":"https:\/\/tene.ee\/pt-pt\/wp-json\/wp\/v2\/product\/19555","targetHints":{"allow":["GET"]}}],"collection":[{"href":"https:\/\/tene.ee\/pt-pt\/wp-json\/wp\/v2\/product"}],"about":[{"href":"https:\/\/tene.ee\/pt-pt\/wp-json\/wp\/v2\/types\/product"}],"wp:featuredmedia":[{"embeddable":true,"href":"https:\/\/tene.ee\/pt-pt\/wp-json\/wp\/v2\/media\/19557"}],"wp:attachment":[{"href":"https:\/\/tene.ee\/pt-pt\/wp-json\/wp\/v2\/media?parent=19555"}],"wp:term":[{"taxonomy":"product_brand","embeddable":true,"href":"https:\/\/tene.ee\/pt-pt\/wp-json\/wp\/v2\/product_brand?post=19555"},{"taxonomy":"product_cat","embeddable":true,"href":"https:\/\/tene.ee\/pt-pt\/wp-json\/wp\/v2\/product_cat?post=19555"},{"taxonomy":"product_tag","embeddable":true,"href":"https:\/\/tene.ee\/pt-pt\/wp-json\/wp\/v2\/product_tag?post=19555"}],"curies":[{"name":"wp","href":"https:\/\/api.w.org\/{rel}","templated":true}]}}