{"id":19537,"date":"2024-07-12T16:20:40","date_gmt":"2024-07-12T13:20:40","guid":{"rendered":"https:\/\/tene.ee\/toode\/torusaun-lahti-o-200-x-400-cm\/"},"modified":"2025-12-03T13:07:33","modified_gmt":"2025-12-03T11:07:33","slug":"torusaun-lahti-o-200-x-400-cm","status":"publish","type":"product","link":"https:\/\/tene.ee\/pt-pt\/toode\/torusaun-lahti-o-200-x-400-cm\/","title":{"rendered":"Sauna barril Lahti \u00d8 200 x 400 cm"},"content":{"rendered":"<p>A sauna barril Lahti est\u00e1 imediatamente pronta para utiliza\u00e7\u00e3o. A sauna pode ser transportada para qualquer local acess\u00edvel por cami\u00e3o-guindaste<\/p>\n<p>O conjunto de uma sauna barril pr\u00e9-fabricada inclui o seguinte:<\/p>\n<p>a superf\u00edcie externa \u00e9 revestida com o prim\u00e1rio aquoso Teknos AQUAPRIMER TM 1824.<br \/>\ntelhado com telhas pretas em forma de favo de mel<br \/>\ntelhado com placas de borda, beirais e cumeeira, preto<br \/>\naquecedor a lenha com grelha<br \/>\npedras de sauna 100 kg<br \/>\nchamin\u00e9 de alta qualidade com v\u00e1lvula de borboleta e dep\u00f3sito de \u00e1gua de 22 L<br \/>\nbase do aquecedor, carca\u00e7a e parede traseira resistentes ao calor<br \/>\nporta exterior com fechadura<br \/>\nporta da sala de vapor de vidro temperado<br \/>\njanela com possibilidade de abertura na sala de vapor de vidro temperado<br \/>\nbanco de sauna na sala de vapor<br \/>\nbancos na sala principal e terra\u00e7o<br \/>\ngrade de madeira no piso<br \/>\nDimens\u00f5es externas: 200 x 400 cm<br \/>\nPeso: cerca de 1200 kg<\/p>\n","protected":false},"excerpt":{"rendered":"<p>Sauna barril Lahti pr\u00e9-fabricada com telhado de duas \u00e1guas, telhado de telhas pretas em forma de favo de mel, placas de bordas e beirais, aquecedor a lenha, chamin\u00e9 de alta qualidade com v\u00e1lvula de borboleta e dep\u00f3sito de \u00e1gua. A superf\u00edcie externa \u00e9 revestida com o prim\u00e1rio aquoso Teknos AQUAPRIMER TM 1824.<\/p>\n<p>A sauna Lahti est\u00e1 tamb\u00e9m dispon\u00edvel com um aquecedor el\u00e9trico.<br \/>\nO pre\u00e7o n\u00e3o inclui transporte do produto.<\/p>\n","protected":false},"featured_media":19543,"template":"","meta":{"_acf_changed":false},"product_brand":[],"product_cat":[613,620,619],"product_tag":[],"class_list":{"0":"post-19537","1":"product","2":"type-product","3":"status-publish","4":"has-post-thumbnail","6":"product_cat-saunas-pt-pt","7":"product_cat-saunas-prontas","8":"product_cat-saunas-tubulares","9":"product_shipping_class-390e-pt-pt-2","10":"pa_iseloomustus-2-quartos","11":"pa_iseloomustus-terraco","12":"pa_iseloomustus-uma-casa-quadrada","13":"pa_katuse-tuup-telhado-inclinado","14":"pa_katuse-tuup-telhado-inclinado-pt","15":"pa_pindala-0-10-m2-pt-pt","16":"pa_seina-paksus-40-mm-pt-pt","17":"pa_vali-keris-huum-elektrikeris-pt-pt","18":"pa_vali-keris-puukuttega-skamet-keris-pt-pt","20":"first","21":"instock","22":"sale","23":"purchasable","24":"product-type-simple"},"acf":[],"yoast_head":"<!-- This site is optimized with the Yoast SEO plugin v27.3 - https:\/\/yoast.com\/product\/yoast-seo-wordpress\/ -->\n<title>Tene.ee - Sauna barril Lahti \u00d8 200 x 400 cm<\/title>\n<meta name=\"description\" content=\"Tene.ee Sauna barril Lahti \u00d8 200 x 400 cm\" \/>\n<meta name=\"robots\" content=\"index, follow, max-snippet:-1, max-image-preview:large, max-video-preview:-1\" \/>\n<link rel=\"canonical\" href=\"https:\/\/tene.ee\/pt-pt\/toode\/torusaun-lahti-o-200-x-400-cm\/\" \/>\n<meta property=\"og:locale\" content=\"pt_PT\" \/>\n<meta property=\"og:type\" content=\"article\" \/>\n<meta property=\"og:title\" content=\"Tene.ee - Sauna barril Lahti \u00d8 200 x 400 cm\" \/>\n<meta property=\"og:description\" content=\"Tene.ee Sauna barril Lahti \u00d8 200 x 400 cm\" \/>\n<meta property=\"og:url\" content=\"https:\/\/tene.ee\/pt-pt\/toode\/torusaun-lahti-o-200-x-400-cm\/\" \/>\n<meta property=\"og:site_name\" content=\"Tene.ee\" \/>\n<meta property=\"article:publisher\" content=\"https:\/\/www.facebook.com\/teneaiamajad\" \/>\n<meta property=\"article:modified_time\" content=\"2025-12-03T11:07:33+00:00\" \/>\n<meta property=\"og:image\" content=\"https:\/\/tene.ee\/wp-content\/uploads\/2024\/07\/Lahti_HM-1024x683.jpeg\" \/>\n\t<meta property=\"og:image:width\" content=\"1024\" \/>\n\t<meta property=\"og:image:height\" content=\"683\" \/>\n\t<meta property=\"og:image:type\" content=\"image\/jpeg\" \/>\n<meta name=\"twitter:card\" content=\"summary_large_image\" \/>\n<meta name=\"twitter:label1\" content=\"Tempo estimado de leitura\" \/>\n\t<meta name=\"twitter:data1\" content=\"2 minutos\" \/>\n<script type=\"application\/ld+json\" class=\"yoast-schema-graph\">{\"@context\":\"https:\\\/\\\/schema.org\",\"@graph\":[{\"@type\":\"WebPage\",\"@id\":\"https:\\\/\\\/tene.ee\\\/pt-pt\\\/toode\\\/torusaun-lahti-o-200-x-400-cm\\\/\",\"url\":\"https:\\\/\\\/tene.ee\\\/pt-pt\\\/toode\\\/torusaun-lahti-o-200-x-400-cm\\\/\",\"name\":\"Tene.ee - Sauna barril Lahti \u00d8 200 x 400 cm\",\"isPartOf\":{\"@id\":\"https:\\\/\\\/tene.ee\\\/pt-pt\\\/#website\"},\"primaryImageOfPage\":{\"@id\":\"https:\\\/\\\/tene.ee\\\/pt-pt\\\/toode\\\/torusaun-lahti-o-200-x-400-cm\\\/#primaryimage\"},\"image\":{\"@id\":\"https:\\\/\\\/tene.ee\\\/pt-pt\\\/toode\\\/torusaun-lahti-o-200-x-400-cm\\\/#primaryimage\"},\"thumbnailUrl\":\"https:\\\/\\\/tene.ee\\\/wp-content\\\/uploads\\\/2024\\\/07\\\/Lahti_HM.jpeg\",\"datePublished\":\"2024-07-12T13:20:40+00:00\",\"dateModified\":\"2025-12-03T11:07:33+00:00\",\"description\":\"Tene.ee Sauna barril Lahti \u00d8 200 x 400 cm\",\"breadcrumb\":{\"@id\":\"https:\\\/\\\/tene.ee\\\/pt-pt\\\/toode\\\/torusaun-lahti-o-200-x-400-cm\\\/#breadcrumb\"},\"inLanguage\":\"pt-PT\",\"potentialAction\":[{\"@type\":\"ReadAction\",\"target\":[\"https:\\\/\\\/tene.ee\\\/pt-pt\\\/toode\\\/torusaun-lahti-o-200-x-400-cm\\\/\"]}]},{\"@type\":\"ImageObject\",\"inLanguage\":\"pt-PT\",\"@id\":\"https:\\\/\\\/tene.ee\\\/pt-pt\\\/toode\\\/torusaun-lahti-o-200-x-400-cm\\\/#primaryimage\",\"url\":\"https:\\\/\\\/tene.ee\\\/wp-content\\\/uploads\\\/2024\\\/07\\\/Lahti_HM.jpeg\",\"contentUrl\":\"https:\\\/\\\/tene.ee\\\/wp-content\\\/uploads\\\/2024\\\/07\\\/Lahti_HM.jpeg\",\"width\":2500,\"height\":1667},{\"@type\":\"BreadcrumbList\",\"@id\":\"https:\\\/\\\/tene.ee\\\/pt-pt\\\/toode\\\/torusaun-lahti-o-200-x-400-cm\\\/#breadcrumb\",\"itemListElement\":[{\"@type\":\"ListItem\",\"position\":1,\"name\":\"Avaleht\",\"item\":\"https:\\\/\\\/tene.ee\\\/pt-pt\\\/\"},{\"@type\":\"ListItem\",\"position\":2,\"name\":\"Todos os produtos\",\"item\":\"http:\\\/\\\/tene.ee\\\/pt-pt\\\/koik-tooted\\\/\"},{\"@type\":\"ListItem\",\"position\":3,\"name\":\"Sauna barril Lahti \u00d8 200 x 400 cm\"}]},{\"@type\":\"WebSite\",\"@id\":\"https:\\\/\\\/tene.ee\\\/pt-pt\\\/#website\",\"url\":\"https:\\\/\\\/tene.ee\\\/pt-pt\\\/\",\"name\":\"Tene.ee - Kaunite hetkede jaoks sinu aias\",\"description\":\"Tene.ee - parimad puit- ja aiamajad otse tootjalt\",\"publisher\":{\"@id\":\"https:\\\/\\\/tene.ee\\\/pt-pt\\\/#organization\"},\"alternateName\":\"Tene.ee\",\"potentialAction\":[{\"@type\":\"SearchAction\",\"target\":{\"@type\":\"EntryPoint\",\"urlTemplate\":\"https:\\\/\\\/tene.ee\\\/pt-pt\\\/?s={search_term_string}\"},\"query-input\":{\"@type\":\"PropertyValueSpecification\",\"valueRequired\":true,\"valueName\":\"search_term_string\"}}],\"inLanguage\":\"pt-PT\"},{\"@type\":\"Organization\",\"@id\":\"https:\\\/\\\/tene.ee\\\/pt-pt\\\/#organization\",\"name\":\"Tene.ee\",\"url\":\"https:\\\/\\\/tene.ee\\\/pt-pt\\\/\",\"logo\":{\"@type\":\"ImageObject\",\"inLanguage\":\"pt-PT\",\"@id\":\"https:\\\/\\\/tene.ee\\\/pt-pt\\\/#\\\/schema\\\/logo\\\/image\\\/\",\"url\":\"https:\\\/\\\/tene.ee\\\/wp-content\\\/uploads\\\/2024\\\/12\\\/TENE-logo-2018-2.png\",\"contentUrl\":\"https:\\\/\\\/tene.ee\\\/wp-content\\\/uploads\\\/2024\\\/12\\\/TENE-logo-2018-2.png\",\"width\":2339,\"height\":1654,\"caption\":\"Tene.ee\"},\"image\":{\"@id\":\"https:\\\/\\\/tene.ee\\\/pt-pt\\\/#\\\/schema\\\/logo\\\/image\\\/\"},\"sameAs\":[\"https:\\\/\\\/www.facebook.com\\\/teneaiamajad\"]}]}<\/script>\n<!-- \/ Yoast SEO plugin. -->","yoast_head_json":{"title":"Tene.ee - Sauna barril Lahti \u00d8 200 x 400 cm","description":"Tene.ee Sauna barril Lahti \u00d8 200 x 400 cm","robots":{"index":"index","follow":"follow","max-snippet":"max-snippet:-1","max-image-preview":"max-image-preview:large","max-video-preview":"max-video-preview:-1"},"canonical":"https:\/\/tene.ee\/pt-pt\/toode\/torusaun-lahti-o-200-x-400-cm\/","og_locale":"pt_PT","og_type":"article","og_title":"Tene.ee - Sauna barril Lahti \u00d8 200 x 400 cm","og_description":"Tene.ee Sauna barril Lahti \u00d8 200 x 400 cm","og_url":"https:\/\/tene.ee\/pt-pt\/toode\/torusaun-lahti-o-200-x-400-cm\/","og_site_name":"Tene.ee","article_publisher":"https:\/\/www.facebook.com\/teneaiamajad","article_modified_time":"2025-12-03T11:07:33+00:00","og_image":[{"width":1024,"height":683,"url":"https:\/\/tene.ee\/wp-content\/uploads\/2024\/07\/Lahti_HM-1024x683.jpeg","type":"image\/jpeg"}],"twitter_card":"summary_large_image","twitter_misc":{"Tempo estimado de leitura":"2 minutos"},"schema":{"@context":"https:\/\/schema.org","@graph":[{"@type":"WebPage","@id":"https:\/\/tene.ee\/pt-pt\/toode\/torusaun-lahti-o-200-x-400-cm\/","url":"https:\/\/tene.ee\/pt-pt\/toode\/torusaun-lahti-o-200-x-400-cm\/","name":"Tene.ee - Sauna barril Lahti \u00d8 200 x 400 cm","isPartOf":{"@id":"https:\/\/tene.ee\/pt-pt\/#website"},"primaryImageOfPage":{"@id":"https:\/\/tene.ee\/pt-pt\/toode\/torusaun-lahti-o-200-x-400-cm\/#primaryimage"},"image":{"@id":"https:\/\/tene.ee\/pt-pt\/toode\/torusaun-lahti-o-200-x-400-cm\/#primaryimage"},"thumbnailUrl":"https:\/\/tene.ee\/wp-content\/uploads\/2024\/07\/Lahti_HM.jpeg","datePublished":"2024-07-12T13:20:40+00:00","dateModified":"2025-12-03T11:07:33+00:00","description":"Tene.ee Sauna barril Lahti \u00d8 200 x 400 cm","breadcrumb":{"@id":"https:\/\/tene.ee\/pt-pt\/toode\/torusaun-lahti-o-200-x-400-cm\/#breadcrumb"},"inLanguage":"pt-PT","potentialAction":[{"@type":"ReadAction","target":["https:\/\/tene.ee\/pt-pt\/toode\/torusaun-lahti-o-200-x-400-cm\/"]}]},{"@type":"ImageObject","inLanguage":"pt-PT","@id":"https:\/\/tene.ee\/pt-pt\/toode\/torusaun-lahti-o-200-x-400-cm\/#primaryimage","url":"https:\/\/tene.ee\/wp-content\/uploads\/2024\/07\/Lahti_HM.jpeg","contentUrl":"https:\/\/tene.ee\/wp-content\/uploads\/2024\/07\/Lahti_HM.jpeg","width":2500,"height":1667},{"@type":"BreadcrumbList","@id":"https:\/\/tene.ee\/pt-pt\/toode\/torusaun-lahti-o-200-x-400-cm\/#breadcrumb","itemListElement":[{"@type":"ListItem","position":1,"name":"Avaleht","item":"https:\/\/tene.ee\/pt-pt\/"},{"@type":"ListItem","position":2,"name":"Todos os produtos","item":"http:\/\/tene.ee\/pt-pt\/koik-tooted\/"},{"@type":"ListItem","position":3,"name":"Sauna barril Lahti \u00d8 200 x 400 cm"}]},{"@type":"WebSite","@id":"https:\/\/tene.ee\/pt-pt\/#website","url":"https:\/\/tene.ee\/pt-pt\/","name":"Tene.ee - Kaunite hetkede jaoks sinu aias","description":"Tene.ee - parimad puit- ja aiamajad otse tootjalt","publisher":{"@id":"https:\/\/tene.ee\/pt-pt\/#organization"},"alternateName":"Tene.ee","potentialAction":[{"@type":"SearchAction","target":{"@type":"EntryPoint","urlTemplate":"https:\/\/tene.ee\/pt-pt\/?s={search_term_string}"},"query-input":{"@type":"PropertyValueSpecification","valueRequired":true,"valueName":"search_term_string"}}],"inLanguage":"pt-PT"},{"@type":"Organization","@id":"https:\/\/tene.ee\/pt-pt\/#organization","name":"Tene.ee","url":"https:\/\/tene.ee\/pt-pt\/","logo":{"@type":"ImageObject","inLanguage":"pt-PT","@id":"https:\/\/tene.ee\/pt-pt\/#\/schema\/logo\/image\/","url":"https:\/\/tene.ee\/wp-content\/uploads\/2024\/12\/TENE-logo-2018-2.png","contentUrl":"https:\/\/tene.ee\/wp-content\/uploads\/2024\/12\/TENE-logo-2018-2.png","width":2339,"height":1654,"caption":"Tene.ee"},"image":{"@id":"https:\/\/tene.ee\/pt-pt\/#\/schema\/logo\/image\/"},"sameAs":["https:\/\/www.facebook.com\/teneaiamajad"]}]}},"_links":{"self":[{"href":"https:\/\/tene.ee\/pt-pt\/wp-json\/wp\/v2\/product\/19537","targetHints":{"allow":["GET"]}}],"collection":[{"href":"https:\/\/tene.ee\/pt-pt\/wp-json\/wp\/v2\/product"}],"about":[{"href":"https:\/\/tene.ee\/pt-pt\/wp-json\/wp\/v2\/types\/product"}],"wp:featuredmedia":[{"embeddable":true,"href":"https:\/\/tene.ee\/pt-pt\/wp-json\/wp\/v2\/media\/19543"}],"wp:attachment":[{"href":"https:\/\/tene.ee\/pt-pt\/wp-json\/wp\/v2\/media?parent=19537"}],"wp:term":[{"taxonomy":"product_brand","embeddable":true,"href":"https:\/\/tene.ee\/pt-pt\/wp-json\/wp\/v2\/product_brand?post=19537"},{"taxonomy":"product_cat","embeddable":true,"href":"https:\/\/tene.ee\/pt-pt\/wp-json\/wp\/v2\/product_cat?post=19537"},{"taxonomy":"product_tag","embeddable":true,"href":"https:\/\/tene.ee\/pt-pt\/wp-json\/wp\/v2\/product_tag?post=19537"}],"curies":[{"name":"wp","href":"https:\/\/api.w.org\/{rel}","templated":true}]}}