{"id":19493,"date":"2024-07-12T16:20:40","date_gmt":"2024-07-12T13:20:40","guid":{"rendered":"https:\/\/tene.ee\/toode\/kumblustunn-standard-kaanega-haagisel\/"},"modified":"2026-04-10T02:11:06","modified_gmt":"2026-04-09T23:11:06","slug":"kumblustunn-standard-kaanega-haagisel","status":"publish","type":"product","link":"https:\/\/tene.ee\/pt-pt\/toode\/kumblustunn-standard-kaanega-haagisel\/","title":{"rendered":"K\u00fcmblust\u00fcnn Standard kaanega haagisel"},"content":{"rendered":"<p>Haagisel kaanega k\u00fcmblust\u00fcnn kuni 6-le inimesele.<\/p>\n<ul>\n<li>Platvormi suurus: 300 x 208 cm<\/li>\n<li>Kogupikkus 431 cm<\/li>\n<li>K\u00e4rul on 4 tugijalga<\/li>\n<li>K\u00e4ru p\u00f5hi on niiskuskindlast vineerist<\/li>\n<li>Kogukaal 750 kg<\/li>\n<li>Kandev\u00f5ime 750 kg<\/li>\n<li>K\u00fcmblust\u00fcnni v\u00e4line \u00d8 183 cm<\/li>\n<li>K\u00fcmblust\u00fcnni v\u00e4line diameeter koos kaanega 187 cm<\/li>\n<li>M\u00f5istlik vee kogus t\u00fcnnis ca 1450 L<\/li>\n<li>Puidust astumistrepp<\/li>\n<li>Merealumiiniumist v\u00e4line ahi (m\u00f5\u00f5dud 65 x 42 x 62 cm)<\/li>\n<li>Korstna pikkus 200 cm<\/li>\n<li>Puidust \u00fcmbris viimistletud puiduvahaga<\/li>\n<li>Sisu ja kaane v\u00e4rvitoon on hall graniit<\/li>\n<li>Vee \u00e4ravool koos kraaniga<\/li>\n<\/ul>\n<p>K\u00fctteaeg veele temperatuuriga 5-38\u00b0 50cm pikkuste puudega ca 3-3,5 tundi (puitbriketiga k\u00fcttes ca 2-2,5 tundi).<\/p>\n<p>T\u00fcnnisauna soojaks k\u00fctmise aeg s\u00f5ltub lisaks ka aastaajast, mist\u00f5ttu talvel v\u00f5ib k\u00fctmise aeg olla oluliselt pikem v\u00f5rreldes suvise ajaga, kus t\u00fcnn soojeneb kiiremini.<br \/>\nK\u00fcmblust\u00fcnni kaal koos ahjuga ca 250kg<br \/>\nHaagis koos k\u00fcmblust\u00fcnniga kaalub ca 480kg<\/p>\n<p>NB! K\u00fcmblust\u00fcnn haagisel tuleb ka registreerida ARK-is.<br aria-hidden=\"true\" \/>Kui klient soovib vormistamise teenust meilt, siis lisandub arvele riigil\u00f5iv.<br \/>\nArvele v\u00f5tmine HAAGISENA:<br aria-hidden=\"true\" \/>\u2022haagise registreerimine 72\u20ac<br aria-hidden=\"true\" \/>\u2022haagise registreerimism\u00e4rk 35\u20ac<br aria-hidden=\"true\" \/>Kokku 107\u20ac<\/p>\n<p>Arvele v\u00f5tmine ERIOTSTARBELISE HAAKENA:<br aria-hidden=\"true\" \/>\u2022\u00fcksiks\u00f5iduki kinnituse omistamine 205\u20ac<br aria-hidden=\"true\" \/>\u2022haagise registreerimine 72\u20ac<br aria-hidden=\"true\" \/>\u2022haagise registreerimism\u00e4rk 35\u20ac<br aria-hidden=\"true\" \/>Kokku 312\u20ac<\/p>\n<p>Toote saab k\u00e4tte j\u00e4rgnevast v\u00e4ljastuspunktist:<br aria-hidden=\"true\" \/>\u2022 L\u00e4\u00e4ne maakond, Haapsalu, Lihula mnt 22b<\/p>\n","protected":false},"excerpt":{"rendered":"<p>K\u00fcmblust\u00fcnn ratastel 6-le inimesele 180 cm l\u00e4bim\u00f5\u00f5duga.<\/p>\n<p>Naudi t\u00fcnnim\u00f5nusid kuhu iganes teed viivad!<\/p>\n","protected":false},"featured_media":19494,"template":"","meta":{"_acf_changed":false},"product_brand":[],"product_cat":[603,602,613,615],"product_tag":[],"class_list":{"0":"post-19493","1":"product","2":"type-product","3":"status-publish","4":"has-post-thumbnail","6":"product_cat-banheiras-de-hidromassagem","7":"product_cat-disponivel-imediatamente","8":"product_cat-saunas-pt-pt","9":"product_cat-saunas-de-carrinho","10":"pa_kumblustunni-diameeter-183-cm-pt-pt","12":"first","13":"onbackorder","14":"sale","15":"purchasable","16":"product-type-simple"},"acf":[],"yoast_head":"<!-- This site is optimized with the Yoast SEO plugin v27.3 - https:\/\/yoast.com\/product\/yoast-seo-wordpress\/ -->\n<title>Tene.ee - K\u00fcmblust\u00fcnn Standard kaanega haagisel<\/title>\n<meta name=\"description\" content=\"Tene.ee K\u00fcmblust\u00fcnn Standard kaanega haagisel\" \/>\n<meta name=\"robots\" content=\"index, follow, max-snippet:-1, max-image-preview:large, max-video-preview:-1\" \/>\n<link rel=\"canonical\" href=\"https:\/\/tene.ee\/pt-pt\/toode\/kumblustunn-standard-kaanega-haagisel\/\" \/>\n<meta property=\"og:locale\" content=\"pt_PT\" \/>\n<meta property=\"og:type\" content=\"article\" \/>\n<meta property=\"og:title\" content=\"Tene.ee - K\u00fcmblust\u00fcnn Standard kaanega haagisel\" \/>\n<meta property=\"og:description\" content=\"Tene.ee K\u00fcmblust\u00fcnn Standard kaanega haagisel\" \/>\n<meta property=\"og:url\" content=\"https:\/\/tene.ee\/pt-pt\/toode\/kumblustunn-standard-kaanega-haagisel\/\" \/>\n<meta property=\"og:site_name\" content=\"Tene.ee\" \/>\n<meta property=\"article:publisher\" content=\"https:\/\/www.facebook.com\/teneaiamajad\" \/>\n<meta property=\"article:modified_time\" content=\"2026-04-09T23:11:06+00:00\" \/>\n<meta property=\"og:image\" content=\"https:\/\/tene.ee\/wp-content\/uploads\/2024\/07\/Paljukarry-8.jpg\" \/>\n\t<meta property=\"og:image:width\" content=\"2016\" \/>\n\t<meta property=\"og:image:height\" content=\"1512\" \/>\n\t<meta property=\"og:image:type\" content=\"image\/jpeg\" \/>\n<meta name=\"twitter:card\" content=\"summary_large_image\" \/>\n<meta name=\"twitter:label1\" content=\"Tempo estimado de leitura\" \/>\n\t<meta name=\"twitter:data1\" content=\"1 minuto\" \/>\n<script type=\"application\/ld+json\" class=\"yoast-schema-graph\">{\"@context\":\"https:\\\/\\\/schema.org\",\"@graph\":[{\"@type\":\"WebPage\",\"@id\":\"https:\\\/\\\/tene.ee\\\/pt-pt\\\/toode\\\/kumblustunn-standard-kaanega-haagisel\\\/\",\"url\":\"https:\\\/\\\/tene.ee\\\/pt-pt\\\/toode\\\/kumblustunn-standard-kaanega-haagisel\\\/\",\"name\":\"Tene.ee - K\u00fcmblust\u00fcnn Standard kaanega haagisel\",\"isPartOf\":{\"@id\":\"https:\\\/\\\/tene.ee\\\/pt-pt\\\/#website\"},\"primaryImageOfPage\":{\"@id\":\"https:\\\/\\\/tene.ee\\\/pt-pt\\\/toode\\\/kumblustunn-standard-kaanega-haagisel\\\/#primaryimage\"},\"image\":{\"@id\":\"https:\\\/\\\/tene.ee\\\/pt-pt\\\/toode\\\/kumblustunn-standard-kaanega-haagisel\\\/#primaryimage\"},\"thumbnailUrl\":\"https:\\\/\\\/tene.ee\\\/wp-content\\\/uploads\\\/2024\\\/07\\\/Paljukarry-8.jpg\",\"datePublished\":\"2024-07-12T13:20:40+00:00\",\"dateModified\":\"2026-04-09T23:11:06+00:00\",\"description\":\"Tene.ee K\u00fcmblust\u00fcnn Standard kaanega haagisel\",\"breadcrumb\":{\"@id\":\"https:\\\/\\\/tene.ee\\\/pt-pt\\\/toode\\\/kumblustunn-standard-kaanega-haagisel\\\/#breadcrumb\"},\"inLanguage\":\"pt-PT\",\"potentialAction\":[{\"@type\":\"ReadAction\",\"target\":[\"https:\\\/\\\/tene.ee\\\/pt-pt\\\/toode\\\/kumblustunn-standard-kaanega-haagisel\\\/\"]}]},{\"@type\":\"ImageObject\",\"inLanguage\":\"pt-PT\",\"@id\":\"https:\\\/\\\/tene.ee\\\/pt-pt\\\/toode\\\/kumblustunn-standard-kaanega-haagisel\\\/#primaryimage\",\"url\":\"https:\\\/\\\/tene.ee\\\/wp-content\\\/uploads\\\/2024\\\/07\\\/Paljukarry-8.jpg\",\"contentUrl\":\"https:\\\/\\\/tene.ee\\\/wp-content\\\/uploads\\\/2024\\\/07\\\/Paljukarry-8.jpg\",\"width\":2016,\"height\":1512},{\"@type\":\"BreadcrumbList\",\"@id\":\"https:\\\/\\\/tene.ee\\\/pt-pt\\\/toode\\\/kumblustunn-standard-kaanega-haagisel\\\/#breadcrumb\",\"itemListElement\":[{\"@type\":\"ListItem\",\"position\":1,\"name\":\"Avaleht\",\"item\":\"https:\\\/\\\/tene.ee\\\/pt-pt\\\/\"},{\"@type\":\"ListItem\",\"position\":2,\"name\":\"Todos os produtos\",\"item\":\"http:\\\/\\\/tene.ee\\\/pt-pt\\\/koik-tooted\\\/\"},{\"@type\":\"ListItem\",\"position\":3,\"name\":\"K\u00fcmblust\u00fcnn Standard kaanega haagisel\"}]},{\"@type\":\"WebSite\",\"@id\":\"https:\\\/\\\/tene.ee\\\/pt-pt\\\/#website\",\"url\":\"https:\\\/\\\/tene.ee\\\/pt-pt\\\/\",\"name\":\"Tene.ee - Kaunite hetkede jaoks sinu aias\",\"description\":\"Tene.ee - parimad puit- ja aiamajad otse tootjalt\",\"publisher\":{\"@id\":\"https:\\\/\\\/tene.ee\\\/pt-pt\\\/#organization\"},\"alternateName\":\"Tene.ee\",\"potentialAction\":[{\"@type\":\"SearchAction\",\"target\":{\"@type\":\"EntryPoint\",\"urlTemplate\":\"https:\\\/\\\/tene.ee\\\/pt-pt\\\/?s={search_term_string}\"},\"query-input\":{\"@type\":\"PropertyValueSpecification\",\"valueRequired\":true,\"valueName\":\"search_term_string\"}}],\"inLanguage\":\"pt-PT\"},{\"@type\":\"Organization\",\"@id\":\"https:\\\/\\\/tene.ee\\\/pt-pt\\\/#organization\",\"name\":\"Tene.ee\",\"url\":\"https:\\\/\\\/tene.ee\\\/pt-pt\\\/\",\"logo\":{\"@type\":\"ImageObject\",\"inLanguage\":\"pt-PT\",\"@id\":\"https:\\\/\\\/tene.ee\\\/pt-pt\\\/#\\\/schema\\\/logo\\\/image\\\/\",\"url\":\"https:\\\/\\\/tene.ee\\\/wp-content\\\/uploads\\\/2024\\\/12\\\/TENE-logo-2018-2.png\",\"contentUrl\":\"https:\\\/\\\/tene.ee\\\/wp-content\\\/uploads\\\/2024\\\/12\\\/TENE-logo-2018-2.png\",\"width\":2339,\"height\":1654,\"caption\":\"Tene.ee\"},\"image\":{\"@id\":\"https:\\\/\\\/tene.ee\\\/pt-pt\\\/#\\\/schema\\\/logo\\\/image\\\/\"},\"sameAs\":[\"https:\\\/\\\/www.facebook.com\\\/teneaiamajad\"]}]}<\/script>\n<!-- \/ Yoast SEO plugin. -->","yoast_head_json":{"title":"Tene.ee - K\u00fcmblust\u00fcnn Standard kaanega haagisel","description":"Tene.ee K\u00fcmblust\u00fcnn Standard kaanega haagisel","robots":{"index":"index","follow":"follow","max-snippet":"max-snippet:-1","max-image-preview":"max-image-preview:large","max-video-preview":"max-video-preview:-1"},"canonical":"https:\/\/tene.ee\/pt-pt\/toode\/kumblustunn-standard-kaanega-haagisel\/","og_locale":"pt_PT","og_type":"article","og_title":"Tene.ee - K\u00fcmblust\u00fcnn Standard kaanega haagisel","og_description":"Tene.ee K\u00fcmblust\u00fcnn Standard kaanega haagisel","og_url":"https:\/\/tene.ee\/pt-pt\/toode\/kumblustunn-standard-kaanega-haagisel\/","og_site_name":"Tene.ee","article_publisher":"https:\/\/www.facebook.com\/teneaiamajad","article_modified_time":"2026-04-09T23:11:06+00:00","og_image":[{"width":2016,"height":1512,"url":"https:\/\/tene.ee\/wp-content\/uploads\/2024\/07\/Paljukarry-8.jpg","type":"image\/jpeg"}],"twitter_card":"summary_large_image","twitter_misc":{"Tempo estimado de leitura":"1 minuto"},"schema":{"@context":"https:\/\/schema.org","@graph":[{"@type":"WebPage","@id":"https:\/\/tene.ee\/pt-pt\/toode\/kumblustunn-standard-kaanega-haagisel\/","url":"https:\/\/tene.ee\/pt-pt\/toode\/kumblustunn-standard-kaanega-haagisel\/","name":"Tene.ee - K\u00fcmblust\u00fcnn Standard kaanega haagisel","isPartOf":{"@id":"https:\/\/tene.ee\/pt-pt\/#website"},"primaryImageOfPage":{"@id":"https:\/\/tene.ee\/pt-pt\/toode\/kumblustunn-standard-kaanega-haagisel\/#primaryimage"},"image":{"@id":"https:\/\/tene.ee\/pt-pt\/toode\/kumblustunn-standard-kaanega-haagisel\/#primaryimage"},"thumbnailUrl":"https:\/\/tene.ee\/wp-content\/uploads\/2024\/07\/Paljukarry-8.jpg","datePublished":"2024-07-12T13:20:40+00:00","dateModified":"2026-04-09T23:11:06+00:00","description":"Tene.ee K\u00fcmblust\u00fcnn Standard kaanega haagisel","breadcrumb":{"@id":"https:\/\/tene.ee\/pt-pt\/toode\/kumblustunn-standard-kaanega-haagisel\/#breadcrumb"},"inLanguage":"pt-PT","potentialAction":[{"@type":"ReadAction","target":["https:\/\/tene.ee\/pt-pt\/toode\/kumblustunn-standard-kaanega-haagisel\/"]}]},{"@type":"ImageObject","inLanguage":"pt-PT","@id":"https:\/\/tene.ee\/pt-pt\/toode\/kumblustunn-standard-kaanega-haagisel\/#primaryimage","url":"https:\/\/tene.ee\/wp-content\/uploads\/2024\/07\/Paljukarry-8.jpg","contentUrl":"https:\/\/tene.ee\/wp-content\/uploads\/2024\/07\/Paljukarry-8.jpg","width":2016,"height":1512},{"@type":"BreadcrumbList","@id":"https:\/\/tene.ee\/pt-pt\/toode\/kumblustunn-standard-kaanega-haagisel\/#breadcrumb","itemListElement":[{"@type":"ListItem","position":1,"name":"Avaleht","item":"https:\/\/tene.ee\/pt-pt\/"},{"@type":"ListItem","position":2,"name":"Todos os produtos","item":"http:\/\/tene.ee\/pt-pt\/koik-tooted\/"},{"@type":"ListItem","position":3,"name":"K\u00fcmblust\u00fcnn Standard kaanega haagisel"}]},{"@type":"WebSite","@id":"https:\/\/tene.ee\/pt-pt\/#website","url":"https:\/\/tene.ee\/pt-pt\/","name":"Tene.ee - Kaunite hetkede jaoks sinu aias","description":"Tene.ee - parimad puit- ja aiamajad otse tootjalt","publisher":{"@id":"https:\/\/tene.ee\/pt-pt\/#organization"},"alternateName":"Tene.ee","potentialAction":[{"@type":"SearchAction","target":{"@type":"EntryPoint","urlTemplate":"https:\/\/tene.ee\/pt-pt\/?s={search_term_string}"},"query-input":{"@type":"PropertyValueSpecification","valueRequired":true,"valueName":"search_term_string"}}],"inLanguage":"pt-PT"},{"@type":"Organization","@id":"https:\/\/tene.ee\/pt-pt\/#organization","name":"Tene.ee","url":"https:\/\/tene.ee\/pt-pt\/","logo":{"@type":"ImageObject","inLanguage":"pt-PT","@id":"https:\/\/tene.ee\/pt-pt\/#\/schema\/logo\/image\/","url":"https:\/\/tene.ee\/wp-content\/uploads\/2024\/12\/TENE-logo-2018-2.png","contentUrl":"https:\/\/tene.ee\/wp-content\/uploads\/2024\/12\/TENE-logo-2018-2.png","width":2339,"height":1654,"caption":"Tene.ee"},"image":{"@id":"https:\/\/tene.ee\/pt-pt\/#\/schema\/logo\/image\/"},"sameAs":["https:\/\/www.facebook.com\/teneaiamajad"]}]}},"_links":{"self":[{"href":"https:\/\/tene.ee\/pt-pt\/wp-json\/wp\/v2\/product\/19493","targetHints":{"allow":["GET"]}}],"collection":[{"href":"https:\/\/tene.ee\/pt-pt\/wp-json\/wp\/v2\/product"}],"about":[{"href":"https:\/\/tene.ee\/pt-pt\/wp-json\/wp\/v2\/types\/product"}],"wp:featuredmedia":[{"embeddable":true,"href":"https:\/\/tene.ee\/pt-pt\/wp-json\/wp\/v2\/media\/19494"}],"wp:attachment":[{"href":"https:\/\/tene.ee\/pt-pt\/wp-json\/wp\/v2\/media?parent=19493"}],"wp:term":[{"taxonomy":"product_brand","embeddable":true,"href":"https:\/\/tene.ee\/pt-pt\/wp-json\/wp\/v2\/product_brand?post=19493"},{"taxonomy":"product_cat","embeddable":true,"href":"https:\/\/tene.ee\/pt-pt\/wp-json\/wp\/v2\/product_cat?post=19493"},{"taxonomy":"product_tag","embeddable":true,"href":"https:\/\/tene.ee\/pt-pt\/wp-json\/wp\/v2\/product_tag?post=19493"}],"curies":[{"name":"wp","href":"https:\/\/api.w.org\/{rel}","templated":true}]}}