{"id":19158,"date":"2024-07-12T16:32:38","date_gmt":"2024-07-12T13:32:38","guid":{"rendered":"https:\/\/tene.ee\/toode\/torusaun-kerava-o-210-x-267-cm\/"},"modified":"2025-12-03T13:07:15","modified_gmt":"2025-12-03T11:07:15","slug":"torusaun-kerava-o-210-x-267-cm","status":"publish","type":"product","link":"https:\/\/tene.ee\/pt-pt\/toode\/torusaun-kerava-o-210-x-267-cm\/","title":{"rendered":"Sauna barril Kerava \u00d8 210 x 267 cm"},"content":{"rendered":"<p>A sauna barril Kerava fabricada na f\u00e1brica de casas de jardim da Tene Kaubanduse est\u00e1 imediatamente pronta para utiliza\u00e7\u00e3o. O produto pode ser transportado para qualquer local acess\u00edvel por cami\u00e3o-guindaste.<\/p>\n<p>O conjunto de uma sauna barril pr\u00e9-fabricada inclui o seguinte:<\/p>\n<p>a madeira utilizada \u00e9 abeto de qualidade 100% n\u00f3rdica<br \/>\nbanco de sauna na sala de vapor<br \/>\nbancos<br \/>\naquecedor a lenha com grelha<br \/>\nchamin\u00e9 de alta qualidade com v\u00e1lvula de borboleta e dep\u00f3sito de \u00e1gua de 22 L<br \/>\npedras de sauna 100 kg<br \/>\nbase do aquecedor, carca\u00e7a e parede traseira resistentes ao calor<br \/>\na superf\u00edcie externa \u00e9 revestida com o prim\u00e1rio aquoso Teknos AQUAPRIMER TM 1824.<br \/>\ntelhado com telhas pretas em forma de favo de mel<br \/>\njanela na sala de vapor de vidro temperado<br \/>\nEspessura da parede: 40 mm<br \/>\nDimens\u00f5es externas: 210 x 267 cm<\/p>\n","protected":false},"excerpt":{"rendered":"<p>Sauna barril pr\u00e9-fabricada Kerava, telhado com acabamento em telhas pretas em forma de favo de mel, aquecedor a lenha com pedras (100 kg), chamin\u00e9 de alta qualidade com v\u00e1lvula de borboleta e dep\u00f3sito de \u00e1gua. A superf\u00edcie externa \u00e9 revestida com o prim\u00e1rio aquoso Teknos AQUAPRIMER TM 1824.<\/p>\n<p>A sauna barril Kerava est\u00e1 tamb\u00e9m dispon\u00edvel com um aquecedor el\u00e9trico. Solicite um or\u00e7amento!<br \/>\nO pre\u00e7o n\u00e3o inclui transporte do produto.<\/p>\n","protected":false},"featured_media":19164,"template":"","meta":{"_acf_changed":false},"product_brand":[],"product_cat":[613,620,619],"product_tag":[],"class_list":{"0":"post-19158","1":"product","2":"type-product","3":"status-publish","4":"has-post-thumbnail","6":"product_cat-saunas-pt-pt","7":"product_cat-saunas-prontas","8":"product_cat-saunas-tubulares","9":"product_shipping_class-390e-pt-pt-2","10":"pa_seina-paksus-40-mm-pt-pt","11":"pa_vali-keris-huum-elektrikeris-pt-pt","12":"pa_vali-keris-puukuttega-skamet-keris-pt-pt","14":"first","15":"instock","16":"sale","17":"purchasable","18":"product-type-simple"},"acf":[],"yoast_head":"<!-- This site is optimized with the Yoast SEO plugin v27.3 - https:\/\/yoast.com\/product\/yoast-seo-wordpress\/ -->\n<title>Tene.ee - Sauna barril Kerava \u00d8 210 x 267 cm<\/title>\n<meta name=\"description\" content=\"Tene.ee Sauna barril Kerava \u00d8 210 x 267 cm\" \/>\n<meta name=\"robots\" content=\"index, follow, max-snippet:-1, max-image-preview:large, max-video-preview:-1\" \/>\n<link rel=\"canonical\" href=\"https:\/\/tene.ee\/pt-pt\/toode\/torusaun-kerava-o-210-x-267-cm\/\" \/>\n<meta property=\"og:locale\" content=\"pt_PT\" \/>\n<meta property=\"og:type\" content=\"article\" \/>\n<meta property=\"og:title\" content=\"Tene.ee - Sauna barril Kerava \u00d8 210 x 267 cm\" \/>\n<meta property=\"og:description\" content=\"Tene.ee Sauna barril Kerava \u00d8 210 x 267 cm\" \/>\n<meta property=\"og:url\" content=\"https:\/\/tene.ee\/pt-pt\/toode\/torusaun-kerava-o-210-x-267-cm\/\" \/>\n<meta property=\"og:site_name\" content=\"Tene.ee\" \/>\n<meta property=\"article:publisher\" content=\"https:\/\/www.facebook.com\/teneaiamajad\" \/>\n<meta property=\"article:modified_time\" content=\"2025-12-03T11:07:15+00:00\" \/>\n<meta property=\"og:image\" content=\"https:\/\/tene.ee\/wp-content\/uploads\/2024\/07\/Kerava-1-1-1024x683.jpg\" \/>\n\t<meta property=\"og:image:width\" content=\"1024\" \/>\n\t<meta property=\"og:image:height\" content=\"683\" \/>\n\t<meta property=\"og:image:type\" content=\"image\/jpeg\" \/>\n<meta name=\"twitter:card\" content=\"summary_large_image\" \/>\n<meta name=\"twitter:label1\" content=\"Tempo estimado de leitura\" \/>\n\t<meta name=\"twitter:data1\" content=\"1 minuto\" \/>\n<script type=\"application\/ld+json\" class=\"yoast-schema-graph\">{\"@context\":\"https:\\\/\\\/schema.org\",\"@graph\":[{\"@type\":\"WebPage\",\"@id\":\"https:\\\/\\\/tene.ee\\\/pt-pt\\\/toode\\\/torusaun-kerava-o-210-x-267-cm\\\/\",\"url\":\"https:\\\/\\\/tene.ee\\\/pt-pt\\\/toode\\\/torusaun-kerava-o-210-x-267-cm\\\/\",\"name\":\"Tene.ee - Sauna barril Kerava \u00d8 210 x 267 cm\",\"isPartOf\":{\"@id\":\"https:\\\/\\\/tene.ee\\\/pt-pt\\\/#website\"},\"primaryImageOfPage\":{\"@id\":\"https:\\\/\\\/tene.ee\\\/pt-pt\\\/toode\\\/torusaun-kerava-o-210-x-267-cm\\\/#primaryimage\"},\"image\":{\"@id\":\"https:\\\/\\\/tene.ee\\\/pt-pt\\\/toode\\\/torusaun-kerava-o-210-x-267-cm\\\/#primaryimage\"},\"thumbnailUrl\":\"https:\\\/\\\/tene.ee\\\/wp-content\\\/uploads\\\/2024\\\/07\\\/Kerava-1-1.jpg\",\"datePublished\":\"2024-07-12T13:32:38+00:00\",\"dateModified\":\"2025-12-03T11:07:15+00:00\",\"description\":\"Tene.ee Sauna barril Kerava \u00d8 210 x 267 cm\",\"breadcrumb\":{\"@id\":\"https:\\\/\\\/tene.ee\\\/pt-pt\\\/toode\\\/torusaun-kerava-o-210-x-267-cm\\\/#breadcrumb\"},\"inLanguage\":\"pt-PT\",\"potentialAction\":[{\"@type\":\"ReadAction\",\"target\":[\"https:\\\/\\\/tene.ee\\\/pt-pt\\\/toode\\\/torusaun-kerava-o-210-x-267-cm\\\/\"]}]},{\"@type\":\"ImageObject\",\"inLanguage\":\"pt-PT\",\"@id\":\"https:\\\/\\\/tene.ee\\\/pt-pt\\\/toode\\\/torusaun-kerava-o-210-x-267-cm\\\/#primaryimage\",\"url\":\"https:\\\/\\\/tene.ee\\\/wp-content\\\/uploads\\\/2024\\\/07\\\/Kerava-1-1.jpg\",\"contentUrl\":\"https:\\\/\\\/tene.ee\\\/wp-content\\\/uploads\\\/2024\\\/07\\\/Kerava-1-1.jpg\",\"width\":2500,\"height\":1667},{\"@type\":\"BreadcrumbList\",\"@id\":\"https:\\\/\\\/tene.ee\\\/pt-pt\\\/toode\\\/torusaun-kerava-o-210-x-267-cm\\\/#breadcrumb\",\"itemListElement\":[{\"@type\":\"ListItem\",\"position\":1,\"name\":\"Avaleht\",\"item\":\"https:\\\/\\\/tene.ee\\\/pt-pt\\\/\"},{\"@type\":\"ListItem\",\"position\":2,\"name\":\"Todos os produtos\",\"item\":\"http:\\\/\\\/tene.ee\\\/pt-pt\\\/koik-tooted\\\/\"},{\"@type\":\"ListItem\",\"position\":3,\"name\":\"Sauna barril Kerava \u00d8 210 x 267 cm\"}]},{\"@type\":\"WebSite\",\"@id\":\"https:\\\/\\\/tene.ee\\\/pt-pt\\\/#website\",\"url\":\"https:\\\/\\\/tene.ee\\\/pt-pt\\\/\",\"name\":\"Tene.ee - Kaunite hetkede jaoks sinu aias\",\"description\":\"Tene.ee - parimad puit- ja aiamajad otse tootjalt\",\"publisher\":{\"@id\":\"https:\\\/\\\/tene.ee\\\/pt-pt\\\/#organization\"},\"alternateName\":\"Tene.ee\",\"potentialAction\":[{\"@type\":\"SearchAction\",\"target\":{\"@type\":\"EntryPoint\",\"urlTemplate\":\"https:\\\/\\\/tene.ee\\\/pt-pt\\\/?s={search_term_string}\"},\"query-input\":{\"@type\":\"PropertyValueSpecification\",\"valueRequired\":true,\"valueName\":\"search_term_string\"}}],\"inLanguage\":\"pt-PT\"},{\"@type\":\"Organization\",\"@id\":\"https:\\\/\\\/tene.ee\\\/pt-pt\\\/#organization\",\"name\":\"Tene.ee\",\"url\":\"https:\\\/\\\/tene.ee\\\/pt-pt\\\/\",\"logo\":{\"@type\":\"ImageObject\",\"inLanguage\":\"pt-PT\",\"@id\":\"https:\\\/\\\/tene.ee\\\/pt-pt\\\/#\\\/schema\\\/logo\\\/image\\\/\",\"url\":\"https:\\\/\\\/tene.ee\\\/wp-content\\\/uploads\\\/2024\\\/12\\\/TENE-logo-2018-2.png\",\"contentUrl\":\"https:\\\/\\\/tene.ee\\\/wp-content\\\/uploads\\\/2024\\\/12\\\/TENE-logo-2018-2.png\",\"width\":2339,\"height\":1654,\"caption\":\"Tene.ee\"},\"image\":{\"@id\":\"https:\\\/\\\/tene.ee\\\/pt-pt\\\/#\\\/schema\\\/logo\\\/image\\\/\"},\"sameAs\":[\"https:\\\/\\\/www.facebook.com\\\/teneaiamajad\"]}]}<\/script>\n<!-- \/ Yoast SEO plugin. -->","yoast_head_json":{"title":"Tene.ee - Sauna barril Kerava \u00d8 210 x 267 cm","description":"Tene.ee Sauna barril Kerava \u00d8 210 x 267 cm","robots":{"index":"index","follow":"follow","max-snippet":"max-snippet:-1","max-image-preview":"max-image-preview:large","max-video-preview":"max-video-preview:-1"},"canonical":"https:\/\/tene.ee\/pt-pt\/toode\/torusaun-kerava-o-210-x-267-cm\/","og_locale":"pt_PT","og_type":"article","og_title":"Tene.ee - Sauna barril Kerava \u00d8 210 x 267 cm","og_description":"Tene.ee Sauna barril Kerava \u00d8 210 x 267 cm","og_url":"https:\/\/tene.ee\/pt-pt\/toode\/torusaun-kerava-o-210-x-267-cm\/","og_site_name":"Tene.ee","article_publisher":"https:\/\/www.facebook.com\/teneaiamajad","article_modified_time":"2025-12-03T11:07:15+00:00","og_image":[{"width":1024,"height":683,"url":"https:\/\/tene.ee\/wp-content\/uploads\/2024\/07\/Kerava-1-1-1024x683.jpg","type":"image\/jpeg"}],"twitter_card":"summary_large_image","twitter_misc":{"Tempo estimado de leitura":"1 minuto"},"schema":{"@context":"https:\/\/schema.org","@graph":[{"@type":"WebPage","@id":"https:\/\/tene.ee\/pt-pt\/toode\/torusaun-kerava-o-210-x-267-cm\/","url":"https:\/\/tene.ee\/pt-pt\/toode\/torusaun-kerava-o-210-x-267-cm\/","name":"Tene.ee - Sauna barril Kerava \u00d8 210 x 267 cm","isPartOf":{"@id":"https:\/\/tene.ee\/pt-pt\/#website"},"primaryImageOfPage":{"@id":"https:\/\/tene.ee\/pt-pt\/toode\/torusaun-kerava-o-210-x-267-cm\/#primaryimage"},"image":{"@id":"https:\/\/tene.ee\/pt-pt\/toode\/torusaun-kerava-o-210-x-267-cm\/#primaryimage"},"thumbnailUrl":"https:\/\/tene.ee\/wp-content\/uploads\/2024\/07\/Kerava-1-1.jpg","datePublished":"2024-07-12T13:32:38+00:00","dateModified":"2025-12-03T11:07:15+00:00","description":"Tene.ee Sauna barril Kerava \u00d8 210 x 267 cm","breadcrumb":{"@id":"https:\/\/tene.ee\/pt-pt\/toode\/torusaun-kerava-o-210-x-267-cm\/#breadcrumb"},"inLanguage":"pt-PT","potentialAction":[{"@type":"ReadAction","target":["https:\/\/tene.ee\/pt-pt\/toode\/torusaun-kerava-o-210-x-267-cm\/"]}]},{"@type":"ImageObject","inLanguage":"pt-PT","@id":"https:\/\/tene.ee\/pt-pt\/toode\/torusaun-kerava-o-210-x-267-cm\/#primaryimage","url":"https:\/\/tene.ee\/wp-content\/uploads\/2024\/07\/Kerava-1-1.jpg","contentUrl":"https:\/\/tene.ee\/wp-content\/uploads\/2024\/07\/Kerava-1-1.jpg","width":2500,"height":1667},{"@type":"BreadcrumbList","@id":"https:\/\/tene.ee\/pt-pt\/toode\/torusaun-kerava-o-210-x-267-cm\/#breadcrumb","itemListElement":[{"@type":"ListItem","position":1,"name":"Avaleht","item":"https:\/\/tene.ee\/pt-pt\/"},{"@type":"ListItem","position":2,"name":"Todos os produtos","item":"http:\/\/tene.ee\/pt-pt\/koik-tooted\/"},{"@type":"ListItem","position":3,"name":"Sauna barril Kerava \u00d8 210 x 267 cm"}]},{"@type":"WebSite","@id":"https:\/\/tene.ee\/pt-pt\/#website","url":"https:\/\/tene.ee\/pt-pt\/","name":"Tene.ee - Kaunite hetkede jaoks sinu aias","description":"Tene.ee - parimad puit- ja aiamajad otse tootjalt","publisher":{"@id":"https:\/\/tene.ee\/pt-pt\/#organization"},"alternateName":"Tene.ee","potentialAction":[{"@type":"SearchAction","target":{"@type":"EntryPoint","urlTemplate":"https:\/\/tene.ee\/pt-pt\/?s={search_term_string}"},"query-input":{"@type":"PropertyValueSpecification","valueRequired":true,"valueName":"search_term_string"}}],"inLanguage":"pt-PT"},{"@type":"Organization","@id":"https:\/\/tene.ee\/pt-pt\/#organization","name":"Tene.ee","url":"https:\/\/tene.ee\/pt-pt\/","logo":{"@type":"ImageObject","inLanguage":"pt-PT","@id":"https:\/\/tene.ee\/pt-pt\/#\/schema\/logo\/image\/","url":"https:\/\/tene.ee\/wp-content\/uploads\/2024\/12\/TENE-logo-2018-2.png","contentUrl":"https:\/\/tene.ee\/wp-content\/uploads\/2024\/12\/TENE-logo-2018-2.png","width":2339,"height":1654,"caption":"Tene.ee"},"image":{"@id":"https:\/\/tene.ee\/pt-pt\/#\/schema\/logo\/image\/"},"sameAs":["https:\/\/www.facebook.com\/teneaiamajad"]}]}},"_links":{"self":[{"href":"https:\/\/tene.ee\/pt-pt\/wp-json\/wp\/v2\/product\/19158","targetHints":{"allow":["GET"]}}],"collection":[{"href":"https:\/\/tene.ee\/pt-pt\/wp-json\/wp\/v2\/product"}],"about":[{"href":"https:\/\/tene.ee\/pt-pt\/wp-json\/wp\/v2\/types\/product"}],"wp:featuredmedia":[{"embeddable":true,"href":"https:\/\/tene.ee\/pt-pt\/wp-json\/wp\/v2\/media\/19164"}],"wp:attachment":[{"href":"https:\/\/tene.ee\/pt-pt\/wp-json\/wp\/v2\/media?parent=19158"}],"wp:term":[{"taxonomy":"product_brand","embeddable":true,"href":"https:\/\/tene.ee\/pt-pt\/wp-json\/wp\/v2\/product_brand?post=19158"},{"taxonomy":"product_cat","embeddable":true,"href":"https:\/\/tene.ee\/pt-pt\/wp-json\/wp\/v2\/product_cat?post=19158"},{"taxonomy":"product_tag","embeddable":true,"href":"https:\/\/tene.ee\/pt-pt\/wp-json\/wp\/v2\/product_tag?post=19158"}],"curies":[{"name":"wp","href":"https:\/\/api.w.org\/{rel}","templated":true}]}}