{"id":19129,"date":"2024-07-12T16:32:38","date_gmt":"2024-07-12T13:32:38","guid":{"rendered":"https:\/\/tene.ee\/toode\/kumblustunni-ahi\/"},"modified":"2026-04-15T14:11:09","modified_gmt":"2026-04-15T11:11:09","slug":"kumblustunni-ahi","status":"publish","type":"product","link":"https:\/\/tene.ee\/pt-pt\/toode\/kumblustunni-ahi\/","title":{"rendered":"K\u00fcmblust\u00fcnni ahi"},"content":{"rendered":"<p>Komplekti kuulub 2 meetri k\u00f5rgune roostevabast terasest korsten, \u00fchenduskomplekt ahju \u00fchendamiseks t\u00fcnni k\u00fclge, voolikud ja klambrid.<br \/>\nMerealumiiniumist v\u00e4list k\u00fcmblust\u00fcnni ahju on v\u00f5imalik k\u00fctta kuni 50 cm pikkade puudega, kuid vee soojenemist kiirendab k\u00fcttes ahju puitbriketiga.<br \/>\nAhju k\u00fctmisel l\u00e4hevad tuliseks korsten ja ahju uks, muud ahju pinnad on samal temperatuuril, milline on vee temperatuur t\u00fcnnis.<\/p>\n<p>T\u00fcnnisauna soojaks k\u00fctmise aeg s\u00f5ltub lisaks ka aastaajast, mist\u00f5ttu talvel v\u00f5ib k\u00fctmise aeg olla oluliselt pikem v\u00f5rreldes suvise ajaga, kus t\u00fcnn soojeneb kiiremini.<\/p>\n","protected":false},"excerpt":{"rendered":"<p>K\u00fcmblust\u00fcnni 30KW v\u00e4lisahi on valmistatud kvaliteetsest merealumiiniumist, mis on k\u00f5rge korrosioonitaluvusega ning kiire soojusvahetusega.<\/p>\n","protected":false},"featured_media":19130,"template":"","meta":{"_acf_changed":false},"product_brand":[],"product_cat":[603],"product_tag":[],"class_list":{"0":"post-19129","1":"product","2":"type-product","3":"status-publish","4":"has-post-thumbnail","6":"product_cat-banheiras-de-hidromassagem","8":"first","9":"instock","10":"sale","11":"purchasable","12":"product-type-simple"},"acf":[],"yoast_head":"<!-- This site is optimized with the Yoast SEO plugin v27.4 - https:\/\/yoast.com\/product\/yoast-seo-wordpress\/ -->\n<title>Tene.ee - K\u00fcmblust\u00fcnni ahi<\/title>\n<meta name=\"description\" content=\"Tene.ee K\u00fcmblust\u00fcnni ahi\" \/>\n<meta name=\"robots\" content=\"index, follow, max-snippet:-1, max-image-preview:large, max-video-preview:-1\" \/>\n<link rel=\"canonical\" href=\"https:\/\/tene.ee\/pt-pt\/toode\/kumblustunni-ahi\/\" \/>\n<meta property=\"og:locale\" content=\"pt_PT\" \/>\n<meta property=\"og:type\" content=\"article\" \/>\n<meta property=\"og:title\" content=\"Tene.ee - K\u00fcmblust\u00fcnni ahi\" \/>\n<meta property=\"og:description\" content=\"Tene.ee K\u00fcmblust\u00fcnni ahi\" \/>\n<meta property=\"og:url\" content=\"https:\/\/tene.ee\/pt-pt\/toode\/kumblustunni-ahi\/\" \/>\n<meta property=\"og:site_name\" content=\"Tene.ee\" \/>\n<meta property=\"article:publisher\" content=\"https:\/\/www.facebook.com\/teneaiamajad\" \/>\n<meta property=\"article:modified_time\" content=\"2026-04-15T11:11:09+00:00\" \/>\n<meta property=\"og:image\" content=\"https:\/\/tene.ee\/wp-content\/uploads\/2024\/07\/ahi_1.jpg\" \/>\n\t<meta property=\"og:image:width\" content=\"418\" \/>\n\t<meta property=\"og:image:height\" content=\"316\" \/>\n\t<meta property=\"og:image:type\" content=\"image\/jpeg\" \/>\n<meta name=\"twitter:card\" content=\"summary_large_image\" \/>\n<meta name=\"twitter:label1\" content=\"Tempo estimado de leitura\" \/>\n\t<meta name=\"twitter:data1\" content=\"1 minuto\" \/>\n<script type=\"application\/ld+json\" class=\"yoast-schema-graph\">{\"@context\":\"https:\\\/\\\/schema.org\",\"@graph\":[{\"@type\":\"WebPage\",\"@id\":\"https:\\\/\\\/tene.ee\\\/pt-pt\\\/toode\\\/kumblustunni-ahi\\\/\",\"url\":\"https:\\\/\\\/tene.ee\\\/pt-pt\\\/toode\\\/kumblustunni-ahi\\\/\",\"name\":\"Tene.ee - K\u00fcmblust\u00fcnni ahi\",\"isPartOf\":{\"@id\":\"https:\\\/\\\/tene.ee\\\/pt-pt\\\/#website\"},\"primaryImageOfPage\":{\"@id\":\"https:\\\/\\\/tene.ee\\\/pt-pt\\\/toode\\\/kumblustunni-ahi\\\/#primaryimage\"},\"image\":{\"@id\":\"https:\\\/\\\/tene.ee\\\/pt-pt\\\/toode\\\/kumblustunni-ahi\\\/#primaryimage\"},\"thumbnailUrl\":\"https:\\\/\\\/tene.ee\\\/wp-content\\\/uploads\\\/2024\\\/07\\\/ahi_1.jpg\",\"datePublished\":\"2024-07-12T13:32:38+00:00\",\"dateModified\":\"2026-04-15T11:11:09+00:00\",\"description\":\"Tene.ee K\u00fcmblust\u00fcnni ahi\",\"breadcrumb\":{\"@id\":\"https:\\\/\\\/tene.ee\\\/pt-pt\\\/toode\\\/kumblustunni-ahi\\\/#breadcrumb\"},\"inLanguage\":\"pt-PT\",\"potentialAction\":[{\"@type\":\"ReadAction\",\"target\":[\"https:\\\/\\\/tene.ee\\\/pt-pt\\\/toode\\\/kumblustunni-ahi\\\/\"]}]},{\"@type\":\"ImageObject\",\"inLanguage\":\"pt-PT\",\"@id\":\"https:\\\/\\\/tene.ee\\\/pt-pt\\\/toode\\\/kumblustunni-ahi\\\/#primaryimage\",\"url\":\"https:\\\/\\\/tene.ee\\\/wp-content\\\/uploads\\\/2024\\\/07\\\/ahi_1.jpg\",\"contentUrl\":\"https:\\\/\\\/tene.ee\\\/wp-content\\\/uploads\\\/2024\\\/07\\\/ahi_1.jpg\",\"width\":418,\"height\":316},{\"@type\":\"BreadcrumbList\",\"@id\":\"https:\\\/\\\/tene.ee\\\/pt-pt\\\/toode\\\/kumblustunni-ahi\\\/#breadcrumb\",\"itemListElement\":[{\"@type\":\"ListItem\",\"position\":1,\"name\":\"Avaleht\",\"item\":\"https:\\\/\\\/tene.ee\\\/pt-pt\\\/\"},{\"@type\":\"ListItem\",\"position\":2,\"name\":\"Todos os produtos\",\"item\":\"http:\\\/\\\/tene.ee\\\/pt-pt\\\/koik-tooted\\\/\"},{\"@type\":\"ListItem\",\"position\":3,\"name\":\"K\u00fcmblust\u00fcnni ahi\"}]},{\"@type\":\"WebSite\",\"@id\":\"https:\\\/\\\/tene.ee\\\/pt-pt\\\/#website\",\"url\":\"https:\\\/\\\/tene.ee\\\/pt-pt\\\/\",\"name\":\"Tene.ee - Kaunite hetkede jaoks sinu aias\",\"description\":\"Tene.ee - parimad puit- ja aiamajad otse tootjalt\",\"publisher\":{\"@id\":\"https:\\\/\\\/tene.ee\\\/pt-pt\\\/#organization\"},\"alternateName\":\"Tene.ee\",\"potentialAction\":[{\"@type\":\"SearchAction\",\"target\":{\"@type\":\"EntryPoint\",\"urlTemplate\":\"https:\\\/\\\/tene.ee\\\/pt-pt\\\/?s={search_term_string}\"},\"query-input\":{\"@type\":\"PropertyValueSpecification\",\"valueRequired\":true,\"valueName\":\"search_term_string\"}}],\"inLanguage\":\"pt-PT\"},{\"@type\":\"Organization\",\"@id\":\"https:\\\/\\\/tene.ee\\\/pt-pt\\\/#organization\",\"name\":\"Tene.ee\",\"url\":\"https:\\\/\\\/tene.ee\\\/pt-pt\\\/\",\"logo\":{\"@type\":\"ImageObject\",\"inLanguage\":\"pt-PT\",\"@id\":\"https:\\\/\\\/tene.ee\\\/pt-pt\\\/#\\\/schema\\\/logo\\\/image\\\/\",\"url\":\"https:\\\/\\\/tene.ee\\\/wp-content\\\/uploads\\\/2024\\\/12\\\/TENE-logo-2018-2.png\",\"contentUrl\":\"https:\\\/\\\/tene.ee\\\/wp-content\\\/uploads\\\/2024\\\/12\\\/TENE-logo-2018-2.png\",\"width\":2339,\"height\":1654,\"caption\":\"Tene.ee\"},\"image\":{\"@id\":\"https:\\\/\\\/tene.ee\\\/pt-pt\\\/#\\\/schema\\\/logo\\\/image\\\/\"},\"sameAs\":[\"https:\\\/\\\/www.facebook.com\\\/teneaiamajad\"]}]}<\/script>\n<!-- \/ Yoast SEO plugin. -->","yoast_head_json":{"title":"Tene.ee - K\u00fcmblust\u00fcnni ahi","description":"Tene.ee K\u00fcmblust\u00fcnni ahi","robots":{"index":"index","follow":"follow","max-snippet":"max-snippet:-1","max-image-preview":"max-image-preview:large","max-video-preview":"max-video-preview:-1"},"canonical":"https:\/\/tene.ee\/pt-pt\/toode\/kumblustunni-ahi\/","og_locale":"pt_PT","og_type":"article","og_title":"Tene.ee - K\u00fcmblust\u00fcnni ahi","og_description":"Tene.ee K\u00fcmblust\u00fcnni ahi","og_url":"https:\/\/tene.ee\/pt-pt\/toode\/kumblustunni-ahi\/","og_site_name":"Tene.ee","article_publisher":"https:\/\/www.facebook.com\/teneaiamajad","article_modified_time":"2026-04-15T11:11:09+00:00","og_image":[{"width":418,"height":316,"url":"https:\/\/tene.ee\/wp-content\/uploads\/2024\/07\/ahi_1.jpg","type":"image\/jpeg"}],"twitter_card":"summary_large_image","twitter_misc":{"Tempo estimado de leitura":"1 minuto"},"schema":{"@context":"https:\/\/schema.org","@graph":[{"@type":"WebPage","@id":"https:\/\/tene.ee\/pt-pt\/toode\/kumblustunni-ahi\/","url":"https:\/\/tene.ee\/pt-pt\/toode\/kumblustunni-ahi\/","name":"Tene.ee - K\u00fcmblust\u00fcnni ahi","isPartOf":{"@id":"https:\/\/tene.ee\/pt-pt\/#website"},"primaryImageOfPage":{"@id":"https:\/\/tene.ee\/pt-pt\/toode\/kumblustunni-ahi\/#primaryimage"},"image":{"@id":"https:\/\/tene.ee\/pt-pt\/toode\/kumblustunni-ahi\/#primaryimage"},"thumbnailUrl":"https:\/\/tene.ee\/wp-content\/uploads\/2024\/07\/ahi_1.jpg","datePublished":"2024-07-12T13:32:38+00:00","dateModified":"2026-04-15T11:11:09+00:00","description":"Tene.ee K\u00fcmblust\u00fcnni ahi","breadcrumb":{"@id":"https:\/\/tene.ee\/pt-pt\/toode\/kumblustunni-ahi\/#breadcrumb"},"inLanguage":"pt-PT","potentialAction":[{"@type":"ReadAction","target":["https:\/\/tene.ee\/pt-pt\/toode\/kumblustunni-ahi\/"]}]},{"@type":"ImageObject","inLanguage":"pt-PT","@id":"https:\/\/tene.ee\/pt-pt\/toode\/kumblustunni-ahi\/#primaryimage","url":"https:\/\/tene.ee\/wp-content\/uploads\/2024\/07\/ahi_1.jpg","contentUrl":"https:\/\/tene.ee\/wp-content\/uploads\/2024\/07\/ahi_1.jpg","width":418,"height":316},{"@type":"BreadcrumbList","@id":"https:\/\/tene.ee\/pt-pt\/toode\/kumblustunni-ahi\/#breadcrumb","itemListElement":[{"@type":"ListItem","position":1,"name":"Avaleht","item":"https:\/\/tene.ee\/pt-pt\/"},{"@type":"ListItem","position":2,"name":"Todos os produtos","item":"http:\/\/tene.ee\/pt-pt\/koik-tooted\/"},{"@type":"ListItem","position":3,"name":"K\u00fcmblust\u00fcnni ahi"}]},{"@type":"WebSite","@id":"https:\/\/tene.ee\/pt-pt\/#website","url":"https:\/\/tene.ee\/pt-pt\/","name":"Tene.ee - Kaunite hetkede jaoks sinu aias","description":"Tene.ee - parimad puit- ja aiamajad otse tootjalt","publisher":{"@id":"https:\/\/tene.ee\/pt-pt\/#organization"},"alternateName":"Tene.ee","potentialAction":[{"@type":"SearchAction","target":{"@type":"EntryPoint","urlTemplate":"https:\/\/tene.ee\/pt-pt\/?s={search_term_string}"},"query-input":{"@type":"PropertyValueSpecification","valueRequired":true,"valueName":"search_term_string"}}],"inLanguage":"pt-PT"},{"@type":"Organization","@id":"https:\/\/tene.ee\/pt-pt\/#organization","name":"Tene.ee","url":"https:\/\/tene.ee\/pt-pt\/","logo":{"@type":"ImageObject","inLanguage":"pt-PT","@id":"https:\/\/tene.ee\/pt-pt\/#\/schema\/logo\/image\/","url":"https:\/\/tene.ee\/wp-content\/uploads\/2024\/12\/TENE-logo-2018-2.png","contentUrl":"https:\/\/tene.ee\/wp-content\/uploads\/2024\/12\/TENE-logo-2018-2.png","width":2339,"height":1654,"caption":"Tene.ee"},"image":{"@id":"https:\/\/tene.ee\/pt-pt\/#\/schema\/logo\/image\/"},"sameAs":["https:\/\/www.facebook.com\/teneaiamajad"]}]}},"_links":{"self":[{"href":"https:\/\/tene.ee\/pt-pt\/wp-json\/wp\/v2\/product\/19129","targetHints":{"allow":["GET"]}}],"collection":[{"href":"https:\/\/tene.ee\/pt-pt\/wp-json\/wp\/v2\/product"}],"about":[{"href":"https:\/\/tene.ee\/pt-pt\/wp-json\/wp\/v2\/types\/product"}],"wp:featuredmedia":[{"embeddable":true,"href":"https:\/\/tene.ee\/pt-pt\/wp-json\/wp\/v2\/media\/19130"}],"wp:attachment":[{"href":"https:\/\/tene.ee\/pt-pt\/wp-json\/wp\/v2\/media?parent=19129"}],"wp:term":[{"taxonomy":"product_brand","embeddable":true,"href":"https:\/\/tene.ee\/pt-pt\/wp-json\/wp\/v2\/product_brand?post=19129"},{"taxonomy":"product_cat","embeddable":true,"href":"https:\/\/tene.ee\/pt-pt\/wp-json\/wp\/v2\/product_cat?post=19129"},{"taxonomy":"product_tag","embeddable":true,"href":"https:\/\/tene.ee\/pt-pt\/wp-json\/wp\/v2\/product_tag?post=19129"}],"curies":[{"name":"wp","href":"https:\/\/api.w.org\/{rel}","templated":true}]}}