{"id":18531,"date":"2024-07-12T17:09:14","date_gmt":"2024-07-12T14:09:14","guid":{"rendered":"https:\/\/tene.ee\/toode\/aiamaja-gaudiela-28\/"},"modified":"2025-07-28T23:03:05","modified_gmt":"2025-07-28T20:03:05","slug":"aiamaja-gaudiela-28","status":"publish","type":"product","link":"https:\/\/tene.ee\/pt-pt\/toode\/aiamaja-gaudiela-28\/","title":{"rendered":"Aiamaja Gaudiela 28"},"content":{"rendered":"<p>O conjunto de casas de jardim, casas de toras, abrigos, pavilh\u00f5es, saunas, casas de veraneio, churrasqueiras e garagens de madeira de 28 mm produzido pela f\u00e1brica de jardins e casas de madeira Tene inclui portas, janelas (dependendo do modelo, o conjunto de produtos pode n\u00e3o incluir nenhum , uma ou mais janelas), piso, fixadores e instru\u00e7\u00f5es de instala\u00e7\u00e3o que tornam a constru\u00e7\u00e3o de uma casa de jardim f\u00e1cil e menos demorada O conjunto de casa de jardim Tene com espessura de parede de 28 mm de acordo com o modelo inclui: Abeto 100% n\u00f3rdico de alta qualidade utilizado. como material de madeira Portas duplas e janelas em madeira especial colada a seco (8%-12%) Porta com pacote de vidro, inclui acess\u00f3rios Portas de painel de madeira como portas interiores Janelas com pacote de vidro, incluindo acess\u00f3rios Pavimento e teto, em perfil de 18 mm de espessura t\u00e1bua Vigas de funda\u00e7\u00e3o de madeira autoclavada Molduras de tempestade Fixadores (pregos e parafusos) Instru\u00e7\u00f5es de instala\u00e7\u00e3o Os pre\u00e7os s\u00e3o de f\u00e1brica e incluem IVA. O pre\u00e7o n\u00e3o inclui transporte do produto.<\/p>\n","protected":false},"excerpt":{"rendered":"<p>O pre\u00e7o inclui porta e janelas de madeira lamelada com vidro, pacote de soleira em a\u00e7o inoxid\u00e1vel, piso, betonilhas impregnadas, fixadores e instru\u00e7\u00f5es de instala\u00e7\u00e3o. O pre\u00e7o n\u00e3o inclui transporte e material de cobertura.<\/p>\n","protected":false},"featured_media":18532,"template":"","meta":{"_acf_changed":false},"product_brand":[],"product_cat":[588,590,887,622],"product_tag":[],"class_list":{"0":"post-18531","1":"product","2":"type-product","3":"status-publish","4":"has-post-thumbnail","6":"product_cat-casas-de-jardim","7":"product_cat-casas-de-jardim-40-mm","8":"product_cat-casas-de-jardim-com-varios-ambientes-de-28-e-40-mm","9":"product_cat-novos-produtos","10":"product_shipping_class-390e-pt-pt-2","11":"pa_pindala-20-40-m2-pt-pt","13":"first","14":"onbackorder","15":"sale","16":"purchasable","17":"product-type-simple"},"acf":[],"yoast_head":"<!-- This site is optimized with the Yoast SEO plugin v27.3 - https:\/\/yoast.com\/product\/yoast-seo-wordpress\/ -->\n<title>Tene.ee - Aiamaja Gaudiela 28<\/title>\n<meta name=\"description\" content=\"Tene.ee Aiamaja Gaudiela 28\" \/>\n<meta name=\"robots\" content=\"index, follow, max-snippet:-1, max-image-preview:large, max-video-preview:-1\" \/>\n<link rel=\"canonical\" href=\"https:\/\/tene.ee\/pt-pt\/toode\/aiamaja-gaudiela-28\/\" \/>\n<meta property=\"og:locale\" content=\"pt_PT\" \/>\n<meta property=\"og:type\" content=\"article\" \/>\n<meta property=\"og:title\" content=\"Tene.ee - Aiamaja Gaudiela 28\" \/>\n<meta property=\"og:description\" content=\"Tene.ee Aiamaja Gaudiela 28\" \/>\n<meta property=\"og:url\" content=\"https:\/\/tene.ee\/pt-pt\/toode\/aiamaja-gaudiela-28\/\" \/>\n<meta property=\"og:site_name\" content=\"Tene.ee\" \/>\n<meta property=\"article:publisher\" content=\"https:\/\/www.facebook.com\/teneaiamajad\" \/>\n<meta property=\"article:modified_time\" content=\"2025-07-28T20:03:05+00:00\" \/>\n<meta property=\"og:image\" content=\"http:\/\/tene.ee\/wp-content\/uploads\/2024\/07\/Gaudiela.jpg\" \/>\n\t<meta property=\"og:image:width\" content=\"1600\" \/>\n\t<meta property=\"og:image:height\" content=\"1067\" \/>\n\t<meta property=\"og:image:type\" content=\"image\/jpeg\" \/>\n<meta name=\"twitter:card\" content=\"summary_large_image\" \/>\n<meta name=\"twitter:label1\" content=\"Tempo estimado de leitura\" \/>\n\t<meta name=\"twitter:data1\" content=\"2 minutos\" \/>\n<script type=\"application\/ld+json\" class=\"yoast-schema-graph\">{\"@context\":\"https:\\\/\\\/schema.org\",\"@graph\":[{\"@type\":\"WebPage\",\"@id\":\"https:\\\/\\\/tene.ee\\\/pt-pt\\\/toode\\\/aiamaja-gaudiela-28\\\/\",\"url\":\"https:\\\/\\\/tene.ee\\\/pt-pt\\\/toode\\\/aiamaja-gaudiela-28\\\/\",\"name\":\"Tene.ee - Aiamaja Gaudiela 28\",\"isPartOf\":{\"@id\":\"https:\\\/\\\/tene.ee\\\/pt-pt\\\/#website\"},\"primaryImageOfPage\":{\"@id\":\"https:\\\/\\\/tene.ee\\\/pt-pt\\\/toode\\\/aiamaja-gaudiela-28\\\/#primaryimage\"},\"image\":{\"@id\":\"https:\\\/\\\/tene.ee\\\/pt-pt\\\/toode\\\/aiamaja-gaudiela-28\\\/#primaryimage\"},\"thumbnailUrl\":\"https:\\\/\\\/tene.ee\\\/wp-content\\\/uploads\\\/2024\\\/07\\\/Gaudiela.jpg\",\"datePublished\":\"2024-07-12T14:09:14+00:00\",\"dateModified\":\"2025-07-28T20:03:05+00:00\",\"description\":\"Tene.ee Aiamaja Gaudiela 28\",\"breadcrumb\":{\"@id\":\"https:\\\/\\\/tene.ee\\\/pt-pt\\\/toode\\\/aiamaja-gaudiela-28\\\/#breadcrumb\"},\"inLanguage\":\"pt-PT\",\"potentialAction\":[{\"@type\":\"ReadAction\",\"target\":[\"https:\\\/\\\/tene.ee\\\/pt-pt\\\/toode\\\/aiamaja-gaudiela-28\\\/\"]}]},{\"@type\":\"ImageObject\",\"inLanguage\":\"pt-PT\",\"@id\":\"https:\\\/\\\/tene.ee\\\/pt-pt\\\/toode\\\/aiamaja-gaudiela-28\\\/#primaryimage\",\"url\":\"https:\\\/\\\/tene.ee\\\/wp-content\\\/uploads\\\/2024\\\/07\\\/Gaudiela.jpg\",\"contentUrl\":\"https:\\\/\\\/tene.ee\\\/wp-content\\\/uploads\\\/2024\\\/07\\\/Gaudiela.jpg\",\"width\":1600,\"height\":1067},{\"@type\":\"BreadcrumbList\",\"@id\":\"https:\\\/\\\/tene.ee\\\/pt-pt\\\/toode\\\/aiamaja-gaudiela-28\\\/#breadcrumb\",\"itemListElement\":[{\"@type\":\"ListItem\",\"position\":1,\"name\":\"Avaleht\",\"item\":\"https:\\\/\\\/tene.ee\\\/pt-pt\\\/\"},{\"@type\":\"ListItem\",\"position\":2,\"name\":\"Todos os produtos\",\"item\":\"http:\\\/\\\/tene.ee\\\/pt-pt\\\/koik-tooted\\\/\"},{\"@type\":\"ListItem\",\"position\":3,\"name\":\"Aiamaja Gaudiela 28\"}]},{\"@type\":\"WebSite\",\"@id\":\"https:\\\/\\\/tene.ee\\\/pt-pt\\\/#website\",\"url\":\"https:\\\/\\\/tene.ee\\\/pt-pt\\\/\",\"name\":\"Tene.ee - Kaunite hetkede jaoks sinu aias\",\"description\":\"Tene.ee - parimad puit- ja aiamajad otse tootjalt\",\"publisher\":{\"@id\":\"https:\\\/\\\/tene.ee\\\/pt-pt\\\/#organization\"},\"alternateName\":\"Tene.ee\",\"potentialAction\":[{\"@type\":\"SearchAction\",\"target\":{\"@type\":\"EntryPoint\",\"urlTemplate\":\"https:\\\/\\\/tene.ee\\\/pt-pt\\\/?s={search_term_string}\"},\"query-input\":{\"@type\":\"PropertyValueSpecification\",\"valueRequired\":true,\"valueName\":\"search_term_string\"}}],\"inLanguage\":\"pt-PT\"},{\"@type\":\"Organization\",\"@id\":\"https:\\\/\\\/tene.ee\\\/pt-pt\\\/#organization\",\"name\":\"Tene.ee\",\"url\":\"https:\\\/\\\/tene.ee\\\/pt-pt\\\/\",\"logo\":{\"@type\":\"ImageObject\",\"inLanguage\":\"pt-PT\",\"@id\":\"https:\\\/\\\/tene.ee\\\/pt-pt\\\/#\\\/schema\\\/logo\\\/image\\\/\",\"url\":\"https:\\\/\\\/tene.ee\\\/wp-content\\\/uploads\\\/2024\\\/12\\\/TENE-logo-2018-2.png\",\"contentUrl\":\"https:\\\/\\\/tene.ee\\\/wp-content\\\/uploads\\\/2024\\\/12\\\/TENE-logo-2018-2.png\",\"width\":2339,\"height\":1654,\"caption\":\"Tene.ee\"},\"image\":{\"@id\":\"https:\\\/\\\/tene.ee\\\/pt-pt\\\/#\\\/schema\\\/logo\\\/image\\\/\"},\"sameAs\":[\"https:\\\/\\\/www.facebook.com\\\/teneaiamajad\"]}]}<\/script>\n<!-- \/ Yoast SEO plugin. -->","yoast_head_json":{"title":"Tene.ee - Aiamaja Gaudiela 28","description":"Tene.ee Aiamaja Gaudiela 28","robots":{"index":"index","follow":"follow","max-snippet":"max-snippet:-1","max-image-preview":"max-image-preview:large","max-video-preview":"max-video-preview:-1"},"canonical":"https:\/\/tene.ee\/pt-pt\/toode\/aiamaja-gaudiela-28\/","og_locale":"pt_PT","og_type":"article","og_title":"Tene.ee - Aiamaja Gaudiela 28","og_description":"Tene.ee Aiamaja Gaudiela 28","og_url":"https:\/\/tene.ee\/pt-pt\/toode\/aiamaja-gaudiela-28\/","og_site_name":"Tene.ee","article_publisher":"https:\/\/www.facebook.com\/teneaiamajad","article_modified_time":"2025-07-28T20:03:05+00:00","og_image":[{"width":1600,"height":1067,"url":"http:\/\/tene.ee\/wp-content\/uploads\/2024\/07\/Gaudiela.jpg","type":"image\/jpeg"}],"twitter_card":"summary_large_image","twitter_misc":{"Tempo estimado de leitura":"2 minutos"},"schema":{"@context":"https:\/\/schema.org","@graph":[{"@type":"WebPage","@id":"https:\/\/tene.ee\/pt-pt\/toode\/aiamaja-gaudiela-28\/","url":"https:\/\/tene.ee\/pt-pt\/toode\/aiamaja-gaudiela-28\/","name":"Tene.ee - Aiamaja Gaudiela 28","isPartOf":{"@id":"https:\/\/tene.ee\/pt-pt\/#website"},"primaryImageOfPage":{"@id":"https:\/\/tene.ee\/pt-pt\/toode\/aiamaja-gaudiela-28\/#primaryimage"},"image":{"@id":"https:\/\/tene.ee\/pt-pt\/toode\/aiamaja-gaudiela-28\/#primaryimage"},"thumbnailUrl":"https:\/\/tene.ee\/wp-content\/uploads\/2024\/07\/Gaudiela.jpg","datePublished":"2024-07-12T14:09:14+00:00","dateModified":"2025-07-28T20:03:05+00:00","description":"Tene.ee Aiamaja Gaudiela 28","breadcrumb":{"@id":"https:\/\/tene.ee\/pt-pt\/toode\/aiamaja-gaudiela-28\/#breadcrumb"},"inLanguage":"pt-PT","potentialAction":[{"@type":"ReadAction","target":["https:\/\/tene.ee\/pt-pt\/toode\/aiamaja-gaudiela-28\/"]}]},{"@type":"ImageObject","inLanguage":"pt-PT","@id":"https:\/\/tene.ee\/pt-pt\/toode\/aiamaja-gaudiela-28\/#primaryimage","url":"https:\/\/tene.ee\/wp-content\/uploads\/2024\/07\/Gaudiela.jpg","contentUrl":"https:\/\/tene.ee\/wp-content\/uploads\/2024\/07\/Gaudiela.jpg","width":1600,"height":1067},{"@type":"BreadcrumbList","@id":"https:\/\/tene.ee\/pt-pt\/toode\/aiamaja-gaudiela-28\/#breadcrumb","itemListElement":[{"@type":"ListItem","position":1,"name":"Avaleht","item":"https:\/\/tene.ee\/pt-pt\/"},{"@type":"ListItem","position":2,"name":"Todos os produtos","item":"http:\/\/tene.ee\/pt-pt\/koik-tooted\/"},{"@type":"ListItem","position":3,"name":"Aiamaja Gaudiela 28"}]},{"@type":"WebSite","@id":"https:\/\/tene.ee\/pt-pt\/#website","url":"https:\/\/tene.ee\/pt-pt\/","name":"Tene.ee - Kaunite hetkede jaoks sinu aias","description":"Tene.ee - parimad puit- ja aiamajad otse tootjalt","publisher":{"@id":"https:\/\/tene.ee\/pt-pt\/#organization"},"alternateName":"Tene.ee","potentialAction":[{"@type":"SearchAction","target":{"@type":"EntryPoint","urlTemplate":"https:\/\/tene.ee\/pt-pt\/?s={search_term_string}"},"query-input":{"@type":"PropertyValueSpecification","valueRequired":true,"valueName":"search_term_string"}}],"inLanguage":"pt-PT"},{"@type":"Organization","@id":"https:\/\/tene.ee\/pt-pt\/#organization","name":"Tene.ee","url":"https:\/\/tene.ee\/pt-pt\/","logo":{"@type":"ImageObject","inLanguage":"pt-PT","@id":"https:\/\/tene.ee\/pt-pt\/#\/schema\/logo\/image\/","url":"https:\/\/tene.ee\/wp-content\/uploads\/2024\/12\/TENE-logo-2018-2.png","contentUrl":"https:\/\/tene.ee\/wp-content\/uploads\/2024\/12\/TENE-logo-2018-2.png","width":2339,"height":1654,"caption":"Tene.ee"},"image":{"@id":"https:\/\/tene.ee\/pt-pt\/#\/schema\/logo\/image\/"},"sameAs":["https:\/\/www.facebook.com\/teneaiamajad"]}]}},"_links":{"self":[{"href":"https:\/\/tene.ee\/pt-pt\/wp-json\/wp\/v2\/product\/18531","targetHints":{"allow":["GET"]}}],"collection":[{"href":"https:\/\/tene.ee\/pt-pt\/wp-json\/wp\/v2\/product"}],"about":[{"href":"https:\/\/tene.ee\/pt-pt\/wp-json\/wp\/v2\/types\/product"}],"wp:featuredmedia":[{"embeddable":true,"href":"https:\/\/tene.ee\/pt-pt\/wp-json\/wp\/v2\/media\/18532"}],"wp:attachment":[{"href":"https:\/\/tene.ee\/pt-pt\/wp-json\/wp\/v2\/media?parent=18531"}],"wp:term":[{"taxonomy":"product_brand","embeddable":true,"href":"https:\/\/tene.ee\/pt-pt\/wp-json\/wp\/v2\/product_brand?post=18531"},{"taxonomy":"product_cat","embeddable":true,"href":"https:\/\/tene.ee\/pt-pt\/wp-json\/wp\/v2\/product_cat?post=18531"},{"taxonomy":"product_tag","embeddable":true,"href":"https:\/\/tene.ee\/pt-pt\/wp-json\/wp\/v2\/product_tag?post=18531"}],"curies":[{"name":"wp","href":"https:\/\/api.w.org\/{rel}","templated":true}]}}