{"id":65537,"date":"2024-11-12T14:05:50","date_gmt":"2024-11-12T12:05:50","guid":{"rendered":"https:\/\/tene.ee\/toode\/szopa-drewniana-tobiasz-20m2\/"},"modified":"2024-11-28T12:04:17","modified_gmt":"2024-11-28T10:04:17","slug":"szopa-drewniana-tobiasz-20m2","status":"publish","type":"product","link":"https:\/\/tene.ee\/pl\/toode\/szopa-drewniana-tobiasz-20m2\/","title":{"rendered":"Szopa drewniana Tobiasz 10m2"},"content":{"rendered":"<p>Zestaw drewnianej szopy Tene Tobias 10m2 zawiera: \u015bcian\u0119 40 x 143 mm krokwie 40 x 143 mm okapy i deski ko\u0144cowe 40 x 143 mm szeroko\u015b\u0107 \u015bciany przedniej pomi\u0119dzy deskami \u015bciennymi 3000 mm (d\u0142ugo\u015b\u0107 deski \u015bciennej 3180 mm) d\u0142ugo\u015b\u0107 boku \u015bciana 3300 mm (d\u0142ugo\u015b\u0107 deski \u015bciennej 3480 mm) wysoko\u015b\u0107 \u015bciany bocznej 1720 mm 2680 mm d\u0142ugo\u015b\u0107 kalenicy 4160 mm drzwi dwustronne 1518 x 1650 mm \u0142\u0105czniki dachowe p\u0142yta profilowa o grubo\u015bci 18 mm W zestawie szopa z drewna Tene z pod\u0142og\u0105 : deski impregnowane 45 x 70 mm deski nieheblowane 32 x 125 mm Ceny obowi\u0105zuj\u0105 w magazynie fabryki Tene i zawieraj\u0105 podatek VAT. Ceny nie obejmuj\u0105 transportu produktu.<\/p>\n","protected":false},"excerpt":{"rendered":"<p>\u0141atwa w monta\u017cu szopa na drewno Tobias to idealne miejsce do przechowywania drewna opa\u0142owego i narz\u0119dzi ogrodowych, kt\u00f3re nie mieszcz\u0105 si\u0119 lub nie mieszcz\u0105 si\u0119 w pomieszczeniach mieszkalnych. Szopa na drewno Tobias jest dost\u0119pna w kilku r\u00f3\u017cnych rozmiarach &#8211; wybierz ten, kt\u00f3ry najbardziej Ci odpowiada! Cena obejmuje drewniane drzwi do szopy, elementy mocuj\u0105ce i rysunek techniczny.<br \/>\nCena nie obejmuje transportu i pokrycia dachowego.<\/p>\n","protected":false},"featured_media":64188,"template":"","meta":{"_acf_changed":false},"product_brand":[],"product_cat":[527],"product_tag":[],"class_list":{"0":"post-65537","1":"product","2":"type-product","3":"status-publish","4":"has-post-thumbnail","6":"product_cat-drewniaki","7":"product_shipping_class-390e-pl-2","9":"first","10":"onbackorder","11":"sale","12":"purchasable","13":"product-type-variable","14":"has-default-attributes"},"acf":[],"yoast_head":"<!-- This site is optimized with the Yoast SEO plugin v27.4 - https:\/\/yoast.com\/product\/yoast-seo-wordpress\/ -->\n<title>Tene.ee - Szopa drewniana Tobiasz 10m2<\/title>\n<meta name=\"description\" content=\"Tene.ee Szopa drewniana Tobiasz 10m2\" \/>\n<meta name=\"robots\" content=\"index, follow, max-snippet:-1, max-image-preview:large, max-video-preview:-1\" \/>\n<link rel=\"canonical\" href=\"https:\/\/tene.ee\/pl\/toode\/szopa-drewniana-tobiasz-20m2\/\" \/>\n<meta property=\"og:locale\" content=\"pl_PL\" \/>\n<meta property=\"og:type\" content=\"article\" \/>\n<meta property=\"og:title\" content=\"Tene.ee - Szopa drewniana Tobiasz 10m2\" \/>\n<meta property=\"og:description\" content=\"Tene.ee Szopa drewniana Tobiasz 10m2\" \/>\n<meta property=\"og:url\" content=\"https:\/\/tene.ee\/pl\/toode\/szopa-drewniana-tobiasz-20m2\/\" \/>\n<meta property=\"og:site_name\" content=\"Tene.ee\" \/>\n<meta property=\"article:publisher\" content=\"https:\/\/www.facebook.com\/teneaiamajad\" \/>\n<meta property=\"article:modified_time\" content=\"2024-11-28T10:04:17+00:00\" \/>\n<meta property=\"og:image\" content=\"http:\/\/tene.ee\/wp-content\/uploads\/2024\/11\/Tobias_20A-1024x683.jpg\" \/>\n\t<meta property=\"og:image:width\" content=\"1024\" \/>\n\t<meta property=\"og:image:height\" content=\"683\" \/>\n\t<meta property=\"og:image:type\" content=\"image\/jpeg\" \/>\n<meta name=\"twitter:card\" content=\"summary_large_image\" \/>\n<script type=\"application\/ld+json\" class=\"yoast-schema-graph\">{\"@context\":\"https:\\\/\\\/schema.org\",\"@graph\":[{\"@type\":\"WebPage\",\"@id\":\"https:\\\/\\\/tene.ee\\\/pl\\\/toode\\\/szopa-drewniana-tobiasz-20m2\\\/\",\"url\":\"https:\\\/\\\/tene.ee\\\/pl\\\/toode\\\/szopa-drewniana-tobiasz-20m2\\\/\",\"name\":\"Tene.ee - Szopa drewniana Tobiasz 10m2\",\"isPartOf\":{\"@id\":\"https:\\\/\\\/tene.ee\\\/pl\\\/#website\"},\"primaryImageOfPage\":{\"@id\":\"https:\\\/\\\/tene.ee\\\/pl\\\/toode\\\/szopa-drewniana-tobiasz-20m2\\\/#primaryimage\"},\"image\":{\"@id\":\"https:\\\/\\\/tene.ee\\\/pl\\\/toode\\\/szopa-drewniana-tobiasz-20m2\\\/#primaryimage\"},\"thumbnailUrl\":\"https:\\\/\\\/tene.ee\\\/wp-content\\\/uploads\\\/2024\\\/11\\\/Tobias_20A.jpg\",\"datePublished\":\"2024-11-12T12:05:50+00:00\",\"dateModified\":\"2024-11-28T10:04:17+00:00\",\"description\":\"Tene.ee Szopa drewniana Tobiasz 10m2\",\"breadcrumb\":{\"@id\":\"https:\\\/\\\/tene.ee\\\/pl\\\/toode\\\/szopa-drewniana-tobiasz-20m2\\\/#breadcrumb\"},\"inLanguage\":\"pl-PL\",\"potentialAction\":[{\"@type\":\"ReadAction\",\"target\":[\"https:\\\/\\\/tene.ee\\\/pl\\\/toode\\\/szopa-drewniana-tobiasz-20m2\\\/\"]}]},{\"@type\":\"ImageObject\",\"inLanguage\":\"pl-PL\",\"@id\":\"https:\\\/\\\/tene.ee\\\/pl\\\/toode\\\/szopa-drewniana-tobiasz-20m2\\\/#primaryimage\",\"url\":\"https:\\\/\\\/tene.ee\\\/wp-content\\\/uploads\\\/2024\\\/11\\\/Tobias_20A.jpg\",\"contentUrl\":\"https:\\\/\\\/tene.ee\\\/wp-content\\\/uploads\\\/2024\\\/11\\\/Tobias_20A.jpg\",\"width\":2500,\"height\":1667},{\"@type\":\"BreadcrumbList\",\"@id\":\"https:\\\/\\\/tene.ee\\\/pl\\\/toode\\\/szopa-drewniana-tobiasz-20m2\\\/#breadcrumb\",\"itemListElement\":[{\"@type\":\"ListItem\",\"position\":1,\"name\":\"Avaleht\",\"item\":\"http:\\\/\\\/tene.ee\\\/pl\\\/\"},{\"@type\":\"ListItem\",\"position\":2,\"name\":\"Sklep\",\"item\":\"https:\\\/\\\/tene.ee\\\/pl\\\/sklep\\\/\"},{\"@type\":\"ListItem\",\"position\":3,\"name\":\"Szopa drewniana Tobiasz 10m2\"}]},{\"@type\":\"WebSite\",\"@id\":\"https:\\\/\\\/tene.ee\\\/pl\\\/#website\",\"url\":\"https:\\\/\\\/tene.ee\\\/pl\\\/\",\"name\":\"Tene.ee - Kaunite hetkede jaoks sinu aias\",\"description\":\"Tene.ee - parimad puit- ja aiamajad otse tootjalt\",\"publisher\":{\"@id\":\"https:\\\/\\\/tene.ee\\\/pl\\\/#organization\"},\"alternateName\":\"Tene.ee\",\"potentialAction\":[{\"@type\":\"SearchAction\",\"target\":{\"@type\":\"EntryPoint\",\"urlTemplate\":\"https:\\\/\\\/tene.ee\\\/pl\\\/?s={search_term_string}\"},\"query-input\":{\"@type\":\"PropertyValueSpecification\",\"valueRequired\":true,\"valueName\":\"search_term_string\"}}],\"inLanguage\":\"pl-PL\"},{\"@type\":\"Organization\",\"@id\":\"https:\\\/\\\/tene.ee\\\/pl\\\/#organization\",\"name\":\"Tene.ee\",\"url\":\"https:\\\/\\\/tene.ee\\\/pl\\\/\",\"logo\":{\"@type\":\"ImageObject\",\"inLanguage\":\"pl-PL\",\"@id\":\"https:\\\/\\\/tene.ee\\\/pl\\\/#\\\/schema\\\/logo\\\/image\\\/\",\"url\":\"https:\\\/\\\/tene.ee\\\/wp-content\\\/uploads\\\/2024\\\/12\\\/TENE-logo-2018-2.png\",\"contentUrl\":\"https:\\\/\\\/tene.ee\\\/wp-content\\\/uploads\\\/2024\\\/12\\\/TENE-logo-2018-2.png\",\"width\":2339,\"height\":1654,\"caption\":\"Tene.ee\"},\"image\":{\"@id\":\"https:\\\/\\\/tene.ee\\\/pl\\\/#\\\/schema\\\/logo\\\/image\\\/\"},\"sameAs\":[\"https:\\\/\\\/www.facebook.com\\\/teneaiamajad\"]}]}<\/script>\n<!-- \/ Yoast SEO plugin. -->","yoast_head_json":{"title":"Tene.ee - Szopa drewniana Tobiasz 10m2","description":"Tene.ee Szopa drewniana Tobiasz 10m2","robots":{"index":"index","follow":"follow","max-snippet":"max-snippet:-1","max-image-preview":"max-image-preview:large","max-video-preview":"max-video-preview:-1"},"canonical":"https:\/\/tene.ee\/pl\/toode\/szopa-drewniana-tobiasz-20m2\/","og_locale":"pl_PL","og_type":"article","og_title":"Tene.ee - Szopa drewniana Tobiasz 10m2","og_description":"Tene.ee Szopa drewniana Tobiasz 10m2","og_url":"https:\/\/tene.ee\/pl\/toode\/szopa-drewniana-tobiasz-20m2\/","og_site_name":"Tene.ee","article_publisher":"https:\/\/www.facebook.com\/teneaiamajad","article_modified_time":"2024-11-28T10:04:17+00:00","og_image":[{"width":1024,"height":683,"url":"http:\/\/tene.ee\/wp-content\/uploads\/2024\/11\/Tobias_20A-1024x683.jpg","type":"image\/jpeg"}],"twitter_card":"summary_large_image","schema":{"@context":"https:\/\/schema.org","@graph":[{"@type":"WebPage","@id":"https:\/\/tene.ee\/pl\/toode\/szopa-drewniana-tobiasz-20m2\/","url":"https:\/\/tene.ee\/pl\/toode\/szopa-drewniana-tobiasz-20m2\/","name":"Tene.ee - Szopa drewniana Tobiasz 10m2","isPartOf":{"@id":"https:\/\/tene.ee\/pl\/#website"},"primaryImageOfPage":{"@id":"https:\/\/tene.ee\/pl\/toode\/szopa-drewniana-tobiasz-20m2\/#primaryimage"},"image":{"@id":"https:\/\/tene.ee\/pl\/toode\/szopa-drewniana-tobiasz-20m2\/#primaryimage"},"thumbnailUrl":"https:\/\/tene.ee\/wp-content\/uploads\/2024\/11\/Tobias_20A.jpg","datePublished":"2024-11-12T12:05:50+00:00","dateModified":"2024-11-28T10:04:17+00:00","description":"Tene.ee Szopa drewniana Tobiasz 10m2","breadcrumb":{"@id":"https:\/\/tene.ee\/pl\/toode\/szopa-drewniana-tobiasz-20m2\/#breadcrumb"},"inLanguage":"pl-PL","potentialAction":[{"@type":"ReadAction","target":["https:\/\/tene.ee\/pl\/toode\/szopa-drewniana-tobiasz-20m2\/"]}]},{"@type":"ImageObject","inLanguage":"pl-PL","@id":"https:\/\/tene.ee\/pl\/toode\/szopa-drewniana-tobiasz-20m2\/#primaryimage","url":"https:\/\/tene.ee\/wp-content\/uploads\/2024\/11\/Tobias_20A.jpg","contentUrl":"https:\/\/tene.ee\/wp-content\/uploads\/2024\/11\/Tobias_20A.jpg","width":2500,"height":1667},{"@type":"BreadcrumbList","@id":"https:\/\/tene.ee\/pl\/toode\/szopa-drewniana-tobiasz-20m2\/#breadcrumb","itemListElement":[{"@type":"ListItem","position":1,"name":"Avaleht","item":"http:\/\/tene.ee\/pl\/"},{"@type":"ListItem","position":2,"name":"Sklep","item":"https:\/\/tene.ee\/pl\/sklep\/"},{"@type":"ListItem","position":3,"name":"Szopa drewniana Tobiasz 10m2"}]},{"@type":"WebSite","@id":"https:\/\/tene.ee\/pl\/#website","url":"https:\/\/tene.ee\/pl\/","name":"Tene.ee - Kaunite hetkede jaoks sinu aias","description":"Tene.ee - parimad puit- ja aiamajad otse tootjalt","publisher":{"@id":"https:\/\/tene.ee\/pl\/#organization"},"alternateName":"Tene.ee","potentialAction":[{"@type":"SearchAction","target":{"@type":"EntryPoint","urlTemplate":"https:\/\/tene.ee\/pl\/?s={search_term_string}"},"query-input":{"@type":"PropertyValueSpecification","valueRequired":true,"valueName":"search_term_string"}}],"inLanguage":"pl-PL"},{"@type":"Organization","@id":"https:\/\/tene.ee\/pl\/#organization","name":"Tene.ee","url":"https:\/\/tene.ee\/pl\/","logo":{"@type":"ImageObject","inLanguage":"pl-PL","@id":"https:\/\/tene.ee\/pl\/#\/schema\/logo\/image\/","url":"https:\/\/tene.ee\/wp-content\/uploads\/2024\/12\/TENE-logo-2018-2.png","contentUrl":"https:\/\/tene.ee\/wp-content\/uploads\/2024\/12\/TENE-logo-2018-2.png","width":2339,"height":1654,"caption":"Tene.ee"},"image":{"@id":"https:\/\/tene.ee\/pl\/#\/schema\/logo\/image\/"},"sameAs":["https:\/\/www.facebook.com\/teneaiamajad"]}]}},"_links":{"self":[{"href":"https:\/\/tene.ee\/pl\/wp-json\/wp\/v2\/product\/65537","targetHints":{"allow":["GET"]}}],"collection":[{"href":"https:\/\/tene.ee\/pl\/wp-json\/wp\/v2\/product"}],"about":[{"href":"https:\/\/tene.ee\/pl\/wp-json\/wp\/v2\/types\/product"}],"wp:featuredmedia":[{"embeddable":true,"href":"https:\/\/tene.ee\/pl\/wp-json\/wp\/v2\/media\/64188"}],"wp:attachment":[{"href":"https:\/\/tene.ee\/pl\/wp-json\/wp\/v2\/media?parent=65537"}],"wp:term":[{"taxonomy":"product_brand","embeddable":true,"href":"https:\/\/tene.ee\/pl\/wp-json\/wp\/v2\/product_brand?post=65537"},{"taxonomy":"product_cat","embeddable":true,"href":"https:\/\/tene.ee\/pl\/wp-json\/wp\/v2\/product_cat?post=65537"},{"taxonomy":"product_tag","embeddable":true,"href":"https:\/\/tene.ee\/pl\/wp-json\/wp\/v2\/product_tag?post=65537"}],"curies":[{"name":"wp","href":"https:\/\/api.w.org\/{rel}","templated":true}]}}