{"id":22265,"date":"2024-07-12T14:18:48","date_gmt":"2024-07-12T11:18:48","guid":{"rendered":"https:\/\/tene.ee\/toode\/aiamaja-gotland-e-70-mm\/"},"modified":"2024-11-28T12:02:09","modified_gmt":"2024-11-28T10:02:09","slug":"aiamaja-gotland-e-70-mm","status":"publish","type":"product","link":"https:\/\/tene.ee\/pl\/toode\/aiamaja-gotland-e-70-mm\/","title":{"rendered":"Domek ogrodowy Gotland E 70 mm"},"content":{"rendered":"<p>Domki ogrodowe, domki z bali, wiaty, pawilony, sauny, domki letniskowe, zadaszenia grilla i drewniane gara\u017ce o rozmiarze 70 mm wytwarzane w fabryce domk\u00f3w ogrodowych i domk\u00f3w drewnianych Tene zawieraj\u0105 drzwi, okna, pod\u0142og\u0119, \u0142\u0105czniki i instrukcj\u0119 monta\u017cu, dzi\u0119ki czemu monta\u017c domku ogrodowego jest prosty i szybki.<\/p>\n<p>Domki ogrodowe TENE ze \u015bcianami o grubo\u015bci 70 mm zawieraj\u0105 nast\u0119puj\u0105ce elementy zgodnie z rysunkiem przedstawiaj\u0105cym produkt:<\/p>\n<p>drewno pochodz\u0105ce w 100% z wysokiej jako\u015bci \u015bwierku skandynawskiego<br \/>\nskrzyd\u0142o drzwi i okna z dobrze wysuszonego (8% do 12%) drewna klejonego<br \/>\nOkna rozwierno-uchylne typu niemieckiego z przeszkleniem<br \/>\nPodw\u00f3jne drzwi typu niemieckiego z przeszkleniem wraz z okuciami<br \/>\nsufit wykonany z desek profilowanych o grubo\u015bci 18 mm<br \/>\npr\u00f3g wykonany ze stali nierdzewnej<br \/>\npr\u0119ty gwintowane<br \/>\nbelki podwalinowe zaimpregnowane w autoklawie<br \/>\n\u0142\u0105czniki (gwo\u017adzie i wkr\u0119ty)<br \/>\ninstrukcja monta\u017cu<br \/>\nCeny obowi\u0105zuj\u0105 na produkty dost\u0119pne w magazynie fabryki Tene i zawieraj\u0105 podatek VAT.<br \/>\nCena nie zawiera koszt\u00f3w transportu produktu.<\/p>\n","protected":false},"excerpt":{"rendered":"<p>Cena zawiera podw\u00f3jne drzwi i okna z przeszkleniem, wykonane z drewna klejonego, drzwi wewn\u0119trzne, pr\u00f3g ze stali nierdzewnej, zaimpregnowane belki podwalinowe, \u0142\u0105czniki oraz instrukcj\u0119 monta\u017cu. Cena nie zawiera pokrycia dachowego i koszt\u00f3w transportu.<\/p>\n","protected":false},"featured_media":3557,"template":"","meta":{"_acf_changed":false},"product_brand":[],"product_cat":[520,523],"product_tag":[],"class_list":{"0":"post-22265","1":"product","2":"type-product","3":"status-publish","4":"has-post-thumbnail","6":"product_cat-domki-ogrodowe","7":"product_cat-domki-ogrodowe-70-mm","8":"product_shipping_class-0e-pl","9":"pa_iseloomustus-3-pokoje","10":"pa_iseloomustus-kwadratowy-dom","11":"pa_katuse-tuup-skosny-dach","12":"pa_pindala-20-40-m2-pl","13":"pa_seina-paksus-70-mm-pl","15":"first","16":"onbackorder","17":"sale","18":"purchasable","19":"product-type-variable","20":"has-default-attributes"},"acf":[],"yoast_head":"<!-- This site is optimized with the Yoast SEO plugin v27.3 - https:\/\/yoast.com\/product\/yoast-seo-wordpress\/ -->\n<title>Tene.ee - Domek ogrodowy Gotland E 70 mm<\/title>\n<meta name=\"description\" content=\"Tene.ee Domek ogrodowy Gotland E 70 mm\" \/>\n<meta name=\"robots\" content=\"index, follow, max-snippet:-1, max-image-preview:large, max-video-preview:-1\" \/>\n<link rel=\"canonical\" href=\"https:\/\/tene.ee\/pl\/toode\/aiamaja-gotland-e-70-mm\/\" \/>\n<meta property=\"og:locale\" content=\"pl_PL\" \/>\n<meta property=\"og:type\" content=\"article\" \/>\n<meta property=\"og:title\" content=\"Tene.ee - Domek ogrodowy Gotland E 70 mm\" \/>\n<meta property=\"og:description\" content=\"Tene.ee Domek ogrodowy Gotland E 70 mm\" \/>\n<meta property=\"og:url\" content=\"https:\/\/tene.ee\/pl\/toode\/aiamaja-gotland-e-70-mm\/\" \/>\n<meta property=\"og:site_name\" content=\"Tene.ee\" \/>\n<meta property=\"article:publisher\" content=\"https:\/\/www.facebook.com\/teneaiamajad\" \/>\n<meta property=\"article:modified_time\" content=\"2024-11-28T10:02:09+00:00\" \/>\n<meta property=\"og:image\" content=\"https:\/\/tene.ee\/wp-content\/uploads\/2024\/07\/GotlandE_70mm-2.jpg\" \/>\n\t<meta property=\"og:image:width\" content=\"1600\" \/>\n\t<meta property=\"og:image:height\" content=\"1067\" \/>\n\t<meta property=\"og:image:type\" content=\"image\/jpeg\" \/>\n<meta name=\"twitter:card\" content=\"summary_large_image\" \/>\n<meta name=\"twitter:label1\" content=\"Szacowany czas czytania\" \/>\n\t<meta name=\"twitter:data1\" content=\"1 minuta\" \/>\n<script type=\"application\/ld+json\" class=\"yoast-schema-graph\">{\"@context\":\"https:\\\/\\\/schema.org\",\"@graph\":[{\"@type\":\"WebPage\",\"@id\":\"https:\\\/\\\/tene.ee\\\/pl\\\/toode\\\/aiamaja-gotland-e-70-mm\\\/\",\"url\":\"https:\\\/\\\/tene.ee\\\/pl\\\/toode\\\/aiamaja-gotland-e-70-mm\\\/\",\"name\":\"Tene.ee - Domek ogrodowy Gotland E 70 mm\",\"isPartOf\":{\"@id\":\"https:\\\/\\\/tene.ee\\\/pl\\\/#website\"},\"primaryImageOfPage\":{\"@id\":\"https:\\\/\\\/tene.ee\\\/pl\\\/toode\\\/aiamaja-gotland-e-70-mm\\\/#primaryimage\"},\"image\":{\"@id\":\"https:\\\/\\\/tene.ee\\\/pl\\\/toode\\\/aiamaja-gotland-e-70-mm\\\/#primaryimage\"},\"thumbnailUrl\":\"https:\\\/\\\/tene.ee\\\/wp-content\\\/uploads\\\/2024\\\/07\\\/GotlandE_70mm-2.jpg\",\"datePublished\":\"2024-07-12T11:18:48+00:00\",\"dateModified\":\"2024-11-28T10:02:09+00:00\",\"description\":\"Tene.ee Domek ogrodowy Gotland E 70 mm\",\"breadcrumb\":{\"@id\":\"https:\\\/\\\/tene.ee\\\/pl\\\/toode\\\/aiamaja-gotland-e-70-mm\\\/#breadcrumb\"},\"inLanguage\":\"pl-PL\",\"potentialAction\":[{\"@type\":\"ReadAction\",\"target\":[\"https:\\\/\\\/tene.ee\\\/pl\\\/toode\\\/aiamaja-gotland-e-70-mm\\\/\"]}]},{\"@type\":\"ImageObject\",\"inLanguage\":\"pl-PL\",\"@id\":\"https:\\\/\\\/tene.ee\\\/pl\\\/toode\\\/aiamaja-gotland-e-70-mm\\\/#primaryimage\",\"url\":\"https:\\\/\\\/tene.ee\\\/wp-content\\\/uploads\\\/2024\\\/07\\\/GotlandE_70mm-2.jpg\",\"contentUrl\":\"https:\\\/\\\/tene.ee\\\/wp-content\\\/uploads\\\/2024\\\/07\\\/GotlandE_70mm-2.jpg\",\"width\":1600,\"height\":1067},{\"@type\":\"BreadcrumbList\",\"@id\":\"https:\\\/\\\/tene.ee\\\/pl\\\/toode\\\/aiamaja-gotland-e-70-mm\\\/#breadcrumb\",\"itemListElement\":[{\"@type\":\"ListItem\",\"position\":1,\"name\":\"Avaleht\",\"item\":\"http:\\\/\\\/tene.ee\\\/pl\\\/\"},{\"@type\":\"ListItem\",\"position\":2,\"name\":\"Sklep\",\"item\":\"https:\\\/\\\/tene.ee\\\/pl\\\/sklep\\\/\"},{\"@type\":\"ListItem\",\"position\":3,\"name\":\"Domek ogrodowy Gotland E 70 mm\"}]},{\"@type\":\"WebSite\",\"@id\":\"https:\\\/\\\/tene.ee\\\/pl\\\/#website\",\"url\":\"https:\\\/\\\/tene.ee\\\/pl\\\/\",\"name\":\"Tene.ee - Kaunite hetkede jaoks sinu aias\",\"description\":\"Tene.ee - parimad puit- ja aiamajad otse tootjalt\",\"publisher\":{\"@id\":\"https:\\\/\\\/tene.ee\\\/pl\\\/#organization\"},\"alternateName\":\"Tene.ee\",\"potentialAction\":[{\"@type\":\"SearchAction\",\"target\":{\"@type\":\"EntryPoint\",\"urlTemplate\":\"https:\\\/\\\/tene.ee\\\/pl\\\/?s={search_term_string}\"},\"query-input\":{\"@type\":\"PropertyValueSpecification\",\"valueRequired\":true,\"valueName\":\"search_term_string\"}}],\"inLanguage\":\"pl-PL\"},{\"@type\":\"Organization\",\"@id\":\"https:\\\/\\\/tene.ee\\\/pl\\\/#organization\",\"name\":\"Tene.ee\",\"url\":\"https:\\\/\\\/tene.ee\\\/pl\\\/\",\"logo\":{\"@type\":\"ImageObject\",\"inLanguage\":\"pl-PL\",\"@id\":\"https:\\\/\\\/tene.ee\\\/pl\\\/#\\\/schema\\\/logo\\\/image\\\/\",\"url\":\"https:\\\/\\\/tene.ee\\\/wp-content\\\/uploads\\\/2024\\\/12\\\/TENE-logo-2018-2.png\",\"contentUrl\":\"https:\\\/\\\/tene.ee\\\/wp-content\\\/uploads\\\/2024\\\/12\\\/TENE-logo-2018-2.png\",\"width\":2339,\"height\":1654,\"caption\":\"Tene.ee\"},\"image\":{\"@id\":\"https:\\\/\\\/tene.ee\\\/pl\\\/#\\\/schema\\\/logo\\\/image\\\/\"},\"sameAs\":[\"https:\\\/\\\/www.facebook.com\\\/teneaiamajad\"]}]}<\/script>\n<!-- \/ Yoast SEO plugin. -->","yoast_head_json":{"title":"Tene.ee - Domek ogrodowy Gotland E 70 mm","description":"Tene.ee Domek ogrodowy Gotland E 70 mm","robots":{"index":"index","follow":"follow","max-snippet":"max-snippet:-1","max-image-preview":"max-image-preview:large","max-video-preview":"max-video-preview:-1"},"canonical":"https:\/\/tene.ee\/pl\/toode\/aiamaja-gotland-e-70-mm\/","og_locale":"pl_PL","og_type":"article","og_title":"Tene.ee - Domek ogrodowy Gotland E 70 mm","og_description":"Tene.ee Domek ogrodowy Gotland E 70 mm","og_url":"https:\/\/tene.ee\/pl\/toode\/aiamaja-gotland-e-70-mm\/","og_site_name":"Tene.ee","article_publisher":"https:\/\/www.facebook.com\/teneaiamajad","article_modified_time":"2024-11-28T10:02:09+00:00","og_image":[{"width":1600,"height":1067,"url":"https:\/\/tene.ee\/wp-content\/uploads\/2024\/07\/GotlandE_70mm-2.jpg","type":"image\/jpeg"}],"twitter_card":"summary_large_image","twitter_misc":{"Szacowany czas czytania":"1 minuta"},"schema":{"@context":"https:\/\/schema.org","@graph":[{"@type":"WebPage","@id":"https:\/\/tene.ee\/pl\/toode\/aiamaja-gotland-e-70-mm\/","url":"https:\/\/tene.ee\/pl\/toode\/aiamaja-gotland-e-70-mm\/","name":"Tene.ee - Domek ogrodowy Gotland E 70 mm","isPartOf":{"@id":"https:\/\/tene.ee\/pl\/#website"},"primaryImageOfPage":{"@id":"https:\/\/tene.ee\/pl\/toode\/aiamaja-gotland-e-70-mm\/#primaryimage"},"image":{"@id":"https:\/\/tene.ee\/pl\/toode\/aiamaja-gotland-e-70-mm\/#primaryimage"},"thumbnailUrl":"https:\/\/tene.ee\/wp-content\/uploads\/2024\/07\/GotlandE_70mm-2.jpg","datePublished":"2024-07-12T11:18:48+00:00","dateModified":"2024-11-28T10:02:09+00:00","description":"Tene.ee Domek ogrodowy Gotland E 70 mm","breadcrumb":{"@id":"https:\/\/tene.ee\/pl\/toode\/aiamaja-gotland-e-70-mm\/#breadcrumb"},"inLanguage":"pl-PL","potentialAction":[{"@type":"ReadAction","target":["https:\/\/tene.ee\/pl\/toode\/aiamaja-gotland-e-70-mm\/"]}]},{"@type":"ImageObject","inLanguage":"pl-PL","@id":"https:\/\/tene.ee\/pl\/toode\/aiamaja-gotland-e-70-mm\/#primaryimage","url":"https:\/\/tene.ee\/wp-content\/uploads\/2024\/07\/GotlandE_70mm-2.jpg","contentUrl":"https:\/\/tene.ee\/wp-content\/uploads\/2024\/07\/GotlandE_70mm-2.jpg","width":1600,"height":1067},{"@type":"BreadcrumbList","@id":"https:\/\/tene.ee\/pl\/toode\/aiamaja-gotland-e-70-mm\/#breadcrumb","itemListElement":[{"@type":"ListItem","position":1,"name":"Avaleht","item":"http:\/\/tene.ee\/pl\/"},{"@type":"ListItem","position":2,"name":"Sklep","item":"https:\/\/tene.ee\/pl\/sklep\/"},{"@type":"ListItem","position":3,"name":"Domek ogrodowy Gotland E 70 mm"}]},{"@type":"WebSite","@id":"https:\/\/tene.ee\/pl\/#website","url":"https:\/\/tene.ee\/pl\/","name":"Tene.ee - Kaunite hetkede jaoks sinu aias","description":"Tene.ee - parimad puit- ja aiamajad otse tootjalt","publisher":{"@id":"https:\/\/tene.ee\/pl\/#organization"},"alternateName":"Tene.ee","potentialAction":[{"@type":"SearchAction","target":{"@type":"EntryPoint","urlTemplate":"https:\/\/tene.ee\/pl\/?s={search_term_string}"},"query-input":{"@type":"PropertyValueSpecification","valueRequired":true,"valueName":"search_term_string"}}],"inLanguage":"pl-PL"},{"@type":"Organization","@id":"https:\/\/tene.ee\/pl\/#organization","name":"Tene.ee","url":"https:\/\/tene.ee\/pl\/","logo":{"@type":"ImageObject","inLanguage":"pl-PL","@id":"https:\/\/tene.ee\/pl\/#\/schema\/logo\/image\/","url":"https:\/\/tene.ee\/wp-content\/uploads\/2024\/12\/TENE-logo-2018-2.png","contentUrl":"https:\/\/tene.ee\/wp-content\/uploads\/2024\/12\/TENE-logo-2018-2.png","width":2339,"height":1654,"caption":"Tene.ee"},"image":{"@id":"https:\/\/tene.ee\/pl\/#\/schema\/logo\/image\/"},"sameAs":["https:\/\/www.facebook.com\/teneaiamajad"]}]}},"_links":{"self":[{"href":"https:\/\/tene.ee\/pl\/wp-json\/wp\/v2\/product\/22265","targetHints":{"allow":["GET"]}}],"collection":[{"href":"https:\/\/tene.ee\/pl\/wp-json\/wp\/v2\/product"}],"about":[{"href":"https:\/\/tene.ee\/pl\/wp-json\/wp\/v2\/types\/product"}],"wp:featuredmedia":[{"embeddable":true,"href":"https:\/\/tene.ee\/pl\/wp-json\/wp\/v2\/media\/3557"}],"wp:attachment":[{"href":"https:\/\/tene.ee\/pl\/wp-json\/wp\/v2\/media?parent=22265"}],"wp:term":[{"taxonomy":"product_brand","embeddable":true,"href":"https:\/\/tene.ee\/pl\/wp-json\/wp\/v2\/product_brand?post=22265"},{"taxonomy":"product_cat","embeddable":true,"href":"https:\/\/tene.ee\/pl\/wp-json\/wp\/v2\/product_cat?post=22265"},{"taxonomy":"product_tag","embeddable":true,"href":"https:\/\/tene.ee\/pl\/wp-json\/wp\/v2\/product_tag?post=22265"}],"curies":[{"name":"wp","href":"https:\/\/api.w.org\/{rel}","templated":true}]}}