{"id":20629,"date":"2024-07-12T14:35:42","date_gmt":"2024-07-12T11:35:42","guid":{"rendered":"https:\/\/tene.ee\/toode\/aiapaviljon-ibiza-70-mm\/"},"modified":"2024-11-28T12:04:12","modified_gmt":"2024-11-28T10:04:12","slug":"aiapaviljon-ibiza-70-mm","status":"publish","type":"product","link":"https:\/\/tene.ee\/pl\/toode\/aiapaviljon-ibiza-70-mm\/","title":{"rendered":"Pawilon ogrodowy Ibiza 70 mm"},"content":{"rendered":"<p>Zestaw domk\u00f3w ogrodowych, dom\u00f3w z bali, wiat, altanek, saun, domk\u00f3w letniskowych, wiat grillowych i gara\u017cy drewnianych produkowanych przez fabryk\u0119 ogrod\u00f3w i dom\u00f3w drewnianych Tene obejmuje drzwi, okna (w zale\u017cno\u015bci od modelu w zestawie mog\u0105 nie znajdowa\u0107 si\u0119 \u017cadne , jedno lub wi\u0119cej okien), pod\u0142oga, elementy z\u0142\u0105czne i instrukcja monta\u017cu, dzi\u0119ki kt\u00f3rej zbudowanie domku ogrodowego jest \u0142atwe i zajmuje niewiele czasu. Zestaw domku ogrodowego Tene o grubo\u015bci \u015bcianki 70 mm, w zale\u017cno\u015bci od modelu, zawiera: 100% nordyckiej wysokiej jako\u015bci. drewno \u015bwierkowe u\u017cyte jako materia\u0142 drewniany, sufit, p\u0142yta profilowa o grubo\u015bci 18 mm, autoklawowane drewniane bloki fundamentowe, narz\u0119dzia monta\u017cowe (gwo\u017adzie i wkr\u0119ty), instrukcja monta\u017cu, ceny obowi\u0105zuj\u0105 w magazynie fabryki Tene i zawieraj\u0105 podatek VAT. Ceny nie obejmuj\u0105 transportu produktu.<\/p>\n","protected":false},"excerpt":{"rendered":"<p>Impregnowane wylewki fundamentowe, elementy z\u0142\u0105czne i instrukcja monta\u017cu s\u0105 wliczone w cen\u0119.<br \/>\nPawilon ogrodowy produkowany jest bez pod\u0142ogi.<\/p>\n","protected":false},"featured_media":5477,"template":"","meta":{"_acf_changed":false},"product_brand":[],"product_cat":[520,523,524],"product_tag":[],"class_list":{"0":"post-20629","1":"product","2":"type-product","3":"status-publish","4":"has-post-thumbnail","6":"product_cat-domki-ogrodowe","7":"product_cat-domki-ogrodowe-70-mm","8":"product_cat-pawilony-ogrodowe","9":"product_shipping_class-0e-pl","10":"pa_iseloomustus-1-pokoj","11":"pa_iseloomustus-kwadratowy-dom","12":"pa_katuse-tuup-dach-piramidy","13":"pa_pindala-10-20-m2-pl","14":"pa_seina-paksus-70-mm-pl","16":"first","17":"onbackorder","18":"sale","19":"purchasable","20":"product-type-variable","21":"has-default-attributes"},"acf":[],"yoast_head":"<!-- This site is optimized with the Yoast SEO plugin v27.3 - https:\/\/yoast.com\/product\/yoast-seo-wordpress\/ -->\n<title>Tene.ee - Pawilon ogrodowy Ibiza 70 mm<\/title>\n<meta name=\"description\" content=\"Tene.ee Pawilon ogrodowy Ibiza 70 mm\" \/>\n<meta name=\"robots\" content=\"index, follow, max-snippet:-1, max-image-preview:large, max-video-preview:-1\" \/>\n<link rel=\"canonical\" href=\"https:\/\/tene.ee\/pl\/toode\/aiapaviljon-ibiza-70-mm\/\" \/>\n<meta property=\"og:locale\" content=\"pl_PL\" \/>\n<meta property=\"og:type\" content=\"article\" \/>\n<meta property=\"og:title\" content=\"Tene.ee - Pawilon ogrodowy Ibiza 70 mm\" \/>\n<meta property=\"og:description\" content=\"Tene.ee Pawilon ogrodowy Ibiza 70 mm\" \/>\n<meta property=\"og:url\" content=\"https:\/\/tene.ee\/pl\/toode\/aiapaviljon-ibiza-70-mm\/\" \/>\n<meta property=\"og:site_name\" content=\"Tene.ee\" \/>\n<meta property=\"article:publisher\" content=\"https:\/\/www.facebook.com\/teneaiamajad\" \/>\n<meta property=\"article:modified_time\" content=\"2024-11-28T10:04:12+00:00\" \/>\n<meta property=\"og:image\" content=\"https:\/\/tene.ee\/wp-content\/uploads\/2024\/07\/Gartenpavillon_Ibiza-401-1.jpg\" \/>\n\t<meta property=\"og:image:width\" content=\"700\" \/>\n\t<meta property=\"og:image:height\" content=\"492\" \/>\n\t<meta property=\"og:image:type\" content=\"image\/jpeg\" \/>\n<meta name=\"twitter:card\" content=\"summary_large_image\" \/>\n<meta name=\"twitter:label1\" content=\"Szacowany czas czytania\" \/>\n\t<meta name=\"twitter:data1\" content=\"1 minuta\" \/>\n<script type=\"application\/ld+json\" class=\"yoast-schema-graph\">{\"@context\":\"https:\\\/\\\/schema.org\",\"@graph\":[{\"@type\":\"WebPage\",\"@id\":\"https:\\\/\\\/tene.ee\\\/pl\\\/toode\\\/aiapaviljon-ibiza-70-mm\\\/\",\"url\":\"https:\\\/\\\/tene.ee\\\/pl\\\/toode\\\/aiapaviljon-ibiza-70-mm\\\/\",\"name\":\"Tene.ee - Pawilon ogrodowy Ibiza 70 mm\",\"isPartOf\":{\"@id\":\"https:\\\/\\\/tene.ee\\\/pl\\\/#website\"},\"primaryImageOfPage\":{\"@id\":\"https:\\\/\\\/tene.ee\\\/pl\\\/toode\\\/aiapaviljon-ibiza-70-mm\\\/#primaryimage\"},\"image\":{\"@id\":\"https:\\\/\\\/tene.ee\\\/pl\\\/toode\\\/aiapaviljon-ibiza-70-mm\\\/#primaryimage\"},\"thumbnailUrl\":\"https:\\\/\\\/tene.ee\\\/wp-content\\\/uploads\\\/2024\\\/07\\\/Gartenpavillon_Ibiza-401-1.jpg\",\"datePublished\":\"2024-07-12T11:35:42+00:00\",\"dateModified\":\"2024-11-28T10:04:12+00:00\",\"description\":\"Tene.ee Pawilon ogrodowy Ibiza 70 mm\",\"breadcrumb\":{\"@id\":\"https:\\\/\\\/tene.ee\\\/pl\\\/toode\\\/aiapaviljon-ibiza-70-mm\\\/#breadcrumb\"},\"inLanguage\":\"pl-PL\",\"potentialAction\":[{\"@type\":\"ReadAction\",\"target\":[\"https:\\\/\\\/tene.ee\\\/pl\\\/toode\\\/aiapaviljon-ibiza-70-mm\\\/\"]}]},{\"@type\":\"ImageObject\",\"inLanguage\":\"pl-PL\",\"@id\":\"https:\\\/\\\/tene.ee\\\/pl\\\/toode\\\/aiapaviljon-ibiza-70-mm\\\/#primaryimage\",\"url\":\"https:\\\/\\\/tene.ee\\\/wp-content\\\/uploads\\\/2024\\\/07\\\/Gartenpavillon_Ibiza-401-1.jpg\",\"contentUrl\":\"https:\\\/\\\/tene.ee\\\/wp-content\\\/uploads\\\/2024\\\/07\\\/Gartenpavillon_Ibiza-401-1.jpg\",\"width\":700,\"height\":492},{\"@type\":\"BreadcrumbList\",\"@id\":\"https:\\\/\\\/tene.ee\\\/pl\\\/toode\\\/aiapaviljon-ibiza-70-mm\\\/#breadcrumb\",\"itemListElement\":[{\"@type\":\"ListItem\",\"position\":1,\"name\":\"Avaleht\",\"item\":\"http:\\\/\\\/tene.ee\\\/pl\\\/\"},{\"@type\":\"ListItem\",\"position\":2,\"name\":\"Sklep\",\"item\":\"https:\\\/\\\/tene.ee\\\/pl\\\/sklep\\\/\"},{\"@type\":\"ListItem\",\"position\":3,\"name\":\"Pawilon ogrodowy Ibiza 70 mm\"}]},{\"@type\":\"WebSite\",\"@id\":\"https:\\\/\\\/tene.ee\\\/pl\\\/#website\",\"url\":\"https:\\\/\\\/tene.ee\\\/pl\\\/\",\"name\":\"Tene.ee - Kaunite hetkede jaoks sinu aias\",\"description\":\"Tene.ee - parimad puit- ja aiamajad otse tootjalt\",\"publisher\":{\"@id\":\"https:\\\/\\\/tene.ee\\\/pl\\\/#organization\"},\"alternateName\":\"Tene.ee\",\"potentialAction\":[{\"@type\":\"SearchAction\",\"target\":{\"@type\":\"EntryPoint\",\"urlTemplate\":\"https:\\\/\\\/tene.ee\\\/pl\\\/?s={search_term_string}\"},\"query-input\":{\"@type\":\"PropertyValueSpecification\",\"valueRequired\":true,\"valueName\":\"search_term_string\"}}],\"inLanguage\":\"pl-PL\"},{\"@type\":\"Organization\",\"@id\":\"https:\\\/\\\/tene.ee\\\/pl\\\/#organization\",\"name\":\"Tene.ee\",\"url\":\"https:\\\/\\\/tene.ee\\\/pl\\\/\",\"logo\":{\"@type\":\"ImageObject\",\"inLanguage\":\"pl-PL\",\"@id\":\"https:\\\/\\\/tene.ee\\\/pl\\\/#\\\/schema\\\/logo\\\/image\\\/\",\"url\":\"https:\\\/\\\/tene.ee\\\/wp-content\\\/uploads\\\/2024\\\/12\\\/TENE-logo-2018-2.png\",\"contentUrl\":\"https:\\\/\\\/tene.ee\\\/wp-content\\\/uploads\\\/2024\\\/12\\\/TENE-logo-2018-2.png\",\"width\":2339,\"height\":1654,\"caption\":\"Tene.ee\"},\"image\":{\"@id\":\"https:\\\/\\\/tene.ee\\\/pl\\\/#\\\/schema\\\/logo\\\/image\\\/\"},\"sameAs\":[\"https:\\\/\\\/www.facebook.com\\\/teneaiamajad\"]}]}<\/script>\n<!-- \/ Yoast SEO plugin. -->","yoast_head_json":{"title":"Tene.ee - Pawilon ogrodowy Ibiza 70 mm","description":"Tene.ee Pawilon ogrodowy Ibiza 70 mm","robots":{"index":"index","follow":"follow","max-snippet":"max-snippet:-1","max-image-preview":"max-image-preview:large","max-video-preview":"max-video-preview:-1"},"canonical":"https:\/\/tene.ee\/pl\/toode\/aiapaviljon-ibiza-70-mm\/","og_locale":"pl_PL","og_type":"article","og_title":"Tene.ee - Pawilon ogrodowy Ibiza 70 mm","og_description":"Tene.ee Pawilon ogrodowy Ibiza 70 mm","og_url":"https:\/\/tene.ee\/pl\/toode\/aiapaviljon-ibiza-70-mm\/","og_site_name":"Tene.ee","article_publisher":"https:\/\/www.facebook.com\/teneaiamajad","article_modified_time":"2024-11-28T10:04:12+00:00","og_image":[{"width":700,"height":492,"url":"https:\/\/tene.ee\/wp-content\/uploads\/2024\/07\/Gartenpavillon_Ibiza-401-1.jpg","type":"image\/jpeg"}],"twitter_card":"summary_large_image","twitter_misc":{"Szacowany czas czytania":"1 minuta"},"schema":{"@context":"https:\/\/schema.org","@graph":[{"@type":"WebPage","@id":"https:\/\/tene.ee\/pl\/toode\/aiapaviljon-ibiza-70-mm\/","url":"https:\/\/tene.ee\/pl\/toode\/aiapaviljon-ibiza-70-mm\/","name":"Tene.ee - Pawilon ogrodowy Ibiza 70 mm","isPartOf":{"@id":"https:\/\/tene.ee\/pl\/#website"},"primaryImageOfPage":{"@id":"https:\/\/tene.ee\/pl\/toode\/aiapaviljon-ibiza-70-mm\/#primaryimage"},"image":{"@id":"https:\/\/tene.ee\/pl\/toode\/aiapaviljon-ibiza-70-mm\/#primaryimage"},"thumbnailUrl":"https:\/\/tene.ee\/wp-content\/uploads\/2024\/07\/Gartenpavillon_Ibiza-401-1.jpg","datePublished":"2024-07-12T11:35:42+00:00","dateModified":"2024-11-28T10:04:12+00:00","description":"Tene.ee Pawilon ogrodowy Ibiza 70 mm","breadcrumb":{"@id":"https:\/\/tene.ee\/pl\/toode\/aiapaviljon-ibiza-70-mm\/#breadcrumb"},"inLanguage":"pl-PL","potentialAction":[{"@type":"ReadAction","target":["https:\/\/tene.ee\/pl\/toode\/aiapaviljon-ibiza-70-mm\/"]}]},{"@type":"ImageObject","inLanguage":"pl-PL","@id":"https:\/\/tene.ee\/pl\/toode\/aiapaviljon-ibiza-70-mm\/#primaryimage","url":"https:\/\/tene.ee\/wp-content\/uploads\/2024\/07\/Gartenpavillon_Ibiza-401-1.jpg","contentUrl":"https:\/\/tene.ee\/wp-content\/uploads\/2024\/07\/Gartenpavillon_Ibiza-401-1.jpg","width":700,"height":492},{"@type":"BreadcrumbList","@id":"https:\/\/tene.ee\/pl\/toode\/aiapaviljon-ibiza-70-mm\/#breadcrumb","itemListElement":[{"@type":"ListItem","position":1,"name":"Avaleht","item":"http:\/\/tene.ee\/pl\/"},{"@type":"ListItem","position":2,"name":"Sklep","item":"https:\/\/tene.ee\/pl\/sklep\/"},{"@type":"ListItem","position":3,"name":"Pawilon ogrodowy Ibiza 70 mm"}]},{"@type":"WebSite","@id":"https:\/\/tene.ee\/pl\/#website","url":"https:\/\/tene.ee\/pl\/","name":"Tene.ee - Kaunite hetkede jaoks sinu aias","description":"Tene.ee - parimad puit- ja aiamajad otse tootjalt","publisher":{"@id":"https:\/\/tene.ee\/pl\/#organization"},"alternateName":"Tene.ee","potentialAction":[{"@type":"SearchAction","target":{"@type":"EntryPoint","urlTemplate":"https:\/\/tene.ee\/pl\/?s={search_term_string}"},"query-input":{"@type":"PropertyValueSpecification","valueRequired":true,"valueName":"search_term_string"}}],"inLanguage":"pl-PL"},{"@type":"Organization","@id":"https:\/\/tene.ee\/pl\/#organization","name":"Tene.ee","url":"https:\/\/tene.ee\/pl\/","logo":{"@type":"ImageObject","inLanguage":"pl-PL","@id":"https:\/\/tene.ee\/pl\/#\/schema\/logo\/image\/","url":"https:\/\/tene.ee\/wp-content\/uploads\/2024\/12\/TENE-logo-2018-2.png","contentUrl":"https:\/\/tene.ee\/wp-content\/uploads\/2024\/12\/TENE-logo-2018-2.png","width":2339,"height":1654,"caption":"Tene.ee"},"image":{"@id":"https:\/\/tene.ee\/pl\/#\/schema\/logo\/image\/"},"sameAs":["https:\/\/www.facebook.com\/teneaiamajad"]}]}},"_links":{"self":[{"href":"https:\/\/tene.ee\/pl\/wp-json\/wp\/v2\/product\/20629","targetHints":{"allow":["GET"]}}],"collection":[{"href":"https:\/\/tene.ee\/pl\/wp-json\/wp\/v2\/product"}],"about":[{"href":"https:\/\/tene.ee\/pl\/wp-json\/wp\/v2\/types\/product"}],"wp:featuredmedia":[{"embeddable":true,"href":"https:\/\/tene.ee\/pl\/wp-json\/wp\/v2\/media\/5477"}],"wp:attachment":[{"href":"https:\/\/tene.ee\/pl\/wp-json\/wp\/v2\/media?parent=20629"}],"wp:term":[{"taxonomy":"product_brand","embeddable":true,"href":"https:\/\/tene.ee\/pl\/wp-json\/wp\/v2\/product_brand?post=20629"},{"taxonomy":"product_cat","embeddable":true,"href":"https:\/\/tene.ee\/pl\/wp-json\/wp\/v2\/product_cat?post=20629"},{"taxonomy":"product_tag","embeddable":true,"href":"https:\/\/tene.ee\/pl\/wp-json\/wp\/v2\/product_tag?post=20629"}],"curies":[{"name":"wp","href":"https:\/\/api.w.org\/{rel}","templated":true}]}}