{"id":20098,"date":"2024-07-12T16:22:40","date_gmt":"2024-07-12T13:22:40","guid":{"rendered":"https:\/\/tene.ee\/toode\/valmissaun-piha-tuuri-11-puhkeruumiga\/"},"modified":"2024-11-28T12:03:48","modified_gmt":"2024-11-28T10:03:48","slug":"valmissaun-piha-tuuri-11-puhkeruumiga","status":"publish","type":"product","link":"https:\/\/tene.ee\/pl\/toode\/valmissaun-piha-tuuri-11-puhkeruumiga\/","title":{"rendered":"Prefabrykowana sauna Piha-Tuuri 11 z pomieszczeniem wypoczynkowym"},"content":{"rendered":"<p>Prefabrykowane sauny TENE s\u0105 montowane w warunkach wewn\u0119trznych, co zapewnia ich lepsz\u0105 jako\u015b\u0107 oraz pomaga zapobiec k\u0142opotliwym op\u00f3\u017anieniom na terenie budowy (np. wskutek z\u0142ych warunk\u00f3w atmosferycznych).<\/p>\n<p>W sk\u0142ad prefabrykowanego zestawu sauny zewn\u0119trznej Tene wchodz\u0105 nast\u0119puj\u0105ce elementy:<\/p>\n<p>drewno pochodz\u0105ce w 100% z wysokiej jako\u015bci \u015bwierku skandynawskiego<br \/>\nskrzyd\u0142o drzwi i okna z dobrze wysuszonego (8% do 12%) drewna klejonego<br \/>\npr\u00f3g wykonany ze stali nierdzewnej<br \/>\nOkna rozwierno-uchylne typu niemieckiego z przeszkleniem (ISO) oraz uszczelk\u0105 wraz z okuciami<br \/>\nDrzwi typu niemieckiego z przeszkleniem (ISO) wraz z okuciami<br \/>\ndrzwi \u0142a\u017ani parowej wykonane z drewna klejonego z szyb\u0105 hartowan\u0105<br \/>\n\u0142awa do sauny wykonana z drewna olchowego z oparciem pod plecy i podn\u00f3\u017ckiem<br \/>\npiec opalany drewnem, wysokiej jako\u015bci komin z przepustnic\u0105 i zbiornikiem na wod\u0119, podstawa pieca i \u017caroodporna obudowa w kszta\u0142cie litery U, kamienie do sauny (wymienione elementy wchodz\u0105 w sk\u0142ad zestawu).<br \/>\nbelki podwalinowe zaimpregnowane w autoklawie<br \/>\npod\u0142oga wykonana z desek profilowanych o grubo\u015bci 28 mm, wyko\u0144czona olejem ochronnym do drewna Tikkurila Supi<br \/>\nkana\u0142 do odprowadzania wody w pod\u0142odze \u0142a\u017ani parowej<br \/>\ndach z desek profilowanych<br \/>\npr\u0119ty gwintowane w naro\u017cnikach<br \/>\nobr\u00f3bki okap\u00f3w i kraw\u0119dzi<br \/>\npokrycie dachowe z czarnych gont\u00f3w w kszta\u0142cie plastra miodu<br \/>\ndach sauny izolowany we\u0142n\u0105 o grubo\u015bci 50 cm<\/p>\n<p>Cena nie uwzgl\u0119dnia:<br \/>\nprzygotowania fundamentu<br \/>\nwyko\u0144czenia zewn\u0119trznego\u2028<br \/>\nCeny obowi\u0105zuj\u0105 na produkty dost\u0119pne w magazynie fabryki Tene i zawieraj\u0105 podatek VAT.<br \/>\nCena nie zawiera koszt\u00f3w transportu prefabrykowanej sauny.<\/p>\n","protected":false},"excerpt":{"rendered":"<p>Prefabrykowana sauna Piha-Tuuri 11 z pomieszczeniem wypoczynkowym jest dostarczana do klienta jako gotowe rozwi\u0105zanie pod klucz. Prefabrykowana sauna mo\u017ce by\u0107 przetransportowana do dowolnego miejsca, do kt\u00f3rego mo\u017ce dojecha\u0107 \u017curaw samochodowy. Cena nie zawiera koszt\u00f3w transportu produktu.<\/p>\n","protected":false},"featured_media":7237,"template":"","meta":{"_acf_changed":false},"product_brand":[],"product_cat":[551,544,928],"product_tag":[],"class_list":{"0":"post-20098","1":"product","2":"type-product","3":"status-publish","4":"has-post-thumbnail","6":"product_cat-gotowe-sauny","7":"product_cat-sauny-pl","8":"product_cat-valmis-saunamajad-pl","9":"product_shipping_class-390e-pl-2","10":"pa_iseloomustus-2-pokoje","11":"pa_iseloomustus-kwadratowy-dom","12":"pa_katuse-tuup-skosny-dach","13":"pa_pindala-0-10-m2-pl","14":"pa_seina-paksus-70-mm-pl","16":"first","17":"onbackorder","18":"sale","19":"purchasable","20":"product-type-simple"},"acf":[],"yoast_head":"<!-- This site is optimized with the Yoast SEO plugin v27.3 - https:\/\/yoast.com\/product\/yoast-seo-wordpress\/ -->\n<title>Tene.ee - Prefabrykowana sauna Piha-Tuuri 11 z pomieszczeniem wypoczynkowym<\/title>\n<meta name=\"description\" content=\"Tene.ee Prefabrykowana sauna Piha-Tuuri 11 z pomieszczeniem wypoczynkowym\" \/>\n<meta name=\"robots\" content=\"index, follow, max-snippet:-1, max-image-preview:large, max-video-preview:-1\" \/>\n<link rel=\"canonical\" href=\"https:\/\/tene.ee\/pl\/toode\/valmissaun-piha-tuuri-11-puhkeruumiga\/\" \/>\n<meta property=\"og:locale\" content=\"pl_PL\" \/>\n<meta property=\"og:type\" content=\"article\" \/>\n<meta property=\"og:title\" content=\"Tene.ee - Prefabrykowana sauna Piha-Tuuri 11 z pomieszczeniem wypoczynkowym\" \/>\n<meta property=\"og:description\" content=\"Tene.ee Prefabrykowana sauna Piha-Tuuri 11 z pomieszczeniem wypoczynkowym\" \/>\n<meta property=\"og:url\" content=\"https:\/\/tene.ee\/pl\/toode\/valmissaun-piha-tuuri-11-puhkeruumiga\/\" \/>\n<meta property=\"og:site_name\" content=\"Tene.ee\" \/>\n<meta property=\"article:publisher\" content=\"https:\/\/www.facebook.com\/teneaiamajad\" \/>\n<meta property=\"article:modified_time\" content=\"2024-11-28T10:03:48+00:00\" \/>\n<meta property=\"og:image\" content=\"http:\/\/tene.ee\/wp-content\/uploads\/2024\/07\/Sauna-Seppo-1.jpg\" \/>\n\t<meta property=\"og:image:width\" content=\"1600\" \/>\n\t<meta property=\"og:image:height\" content=\"1067\" \/>\n\t<meta property=\"og:image:type\" content=\"image\/jpeg\" \/>\n<meta name=\"twitter:card\" content=\"summary_large_image\" \/>\n<meta name=\"twitter:label1\" content=\"Szacowany czas czytania\" \/>\n\t<meta name=\"twitter:data1\" content=\"2 minuty\" \/>\n<script type=\"application\/ld+json\" class=\"yoast-schema-graph\">{\"@context\":\"https:\\\/\\\/schema.org\",\"@graph\":[{\"@type\":\"WebPage\",\"@id\":\"https:\\\/\\\/tene.ee\\\/pl\\\/toode\\\/valmissaun-piha-tuuri-11-puhkeruumiga\\\/\",\"url\":\"https:\\\/\\\/tene.ee\\\/pl\\\/toode\\\/valmissaun-piha-tuuri-11-puhkeruumiga\\\/\",\"name\":\"Tene.ee - Prefabrykowana sauna Piha-Tuuri 11 z pomieszczeniem wypoczynkowym\",\"isPartOf\":{\"@id\":\"https:\\\/\\\/tene.ee\\\/pl\\\/#website\"},\"primaryImageOfPage\":{\"@id\":\"https:\\\/\\\/tene.ee\\\/pl\\\/toode\\\/valmissaun-piha-tuuri-11-puhkeruumiga\\\/#primaryimage\"},\"image\":{\"@id\":\"https:\\\/\\\/tene.ee\\\/pl\\\/toode\\\/valmissaun-piha-tuuri-11-puhkeruumiga\\\/#primaryimage\"},\"thumbnailUrl\":\"https:\\\/\\\/tene.ee\\\/wp-content\\\/uploads\\\/2024\\\/07\\\/Sauna-Seppo-1.jpg\",\"datePublished\":\"2024-07-12T13:22:40+00:00\",\"dateModified\":\"2024-11-28T10:03:48+00:00\",\"description\":\"Tene.ee Prefabrykowana sauna Piha-Tuuri 11 z pomieszczeniem wypoczynkowym\",\"breadcrumb\":{\"@id\":\"https:\\\/\\\/tene.ee\\\/pl\\\/toode\\\/valmissaun-piha-tuuri-11-puhkeruumiga\\\/#breadcrumb\"},\"inLanguage\":\"pl-PL\",\"potentialAction\":[{\"@type\":\"ReadAction\",\"target\":[\"https:\\\/\\\/tene.ee\\\/pl\\\/toode\\\/valmissaun-piha-tuuri-11-puhkeruumiga\\\/\"]}]},{\"@type\":\"ImageObject\",\"inLanguage\":\"pl-PL\",\"@id\":\"https:\\\/\\\/tene.ee\\\/pl\\\/toode\\\/valmissaun-piha-tuuri-11-puhkeruumiga\\\/#primaryimage\",\"url\":\"https:\\\/\\\/tene.ee\\\/wp-content\\\/uploads\\\/2024\\\/07\\\/Sauna-Seppo-1.jpg\",\"contentUrl\":\"https:\\\/\\\/tene.ee\\\/wp-content\\\/uploads\\\/2024\\\/07\\\/Sauna-Seppo-1.jpg\",\"width\":1600,\"height\":1067},{\"@type\":\"BreadcrumbList\",\"@id\":\"https:\\\/\\\/tene.ee\\\/pl\\\/toode\\\/valmissaun-piha-tuuri-11-puhkeruumiga\\\/#breadcrumb\",\"itemListElement\":[{\"@type\":\"ListItem\",\"position\":1,\"name\":\"Avaleht\",\"item\":\"http:\\\/\\\/tene.ee\\\/pl\\\/\"},{\"@type\":\"ListItem\",\"position\":2,\"name\":\"Sklep\",\"item\":\"https:\\\/\\\/tene.ee\\\/pl\\\/sklep\\\/\"},{\"@type\":\"ListItem\",\"position\":3,\"name\":\"Prefabrykowana sauna Piha-Tuuri 11 z pomieszczeniem wypoczynkowym\"}]},{\"@type\":\"WebSite\",\"@id\":\"https:\\\/\\\/tene.ee\\\/pl\\\/#website\",\"url\":\"https:\\\/\\\/tene.ee\\\/pl\\\/\",\"name\":\"Tene.ee - Kaunite hetkede jaoks sinu aias\",\"description\":\"Tene.ee - parimad puit- ja aiamajad otse tootjalt\",\"publisher\":{\"@id\":\"https:\\\/\\\/tene.ee\\\/pl\\\/#organization\"},\"alternateName\":\"Tene.ee\",\"potentialAction\":[{\"@type\":\"SearchAction\",\"target\":{\"@type\":\"EntryPoint\",\"urlTemplate\":\"https:\\\/\\\/tene.ee\\\/pl\\\/?s={search_term_string}\"},\"query-input\":{\"@type\":\"PropertyValueSpecification\",\"valueRequired\":true,\"valueName\":\"search_term_string\"}}],\"inLanguage\":\"pl-PL\"},{\"@type\":\"Organization\",\"@id\":\"https:\\\/\\\/tene.ee\\\/pl\\\/#organization\",\"name\":\"Tene.ee\",\"url\":\"https:\\\/\\\/tene.ee\\\/pl\\\/\",\"logo\":{\"@type\":\"ImageObject\",\"inLanguage\":\"pl-PL\",\"@id\":\"https:\\\/\\\/tene.ee\\\/pl\\\/#\\\/schema\\\/logo\\\/image\\\/\",\"url\":\"https:\\\/\\\/tene.ee\\\/wp-content\\\/uploads\\\/2024\\\/12\\\/TENE-logo-2018-2.png\",\"contentUrl\":\"https:\\\/\\\/tene.ee\\\/wp-content\\\/uploads\\\/2024\\\/12\\\/TENE-logo-2018-2.png\",\"width\":2339,\"height\":1654,\"caption\":\"Tene.ee\"},\"image\":{\"@id\":\"https:\\\/\\\/tene.ee\\\/pl\\\/#\\\/schema\\\/logo\\\/image\\\/\"},\"sameAs\":[\"https:\\\/\\\/www.facebook.com\\\/teneaiamajad\"]}]}<\/script>\n<!-- \/ Yoast SEO plugin. -->","yoast_head_json":{"title":"Tene.ee - Prefabrykowana sauna Piha-Tuuri 11 z pomieszczeniem wypoczynkowym","description":"Tene.ee Prefabrykowana sauna Piha-Tuuri 11 z pomieszczeniem wypoczynkowym","robots":{"index":"index","follow":"follow","max-snippet":"max-snippet:-1","max-image-preview":"max-image-preview:large","max-video-preview":"max-video-preview:-1"},"canonical":"https:\/\/tene.ee\/pl\/toode\/valmissaun-piha-tuuri-11-puhkeruumiga\/","og_locale":"pl_PL","og_type":"article","og_title":"Tene.ee - Prefabrykowana sauna Piha-Tuuri 11 z pomieszczeniem wypoczynkowym","og_description":"Tene.ee Prefabrykowana sauna Piha-Tuuri 11 z pomieszczeniem wypoczynkowym","og_url":"https:\/\/tene.ee\/pl\/toode\/valmissaun-piha-tuuri-11-puhkeruumiga\/","og_site_name":"Tene.ee","article_publisher":"https:\/\/www.facebook.com\/teneaiamajad","article_modified_time":"2024-11-28T10:03:48+00:00","og_image":[{"width":1600,"height":1067,"url":"http:\/\/tene.ee\/wp-content\/uploads\/2024\/07\/Sauna-Seppo-1.jpg","type":"image\/jpeg"}],"twitter_card":"summary_large_image","twitter_misc":{"Szacowany czas czytania":"2 minuty"},"schema":{"@context":"https:\/\/schema.org","@graph":[{"@type":"WebPage","@id":"https:\/\/tene.ee\/pl\/toode\/valmissaun-piha-tuuri-11-puhkeruumiga\/","url":"https:\/\/tene.ee\/pl\/toode\/valmissaun-piha-tuuri-11-puhkeruumiga\/","name":"Tene.ee - Prefabrykowana sauna Piha-Tuuri 11 z pomieszczeniem wypoczynkowym","isPartOf":{"@id":"https:\/\/tene.ee\/pl\/#website"},"primaryImageOfPage":{"@id":"https:\/\/tene.ee\/pl\/toode\/valmissaun-piha-tuuri-11-puhkeruumiga\/#primaryimage"},"image":{"@id":"https:\/\/tene.ee\/pl\/toode\/valmissaun-piha-tuuri-11-puhkeruumiga\/#primaryimage"},"thumbnailUrl":"https:\/\/tene.ee\/wp-content\/uploads\/2024\/07\/Sauna-Seppo-1.jpg","datePublished":"2024-07-12T13:22:40+00:00","dateModified":"2024-11-28T10:03:48+00:00","description":"Tene.ee Prefabrykowana sauna Piha-Tuuri 11 z pomieszczeniem wypoczynkowym","breadcrumb":{"@id":"https:\/\/tene.ee\/pl\/toode\/valmissaun-piha-tuuri-11-puhkeruumiga\/#breadcrumb"},"inLanguage":"pl-PL","potentialAction":[{"@type":"ReadAction","target":["https:\/\/tene.ee\/pl\/toode\/valmissaun-piha-tuuri-11-puhkeruumiga\/"]}]},{"@type":"ImageObject","inLanguage":"pl-PL","@id":"https:\/\/tene.ee\/pl\/toode\/valmissaun-piha-tuuri-11-puhkeruumiga\/#primaryimage","url":"https:\/\/tene.ee\/wp-content\/uploads\/2024\/07\/Sauna-Seppo-1.jpg","contentUrl":"https:\/\/tene.ee\/wp-content\/uploads\/2024\/07\/Sauna-Seppo-1.jpg","width":1600,"height":1067},{"@type":"BreadcrumbList","@id":"https:\/\/tene.ee\/pl\/toode\/valmissaun-piha-tuuri-11-puhkeruumiga\/#breadcrumb","itemListElement":[{"@type":"ListItem","position":1,"name":"Avaleht","item":"http:\/\/tene.ee\/pl\/"},{"@type":"ListItem","position":2,"name":"Sklep","item":"https:\/\/tene.ee\/pl\/sklep\/"},{"@type":"ListItem","position":3,"name":"Prefabrykowana sauna Piha-Tuuri 11 z pomieszczeniem wypoczynkowym"}]},{"@type":"WebSite","@id":"https:\/\/tene.ee\/pl\/#website","url":"https:\/\/tene.ee\/pl\/","name":"Tene.ee - Kaunite hetkede jaoks sinu aias","description":"Tene.ee - parimad puit- ja aiamajad otse tootjalt","publisher":{"@id":"https:\/\/tene.ee\/pl\/#organization"},"alternateName":"Tene.ee","potentialAction":[{"@type":"SearchAction","target":{"@type":"EntryPoint","urlTemplate":"https:\/\/tene.ee\/pl\/?s={search_term_string}"},"query-input":{"@type":"PropertyValueSpecification","valueRequired":true,"valueName":"search_term_string"}}],"inLanguage":"pl-PL"},{"@type":"Organization","@id":"https:\/\/tene.ee\/pl\/#organization","name":"Tene.ee","url":"https:\/\/tene.ee\/pl\/","logo":{"@type":"ImageObject","inLanguage":"pl-PL","@id":"https:\/\/tene.ee\/pl\/#\/schema\/logo\/image\/","url":"https:\/\/tene.ee\/wp-content\/uploads\/2024\/12\/TENE-logo-2018-2.png","contentUrl":"https:\/\/tene.ee\/wp-content\/uploads\/2024\/12\/TENE-logo-2018-2.png","width":2339,"height":1654,"caption":"Tene.ee"},"image":{"@id":"https:\/\/tene.ee\/pl\/#\/schema\/logo\/image\/"},"sameAs":["https:\/\/www.facebook.com\/teneaiamajad"]}]}},"_links":{"self":[{"href":"https:\/\/tene.ee\/pl\/wp-json\/wp\/v2\/product\/20098","targetHints":{"allow":["GET"]}}],"collection":[{"href":"https:\/\/tene.ee\/pl\/wp-json\/wp\/v2\/product"}],"about":[{"href":"https:\/\/tene.ee\/pl\/wp-json\/wp\/v2\/types\/product"}],"wp:featuredmedia":[{"embeddable":true,"href":"https:\/\/tene.ee\/pl\/wp-json\/wp\/v2\/media\/7237"}],"wp:attachment":[{"href":"https:\/\/tene.ee\/pl\/wp-json\/wp\/v2\/media?parent=20098"}],"wp:term":[{"taxonomy":"product_brand","embeddable":true,"href":"https:\/\/tene.ee\/pl\/wp-json\/wp\/v2\/product_brand?post=20098"},{"taxonomy":"product_cat","embeddable":true,"href":"https:\/\/tene.ee\/pl\/wp-json\/wp\/v2\/product_cat?post=20098"},{"taxonomy":"product_tag","embeddable":true,"href":"https:\/\/tene.ee\/pl\/wp-json\/wp\/v2\/product_tag?post=20098"}],"curies":[{"name":"wp","href":"https:\/\/api.w.org\/{rel}","templated":true}]}}