{"id":19689,"date":"2024-07-12T16:19:39","date_gmt":"2024-07-12T13:19:39","guid":{"rendered":"https:\/\/tene.ee\/toode\/karusaun-mini\/"},"modified":"2024-11-28T12:03:56","modified_gmt":"2024-11-28T10:03:56","slug":"karusaun-mini","status":"publish","type":"product","link":"https:\/\/tene.ee\/pl\/toode\/karusaun-mini\/","title":{"rendered":"Sauna na k\u00f3\u0142kach Mini"},"content":{"rendered":"<p>Sauny na k\u00f3\u0142kach wytwarzane w fabryce domk\u00f3w ogrodowych Tene to fantastyczna okazja do korzystania z sauny w miejscach, w kt\u00f3rych jej wybudowanie by\u0142oby utrudnione lub niemo\u017cliwe ze wzgl\u0119du na obowi\u0105zuj\u0105ce przepisy. Sauny na k\u00f3\u0142kach s\u0105 mobilne, mog\u0105 by\u0107 u\u017cywane przez ca\u0142y rok i nie wymagaj\u0105 pozwolenia na budow\u0119 \u2014 wystarczy je przyczepi\u0107 do samochodu, przejecha\u0107 nad zbiornik wodny i rozkoszowa\u0107 si\u0119 przyjemno\u015bci\u0105 p\u0142yn\u0105c\u0105 z mo\u017cliwo\u015bci przebywania w saunie. W zimie mo\u017cna odwie\u017a\u0107 saun\u0119 na k\u00f3\u0142kach z powrotem na w\u0142asn\u0105 dzia\u0142k\u0119.<br \/>\nSauny na k\u00f3\u0142kach s\u0105 wykonane z drewna \u015bwierkowego wysokiej jako\u015bci. W sk\u0142ad zestawu wchodzi \u0142awa do sauny z drewna topolowego, piec opalany drewnem oraz wysokiej jako\u015bci komin wykonany w Finlandii wraz ze zbiornikiem i filtrem.<\/p>\n<p>Podwozie:<br \/>\nwytrzyma\u0142a rama z ocynkowanego metalu<br \/>\nprzyczepa jednoosiowa<br \/>\npodpory we wszystkich czterech naro\u017cnikach<br \/>\n\u015bwiat\u0142a<br \/>\nko\u0142a 14\u201d<\/p>\n<p>Wymiary sauny na k\u00f3\u0142kach:<br \/>\nD\u0142ugo\u015b\u0107: 2,20 m + taras 80 cm<br \/>\nSzeroko\u015b\u0107: 1,90 m<br \/>\nMasa w\u0142asna: 1100\u00a0kg<br \/>\n\u2028Sauna:<br \/>\n\u015aciany z bali 40 mm<br \/>\nsauna wykonana z naturalnego drewna \u015bwierkowego, niemalowanego, zabezpieczonego preparatem antyple\u015bniowym<br \/>\nmetalowe pr\u0119ty gwintowane w naro\u017cnikach<br \/>\nczarne gonty dachowe w kszta\u0142cie plastra miodu<br \/>\ndach izolowany we\u0142n\u0105 o grubo\u015bci 50 mm<br \/>\npiec opalany drewnem z przeszklonymi drzwiczkami, kamienie do sauny, zbiornik wody zintegrowany z kominem, wysokiej jako\u015bci komin z przepustnic\u0105, obudowa pieca i podstawa<br \/>\n\u0142awa do sauny wykonana z drewna topolowego z podn\u00f3\u017ckiem, oparciem pod plecy i wygrodzeniem pieca<br \/>\notwierane okna z szyb\u0105 hartowan\u0105<br \/>\nzamykane drzwi z szyb\u0105 hartowan\u0105<br \/>\nkana\u0142 do odprowadzania wody z mycia i k\u0105pieli w pod\u0142odze \u0142a\u017ani parowej<br \/>\nskrzynka na dodatkowe wyposa\u017cenie<br \/>\nW przedpokoju sauny nie ma \u017cadnego wyposa\u017cenia; przedstawione zdj\u0119cia s\u0105 wy\u0142\u0105cznie pogl\u0105dowe.<br \/>\nBrak konieczno\u015bci ubiegania si\u0119 o pozwolenie na budow\u0119 w celu zaparkowania sauny.<br \/>\nCeny obowi\u0105zuj\u0105 na produkty dost\u0119pne w magazynie fabryki Tene i zawieraj\u0105 podatek VAT.<br \/>\nCena nie zawiera koszt\u00f3w transportu produktu.<\/p>\n","protected":false},"excerpt":{"rendered":"<p>Sauna jednoosiowa na k\u00f3\u0142kach gotowa do natychmiastowego u\u017cytku.<br \/>\n\u0141awa do sauny z drewna topolowego, piec opalany drewnem i wysokiej jako\u015bci komin ze zbiornikiem na wod\u0119 i przepustnic\u0105.<\/p>\n","protected":false},"featured_media":6437,"template":"","meta":{"_acf_changed":false},"product_brand":[],"product_cat":[544,546],"product_tag":[],"class_list":{"0":"post-19689","1":"product","2":"type-product","3":"status-publish","4":"has-post-thumbnail","6":"product_cat-sauny-pl","7":"product_cat-sauny-na-wozkach","8":"pa_iseloomustus-1-pokoj","9":"pa_iseloomustus-kwadratowy-dom","10":"pa_iseloomustus-taras","11":"pa_katuse-tuup-skosny-dach","12":"pa_pindala-0-10-m2-pl","13":"pa_seina-paksus-40-mm-pl","15":"first","16":"onbackorder","17":"sale","18":"purchasable","19":"product-type-simple"},"acf":[],"yoast_head":"<!-- This site is optimized with the Yoast SEO plugin v27.4 - https:\/\/yoast.com\/product\/yoast-seo-wordpress\/ -->\n<title>Tene.ee - Sauna na k\u00f3\u0142kach Mini<\/title>\n<meta name=\"description\" content=\"Tene.ee Sauna na k\u00f3\u0142kach Mini\" \/>\n<meta name=\"robots\" content=\"index, follow, max-snippet:-1, max-image-preview:large, max-video-preview:-1\" \/>\n<link rel=\"canonical\" href=\"https:\/\/tene.ee\/pl\/toode\/karusaun-mini\/\" \/>\n<meta property=\"og:locale\" content=\"pl_PL\" \/>\n<meta property=\"og:type\" content=\"article\" \/>\n<meta property=\"og:title\" content=\"Tene.ee - Sauna na k\u00f3\u0142kach Mini\" \/>\n<meta property=\"og:description\" content=\"Tene.ee Sauna na k\u00f3\u0142kach Mini\" \/>\n<meta property=\"og:url\" content=\"https:\/\/tene.ee\/pl\/toode\/karusaun-mini\/\" \/>\n<meta property=\"og:site_name\" content=\"Tene.ee\" \/>\n<meta property=\"article:publisher\" content=\"https:\/\/www.facebook.com\/teneaiamajad\" \/>\n<meta property=\"article:modified_time\" content=\"2024-11-28T10:03:56+00:00\" \/>\n<meta property=\"og:image\" content=\"https:\/\/tene.ee\/wp-content\/uploads\/2024\/07\/Karrysauna-Mini-1024x683.jpg\" \/>\n\t<meta property=\"og:image:width\" content=\"1024\" \/>\n\t<meta property=\"og:image:height\" content=\"683\" \/>\n\t<meta property=\"og:image:type\" content=\"image\/jpeg\" \/>\n<meta name=\"twitter:card\" content=\"summary_large_image\" \/>\n<meta name=\"twitter:label1\" content=\"Szacowany czas czytania\" \/>\n\t<meta name=\"twitter:data1\" content=\"2 minuty\" \/>\n<script type=\"application\/ld+json\" class=\"yoast-schema-graph\">{\"@context\":\"https:\\\/\\\/schema.org\",\"@graph\":[{\"@type\":\"WebPage\",\"@id\":\"https:\\\/\\\/tene.ee\\\/pl\\\/toode\\\/karusaun-mini\\\/\",\"url\":\"https:\\\/\\\/tene.ee\\\/pl\\\/toode\\\/karusaun-mini\\\/\",\"name\":\"Tene.ee - Sauna na k\u00f3\u0142kach Mini\",\"isPartOf\":{\"@id\":\"https:\\\/\\\/tene.ee\\\/pl\\\/#website\"},\"primaryImageOfPage\":{\"@id\":\"https:\\\/\\\/tene.ee\\\/pl\\\/toode\\\/karusaun-mini\\\/#primaryimage\"},\"image\":{\"@id\":\"https:\\\/\\\/tene.ee\\\/pl\\\/toode\\\/karusaun-mini\\\/#primaryimage\"},\"thumbnailUrl\":\"https:\\\/\\\/tene.ee\\\/wp-content\\\/uploads\\\/2024\\\/07\\\/Karrysauna-Mini.jpg\",\"datePublished\":\"2024-07-12T13:19:39+00:00\",\"dateModified\":\"2024-11-28T10:03:56+00:00\",\"description\":\"Tene.ee Sauna na k\u00f3\u0142kach Mini\",\"breadcrumb\":{\"@id\":\"https:\\\/\\\/tene.ee\\\/pl\\\/toode\\\/karusaun-mini\\\/#breadcrumb\"},\"inLanguage\":\"pl-PL\",\"potentialAction\":[{\"@type\":\"ReadAction\",\"target\":[\"https:\\\/\\\/tene.ee\\\/pl\\\/toode\\\/karusaun-mini\\\/\"]}]},{\"@type\":\"ImageObject\",\"inLanguage\":\"pl-PL\",\"@id\":\"https:\\\/\\\/tene.ee\\\/pl\\\/toode\\\/karusaun-mini\\\/#primaryimage\",\"url\":\"https:\\\/\\\/tene.ee\\\/wp-content\\\/uploads\\\/2024\\\/07\\\/Karrysauna-Mini.jpg\",\"contentUrl\":\"https:\\\/\\\/tene.ee\\\/wp-content\\\/uploads\\\/2024\\\/07\\\/Karrysauna-Mini.jpg\",\"width\":2500,\"height\":1667},{\"@type\":\"BreadcrumbList\",\"@id\":\"https:\\\/\\\/tene.ee\\\/pl\\\/toode\\\/karusaun-mini\\\/#breadcrumb\",\"itemListElement\":[{\"@type\":\"ListItem\",\"position\":1,\"name\":\"Avaleht\",\"item\":\"http:\\\/\\\/tene.ee\\\/pl\\\/\"},{\"@type\":\"ListItem\",\"position\":2,\"name\":\"Sklep\",\"item\":\"https:\\\/\\\/tene.ee\\\/pl\\\/sklep\\\/\"},{\"@type\":\"ListItem\",\"position\":3,\"name\":\"Sauna na k\u00f3\u0142kach Mini\"}]},{\"@type\":\"WebSite\",\"@id\":\"https:\\\/\\\/tene.ee\\\/pl\\\/#website\",\"url\":\"https:\\\/\\\/tene.ee\\\/pl\\\/\",\"name\":\"Tene.ee - Kaunite hetkede jaoks sinu aias\",\"description\":\"Tene.ee - parimad puit- ja aiamajad otse tootjalt\",\"publisher\":{\"@id\":\"https:\\\/\\\/tene.ee\\\/pl\\\/#organization\"},\"alternateName\":\"Tene.ee\",\"potentialAction\":[{\"@type\":\"SearchAction\",\"target\":{\"@type\":\"EntryPoint\",\"urlTemplate\":\"https:\\\/\\\/tene.ee\\\/pl\\\/?s={search_term_string}\"},\"query-input\":{\"@type\":\"PropertyValueSpecification\",\"valueRequired\":true,\"valueName\":\"search_term_string\"}}],\"inLanguage\":\"pl-PL\"},{\"@type\":\"Organization\",\"@id\":\"https:\\\/\\\/tene.ee\\\/pl\\\/#organization\",\"name\":\"Tene.ee\",\"url\":\"https:\\\/\\\/tene.ee\\\/pl\\\/\",\"logo\":{\"@type\":\"ImageObject\",\"inLanguage\":\"pl-PL\",\"@id\":\"https:\\\/\\\/tene.ee\\\/pl\\\/#\\\/schema\\\/logo\\\/image\\\/\",\"url\":\"https:\\\/\\\/tene.ee\\\/wp-content\\\/uploads\\\/2024\\\/12\\\/TENE-logo-2018-2.png\",\"contentUrl\":\"https:\\\/\\\/tene.ee\\\/wp-content\\\/uploads\\\/2024\\\/12\\\/TENE-logo-2018-2.png\",\"width\":2339,\"height\":1654,\"caption\":\"Tene.ee\"},\"image\":{\"@id\":\"https:\\\/\\\/tene.ee\\\/pl\\\/#\\\/schema\\\/logo\\\/image\\\/\"},\"sameAs\":[\"https:\\\/\\\/www.facebook.com\\\/teneaiamajad\"]}]}<\/script>\n<!-- \/ Yoast SEO plugin. -->","yoast_head_json":{"title":"Tene.ee - Sauna na k\u00f3\u0142kach Mini","description":"Tene.ee Sauna na k\u00f3\u0142kach Mini","robots":{"index":"index","follow":"follow","max-snippet":"max-snippet:-1","max-image-preview":"max-image-preview:large","max-video-preview":"max-video-preview:-1"},"canonical":"https:\/\/tene.ee\/pl\/toode\/karusaun-mini\/","og_locale":"pl_PL","og_type":"article","og_title":"Tene.ee - Sauna na k\u00f3\u0142kach Mini","og_description":"Tene.ee Sauna na k\u00f3\u0142kach Mini","og_url":"https:\/\/tene.ee\/pl\/toode\/karusaun-mini\/","og_site_name":"Tene.ee","article_publisher":"https:\/\/www.facebook.com\/teneaiamajad","article_modified_time":"2024-11-28T10:03:56+00:00","og_image":[{"width":1024,"height":683,"url":"https:\/\/tene.ee\/wp-content\/uploads\/2024\/07\/Karrysauna-Mini-1024x683.jpg","type":"image\/jpeg"}],"twitter_card":"summary_large_image","twitter_misc":{"Szacowany czas czytania":"2 minuty"},"schema":{"@context":"https:\/\/schema.org","@graph":[{"@type":"WebPage","@id":"https:\/\/tene.ee\/pl\/toode\/karusaun-mini\/","url":"https:\/\/tene.ee\/pl\/toode\/karusaun-mini\/","name":"Tene.ee - Sauna na k\u00f3\u0142kach Mini","isPartOf":{"@id":"https:\/\/tene.ee\/pl\/#website"},"primaryImageOfPage":{"@id":"https:\/\/tene.ee\/pl\/toode\/karusaun-mini\/#primaryimage"},"image":{"@id":"https:\/\/tene.ee\/pl\/toode\/karusaun-mini\/#primaryimage"},"thumbnailUrl":"https:\/\/tene.ee\/wp-content\/uploads\/2024\/07\/Karrysauna-Mini.jpg","datePublished":"2024-07-12T13:19:39+00:00","dateModified":"2024-11-28T10:03:56+00:00","description":"Tene.ee Sauna na k\u00f3\u0142kach Mini","breadcrumb":{"@id":"https:\/\/tene.ee\/pl\/toode\/karusaun-mini\/#breadcrumb"},"inLanguage":"pl-PL","potentialAction":[{"@type":"ReadAction","target":["https:\/\/tene.ee\/pl\/toode\/karusaun-mini\/"]}]},{"@type":"ImageObject","inLanguage":"pl-PL","@id":"https:\/\/tene.ee\/pl\/toode\/karusaun-mini\/#primaryimage","url":"https:\/\/tene.ee\/wp-content\/uploads\/2024\/07\/Karrysauna-Mini.jpg","contentUrl":"https:\/\/tene.ee\/wp-content\/uploads\/2024\/07\/Karrysauna-Mini.jpg","width":2500,"height":1667},{"@type":"BreadcrumbList","@id":"https:\/\/tene.ee\/pl\/toode\/karusaun-mini\/#breadcrumb","itemListElement":[{"@type":"ListItem","position":1,"name":"Avaleht","item":"http:\/\/tene.ee\/pl\/"},{"@type":"ListItem","position":2,"name":"Sklep","item":"https:\/\/tene.ee\/pl\/sklep\/"},{"@type":"ListItem","position":3,"name":"Sauna na k\u00f3\u0142kach Mini"}]},{"@type":"WebSite","@id":"https:\/\/tene.ee\/pl\/#website","url":"https:\/\/tene.ee\/pl\/","name":"Tene.ee - Kaunite hetkede jaoks sinu aias","description":"Tene.ee - parimad puit- ja aiamajad otse tootjalt","publisher":{"@id":"https:\/\/tene.ee\/pl\/#organization"},"alternateName":"Tene.ee","potentialAction":[{"@type":"SearchAction","target":{"@type":"EntryPoint","urlTemplate":"https:\/\/tene.ee\/pl\/?s={search_term_string}"},"query-input":{"@type":"PropertyValueSpecification","valueRequired":true,"valueName":"search_term_string"}}],"inLanguage":"pl-PL"},{"@type":"Organization","@id":"https:\/\/tene.ee\/pl\/#organization","name":"Tene.ee","url":"https:\/\/tene.ee\/pl\/","logo":{"@type":"ImageObject","inLanguage":"pl-PL","@id":"https:\/\/tene.ee\/pl\/#\/schema\/logo\/image\/","url":"https:\/\/tene.ee\/wp-content\/uploads\/2024\/12\/TENE-logo-2018-2.png","contentUrl":"https:\/\/tene.ee\/wp-content\/uploads\/2024\/12\/TENE-logo-2018-2.png","width":2339,"height":1654,"caption":"Tene.ee"},"image":{"@id":"https:\/\/tene.ee\/pl\/#\/schema\/logo\/image\/"},"sameAs":["https:\/\/www.facebook.com\/teneaiamajad"]}]}},"_links":{"self":[{"href":"https:\/\/tene.ee\/pl\/wp-json\/wp\/v2\/product\/19689","targetHints":{"allow":["GET"]}}],"collection":[{"href":"https:\/\/tene.ee\/pl\/wp-json\/wp\/v2\/product"}],"about":[{"href":"https:\/\/tene.ee\/pl\/wp-json\/wp\/v2\/types\/product"}],"wp:featuredmedia":[{"embeddable":true,"href":"https:\/\/tene.ee\/pl\/wp-json\/wp\/v2\/media\/6437"}],"wp:attachment":[{"href":"https:\/\/tene.ee\/pl\/wp-json\/wp\/v2\/media?parent=19689"}],"wp:term":[{"taxonomy":"product_brand","embeddable":true,"href":"https:\/\/tene.ee\/pl\/wp-json\/wp\/v2\/product_brand?post=19689"},{"taxonomy":"product_cat","embeddable":true,"href":"https:\/\/tene.ee\/pl\/wp-json\/wp\/v2\/product_cat?post=19689"},{"taxonomy":"product_tag","embeddable":true,"href":"https:\/\/tene.ee\/pl\/wp-json\/wp\/v2\/product_tag?post=19689"}],"curies":[{"name":"wp","href":"https:\/\/api.w.org\/{rel}","templated":true}]}}