{"id":19558,"date":"2024-07-12T16:20:40","date_gmt":"2024-07-12T13:20:40","guid":{"rendered":"https:\/\/tene.ee\/toode\/kumblustunn-standard-o-180-beez-graniit-kaanega\/"},"modified":"2024-11-28T12:04:00","modified_gmt":"2024-11-28T10:04:00","slug":"kumblustunn-standard-o-180-beez-graniit-kaanega","status":"publish","type":"product","link":"https:\/\/tene.ee\/pl\/toode\/kumblustunn-standard-o-180-beez-graniit-kaanega\/","title":{"rendered":"Jacuzzi Standard, \u00d8 180 z pokryw\u0105 w kolorze be\u017cowego granitu"},"content":{"rendered":"<p>Wn\u0119trze i pokrywa jacuzzi wykonane z formowanego rotacyjnie tworzywa PE (tworzywa polietylenowego). Odlew siedziska w jacuzzi zaizolowano warstw\u0105 styropianu o grubo\u015bci 40 cm.<\/p>\n<p>Tworzywo PE jest \u0142atwe do utrzymania w czysto\u015bci. Jacuzzi wyposa\u017cono w otw\u00f3r odp\u0142ywowy i rur\u0119 odp\u0142ywow\u0105 z kurkiem. Jacuzzi i pokrywa charakteryzuj\u0105 si\u0119 bardzo wysok\u0105 odporno\u015bci\u0105 na dzia\u0142anie czynnik\u00f3w atmosferycznych i s\u0105 niewra\u017cliwe na wysokie i niskie temperatury. Po za\u0142o\u017ceniu pokrywy woda w jacuzzi nagrzewa si\u0119 szybciej, a do \u015brodka nie dostaj\u0105 si\u0119 \u017cadne zanieczyszczenia ani brud.<\/p>\n<p>Zewn\u0119trzny piec jacuzzi wykonany z aluminium przeznaczonego do zastosowa\u0144 morskich mo\u017ce by\u0107 opalany drewnem o maks. d\u0142ugo\u015bci 50 cm. W takim przypadku czas nagrzewania jacuzzi wynosi od ok. 3 do 3,5 godz. W przypadku opalania pieca brykietem drzewnym czas nagrzewania jacuzzi jest o ok. godzin\u0119 kr\u00f3tszy (od 2,5 do 3,5 godz.). Zu\u017cycie brykietu wynosi ok. 25 kg. Czas niezb\u0119dny do podgrzania jacuzzi zale\u017cy r\u00f3wnie\u017c od pory roku. W zimie czas nagrzewania mo\u017ce by\u0107 znacznie d\u0142u\u017cszy ni\u017c w lecie, kiedy to jacuzzi nagrzewa si\u0119 szybciej.<\/p>\n","protected":false},"excerpt":{"rendered":"<p>Jacuzzi z pokryw\u0105 dla 6 os\u00f3b.<br \/>\nZewn\u0119trzne wymiary jacuzzi: \u00d8 183 cm<br \/>\nZewn\u0119trzne wymiary jacuzzi z pokryw\u0105: 187 cm<br \/>\nMaksymalna ilo\u015b\u0107 wody w jacuzzi: 1450 l<br \/>\nWysoko\u015b\u0107 jacuzzi od pod\u0142o\u017ca: 119 cm<br \/>\nWysoko\u015b\u0107 jacuzzi z pokryw\u0105 od pod\u0142o\u017ca: 145 cm<br \/>\nPiec zewn\u0119trzny wykonany z aluminium przeznaczonego do zastosowa\u0144 morskich (wymiary: 65 x 42 x 62 cm)<br \/>\nD\u0142ugo\u015b\u0107 komina: 200 cm<br \/>\nDrewniana obudowa wyko\u0144czona woskiem do drewna<br \/>\nWn\u0119trze i pokrywa w kolorze be\u017cowego granitu<br \/>\nOdp\u0142yw wody z kurkiem<br \/>\nCzas niezb\u0119dny do ogrzania wody z temperatury 5\u00b0C do 38\u00b0C w przypadku korzystania z drewna o d\u0142ugo\u015bci 50 cm to od ok. 3 do 3,5 godz. (od ok. 2 do 2,5 godz. w przypadku korzystania z brykietu drzewnego)<br \/>\nWaga jacuzzi z piecem: ok. 250 kg<br \/>\nPodstawa jacuzzi wykonana z drewna impregnowanego 45 x 70 cm<\/p>\n<p>Ceny obowi\u0105zuj\u0105 na produkty dost\u0119pne w magazynie fabryki Tene i zawieraj\u0105 podatek VAT.<br \/>\nCena nie zawiera koszt\u00f3w transportu produktu.<\/p>\n","protected":false},"featured_media":6845,"template":"","meta":{"_acf_changed":false},"product_brand":[],"product_cat":[535],"product_tag":[],"class_list":{"0":"post-19558","1":"product","2":"type-product","3":"status-publish","4":"has-post-thumbnail","6":"product_cat-wanny-z-hydromasazem","7":"pa_kumblustunni-diameeter-183-cm-pl","9":"first","10":"onbackorder","11":"sale","12":"purchasable","13":"product-type-simple"},"acf":[],"yoast_head":"<!-- This site is optimized with the Yoast SEO plugin v27.3 - https:\/\/yoast.com\/product\/yoast-seo-wordpress\/ -->\n<title>Tene.ee - Jacuzzi Standard, \u00d8 180 z pokryw\u0105 w kolorze be\u017cowego granitu<\/title>\n<meta name=\"description\" content=\"Tene.ee Jacuzzi Standard, \u00d8 180 z pokryw\u0105 w kolorze be\u017cowego granitu\" \/>\n<meta name=\"robots\" content=\"index, follow, max-snippet:-1, max-image-preview:large, max-video-preview:-1\" \/>\n<link rel=\"canonical\" href=\"https:\/\/tene.ee\/pl\/toode\/kumblustunn-standard-o-180-beez-graniit-kaanega\/\" \/>\n<meta property=\"og:locale\" content=\"pl_PL\" \/>\n<meta property=\"og:type\" content=\"article\" \/>\n<meta property=\"og:title\" content=\"Tene.ee - Jacuzzi Standard, \u00d8 180 z pokryw\u0105 w kolorze be\u017cowego granitu\" \/>\n<meta property=\"og:description\" content=\"Tene.ee Jacuzzi Standard, \u00d8 180 z pokryw\u0105 w kolorze be\u017cowego granitu\" \/>\n<meta property=\"og:url\" content=\"https:\/\/tene.ee\/pl\/toode\/kumblustunn-standard-o-180-beez-graniit-kaanega\/\" \/>\n<meta property=\"og:site_name\" content=\"Tene.ee\" \/>\n<meta property=\"article:publisher\" content=\"https:\/\/www.facebook.com\/teneaiamajad\" \/>\n<meta property=\"article:modified_time\" content=\"2024-11-28T10:04:00+00:00\" \/>\n<meta property=\"og:image\" content=\"http:\/\/tene.ee\/wp-content\/uploads\/2024\/07\/Kymblustynn_Standard180_beez.jpg\" \/>\n\t<meta property=\"og:image:width\" content=\"2500\" \/>\n\t<meta property=\"og:image:height\" content=\"1667\" \/>\n\t<meta property=\"og:image:type\" content=\"image\/jpeg\" \/>\n<meta name=\"twitter:card\" content=\"summary_large_image\" \/>\n<meta name=\"twitter:label1\" content=\"Szacowany czas czytania\" \/>\n\t<meta name=\"twitter:data1\" content=\"2 minuty\" \/>\n<script type=\"application\/ld+json\" class=\"yoast-schema-graph\">{\"@context\":\"https:\\\/\\\/schema.org\",\"@graph\":[{\"@type\":\"WebPage\",\"@id\":\"https:\\\/\\\/tene.ee\\\/pl\\\/toode\\\/kumblustunn-standard-o-180-beez-graniit-kaanega\\\/\",\"url\":\"https:\\\/\\\/tene.ee\\\/pl\\\/toode\\\/kumblustunn-standard-o-180-beez-graniit-kaanega\\\/\",\"name\":\"Tene.ee - Jacuzzi Standard, \u00d8 180 z pokryw\u0105 w kolorze be\u017cowego granitu\",\"isPartOf\":{\"@id\":\"https:\\\/\\\/tene.ee\\\/pl\\\/#website\"},\"primaryImageOfPage\":{\"@id\":\"https:\\\/\\\/tene.ee\\\/pl\\\/toode\\\/kumblustunn-standard-o-180-beez-graniit-kaanega\\\/#primaryimage\"},\"image\":{\"@id\":\"https:\\\/\\\/tene.ee\\\/pl\\\/toode\\\/kumblustunn-standard-o-180-beez-graniit-kaanega\\\/#primaryimage\"},\"thumbnailUrl\":\"https:\\\/\\\/tene.ee\\\/wp-content\\\/uploads\\\/2024\\\/07\\\/Kymblustynn_Standard180_beez.jpg\",\"datePublished\":\"2024-07-12T13:20:40+00:00\",\"dateModified\":\"2024-11-28T10:04:00+00:00\",\"description\":\"Tene.ee Jacuzzi Standard, \u00d8 180 z pokryw\u0105 w kolorze be\u017cowego granitu\",\"breadcrumb\":{\"@id\":\"https:\\\/\\\/tene.ee\\\/pl\\\/toode\\\/kumblustunn-standard-o-180-beez-graniit-kaanega\\\/#breadcrumb\"},\"inLanguage\":\"pl-PL\",\"potentialAction\":[{\"@type\":\"ReadAction\",\"target\":[\"https:\\\/\\\/tene.ee\\\/pl\\\/toode\\\/kumblustunn-standard-o-180-beez-graniit-kaanega\\\/\"]}]},{\"@type\":\"ImageObject\",\"inLanguage\":\"pl-PL\",\"@id\":\"https:\\\/\\\/tene.ee\\\/pl\\\/toode\\\/kumblustunn-standard-o-180-beez-graniit-kaanega\\\/#primaryimage\",\"url\":\"https:\\\/\\\/tene.ee\\\/wp-content\\\/uploads\\\/2024\\\/07\\\/Kymblustynn_Standard180_beez.jpg\",\"contentUrl\":\"https:\\\/\\\/tene.ee\\\/wp-content\\\/uploads\\\/2024\\\/07\\\/Kymblustynn_Standard180_beez.jpg\",\"width\":2500,\"height\":1667},{\"@type\":\"BreadcrumbList\",\"@id\":\"https:\\\/\\\/tene.ee\\\/pl\\\/toode\\\/kumblustunn-standard-o-180-beez-graniit-kaanega\\\/#breadcrumb\",\"itemListElement\":[{\"@type\":\"ListItem\",\"position\":1,\"name\":\"Avaleht\",\"item\":\"http:\\\/\\\/tene.ee\\\/pl\\\/\"},{\"@type\":\"ListItem\",\"position\":2,\"name\":\"Sklep\",\"item\":\"https:\\\/\\\/tene.ee\\\/pl\\\/sklep\\\/\"},{\"@type\":\"ListItem\",\"position\":3,\"name\":\"Jacuzzi Standard, \u00d8 180 z pokryw\u0105 w kolorze be\u017cowego granitu\"}]},{\"@type\":\"WebSite\",\"@id\":\"https:\\\/\\\/tene.ee\\\/pl\\\/#website\",\"url\":\"https:\\\/\\\/tene.ee\\\/pl\\\/\",\"name\":\"Tene.ee - Kaunite hetkede jaoks sinu aias\",\"description\":\"Tene.ee - parimad puit- ja aiamajad otse tootjalt\",\"publisher\":{\"@id\":\"https:\\\/\\\/tene.ee\\\/pl\\\/#organization\"},\"alternateName\":\"Tene.ee\",\"potentialAction\":[{\"@type\":\"SearchAction\",\"target\":{\"@type\":\"EntryPoint\",\"urlTemplate\":\"https:\\\/\\\/tene.ee\\\/pl\\\/?s={search_term_string}\"},\"query-input\":{\"@type\":\"PropertyValueSpecification\",\"valueRequired\":true,\"valueName\":\"search_term_string\"}}],\"inLanguage\":\"pl-PL\"},{\"@type\":\"Organization\",\"@id\":\"https:\\\/\\\/tene.ee\\\/pl\\\/#organization\",\"name\":\"Tene.ee\",\"url\":\"https:\\\/\\\/tene.ee\\\/pl\\\/\",\"logo\":{\"@type\":\"ImageObject\",\"inLanguage\":\"pl-PL\",\"@id\":\"https:\\\/\\\/tene.ee\\\/pl\\\/#\\\/schema\\\/logo\\\/image\\\/\",\"url\":\"https:\\\/\\\/tene.ee\\\/wp-content\\\/uploads\\\/2024\\\/12\\\/TENE-logo-2018-2.png\",\"contentUrl\":\"https:\\\/\\\/tene.ee\\\/wp-content\\\/uploads\\\/2024\\\/12\\\/TENE-logo-2018-2.png\",\"width\":2339,\"height\":1654,\"caption\":\"Tene.ee\"},\"image\":{\"@id\":\"https:\\\/\\\/tene.ee\\\/pl\\\/#\\\/schema\\\/logo\\\/image\\\/\"},\"sameAs\":[\"https:\\\/\\\/www.facebook.com\\\/teneaiamajad\"]}]}<\/script>\n<!-- \/ Yoast SEO plugin. -->","yoast_head_json":{"title":"Tene.ee - Jacuzzi Standard, \u00d8 180 z pokryw\u0105 w kolorze be\u017cowego granitu","description":"Tene.ee Jacuzzi Standard, \u00d8 180 z pokryw\u0105 w kolorze be\u017cowego granitu","robots":{"index":"index","follow":"follow","max-snippet":"max-snippet:-1","max-image-preview":"max-image-preview:large","max-video-preview":"max-video-preview:-1"},"canonical":"https:\/\/tene.ee\/pl\/toode\/kumblustunn-standard-o-180-beez-graniit-kaanega\/","og_locale":"pl_PL","og_type":"article","og_title":"Tene.ee - Jacuzzi Standard, \u00d8 180 z pokryw\u0105 w kolorze be\u017cowego granitu","og_description":"Tene.ee Jacuzzi Standard, \u00d8 180 z pokryw\u0105 w kolorze be\u017cowego granitu","og_url":"https:\/\/tene.ee\/pl\/toode\/kumblustunn-standard-o-180-beez-graniit-kaanega\/","og_site_name":"Tene.ee","article_publisher":"https:\/\/www.facebook.com\/teneaiamajad","article_modified_time":"2024-11-28T10:04:00+00:00","og_image":[{"width":2500,"height":1667,"url":"http:\/\/tene.ee\/wp-content\/uploads\/2024\/07\/Kymblustynn_Standard180_beez.jpg","type":"image\/jpeg"}],"twitter_card":"summary_large_image","twitter_misc":{"Szacowany czas czytania":"2 minuty"},"schema":{"@context":"https:\/\/schema.org","@graph":[{"@type":"WebPage","@id":"https:\/\/tene.ee\/pl\/toode\/kumblustunn-standard-o-180-beez-graniit-kaanega\/","url":"https:\/\/tene.ee\/pl\/toode\/kumblustunn-standard-o-180-beez-graniit-kaanega\/","name":"Tene.ee - Jacuzzi Standard, \u00d8 180 z pokryw\u0105 w kolorze be\u017cowego granitu","isPartOf":{"@id":"https:\/\/tene.ee\/pl\/#website"},"primaryImageOfPage":{"@id":"https:\/\/tene.ee\/pl\/toode\/kumblustunn-standard-o-180-beez-graniit-kaanega\/#primaryimage"},"image":{"@id":"https:\/\/tene.ee\/pl\/toode\/kumblustunn-standard-o-180-beez-graniit-kaanega\/#primaryimage"},"thumbnailUrl":"https:\/\/tene.ee\/wp-content\/uploads\/2024\/07\/Kymblustynn_Standard180_beez.jpg","datePublished":"2024-07-12T13:20:40+00:00","dateModified":"2024-11-28T10:04:00+00:00","description":"Tene.ee Jacuzzi Standard, \u00d8 180 z pokryw\u0105 w kolorze be\u017cowego granitu","breadcrumb":{"@id":"https:\/\/tene.ee\/pl\/toode\/kumblustunn-standard-o-180-beez-graniit-kaanega\/#breadcrumb"},"inLanguage":"pl-PL","potentialAction":[{"@type":"ReadAction","target":["https:\/\/tene.ee\/pl\/toode\/kumblustunn-standard-o-180-beez-graniit-kaanega\/"]}]},{"@type":"ImageObject","inLanguage":"pl-PL","@id":"https:\/\/tene.ee\/pl\/toode\/kumblustunn-standard-o-180-beez-graniit-kaanega\/#primaryimage","url":"https:\/\/tene.ee\/wp-content\/uploads\/2024\/07\/Kymblustynn_Standard180_beez.jpg","contentUrl":"https:\/\/tene.ee\/wp-content\/uploads\/2024\/07\/Kymblustynn_Standard180_beez.jpg","width":2500,"height":1667},{"@type":"BreadcrumbList","@id":"https:\/\/tene.ee\/pl\/toode\/kumblustunn-standard-o-180-beez-graniit-kaanega\/#breadcrumb","itemListElement":[{"@type":"ListItem","position":1,"name":"Avaleht","item":"http:\/\/tene.ee\/pl\/"},{"@type":"ListItem","position":2,"name":"Sklep","item":"https:\/\/tene.ee\/pl\/sklep\/"},{"@type":"ListItem","position":3,"name":"Jacuzzi Standard, \u00d8 180 z pokryw\u0105 w kolorze be\u017cowego granitu"}]},{"@type":"WebSite","@id":"https:\/\/tene.ee\/pl\/#website","url":"https:\/\/tene.ee\/pl\/","name":"Tene.ee - Kaunite hetkede jaoks sinu aias","description":"Tene.ee - parimad puit- ja aiamajad otse tootjalt","publisher":{"@id":"https:\/\/tene.ee\/pl\/#organization"},"alternateName":"Tene.ee","potentialAction":[{"@type":"SearchAction","target":{"@type":"EntryPoint","urlTemplate":"https:\/\/tene.ee\/pl\/?s={search_term_string}"},"query-input":{"@type":"PropertyValueSpecification","valueRequired":true,"valueName":"search_term_string"}}],"inLanguage":"pl-PL"},{"@type":"Organization","@id":"https:\/\/tene.ee\/pl\/#organization","name":"Tene.ee","url":"https:\/\/tene.ee\/pl\/","logo":{"@type":"ImageObject","inLanguage":"pl-PL","@id":"https:\/\/tene.ee\/pl\/#\/schema\/logo\/image\/","url":"https:\/\/tene.ee\/wp-content\/uploads\/2024\/12\/TENE-logo-2018-2.png","contentUrl":"https:\/\/tene.ee\/wp-content\/uploads\/2024\/12\/TENE-logo-2018-2.png","width":2339,"height":1654,"caption":"Tene.ee"},"image":{"@id":"https:\/\/tene.ee\/pl\/#\/schema\/logo\/image\/"},"sameAs":["https:\/\/www.facebook.com\/teneaiamajad"]}]}},"_links":{"self":[{"href":"https:\/\/tene.ee\/pl\/wp-json\/wp\/v2\/product\/19558","targetHints":{"allow":["GET"]}}],"collection":[{"href":"https:\/\/tene.ee\/pl\/wp-json\/wp\/v2\/product"}],"about":[{"href":"https:\/\/tene.ee\/pl\/wp-json\/wp\/v2\/types\/product"}],"wp:featuredmedia":[{"embeddable":true,"href":"https:\/\/tene.ee\/pl\/wp-json\/wp\/v2\/media\/6845"}],"wp:attachment":[{"href":"https:\/\/tene.ee\/pl\/wp-json\/wp\/v2\/media?parent=19558"}],"wp:term":[{"taxonomy":"product_brand","embeddable":true,"href":"https:\/\/tene.ee\/pl\/wp-json\/wp\/v2\/product_brand?post=19558"},{"taxonomy":"product_cat","embeddable":true,"href":"https:\/\/tene.ee\/pl\/wp-json\/wp\/v2\/product_cat?post=19558"},{"taxonomy":"product_tag","embeddable":true,"href":"https:\/\/tene.ee\/pl\/wp-json\/wp\/v2\/product_tag?post=19558"}],"curies":[{"name":"wp","href":"https:\/\/api.w.org\/{rel}","templated":true}]}}