{"id":19492,"date":"2024-07-12T16:20:40","date_gmt":"2024-07-12T13:20:40","guid":{"rendered":"https:\/\/tene.ee\/toode\/kumblustunn-standard-kaanega-haagisel\/"},"modified":"2024-11-28T12:03:59","modified_gmt":"2024-11-28T10:03:59","slug":"kumblustunn-standard-kaanega-haagisel","status":"publish","type":"product","link":"https:\/\/tene.ee\/pl\/toode\/kumblustunn-standard-kaanega-haagisel\/","title":{"rendered":"Jacuzzi Standard z pokryw\u0105 na przyczepie"},"content":{"rendered":"<p>Jacuzzi z pokryw\u0105 na przyczepie dla 6 os\u00f3b.<\/p>\n<p>Wymiary platformy: 300 x 208 cm<br \/>\nD\u0142ugo\u015b\u0107 ca\u0142kowita: 431 cm<br \/>\nPrzyczep\u0119 wyposa\u017cono w cztery podpory.<br \/>\nSpodni\u0105 stron\u0119 przyczepy stanowi wodoodporna okleina.<br \/>\nMasa ca\u0142kowita: 750 kg<br \/>\n\u0141adowno\u015b\u0107: 750 kg<br \/>\nZewn\u0119trzne wymiary jacuzzi: \u00d8 183 cm<br \/>\nZewn\u0119trzne wymiary jacuzzi z pokryw\u0105: 187 cm<br \/>\nZalecana ilo\u015b\u0107 wody w jacuzzi: 1450 l<br \/>\nSchodki drewniane<br \/>\nPiec zewn\u0119trzny wykonany z aluminium przeznaczonego do zastosowa\u0144 morskich (wymiary: 65 x 42 x 62 cm)<br \/>\nD\u0142ugo\u015b\u0107 komina: 200 cm<br \/>\nDrewniana obudowa wyko\u0144czona woskiem do drewna<br \/>\nWn\u0119trze i pokrywa w kolorze szarego granitu<br \/>\nOdp\u0142yw wody z kurkiem<br \/>\nCzas niezb\u0119dny do ogrzania wody z temperatury 5\u00b0C do 38\u00b0C w przypadku korzystania z drewna o d\u0142ugo\u015bci 50 cm to od ok. 3 do 3,5 godz. (od ok. 2 do 2,5 godz. w przypadku korzystania z brykietu drzewnego). Czas niezb\u0119dny do podgrzania jacuzzi zale\u017cy r\u00f3wnie\u017c od pory roku. W zimie czas nagrzewania mo\u017ce by\u0107 znacznie d\u0142u\u017cszy ni\u017c w lecie, kiedy to jacuzzi nagrzewa si\u0119 szybciej.<br \/>\nWaga jacuzzi z piecem: ok. 250 kg<br \/>\nPrzyczepa z jacuzzi wa\u017cy ok. 480 kg.<\/p>\n","protected":false},"excerpt":{"rendered":"<p>Jacuzzi na k\u00f3\u0142kach dla 6 os\u00f3b. \u015arednica: 180 cm. Ciesz si\u0119 rado\u015bci\u0105 p\u0142yn\u0105c\u0105 z korzystania z jacuzzi, gdziekolwiek zechcesz!<\/p>\n","protected":false},"featured_media":6749,"template":"","meta":{"_acf_changed":false},"product_brand":[],"product_cat":[534,544,546,535],"product_tag":[],"class_list":{"0":"post-19492","1":"product","2":"type-product","3":"status-publish","4":"has-post-thumbnail","6":"product_cat-dostepne-natychmiast","7":"product_cat-sauny-pl","8":"product_cat-sauny-na-wozkach","9":"product_cat-wanny-z-hydromasazem","10":"pa_kumblustunni-diameeter-183-cm-pl","12":"first","13":"onbackorder","14":"sale","15":"purchasable","16":"product-type-simple"},"acf":[],"yoast_head":"<!-- This site is optimized with the Yoast SEO plugin v27.3 - https:\/\/yoast.com\/product\/yoast-seo-wordpress\/ -->\n<title>Tene.ee - Jacuzzi Standard z pokryw\u0105 na przyczepie<\/title>\n<meta name=\"description\" content=\"Tene.ee Jacuzzi Standard z pokryw\u0105 na przyczepie\" \/>\n<meta name=\"robots\" content=\"index, follow, max-snippet:-1, max-image-preview:large, max-video-preview:-1\" \/>\n<link rel=\"canonical\" href=\"https:\/\/tene.ee\/pl\/toode\/kumblustunn-standard-kaanega-haagisel\/\" \/>\n<meta property=\"og:locale\" content=\"pl_PL\" \/>\n<meta property=\"og:type\" content=\"article\" \/>\n<meta property=\"og:title\" content=\"Tene.ee - Jacuzzi Standard z pokryw\u0105 na przyczepie\" \/>\n<meta property=\"og:description\" content=\"Tene.ee Jacuzzi Standard z pokryw\u0105 na przyczepie\" \/>\n<meta property=\"og:url\" content=\"https:\/\/tene.ee\/pl\/toode\/kumblustunn-standard-kaanega-haagisel\/\" \/>\n<meta property=\"og:site_name\" content=\"Tene.ee\" \/>\n<meta property=\"article:publisher\" content=\"https:\/\/www.facebook.com\/teneaiamajad\" \/>\n<meta property=\"article:modified_time\" content=\"2024-11-28T10:03:59+00:00\" \/>\n<meta property=\"og:image\" content=\"http:\/\/tene.ee\/wp-content\/uploads\/2024\/07\/Paljukarry-8.jpg\" \/>\n\t<meta property=\"og:image:width\" content=\"2016\" \/>\n\t<meta property=\"og:image:height\" content=\"1512\" \/>\n\t<meta property=\"og:image:type\" content=\"image\/jpeg\" \/>\n<meta name=\"twitter:card\" content=\"summary_large_image\" \/>\n<meta name=\"twitter:label1\" content=\"Szacowany czas czytania\" \/>\n\t<meta name=\"twitter:data1\" content=\"2 minuty\" \/>\n<script type=\"application\/ld+json\" class=\"yoast-schema-graph\">{\"@context\":\"https:\\\/\\\/schema.org\",\"@graph\":[{\"@type\":\"WebPage\",\"@id\":\"https:\\\/\\\/tene.ee\\\/pl\\\/toode\\\/kumblustunn-standard-kaanega-haagisel\\\/\",\"url\":\"https:\\\/\\\/tene.ee\\\/pl\\\/toode\\\/kumblustunn-standard-kaanega-haagisel\\\/\",\"name\":\"Tene.ee - Jacuzzi Standard z pokryw\u0105 na przyczepie\",\"isPartOf\":{\"@id\":\"https:\\\/\\\/tene.ee\\\/pl\\\/#website\"},\"primaryImageOfPage\":{\"@id\":\"https:\\\/\\\/tene.ee\\\/pl\\\/toode\\\/kumblustunn-standard-kaanega-haagisel\\\/#primaryimage\"},\"image\":{\"@id\":\"https:\\\/\\\/tene.ee\\\/pl\\\/toode\\\/kumblustunn-standard-kaanega-haagisel\\\/#primaryimage\"},\"thumbnailUrl\":\"https:\\\/\\\/tene.ee\\\/wp-content\\\/uploads\\\/2024\\\/07\\\/Paljukarry-8.jpg\",\"datePublished\":\"2024-07-12T13:20:40+00:00\",\"dateModified\":\"2024-11-28T10:03:59+00:00\",\"description\":\"Tene.ee Jacuzzi Standard z pokryw\u0105 na przyczepie\",\"breadcrumb\":{\"@id\":\"https:\\\/\\\/tene.ee\\\/pl\\\/toode\\\/kumblustunn-standard-kaanega-haagisel\\\/#breadcrumb\"},\"inLanguage\":\"pl-PL\",\"potentialAction\":[{\"@type\":\"ReadAction\",\"target\":[\"https:\\\/\\\/tene.ee\\\/pl\\\/toode\\\/kumblustunn-standard-kaanega-haagisel\\\/\"]}]},{\"@type\":\"ImageObject\",\"inLanguage\":\"pl-PL\",\"@id\":\"https:\\\/\\\/tene.ee\\\/pl\\\/toode\\\/kumblustunn-standard-kaanega-haagisel\\\/#primaryimage\",\"url\":\"https:\\\/\\\/tene.ee\\\/wp-content\\\/uploads\\\/2024\\\/07\\\/Paljukarry-8.jpg\",\"contentUrl\":\"https:\\\/\\\/tene.ee\\\/wp-content\\\/uploads\\\/2024\\\/07\\\/Paljukarry-8.jpg\",\"width\":2016,\"height\":1512},{\"@type\":\"BreadcrumbList\",\"@id\":\"https:\\\/\\\/tene.ee\\\/pl\\\/toode\\\/kumblustunn-standard-kaanega-haagisel\\\/#breadcrumb\",\"itemListElement\":[{\"@type\":\"ListItem\",\"position\":1,\"name\":\"Avaleht\",\"item\":\"http:\\\/\\\/tene.ee\\\/pl\\\/\"},{\"@type\":\"ListItem\",\"position\":2,\"name\":\"Sklep\",\"item\":\"https:\\\/\\\/tene.ee\\\/pl\\\/sklep\\\/\"},{\"@type\":\"ListItem\",\"position\":3,\"name\":\"Jacuzzi Standard z pokryw\u0105 na przyczepie\"}]},{\"@type\":\"WebSite\",\"@id\":\"https:\\\/\\\/tene.ee\\\/pl\\\/#website\",\"url\":\"https:\\\/\\\/tene.ee\\\/pl\\\/\",\"name\":\"Tene.ee - Kaunite hetkede jaoks sinu aias\",\"description\":\"Tene.ee - parimad puit- ja aiamajad otse tootjalt\",\"publisher\":{\"@id\":\"https:\\\/\\\/tene.ee\\\/pl\\\/#organization\"},\"alternateName\":\"Tene.ee\",\"potentialAction\":[{\"@type\":\"SearchAction\",\"target\":{\"@type\":\"EntryPoint\",\"urlTemplate\":\"https:\\\/\\\/tene.ee\\\/pl\\\/?s={search_term_string}\"},\"query-input\":{\"@type\":\"PropertyValueSpecification\",\"valueRequired\":true,\"valueName\":\"search_term_string\"}}],\"inLanguage\":\"pl-PL\"},{\"@type\":\"Organization\",\"@id\":\"https:\\\/\\\/tene.ee\\\/pl\\\/#organization\",\"name\":\"Tene.ee\",\"url\":\"https:\\\/\\\/tene.ee\\\/pl\\\/\",\"logo\":{\"@type\":\"ImageObject\",\"inLanguage\":\"pl-PL\",\"@id\":\"https:\\\/\\\/tene.ee\\\/pl\\\/#\\\/schema\\\/logo\\\/image\\\/\",\"url\":\"https:\\\/\\\/tene.ee\\\/wp-content\\\/uploads\\\/2024\\\/12\\\/TENE-logo-2018-2.png\",\"contentUrl\":\"https:\\\/\\\/tene.ee\\\/wp-content\\\/uploads\\\/2024\\\/12\\\/TENE-logo-2018-2.png\",\"width\":2339,\"height\":1654,\"caption\":\"Tene.ee\"},\"image\":{\"@id\":\"https:\\\/\\\/tene.ee\\\/pl\\\/#\\\/schema\\\/logo\\\/image\\\/\"},\"sameAs\":[\"https:\\\/\\\/www.facebook.com\\\/teneaiamajad\"]}]}<\/script>\n<!-- \/ Yoast SEO plugin. -->","yoast_head_json":{"title":"Tene.ee - Jacuzzi Standard z pokryw\u0105 na przyczepie","description":"Tene.ee Jacuzzi Standard z pokryw\u0105 na przyczepie","robots":{"index":"index","follow":"follow","max-snippet":"max-snippet:-1","max-image-preview":"max-image-preview:large","max-video-preview":"max-video-preview:-1"},"canonical":"https:\/\/tene.ee\/pl\/toode\/kumblustunn-standard-kaanega-haagisel\/","og_locale":"pl_PL","og_type":"article","og_title":"Tene.ee - Jacuzzi Standard z pokryw\u0105 na przyczepie","og_description":"Tene.ee Jacuzzi Standard z pokryw\u0105 na przyczepie","og_url":"https:\/\/tene.ee\/pl\/toode\/kumblustunn-standard-kaanega-haagisel\/","og_site_name":"Tene.ee","article_publisher":"https:\/\/www.facebook.com\/teneaiamajad","article_modified_time":"2024-11-28T10:03:59+00:00","og_image":[{"width":2016,"height":1512,"url":"http:\/\/tene.ee\/wp-content\/uploads\/2024\/07\/Paljukarry-8.jpg","type":"image\/jpeg"}],"twitter_card":"summary_large_image","twitter_misc":{"Szacowany czas czytania":"2 minuty"},"schema":{"@context":"https:\/\/schema.org","@graph":[{"@type":"WebPage","@id":"https:\/\/tene.ee\/pl\/toode\/kumblustunn-standard-kaanega-haagisel\/","url":"https:\/\/tene.ee\/pl\/toode\/kumblustunn-standard-kaanega-haagisel\/","name":"Tene.ee - Jacuzzi Standard z pokryw\u0105 na przyczepie","isPartOf":{"@id":"https:\/\/tene.ee\/pl\/#website"},"primaryImageOfPage":{"@id":"https:\/\/tene.ee\/pl\/toode\/kumblustunn-standard-kaanega-haagisel\/#primaryimage"},"image":{"@id":"https:\/\/tene.ee\/pl\/toode\/kumblustunn-standard-kaanega-haagisel\/#primaryimage"},"thumbnailUrl":"https:\/\/tene.ee\/wp-content\/uploads\/2024\/07\/Paljukarry-8.jpg","datePublished":"2024-07-12T13:20:40+00:00","dateModified":"2024-11-28T10:03:59+00:00","description":"Tene.ee Jacuzzi Standard z pokryw\u0105 na przyczepie","breadcrumb":{"@id":"https:\/\/tene.ee\/pl\/toode\/kumblustunn-standard-kaanega-haagisel\/#breadcrumb"},"inLanguage":"pl-PL","potentialAction":[{"@type":"ReadAction","target":["https:\/\/tene.ee\/pl\/toode\/kumblustunn-standard-kaanega-haagisel\/"]}]},{"@type":"ImageObject","inLanguage":"pl-PL","@id":"https:\/\/tene.ee\/pl\/toode\/kumblustunn-standard-kaanega-haagisel\/#primaryimage","url":"https:\/\/tene.ee\/wp-content\/uploads\/2024\/07\/Paljukarry-8.jpg","contentUrl":"https:\/\/tene.ee\/wp-content\/uploads\/2024\/07\/Paljukarry-8.jpg","width":2016,"height":1512},{"@type":"BreadcrumbList","@id":"https:\/\/tene.ee\/pl\/toode\/kumblustunn-standard-kaanega-haagisel\/#breadcrumb","itemListElement":[{"@type":"ListItem","position":1,"name":"Avaleht","item":"http:\/\/tene.ee\/pl\/"},{"@type":"ListItem","position":2,"name":"Sklep","item":"https:\/\/tene.ee\/pl\/sklep\/"},{"@type":"ListItem","position":3,"name":"Jacuzzi Standard z pokryw\u0105 na przyczepie"}]},{"@type":"WebSite","@id":"https:\/\/tene.ee\/pl\/#website","url":"https:\/\/tene.ee\/pl\/","name":"Tene.ee - Kaunite hetkede jaoks sinu aias","description":"Tene.ee - parimad puit- ja aiamajad otse tootjalt","publisher":{"@id":"https:\/\/tene.ee\/pl\/#organization"},"alternateName":"Tene.ee","potentialAction":[{"@type":"SearchAction","target":{"@type":"EntryPoint","urlTemplate":"https:\/\/tene.ee\/pl\/?s={search_term_string}"},"query-input":{"@type":"PropertyValueSpecification","valueRequired":true,"valueName":"search_term_string"}}],"inLanguage":"pl-PL"},{"@type":"Organization","@id":"https:\/\/tene.ee\/pl\/#organization","name":"Tene.ee","url":"https:\/\/tene.ee\/pl\/","logo":{"@type":"ImageObject","inLanguage":"pl-PL","@id":"https:\/\/tene.ee\/pl\/#\/schema\/logo\/image\/","url":"https:\/\/tene.ee\/wp-content\/uploads\/2024\/12\/TENE-logo-2018-2.png","contentUrl":"https:\/\/tene.ee\/wp-content\/uploads\/2024\/12\/TENE-logo-2018-2.png","width":2339,"height":1654,"caption":"Tene.ee"},"image":{"@id":"https:\/\/tene.ee\/pl\/#\/schema\/logo\/image\/"},"sameAs":["https:\/\/www.facebook.com\/teneaiamajad"]}]}},"_links":{"self":[{"href":"https:\/\/tene.ee\/pl\/wp-json\/wp\/v2\/product\/19492","targetHints":{"allow":["GET"]}}],"collection":[{"href":"https:\/\/tene.ee\/pl\/wp-json\/wp\/v2\/product"}],"about":[{"href":"https:\/\/tene.ee\/pl\/wp-json\/wp\/v2\/types\/product"}],"wp:featuredmedia":[{"embeddable":true,"href":"https:\/\/tene.ee\/pl\/wp-json\/wp\/v2\/media\/6749"}],"wp:attachment":[{"href":"https:\/\/tene.ee\/pl\/wp-json\/wp\/v2\/media?parent=19492"}],"wp:term":[{"taxonomy":"product_brand","embeddable":true,"href":"https:\/\/tene.ee\/pl\/wp-json\/wp\/v2\/product_brand?post=19492"},{"taxonomy":"product_cat","embeddable":true,"href":"https:\/\/tene.ee\/pl\/wp-json\/wp\/v2\/product_cat?post=19492"},{"taxonomy":"product_tag","embeddable":true,"href":"https:\/\/tene.ee\/pl\/wp-json\/wp\/v2\/product_tag?post=19492"}],"curies":[{"name":"wp","href":"https:\/\/api.w.org\/{rel}","templated":true}]}}