{"id":19378,"date":"2024-07-12T16:22:40","date_gmt":"2024-07-12T13:22:40","guid":{"rendered":"https:\/\/tene.ee\/toode\/pustine-tunnisaun-tornio-o-240-cm\/"},"modified":"2026-04-15T14:11:50","modified_gmt":"2026-04-15T11:11:50","slug":"pustine-tunnisaun-tornio-o-240-cm","status":"publish","type":"product","link":"https:\/\/tene.ee\/pl\/toode\/pustine-tunnisaun-tornio-o-240-cm\/","title":{"rendered":"Valmis ehitatud P\u00fcstine t\u00fcnnisaun Tornio \u00d8 240 cm"},"content":{"rendered":"<p>Tene Kaubanduse aiamajade tehases valminud p\u00fcstine t\u00fcnnisaun Tornio kuni 6-le inimesele on kohe saunatamiseks valmis. Transpordime toote kohale k\u00f5ikjale, kuhu on v\u00f5imalik kraanautoga ligi p\u00e4\u00e4seda.<\/p>\n<p><strong>NB! Valmis katuse elemendid peale l\u00f6\u00f6dud katusekattega ja servaplekkidega on kaasas ja need tuleb monteerida kliendil objektil kohapeal.<\/strong><\/p>\n<p>Valmis ovaalsauna komplekt kuni 6-le inimesele sisaldab:<\/p>\n<ul>\n<li>Puitmaterjalina kasutatud 100% p\u00f5hjamaine kvaliteetne kuusk<\/li>\n<li>Lava leiliruumis<\/li>\n<li>Puitp\u00f5rand 28 mm paksusest p\u00f5randalauast<\/li>\n<li>P\u00f5randarest<\/li>\n<li>Klaasuksega puuk\u00fcttega v\u00f5rkkestaga keris<\/li>\n<li>Kvaliteetne korsten koos siibri ja veepaagiga 25 L<\/li>\n<li>Kerisekivid 80 kg<\/li>\n<li>Kerise kuumakindel alus, \u00fcmbris ja tagasein<\/li>\n<li>Katusekatteks must k\u00e4rgruberoid<\/li>\n<li>Katuse metallist tipum\u00fcts<\/li>\n<li>Lukustatav v\u00e4lisuks karastatud klaasiga<\/li>\n<li>Leiliruumis 2 avatavat akent karastatud klaasiga<\/li>\n<\/ul>\n","protected":false},"excerpt":{"rendered":"<p>Valmis ehitatud p\u00fcstine t\u00fcnnisaun Tornio, \u00d8 240cm, katusekatteks must k\u00e4rgruberoid, puuk\u00fcttega keris koos kividega (80kg), kvaliteetne siibri- ja veepaagiga korsten.<\/p>\n<p>P\u00fcstine t\u00fcnnisaun Tornio on saadaval ka elektrikerisega.<\/p>\n<p><strong>Valmissaunaga tuleb kaasa korsten, mis on pakitud sauna sisse.<\/strong><\/p>\n<p><strong>Tehas on korstna ava ette valmistanud, kuid korstna paigaldus tuleb kliendil kohapeal ise teostada.<\/strong><\/p>\n","protected":false},"featured_media":7445,"template":"","meta":{"_acf_changed":false},"product_brand":[],"product_cat":[551,544,550],"product_tag":[],"class_list":{"0":"post-19378","1":"product","2":"type-product","3":"status-publish","4":"has-post-thumbnail","6":"product_cat-gotowe-sauny","7":"product_cat-sauny-pl","8":"product_cat-sauny-rurowe","9":"product_shipping_class-390e-pl-2","10":"pa_iseloomustus-1-pokoj","11":"pa_katuse-tuup-dach-piramidy","12":"pa_pindala-0-10-m2-pl","13":"pa_seina-paksus-40-mm-pl","14":"pa_vali-keris-huum-elektrikeris-pl","15":"pa_vali-keris-puukuttega-skamet-keris-pl","17":"first","18":"onbackorder","19":"sale","20":"purchasable","21":"product-type-simple"},"acf":[],"yoast_head":"<!-- This site is optimized with the Yoast SEO plugin v27.3 - https:\/\/yoast.com\/product\/yoast-seo-wordpress\/ -->\n<title>Tene.ee - Valmis ehitatud P\u00fcstine t\u00fcnnisaun Tornio \u00d8 240 cm<\/title>\n<meta name=\"description\" content=\"Tene.ee Valmis ehitatud P\u00fcstine t\u00fcnnisaun Tornio \u00d8 240 cm\" \/>\n<meta name=\"robots\" content=\"index, follow, max-snippet:-1, max-image-preview:large, max-video-preview:-1\" \/>\n<link rel=\"canonical\" href=\"https:\/\/tene.ee\/pl\/toode\/pustine-tunnisaun-tornio-o-240-cm\/\" \/>\n<meta property=\"og:locale\" content=\"pl_PL\" \/>\n<meta property=\"og:type\" content=\"article\" \/>\n<meta property=\"og:title\" content=\"Tene.ee - Valmis ehitatud P\u00fcstine t\u00fcnnisaun Tornio \u00d8 240 cm\" \/>\n<meta property=\"og:description\" content=\"Tene.ee Valmis ehitatud P\u00fcstine t\u00fcnnisaun Tornio \u00d8 240 cm\" \/>\n<meta property=\"og:url\" content=\"https:\/\/tene.ee\/pl\/toode\/pustine-tunnisaun-tornio-o-240-cm\/\" \/>\n<meta property=\"og:site_name\" content=\"Tene.ee\" \/>\n<meta property=\"article:publisher\" content=\"https:\/\/www.facebook.com\/teneaiamajad\" \/>\n<meta property=\"article:modified_time\" content=\"2026-04-15T11:11:50+00:00\" \/>\n<meta property=\"og:image\" content=\"https:\/\/tene.ee\/wp-content\/uploads\/2024\/07\/Torusaun__Tornio-1024x683.jpeg\" \/>\n\t<meta property=\"og:image:width\" content=\"1024\" \/>\n\t<meta property=\"og:image:height\" content=\"683\" \/>\n\t<meta property=\"og:image:type\" content=\"image\/jpeg\" \/>\n<meta name=\"twitter:card\" content=\"summary_large_image\" \/>\n<meta name=\"twitter:label1\" content=\"Szacowany czas czytania\" \/>\n\t<meta name=\"twitter:data1\" content=\"1 minuta\" \/>\n<script type=\"application\/ld+json\" class=\"yoast-schema-graph\">{\"@context\":\"https:\\\/\\\/schema.org\",\"@graph\":[{\"@type\":\"WebPage\",\"@id\":\"https:\\\/\\\/tene.ee\\\/pl\\\/toode\\\/pustine-tunnisaun-tornio-o-240-cm\\\/\",\"url\":\"https:\\\/\\\/tene.ee\\\/pl\\\/toode\\\/pustine-tunnisaun-tornio-o-240-cm\\\/\",\"name\":\"Tene.ee - Valmis ehitatud P\u00fcstine t\u00fcnnisaun Tornio \u00d8 240 cm\",\"isPartOf\":{\"@id\":\"https:\\\/\\\/tene.ee\\\/pl\\\/#website\"},\"primaryImageOfPage\":{\"@id\":\"https:\\\/\\\/tene.ee\\\/pl\\\/toode\\\/pustine-tunnisaun-tornio-o-240-cm\\\/#primaryimage\"},\"image\":{\"@id\":\"https:\\\/\\\/tene.ee\\\/pl\\\/toode\\\/pustine-tunnisaun-tornio-o-240-cm\\\/#primaryimage\"},\"thumbnailUrl\":\"https:\\\/\\\/tene.ee\\\/wp-content\\\/uploads\\\/2024\\\/07\\\/Torusaun__Tornio.jpeg\",\"datePublished\":\"2024-07-12T13:22:40+00:00\",\"dateModified\":\"2026-04-15T11:11:50+00:00\",\"description\":\"Tene.ee Valmis ehitatud P\u00fcstine t\u00fcnnisaun Tornio \u00d8 240 cm\",\"breadcrumb\":{\"@id\":\"https:\\\/\\\/tene.ee\\\/pl\\\/toode\\\/pustine-tunnisaun-tornio-o-240-cm\\\/#breadcrumb\"},\"inLanguage\":\"pl-PL\",\"potentialAction\":[{\"@type\":\"ReadAction\",\"target\":[\"https:\\\/\\\/tene.ee\\\/pl\\\/toode\\\/pustine-tunnisaun-tornio-o-240-cm\\\/\"]}]},{\"@type\":\"ImageObject\",\"inLanguage\":\"pl-PL\",\"@id\":\"https:\\\/\\\/tene.ee\\\/pl\\\/toode\\\/pustine-tunnisaun-tornio-o-240-cm\\\/#primaryimage\",\"url\":\"https:\\\/\\\/tene.ee\\\/wp-content\\\/uploads\\\/2024\\\/07\\\/Torusaun__Tornio.jpeg\",\"contentUrl\":\"https:\\\/\\\/tene.ee\\\/wp-content\\\/uploads\\\/2024\\\/07\\\/Torusaun__Tornio.jpeg\",\"width\":2500,\"height\":1667},{\"@type\":\"BreadcrumbList\",\"@id\":\"https:\\\/\\\/tene.ee\\\/pl\\\/toode\\\/pustine-tunnisaun-tornio-o-240-cm\\\/#breadcrumb\",\"itemListElement\":[{\"@type\":\"ListItem\",\"position\":1,\"name\":\"Avaleht\",\"item\":\"http:\\\/\\\/tene.ee\\\/pl\\\/\"},{\"@type\":\"ListItem\",\"position\":2,\"name\":\"Sklep\",\"item\":\"https:\\\/\\\/tene.ee\\\/pl\\\/sklep\\\/\"},{\"@type\":\"ListItem\",\"position\":3,\"name\":\"Valmis ehitatud P\u00fcstine t\u00fcnnisaun Tornio \u00d8 240 cm\"}]},{\"@type\":\"WebSite\",\"@id\":\"https:\\\/\\\/tene.ee\\\/pl\\\/#website\",\"url\":\"https:\\\/\\\/tene.ee\\\/pl\\\/\",\"name\":\"Tene.ee - Kaunite hetkede jaoks sinu aias\",\"description\":\"Tene.ee - parimad puit- ja aiamajad otse tootjalt\",\"publisher\":{\"@id\":\"https:\\\/\\\/tene.ee\\\/pl\\\/#organization\"},\"alternateName\":\"Tene.ee\",\"potentialAction\":[{\"@type\":\"SearchAction\",\"target\":{\"@type\":\"EntryPoint\",\"urlTemplate\":\"https:\\\/\\\/tene.ee\\\/pl\\\/?s={search_term_string}\"},\"query-input\":{\"@type\":\"PropertyValueSpecification\",\"valueRequired\":true,\"valueName\":\"search_term_string\"}}],\"inLanguage\":\"pl-PL\"},{\"@type\":\"Organization\",\"@id\":\"https:\\\/\\\/tene.ee\\\/pl\\\/#organization\",\"name\":\"Tene.ee\",\"url\":\"https:\\\/\\\/tene.ee\\\/pl\\\/\",\"logo\":{\"@type\":\"ImageObject\",\"inLanguage\":\"pl-PL\",\"@id\":\"https:\\\/\\\/tene.ee\\\/pl\\\/#\\\/schema\\\/logo\\\/image\\\/\",\"url\":\"https:\\\/\\\/tene.ee\\\/wp-content\\\/uploads\\\/2024\\\/12\\\/TENE-logo-2018-2.png\",\"contentUrl\":\"https:\\\/\\\/tene.ee\\\/wp-content\\\/uploads\\\/2024\\\/12\\\/TENE-logo-2018-2.png\",\"width\":2339,\"height\":1654,\"caption\":\"Tene.ee\"},\"image\":{\"@id\":\"https:\\\/\\\/tene.ee\\\/pl\\\/#\\\/schema\\\/logo\\\/image\\\/\"},\"sameAs\":[\"https:\\\/\\\/www.facebook.com\\\/teneaiamajad\"]}]}<\/script>\n<!-- \/ Yoast SEO plugin. -->","yoast_head_json":{"title":"Tene.ee - Valmis ehitatud P\u00fcstine t\u00fcnnisaun Tornio \u00d8 240 cm","description":"Tene.ee Valmis ehitatud P\u00fcstine t\u00fcnnisaun Tornio \u00d8 240 cm","robots":{"index":"index","follow":"follow","max-snippet":"max-snippet:-1","max-image-preview":"max-image-preview:large","max-video-preview":"max-video-preview:-1"},"canonical":"https:\/\/tene.ee\/pl\/toode\/pustine-tunnisaun-tornio-o-240-cm\/","og_locale":"pl_PL","og_type":"article","og_title":"Tene.ee - Valmis ehitatud P\u00fcstine t\u00fcnnisaun Tornio \u00d8 240 cm","og_description":"Tene.ee Valmis ehitatud P\u00fcstine t\u00fcnnisaun Tornio \u00d8 240 cm","og_url":"https:\/\/tene.ee\/pl\/toode\/pustine-tunnisaun-tornio-o-240-cm\/","og_site_name":"Tene.ee","article_publisher":"https:\/\/www.facebook.com\/teneaiamajad","article_modified_time":"2026-04-15T11:11:50+00:00","og_image":[{"width":1024,"height":683,"url":"https:\/\/tene.ee\/wp-content\/uploads\/2024\/07\/Torusaun__Tornio-1024x683.jpeg","type":"image\/jpeg"}],"twitter_card":"summary_large_image","twitter_misc":{"Szacowany czas czytania":"1 minuta"},"schema":{"@context":"https:\/\/schema.org","@graph":[{"@type":"WebPage","@id":"https:\/\/tene.ee\/pl\/toode\/pustine-tunnisaun-tornio-o-240-cm\/","url":"https:\/\/tene.ee\/pl\/toode\/pustine-tunnisaun-tornio-o-240-cm\/","name":"Tene.ee - Valmis ehitatud P\u00fcstine t\u00fcnnisaun Tornio \u00d8 240 cm","isPartOf":{"@id":"https:\/\/tene.ee\/pl\/#website"},"primaryImageOfPage":{"@id":"https:\/\/tene.ee\/pl\/toode\/pustine-tunnisaun-tornio-o-240-cm\/#primaryimage"},"image":{"@id":"https:\/\/tene.ee\/pl\/toode\/pustine-tunnisaun-tornio-o-240-cm\/#primaryimage"},"thumbnailUrl":"https:\/\/tene.ee\/wp-content\/uploads\/2024\/07\/Torusaun__Tornio.jpeg","datePublished":"2024-07-12T13:22:40+00:00","dateModified":"2026-04-15T11:11:50+00:00","description":"Tene.ee Valmis ehitatud P\u00fcstine t\u00fcnnisaun Tornio \u00d8 240 cm","breadcrumb":{"@id":"https:\/\/tene.ee\/pl\/toode\/pustine-tunnisaun-tornio-o-240-cm\/#breadcrumb"},"inLanguage":"pl-PL","potentialAction":[{"@type":"ReadAction","target":["https:\/\/tene.ee\/pl\/toode\/pustine-tunnisaun-tornio-o-240-cm\/"]}]},{"@type":"ImageObject","inLanguage":"pl-PL","@id":"https:\/\/tene.ee\/pl\/toode\/pustine-tunnisaun-tornio-o-240-cm\/#primaryimage","url":"https:\/\/tene.ee\/wp-content\/uploads\/2024\/07\/Torusaun__Tornio.jpeg","contentUrl":"https:\/\/tene.ee\/wp-content\/uploads\/2024\/07\/Torusaun__Tornio.jpeg","width":2500,"height":1667},{"@type":"BreadcrumbList","@id":"https:\/\/tene.ee\/pl\/toode\/pustine-tunnisaun-tornio-o-240-cm\/#breadcrumb","itemListElement":[{"@type":"ListItem","position":1,"name":"Avaleht","item":"http:\/\/tene.ee\/pl\/"},{"@type":"ListItem","position":2,"name":"Sklep","item":"https:\/\/tene.ee\/pl\/sklep\/"},{"@type":"ListItem","position":3,"name":"Valmis ehitatud P\u00fcstine t\u00fcnnisaun Tornio \u00d8 240 cm"}]},{"@type":"WebSite","@id":"https:\/\/tene.ee\/pl\/#website","url":"https:\/\/tene.ee\/pl\/","name":"Tene.ee - Kaunite hetkede jaoks sinu aias","description":"Tene.ee - parimad puit- ja aiamajad otse tootjalt","publisher":{"@id":"https:\/\/tene.ee\/pl\/#organization"},"alternateName":"Tene.ee","potentialAction":[{"@type":"SearchAction","target":{"@type":"EntryPoint","urlTemplate":"https:\/\/tene.ee\/pl\/?s={search_term_string}"},"query-input":{"@type":"PropertyValueSpecification","valueRequired":true,"valueName":"search_term_string"}}],"inLanguage":"pl-PL"},{"@type":"Organization","@id":"https:\/\/tene.ee\/pl\/#organization","name":"Tene.ee","url":"https:\/\/tene.ee\/pl\/","logo":{"@type":"ImageObject","inLanguage":"pl-PL","@id":"https:\/\/tene.ee\/pl\/#\/schema\/logo\/image\/","url":"https:\/\/tene.ee\/wp-content\/uploads\/2024\/12\/TENE-logo-2018-2.png","contentUrl":"https:\/\/tene.ee\/wp-content\/uploads\/2024\/12\/TENE-logo-2018-2.png","width":2339,"height":1654,"caption":"Tene.ee"},"image":{"@id":"https:\/\/tene.ee\/pl\/#\/schema\/logo\/image\/"},"sameAs":["https:\/\/www.facebook.com\/teneaiamajad"]}]}},"_links":{"self":[{"href":"https:\/\/tene.ee\/pl\/wp-json\/wp\/v2\/product\/19378","targetHints":{"allow":["GET"]}}],"collection":[{"href":"https:\/\/tene.ee\/pl\/wp-json\/wp\/v2\/product"}],"about":[{"href":"https:\/\/tene.ee\/pl\/wp-json\/wp\/v2\/types\/product"}],"wp:featuredmedia":[{"embeddable":true,"href":"https:\/\/tene.ee\/pl\/wp-json\/wp\/v2\/media\/7445"}],"wp:attachment":[{"href":"https:\/\/tene.ee\/pl\/wp-json\/wp\/v2\/media?parent=19378"}],"wp:term":[{"taxonomy":"product_brand","embeddable":true,"href":"https:\/\/tene.ee\/pl\/wp-json\/wp\/v2\/product_brand?post=19378"},{"taxonomy":"product_cat","embeddable":true,"href":"https:\/\/tene.ee\/pl\/wp-json\/wp\/v2\/product_cat?post=19378"},{"taxonomy":"product_tag","embeddable":true,"href":"https:\/\/tene.ee\/pl\/wp-json\/wp\/v2\/product_tag?post=19378"}],"curies":[{"name":"wp","href":"https:\/\/api.w.org\/{rel}","templated":true}]}}