{"id":19263,"date":"2024-07-12T16:22:40","date_gmt":"2024-07-12T13:22:40","guid":{"rendered":"https:\/\/tene.ee\/toode\/valmis-moderni-kesakeittio-70-mm\/"},"modified":"2026-04-10T02:10:14","modified_gmt":"2026-04-09T23:10:14","slug":"valmis-moderni-kesakeittio-70-mm","status":"publish","type":"product","link":"https:\/\/tene.ee\/pl\/toode\/valmis-moderni-kesakeittio-70-mm\/","title":{"rendered":"Valmis Moderni Kes\u00e4keitti\u00f6 70 mm"},"content":{"rendered":"<p>TENE valmis aiamajad ja kuurid ehitatakse sisetingimustes, mis tagab valmis majadele parema kvaliteedi ja aitab v\u00e4listada ehitusobjektil v\u00f5imalikke ebamugavaid viivitusi (n\u00e4iteks kehvad ilmastikuolud).<\/p>\n<p>TENE 70 mm seinapaksusega valmis majade komplekti vastavalt toote joonisele kuuluvad:<\/p>\n<ul>\n<li>Puitmaterjalina kasutatud 100% p\u00f5hjamaine kvaliteetne kuusk, 70 mm seina paksus<\/li>\n<li>Erikuivast liimpuidust (8%-12%) toodetud uksed ja aknad<\/li>\n<li>Saksa t\u00fc\u00fcpi klaaspaketiga (ISO) p\u00f6\u00f6rdkaldavatavad aknad tihendiga, sisaldavad furnituuri<\/li>\n<li>Saksa t\u00fc\u00fcpi klaaspaketiga (ISO) uks, sisaldab furnituuri<\/li>\n<li>28 mm paksusest profiillauast p\u00f5rand<\/li>\n<li>50 cm paksuse villaga soojustatud katus<\/li>\n<li>Profiillauast lagi<\/li>\n<li>Katusekate must k\u00e4rgruberoid<\/li>\n<li>R\u00e4\u00e4sta- ja servaplekid<\/li>\n<li>Keermelatid<\/li>\n<li>Autoklaavis immutatud puidust vundamendiprussid<\/li>\n<li>Roostevabast metallist l\u00e4vepakk<\/li>\n<\/ul>\n<p><strong>Hinna sisse ei kuulu:<\/strong><\/p>\n<ul>\n<li>Alusvundamendi ettevalmistus<\/li>\n<li>Terrassi- ja postide paigaldust (terrass on kilpidena kaasas, postid on kaasas)<\/li>\n<li>Varikatuse paika t\u00f5stmine (varikatus on hingedega maja k\u00fcljes koos katusekattega valmis ehitatud)<\/li>\n<li>V\u00e4lisviimistlus<\/li>\n<\/ul>\n<p><strong>Hinnad sisaldavad k\u00e4ibemaksu.<\/strong><br \/>\n<strong>Hind ei sisalda valmissauna transporti.<\/strong><\/p>\n","protected":false},"excerpt":{"rendered":"<p>Tehases valmis ehitatud aiamaja Moderni Kes\u00e4keitti\u00f6 koos terrassiga toimetatakse kliendile valmis ehitatuna ehk \u201cv\u00f5tmed k\u00e4tte\u201d t\u00e4islahendusena.<\/p>\n<p>Valmis ehitatud kujul aiamaja on v\u00f5imalik transportida k\u00f5ikjale, kuhu kraanaautoga on v\u00f5imalik ligi p\u00e4\u00e4seda.<\/p>\n","protected":false},"featured_media":7013,"template":"","meta":{"_acf_changed":false},"product_brand":[],"product_cat":[520,523,528],"product_tag":[],"class_list":{"0":"post-19263","1":"product","2":"type-product","3":"status-publish","4":"has-post-thumbnail","6":"product_cat-domki-ogrodowe","7":"product_cat-domki-ogrodowe-70-mm","8":"product_cat-gotowe-domki-ogrodowe","9":"product_shipping_class-390e-pl-2","10":"pa_pindala-10-20-m2-pl","11":"pa_seina-paksus-70-mm-pl","13":"first","14":"onbackorder","15":"sale","16":"purchasable","17":"product-type-simple"},"acf":[],"yoast_head":"<!-- This site is optimized with the Yoast SEO plugin v27.3 - https:\/\/yoast.com\/product\/yoast-seo-wordpress\/ -->\n<title>Tene.ee - Valmis Moderni Kes\u00e4keitti\u00f6 70 mm<\/title>\n<meta name=\"description\" content=\"Tene.ee Valmis Moderni Kes\u00e4keitti\u00f6 70 mm\" \/>\n<meta name=\"robots\" content=\"index, follow, max-snippet:-1, max-image-preview:large, max-video-preview:-1\" \/>\n<link rel=\"canonical\" href=\"https:\/\/tene.ee\/pl\/toode\/valmis-moderni-kesakeittio-70-mm\/\" \/>\n<meta property=\"og:locale\" content=\"pl_PL\" \/>\n<meta property=\"og:type\" content=\"article\" \/>\n<meta property=\"og:title\" content=\"Tene.ee - Valmis Moderni Kes\u00e4keitti\u00f6 70 mm\" \/>\n<meta property=\"og:description\" content=\"Tene.ee Valmis Moderni Kes\u00e4keitti\u00f6 70 mm\" \/>\n<meta property=\"og:url\" content=\"https:\/\/tene.ee\/pl\/toode\/valmis-moderni-kesakeittio-70-mm\/\" \/>\n<meta property=\"og:site_name\" content=\"Tene.ee\" \/>\n<meta property=\"article:publisher\" content=\"https:\/\/www.facebook.com\/teneaiamajad\" \/>\n<meta property=\"article:modified_time\" content=\"2026-04-09T23:10:14+00:00\" \/>\n<meta property=\"og:image\" content=\"https:\/\/tene.ee\/wp-content\/uploads\/2024\/07\/Moderni__huvimaja-1-1024x683.jpg\" \/>\n\t<meta property=\"og:image:width\" content=\"1024\" \/>\n\t<meta property=\"og:image:height\" content=\"683\" \/>\n\t<meta property=\"og:image:type\" content=\"image\/jpeg\" \/>\n<meta name=\"twitter:card\" content=\"summary_large_image\" \/>\n<meta name=\"twitter:label1\" content=\"Szacowany czas czytania\" \/>\n\t<meta name=\"twitter:data1\" content=\"1 minuta\" \/>\n<script type=\"application\/ld+json\" class=\"yoast-schema-graph\">{\"@context\":\"https:\\\/\\\/schema.org\",\"@graph\":[{\"@type\":\"WebPage\",\"@id\":\"https:\\\/\\\/tene.ee\\\/pl\\\/toode\\\/valmis-moderni-kesakeittio-70-mm\\\/\",\"url\":\"https:\\\/\\\/tene.ee\\\/pl\\\/toode\\\/valmis-moderni-kesakeittio-70-mm\\\/\",\"name\":\"Tene.ee - Valmis Moderni Kes\u00e4keitti\u00f6 70 mm\",\"isPartOf\":{\"@id\":\"https:\\\/\\\/tene.ee\\\/pl\\\/#website\"},\"primaryImageOfPage\":{\"@id\":\"https:\\\/\\\/tene.ee\\\/pl\\\/toode\\\/valmis-moderni-kesakeittio-70-mm\\\/#primaryimage\"},\"image\":{\"@id\":\"https:\\\/\\\/tene.ee\\\/pl\\\/toode\\\/valmis-moderni-kesakeittio-70-mm\\\/#primaryimage\"},\"thumbnailUrl\":\"https:\\\/\\\/tene.ee\\\/wp-content\\\/uploads\\\/2024\\\/07\\\/Moderni__huvimaja-1.jpg\",\"datePublished\":\"2024-07-12T13:22:40+00:00\",\"dateModified\":\"2026-04-09T23:10:14+00:00\",\"description\":\"Tene.ee Valmis Moderni Kes\u00e4keitti\u00f6 70 mm\",\"breadcrumb\":{\"@id\":\"https:\\\/\\\/tene.ee\\\/pl\\\/toode\\\/valmis-moderni-kesakeittio-70-mm\\\/#breadcrumb\"},\"inLanguage\":\"pl-PL\",\"potentialAction\":[{\"@type\":\"ReadAction\",\"target\":[\"https:\\\/\\\/tene.ee\\\/pl\\\/toode\\\/valmis-moderni-kesakeittio-70-mm\\\/\"]}]},{\"@type\":\"ImageObject\",\"inLanguage\":\"pl-PL\",\"@id\":\"https:\\\/\\\/tene.ee\\\/pl\\\/toode\\\/valmis-moderni-kesakeittio-70-mm\\\/#primaryimage\",\"url\":\"https:\\\/\\\/tene.ee\\\/wp-content\\\/uploads\\\/2024\\\/07\\\/Moderni__huvimaja-1.jpg\",\"contentUrl\":\"https:\\\/\\\/tene.ee\\\/wp-content\\\/uploads\\\/2024\\\/07\\\/Moderni__huvimaja-1.jpg\",\"width\":2500,\"height\":1667},{\"@type\":\"BreadcrumbList\",\"@id\":\"https:\\\/\\\/tene.ee\\\/pl\\\/toode\\\/valmis-moderni-kesakeittio-70-mm\\\/#breadcrumb\",\"itemListElement\":[{\"@type\":\"ListItem\",\"position\":1,\"name\":\"Avaleht\",\"item\":\"http:\\\/\\\/tene.ee\\\/pl\\\/\"},{\"@type\":\"ListItem\",\"position\":2,\"name\":\"Sklep\",\"item\":\"https:\\\/\\\/tene.ee\\\/pl\\\/sklep\\\/\"},{\"@type\":\"ListItem\",\"position\":3,\"name\":\"Valmis Moderni Kes\u00e4keitti\u00f6 70 mm\"}]},{\"@type\":\"WebSite\",\"@id\":\"https:\\\/\\\/tene.ee\\\/pl\\\/#website\",\"url\":\"https:\\\/\\\/tene.ee\\\/pl\\\/\",\"name\":\"Tene.ee - Kaunite hetkede jaoks sinu aias\",\"description\":\"Tene.ee - parimad puit- ja aiamajad otse tootjalt\",\"publisher\":{\"@id\":\"https:\\\/\\\/tene.ee\\\/pl\\\/#organization\"},\"alternateName\":\"Tene.ee\",\"potentialAction\":[{\"@type\":\"SearchAction\",\"target\":{\"@type\":\"EntryPoint\",\"urlTemplate\":\"https:\\\/\\\/tene.ee\\\/pl\\\/?s={search_term_string}\"},\"query-input\":{\"@type\":\"PropertyValueSpecification\",\"valueRequired\":true,\"valueName\":\"search_term_string\"}}],\"inLanguage\":\"pl-PL\"},{\"@type\":\"Organization\",\"@id\":\"https:\\\/\\\/tene.ee\\\/pl\\\/#organization\",\"name\":\"Tene.ee\",\"url\":\"https:\\\/\\\/tene.ee\\\/pl\\\/\",\"logo\":{\"@type\":\"ImageObject\",\"inLanguage\":\"pl-PL\",\"@id\":\"https:\\\/\\\/tene.ee\\\/pl\\\/#\\\/schema\\\/logo\\\/image\\\/\",\"url\":\"https:\\\/\\\/tene.ee\\\/wp-content\\\/uploads\\\/2024\\\/12\\\/TENE-logo-2018-2.png\",\"contentUrl\":\"https:\\\/\\\/tene.ee\\\/wp-content\\\/uploads\\\/2024\\\/12\\\/TENE-logo-2018-2.png\",\"width\":2339,\"height\":1654,\"caption\":\"Tene.ee\"},\"image\":{\"@id\":\"https:\\\/\\\/tene.ee\\\/pl\\\/#\\\/schema\\\/logo\\\/image\\\/\"},\"sameAs\":[\"https:\\\/\\\/www.facebook.com\\\/teneaiamajad\"]}]}<\/script>\n<!-- \/ Yoast SEO plugin. -->","yoast_head_json":{"title":"Tene.ee - Valmis Moderni Kes\u00e4keitti\u00f6 70 mm","description":"Tene.ee Valmis Moderni Kes\u00e4keitti\u00f6 70 mm","robots":{"index":"index","follow":"follow","max-snippet":"max-snippet:-1","max-image-preview":"max-image-preview:large","max-video-preview":"max-video-preview:-1"},"canonical":"https:\/\/tene.ee\/pl\/toode\/valmis-moderni-kesakeittio-70-mm\/","og_locale":"pl_PL","og_type":"article","og_title":"Tene.ee - Valmis Moderni Kes\u00e4keitti\u00f6 70 mm","og_description":"Tene.ee Valmis Moderni Kes\u00e4keitti\u00f6 70 mm","og_url":"https:\/\/tene.ee\/pl\/toode\/valmis-moderni-kesakeittio-70-mm\/","og_site_name":"Tene.ee","article_publisher":"https:\/\/www.facebook.com\/teneaiamajad","article_modified_time":"2026-04-09T23:10:14+00:00","og_image":[{"width":1024,"height":683,"url":"https:\/\/tene.ee\/wp-content\/uploads\/2024\/07\/Moderni__huvimaja-1-1024x683.jpg","type":"image\/jpeg"}],"twitter_card":"summary_large_image","twitter_misc":{"Szacowany czas czytania":"1 minuta"},"schema":{"@context":"https:\/\/schema.org","@graph":[{"@type":"WebPage","@id":"https:\/\/tene.ee\/pl\/toode\/valmis-moderni-kesakeittio-70-mm\/","url":"https:\/\/tene.ee\/pl\/toode\/valmis-moderni-kesakeittio-70-mm\/","name":"Tene.ee - Valmis Moderni Kes\u00e4keitti\u00f6 70 mm","isPartOf":{"@id":"https:\/\/tene.ee\/pl\/#website"},"primaryImageOfPage":{"@id":"https:\/\/tene.ee\/pl\/toode\/valmis-moderni-kesakeittio-70-mm\/#primaryimage"},"image":{"@id":"https:\/\/tene.ee\/pl\/toode\/valmis-moderni-kesakeittio-70-mm\/#primaryimage"},"thumbnailUrl":"https:\/\/tene.ee\/wp-content\/uploads\/2024\/07\/Moderni__huvimaja-1.jpg","datePublished":"2024-07-12T13:22:40+00:00","dateModified":"2026-04-09T23:10:14+00:00","description":"Tene.ee Valmis Moderni Kes\u00e4keitti\u00f6 70 mm","breadcrumb":{"@id":"https:\/\/tene.ee\/pl\/toode\/valmis-moderni-kesakeittio-70-mm\/#breadcrumb"},"inLanguage":"pl-PL","potentialAction":[{"@type":"ReadAction","target":["https:\/\/tene.ee\/pl\/toode\/valmis-moderni-kesakeittio-70-mm\/"]}]},{"@type":"ImageObject","inLanguage":"pl-PL","@id":"https:\/\/tene.ee\/pl\/toode\/valmis-moderni-kesakeittio-70-mm\/#primaryimage","url":"https:\/\/tene.ee\/wp-content\/uploads\/2024\/07\/Moderni__huvimaja-1.jpg","contentUrl":"https:\/\/tene.ee\/wp-content\/uploads\/2024\/07\/Moderni__huvimaja-1.jpg","width":2500,"height":1667},{"@type":"BreadcrumbList","@id":"https:\/\/tene.ee\/pl\/toode\/valmis-moderni-kesakeittio-70-mm\/#breadcrumb","itemListElement":[{"@type":"ListItem","position":1,"name":"Avaleht","item":"http:\/\/tene.ee\/pl\/"},{"@type":"ListItem","position":2,"name":"Sklep","item":"https:\/\/tene.ee\/pl\/sklep\/"},{"@type":"ListItem","position":3,"name":"Valmis Moderni Kes\u00e4keitti\u00f6 70 mm"}]},{"@type":"WebSite","@id":"https:\/\/tene.ee\/pl\/#website","url":"https:\/\/tene.ee\/pl\/","name":"Tene.ee - Kaunite hetkede jaoks sinu aias","description":"Tene.ee - parimad puit- ja aiamajad otse tootjalt","publisher":{"@id":"https:\/\/tene.ee\/pl\/#organization"},"alternateName":"Tene.ee","potentialAction":[{"@type":"SearchAction","target":{"@type":"EntryPoint","urlTemplate":"https:\/\/tene.ee\/pl\/?s={search_term_string}"},"query-input":{"@type":"PropertyValueSpecification","valueRequired":true,"valueName":"search_term_string"}}],"inLanguage":"pl-PL"},{"@type":"Organization","@id":"https:\/\/tene.ee\/pl\/#organization","name":"Tene.ee","url":"https:\/\/tene.ee\/pl\/","logo":{"@type":"ImageObject","inLanguage":"pl-PL","@id":"https:\/\/tene.ee\/pl\/#\/schema\/logo\/image\/","url":"https:\/\/tene.ee\/wp-content\/uploads\/2024\/12\/TENE-logo-2018-2.png","contentUrl":"https:\/\/tene.ee\/wp-content\/uploads\/2024\/12\/TENE-logo-2018-2.png","width":2339,"height":1654,"caption":"Tene.ee"},"image":{"@id":"https:\/\/tene.ee\/pl\/#\/schema\/logo\/image\/"},"sameAs":["https:\/\/www.facebook.com\/teneaiamajad"]}]}},"_links":{"self":[{"href":"https:\/\/tene.ee\/pl\/wp-json\/wp\/v2\/product\/19263","targetHints":{"allow":["GET"]}}],"collection":[{"href":"https:\/\/tene.ee\/pl\/wp-json\/wp\/v2\/product"}],"about":[{"href":"https:\/\/tene.ee\/pl\/wp-json\/wp\/v2\/types\/product"}],"wp:featuredmedia":[{"embeddable":true,"href":"https:\/\/tene.ee\/pl\/wp-json\/wp\/v2\/media\/7013"}],"wp:attachment":[{"href":"https:\/\/tene.ee\/pl\/wp-json\/wp\/v2\/media?parent=19263"}],"wp:term":[{"taxonomy":"product_brand","embeddable":true,"href":"https:\/\/tene.ee\/pl\/wp-json\/wp\/v2\/product_brand?post=19263"},{"taxonomy":"product_cat","embeddable":true,"href":"https:\/\/tene.ee\/pl\/wp-json\/wp\/v2\/product_cat?post=19263"},{"taxonomy":"product_tag","embeddable":true,"href":"https:\/\/tene.ee\/pl\/wp-json\/wp\/v2\/product_tag?post=19263"}],"curies":[{"name":"wp","href":"https:\/\/api.w.org\/{rel}","templated":true}]}}