{"id":19169,"date":"2024-07-12T16:32:38","date_gmt":"2024-07-12T13:32:38","guid":{"rendered":"https:\/\/tene.ee\/toode\/torusaun-kemi-o-210-x-400-cm\/"},"modified":"2025-12-03T13:31:30","modified_gmt":"2025-12-03T11:31:30","slug":"torusaun-kemi-o-210-x-400-cm","status":"publish","type":"product","link":"https:\/\/tene.ee\/pl\/toode\/torusaun-kemi-o-210-x-400-cm\/","title":{"rendered":"Sauna beczka Kemi \u00d8 210 x 400 cm"},"content":{"rendered":"<p>Sauna beczka Kemi jest dostarczana z fabryki domk\u00f3w ogrodowych Tene Kaubandus w formie gotowej do natychmiastowego u\u017cytku. Produkt mo\u017ce by\u0107 przetransportowany do dowolnego miejsca, do kt\u00f3rego mo\u017ce dojecha\u0107 \u017curaw samochodowy.<\/p>\n<p>W sk\u0142ad prefabrykowanego zestawu sauny beczki wchodz\u0105 nast\u0119puj\u0105ce elementy:<\/p>\n<p>drewno pochodz\u0105ce w 100% z wysokiej jako\u015bci \u015bwierku skandynawskiego<br \/>\n\u0142awa do sauny w \u0142a\u017ani parowej<br \/>\n\u0142awy do siedzenia<br \/>\npiec opalany drewnem z kratk\u0105<br \/>\nwysokiej jako\u015bci komin z przepustnic\u0105 i zbiornikiem na wod\u0119 22 l<br \/>\nkamienie do pieca w saunie, 100 kg<br \/>\n\u017caroodporna podstawa pieca, obudowa i tylna \u015bcianka<br \/>\nzewn\u0119trzna powierzchnia zosta\u0142a wyko\u0144czona \u015brodkiem Teknos AQUAPRIMER stain TM 1824<br \/>\nczarne gonty dachowe w kszta\u0142cie plastra miodu<br \/>\nokno w \u0142a\u017ani parowej z szyb\u0105 hartowan\u0105<br \/>\nGrubo\u015b\u0107 \u015bcian: 40 mm<br \/>\nWymiary zewn\u0119trzne: 210 x 217 cm<\/p>\n","protected":false},"excerpt":{"rendered":"<p>Prefabrykowana sauna beczka Kemi, z dachem wyko\u0144czonym czarnymi gontami o kszta\u0142cie plastra miodu, piecem opalanym drewnem z kamieniami (100 kg), kominem wysokiej jako\u015bci z przepustnic\u0105 i zbiornikiem na wod\u0119. Zewn\u0119trzna powierzchnia zosta\u0142a wyko\u0144czona \u015brodkiem Teknos AQUAPRIMER stain TM 1824.<\/p>\n<p>Sauna beczka Kemi jest r\u00f3wnie\u017c dost\u0119pna w wersji z piecem elektrycznym.<br \/>\nCena nie zawiera koszt\u00f3w transportu produktu.<\/p>\n","protected":false},"featured_media":7821,"template":"","meta":{"_acf_changed":false},"product_brand":[],"product_cat":[551,544,550],"product_tag":[],"class_list":{"0":"post-19169","1":"product","2":"type-product","3":"status-publish","4":"has-post-thumbnail","6":"product_cat-gotowe-sauny","7":"product_cat-sauny-pl","8":"product_cat-sauny-rurowe","9":"product_shipping_class-390e-pl-2","10":"pa_seina-paksus-40-mm-pl","11":"pa_vali-keris-huum-elektrikeris-pl","12":"pa_vali-keris-puukuttega-skamet-keris-pl","14":"first","15":"onbackorder","16":"sale","17":"purchasable","18":"product-type-simple"},"acf":[],"yoast_head":"<!-- This site is optimized with the Yoast SEO plugin v27.3 - https:\/\/yoast.com\/product\/yoast-seo-wordpress\/ -->\n<title>Tene.ee - Sauna beczka Kemi \u00d8 210 x 400 cm<\/title>\n<meta name=\"description\" content=\"Tene.ee Sauna beczka Kemi \u00d8 210 x 400 cm\" \/>\n<meta name=\"robots\" content=\"index, follow, max-snippet:-1, max-image-preview:large, max-video-preview:-1\" \/>\n<link rel=\"canonical\" href=\"https:\/\/tene.ee\/pl\/toode\/torusaun-kemi-o-210-x-400-cm\/\" \/>\n<meta property=\"og:locale\" content=\"pl_PL\" \/>\n<meta property=\"og:type\" content=\"article\" \/>\n<meta property=\"og:title\" content=\"Tene.ee - Sauna beczka Kemi \u00d8 210 x 400 cm\" \/>\n<meta property=\"og:description\" content=\"Tene.ee Sauna beczka Kemi \u00d8 210 x 400 cm\" \/>\n<meta property=\"og:url\" content=\"https:\/\/tene.ee\/pl\/toode\/torusaun-kemi-o-210-x-400-cm\/\" \/>\n<meta property=\"og:site_name\" content=\"Tene.ee\" \/>\n<meta property=\"article:publisher\" content=\"https:\/\/www.facebook.com\/teneaiamajad\" \/>\n<meta property=\"article:modified_time\" content=\"2025-12-03T11:31:30+00:00\" \/>\n<meta property=\"og:image\" content=\"https:\/\/tene.ee\/wp-content\/uploads\/2024\/07\/Kemi-1024x683.jpg\" \/>\n\t<meta property=\"og:image:width\" content=\"1024\" \/>\n\t<meta property=\"og:image:height\" content=\"683\" \/>\n\t<meta property=\"og:image:type\" content=\"image\/jpeg\" \/>\n<meta name=\"twitter:card\" content=\"summary_large_image\" \/>\n<meta name=\"twitter:label1\" content=\"Szacowany czas czytania\" \/>\n\t<meta name=\"twitter:data1\" content=\"1 minuta\" \/>\n<script type=\"application\/ld+json\" class=\"yoast-schema-graph\">{\"@context\":\"https:\\\/\\\/schema.org\",\"@graph\":[{\"@type\":\"WebPage\",\"@id\":\"https:\\\/\\\/tene.ee\\\/pl\\\/toode\\\/torusaun-kemi-o-210-x-400-cm\\\/\",\"url\":\"https:\\\/\\\/tene.ee\\\/pl\\\/toode\\\/torusaun-kemi-o-210-x-400-cm\\\/\",\"name\":\"Tene.ee - Sauna beczka Kemi \u00d8 210 x 400 cm\",\"isPartOf\":{\"@id\":\"https:\\\/\\\/tene.ee\\\/pl\\\/#website\"},\"primaryImageOfPage\":{\"@id\":\"https:\\\/\\\/tene.ee\\\/pl\\\/toode\\\/torusaun-kemi-o-210-x-400-cm\\\/#primaryimage\"},\"image\":{\"@id\":\"https:\\\/\\\/tene.ee\\\/pl\\\/toode\\\/torusaun-kemi-o-210-x-400-cm\\\/#primaryimage\"},\"thumbnailUrl\":\"https:\\\/\\\/tene.ee\\\/wp-content\\\/uploads\\\/2024\\\/07\\\/Kemi.jpg\",\"datePublished\":\"2024-07-12T13:32:38+00:00\",\"dateModified\":\"2025-12-03T11:31:30+00:00\",\"description\":\"Tene.ee Sauna beczka Kemi \u00d8 210 x 400 cm\",\"breadcrumb\":{\"@id\":\"https:\\\/\\\/tene.ee\\\/pl\\\/toode\\\/torusaun-kemi-o-210-x-400-cm\\\/#breadcrumb\"},\"inLanguage\":\"pl-PL\",\"potentialAction\":[{\"@type\":\"ReadAction\",\"target\":[\"https:\\\/\\\/tene.ee\\\/pl\\\/toode\\\/torusaun-kemi-o-210-x-400-cm\\\/\"]}]},{\"@type\":\"ImageObject\",\"inLanguage\":\"pl-PL\",\"@id\":\"https:\\\/\\\/tene.ee\\\/pl\\\/toode\\\/torusaun-kemi-o-210-x-400-cm\\\/#primaryimage\",\"url\":\"https:\\\/\\\/tene.ee\\\/wp-content\\\/uploads\\\/2024\\\/07\\\/Kemi.jpg\",\"contentUrl\":\"https:\\\/\\\/tene.ee\\\/wp-content\\\/uploads\\\/2024\\\/07\\\/Kemi.jpg\",\"width\":2500,\"height\":1667},{\"@type\":\"BreadcrumbList\",\"@id\":\"https:\\\/\\\/tene.ee\\\/pl\\\/toode\\\/torusaun-kemi-o-210-x-400-cm\\\/#breadcrumb\",\"itemListElement\":[{\"@type\":\"ListItem\",\"position\":1,\"name\":\"Avaleht\",\"item\":\"http:\\\/\\\/tene.ee\\\/pl\\\/\"},{\"@type\":\"ListItem\",\"position\":2,\"name\":\"Sklep\",\"item\":\"https:\\\/\\\/tene.ee\\\/pl\\\/sklep\\\/\"},{\"@type\":\"ListItem\",\"position\":3,\"name\":\"Sauna beczka Kemi \u00d8 210 x 400 cm\"}]},{\"@type\":\"WebSite\",\"@id\":\"https:\\\/\\\/tene.ee\\\/pl\\\/#website\",\"url\":\"https:\\\/\\\/tene.ee\\\/pl\\\/\",\"name\":\"Tene.ee - Kaunite hetkede jaoks sinu aias\",\"description\":\"Tene.ee - parimad puit- ja aiamajad otse tootjalt\",\"publisher\":{\"@id\":\"https:\\\/\\\/tene.ee\\\/pl\\\/#organization\"},\"alternateName\":\"Tene.ee\",\"potentialAction\":[{\"@type\":\"SearchAction\",\"target\":{\"@type\":\"EntryPoint\",\"urlTemplate\":\"https:\\\/\\\/tene.ee\\\/pl\\\/?s={search_term_string}\"},\"query-input\":{\"@type\":\"PropertyValueSpecification\",\"valueRequired\":true,\"valueName\":\"search_term_string\"}}],\"inLanguage\":\"pl-PL\"},{\"@type\":\"Organization\",\"@id\":\"https:\\\/\\\/tene.ee\\\/pl\\\/#organization\",\"name\":\"Tene.ee\",\"url\":\"https:\\\/\\\/tene.ee\\\/pl\\\/\",\"logo\":{\"@type\":\"ImageObject\",\"inLanguage\":\"pl-PL\",\"@id\":\"https:\\\/\\\/tene.ee\\\/pl\\\/#\\\/schema\\\/logo\\\/image\\\/\",\"url\":\"https:\\\/\\\/tene.ee\\\/wp-content\\\/uploads\\\/2024\\\/12\\\/TENE-logo-2018-2.png\",\"contentUrl\":\"https:\\\/\\\/tene.ee\\\/wp-content\\\/uploads\\\/2024\\\/12\\\/TENE-logo-2018-2.png\",\"width\":2339,\"height\":1654,\"caption\":\"Tene.ee\"},\"image\":{\"@id\":\"https:\\\/\\\/tene.ee\\\/pl\\\/#\\\/schema\\\/logo\\\/image\\\/\"},\"sameAs\":[\"https:\\\/\\\/www.facebook.com\\\/teneaiamajad\"]}]}<\/script>\n<!-- \/ Yoast SEO plugin. -->","yoast_head_json":{"title":"Tene.ee - Sauna beczka Kemi \u00d8 210 x 400 cm","description":"Tene.ee Sauna beczka Kemi \u00d8 210 x 400 cm","robots":{"index":"index","follow":"follow","max-snippet":"max-snippet:-1","max-image-preview":"max-image-preview:large","max-video-preview":"max-video-preview:-1"},"canonical":"https:\/\/tene.ee\/pl\/toode\/torusaun-kemi-o-210-x-400-cm\/","og_locale":"pl_PL","og_type":"article","og_title":"Tene.ee - Sauna beczka Kemi \u00d8 210 x 400 cm","og_description":"Tene.ee Sauna beczka Kemi \u00d8 210 x 400 cm","og_url":"https:\/\/tene.ee\/pl\/toode\/torusaun-kemi-o-210-x-400-cm\/","og_site_name":"Tene.ee","article_publisher":"https:\/\/www.facebook.com\/teneaiamajad","article_modified_time":"2025-12-03T11:31:30+00:00","og_image":[{"width":1024,"height":683,"url":"https:\/\/tene.ee\/wp-content\/uploads\/2024\/07\/Kemi-1024x683.jpg","type":"image\/jpeg"}],"twitter_card":"summary_large_image","twitter_misc":{"Szacowany czas czytania":"1 minuta"},"schema":{"@context":"https:\/\/schema.org","@graph":[{"@type":"WebPage","@id":"https:\/\/tene.ee\/pl\/toode\/torusaun-kemi-o-210-x-400-cm\/","url":"https:\/\/tene.ee\/pl\/toode\/torusaun-kemi-o-210-x-400-cm\/","name":"Tene.ee - Sauna beczka Kemi \u00d8 210 x 400 cm","isPartOf":{"@id":"https:\/\/tene.ee\/pl\/#website"},"primaryImageOfPage":{"@id":"https:\/\/tene.ee\/pl\/toode\/torusaun-kemi-o-210-x-400-cm\/#primaryimage"},"image":{"@id":"https:\/\/tene.ee\/pl\/toode\/torusaun-kemi-o-210-x-400-cm\/#primaryimage"},"thumbnailUrl":"https:\/\/tene.ee\/wp-content\/uploads\/2024\/07\/Kemi.jpg","datePublished":"2024-07-12T13:32:38+00:00","dateModified":"2025-12-03T11:31:30+00:00","description":"Tene.ee Sauna beczka Kemi \u00d8 210 x 400 cm","breadcrumb":{"@id":"https:\/\/tene.ee\/pl\/toode\/torusaun-kemi-o-210-x-400-cm\/#breadcrumb"},"inLanguage":"pl-PL","potentialAction":[{"@type":"ReadAction","target":["https:\/\/tene.ee\/pl\/toode\/torusaun-kemi-o-210-x-400-cm\/"]}]},{"@type":"ImageObject","inLanguage":"pl-PL","@id":"https:\/\/tene.ee\/pl\/toode\/torusaun-kemi-o-210-x-400-cm\/#primaryimage","url":"https:\/\/tene.ee\/wp-content\/uploads\/2024\/07\/Kemi.jpg","contentUrl":"https:\/\/tene.ee\/wp-content\/uploads\/2024\/07\/Kemi.jpg","width":2500,"height":1667},{"@type":"BreadcrumbList","@id":"https:\/\/tene.ee\/pl\/toode\/torusaun-kemi-o-210-x-400-cm\/#breadcrumb","itemListElement":[{"@type":"ListItem","position":1,"name":"Avaleht","item":"http:\/\/tene.ee\/pl\/"},{"@type":"ListItem","position":2,"name":"Sklep","item":"https:\/\/tene.ee\/pl\/sklep\/"},{"@type":"ListItem","position":3,"name":"Sauna beczka Kemi \u00d8 210 x 400 cm"}]},{"@type":"WebSite","@id":"https:\/\/tene.ee\/pl\/#website","url":"https:\/\/tene.ee\/pl\/","name":"Tene.ee - Kaunite hetkede jaoks sinu aias","description":"Tene.ee - parimad puit- ja aiamajad otse tootjalt","publisher":{"@id":"https:\/\/tene.ee\/pl\/#organization"},"alternateName":"Tene.ee","potentialAction":[{"@type":"SearchAction","target":{"@type":"EntryPoint","urlTemplate":"https:\/\/tene.ee\/pl\/?s={search_term_string}"},"query-input":{"@type":"PropertyValueSpecification","valueRequired":true,"valueName":"search_term_string"}}],"inLanguage":"pl-PL"},{"@type":"Organization","@id":"https:\/\/tene.ee\/pl\/#organization","name":"Tene.ee","url":"https:\/\/tene.ee\/pl\/","logo":{"@type":"ImageObject","inLanguage":"pl-PL","@id":"https:\/\/tene.ee\/pl\/#\/schema\/logo\/image\/","url":"https:\/\/tene.ee\/wp-content\/uploads\/2024\/12\/TENE-logo-2018-2.png","contentUrl":"https:\/\/tene.ee\/wp-content\/uploads\/2024\/12\/TENE-logo-2018-2.png","width":2339,"height":1654,"caption":"Tene.ee"},"image":{"@id":"https:\/\/tene.ee\/pl\/#\/schema\/logo\/image\/"},"sameAs":["https:\/\/www.facebook.com\/teneaiamajad"]}]}},"_links":{"self":[{"href":"https:\/\/tene.ee\/pl\/wp-json\/wp\/v2\/product\/19169","targetHints":{"allow":["GET"]}}],"collection":[{"href":"https:\/\/tene.ee\/pl\/wp-json\/wp\/v2\/product"}],"about":[{"href":"https:\/\/tene.ee\/pl\/wp-json\/wp\/v2\/types\/product"}],"wp:featuredmedia":[{"embeddable":true,"href":"https:\/\/tene.ee\/pl\/wp-json\/wp\/v2\/media\/7821"}],"wp:attachment":[{"href":"https:\/\/tene.ee\/pl\/wp-json\/wp\/v2\/media?parent=19169"}],"wp:term":[{"taxonomy":"product_brand","embeddable":true,"href":"https:\/\/tene.ee\/pl\/wp-json\/wp\/v2\/product_brand?post=19169"},{"taxonomy":"product_cat","embeddable":true,"href":"https:\/\/tene.ee\/pl\/wp-json\/wp\/v2\/product_cat?post=19169"},{"taxonomy":"product_tag","embeddable":true,"href":"https:\/\/tene.ee\/pl\/wp-json\/wp\/v2\/product_tag?post=19169"}],"curies":[{"name":"wp","href":"https:\/\/api.w.org\/{rel}","templated":true}]}}