{"id":18530,"date":"2024-07-12T17:09:14","date_gmt":"2024-07-12T14:09:14","guid":{"rendered":"https:\/\/tene.ee\/toode\/aiamaja-gaudiela-28\/"},"modified":"2024-11-28T12:04:28","modified_gmt":"2024-11-28T10:04:28","slug":"aiamaja-gaudiela-28","status":"publish","type":"product","link":"https:\/\/tene.ee\/pl\/toode\/aiamaja-gaudiela-28\/","title":{"rendered":"Aiamaja Gaudiela 28"},"content":{"rendered":"<p>Zestaw domk\u00f3w ogrodowych, dom\u00f3w z bali, wiat, altanek, saun, domk\u00f3w letniskowych, wiat grillowych i gara\u017cy drewnianych produkowanych przez fabryk\u0119 ogrod\u00f3w i dom\u00f3w drewnianych Tene obejmuje drzwi, okna (w zale\u017cno\u015bci od modelu w zestawie mog\u0105 nie znajdowa\u0107 si\u0119 \u017cadne , jedno lub wi\u0119cej okien), pod\u0142oga, elementy mocuj\u0105ce i instrukcja monta\u017cu, dzi\u0119ki kt\u00f3rym zbudowanie domku ogrodowego b\u0119dzie \u0142atwe i mniej czasoch\u0142onne. Zestaw domku ogrodowego Tene o grubo\u015bci \u015bcianki 28 mm w zale\u017cno\u015bci od modelu zawiera: 100% wysokiej jako\u015bci \u015bwierku nordyckiego. jako materia\u0142 drewnopochodny Drzwi i okna dwuskrzyd\u0142owe wykonane ze specjalnego drewna klejonego na sucho (8%-12%) Drzwi z pakietem szybowym, wraz z okuciami Drzwi panelowe drewniane jako drzwi wewn\u0119trzne Okna z pakietem szybowym wraz z okuciami Pod\u0142oga i sufit wykonane z profilu o grubo\u015bci 18 mm deska Autoklawizowane drewniane belki fundamentowe Listwy sztormowe Elementy z\u0142\u0105czne (gwo\u017adzie i \u015bruby) Instrukcja monta\u017cu Ceny s\u0105 cenami loco fabryka i zawieraj\u0105 podatek VAT. Cena nie obejmuje transportu produktu.<\/p>\n","protected":false},"excerpt":{"rendered":"<p>Cena obejmuje drzwi i okna klejone ze szk\u0142em, pakiet progowy ze stali nierdzewnej, pod\u0142og\u0119, impregnowane wylewki fundamentowe, elementy z\u0142\u0105czne oraz instrukcj\u0119 monta\u017cu. Cena nie obejmuje transportu i pokrycia dachowego.<\/p>\n","protected":false},"featured_media":14301,"template":"","meta":{"_acf_changed":false},"product_brand":[],"product_cat":[520,522,553,886],"product_tag":[],"class_list":{"0":"post-18530","1":"product","2":"type-product","3":"status-publish","4":"has-post-thumbnail","6":"product_cat-domki-ogrodowe","7":"product_cat-domki-ogrodowe-40-mm","8":"product_cat-nowe-produkty","9":"product_cat-wielopokojowe-domki-ogrodowe-o-srednicy-28-i-40-mm","10":"product_shipping_class-390e-pl-2","11":"pa_pindala-20-40-m2-pl","13":"first","14":"onbackorder","15":"sale","16":"purchasable","17":"product-type-simple"},"acf":[],"yoast_head":"<!-- This site is optimized with the Yoast SEO plugin v27.3 - https:\/\/yoast.com\/product\/yoast-seo-wordpress\/ -->\n<title>Tene.ee - Aiamaja Gaudiela 28<\/title>\n<meta name=\"description\" content=\"Tene.ee Aiamaja Gaudiela 28\" \/>\n<meta name=\"robots\" content=\"index, follow, max-snippet:-1, max-image-preview:large, max-video-preview:-1\" \/>\n<link rel=\"canonical\" href=\"https:\/\/tene.ee\/pl\/toode\/aiamaja-gaudiela-28\/\" \/>\n<meta property=\"og:locale\" content=\"pl_PL\" \/>\n<meta property=\"og:type\" content=\"article\" \/>\n<meta property=\"og:title\" content=\"Tene.ee - Aiamaja Gaudiela 28\" \/>\n<meta property=\"og:description\" content=\"Tene.ee Aiamaja Gaudiela 28\" \/>\n<meta property=\"og:url\" content=\"https:\/\/tene.ee\/pl\/toode\/aiamaja-gaudiela-28\/\" \/>\n<meta property=\"og:site_name\" content=\"Tene.ee\" \/>\n<meta property=\"article:publisher\" content=\"https:\/\/www.facebook.com\/teneaiamajad\" \/>\n<meta property=\"article:modified_time\" content=\"2024-11-28T10:04:28+00:00\" \/>\n<meta property=\"og:image\" content=\"https:\/\/tene.ee\/wp-content\/uploads\/2024\/07\/Gaudiela.jpg\" \/>\n\t<meta property=\"og:image:width\" content=\"1600\" \/>\n\t<meta property=\"og:image:height\" content=\"1067\" \/>\n\t<meta property=\"og:image:type\" content=\"image\/jpeg\" \/>\n<meta name=\"twitter:card\" content=\"summary_large_image\" \/>\n<meta name=\"twitter:label1\" content=\"Szacowany czas czytania\" \/>\n\t<meta name=\"twitter:data1\" content=\"2 minuty\" \/>\n<script type=\"application\/ld+json\" class=\"yoast-schema-graph\">{\"@context\":\"https:\\\/\\\/schema.org\",\"@graph\":[{\"@type\":\"WebPage\",\"@id\":\"https:\\\/\\\/tene.ee\\\/pl\\\/toode\\\/aiamaja-gaudiela-28\\\/\",\"url\":\"https:\\\/\\\/tene.ee\\\/pl\\\/toode\\\/aiamaja-gaudiela-28\\\/\",\"name\":\"Tene.ee - Aiamaja Gaudiela 28\",\"isPartOf\":{\"@id\":\"https:\\\/\\\/tene.ee\\\/pl\\\/#website\"},\"primaryImageOfPage\":{\"@id\":\"https:\\\/\\\/tene.ee\\\/pl\\\/toode\\\/aiamaja-gaudiela-28\\\/#primaryimage\"},\"image\":{\"@id\":\"https:\\\/\\\/tene.ee\\\/pl\\\/toode\\\/aiamaja-gaudiela-28\\\/#primaryimage\"},\"thumbnailUrl\":\"https:\\\/\\\/tene.ee\\\/wp-content\\\/uploads\\\/2024\\\/07\\\/Gaudiela.jpg\",\"datePublished\":\"2024-07-12T14:09:14+00:00\",\"dateModified\":\"2024-11-28T10:04:28+00:00\",\"description\":\"Tene.ee Aiamaja Gaudiela 28\",\"breadcrumb\":{\"@id\":\"https:\\\/\\\/tene.ee\\\/pl\\\/toode\\\/aiamaja-gaudiela-28\\\/#breadcrumb\"},\"inLanguage\":\"pl-PL\",\"potentialAction\":[{\"@type\":\"ReadAction\",\"target\":[\"https:\\\/\\\/tene.ee\\\/pl\\\/toode\\\/aiamaja-gaudiela-28\\\/\"]}]},{\"@type\":\"ImageObject\",\"inLanguage\":\"pl-PL\",\"@id\":\"https:\\\/\\\/tene.ee\\\/pl\\\/toode\\\/aiamaja-gaudiela-28\\\/#primaryimage\",\"url\":\"https:\\\/\\\/tene.ee\\\/wp-content\\\/uploads\\\/2024\\\/07\\\/Gaudiela.jpg\",\"contentUrl\":\"https:\\\/\\\/tene.ee\\\/wp-content\\\/uploads\\\/2024\\\/07\\\/Gaudiela.jpg\",\"width\":1600,\"height\":1067},{\"@type\":\"BreadcrumbList\",\"@id\":\"https:\\\/\\\/tene.ee\\\/pl\\\/toode\\\/aiamaja-gaudiela-28\\\/#breadcrumb\",\"itemListElement\":[{\"@type\":\"ListItem\",\"position\":1,\"name\":\"Avaleht\",\"item\":\"http:\\\/\\\/tene.ee\\\/pl\\\/\"},{\"@type\":\"ListItem\",\"position\":2,\"name\":\"Sklep\",\"item\":\"https:\\\/\\\/tene.ee\\\/pl\\\/sklep\\\/\"},{\"@type\":\"ListItem\",\"position\":3,\"name\":\"Aiamaja Gaudiela 28\"}]},{\"@type\":\"WebSite\",\"@id\":\"https:\\\/\\\/tene.ee\\\/pl\\\/#website\",\"url\":\"https:\\\/\\\/tene.ee\\\/pl\\\/\",\"name\":\"Tene.ee - Kaunite hetkede jaoks sinu aias\",\"description\":\"Tene.ee - parimad puit- ja aiamajad otse tootjalt\",\"publisher\":{\"@id\":\"https:\\\/\\\/tene.ee\\\/pl\\\/#organization\"},\"alternateName\":\"Tene.ee\",\"potentialAction\":[{\"@type\":\"SearchAction\",\"target\":{\"@type\":\"EntryPoint\",\"urlTemplate\":\"https:\\\/\\\/tene.ee\\\/pl\\\/?s={search_term_string}\"},\"query-input\":{\"@type\":\"PropertyValueSpecification\",\"valueRequired\":true,\"valueName\":\"search_term_string\"}}],\"inLanguage\":\"pl-PL\"},{\"@type\":\"Organization\",\"@id\":\"https:\\\/\\\/tene.ee\\\/pl\\\/#organization\",\"name\":\"Tene.ee\",\"url\":\"https:\\\/\\\/tene.ee\\\/pl\\\/\",\"logo\":{\"@type\":\"ImageObject\",\"inLanguage\":\"pl-PL\",\"@id\":\"https:\\\/\\\/tene.ee\\\/pl\\\/#\\\/schema\\\/logo\\\/image\\\/\",\"url\":\"https:\\\/\\\/tene.ee\\\/wp-content\\\/uploads\\\/2024\\\/12\\\/TENE-logo-2018-2.png\",\"contentUrl\":\"https:\\\/\\\/tene.ee\\\/wp-content\\\/uploads\\\/2024\\\/12\\\/TENE-logo-2018-2.png\",\"width\":2339,\"height\":1654,\"caption\":\"Tene.ee\"},\"image\":{\"@id\":\"https:\\\/\\\/tene.ee\\\/pl\\\/#\\\/schema\\\/logo\\\/image\\\/\"},\"sameAs\":[\"https:\\\/\\\/www.facebook.com\\\/teneaiamajad\"]}]}<\/script>\n<!-- \/ Yoast SEO plugin. -->","yoast_head_json":{"title":"Tene.ee - Aiamaja Gaudiela 28","description":"Tene.ee Aiamaja Gaudiela 28","robots":{"index":"index","follow":"follow","max-snippet":"max-snippet:-1","max-image-preview":"max-image-preview:large","max-video-preview":"max-video-preview:-1"},"canonical":"https:\/\/tene.ee\/pl\/toode\/aiamaja-gaudiela-28\/","og_locale":"pl_PL","og_type":"article","og_title":"Tene.ee - Aiamaja Gaudiela 28","og_description":"Tene.ee Aiamaja Gaudiela 28","og_url":"https:\/\/tene.ee\/pl\/toode\/aiamaja-gaudiela-28\/","og_site_name":"Tene.ee","article_publisher":"https:\/\/www.facebook.com\/teneaiamajad","article_modified_time":"2024-11-28T10:04:28+00:00","og_image":[{"width":1600,"height":1067,"url":"https:\/\/tene.ee\/wp-content\/uploads\/2024\/07\/Gaudiela.jpg","type":"image\/jpeg"}],"twitter_card":"summary_large_image","twitter_misc":{"Szacowany czas czytania":"2 minuty"},"schema":{"@context":"https:\/\/schema.org","@graph":[{"@type":"WebPage","@id":"https:\/\/tene.ee\/pl\/toode\/aiamaja-gaudiela-28\/","url":"https:\/\/tene.ee\/pl\/toode\/aiamaja-gaudiela-28\/","name":"Tene.ee - Aiamaja Gaudiela 28","isPartOf":{"@id":"https:\/\/tene.ee\/pl\/#website"},"primaryImageOfPage":{"@id":"https:\/\/tene.ee\/pl\/toode\/aiamaja-gaudiela-28\/#primaryimage"},"image":{"@id":"https:\/\/tene.ee\/pl\/toode\/aiamaja-gaudiela-28\/#primaryimage"},"thumbnailUrl":"https:\/\/tene.ee\/wp-content\/uploads\/2024\/07\/Gaudiela.jpg","datePublished":"2024-07-12T14:09:14+00:00","dateModified":"2024-11-28T10:04:28+00:00","description":"Tene.ee Aiamaja Gaudiela 28","breadcrumb":{"@id":"https:\/\/tene.ee\/pl\/toode\/aiamaja-gaudiela-28\/#breadcrumb"},"inLanguage":"pl-PL","potentialAction":[{"@type":"ReadAction","target":["https:\/\/tene.ee\/pl\/toode\/aiamaja-gaudiela-28\/"]}]},{"@type":"ImageObject","inLanguage":"pl-PL","@id":"https:\/\/tene.ee\/pl\/toode\/aiamaja-gaudiela-28\/#primaryimage","url":"https:\/\/tene.ee\/wp-content\/uploads\/2024\/07\/Gaudiela.jpg","contentUrl":"https:\/\/tene.ee\/wp-content\/uploads\/2024\/07\/Gaudiela.jpg","width":1600,"height":1067},{"@type":"BreadcrumbList","@id":"https:\/\/tene.ee\/pl\/toode\/aiamaja-gaudiela-28\/#breadcrumb","itemListElement":[{"@type":"ListItem","position":1,"name":"Avaleht","item":"http:\/\/tene.ee\/pl\/"},{"@type":"ListItem","position":2,"name":"Sklep","item":"https:\/\/tene.ee\/pl\/sklep\/"},{"@type":"ListItem","position":3,"name":"Aiamaja Gaudiela 28"}]},{"@type":"WebSite","@id":"https:\/\/tene.ee\/pl\/#website","url":"https:\/\/tene.ee\/pl\/","name":"Tene.ee - Kaunite hetkede jaoks sinu aias","description":"Tene.ee - parimad puit- ja aiamajad otse tootjalt","publisher":{"@id":"https:\/\/tene.ee\/pl\/#organization"},"alternateName":"Tene.ee","potentialAction":[{"@type":"SearchAction","target":{"@type":"EntryPoint","urlTemplate":"https:\/\/tene.ee\/pl\/?s={search_term_string}"},"query-input":{"@type":"PropertyValueSpecification","valueRequired":true,"valueName":"search_term_string"}}],"inLanguage":"pl-PL"},{"@type":"Organization","@id":"https:\/\/tene.ee\/pl\/#organization","name":"Tene.ee","url":"https:\/\/tene.ee\/pl\/","logo":{"@type":"ImageObject","inLanguage":"pl-PL","@id":"https:\/\/tene.ee\/pl\/#\/schema\/logo\/image\/","url":"https:\/\/tene.ee\/wp-content\/uploads\/2024\/12\/TENE-logo-2018-2.png","contentUrl":"https:\/\/tene.ee\/wp-content\/uploads\/2024\/12\/TENE-logo-2018-2.png","width":2339,"height":1654,"caption":"Tene.ee"},"image":{"@id":"https:\/\/tene.ee\/pl\/#\/schema\/logo\/image\/"},"sameAs":["https:\/\/www.facebook.com\/teneaiamajad"]}]}},"_links":{"self":[{"href":"https:\/\/tene.ee\/pl\/wp-json\/wp\/v2\/product\/18530","targetHints":{"allow":["GET"]}}],"collection":[{"href":"https:\/\/tene.ee\/pl\/wp-json\/wp\/v2\/product"}],"about":[{"href":"https:\/\/tene.ee\/pl\/wp-json\/wp\/v2\/types\/product"}],"wp:featuredmedia":[{"embeddable":true,"href":"https:\/\/tene.ee\/pl\/wp-json\/wp\/v2\/media\/14301"}],"wp:attachment":[{"href":"https:\/\/tene.ee\/pl\/wp-json\/wp\/v2\/media?parent=18530"}],"wp:term":[{"taxonomy":"product_brand","embeddable":true,"href":"https:\/\/tene.ee\/pl\/wp-json\/wp\/v2\/product_brand?post=18530"},{"taxonomy":"product_cat","embeddable":true,"href":"https:\/\/tene.ee\/pl\/wp-json\/wp\/v2\/product_cat?post=18530"},{"taxonomy":"product_tag","embeddable":true,"href":"https:\/\/tene.ee\/pl\/wp-json\/wp\/v2\/product_tag?post=18530"}],"curies":[{"name":"wp","href":"https:\/\/api.w.org\/{rel}","templated":true}]}}