{"id":51806,"date":"2024-07-16T13:28:44","date_gmt":"2024-07-16T10:28:44","guid":{"rendered":"https:\/\/tene.ee\/warunki-sprzedazy\/"},"modified":"2025-07-29T02:51:11","modified_gmt":"2025-07-28T23:51:11","slug":"warunki-sprzedazy","status":"publish","type":"page","link":"https:\/\/tene.ee\/pl\/warunki-sprzedazy\/","title":{"rendered":"Warunki sprzeda\u017cy"},"content":{"rendered":"<div class=\"wpb-content-wrapper\"><p>[vc_row][vc_column][vc_column_text css=&#8221;&#8221; woodmart_inline=&#8221;no&#8221; text_larger=&#8221;no&#8221;]<\/p>\n<article id=\"post-10351\" class=\"post-10351 page type-page status-publish hentry\">\n<div class=\"entry-content\">\n<header class=\"entry-header\">\n<h1><strong>1. M\u00fc\u00fcgitingimuste kehtivus<\/strong><\/h1>\n<p>1.1. M\u00fc\u00fcgitingimused kehtivad <a href=\"http:\/\/www.aiamajad.com\/\">www.aiamajad.com<\/a> veebipoest ostja ja ettev\u00f5tja Tene Kaubandus O\u00dc vahel kaupade ja teenuste ostmisel.<br \/>\n1.2. Lisaks k\u00e4esolevatele tingimustele reguleerivad Tene Kaubandus O\u00dc veebipoest toodete ostmisel tekkivaid \u00f5igussuhteid Eesti Vabariigis kehtivad v\u00f5la\u00f5igusseadus (edaspidi V\u00d5S), tarbijakaitseseadus (edaspidi TKS) ja teised \u00f5igusaktid.<br \/>\n1.3. Tene Kaubandus O\u00dc j\u00e4tab endale \u00f5iguse teha m\u00fc\u00fcgitingimustes muudatusi. Nimetatud muudatusi kajastatakse veebilehel <a href=\"http:\/\/www.aiamajad.com\/\">www.aiamajad.com<\/a>.<br \/>\n1.4. Veebipoes olevate toodete pildid on illustratiivse t\u00e4hendusega ning v\u00f5ivad erineda tegelikest toodetest.<br \/>\n1.5. Veebipoes olevate toodete kirjelduses v\u00f5ib esineda tahtmatuid vigu.<br \/>\n1.6. Tene Kaubandus O\u00dc-l on \u00f5igus e-poe vahendusel s\u00f5lmitud m\u00fc\u00fcgilepingust sanktsioonideta taganeda ning tellitud kaup j\u00e4tta \u00fcle andmata v\u00f5i teenus osutamata allj\u00e4rgnevates juhtudel:<br \/>\n\u2013 kaup on laost otsa saanud;<br \/>\n\u2013 kauba hinda v\u00f5i omadusi on e-poes kuvatud valesti s\u00fcsteemivea t\u00f5ttu.<br \/>\nKui Tene Kaubandus O\u00dc-l ei ole v\u00f5imalik tellimust t\u00e4ita, v\u00f5tab Tene Kaubandus O\u00dc ostjaga \u00fchendust ning tagastab ettemaksuna tasutud summa.<\/p>\n<h1><strong>2. Hinnad<\/strong><\/h1>\n<p>2.1. K\u00f5ik Tene veebipoes toodud hinnad sisaldavad k\u00e4ibemaksu 24%.<br \/>\n2.2. Hinnad kodulehel ei sisalda transpordi hinda kliendini.<br \/>\n2.3. Hinnad kehtivad tellimuse vormistamisest kuni vormistatud tellimuse makset\u00e4htaja aegumiseni (1 p\u00e4ev p\u00e4rast tellimuse vormistamist).<\/p>\n<h1><strong>3. <\/strong><strong>Tellimuse vormistamine<\/strong><\/h1>\n<p>3.1. Lisage soovitud kaup ostukorvi.<br \/>\n3.2. Ostukorvi sisu n\u00e4gemiseks valige veebilehe paremalt \u00fclemalt nurgast \u201eOstukorv\u201c.<br \/>\n3.3. T\u00e4itke n\u00f5utud andmev\u00e4ljad teie andmetega.<br \/>\n3.4. Tellimuse kinnitamiseks tehke linnuke valiku \u201ejah, olen n\u00f5us tingimustega\u201c ette ja seej\u00e4rel valige \u201eEdasi\u201c.<br \/>\n3.5. Peale tellimuse vormistamist saabub teie e-mailile tellimuse kinnitus, mille j\u00e4rel v\u00f5tab teiega eraldi \u00fchendust meie klienditeenindaja, et t\u00e4psustada vajalikud ostudetailid.<br \/>\n3.6. Tene aiamajad veebipoes sooritatud tellimusi k\u00e4sitletakse t\u00f6\u00f6p\u00e4evadel E\u2013R 9.00\u201317.00. Kui tellimus esitatakse reedel p\u00e4rast 14.00, siis vormistatakse tellimus j\u00e4rgmisel esmasp\u00e4eval.<\/p>\n<h1><strong>4. M\u00fc\u00fcgilepingu j\u00f5ustumine<\/strong><\/h1>\n<p>4.1. Kauba m\u00fc\u00fcgilepinguga kohustub Tene Kaubandus O\u00dc andma ostjale \u00fcle olemasoleva, valmistatava v\u00f5i Tene Kaubandus O\u00dc poolt tulevikus omandatava kauba ning tegema v\u00f5imalikuks omandi \u00fclemineku ostjale. Ostja aga kohustub Tene Kaubandus O\u00dc-le tasuma kauba eest esitatud arvel n\u00e4idatud summa ja v\u00f5tma kauba vastu.<br \/>\n4.2. Tellimused, mille eest ei ole tasutud, annuleeritakse 7 p\u00e4eva m\u00f6\u00f6dudes alates tellimuse vormistamisest.<br \/>\n4.3. M\u00fc\u00fcgileping j\u00f5ustub p\u00e4rast ostja tehtud makse laekumist Tene Kaubandus O\u00dc pangakontole.<\/p>\n<h1><strong>5. Kohaletoimetamine<\/strong><\/h1>\n<p>5.1. K\u00f5ik kaubad asuvad aadressil Lihula mnt. 22b, 90510 Haapsalu.<\/p>\n<h1><strong>6. Tagastamis\u00f5igus<\/strong><\/h1>\n<p>6.1. P\u00e4rast tellimuse k\u00e4ttesaamist on ostjal \u00f5igus e-poes s\u00f5lmitud lepingust taganeda p\u00f5hjused avaldamata 14 p\u00e4eva jooksul. 14-p\u00e4evane tagastamis\u00f5igus kehtib ainult eratarbijatele. Juriidilistele isikutele 14-p\u00e4evast taganemis\u00f5igust ei kohaldata.<br \/>\n6.2. Kaubaga on v\u00f5imalik tutvuda ja selle sobivuses v\u00f5i mittesobivuses veenduda. Kaubaga tutvumine t\u00e4hendab samav\u00e4\u00e4rset kasutamist nagu jaekaupluses enne ostmist.<br \/>\n6.3. Tagastatav toode peab olema komplektne (sisaldama tootepakendit ja k\u00f5iki tootepakendis sisalduvaid esemeid). Kui toode on ostetud kampaania korras, kus kaubale on lisatud veel m\u00f5ni toode, tuleb Teil tagastada kogu komplekt (st. k\u00f5ik tooted).<br \/>\n6.4. Tagastamisele kuuluva kauba halvenemisel vastutab ostja asja kasutamisest tingitud v\u00e4\u00e4rtuse v\u00e4henemise eest. Et veenduda kauba olemuses, omadustes ja toimimises, peaks ostja k\u00e4sitsema ja kasutama asja \u00fcksnes nii, nagu tal lubataks seda tavaliselt poes teha.<br \/>\n6.5. Kauba tagastamiseks tuleb esitada vabas vormis kauba ostust taganemise avaldus ning saata see aadressile <a href=\"mailto:info@tene.ee\">info@tene.ee<\/a> hiljemalt 14 p\u00e4eva jooksul kauba k\u00e4ttesaamisest.<br \/>\n6.6. Ostja peab kauba tagastama avalduse esitamisele j\u00e4rgnev 14 p\u00e4eva jooksul v\u00f5i esitama t\u00f5endi, et ta on eelnimetatud perioodi jooksul kauba \u00fcle andnud logistikafirmale.<br \/>\n6.7. Tene Kaubandus O\u00dc tagastab taganemisavalduse k\u00e4ttesaamisel ostjale viivitamata, kuid mitte hiljem kui 14 p\u00e4eva m\u00f6\u00f6dumisel, k\u00f5ik ostjalt lepingu alusel saadud tasud.<br \/>\n6.8. K\u00f5ik otseselt kaubast taganemise kulud kannab ostja.<\/p>\n<h1><strong>7. V\u00e4\u00e4ramatu j\u00f5ud<\/strong><\/h1>\n<p>7.1. Tene Kaubandus O\u00dc ei vastuta tellijale tekitatud kahjude v\u00f5i kauba kohaletoimetamise viibimise eest juhul, kui kahju v\u00f5i kauba kohaletoimetamise viibimine on tingitud asjaoludest, mida Tene Kaubandus O\u00dc ei saanud m\u00f5jutada v\u00f5i ette n\u00e4ha.<\/p>\n<h1><strong>8. Isikuandmete t\u00f6\u00f6tlemine<\/strong><\/h1>\n<p>8.1. Ostja annab veebipoes andmeid sisestades ning vastava kinnitusega \u00f5iguse koguda ja t\u00f6\u00f6delda ostja isikuandmeid (nimi, kontakttelefon, paki k\u00e4ttetoimetamise ja\/v\u00f5i kodune aadress, e-posti aadress) ning edastada logistikapartneritele isikuandmeid kauba kohaletoimetamiseks.<br \/>\n8.2. Tene Kaubandus O\u00dc-l on \u00f5igus kasutada ostja kontaktandmeid reklaami ja muu informatsiooni edastamiseks ostjale.<br \/>\n8.3. Ostjal on igal ajal \u00f5igus keelata oma isikuandmete kogumine ning kasutamine, v\u00e4lja arvatud juhul, kui see on vajalik lepingust tuleneva n\u00f5ude sissen\u00f5udmiseks v\u00f5i kauba kohaletoimetamiseks.<br \/>\n8.4. Kr\u00fcpteeritud andmeside pankadega ostude eest tasumisel tagab ostja personaalseid pangatunnuste turvalisuse, millele puudub ka veebipoel ligip\u00e4\u00e4s.<\/p>\n<h1><strong>9. Garantii ja pretensioonide esitamise kord<\/strong><\/h1>\n<p>9.1. Tene Kaubandus O\u00dc vastutab ostjale m\u00fc\u00fcdud kauba lepingutingimustele mittevastavuse v\u00f5i puuduste eest, mis ilmnevad kuni kahe aasta jooksul, alates kauba \u00fcleandmisest ostjale.<br \/>\n9.2. Ostjal on \u00f5igus puuduse ilmnemisel p\u00f6\u00f6rduda hiljemalt kahe kuu jooksul Tene Kaubandus O\u00dc poole, esitades arve, mille alusel kauba ostu eest tasuti. Teade kauba mittevastavusest tuleb saata Tene Kaubandus O\u00dc e-posti aadressile <a href=\"mailto:info@tene.ee\">info@tene.ee<\/a>. Juhul kui ostja ei teavita kauba mittevastavusest k\u00e4esolevas punktis s\u00e4testatud t\u00e4htaja jooksul, vabaneb Tene Kaubandus O\u00dc vastutusest kauba mittevastavuse eest.<br \/>\n9.3. Kaubal puuduste ilmnemisel palume l\u00f5petada kauba kasutamine.<br \/>\n9.4. Tene Kaubandus O\u00dc vastutab kauba n\u00f5uetele mittevastavuse ja puuduste eest, mis ilmnevad 2 aasta jooksul arvates kauba kasutajale \u00fcleandmisest, j\u00e4rgmiselt:<br \/>\n\u2013 esimese kuue kuu jooksul alates kauba \u00fcleandmise hetkest eeldatakse, et kauba mittevastav<\/p>\n<p>us v\u00f5i puudus oli olemas juba kauba \u00fcleandmise hetkel;<br \/>\n\u2013 p\u00e4rast kuue kuu m\u00f6\u00f6dumist kauba \u00fcleandmisest peab ostja t\u00f5estama, et puudus oli olemas juba kauba \u00fcleandmise hetkel;<br \/>\n\u2013 ostjal on \u00f5igus n\u00f5uda tasuta parandamist, tasuta asendamist, hinna alandamist v\u00f5i lepingust taganemist, s\u00f5ltuvalt puuduse laadist.<br \/>\n9.5. Kauba tagastamiseks tuleb saata e-posti aadressile <a href=\"mailto:info@tene.ee\">info@tene.ee<\/a> e-mail, millel on kauba probleemne omadus v\u00f5i puudus ja lisatud arve. Tene Kaubandus O\u00dc-l on \u00f5igus kontrollida kauba puudust, kas seda saab parandada, asendada v\u00f5i vajab tagastamist.<br \/>\n9.6. Tene Kaubandus O\u00dc ei vastuta kauba puuduste eest, kui need on tekkinud asja eba\u00f5ige kasutamise, loomuliku kulumise, kahjustamise v\u00f5i muu ostja s\u00fc\u00fc t\u00f5ttu.<\/p>\n<h1><strong>10. Erinevad s\u00e4tted<\/strong><\/h1>\n<p>10.1. K\u00f5ik Tene Kaubandus O\u00dc ja ostja vahel s\u00f5lmitud lepingud, sealhulgas m\u00fc\u00fcgilepingud, lahendatakse vastavalt Eesti Vabariigi seadustele.<br \/>\n10.2. K\u00f5ik vaidlused, mis v\u00f5ivad tekkida seoses Tene Kaubandus O\u00dc veebipoe teenuste ja kaupade kasutamisega, lahendatakse Eesti kohtus.<br \/>\n10.3. Kehtiv kaupade ja teenuste ostmise leping sisaldab k\u00e4esolevaid m\u00fc\u00fcgitingimusi ja neid saab muuta ainult ostja ja Tene Kaubandus O\u00dc vaheline kokkulepe.<\/p>\n<\/header>\n<\/div>\n<\/article>\n<p>\u00a0[\/vc_column_text][\/vc_column][\/vc_row]<\/p>\n<\/div>","protected":false},"excerpt":{"rendered":"<p>[vc_row][vc_column][vc_column_text css=&#8221;&#8221; woodmart_inline=&#8221;no&#8221; text_larger=&#8221;no&#8221;] 1. M\u00fc\u00fcgitingimuste kehtivus 1.1. M\u00fc\u00fcgitingimused kehtivad www.aiamajad.com veebipoest ostja ja ettev\u00f5tja Tene Kaubandus O\u00dc vahel kaupade<\/p>\n","protected":false},"author":1,"featured_media":0,"parent":0,"menu_order":0,"comment_status":"closed","ping_status":"closed","template":"","meta":{"_acf_changed":false,"footnotes":""},"class_list":["post-51806","page","type-page","status-publish","hentry"],"acf":[],"yoast_head":"<!-- This site is optimized with the Yoast SEO plugin v27.4 - https:\/\/yoast.com\/product\/yoast-seo-wordpress\/ -->\n<title>Tene.ee - Warunki sprzeda\u017cy<\/title>\n<meta name=\"description\" content=\"Tene.ee Warunki sprzeda\u017cy\" \/>\n<meta name=\"robots\" content=\"index, follow, max-snippet:-1, max-image-preview:large, max-video-preview:-1\" \/>\n<link rel=\"canonical\" href=\"https:\/\/tene.ee\/pl\/warunki-sprzedazy\/\" \/>\n<meta property=\"og:locale\" content=\"pl_PL\" \/>\n<meta property=\"og:type\" content=\"article\" \/>\n<meta property=\"og:title\" content=\"Tene.ee - Warunki sprzeda\u017cy\" \/>\n<meta property=\"og:description\" content=\"Tene.ee Warunki sprzeda\u017cy\" \/>\n<meta property=\"og:url\" content=\"https:\/\/tene.ee\/pl\/warunki-sprzedazy\/\" \/>\n<meta property=\"og:site_name\" content=\"Tene.ee\" \/>\n<meta property=\"article:publisher\" content=\"https:\/\/www.facebook.com\/teneaiamajad\" \/>\n<meta property=\"article:modified_time\" content=\"2025-07-28T23:51:11+00:00\" \/>\n<meta property=\"og:image\" content=\"https:\/\/tene.ee\/wp-content\/uploads\/2024\/12\/TENE-logo-2018-2.png\" \/>\n\t<meta property=\"og:image:width\" content=\"2339\" \/>\n\t<meta property=\"og:image:height\" content=\"1654\" \/>\n\t<meta property=\"og:image:type\" content=\"image\/png\" \/>\n<meta name=\"twitter:card\" content=\"summary_large_image\" \/>\n<meta name=\"twitter:label1\" content=\"Szacowany czas czytania\" \/>\n\t<meta name=\"twitter:data1\" content=\"8 minut\" \/>\n<script type=\"application\/ld+json\" class=\"yoast-schema-graph\">{\"@context\":\"https:\\\/\\\/schema.org\",\"@graph\":[{\"@type\":\"WebPage\",\"@id\":\"https:\\\/\\\/tene.ee\\\/pl\\\/warunki-sprzedazy\\\/\",\"url\":\"https:\\\/\\\/tene.ee\\\/pl\\\/warunki-sprzedazy\\\/\",\"name\":\"Tene.ee - Warunki sprzeda\u017cy\",\"isPartOf\":{\"@id\":\"https:\\\/\\\/tene.ee\\\/pl\\\/#website\"},\"datePublished\":\"2024-07-16T10:28:44+00:00\",\"dateModified\":\"2025-07-28T23:51:11+00:00\",\"description\":\"Tene.ee Warunki sprzeda\u017cy\",\"breadcrumb\":{\"@id\":\"https:\\\/\\\/tene.ee\\\/pl\\\/warunki-sprzedazy\\\/#breadcrumb\"},\"inLanguage\":\"pl-PL\",\"potentialAction\":[{\"@type\":\"ReadAction\",\"target\":[\"https:\\\/\\\/tene.ee\\\/pl\\\/warunki-sprzedazy\\\/\"]}]},{\"@type\":\"BreadcrumbList\",\"@id\":\"https:\\\/\\\/tene.ee\\\/pl\\\/warunki-sprzedazy\\\/#breadcrumb\",\"itemListElement\":[{\"@type\":\"ListItem\",\"position\":1,\"name\":\"Avaleht\",\"item\":\"http:\\\/\\\/tene.ee\\\/pl\\\/\"},{\"@type\":\"ListItem\",\"position\":2,\"name\":\"Warunki sprzeda\u017cy\"}]},{\"@type\":\"WebSite\",\"@id\":\"https:\\\/\\\/tene.ee\\\/pl\\\/#website\",\"url\":\"https:\\\/\\\/tene.ee\\\/pl\\\/\",\"name\":\"Tene.ee - Kaunite hetkede jaoks sinu aias\",\"description\":\"Tene.ee - parimad puit- ja aiamajad otse tootjalt\",\"publisher\":{\"@id\":\"https:\\\/\\\/tene.ee\\\/pl\\\/#organization\"},\"alternateName\":\"Tene.ee\",\"potentialAction\":[{\"@type\":\"SearchAction\",\"target\":{\"@type\":\"EntryPoint\",\"urlTemplate\":\"https:\\\/\\\/tene.ee\\\/pl\\\/?s={search_term_string}\"},\"query-input\":{\"@type\":\"PropertyValueSpecification\",\"valueRequired\":true,\"valueName\":\"search_term_string\"}}],\"inLanguage\":\"pl-PL\"},{\"@type\":\"Organization\",\"@id\":\"https:\\\/\\\/tene.ee\\\/pl\\\/#organization\",\"name\":\"Tene.ee\",\"url\":\"https:\\\/\\\/tene.ee\\\/pl\\\/\",\"logo\":{\"@type\":\"ImageObject\",\"inLanguage\":\"pl-PL\",\"@id\":\"https:\\\/\\\/tene.ee\\\/pl\\\/#\\\/schema\\\/logo\\\/image\\\/\",\"url\":\"https:\\\/\\\/tene.ee\\\/wp-content\\\/uploads\\\/2024\\\/12\\\/TENE-logo-2018-2.png\",\"contentUrl\":\"https:\\\/\\\/tene.ee\\\/wp-content\\\/uploads\\\/2024\\\/12\\\/TENE-logo-2018-2.png\",\"width\":2339,\"height\":1654,\"caption\":\"Tene.ee\"},\"image\":{\"@id\":\"https:\\\/\\\/tene.ee\\\/pl\\\/#\\\/schema\\\/logo\\\/image\\\/\"},\"sameAs\":[\"https:\\\/\\\/www.facebook.com\\\/teneaiamajad\"]}]}<\/script>\n<!-- \/ Yoast SEO plugin. -->","yoast_head_json":{"title":"Tene.ee - Warunki sprzeda\u017cy","description":"Tene.ee Warunki sprzeda\u017cy","robots":{"index":"index","follow":"follow","max-snippet":"max-snippet:-1","max-image-preview":"max-image-preview:large","max-video-preview":"max-video-preview:-1"},"canonical":"https:\/\/tene.ee\/pl\/warunki-sprzedazy\/","og_locale":"pl_PL","og_type":"article","og_title":"Tene.ee - Warunki sprzeda\u017cy","og_description":"Tene.ee Warunki sprzeda\u017cy","og_url":"https:\/\/tene.ee\/pl\/warunki-sprzedazy\/","og_site_name":"Tene.ee","article_publisher":"https:\/\/www.facebook.com\/teneaiamajad","article_modified_time":"2025-07-28T23:51:11+00:00","og_image":[{"width":2339,"height":1654,"url":"https:\/\/tene.ee\/wp-content\/uploads\/2024\/12\/TENE-logo-2018-2.png","type":"image\/png"}],"twitter_card":"summary_large_image","twitter_misc":{"Szacowany czas czytania":"8 minut"},"schema":{"@context":"https:\/\/schema.org","@graph":[{"@type":"WebPage","@id":"https:\/\/tene.ee\/pl\/warunki-sprzedazy\/","url":"https:\/\/tene.ee\/pl\/warunki-sprzedazy\/","name":"Tene.ee - Warunki sprzeda\u017cy","isPartOf":{"@id":"https:\/\/tene.ee\/pl\/#website"},"datePublished":"2024-07-16T10:28:44+00:00","dateModified":"2025-07-28T23:51:11+00:00","description":"Tene.ee Warunki sprzeda\u017cy","breadcrumb":{"@id":"https:\/\/tene.ee\/pl\/warunki-sprzedazy\/#breadcrumb"},"inLanguage":"pl-PL","potentialAction":[{"@type":"ReadAction","target":["https:\/\/tene.ee\/pl\/warunki-sprzedazy\/"]}]},{"@type":"BreadcrumbList","@id":"https:\/\/tene.ee\/pl\/warunki-sprzedazy\/#breadcrumb","itemListElement":[{"@type":"ListItem","position":1,"name":"Avaleht","item":"http:\/\/tene.ee\/pl\/"},{"@type":"ListItem","position":2,"name":"Warunki sprzeda\u017cy"}]},{"@type":"WebSite","@id":"https:\/\/tene.ee\/pl\/#website","url":"https:\/\/tene.ee\/pl\/","name":"Tene.ee - Kaunite hetkede jaoks sinu aias","description":"Tene.ee - parimad puit- ja aiamajad otse tootjalt","publisher":{"@id":"https:\/\/tene.ee\/pl\/#organization"},"alternateName":"Tene.ee","potentialAction":[{"@type":"SearchAction","target":{"@type":"EntryPoint","urlTemplate":"https:\/\/tene.ee\/pl\/?s={search_term_string}"},"query-input":{"@type":"PropertyValueSpecification","valueRequired":true,"valueName":"search_term_string"}}],"inLanguage":"pl-PL"},{"@type":"Organization","@id":"https:\/\/tene.ee\/pl\/#organization","name":"Tene.ee","url":"https:\/\/tene.ee\/pl\/","logo":{"@type":"ImageObject","inLanguage":"pl-PL","@id":"https:\/\/tene.ee\/pl\/#\/schema\/logo\/image\/","url":"https:\/\/tene.ee\/wp-content\/uploads\/2024\/12\/TENE-logo-2018-2.png","contentUrl":"https:\/\/tene.ee\/wp-content\/uploads\/2024\/12\/TENE-logo-2018-2.png","width":2339,"height":1654,"caption":"Tene.ee"},"image":{"@id":"https:\/\/tene.ee\/pl\/#\/schema\/logo\/image\/"},"sameAs":["https:\/\/www.facebook.com\/teneaiamajad"]}]}},"_links":{"self":[{"href":"https:\/\/tene.ee\/pl\/wp-json\/wp\/v2\/pages\/51806","targetHints":{"allow":["GET"]}}],"collection":[{"href":"https:\/\/tene.ee\/pl\/wp-json\/wp\/v2\/pages"}],"about":[{"href":"https:\/\/tene.ee\/pl\/wp-json\/wp\/v2\/types\/page"}],"author":[{"embeddable":true,"href":"https:\/\/tene.ee\/pl\/wp-json\/wp\/v2\/users\/1"}],"replies":[{"embeddable":true,"href":"https:\/\/tene.ee\/pl\/wp-json\/wp\/v2\/comments?post=51806"}],"version-history":[{"count":0,"href":"https:\/\/tene.ee\/pl\/wp-json\/wp\/v2\/pages\/51806\/revisions"}],"wp:attachment":[{"href":"https:\/\/tene.ee\/pl\/wp-json\/wp\/v2\/media?parent=51806"}],"curies":[{"name":"wp","href":"https:\/\/api.w.org\/{rel}","templated":true}]}}