{"id":24565,"date":"2024-06-28T11:28:09","date_gmt":"2024-06-28T08:28:09","guid":{"rendered":"https:\/\/tene.ee\/?page_id=24565"},"modified":"2025-07-29T02:01:49","modified_gmt":"2025-07-28T23:01:49","slug":"24565-2","status":"publish","type":"page","link":"https:\/\/tene.ee\/pl\/24565-2\/","title":{"rendered":"O firmie"},"content":{"rendered":"<div class=\"wpb-content-wrapper\"><p>[vc_row woodmart_css_id=&#8221;66914e68a46da&#8221; responsive_spacing=&#8221;eyJwYXJhbV90eXBlIjoid29vZG1hcnRfcmVzcG9uc2l2ZV9zcGFjaW5nIiwic2VsZWN0b3JfaWQiOiI2NjkxNGU2OGE0NmRhIiwic2hvcnRjb2RlIjoidmNfcm93IiwiZGF0YSI6eyJ0YWJsZXQiOnt9LCJtb2JpbGUiOnt9fX0=&#8221; mobile_bg_img_hidden=&#8221;no&#8221; tablet_bg_img_hidden=&#8221;no&#8221; woodmart_parallax=&#8221;0&#8243; woodmart_gradient_switch=&#8221;no&#8221; woodmart_box_shadow=&#8221;no&#8221; wd_z_index=&#8221;no&#8221; woodmart_disable_overflow=&#8221;0&#8243; row_reverse_mobile=&#8221;0&#8243; row_reverse_tablet=&#8221;0&#8243;][vc_column woodmart_css_id=&#8221;6756a7ea686d4&#8243; parallax_scroll=&#8221;no&#8221; woodmart_sticky_column=&#8221;false&#8221; wd_collapsible_content_switcher=&#8221;no&#8221; wd_column_role_offcanvas_desktop=&#8221;no&#8221; wd_column_role_offcanvas_tablet=&#8221;no&#8221; wd_column_role_offcanvas_mobile=&#8221;no&#8221; wd_column_role_content_desktop=&#8221;no&#8221; wd_column_role_content_tablet=&#8221;no&#8221; wd_column_role_content_mobile=&#8221;no&#8221; mobile_bg_img_hidden=&#8221;no&#8221; tablet_bg_img_hidden=&#8221;no&#8221; woodmart_parallax=&#8221;0&#8243; woodmart_box_shadow=&#8221;no&#8221; responsive_spacing=&#8221;eyJwYXJhbV90eXBlIjoid29vZG1hcnRfcmVzcG9uc2l2ZV9zcGFjaW5nIiwic2VsZWN0b3JfaWQiOiI2NzU2YTdlYTY4NmQ0Iiwic2hvcnRjb2RlIjoidmNfY29sdW1uIiwiZGF0YSI6eyJ0YWJsZXQiOnt9LCJtb2JpbGUiOnt9fX0=&#8221; mobile_reset_margin=&#8221;no&#8221; tablet_reset_margin=&#8221;no&#8221; wd_z_index=&#8221;no&#8221;]<style data-type=\"vc_shortcodes-custom-css\">.vc_custom_1697438305110{background-color: #ffffff !important;background-position: 0 0 !important;background-repeat: no-repeat !important;}.vc_custom_1732866176590{padding-top: 15px !important;}.vc_custom_1688626543448{background-position: 0 0 !important;background-repeat: no-repeat !important;}.vc_custom_1635965928690{background-position: 0 0 !important;background-repeat: no-repeat !important;}.vc_custom_1732171545907{padding-right: 80px !important;}.vc_custom_1731929234138{margin-top: 10px !important;padding-top: 15px !important;}.vc_custom_1732171597219{padding-right: 80px !important;}.vc_custom_1732171612694{padding-top: 15px !important;background-color: eyJwYXJhbV90eXBlIjoid29vZG1hcnRfY29sb3JwaWNrZXIiLCJjc3NfYXJncyI6eyJiYWNrZ3JvdW5kLWNvbG9yIjpbIiBhIl0sImJvcmRlci1jb2xvciI6WyIgYSJdfSwic2VsZWN0b3JfaWQiOiI2NzBlNjRhZjI1ZDEwIiwiZGF0YSI6eyJkZXNrdG9wIjoiIzgxZDc0MiJ9fQ== !important;}.wd-rs-6749707ceda21.wd-el-video{--wd-aspect-ratio: 16\/9;}.wd-rs-65005b9da15f0 > .vc_column-inner > .wpb_wrapper{align-items: center;}#wd-673b2487557b8 a{background-color:#707e5b;border-color:#707e5b !important;}#wd-673b2487557b8 a:hover{background-color:#556045;border-color:#556045 !important;}#wd-673ed75489818 a{background-color:#707e5b;border-color:#707e5b !important;}#wd-673ed75489818 a:hover{background-color:#556045;border-color:#556045 !important;}<\/style><div class=\"wpb-content-wrapper\">[vc_row][vc_column]\t\t<div class=\"wd-el-video wd-wpb wd-rs-6749707ceda21 wd-action-without wd-video-youtube vc_custom_1732866176590 wd-with-aspect-ratio\">\n\t\t\t\t\t\t\t<iframe src=\"https:\/\/www.youtube.com\/embed\/W84OPGv8FqE?feature=oembed&loop=1&mute=1&controls=1&autoplay=1&playlist=W84OPGv8FqE\" allowfullscreen allow=\"accelerometer; autoplay; encrypted-media; gyroscope; picture-in-picture\" width=\"100%\" height=\"100%\" loading=\"lazy\" aria-label=\"Video player\"><\/iframe>\t\t\t\n\t\t\t\n\t\t\t\n\t\t\t\t\t<\/div>\n\t\t[\/vc_column][\/vc_row][vc_section full_width=\"stretch_row\" woodmart_bg_position=\"right-bottom\" el_id=\"ettevottest\" mobile_bg_img_hidden=\"no\" tablet_bg_img_hidden=\"no\" woodmart_parallax=\"0\" woodmart_gradient_switch=\"no\" woodmart_disable_overflow=\"0\" css=\".vc_custom_1697438305110{background-color: #ffffff !important;background-position: 0 0 !important;background-repeat: no-repeat !important;}\" woodmart_css_id=\"652cda41013d2\" woodmart_box_shadow=\"no\" wd_z_index=\"no\" responsive_spacing=\"eyJwYXJhbV90eXBlIjoid29vZG1hcnRfcmVzcG9uc2l2ZV9zcGFjaW5nIiwic2VsZWN0b3JfaWQiOiI2NTJjZGE0MTAxM2QyIiwic2hvcnRjb2RlIjoidmNfc2VjdGlvbiIsImRhdGEiOnsidGFibGV0Ijp7fSwibW9iaWxlIjp7fX19\"][vc_row gap=\"30\" equal_height=\"yes\" content_placement=\"middle\" woodmart_bg_position=\"right-bottom\" mobile_bg_img_hidden=\"no\" tablet_bg_img_hidden=\"no\" woodmart_parallax=\"0\" woodmart_gradient_switch=\"no\" row_reverse_mobile=\"0\" row_reverse_tablet=\"0\" woodmart_disable_overflow=\"0\" el_class=\"container-row\" css=\".vc_custom_1688626543448{background-position: 0 0 !important;background-repeat: no-repeat !important;}\" woodmart_css_id=\"64a666ec67242\" woodmart_box_shadow=\"no\" wd_z_index=\"no\" responsive_spacing=\"eyJwYXJhbV90eXBlIjoid29vZG1hcnRfcmVzcG9uc2l2ZV9zcGFjaW5nIiwic2VsZWN0b3JfaWQiOiI2NGE2NjZlYzY3MjQyIiwic2hvcnRjb2RlIjoidmNfcm93IiwiZGF0YSI6eyJ0YWJsZXQiOnt9LCJtb2JpbGUiOnt9fX0=\"][vc_column width=\"3\/5\" woodmart_bg_position=\"left-top\" mobile_bg_img_hidden=\"no\" tablet_bg_img_hidden=\"no\" woodmart_parallax=\"0\" woodmart_sticky_column=\"false\" parallax_scroll=\"no\" mobile_reset_margin=\"no\" tablet_reset_margin=\"no\" el_class=\"container-text\" css=\".vc_custom_1635965928690{background-position: 0 0 !important;background-repeat: no-repeat !important;}\"][vc_custom_heading text=\"25 LAT JAKO\u015aCI\" font_container=\"tag:h2|font_size:24px|text_align:left|line_height:32px\" use_theme_fonts=\"yes\" el_id=\"element\"][vc_column_text css=\".vc_custom_1732171545907{padding-right: 80px !important;}\" woodmart_inline=\"no\" text_larger=\"no\" el_id=\"padi\"]<span data-sheets-root=\"1\">Fabryka domk\u00f3w drewnianych Tene od ponad 25 lat wytwarza szeroki wachlarz produkt\u00f3w z drewna. Do najpopularniejszych produkt\u00f3w nale\u017c\u0105 domki drewniane, szopy, szopy ogrodowe, domki letniskowe, chaty, chaty z bali, altany, altanki ogrodowe, wiaty drewniane, hu\u015btawki, brykiet drzewny i meble ogrodowe.<\/span>[\/vc_column_text]<div id=\"wd-673b2487557b8\" class=\" wd-rs-673b2487557b8 vc_custom_1731929234138 wd-button-wrapper text-left\"><a href=\"https:\/\/tene.ee\/pl\/sklep\/\" title=\"Zobacz zakres\" style=\"--btn-color:#fff;--btn-color-hover:#fff;\" class=\"btn btn-style-default btn-shape-round btn-size-large\">Sprawd\u017a nasz\u0105 ofert\u0119<\/a><\/div>[\/vc_column][vc_column width=\"2\/5\" vertical_alignment=\"eyJkZXZpY2VzIjp7ImRlc2t0b3AiOnsidmFsdWUiOiJjZW50ZXIifSwidGFibGV0Ijp7InZhbHVlIjoiIn0sIm1vYmlsZSI6eyJ2YWx1ZSI6IiJ9fX0=\" woodmart_css_id=\"65005b9da15f0\" parallax_scroll=\"no\" woodmart_sticky_column=\"false\" wd_collapsible_content_switcher=\"no\" mobile_bg_img_hidden=\"no\" tablet_bg_img_hidden=\"no\" woodmart_parallax=\"0\" woodmart_box_shadow=\"no\" mobile_reset_margin=\"no\" tablet_reset_margin=\"no\" wd_z_index=\"no\" wd_column_role_offcanvas_desktop=\"no\" wd_column_role_offcanvas_tablet=\"no\" wd_column_role_offcanvas_mobile=\"no\" wd_column_role_content_desktop=\"no\" wd_column_role_content_tablet=\"no\" wd_column_role_content_mobile=\"no\" responsive_spacing=\"eyJwYXJhbV90eXBlIjoid29vZG1hcnRfcmVzcG9uc2l2ZV9zcGFjaW5nIiwic2VsZWN0b3JfaWQiOiI2NTAwNWI5ZGExNWYwIiwic2hvcnRjb2RlIjoidmNfY29sdW1uIiwiZGF0YSI6eyJ0YWJsZXQiOnt9LCJtb2JpbGUiOnt9fX0=\"][vc_single_image image=\"24505\" img_size=\"1536x1179\" css_animation=\"none\" css=\"\" woodmart_inline=\"no\" parallax_scroll=\"no\" el_id=\"ettevottest_pilt\" el_class=\"muri2\"][\/vc_column][\/vc_row][vc_row gap=\"30\" equal_height=\"yes\" content_placement=\"middle\" mobile_bg_img_hidden=\"no\" tablet_bg_img_hidden=\"no\" woodmart_parallax=\"0\" woodmart_gradient_switch=\"no\" row_reverse_mobile=\"0\" row_reverse_tablet=\"0\" woodmart_disable_overflow=\"0\" el_class=\"container-row\" el_id=\"wsparcie\" woodmart_css_id=\"64a669cbaff6b\" woodmart_box_shadow=\"no\" wd_z_index=\"no\" responsive_spacing=\"eyJwYXJhbV90eXBlIjoid29vZG1hcnRfcmVzcG9uc2l2ZV9zcGFjaW5nIiwic2VsZWN0b3JfaWQiOiI2NGE2NjljYmFmZjZiIiwic2hvcnRjb2RlIjoidmNfcm93IiwiZGF0YSI6eyJ0YWJsZXQiOnt9LCJtb2JpbGUiOnt9fX0=\"][vc_column width=\"2\/5\" offset=\"vc_hidden-xs\" woodmart_css_id=\"619f7f777b961\" parallax_scroll=\"no\" woodmart_sticky_column=\"false\" wd_collapsible_content_switcher=\"no\" mobile_bg_img_hidden=\"no\" tablet_bg_img_hidden=\"no\" woodmart_parallax=\"0\" woodmart_box_shadow=\"no\" mobile_reset_margin=\"no\" tablet_reset_margin=\"no\" wd_z_index=\"no\"][vc_single_image image=\"2423\" img_size=\"full\" css_animation=\"none\" css=\"\" woodmart_inline=\"no\" parallax_scroll=\"no\" el_class=\"muri\"][\/vc_column][vc_column width=\"3\/5\" mobile_bg_img_hidden=\"no\" tablet_bg_img_hidden=\"no\" woodmart_parallax=\"0\" woodmart_sticky_column=\"false\" el_class=\"container-text\" parallax_scroll=\"no\" mobile_reset_margin=\"no\" tablet_reset_margin=\"no\" woodmart_css_id=\"6213d448762f9\" wd_collapsible_content_switcher=\"no\" woodmart_box_shadow=\"no\" wd_z_index=\"no\"][vc_custom_heading text=\"Tworzymy miejsca pracy w niewielkim esto\u0144skim miasteczku\" font_container=\"tag:h2|font_size:24px|text_align:left|line_height:32px\" use_theme_fonts=\"yes\" css=\"\" el_id=\"element\"][vc_column_text css=\".vc_custom_1732171597219{padding-right: 80px !important;}\" woodmart_inline=\"no\" text_larger=\"no\"]<span data-sheets-root=\"1\">Wszystkie nasze produkty mo\u017cna znale\u017a\u0107 na naszej stronie internetowej. Ca\u0142e zaplecze produkcyjne TENE jest zlokalizowane w Haapsalu. Dzi\u0119ki temu wspieramy przedsi\u0119biorczo\u015b\u0107 w Estonii oraz tworzymy miejsca pracy w malowniczym kurorcie, eksportuj\u0105c wysokiej jako\u015bci produkty wytwarzane w Estonii do r\u00f3\u017cnych miejsc na ca\u0142ym \u015bwiecie. Firma Tene Kaubandus zatrudnia obecnie prawie 100 pracownik\u00f3w.<\/span>[\/vc_column_text]<div id=\"wd-673ed75489818\" class=\" wd-rs-673ed75489818 vc_custom_1732171612694 wd-button-wrapper text-left\"><a href=\"\/tookuulutused\/\" title=\"Napisz do nas\" style=\"--btn-color:#fff;--btn-color-hover:#fff;\" class=\"btn btn-style-default btn-shape-round btn-size-large\">Napisz do nas<\/a><\/div>[\/vc_column][\/vc_row][\/vc_section]<\/div><style data-type=\"vc_shortcodes-custom-css\">.vc_custom_1697438282897{background-color: #ffffff !important;}.vc_custom_1688979921662{background-image: url(https:\/\/aiamajad.com\/wp-content\/uploads\/2021\/10\/Pattern-garantii.png?id=13599) !important;background-position: center !important;background-repeat: no-repeat !important;background-size: contain !important;}.vc_custom_1653904908419{padding-bottom: 20px !important;}.vc_custom_1732171662545{padding-right: 80px !important;padding-bottom: 40px !important;}.vc_custom_1688981386084{margin-top: 20px !important;border-bottom-width: 5px !important;}.vc_custom_1732866225879{padding-top: 15px !important;padding-bottom: 15px !important;border-radius: 35px !important;}<\/style><div class=\"wpb-content-wrapper\">[vc_section full_width=\"stretch_row\" content_placement=\"middle\" mobile_bg_img_hidden=\"no\" tablet_bg_img_hidden=\"no\" woodmart_parallax=\"0\" woodmart_gradient_switch=\"no\" woodmart_disable_overflow=\"0\" css=\".vc_custom_1697438282897{background-color: #ffffff !important;}\" woodmart_css_id=\"652cda184e55c\" woodmart_box_shadow=\"no\" wd_z_index=\"no\" el_id=\"garantii\" responsive_spacing=\"eyJwYXJhbV90eXBlIjoid29vZG1hcnRfcmVzcG9uc2l2ZV9zcGFjaW5nIiwic2VsZWN0b3JfaWQiOiI2NTJjZGExODRlNTVjIiwic2hvcnRjb2RlIjoidmNfc2VjdGlvbiIsImRhdGEiOnsidGFibGV0Ijp7fSwibW9iaWxlIjp7fX19\"][vc_row full_width=\"stretch_row\" equal_height=\"yes\" content_placement=\"middle\" woodmart_bg_position=\"left-center\" mobile_bg_img_hidden=\"no\" tablet_bg_img_hidden=\"no\" woodmart_parallax=\"0\" woodmart_gradient_switch=\"no\" row_reverse_mobile=\"1\" row_reverse_tablet=\"0\" woodmart_disable_overflow=\"0\" el_class=\"container-row\" css=\".vc_custom_1688979921662{background-image: url(https:\/\/aiamajad.com\/wp-content\/uploads\/2021\/10\/Pattern-garantii.png?id=13599) !important;background-position: center !important;background-repeat: no-repeat !important;background-size: contain !important;}\" woodmart_css_id=\"64abcb5fa3b60\" woodmart_box_shadow=\"no\" wd_z_index=\"no\" responsive_spacing=\"eyJwYXJhbV90eXBlIjoid29vZG1hcnRfcmVzcG9uc2l2ZV9zcGFjaW5nIiwic2VsZWN0b3JfaWQiOiI2NGFiY2I1ZmEzYjYwIiwic2hvcnRjb2RlIjoidmNfcm93IiwiZGF0YSI6eyJ0YWJsZXQiOnt9LCJtb2JpbGUiOnt9fX0=\"][vc_column width=\"2\/5\" mobile_bg_img_hidden=\"no\" tablet_bg_img_hidden=\"no\" woodmart_parallax=\"0\" woodmart_sticky_column=\"false\" parallax_scroll=\"no\" mobile_reset_margin=\"no\" tablet_reset_margin=\"no\" woodmart_css_id=\"64abac7f07d5f\" wd_collapsible_content_switcher=\"no\" woodmart_box_shadow=\"no\" wd_z_index=\"no\" el_id=\"element-garantii-col\" wd_column_role_offcanvas_desktop=\"no\" wd_column_role_offcanvas_tablet=\"no\" wd_column_role_offcanvas_mobile=\"no\" wd_column_role_content_desktop=\"no\" wd_column_role_content_tablet=\"no\" wd_column_role_content_mobile=\"no\" responsive_spacing=\"eyJwYXJhbV90eXBlIjoid29vZG1hcnRfcmVzcG9uc2l2ZV9zcGFjaW5nIiwic2VsZWN0b3JfaWQiOiI2NGFiYWM3ZjA3ZDVmIiwic2hvcnRjb2RlIjoidmNfY29sdW1uIiwiZGF0YSI6eyJ0YWJsZXQiOnt9LCJtb2JpbGUiOnt9fX0=\" offset=\"vc_col-md-2\/5 vc_col-xs-12\"][vc_custom_heading text=\"Garanzia\" font_container=\"tag:h2|font_size:24px|text_align:left|line_height:32px\" use_theme_fonts=\"yes\" css=\".vc_custom_1653904908419{padding-bottom: 20px !important;}\" el_id=\"element-garantii\"][vc_column_text css=\".vc_custom_1732171662545{padding-right: 80px !important;padding-bottom: 40px !important;}\" woodmart_inline=\"no\" text_larger=\"no\" el_id=\"element-garantii-text\"]<span data-sheets-root=\"1\">Zapewnienie wysokiej jako\u015bci jest jedn\u0105 z naszych kluczowych warto\u015bci, w zwi\u0105zku z czym oferujemy pi\u0119cioletni\u0105 gwarancj\u0119 na konstrukcje naszych produkt\u00f3w od dnia zakupu. Wszystkie produkty TENE s\u0105 pakowane w ochronn\u0105 foli\u0119 przeciws\u0142oneczn\u0105, a tak\u017ce s\u0105 zabezpieczane na czas transportu za pomoc\u0105 odpowiedniego opakowania i ta\u015bm oraz element\u00f3w s\u0142u\u017c\u0105cych do ochrony drewna. Wszystkie nasze wyroby s\u0105 wykonane ze \u015bwierk\u00f3w z las\u00f3w o zr\u00f3wnowa\u017conej gospodarce le\u015bnej w krajach p\u00f3\u0142nocnoeuropejskich: Szwecji, Finlandii i krajach ba\u0142tyckich (Estonii, \u0141otwie i Litwie).<\/span>[\/vc_column_text][vc_separator color=\"custom\" accent_color=\"rgba(255,255,255,0.01)\" css=\".vc_custom_1688981386084{margin-top: 20px !important;border-bottom-width: 5px !important;}\" wd_hide_on_desktop=\"no\" wd_hide_on_tablet=\"no\" wd_hide_on_mobile=\"no\"]<div id=\"wd-673ed767a9379\" class=\" wd-rs-673ed767a9379  wd-button-wrapper text-left\"><a href=\"https:\/\/tene.ee\/pl\/kontakt\/\" title=\"Napisz do nas\" class=\"btn btn-color-primary btn-style-default btn-shape-round btn-size-large\">Napisz do nas<\/a><\/div>[\/vc_column][vc_column width=\"3\/5\" mobile_bg_img_hidden=\"no\" tablet_bg_img_hidden=\"no\" woodmart_parallax=\"0\" woodmart_sticky_column=\"false\" parallax_scroll=\"no\" mobile_reset_margin=\"no\" tablet_reset_margin=\"no\" el_class=\"container-text\" el_id=\"garantii\" woodmart_css_id=\"62a321629bbba\" wd_collapsible_content_switcher=\"no\" woodmart_box_shadow=\"no\" wd_z_index=\"no\" offset=\"vc_col-md-3\/5\" wd_column_role_offcanvas_desktop=\"no\" wd_column_role_offcanvas_tablet=\"no\" wd_column_role_offcanvas_mobile=\"no\" wd_column_role_content_desktop=\"no\" wd_column_role_content_tablet=\"no\" wd_column_role_content_mobile=\"no\" responsive_spacing=\"eyJwYXJhbV90eXBlIjoid29vZG1hcnRfcmVzcG9uc2l2ZV9zcGFjaW5nIiwic2VsZWN0b3JfaWQiOiI2MmEzMjE2MjliYmJhIiwic2hvcnRjb2RlIjoidmNfY29sdW1uIiwiZGF0YSI6eyJ0YWJsZXQiOnt9LCJtb2JpbGUiOnt9fX0=\"][vc_single_image image=\"24483\" img_size=\"full\" css_animation=\"none\" css=\".vc_custom_1732866225879{padding-top: 15px !important;padding-bottom: 15px !important;border-radius: 35px !important;}\" woodmart_inline=\"no\" parallax_scroll=\"no\" el_class=\"muri2\"][\/vc_column][\/vc_row][\/vc_section]<\/div>[\/vc_column][\/vc_row]<\/p>\n<\/div>","protected":false},"excerpt":{"rendered":"<p>[vc_row woodmart_css_id=&#8221;66914e68a46da&#8221; responsive_spacing=&#8221;eyJwYXJhbV90eXBlIjoid29vZG1hcnRfcmVzcG9uc2l2ZV9zcGFjaW5nIiwic2VsZWN0b3JfaWQiOiI2NjkxNGU2OGE0NmRhIiwic2hvcnRjb2RlIjoidmNfcm93IiwiZGF0YSI6eyJ0YWJsZXQiOnt9LCJtb2JpbGUiOnt9fX0=&#8221; mobile_bg_img_hidden=&#8221;no&#8221; tablet_bg_img_hidden=&#8221;no&#8221; woodmart_parallax=&#8221;0&#8243; woodmart_gradient_switch=&#8221;no&#8221; woodmart_box_shadow=&#8221;no&#8221; wd_z_index=&#8221;no&#8221; woodmart_disable_overflow=&#8221;0&#8243; row_reverse_mobile=&#8221;0&#8243; row_reverse_tablet=&#8221;0&#8243;][vc_column woodmart_css_id=&#8221;6756a7ea686d4&#8243; parallax_scroll=&#8221;no&#8221; woodmart_sticky_column=&#8221;false&#8221; wd_collapsible_content_switcher=&#8221;no&#8221; wd_column_role_offcanvas_desktop=&#8221;no&#8221; wd_column_role_offcanvas_tablet=&#8221;no&#8221; wd_column_role_offcanvas_mobile=&#8221;no&#8221; wd_column_role_content_desktop=&#8221;no&#8221;<\/p>\n","protected":false},"author":1,"featured_media":0,"parent":0,"menu_order":0,"comment_status":"closed","ping_status":"closed","template":"","meta":{"_acf_changed":false,"footnotes":""},"class_list":["post-24565","page","type-page","status-publish","hentry"],"acf":[],"yoast_head":"<!-- This site is optimized with the Yoast SEO plugin v27.4 - https:\/\/yoast.com\/product\/yoast-seo-wordpress\/ -->\n<title>Tene.ee - O firmie<\/title>\n<meta name=\"description\" content=\"Tene.ee O firmie\" \/>\n<meta name=\"robots\" content=\"index, follow, max-snippet:-1, max-image-preview:large, max-video-preview:-1\" \/>\n<link rel=\"canonical\" href=\"https:\/\/tene.ee\/pl\/24565-2\/\" \/>\n<meta property=\"og:locale\" content=\"pl_PL\" \/>\n<meta property=\"og:type\" content=\"article\" \/>\n<meta property=\"og:title\" content=\"Tene.ee - O firmie\" \/>\n<meta property=\"og:description\" content=\"Tene.ee O firmie\" \/>\n<meta property=\"og:url\" content=\"https:\/\/tene.ee\/pl\/24565-2\/\" \/>\n<meta property=\"og:site_name\" content=\"Tene.ee\" \/>\n<meta property=\"article:publisher\" content=\"https:\/\/www.facebook.com\/teneaiamajad\" \/>\n<meta property=\"article:modified_time\" content=\"2025-07-28T23:01:49+00:00\" \/>\n<meta property=\"og:image\" content=\"https:\/\/tene.ee\/wp-content\/uploads\/2024\/12\/TENE-logo-2018-2.png\" \/>\n\t<meta property=\"og:image:width\" content=\"2339\" \/>\n\t<meta property=\"og:image:height\" content=\"1654\" \/>\n\t<meta property=\"og:image:type\" content=\"image\/png\" \/>\n<meta name=\"twitter:card\" content=\"summary_large_image\" \/>\n<meta name=\"twitter:label1\" content=\"Szacowany czas czytania\" \/>\n\t<meta name=\"twitter:data1\" content=\"1 minuta\" \/>\n<script type=\"application\/ld+json\" class=\"yoast-schema-graph\">{\"@context\":\"https:\\\/\\\/schema.org\",\"@graph\":[{\"@type\":\"WebPage\",\"@id\":\"https:\\\/\\\/tene.ee\\\/pl\\\/24565-2\\\/\",\"url\":\"https:\\\/\\\/tene.ee\\\/pl\\\/24565-2\\\/\",\"name\":\"Tene.ee - O firmie\",\"isPartOf\":{\"@id\":\"https:\\\/\\\/tene.ee\\\/pl\\\/#website\"},\"datePublished\":\"2024-06-28T08:28:09+00:00\",\"dateModified\":\"2025-07-28T23:01:49+00:00\",\"description\":\"Tene.ee O firmie\",\"breadcrumb\":{\"@id\":\"https:\\\/\\\/tene.ee\\\/pl\\\/24565-2\\\/#breadcrumb\"},\"inLanguage\":\"pl-PL\",\"potentialAction\":[{\"@type\":\"ReadAction\",\"target\":[\"https:\\\/\\\/tene.ee\\\/pl\\\/24565-2\\\/\"]}]},{\"@type\":\"BreadcrumbList\",\"@id\":\"https:\\\/\\\/tene.ee\\\/pl\\\/24565-2\\\/#breadcrumb\",\"itemListElement\":[{\"@type\":\"ListItem\",\"position\":1,\"name\":\"Avaleht\",\"item\":\"http:\\\/\\\/tene.ee\\\/pl\\\/\"},{\"@type\":\"ListItem\",\"position\":2,\"name\":\"O firmie\"}]},{\"@type\":\"WebSite\",\"@id\":\"https:\\\/\\\/tene.ee\\\/pl\\\/#website\",\"url\":\"https:\\\/\\\/tene.ee\\\/pl\\\/\",\"name\":\"Tene.ee - Kaunite hetkede jaoks sinu aias\",\"description\":\"Tene.ee - parimad puit- ja aiamajad otse tootjalt\",\"publisher\":{\"@id\":\"https:\\\/\\\/tene.ee\\\/pl\\\/#organization\"},\"alternateName\":\"Tene.ee\",\"potentialAction\":[{\"@type\":\"SearchAction\",\"target\":{\"@type\":\"EntryPoint\",\"urlTemplate\":\"https:\\\/\\\/tene.ee\\\/pl\\\/?s={search_term_string}\"},\"query-input\":{\"@type\":\"PropertyValueSpecification\",\"valueRequired\":true,\"valueName\":\"search_term_string\"}}],\"inLanguage\":\"pl-PL\"},{\"@type\":\"Organization\",\"@id\":\"https:\\\/\\\/tene.ee\\\/pl\\\/#organization\",\"name\":\"Tene.ee\",\"url\":\"https:\\\/\\\/tene.ee\\\/pl\\\/\",\"logo\":{\"@type\":\"ImageObject\",\"inLanguage\":\"pl-PL\",\"@id\":\"https:\\\/\\\/tene.ee\\\/pl\\\/#\\\/schema\\\/logo\\\/image\\\/\",\"url\":\"https:\\\/\\\/tene.ee\\\/wp-content\\\/uploads\\\/2024\\\/12\\\/TENE-logo-2018-2.png\",\"contentUrl\":\"https:\\\/\\\/tene.ee\\\/wp-content\\\/uploads\\\/2024\\\/12\\\/TENE-logo-2018-2.png\",\"width\":2339,\"height\":1654,\"caption\":\"Tene.ee\"},\"image\":{\"@id\":\"https:\\\/\\\/tene.ee\\\/pl\\\/#\\\/schema\\\/logo\\\/image\\\/\"},\"sameAs\":[\"https:\\\/\\\/www.facebook.com\\\/teneaiamajad\"]}]}<\/script>\n<!-- \/ Yoast SEO plugin. -->","yoast_head_json":{"title":"Tene.ee - O firmie","description":"Tene.ee O firmie","robots":{"index":"index","follow":"follow","max-snippet":"max-snippet:-1","max-image-preview":"max-image-preview:large","max-video-preview":"max-video-preview:-1"},"canonical":"https:\/\/tene.ee\/pl\/24565-2\/","og_locale":"pl_PL","og_type":"article","og_title":"Tene.ee - O firmie","og_description":"Tene.ee O firmie","og_url":"https:\/\/tene.ee\/pl\/24565-2\/","og_site_name":"Tene.ee","article_publisher":"https:\/\/www.facebook.com\/teneaiamajad","article_modified_time":"2025-07-28T23:01:49+00:00","og_image":[{"width":2339,"height":1654,"url":"https:\/\/tene.ee\/wp-content\/uploads\/2024\/12\/TENE-logo-2018-2.png","type":"image\/png"}],"twitter_card":"summary_large_image","twitter_misc":{"Szacowany czas czytania":"1 minuta"},"schema":{"@context":"https:\/\/schema.org","@graph":[{"@type":"WebPage","@id":"https:\/\/tene.ee\/pl\/24565-2\/","url":"https:\/\/tene.ee\/pl\/24565-2\/","name":"Tene.ee - O firmie","isPartOf":{"@id":"https:\/\/tene.ee\/pl\/#website"},"datePublished":"2024-06-28T08:28:09+00:00","dateModified":"2025-07-28T23:01:49+00:00","description":"Tene.ee O firmie","breadcrumb":{"@id":"https:\/\/tene.ee\/pl\/24565-2\/#breadcrumb"},"inLanguage":"pl-PL","potentialAction":[{"@type":"ReadAction","target":["https:\/\/tene.ee\/pl\/24565-2\/"]}]},{"@type":"BreadcrumbList","@id":"https:\/\/tene.ee\/pl\/24565-2\/#breadcrumb","itemListElement":[{"@type":"ListItem","position":1,"name":"Avaleht","item":"http:\/\/tene.ee\/pl\/"},{"@type":"ListItem","position":2,"name":"O firmie"}]},{"@type":"WebSite","@id":"https:\/\/tene.ee\/pl\/#website","url":"https:\/\/tene.ee\/pl\/","name":"Tene.ee - Kaunite hetkede jaoks sinu aias","description":"Tene.ee - parimad puit- ja aiamajad otse tootjalt","publisher":{"@id":"https:\/\/tene.ee\/pl\/#organization"},"alternateName":"Tene.ee","potentialAction":[{"@type":"SearchAction","target":{"@type":"EntryPoint","urlTemplate":"https:\/\/tene.ee\/pl\/?s={search_term_string}"},"query-input":{"@type":"PropertyValueSpecification","valueRequired":true,"valueName":"search_term_string"}}],"inLanguage":"pl-PL"},{"@type":"Organization","@id":"https:\/\/tene.ee\/pl\/#organization","name":"Tene.ee","url":"https:\/\/tene.ee\/pl\/","logo":{"@type":"ImageObject","inLanguage":"pl-PL","@id":"https:\/\/tene.ee\/pl\/#\/schema\/logo\/image\/","url":"https:\/\/tene.ee\/wp-content\/uploads\/2024\/12\/TENE-logo-2018-2.png","contentUrl":"https:\/\/tene.ee\/wp-content\/uploads\/2024\/12\/TENE-logo-2018-2.png","width":2339,"height":1654,"caption":"Tene.ee"},"image":{"@id":"https:\/\/tene.ee\/pl\/#\/schema\/logo\/image\/"},"sameAs":["https:\/\/www.facebook.com\/teneaiamajad"]}]}},"_links":{"self":[{"href":"https:\/\/tene.ee\/pl\/wp-json\/wp\/v2\/pages\/24565","targetHints":{"allow":["GET"]}}],"collection":[{"href":"https:\/\/tene.ee\/pl\/wp-json\/wp\/v2\/pages"}],"about":[{"href":"https:\/\/tene.ee\/pl\/wp-json\/wp\/v2\/types\/page"}],"author":[{"embeddable":true,"href":"https:\/\/tene.ee\/pl\/wp-json\/wp\/v2\/users\/1"}],"replies":[{"embeddable":true,"href":"https:\/\/tene.ee\/pl\/wp-json\/wp\/v2\/comments?post=24565"}],"version-history":[{"count":0,"href":"https:\/\/tene.ee\/pl\/wp-json\/wp\/v2\/pages\/24565\/revisions"}],"wp:attachment":[{"href":"https:\/\/tene.ee\/pl\/wp-json\/wp\/v2\/media?parent=24565"}],"curies":[{"name":"wp","href":"https:\/\/api.w.org\/{rel}","templated":true}]}}