{"id":18206,"date":"2024-07-16T13:28:52","date_gmt":"2024-07-16T10:28:52","guid":{"rendered":"https:\/\/tene.ee\/kupimy\/"},"modified":"2025-07-29T03:11:35","modified_gmt":"2025-07-29T00:11:35","slug":"kupimy","status":"publish","type":"page","link":"https:\/\/tene.ee\/pl\/kupimy\/","title":{"rendered":"Kupimy"},"content":{"rendered":"<div class=\"wpb-content-wrapper\"><p>[vc_row equal_height=&#8221;yes&#8221; content_placement=&#8221;middle&#8221; css=&#8221;.vc_custom_1696834038795{margin-bottom: 0px !important;padding-right: 5px !important;padding-left: 5px !important;}&#8221; wd_z_index=&#8221;no&#8221; woodmart_css_id=&#8221;6523a1ef262ec&#8221; responsive_spacing=&#8221;eyJwYXJhbV90eXBlIjoid29vZG1hcnRfcmVzcG9uc2l2ZV9zcGFjaW5nIiwic2VsZWN0b3JfaWQiOiI2NTIzYTFlZjI2MmVjIiwic2hvcnRjb2RlIjoidmNfcm93IiwiZGF0YSI6eyJ0YWJsZXQiOnt9LCJtb2JpbGUiOnt9fX0=&#8221; mobile_bg_img_hidden=&#8221;no&#8221; tablet_bg_img_hidden=&#8221;no&#8221; woodmart_parallax=&#8221;0&#8243; woodmart_gradient_switch=&#8221;no&#8221; row_reverse_mobile=&#8221;0&#8243; row_reverse_tablet=&#8221;0&#8243; woodmart_disable_overflow=&#8221;0&#8243; woodmart_box_shadow=&#8221;no&#8221;][vc_column width=&#8221;1\/2&#8243; vertical_alignment=&#8221;eyJkZXZpY2VzIjp7ImRlc2t0b3AiOnsidmFsdWUiOiJjZW50ZXIifSwidGFibGV0Ijp7InZhbHVlIjoiIn0sIm1vYmlsZSI6eyJ2YWx1ZSI6IiJ9fX0=&#8221; horizontal_alignment=&#8221;eyJkZXZpY2VzIjp7ImRlc2t0b3AiOnsidmFsdWUiOiJzcGFjZS1iZXR3ZWVuIn0sInRhYmxldCI6eyJ2YWx1ZSI6IiJ9LCJtb2JpbGUiOnsidmFsdWUiOiIifX19&#8243; css=&#8221;.vc_custom_1696833341478{margin-bottom: 35px !important;padding-top: 10px !important;}&#8221; offset=&#8221;vc_col-lg-4 vc_col-md-4&#8243; wd_z_index=&#8221;no&#8221; woodmart_css_id=&#8221;65239f2b66ea0&#8243; responsive_spacing=&#8221;eyJwYXJhbV90eXBlIjoid29vZG1hcnRfcmVzcG9uc2l2ZV9zcGFjaW5nIiwic2VsZWN0b3JfaWQiOiI2NTIzOWYyYjY2ZWEwIiwic2hvcnRjb2RlIjoidmNfY29sdW1uIiwiZGF0YSI6eyJ0YWJsZXQiOnt9LCJtb2JpbGUiOnt9fX0=&#8221; parallax_scroll=&#8221;no&#8221; mobile_bg_img_hidden=&#8221;no&#8221; tablet_bg_img_hidden=&#8221;no&#8221; woodmart_parallax=&#8221;0&#8243; woodmart_sticky_column=&#8221;false&#8221; mobile_reset_margin=&#8221;no&#8221; tablet_reset_margin=&#8221;no&#8221; el_class=&#8221;column-contact-direction&#8221; wd_collapsible_content_switcher=&#8221;no&#8221; wd_column_role_offcanvas_desktop=&#8221;no&#8221; wd_column_role_offcanvas_tablet=&#8221;no&#8221; wd_column_role_offcanvas_mobile=&#8221;no&#8221; wd_column_role_content_desktop=&#8221;no&#8221; wd_column_role_content_tablet=&#8221;no&#8221; wd_column_role_content_mobile=&#8221;no&#8221; woodmart_box_shadow=&#8221;no&#8221;]\n\t\t<div id=\"wd-65d0b1ca3a72f\" class=\"title-wrapper wd-wpb wd-set-mb reset-last-child  wd-rs-65d0b1ca3a72f wd-title-color-default wd-title-style-default text-left vc_custom_1708175823657 wd-underline-colored\">\n\t\t\t\n\t\t\t<div class=\"liner-continer\">\n\t\t\t\t<h4 class=\"woodmart-title-container title  wd-font-weight- wd-fontsize-l\" >KUPUJEMY DREWNO!<\/h4>\n\t\t\t\t\t\t\t<\/div>\n\t\t\t\n\t\t\t\n\t\t\t\n\t\t<\/div>\n\t\t\n\t\t\t\t\t<div class=\"info-box-wrapper\">\n\t\t\t\t<div id=\"wd-6735aabc94a4e\" class=\" wd-rs-6735aabc94a4e wd-info-box wd-wpb text-left box-icon-align-top box-style- color-scheme- wd-bg-none vc_custom_1731570662599\">\n\t\t\t\t\t\t\t\t\t\t<div class=\"info-box-content\">\n\t\t\t\t\t\t\t\t\t\t\t\t<div class=\"info-box-inner reset-last-child\"><p>Skupujemy such\u0105 tarcic\u0119 \u015bwierkow\u0105 o wilgotno\u015bci 18+\/- 2%.<\/p>\n<\/div>\n\n\t\t\t\t\t\t\t\t\t\t\t<\/div>\n\n\t\t\t\t\t\n\t\t\t\t\t\t\t\t\t<\/div>\n\t\t\t<\/div>\n\t\t\n\t\t<div id=\"wd-6501c6f2c93bd\" class=\"title-wrapper wd-wpb wd-set-mb reset-last-child  wd-rs-6501c6f2c93bd wd-title-color-default wd-title-style-default text-left vc_custom_1694614837119 wd-underline-colored\">\n\t\t\t\n\t\t\t<div class=\"liner-continer\">\n\t\t\t\t<h4 class=\"woodmart-title-container title  wd-font-weight- wd-fontsize-l\" >NAPISZ DO NAS<\/h4>\n\t\t\t\t\t\t\t<\/div>\n\t\t\t\n\t\t\t\n\t\t\t\n\t\t<\/div>\n\t\t\n\t\t\t\t<div id=\"wd-659bc70e52cef\" class=\"wd-text-block wd-wpb reset-last-child wd-rs-659bc70e52cef text-left vc_custom_1704707863453\">\n\t\t\t<p><b>Aby zapozna\u0107 si\u0119 z ofertami i warunkami dostawy, zapoznaj si\u0119 z przewodnikiem zakupowym:<\/b><br \/>Telefon: +372 508 9909<br \/>E-mail: <a href=\"mailto:info@tene.ee\">info@tene.ee<\/a>; <a href=\"mailto:peep@tene.ee\">peep@tene.ee<\/a><\/p>\n\t\t<\/div>\n\t\t[\/vc_column][vc_column width=&#8221;1\/2&#8243; offset=&#8221;vc_col-lg-8 vc_col-md-8&#8243; wd_z_index=&#8221;no&#8221; woodmart_css_id=&#8221;6501c42ebfe96&#8243; responsive_spacing=&#8221;eyJwYXJhbV90eXBlIjoid29vZG1hcnRfcmVzcG9uc2l2ZV9zcGFjaW5nIiwic2VsZWN0b3JfaWQiOiI2NTAxYzQyZWJmZTk2Iiwic2hvcnRjb2RlIjoidmNfY29sdW1uIiwiZGF0YSI6eyJ0YWJsZXQiOnt9LCJtb2JpbGUiOnt9fX0=&#8221; parallax_scroll=&#8221;no&#8221; mobile_bg_img_hidden=&#8221;no&#8221; tablet_bg_img_hidden=&#8221;no&#8221; woodmart_parallax=&#8221;0&#8243; woodmart_sticky_column=&#8221;false&#8221; mobile_reset_margin=&#8221;no&#8221; tablet_reset_margin=&#8221;no&#8221; el_class=&#8221;column-contact-direction&#8221; wd_collapsible_content_switcher=&#8221;no&#8221; wd_column_role_offcanvas_desktop=&#8221;no&#8221; wd_column_role_offcanvas_tablet=&#8221;no&#8221; wd_column_role_offcanvas_mobile=&#8221;no&#8221; wd_column_role_content_desktop=&#8221;no&#8221; wd_column_role_content_tablet=&#8221;no&#8221; wd_column_role_content_mobile=&#8221;no&#8221; woodmart_box_shadow=&#8221;no&#8221;][vc_tta_accordion][vc_tta_section title=&#8221;Jako\u015b\u0107&#8221; tab_id=&#8221;1704708287543-3a990df8-919d&#8221;][vc_column_text css=&#8221;&#8221; woodmart_inline=&#8221;no&#8221; text_larger=&#8221;no&#8221;]<\/p>\n<p data-start=\"48\" data-end=\"241\"><strong data-start=\"48\" data-end=\"241\">SF (U\/S+V; AB), 2 ExLog \u2013 \u015bwie\u017ce, czterostronnie obrzynane (kraw\u0119d\u017a obrzynana \u2013 bez oflis\u00f3w), martwe od\u0142amane ga\u0142\u0119zie, zgnilizna, przebarwienia oraz uszkodzenia przez owady s\u0105 niedozwolone.<\/strong><\/p>\n<p><\/p>\n<p data-start=\"243\" data-end=\"615\">Niedozwolone s\u0105 niedowymiarowe grubo\u015bci i szeroko\u015bci. Ka\u017cdy przekr\u00f3j poprzeczny i d\u0142ugo\u015b\u0107 musz\u0105 by\u0107 pakowane oddzielnie i oznaczone etykiet\u0105 zawieraj\u0105c\u0105 informacje o przekroju, d\u0142ugo\u015bci, jako\u015bci, suszeniu (KD i ko\u0144cowa wilgotno\u015b\u0107) oraz obr\u00f3bce termicznej (HT-ISPM-15) wraz z unikalnym numerem IPPC.<\/p>\n<p>[\/vc_column_text][\/vc_tta_section][vc_tta_section title=&#8221;Przekroje poprzeczne&#8221; tab_id=&#8221;1704708287555-895fc214-0ee4&#8243;][vc_column_text css=&#8221;&#8221; woodmart_inline=&#8221;no&#8221; text_larger=&#8221;no&#8221;]<\/p>\n<p data-start=\"243\" data-end=\"615\">Wszystkie przekroje w d\u0142ugo\u015bci 6,0 m lub d\u0142ugo\u015bci mieszanej (spadaj\u0105cej).<\/p>\n<p><\/p>\n<p data-start=\"617\" data-end=\"673\">Pakowane w foli\u0119 ochronn\u0105 do drewna (zakryte z 5 stron).<\/p>\n<p><\/p>\n<p data-start=\"675\" data-end=\"687\"><strong data-start=\"675\" data-end=\"687\">Wymiary:<\/strong><\/p>\n<ul data-start=\"688\" data-end=\"769\">\n<li data-start=\"688\" data-end=\"703\">\n<p data-start=\"690\" data-end=\"703\">32 x 125 mm<\/p>\n<\/li>\n<li data-start=\"704\" data-end=\"719\">\n<p data-start=\"706\" data-end=\"719\">44 x 125 mm<\/p>\n<\/li>\n<li data-start=\"720\" data-end=\"739\">\n<p data-start=\"722\" data-end=\"739\">44 x 100\/150 mm<\/p>\n<\/li>\n<li data-start=\"740\" data-end=\"755\">\n<p data-start=\"742\" data-end=\"755\">75 x 125 mm<\/p>\n<\/li>\n<li data-start=\"756\" data-end=\"769\">\n<p data-start=\"758\" data-end=\"769\">75 x 150 mm<\/p>\n<\/li>\n<\/ul>\n<p>[\/vc_column_text][\/vc_tta_section][\/vc_tta_accordion][\/vc_column][\/vc_row]<\/p>\n<\/div>","protected":false},"excerpt":{"rendered":"<p>[vc_row equal_height=&#8221;yes&#8221; content_placement=&#8221;middle&#8221; css=&#8221;.vc_custom_1696834038795{margin-bottom: 0px !important;padding-right: 5px !important;padding-left: 5px !important;}&#8221; wd_z_index=&#8221;no&#8221; woodmart_css_id=&#8221;6523a1ef262ec&#8221; responsive_spacing=&#8221;eyJwYXJhbV90eXBlIjoid29vZG1hcnRfcmVzcG9uc2l2ZV9zcGFjaW5nIiwic2VsZWN0b3JfaWQiOiI2NTIzYTFlZjI2MmVjIiwic2hvcnRjb2RlIjoidmNfcm93IiwiZGF0YSI6eyJ0YWJsZXQiOnt9LCJtb2JpbGUiOnt9fX0=&#8221; mobile_bg_img_hidden=&#8221;no&#8221; tablet_bg_img_hidden=&#8221;no&#8221; woodmart_parallax=&#8221;0&#8243; woodmart_gradient_switch=&#8221;no&#8221; row_reverse_mobile=&#8221;0&#8243; row_reverse_tablet=&#8221;0&#8243; woodmart_disable_overflow=&#8221;0&#8243;<\/p>\n","protected":false},"author":1,"featured_media":0,"parent":0,"menu_order":0,"comment_status":"closed","ping_status":"closed","template":"","meta":{"_acf_changed":false,"footnotes":""},"class_list":["post-18206","page","type-page","status-publish","hentry"],"acf":[],"yoast_head":"<!-- This site is optimized with the Yoast SEO plugin v27.4 - https:\/\/yoast.com\/product\/yoast-seo-wordpress\/ -->\n<title>Tene.ee - Kupimy<\/title>\n<meta name=\"description\" content=\"Tene.ee Kupimy\" \/>\n<meta name=\"robots\" content=\"index, follow, max-snippet:-1, max-image-preview:large, max-video-preview:-1\" \/>\n<link rel=\"canonical\" href=\"https:\/\/tene.ee\/pl\/kupimy\/\" \/>\n<meta property=\"og:locale\" content=\"pl_PL\" \/>\n<meta property=\"og:type\" content=\"article\" \/>\n<meta property=\"og:title\" content=\"Tene.ee - Kupimy\" \/>\n<meta property=\"og:description\" content=\"Tene.ee Kupimy\" \/>\n<meta property=\"og:url\" content=\"https:\/\/tene.ee\/pl\/kupimy\/\" \/>\n<meta property=\"og:site_name\" content=\"Tene.ee\" \/>\n<meta property=\"article:publisher\" content=\"https:\/\/www.facebook.com\/teneaiamajad\" \/>\n<meta property=\"article:modified_time\" content=\"2025-07-29T00:11:35+00:00\" \/>\n<meta property=\"og:image\" content=\"https:\/\/tene.ee\/wp-content\/uploads\/2024\/12\/TENE-logo-2018-2.png\" \/>\n\t<meta property=\"og:image:width\" content=\"2339\" \/>\n\t<meta property=\"og:image:height\" content=\"1654\" \/>\n\t<meta property=\"og:image:type\" content=\"image\/png\" \/>\n<meta name=\"twitter:card\" content=\"summary_large_image\" \/>\n<meta name=\"twitter:label1\" content=\"Szacowany czas czytania\" \/>\n\t<meta name=\"twitter:data1\" content=\"4 minuty\" \/>\n<script type=\"application\/ld+json\" class=\"yoast-schema-graph\">{\"@context\":\"https:\\\/\\\/schema.org\",\"@graph\":[{\"@type\":\"WebPage\",\"@id\":\"https:\\\/\\\/tene.ee\\\/pl\\\/kupimy\\\/\",\"url\":\"https:\\\/\\\/tene.ee\\\/pl\\\/kupimy\\\/\",\"name\":\"Tene.ee - Kupimy\",\"isPartOf\":{\"@id\":\"https:\\\/\\\/tene.ee\\\/pl\\\/#website\"},\"datePublished\":\"2024-07-16T10:28:52+00:00\",\"dateModified\":\"2025-07-29T00:11:35+00:00\",\"description\":\"Tene.ee Kupimy\",\"breadcrumb\":{\"@id\":\"https:\\\/\\\/tene.ee\\\/pl\\\/kupimy\\\/#breadcrumb\"},\"inLanguage\":\"pl-PL\",\"potentialAction\":[{\"@type\":\"ReadAction\",\"target\":[\"https:\\\/\\\/tene.ee\\\/pl\\\/kupimy\\\/\"]}]},{\"@type\":\"BreadcrumbList\",\"@id\":\"https:\\\/\\\/tene.ee\\\/pl\\\/kupimy\\\/#breadcrumb\",\"itemListElement\":[{\"@type\":\"ListItem\",\"position\":1,\"name\":\"Avaleht\",\"item\":\"http:\\\/\\\/tene.ee\\\/pl\\\/\"},{\"@type\":\"ListItem\",\"position\":2,\"name\":\"Kupimy\"}]},{\"@type\":\"WebSite\",\"@id\":\"https:\\\/\\\/tene.ee\\\/pl\\\/#website\",\"url\":\"https:\\\/\\\/tene.ee\\\/pl\\\/\",\"name\":\"Tene.ee - Kaunite hetkede jaoks sinu aias\",\"description\":\"Tene.ee - parimad puit- ja aiamajad otse tootjalt\",\"publisher\":{\"@id\":\"https:\\\/\\\/tene.ee\\\/pl\\\/#organization\"},\"alternateName\":\"Tene.ee\",\"potentialAction\":[{\"@type\":\"SearchAction\",\"target\":{\"@type\":\"EntryPoint\",\"urlTemplate\":\"https:\\\/\\\/tene.ee\\\/pl\\\/?s={search_term_string}\"},\"query-input\":{\"@type\":\"PropertyValueSpecification\",\"valueRequired\":true,\"valueName\":\"search_term_string\"}}],\"inLanguage\":\"pl-PL\"},{\"@type\":\"Organization\",\"@id\":\"https:\\\/\\\/tene.ee\\\/pl\\\/#organization\",\"name\":\"Tene.ee\",\"url\":\"https:\\\/\\\/tene.ee\\\/pl\\\/\",\"logo\":{\"@type\":\"ImageObject\",\"inLanguage\":\"pl-PL\",\"@id\":\"https:\\\/\\\/tene.ee\\\/pl\\\/#\\\/schema\\\/logo\\\/image\\\/\",\"url\":\"https:\\\/\\\/tene.ee\\\/wp-content\\\/uploads\\\/2024\\\/12\\\/TENE-logo-2018-2.png\",\"contentUrl\":\"https:\\\/\\\/tene.ee\\\/wp-content\\\/uploads\\\/2024\\\/12\\\/TENE-logo-2018-2.png\",\"width\":2339,\"height\":1654,\"caption\":\"Tene.ee\"},\"image\":{\"@id\":\"https:\\\/\\\/tene.ee\\\/pl\\\/#\\\/schema\\\/logo\\\/image\\\/\"},\"sameAs\":[\"https:\\\/\\\/www.facebook.com\\\/teneaiamajad\"]}]}<\/script>\n<!-- \/ Yoast SEO plugin. -->","yoast_head_json":{"title":"Tene.ee - Kupimy","description":"Tene.ee Kupimy","robots":{"index":"index","follow":"follow","max-snippet":"max-snippet:-1","max-image-preview":"max-image-preview:large","max-video-preview":"max-video-preview:-1"},"canonical":"https:\/\/tene.ee\/pl\/kupimy\/","og_locale":"pl_PL","og_type":"article","og_title":"Tene.ee - Kupimy","og_description":"Tene.ee Kupimy","og_url":"https:\/\/tene.ee\/pl\/kupimy\/","og_site_name":"Tene.ee","article_publisher":"https:\/\/www.facebook.com\/teneaiamajad","article_modified_time":"2025-07-29T00:11:35+00:00","og_image":[{"width":2339,"height":1654,"url":"https:\/\/tene.ee\/wp-content\/uploads\/2024\/12\/TENE-logo-2018-2.png","type":"image\/png"}],"twitter_card":"summary_large_image","twitter_misc":{"Szacowany czas czytania":"4 minuty"},"schema":{"@context":"https:\/\/schema.org","@graph":[{"@type":"WebPage","@id":"https:\/\/tene.ee\/pl\/kupimy\/","url":"https:\/\/tene.ee\/pl\/kupimy\/","name":"Tene.ee - Kupimy","isPartOf":{"@id":"https:\/\/tene.ee\/pl\/#website"},"datePublished":"2024-07-16T10:28:52+00:00","dateModified":"2025-07-29T00:11:35+00:00","description":"Tene.ee Kupimy","breadcrumb":{"@id":"https:\/\/tene.ee\/pl\/kupimy\/#breadcrumb"},"inLanguage":"pl-PL","potentialAction":[{"@type":"ReadAction","target":["https:\/\/tene.ee\/pl\/kupimy\/"]}]},{"@type":"BreadcrumbList","@id":"https:\/\/tene.ee\/pl\/kupimy\/#breadcrumb","itemListElement":[{"@type":"ListItem","position":1,"name":"Avaleht","item":"http:\/\/tene.ee\/pl\/"},{"@type":"ListItem","position":2,"name":"Kupimy"}]},{"@type":"WebSite","@id":"https:\/\/tene.ee\/pl\/#website","url":"https:\/\/tene.ee\/pl\/","name":"Tene.ee - Kaunite hetkede jaoks sinu aias","description":"Tene.ee - parimad puit- ja aiamajad otse tootjalt","publisher":{"@id":"https:\/\/tene.ee\/pl\/#organization"},"alternateName":"Tene.ee","potentialAction":[{"@type":"SearchAction","target":{"@type":"EntryPoint","urlTemplate":"https:\/\/tene.ee\/pl\/?s={search_term_string}"},"query-input":{"@type":"PropertyValueSpecification","valueRequired":true,"valueName":"search_term_string"}}],"inLanguage":"pl-PL"},{"@type":"Organization","@id":"https:\/\/tene.ee\/pl\/#organization","name":"Tene.ee","url":"https:\/\/tene.ee\/pl\/","logo":{"@type":"ImageObject","inLanguage":"pl-PL","@id":"https:\/\/tene.ee\/pl\/#\/schema\/logo\/image\/","url":"https:\/\/tene.ee\/wp-content\/uploads\/2024\/12\/TENE-logo-2018-2.png","contentUrl":"https:\/\/tene.ee\/wp-content\/uploads\/2024\/12\/TENE-logo-2018-2.png","width":2339,"height":1654,"caption":"Tene.ee"},"image":{"@id":"https:\/\/tene.ee\/pl\/#\/schema\/logo\/image\/"},"sameAs":["https:\/\/www.facebook.com\/teneaiamajad"]}]}},"_links":{"self":[{"href":"https:\/\/tene.ee\/pl\/wp-json\/wp\/v2\/pages\/18206","targetHints":{"allow":["GET"]}}],"collection":[{"href":"https:\/\/tene.ee\/pl\/wp-json\/wp\/v2\/pages"}],"about":[{"href":"https:\/\/tene.ee\/pl\/wp-json\/wp\/v2\/types\/page"}],"author":[{"embeddable":true,"href":"https:\/\/tene.ee\/pl\/wp-json\/wp\/v2\/users\/1"}],"replies":[{"embeddable":true,"href":"https:\/\/tene.ee\/pl\/wp-json\/wp\/v2\/comments?post=18206"}],"version-history":[{"count":0,"href":"https:\/\/tene.ee\/pl\/wp-json\/wp\/v2\/pages\/18206\/revisions"}],"wp:attachment":[{"href":"https:\/\/tene.ee\/pl\/wp-json\/wp\/v2\/media?parent=18206"}],"curies":[{"name":"wp","href":"https:\/\/api.w.org\/{rel}","templated":true}]}}