{"id":19533,"date":"2024-07-12T16:20:40","date_gmt":"2024-07-12T13:20:40","guid":{"rendered":"https:\/\/tene.ee\/toode\/torusaun-lahti-o-200-x-400-cm\/"},"modified":"2024-11-06T13:45:49","modified_gmt":"2024-11-06T11:45:49","slug":"torusaun-lahti-o-200-x-400-cm","status":"publish","type":"product","link":"https:\/\/tene.ee\/it\/toode\/torusaun-lahti-o-200-x-400-cm\/","title":{"rendered":"Sauna a botte Lahti \u00c3\u0192\u00cb\u0153 200 x 400 cm"},"content":{"rendered":"<p>La sauna di torba di Lahti \u00c3\u0192\u00c2\u00a8 pronta per farvi fare la sauna. Trasporteremo la sauna in qualsiasi luogo accessibile con un&#8217;autogru.<\/p>\n<p>Il set completo per la sauna comprende:<br \/>\nTetto con griglia nera<br \/>\nTetto con bordi, grondaie e pannelli di setola neri.<br \/>\nRiscaldatore a legna reticolato.<br \/>\nCamino di alta qualit\u00c3\u0192\u00c2\u00a0 con filtro da 25 L e serbatoio dell&#8217;acqua.<br \/>\nPietre per candele da 80 kg<br \/>\nBase, involucro e parete posteriore della candela resistenti al calore.<br \/>\nPorta d&#8217;ingresso con serratura<br \/>\nPorta in vetro temperato del ripostiglio<br \/>\nFinestra apribile nel locale caldaia con vetro temperato<br \/>\nPiattaforma nel deposito<br \/>\nPanche per sedersi nel vestibolo e sulla terrazza<br \/>\nPanche in legno sul pavimento<br \/>\nDimensioni esterne: 200 x 400 cm<br \/>\nPeso: ca. 1200 kg<\/p>\n","protected":false},"excerpt":{"rendered":"<p>Valmis ehitatud torusaun Lahti, katusel must k\u00c3\u0192\u00c2\u00a4rgruberoid, keris koos kividega, kvaliteetne siibri- ja veepaagiga korsten.<\/p>\n<p><strong>Saun Lahti on saadaval ka elektrikerisega.<\/strong><\/p>\n","protected":false},"featured_media":6988,"template":"","meta":{"_acf_changed":false},"product_brand":[],"product_cat":[476,482,483],"product_tag":[],"class_list":{"0":"post-19533","1":"product","2":"type-product","3":"status-publish","4":"has-post-thumbnail","6":"product_cat-saune","7":"product_cat-saune-a-tubo","8":"product_cat-saune-gia-pronte","9":"product_shipping_class-390e-it","10":"pa_iseloomustus-2-stanze","11":"pa_iseloomustus-terrazza","12":"pa_iseloomustus-una-casa-quadrata","13":"pa_katuse-tuup-tetto-a-due-falde","14":"pa_katuse-tuup-tetto-spiovente","15":"pa_pindala-0-10-m2-it","16":"pa_seina-paksus-40-mm-it","17":"pa_vali-keris-huum-elektrikeris-it","18":"pa_vali-keris-puukuttega-skamet-keris-it","20":"first","21":"instock","22":"sale","23":"purchasable","24":"product-type-simple"},"acf":[],"yoast_head":"<!-- This site is optimized with the Yoast SEO plugin v27.3 - https:\/\/yoast.com\/product\/yoast-seo-wordpress\/ -->\n<title>Tene.ee - Sauna a botte Lahti \u00c3\u0192\u00cb\u0153 200 x 400 cm<\/title>\n<meta name=\"description\" content=\"Tene.ee Sauna a botte Lahti \u00c3\u0192\u00cb\u0153 200 x 400 cm\" \/>\n<meta name=\"robots\" content=\"index, follow, max-snippet:-1, max-image-preview:large, max-video-preview:-1\" \/>\n<link rel=\"canonical\" href=\"https:\/\/tene.ee\/it\/toode\/torusaun-lahti-o-200-x-400-cm\/\" \/>\n<meta property=\"og:locale\" content=\"it_IT\" \/>\n<meta property=\"og:type\" content=\"article\" \/>\n<meta property=\"og:title\" content=\"Tene.ee - Sauna a botte Lahti \u00c3\u0192\u00cb\u0153 200 x 400 cm\" \/>\n<meta property=\"og:description\" content=\"Tene.ee Sauna a botte Lahti \u00c3\u0192\u00cb\u0153 200 x 400 cm\" \/>\n<meta property=\"og:url\" content=\"https:\/\/tene.ee\/it\/toode\/torusaun-lahti-o-200-x-400-cm\/\" \/>\n<meta property=\"og:site_name\" content=\"Tene.ee\" \/>\n<meta property=\"article:publisher\" content=\"https:\/\/www.facebook.com\/teneaiamajad\" \/>\n<meta property=\"article:modified_time\" content=\"2024-11-06T11:45:49+00:00\" \/>\n<meta property=\"og:image\" content=\"https:\/\/tene.ee\/wp-content\/uploads\/2024\/07\/Lahti_HM-1024x683.jpeg\" \/>\n\t<meta property=\"og:image:width\" content=\"1024\" \/>\n\t<meta property=\"og:image:height\" content=\"683\" \/>\n\t<meta property=\"og:image:type\" content=\"image\/jpeg\" \/>\n<meta name=\"twitter:card\" content=\"summary_large_image\" \/>\n<meta name=\"twitter:label1\" content=\"Tempo di lettura stimato\" \/>\n\t<meta name=\"twitter:data1\" content=\"1 minuto\" \/>\n<script type=\"application\/ld+json\" class=\"yoast-schema-graph\">{\"@context\":\"https:\\\/\\\/schema.org\",\"@graph\":[{\"@type\":\"WebPage\",\"@id\":\"https:\\\/\\\/tene.ee\\\/it\\\/toode\\\/torusaun-lahti-o-200-x-400-cm\\\/\",\"url\":\"https:\\\/\\\/tene.ee\\\/it\\\/toode\\\/torusaun-lahti-o-200-x-400-cm\\\/\",\"name\":\"Tene.ee - Sauna a botte Lahti \u00c3\u0192\u00cb\u0153 200 x 400 cm\",\"isPartOf\":{\"@id\":\"https:\\\/\\\/tene.ee\\\/it\\\/#website\"},\"primaryImageOfPage\":{\"@id\":\"https:\\\/\\\/tene.ee\\\/it\\\/toode\\\/torusaun-lahti-o-200-x-400-cm\\\/#primaryimage\"},\"image\":{\"@id\":\"https:\\\/\\\/tene.ee\\\/it\\\/toode\\\/torusaun-lahti-o-200-x-400-cm\\\/#primaryimage\"},\"thumbnailUrl\":\"https:\\\/\\\/tene.ee\\\/wp-content\\\/uploads\\\/2024\\\/07\\\/Lahti_HM.jpeg\",\"datePublished\":\"2024-07-12T13:20:40+00:00\",\"dateModified\":\"2024-11-06T11:45:49+00:00\",\"description\":\"Tene.ee Sauna a botte Lahti \u00c3\u0192\u00cb\u0153 200 x 400 cm\",\"breadcrumb\":{\"@id\":\"https:\\\/\\\/tene.ee\\\/it\\\/toode\\\/torusaun-lahti-o-200-x-400-cm\\\/#breadcrumb\"},\"inLanguage\":\"it-IT\",\"potentialAction\":[{\"@type\":\"ReadAction\",\"target\":[\"https:\\\/\\\/tene.ee\\\/it\\\/toode\\\/torusaun-lahti-o-200-x-400-cm\\\/\"]}]},{\"@type\":\"ImageObject\",\"inLanguage\":\"it-IT\",\"@id\":\"https:\\\/\\\/tene.ee\\\/it\\\/toode\\\/torusaun-lahti-o-200-x-400-cm\\\/#primaryimage\",\"url\":\"https:\\\/\\\/tene.ee\\\/wp-content\\\/uploads\\\/2024\\\/07\\\/Lahti_HM.jpeg\",\"contentUrl\":\"https:\\\/\\\/tene.ee\\\/wp-content\\\/uploads\\\/2024\\\/07\\\/Lahti_HM.jpeg\",\"width\":2500,\"height\":1667},{\"@type\":\"BreadcrumbList\",\"@id\":\"https:\\\/\\\/tene.ee\\\/it\\\/toode\\\/torusaun-lahti-o-200-x-400-cm\\\/#breadcrumb\",\"itemListElement\":[{\"@type\":\"ListItem\",\"position\":1,\"name\":\"Avaleht\",\"item\":\"http:\\\/\\\/tene.ee\\\/it\\\/\"},{\"@type\":\"ListItem\",\"position\":2,\"name\":\"Negozio\",\"item\":\"http:\\\/\\\/tene.ee\\\/it\\\/negozio\\\/\"},{\"@type\":\"ListItem\",\"position\":3,\"name\":\"Sauna a botte Lahti \u00c3\u0192\u00cb\u0153 200 x 400 cm\"}]},{\"@type\":\"WebSite\",\"@id\":\"https:\\\/\\\/tene.ee\\\/it\\\/#website\",\"url\":\"https:\\\/\\\/tene.ee\\\/it\\\/\",\"name\":\"Tene.ee - Kaunite hetkede jaoks sinu aias\",\"description\":\"Tene.ee - parimad puit- ja aiamajad otse tootjalt\",\"publisher\":{\"@id\":\"https:\\\/\\\/tene.ee\\\/it\\\/#organization\"},\"alternateName\":\"Tene.ee\",\"potentialAction\":[{\"@type\":\"SearchAction\",\"target\":{\"@type\":\"EntryPoint\",\"urlTemplate\":\"https:\\\/\\\/tene.ee\\\/it\\\/?s={search_term_string}\"},\"query-input\":{\"@type\":\"PropertyValueSpecification\",\"valueRequired\":true,\"valueName\":\"search_term_string\"}}],\"inLanguage\":\"it-IT\"},{\"@type\":\"Organization\",\"@id\":\"https:\\\/\\\/tene.ee\\\/it\\\/#organization\",\"name\":\"Tene.ee\",\"url\":\"https:\\\/\\\/tene.ee\\\/it\\\/\",\"logo\":{\"@type\":\"ImageObject\",\"inLanguage\":\"it-IT\",\"@id\":\"https:\\\/\\\/tene.ee\\\/it\\\/#\\\/schema\\\/logo\\\/image\\\/\",\"url\":\"https:\\\/\\\/tene.ee\\\/wp-content\\\/uploads\\\/2024\\\/12\\\/TENE-logo-2018-2.png\",\"contentUrl\":\"https:\\\/\\\/tene.ee\\\/wp-content\\\/uploads\\\/2024\\\/12\\\/TENE-logo-2018-2.png\",\"width\":2339,\"height\":1654,\"caption\":\"Tene.ee\"},\"image\":{\"@id\":\"https:\\\/\\\/tene.ee\\\/it\\\/#\\\/schema\\\/logo\\\/image\\\/\"},\"sameAs\":[\"https:\\\/\\\/www.facebook.com\\\/teneaiamajad\"]}]}<\/script>\n<!-- \/ Yoast SEO plugin. -->","yoast_head_json":{"title":"Tene.ee - Sauna a botte Lahti \u00c3\u0192\u00cb\u0153 200 x 400 cm","description":"Tene.ee Sauna a botte Lahti \u00c3\u0192\u00cb\u0153 200 x 400 cm","robots":{"index":"index","follow":"follow","max-snippet":"max-snippet:-1","max-image-preview":"max-image-preview:large","max-video-preview":"max-video-preview:-1"},"canonical":"https:\/\/tene.ee\/it\/toode\/torusaun-lahti-o-200-x-400-cm\/","og_locale":"it_IT","og_type":"article","og_title":"Tene.ee - Sauna a botte Lahti \u00c3\u0192\u00cb\u0153 200 x 400 cm","og_description":"Tene.ee Sauna a botte Lahti \u00c3\u0192\u00cb\u0153 200 x 400 cm","og_url":"https:\/\/tene.ee\/it\/toode\/torusaun-lahti-o-200-x-400-cm\/","og_site_name":"Tene.ee","article_publisher":"https:\/\/www.facebook.com\/teneaiamajad","article_modified_time":"2024-11-06T11:45:49+00:00","og_image":[{"width":1024,"height":683,"url":"https:\/\/tene.ee\/wp-content\/uploads\/2024\/07\/Lahti_HM-1024x683.jpeg","type":"image\/jpeg"}],"twitter_card":"summary_large_image","twitter_misc":{"Tempo di lettura stimato":"1 minuto"},"schema":{"@context":"https:\/\/schema.org","@graph":[{"@type":"WebPage","@id":"https:\/\/tene.ee\/it\/toode\/torusaun-lahti-o-200-x-400-cm\/","url":"https:\/\/tene.ee\/it\/toode\/torusaun-lahti-o-200-x-400-cm\/","name":"Tene.ee - Sauna a botte Lahti \u00c3\u0192\u00cb\u0153 200 x 400 cm","isPartOf":{"@id":"https:\/\/tene.ee\/it\/#website"},"primaryImageOfPage":{"@id":"https:\/\/tene.ee\/it\/toode\/torusaun-lahti-o-200-x-400-cm\/#primaryimage"},"image":{"@id":"https:\/\/tene.ee\/it\/toode\/torusaun-lahti-o-200-x-400-cm\/#primaryimage"},"thumbnailUrl":"https:\/\/tene.ee\/wp-content\/uploads\/2024\/07\/Lahti_HM.jpeg","datePublished":"2024-07-12T13:20:40+00:00","dateModified":"2024-11-06T11:45:49+00:00","description":"Tene.ee Sauna a botte Lahti \u00c3\u0192\u00cb\u0153 200 x 400 cm","breadcrumb":{"@id":"https:\/\/tene.ee\/it\/toode\/torusaun-lahti-o-200-x-400-cm\/#breadcrumb"},"inLanguage":"it-IT","potentialAction":[{"@type":"ReadAction","target":["https:\/\/tene.ee\/it\/toode\/torusaun-lahti-o-200-x-400-cm\/"]}]},{"@type":"ImageObject","inLanguage":"it-IT","@id":"https:\/\/tene.ee\/it\/toode\/torusaun-lahti-o-200-x-400-cm\/#primaryimage","url":"https:\/\/tene.ee\/wp-content\/uploads\/2024\/07\/Lahti_HM.jpeg","contentUrl":"https:\/\/tene.ee\/wp-content\/uploads\/2024\/07\/Lahti_HM.jpeg","width":2500,"height":1667},{"@type":"BreadcrumbList","@id":"https:\/\/tene.ee\/it\/toode\/torusaun-lahti-o-200-x-400-cm\/#breadcrumb","itemListElement":[{"@type":"ListItem","position":1,"name":"Avaleht","item":"http:\/\/tene.ee\/it\/"},{"@type":"ListItem","position":2,"name":"Negozio","item":"http:\/\/tene.ee\/it\/negozio\/"},{"@type":"ListItem","position":3,"name":"Sauna a botte Lahti \u00c3\u0192\u00cb\u0153 200 x 400 cm"}]},{"@type":"WebSite","@id":"https:\/\/tene.ee\/it\/#website","url":"https:\/\/tene.ee\/it\/","name":"Tene.ee - Kaunite hetkede jaoks sinu aias","description":"Tene.ee - parimad puit- ja aiamajad otse tootjalt","publisher":{"@id":"https:\/\/tene.ee\/it\/#organization"},"alternateName":"Tene.ee","potentialAction":[{"@type":"SearchAction","target":{"@type":"EntryPoint","urlTemplate":"https:\/\/tene.ee\/it\/?s={search_term_string}"},"query-input":{"@type":"PropertyValueSpecification","valueRequired":true,"valueName":"search_term_string"}}],"inLanguage":"it-IT"},{"@type":"Organization","@id":"https:\/\/tene.ee\/it\/#organization","name":"Tene.ee","url":"https:\/\/tene.ee\/it\/","logo":{"@type":"ImageObject","inLanguage":"it-IT","@id":"https:\/\/tene.ee\/it\/#\/schema\/logo\/image\/","url":"https:\/\/tene.ee\/wp-content\/uploads\/2024\/12\/TENE-logo-2018-2.png","contentUrl":"https:\/\/tene.ee\/wp-content\/uploads\/2024\/12\/TENE-logo-2018-2.png","width":2339,"height":1654,"caption":"Tene.ee"},"image":{"@id":"https:\/\/tene.ee\/it\/#\/schema\/logo\/image\/"},"sameAs":["https:\/\/www.facebook.com\/teneaiamajad"]}]}},"_links":{"self":[{"href":"https:\/\/tene.ee\/it\/wp-json\/wp\/v2\/product\/19533","targetHints":{"allow":["GET"]}}],"collection":[{"href":"https:\/\/tene.ee\/it\/wp-json\/wp\/v2\/product"}],"about":[{"href":"https:\/\/tene.ee\/it\/wp-json\/wp\/v2\/types\/product"}],"wp:featuredmedia":[{"embeddable":true,"href":"https:\/\/tene.ee\/it\/wp-json\/wp\/v2\/media\/6988"}],"wp:attachment":[{"href":"https:\/\/tene.ee\/it\/wp-json\/wp\/v2\/media?parent=19533"}],"wp:term":[{"taxonomy":"product_brand","embeddable":true,"href":"https:\/\/tene.ee\/it\/wp-json\/wp\/v2\/product_brand?post=19533"},{"taxonomy":"product_cat","embeddable":true,"href":"https:\/\/tene.ee\/it\/wp-json\/wp\/v2\/product_cat?post=19533"},{"taxonomy":"product_tag","embeddable":true,"href":"https:\/\/tene.ee\/it\/wp-json\/wp\/v2\/product_tag?post=19533"}],"curies":[{"name":"wp","href":"https:\/\/api.w.org\/{rel}","templated":true}]}}