{"id":19505,"date":"2024-07-12T16:20:40","date_gmt":"2024-07-12T13:20:40","guid":{"rendered":"https:\/\/tene.ee\/toode\/kumblustunn-standard-o-180-sinine-kaanega\/"},"modified":"2024-11-28T12:11:13","modified_gmt":"2024-11-28T10:11:13","slug":"kumblustunn-standard-o-180-sinine-kaanega","status":"publish","type":"product","link":"https:\/\/tene.ee\/it\/toode\/kumblustunn-standard-o-180-sinine-kaanega\/","title":{"rendered":"Vasca idromassaggio Standard, \u00d8 180 blu, con copertura"},"content":{"rendered":"<p>L&#8217;interno e la copertura della vasca idromassaggio sono realizzati in plastica PE (polietilene) fusa in rotazione. Il getto della seduta all&#8217;interno \u00e8 isolato con polistirene espanso da 40 cm.<br \/>\nLa plastica PE \u00e8 molto facile da pulire. La vasca idromassaggio \u00e8 dotata di un foro di scarico e di un tubo di scarico con rubinetto. La vasca idromassaggio e la copertura sono molto resistenti agli agenti atmosferici, senza essere influenzati dal caldo o dal freddo. Grazie alla copertura, l&#8217;acqua della vasca idromassaggia si riscalda pi\u00f9 rapidamente e, se chiusa, non penetrano detriti o sporcizia.<br \/>\nLa stufa esterna della vasca idromassaggio in alluminio marino pu\u00f2 essere riscaldata con legno lungo max. 50 cm. In questo caso, il tempo di riscaldamento \u00e8 di ca. 3-3,5 ore. In caso di riscaldamento con bricchetti di legno, il tempo di riscaldamento \u00e8 di ca. un&#8217;ora in meno (2,5-3,5 ore). Il consumo di bricchetti \u00e8 di ca. 25kg. Il tempo necessario per riscaldare la vasca idromassaggio dipende anche dal periodo dell&#8217;anno, quindi in inverno il tempo di riscaldamento pu\u00f2 essere notevolmente pi\u00f9 lungo rispetto all&#8217;estate, quando la vasca idromassaggio si riscalda pi\u00f9 velocemente.<\/p>\n","protected":false},"excerpt":{"rendered":"<p>Vasca idromassaggio con copertura per 6 persone.<br \/>\nDimensioni esterne della vasca idromassaggio \u00d8 183 cm<br \/>\nDimensioni esterne della vasca idromassaggio con copertura 187 cm<br \/>\nCapacit\u00e0 della vasca 1450 L<br \/>\nAltezza della vasca idromassaggio da terra 119 cm<br \/>\nAltezza della vasca idromassaggio con copertura da terra 145 cm<br \/>\nStufa esterna in alluminio marino (65 x 42 x 62 cm)<br \/>\nLunghezza del camino 200 cm<br \/>\nInvolucro in legno rifinito con cera per legno<br \/>\nIl colore degli interni e della copertura \u00e8 blu granito<br \/>\nScarico dell&#8217;acqua con rubinetto<br \/>\nIl tempo necessario per riscaldare la temperatura dell&#8217;acqua da 5 a 38 \u00b0C con legna lunga 50 cm \u00e8 di ca. 3-3,5 ore (con bricchetti di legno ca. 2-2,5 ore)<br \/>\nPeso della vasca idromassaggio con stufa ca. 250 kg<br \/>\nIl telaio di base della vasca idromassaggio \u00e8 realizzato in legno impregnato di 45 x 70 cm<\/p>\n","protected":false},"featured_media":6788,"template":"","meta":{"_acf_changed":false},"product_brand":[],"product_cat":[467],"product_tag":[],"class_list":{"0":"post-19505","1":"product","2":"type-product","3":"status-publish","4":"has-post-thumbnail","6":"product_cat-vasche-idromassaggio","7":"pa_kumblustunni-diameeter-183-cm-it","9":"first","10":"instock","11":"sale","12":"purchasable","13":"product-type-simple"},"acf":[],"yoast_head":"<!-- This site is optimized with the Yoast SEO plugin v27.3 - https:\/\/yoast.com\/product\/yoast-seo-wordpress\/ -->\n<title>Tene.ee - Vasca idromassaggio Standard, \u00d8 180 blu, con copertura<\/title>\n<meta name=\"description\" content=\"Tene.ee Vasca idromassaggio Standard, \u00d8 180 blu, con copertura\" \/>\n<meta name=\"robots\" content=\"index, follow, max-snippet:-1, max-image-preview:large, max-video-preview:-1\" \/>\n<link rel=\"canonical\" href=\"https:\/\/tene.ee\/it\/toode\/kumblustunn-standard-o-180-sinine-kaanega\/\" \/>\n<meta property=\"og:locale\" content=\"it_IT\" \/>\n<meta property=\"og:type\" content=\"article\" \/>\n<meta property=\"og:title\" content=\"Tene.ee - Vasca idromassaggio Standard, \u00d8 180 blu, con copertura\" \/>\n<meta property=\"og:description\" content=\"Tene.ee Vasca idromassaggio Standard, \u00d8 180 blu, con copertura\" \/>\n<meta property=\"og:url\" content=\"https:\/\/tene.ee\/it\/toode\/kumblustunn-standard-o-180-sinine-kaanega\/\" \/>\n<meta property=\"og:site_name\" content=\"Tene.ee\" \/>\n<meta property=\"article:publisher\" content=\"https:\/\/www.facebook.com\/teneaiamajad\" \/>\n<meta property=\"article:modified_time\" content=\"2024-11-28T10:11:13+00:00\" \/>\n<meta property=\"og:image\" content=\"http:\/\/tene.ee\/wp-content\/uploads\/2024\/07\/Kymblustynn_Standard180_sinine_kaanega-1024x683.jpg\" \/>\n\t<meta property=\"og:image:width\" content=\"1024\" \/>\n\t<meta property=\"og:image:height\" content=\"683\" \/>\n\t<meta property=\"og:image:type\" content=\"image\/jpeg\" \/>\n<meta name=\"twitter:card\" content=\"summary_large_image\" \/>\n<meta name=\"twitter:label1\" content=\"Tempo di lettura stimato\" \/>\n\t<meta name=\"twitter:data1\" content=\"2 minuti\" \/>\n<script type=\"application\/ld+json\" class=\"yoast-schema-graph\">{\"@context\":\"https:\\\/\\\/schema.org\",\"@graph\":[{\"@type\":\"WebPage\",\"@id\":\"https:\\\/\\\/tene.ee\\\/it\\\/toode\\\/kumblustunn-standard-o-180-sinine-kaanega\\\/\",\"url\":\"https:\\\/\\\/tene.ee\\\/it\\\/toode\\\/kumblustunn-standard-o-180-sinine-kaanega\\\/\",\"name\":\"Tene.ee - Vasca idromassaggio Standard, \u00d8 180 blu, con copertura\",\"isPartOf\":{\"@id\":\"https:\\\/\\\/tene.ee\\\/it\\\/#website\"},\"primaryImageOfPage\":{\"@id\":\"https:\\\/\\\/tene.ee\\\/it\\\/toode\\\/kumblustunn-standard-o-180-sinine-kaanega\\\/#primaryimage\"},\"image\":{\"@id\":\"https:\\\/\\\/tene.ee\\\/it\\\/toode\\\/kumblustunn-standard-o-180-sinine-kaanega\\\/#primaryimage\"},\"thumbnailUrl\":\"https:\\\/\\\/tene.ee\\\/wp-content\\\/uploads\\\/2024\\\/07\\\/Kymblustynn_Standard180_sinine_kaanega.jpg\",\"datePublished\":\"2024-07-12T13:20:40+00:00\",\"dateModified\":\"2024-11-28T10:11:13+00:00\",\"description\":\"Tene.ee Vasca idromassaggio Standard, \u00d8 180 blu, con copertura\",\"breadcrumb\":{\"@id\":\"https:\\\/\\\/tene.ee\\\/it\\\/toode\\\/kumblustunn-standard-o-180-sinine-kaanega\\\/#breadcrumb\"},\"inLanguage\":\"it-IT\",\"potentialAction\":[{\"@type\":\"ReadAction\",\"target\":[\"https:\\\/\\\/tene.ee\\\/it\\\/toode\\\/kumblustunn-standard-o-180-sinine-kaanega\\\/\"]}]},{\"@type\":\"ImageObject\",\"inLanguage\":\"it-IT\",\"@id\":\"https:\\\/\\\/tene.ee\\\/it\\\/toode\\\/kumblustunn-standard-o-180-sinine-kaanega\\\/#primaryimage\",\"url\":\"https:\\\/\\\/tene.ee\\\/wp-content\\\/uploads\\\/2024\\\/07\\\/Kymblustynn_Standard180_sinine_kaanega.jpg\",\"contentUrl\":\"https:\\\/\\\/tene.ee\\\/wp-content\\\/uploads\\\/2024\\\/07\\\/Kymblustynn_Standard180_sinine_kaanega.jpg\",\"width\":2500,\"height\":1667},{\"@type\":\"BreadcrumbList\",\"@id\":\"https:\\\/\\\/tene.ee\\\/it\\\/toode\\\/kumblustunn-standard-o-180-sinine-kaanega\\\/#breadcrumb\",\"itemListElement\":[{\"@type\":\"ListItem\",\"position\":1,\"name\":\"Avaleht\",\"item\":\"http:\\\/\\\/tene.ee\\\/it\\\/\"},{\"@type\":\"ListItem\",\"position\":2,\"name\":\"Negozio\",\"item\":\"http:\\\/\\\/tene.ee\\\/it\\\/negozio\\\/\"},{\"@type\":\"ListItem\",\"position\":3,\"name\":\"Vasca idromassaggio Standard, \u00d8 180 blu, con copertura\"}]},{\"@type\":\"WebSite\",\"@id\":\"https:\\\/\\\/tene.ee\\\/it\\\/#website\",\"url\":\"https:\\\/\\\/tene.ee\\\/it\\\/\",\"name\":\"Tene.ee - Kaunite hetkede jaoks sinu aias\",\"description\":\"Tene.ee - parimad puit- ja aiamajad otse tootjalt\",\"publisher\":{\"@id\":\"https:\\\/\\\/tene.ee\\\/it\\\/#organization\"},\"alternateName\":\"Tene.ee\",\"potentialAction\":[{\"@type\":\"SearchAction\",\"target\":{\"@type\":\"EntryPoint\",\"urlTemplate\":\"https:\\\/\\\/tene.ee\\\/it\\\/?s={search_term_string}\"},\"query-input\":{\"@type\":\"PropertyValueSpecification\",\"valueRequired\":true,\"valueName\":\"search_term_string\"}}],\"inLanguage\":\"it-IT\"},{\"@type\":\"Organization\",\"@id\":\"https:\\\/\\\/tene.ee\\\/it\\\/#organization\",\"name\":\"Tene.ee\",\"url\":\"https:\\\/\\\/tene.ee\\\/it\\\/\",\"logo\":{\"@type\":\"ImageObject\",\"inLanguage\":\"it-IT\",\"@id\":\"https:\\\/\\\/tene.ee\\\/it\\\/#\\\/schema\\\/logo\\\/image\\\/\",\"url\":\"https:\\\/\\\/tene.ee\\\/wp-content\\\/uploads\\\/2024\\\/12\\\/TENE-logo-2018-2.png\",\"contentUrl\":\"https:\\\/\\\/tene.ee\\\/wp-content\\\/uploads\\\/2024\\\/12\\\/TENE-logo-2018-2.png\",\"width\":2339,\"height\":1654,\"caption\":\"Tene.ee\"},\"image\":{\"@id\":\"https:\\\/\\\/tene.ee\\\/it\\\/#\\\/schema\\\/logo\\\/image\\\/\"},\"sameAs\":[\"https:\\\/\\\/www.facebook.com\\\/teneaiamajad\"]}]}<\/script>\n<!-- \/ Yoast SEO plugin. -->","yoast_head_json":{"title":"Tene.ee - Vasca idromassaggio Standard, \u00d8 180 blu, con copertura","description":"Tene.ee Vasca idromassaggio Standard, \u00d8 180 blu, con copertura","robots":{"index":"index","follow":"follow","max-snippet":"max-snippet:-1","max-image-preview":"max-image-preview:large","max-video-preview":"max-video-preview:-1"},"canonical":"https:\/\/tene.ee\/it\/toode\/kumblustunn-standard-o-180-sinine-kaanega\/","og_locale":"it_IT","og_type":"article","og_title":"Tene.ee - Vasca idromassaggio Standard, \u00d8 180 blu, con copertura","og_description":"Tene.ee Vasca idromassaggio Standard, \u00d8 180 blu, con copertura","og_url":"https:\/\/tene.ee\/it\/toode\/kumblustunn-standard-o-180-sinine-kaanega\/","og_site_name":"Tene.ee","article_publisher":"https:\/\/www.facebook.com\/teneaiamajad","article_modified_time":"2024-11-28T10:11:13+00:00","og_image":[{"width":1024,"height":683,"url":"http:\/\/tene.ee\/wp-content\/uploads\/2024\/07\/Kymblustynn_Standard180_sinine_kaanega-1024x683.jpg","type":"image\/jpeg"}],"twitter_card":"summary_large_image","twitter_misc":{"Tempo di lettura stimato":"2 minuti"},"schema":{"@context":"https:\/\/schema.org","@graph":[{"@type":"WebPage","@id":"https:\/\/tene.ee\/it\/toode\/kumblustunn-standard-o-180-sinine-kaanega\/","url":"https:\/\/tene.ee\/it\/toode\/kumblustunn-standard-o-180-sinine-kaanega\/","name":"Tene.ee - Vasca idromassaggio Standard, \u00d8 180 blu, con copertura","isPartOf":{"@id":"https:\/\/tene.ee\/it\/#website"},"primaryImageOfPage":{"@id":"https:\/\/tene.ee\/it\/toode\/kumblustunn-standard-o-180-sinine-kaanega\/#primaryimage"},"image":{"@id":"https:\/\/tene.ee\/it\/toode\/kumblustunn-standard-o-180-sinine-kaanega\/#primaryimage"},"thumbnailUrl":"https:\/\/tene.ee\/wp-content\/uploads\/2024\/07\/Kymblustynn_Standard180_sinine_kaanega.jpg","datePublished":"2024-07-12T13:20:40+00:00","dateModified":"2024-11-28T10:11:13+00:00","description":"Tene.ee Vasca idromassaggio Standard, \u00d8 180 blu, con copertura","breadcrumb":{"@id":"https:\/\/tene.ee\/it\/toode\/kumblustunn-standard-o-180-sinine-kaanega\/#breadcrumb"},"inLanguage":"it-IT","potentialAction":[{"@type":"ReadAction","target":["https:\/\/tene.ee\/it\/toode\/kumblustunn-standard-o-180-sinine-kaanega\/"]}]},{"@type":"ImageObject","inLanguage":"it-IT","@id":"https:\/\/tene.ee\/it\/toode\/kumblustunn-standard-o-180-sinine-kaanega\/#primaryimage","url":"https:\/\/tene.ee\/wp-content\/uploads\/2024\/07\/Kymblustynn_Standard180_sinine_kaanega.jpg","contentUrl":"https:\/\/tene.ee\/wp-content\/uploads\/2024\/07\/Kymblustynn_Standard180_sinine_kaanega.jpg","width":2500,"height":1667},{"@type":"BreadcrumbList","@id":"https:\/\/tene.ee\/it\/toode\/kumblustunn-standard-o-180-sinine-kaanega\/#breadcrumb","itemListElement":[{"@type":"ListItem","position":1,"name":"Avaleht","item":"http:\/\/tene.ee\/it\/"},{"@type":"ListItem","position":2,"name":"Negozio","item":"http:\/\/tene.ee\/it\/negozio\/"},{"@type":"ListItem","position":3,"name":"Vasca idromassaggio Standard, \u00d8 180 blu, con copertura"}]},{"@type":"WebSite","@id":"https:\/\/tene.ee\/it\/#website","url":"https:\/\/tene.ee\/it\/","name":"Tene.ee - Kaunite hetkede jaoks sinu aias","description":"Tene.ee - parimad puit- ja aiamajad otse tootjalt","publisher":{"@id":"https:\/\/tene.ee\/it\/#organization"},"alternateName":"Tene.ee","potentialAction":[{"@type":"SearchAction","target":{"@type":"EntryPoint","urlTemplate":"https:\/\/tene.ee\/it\/?s={search_term_string}"},"query-input":{"@type":"PropertyValueSpecification","valueRequired":true,"valueName":"search_term_string"}}],"inLanguage":"it-IT"},{"@type":"Organization","@id":"https:\/\/tene.ee\/it\/#organization","name":"Tene.ee","url":"https:\/\/tene.ee\/it\/","logo":{"@type":"ImageObject","inLanguage":"it-IT","@id":"https:\/\/tene.ee\/it\/#\/schema\/logo\/image\/","url":"https:\/\/tene.ee\/wp-content\/uploads\/2024\/12\/TENE-logo-2018-2.png","contentUrl":"https:\/\/tene.ee\/wp-content\/uploads\/2024\/12\/TENE-logo-2018-2.png","width":2339,"height":1654,"caption":"Tene.ee"},"image":{"@id":"https:\/\/tene.ee\/it\/#\/schema\/logo\/image\/"},"sameAs":["https:\/\/www.facebook.com\/teneaiamajad"]}]}},"_links":{"self":[{"href":"https:\/\/tene.ee\/it\/wp-json\/wp\/v2\/product\/19505","targetHints":{"allow":["GET"]}}],"collection":[{"href":"https:\/\/tene.ee\/it\/wp-json\/wp\/v2\/product"}],"about":[{"href":"https:\/\/tene.ee\/it\/wp-json\/wp\/v2\/types\/product"}],"wp:featuredmedia":[{"embeddable":true,"href":"https:\/\/tene.ee\/it\/wp-json\/wp\/v2\/media\/6788"}],"wp:attachment":[{"href":"https:\/\/tene.ee\/it\/wp-json\/wp\/v2\/media?parent=19505"}],"wp:term":[{"taxonomy":"product_brand","embeddable":true,"href":"https:\/\/tene.ee\/it\/wp-json\/wp\/v2\/product_brand?post=19505"},{"taxonomy":"product_cat","embeddable":true,"href":"https:\/\/tene.ee\/it\/wp-json\/wp\/v2\/product_cat?post=19505"},{"taxonomy":"product_tag","embeddable":true,"href":"https:\/\/tene.ee\/it\/wp-json\/wp\/v2\/product_tag?post=19505"}],"curies":[{"name":"wp","href":"https:\/\/api.w.org\/{rel}","templated":true}]}}