{"id":19261,"date":"2024-07-12T16:22:40","date_gmt":"2024-07-12T13:22:40","guid":{"rendered":"https:\/\/tene.ee\/toode\/valmis-moderni-kesakeittio-70-mm\/"},"modified":"2024-11-28T12:09:53","modified_gmt":"2024-11-28T10:09:53","slug":"valmis-moderni-kesakeittio-70-mm","status":"publish","type":"product","link":"https:\/\/tene.ee\/it\/toode\/valmis-moderni-kesakeittio-70-mm\/","title":{"rendered":"Moderni Kes\u00e4keitti\u00f6 prefabbricata 70 mm"},"content":{"rendered":"<p>Le casette da giardino e i capanni prefabbricati TENE sono realizzati all&#8217;interno, il che garantisce la massima qualit\u00e0 oltre a evitare possibili ritardi o inconvenienti (ad es. dovuti a condizioni meteorologiche avverse).<\/p>\n<p><strong>Il set casette da giardino prefabbricate con parete da 70 mm di spessore di TENE comprende quanto segue in base al disegno del prodotto:<\/strong><\/p>\n<p>legname di abete al 100% di qualit\u00e0 nordica, parete da 70 mm di spessore;<br \/>\nporte e finestre in legno lamellare ultra asciutto (8-12%);<br \/>\nfinestre alla tedesca ad anta e ribalta con vetrata (ISO) e guarnizione, comprensive di ferramenta;<br \/>\nporta alla tedesca con vetrata (ISO), comprensiva di ferramenta;<br \/>\npavimento in profilato da 28 mm di spessore;<br \/>\ntetto coibentato con lana da 50 cm di spessore;<br \/>\nsoffitto profilato;<br \/>\ntegole nere a nido d&#8217;ape;<br \/>\ngrondaie e lamiere perimetrali;<br \/>\nbarre filettate;<br \/>\ntravi di fondazione impregnate in autoclave;<br \/>\nsoglia in acciaio inossidabile;<\/p>\n","protected":false},"excerpt":{"rendered":"<p>La casetta da giardino prefabbricata Moderni Kes\u00e4keitti\u00f6 con terrazza viene consegnata al cliente come una soluzione completa chiavi in mano. La casetta da giardino prefabbricata pu\u00f2 essere trasportata in qualsiasi luogo accessibile con autogru.<\/p>\n","protected":false},"featured_media":7012,"template":"","meta":{"_acf_changed":false},"product_brand":[],"product_cat":[452,455,460],"product_tag":[],"class_list":{"0":"post-19261","1":"product","2":"type-product","3":"status-publish","4":"has-post-thumbnail","6":"product_cat-casette-da-giardino","7":"product_cat-casette-da-giardino-70-mm","8":"product_cat-casette-da-giardino-gia-pronte","9":"product_shipping_class-390e-it","10":"pa_pindala-10-20-m2-it","11":"pa_seina-paksus-70-mm-it","13":"first","14":"onbackorder","15":"sale","16":"purchasable","17":"product-type-simple"},"acf":[],"yoast_head":"<!-- This site is optimized with the Yoast SEO plugin v27.3 - https:\/\/yoast.com\/product\/yoast-seo-wordpress\/ -->\n<title>Tene.ee - Moderni Kes\u00e4keitti\u00f6 prefabbricata 70 mm<\/title>\n<meta name=\"description\" content=\"Tene.ee Moderni Kes\u00e4keitti\u00f6 prefabbricata 70 mm\" \/>\n<meta name=\"robots\" content=\"index, follow, max-snippet:-1, max-image-preview:large, max-video-preview:-1\" \/>\n<link rel=\"canonical\" href=\"https:\/\/tene.ee\/it\/toode\/valmis-moderni-kesakeittio-70-mm\/\" \/>\n<meta property=\"og:locale\" content=\"it_IT\" \/>\n<meta property=\"og:type\" content=\"article\" \/>\n<meta property=\"og:title\" content=\"Tene.ee - Moderni Kes\u00e4keitti\u00f6 prefabbricata 70 mm\" \/>\n<meta property=\"og:description\" content=\"Tene.ee Moderni Kes\u00e4keitti\u00f6 prefabbricata 70 mm\" \/>\n<meta property=\"og:url\" content=\"https:\/\/tene.ee\/it\/toode\/valmis-moderni-kesakeittio-70-mm\/\" \/>\n<meta property=\"og:site_name\" content=\"Tene.ee\" \/>\n<meta property=\"article:publisher\" content=\"https:\/\/www.facebook.com\/teneaiamajad\" \/>\n<meta property=\"article:modified_time\" content=\"2024-11-28T10:09:53+00:00\" \/>\n<meta property=\"og:image\" content=\"https:\/\/tene.ee\/wp-content\/uploads\/2024\/07\/Moderni__huvimaja-1-1024x683.jpg\" \/>\n\t<meta property=\"og:image:width\" content=\"1024\" \/>\n\t<meta property=\"og:image:height\" content=\"683\" \/>\n\t<meta property=\"og:image:type\" content=\"image\/jpeg\" \/>\n<meta name=\"twitter:card\" content=\"summary_large_image\" \/>\n<meta name=\"twitter:label1\" content=\"Tempo di lettura stimato\" \/>\n\t<meta name=\"twitter:data1\" content=\"2 minuti\" \/>\n<script type=\"application\/ld+json\" class=\"yoast-schema-graph\">{\"@context\":\"https:\\\/\\\/schema.org\",\"@graph\":[{\"@type\":\"WebPage\",\"@id\":\"https:\\\/\\\/tene.ee\\\/it\\\/toode\\\/valmis-moderni-kesakeittio-70-mm\\\/\",\"url\":\"https:\\\/\\\/tene.ee\\\/it\\\/toode\\\/valmis-moderni-kesakeittio-70-mm\\\/\",\"name\":\"Tene.ee - Moderni Kes\u00e4keitti\u00f6 prefabbricata 70 mm\",\"isPartOf\":{\"@id\":\"https:\\\/\\\/tene.ee\\\/it\\\/#website\"},\"primaryImageOfPage\":{\"@id\":\"https:\\\/\\\/tene.ee\\\/it\\\/toode\\\/valmis-moderni-kesakeittio-70-mm\\\/#primaryimage\"},\"image\":{\"@id\":\"https:\\\/\\\/tene.ee\\\/it\\\/toode\\\/valmis-moderni-kesakeittio-70-mm\\\/#primaryimage\"},\"thumbnailUrl\":\"https:\\\/\\\/tene.ee\\\/wp-content\\\/uploads\\\/2024\\\/07\\\/Moderni__huvimaja-1.jpg\",\"datePublished\":\"2024-07-12T13:22:40+00:00\",\"dateModified\":\"2024-11-28T10:09:53+00:00\",\"description\":\"Tene.ee Moderni Kes\u00e4keitti\u00f6 prefabbricata 70 mm\",\"breadcrumb\":{\"@id\":\"https:\\\/\\\/tene.ee\\\/it\\\/toode\\\/valmis-moderni-kesakeittio-70-mm\\\/#breadcrumb\"},\"inLanguage\":\"it-IT\",\"potentialAction\":[{\"@type\":\"ReadAction\",\"target\":[\"https:\\\/\\\/tene.ee\\\/it\\\/toode\\\/valmis-moderni-kesakeittio-70-mm\\\/\"]}]},{\"@type\":\"ImageObject\",\"inLanguage\":\"it-IT\",\"@id\":\"https:\\\/\\\/tene.ee\\\/it\\\/toode\\\/valmis-moderni-kesakeittio-70-mm\\\/#primaryimage\",\"url\":\"https:\\\/\\\/tene.ee\\\/wp-content\\\/uploads\\\/2024\\\/07\\\/Moderni__huvimaja-1.jpg\",\"contentUrl\":\"https:\\\/\\\/tene.ee\\\/wp-content\\\/uploads\\\/2024\\\/07\\\/Moderni__huvimaja-1.jpg\",\"width\":2500,\"height\":1667},{\"@type\":\"BreadcrumbList\",\"@id\":\"https:\\\/\\\/tene.ee\\\/it\\\/toode\\\/valmis-moderni-kesakeittio-70-mm\\\/#breadcrumb\",\"itemListElement\":[{\"@type\":\"ListItem\",\"position\":1,\"name\":\"Avaleht\",\"item\":\"http:\\\/\\\/tene.ee\\\/it\\\/\"},{\"@type\":\"ListItem\",\"position\":2,\"name\":\"Negozio\",\"item\":\"http:\\\/\\\/tene.ee\\\/it\\\/negozio\\\/\"},{\"@type\":\"ListItem\",\"position\":3,\"name\":\"Moderni Kes\u00e4keitti\u00f6 prefabbricata 70 mm\"}]},{\"@type\":\"WebSite\",\"@id\":\"https:\\\/\\\/tene.ee\\\/it\\\/#website\",\"url\":\"https:\\\/\\\/tene.ee\\\/it\\\/\",\"name\":\"Tene.ee - Kaunite hetkede jaoks sinu aias\",\"description\":\"Tene.ee - parimad puit- ja aiamajad otse tootjalt\",\"publisher\":{\"@id\":\"https:\\\/\\\/tene.ee\\\/it\\\/#organization\"},\"alternateName\":\"Tene.ee\",\"potentialAction\":[{\"@type\":\"SearchAction\",\"target\":{\"@type\":\"EntryPoint\",\"urlTemplate\":\"https:\\\/\\\/tene.ee\\\/it\\\/?s={search_term_string}\"},\"query-input\":{\"@type\":\"PropertyValueSpecification\",\"valueRequired\":true,\"valueName\":\"search_term_string\"}}],\"inLanguage\":\"it-IT\"},{\"@type\":\"Organization\",\"@id\":\"https:\\\/\\\/tene.ee\\\/it\\\/#organization\",\"name\":\"Tene.ee\",\"url\":\"https:\\\/\\\/tene.ee\\\/it\\\/\",\"logo\":{\"@type\":\"ImageObject\",\"inLanguage\":\"it-IT\",\"@id\":\"https:\\\/\\\/tene.ee\\\/it\\\/#\\\/schema\\\/logo\\\/image\\\/\",\"url\":\"https:\\\/\\\/tene.ee\\\/wp-content\\\/uploads\\\/2024\\\/12\\\/TENE-logo-2018-2.png\",\"contentUrl\":\"https:\\\/\\\/tene.ee\\\/wp-content\\\/uploads\\\/2024\\\/12\\\/TENE-logo-2018-2.png\",\"width\":2339,\"height\":1654,\"caption\":\"Tene.ee\"},\"image\":{\"@id\":\"https:\\\/\\\/tene.ee\\\/it\\\/#\\\/schema\\\/logo\\\/image\\\/\"},\"sameAs\":[\"https:\\\/\\\/www.facebook.com\\\/teneaiamajad\"]}]}<\/script>\n<!-- \/ Yoast SEO plugin. -->","yoast_head_json":{"title":"Tene.ee - Moderni Kes\u00e4keitti\u00f6 prefabbricata 70 mm","description":"Tene.ee Moderni Kes\u00e4keitti\u00f6 prefabbricata 70 mm","robots":{"index":"index","follow":"follow","max-snippet":"max-snippet:-1","max-image-preview":"max-image-preview:large","max-video-preview":"max-video-preview:-1"},"canonical":"https:\/\/tene.ee\/it\/toode\/valmis-moderni-kesakeittio-70-mm\/","og_locale":"it_IT","og_type":"article","og_title":"Tene.ee - Moderni Kes\u00e4keitti\u00f6 prefabbricata 70 mm","og_description":"Tene.ee Moderni Kes\u00e4keitti\u00f6 prefabbricata 70 mm","og_url":"https:\/\/tene.ee\/it\/toode\/valmis-moderni-kesakeittio-70-mm\/","og_site_name":"Tene.ee","article_publisher":"https:\/\/www.facebook.com\/teneaiamajad","article_modified_time":"2024-11-28T10:09:53+00:00","og_image":[{"width":1024,"height":683,"url":"https:\/\/tene.ee\/wp-content\/uploads\/2024\/07\/Moderni__huvimaja-1-1024x683.jpg","type":"image\/jpeg"}],"twitter_card":"summary_large_image","twitter_misc":{"Tempo di lettura stimato":"2 minuti"},"schema":{"@context":"https:\/\/schema.org","@graph":[{"@type":"WebPage","@id":"https:\/\/tene.ee\/it\/toode\/valmis-moderni-kesakeittio-70-mm\/","url":"https:\/\/tene.ee\/it\/toode\/valmis-moderni-kesakeittio-70-mm\/","name":"Tene.ee - Moderni Kes\u00e4keitti\u00f6 prefabbricata 70 mm","isPartOf":{"@id":"https:\/\/tene.ee\/it\/#website"},"primaryImageOfPage":{"@id":"https:\/\/tene.ee\/it\/toode\/valmis-moderni-kesakeittio-70-mm\/#primaryimage"},"image":{"@id":"https:\/\/tene.ee\/it\/toode\/valmis-moderni-kesakeittio-70-mm\/#primaryimage"},"thumbnailUrl":"https:\/\/tene.ee\/wp-content\/uploads\/2024\/07\/Moderni__huvimaja-1.jpg","datePublished":"2024-07-12T13:22:40+00:00","dateModified":"2024-11-28T10:09:53+00:00","description":"Tene.ee Moderni Kes\u00e4keitti\u00f6 prefabbricata 70 mm","breadcrumb":{"@id":"https:\/\/tene.ee\/it\/toode\/valmis-moderni-kesakeittio-70-mm\/#breadcrumb"},"inLanguage":"it-IT","potentialAction":[{"@type":"ReadAction","target":["https:\/\/tene.ee\/it\/toode\/valmis-moderni-kesakeittio-70-mm\/"]}]},{"@type":"ImageObject","inLanguage":"it-IT","@id":"https:\/\/tene.ee\/it\/toode\/valmis-moderni-kesakeittio-70-mm\/#primaryimage","url":"https:\/\/tene.ee\/wp-content\/uploads\/2024\/07\/Moderni__huvimaja-1.jpg","contentUrl":"https:\/\/tene.ee\/wp-content\/uploads\/2024\/07\/Moderni__huvimaja-1.jpg","width":2500,"height":1667},{"@type":"BreadcrumbList","@id":"https:\/\/tene.ee\/it\/toode\/valmis-moderni-kesakeittio-70-mm\/#breadcrumb","itemListElement":[{"@type":"ListItem","position":1,"name":"Avaleht","item":"http:\/\/tene.ee\/it\/"},{"@type":"ListItem","position":2,"name":"Negozio","item":"http:\/\/tene.ee\/it\/negozio\/"},{"@type":"ListItem","position":3,"name":"Moderni Kes\u00e4keitti\u00f6 prefabbricata 70 mm"}]},{"@type":"WebSite","@id":"https:\/\/tene.ee\/it\/#website","url":"https:\/\/tene.ee\/it\/","name":"Tene.ee - Kaunite hetkede jaoks sinu aias","description":"Tene.ee - parimad puit- ja aiamajad otse tootjalt","publisher":{"@id":"https:\/\/tene.ee\/it\/#organization"},"alternateName":"Tene.ee","potentialAction":[{"@type":"SearchAction","target":{"@type":"EntryPoint","urlTemplate":"https:\/\/tene.ee\/it\/?s={search_term_string}"},"query-input":{"@type":"PropertyValueSpecification","valueRequired":true,"valueName":"search_term_string"}}],"inLanguage":"it-IT"},{"@type":"Organization","@id":"https:\/\/tene.ee\/it\/#organization","name":"Tene.ee","url":"https:\/\/tene.ee\/it\/","logo":{"@type":"ImageObject","inLanguage":"it-IT","@id":"https:\/\/tene.ee\/it\/#\/schema\/logo\/image\/","url":"https:\/\/tene.ee\/wp-content\/uploads\/2024\/12\/TENE-logo-2018-2.png","contentUrl":"https:\/\/tene.ee\/wp-content\/uploads\/2024\/12\/TENE-logo-2018-2.png","width":2339,"height":1654,"caption":"Tene.ee"},"image":{"@id":"https:\/\/tene.ee\/it\/#\/schema\/logo\/image\/"},"sameAs":["https:\/\/www.facebook.com\/teneaiamajad"]}]}},"_links":{"self":[{"href":"https:\/\/tene.ee\/it\/wp-json\/wp\/v2\/product\/19261","targetHints":{"allow":["GET"]}}],"collection":[{"href":"https:\/\/tene.ee\/it\/wp-json\/wp\/v2\/product"}],"about":[{"href":"https:\/\/tene.ee\/it\/wp-json\/wp\/v2\/types\/product"}],"wp:featuredmedia":[{"embeddable":true,"href":"https:\/\/tene.ee\/it\/wp-json\/wp\/v2\/media\/7012"}],"wp:attachment":[{"href":"https:\/\/tene.ee\/it\/wp-json\/wp\/v2\/media?parent=19261"}],"wp:term":[{"taxonomy":"product_brand","embeddable":true,"href":"https:\/\/tene.ee\/it\/wp-json\/wp\/v2\/product_brand?post=19261"},{"taxonomy":"product_cat","embeddable":true,"href":"https:\/\/tene.ee\/it\/wp-json\/wp\/v2\/product_cat?post=19261"},{"taxonomy":"product_tag","embeddable":true,"href":"https:\/\/tene.ee\/it\/wp-json\/wp\/v2\/product_tag?post=19261"}],"curies":[{"name":"wp","href":"https:\/\/api.w.org\/{rel}","templated":true}]}}