{"id":18924,"date":"2024-07-12T16:45:08","date_gmt":"2024-07-12T13:45:08","guid":{"rendered":"https:\/\/tene.ee\/toode\/valmis-ehitatud-aiamaja-gloria-h\/"},"modified":"2024-11-28T12:11:16","modified_gmt":"2024-11-28T10:11:16","slug":"valmis-ehitatud-aiamaja-gloria-h","status":"publish","type":"product","link":"https:\/\/tene.ee\/it\/toode\/valmis-ehitatud-aiamaja-gloria-h\/","title":{"rendered":"Casetta da giardino gi\u00e0 costruita Gloria H"},"content":{"rendered":"<p>Le casette da giardino e le casette da giardino gi\u00e0 pronte TENE vengono costruite all&#8217;interno, il che garantisce una migliore qualit\u00e0 delle case finite e aiuta ad eliminare possibili ritardi spiacevoli in cantiere (ad esempio, condizioni meteorologiche avverse). \u00e8 legno di abete rosso nordico di alta qualit\u00e0 spesso 28 mm<br \/>\nLe ante sono realizzate in legno lamellare appositamente essiccato (8-12%).<br \/>\nLa soglia della porta \u00e8 in metallo inossidabile<br \/>\nPorta con pannello in legno (porta bifacciale con vetro) e ferramenta inclusa<br \/>\nLe travi di fondazione sono in legno autoclavato<br \/>\nIl pavimento \u00e8 costituito da un pannello profilato di 18 mm di spessore<br \/>\nLa copertura del tetto \u00e8 in ruberoid a nido d&#8217;ape nero<br \/>\nGronde e macchie sui bordi<br \/>\nIl soffitto \u00e8 realizzato con assi profilate. Il prezzo non comprende: Preparazione della fondazione<br \/>\nFinitura esterna I prezzi sono validi nel magazzino dello stabilimento di Tene e sono comprensivi di IVA. Il prezzo non include il trasporto. Il prezzo di spedizione dipende dall&#8217;indirizzo esatto di consegna.<\/p>\n","protected":false},"excerpt":{"rendered":"<p>La casetta da giardino Gloria H viene consegnata al cliente gi\u00e0 costruita, ovvero come soluzione completa &#8220;chiavi in \u200b\u200bmano&#8221;. \u00c8 possibile trasportare la casetta da giardino gi\u00e0 montata ovunque sia possibile accedere con una gru.<\/p>\n","protected":false},"featured_media":9244,"template":"","meta":{"_acf_changed":false},"product_brand":[],"product_cat":[452,453,460],"product_tag":[],"class_list":{"0":"post-18924","1":"product","2":"type-product","3":"status-publish","4":"has-post-thumbnail","6":"product_cat-casette-da-giardino","7":"product_cat-casette-da-giardino-28-mm","8":"product_cat-casette-da-giardino-gia-pronte","9":"product_shipping_class-390e-it","10":"pa_pindala-10-20-m2-it","12":"first","13":"onbackorder","14":"sale","15":"purchasable","16":"product-type-simple"},"acf":[],"yoast_head":"<!-- This site is optimized with the Yoast SEO plugin v27.3 - https:\/\/yoast.com\/product\/yoast-seo-wordpress\/ -->\n<title>Tene.ee - Casetta da giardino gi\u00e0 costruita Gloria H<\/title>\n<meta name=\"description\" content=\"Tene.ee Casetta da giardino gi\u00e0 costruita Gloria H\" \/>\n<meta name=\"robots\" content=\"index, follow, max-snippet:-1, max-image-preview:large, max-video-preview:-1\" \/>\n<link rel=\"canonical\" href=\"https:\/\/tene.ee\/it\/toode\/valmis-ehitatud-aiamaja-gloria-h\/\" \/>\n<meta property=\"og:locale\" content=\"it_IT\" \/>\n<meta property=\"og:type\" content=\"article\" \/>\n<meta property=\"og:title\" content=\"Tene.ee - Casetta da giardino gi\u00e0 costruita Gloria H\" \/>\n<meta property=\"og:description\" content=\"Tene.ee Casetta da giardino gi\u00e0 costruita Gloria H\" \/>\n<meta property=\"og:url\" content=\"https:\/\/tene.ee\/it\/toode\/valmis-ehitatud-aiamaja-gloria-h\/\" \/>\n<meta property=\"og:site_name\" content=\"Tene.ee\" \/>\n<meta property=\"article:publisher\" content=\"https:\/\/www.facebook.com\/teneaiamajad\" \/>\n<meta property=\"article:modified_time\" content=\"2024-11-28T10:11:16+00:00\" \/>\n<meta property=\"og:image\" content=\"http:\/\/tene.ee\/wp-content\/uploads\/2024\/07\/Gloria-H-3.jpg\" \/>\n\t<meta property=\"og:image:width\" content=\"1600\" \/>\n\t<meta property=\"og:image:height\" content=\"1067\" \/>\n\t<meta property=\"og:image:type\" content=\"image\/jpeg\" \/>\n<meta name=\"twitter:card\" content=\"summary_large_image\" \/>\n<meta name=\"twitter:label1\" content=\"Tempo di lettura stimato\" \/>\n\t<meta name=\"twitter:data1\" content=\"2 minuti\" \/>\n<script type=\"application\/ld+json\" class=\"yoast-schema-graph\">{\"@context\":\"https:\\\/\\\/schema.org\",\"@graph\":[{\"@type\":\"WebPage\",\"@id\":\"https:\\\/\\\/tene.ee\\\/it\\\/toode\\\/valmis-ehitatud-aiamaja-gloria-h\\\/\",\"url\":\"https:\\\/\\\/tene.ee\\\/it\\\/toode\\\/valmis-ehitatud-aiamaja-gloria-h\\\/\",\"name\":\"Tene.ee - Casetta da giardino gi\u00e0 costruita Gloria H\",\"isPartOf\":{\"@id\":\"https:\\\/\\\/tene.ee\\\/it\\\/#website\"},\"primaryImageOfPage\":{\"@id\":\"https:\\\/\\\/tene.ee\\\/it\\\/toode\\\/valmis-ehitatud-aiamaja-gloria-h\\\/#primaryimage\"},\"image\":{\"@id\":\"https:\\\/\\\/tene.ee\\\/it\\\/toode\\\/valmis-ehitatud-aiamaja-gloria-h\\\/#primaryimage\"},\"thumbnailUrl\":\"https:\\\/\\\/tene.ee\\\/wp-content\\\/uploads\\\/2024\\\/07\\\/Gloria-H-3.jpg\",\"datePublished\":\"2024-07-12T13:45:08+00:00\",\"dateModified\":\"2024-11-28T10:11:16+00:00\",\"description\":\"Tene.ee Casetta da giardino gi\u00e0 costruita Gloria H\",\"breadcrumb\":{\"@id\":\"https:\\\/\\\/tene.ee\\\/it\\\/toode\\\/valmis-ehitatud-aiamaja-gloria-h\\\/#breadcrumb\"},\"inLanguage\":\"it-IT\",\"potentialAction\":[{\"@type\":\"ReadAction\",\"target\":[\"https:\\\/\\\/tene.ee\\\/it\\\/toode\\\/valmis-ehitatud-aiamaja-gloria-h\\\/\"]}]},{\"@type\":\"ImageObject\",\"inLanguage\":\"it-IT\",\"@id\":\"https:\\\/\\\/tene.ee\\\/it\\\/toode\\\/valmis-ehitatud-aiamaja-gloria-h\\\/#primaryimage\",\"url\":\"https:\\\/\\\/tene.ee\\\/wp-content\\\/uploads\\\/2024\\\/07\\\/Gloria-H-3.jpg\",\"contentUrl\":\"https:\\\/\\\/tene.ee\\\/wp-content\\\/uploads\\\/2024\\\/07\\\/Gloria-H-3.jpg\",\"width\":1600,\"height\":1067},{\"@type\":\"BreadcrumbList\",\"@id\":\"https:\\\/\\\/tene.ee\\\/it\\\/toode\\\/valmis-ehitatud-aiamaja-gloria-h\\\/#breadcrumb\",\"itemListElement\":[{\"@type\":\"ListItem\",\"position\":1,\"name\":\"Avaleht\",\"item\":\"http:\\\/\\\/tene.ee\\\/it\\\/\"},{\"@type\":\"ListItem\",\"position\":2,\"name\":\"Negozio\",\"item\":\"http:\\\/\\\/tene.ee\\\/it\\\/negozio\\\/\"},{\"@type\":\"ListItem\",\"position\":3,\"name\":\"Casetta da giardino gi\u00e0 costruita Gloria H\"}]},{\"@type\":\"WebSite\",\"@id\":\"https:\\\/\\\/tene.ee\\\/it\\\/#website\",\"url\":\"https:\\\/\\\/tene.ee\\\/it\\\/\",\"name\":\"Tene.ee - Kaunite hetkede jaoks sinu aias\",\"description\":\"Tene.ee - parimad puit- ja aiamajad otse tootjalt\",\"publisher\":{\"@id\":\"https:\\\/\\\/tene.ee\\\/it\\\/#organization\"},\"alternateName\":\"Tene.ee\",\"potentialAction\":[{\"@type\":\"SearchAction\",\"target\":{\"@type\":\"EntryPoint\",\"urlTemplate\":\"https:\\\/\\\/tene.ee\\\/it\\\/?s={search_term_string}\"},\"query-input\":{\"@type\":\"PropertyValueSpecification\",\"valueRequired\":true,\"valueName\":\"search_term_string\"}}],\"inLanguage\":\"it-IT\"},{\"@type\":\"Organization\",\"@id\":\"https:\\\/\\\/tene.ee\\\/it\\\/#organization\",\"name\":\"Tene.ee\",\"url\":\"https:\\\/\\\/tene.ee\\\/it\\\/\",\"logo\":{\"@type\":\"ImageObject\",\"inLanguage\":\"it-IT\",\"@id\":\"https:\\\/\\\/tene.ee\\\/it\\\/#\\\/schema\\\/logo\\\/image\\\/\",\"url\":\"https:\\\/\\\/tene.ee\\\/wp-content\\\/uploads\\\/2024\\\/12\\\/TENE-logo-2018-2.png\",\"contentUrl\":\"https:\\\/\\\/tene.ee\\\/wp-content\\\/uploads\\\/2024\\\/12\\\/TENE-logo-2018-2.png\",\"width\":2339,\"height\":1654,\"caption\":\"Tene.ee\"},\"image\":{\"@id\":\"https:\\\/\\\/tene.ee\\\/it\\\/#\\\/schema\\\/logo\\\/image\\\/\"},\"sameAs\":[\"https:\\\/\\\/www.facebook.com\\\/teneaiamajad\"]}]}<\/script>\n<!-- \/ Yoast SEO plugin. -->","yoast_head_json":{"title":"Tene.ee - Casetta da giardino gi\u00e0 costruita Gloria H","description":"Tene.ee Casetta da giardino gi\u00e0 costruita Gloria H","robots":{"index":"index","follow":"follow","max-snippet":"max-snippet:-1","max-image-preview":"max-image-preview:large","max-video-preview":"max-video-preview:-1"},"canonical":"https:\/\/tene.ee\/it\/toode\/valmis-ehitatud-aiamaja-gloria-h\/","og_locale":"it_IT","og_type":"article","og_title":"Tene.ee - Casetta da giardino gi\u00e0 costruita Gloria H","og_description":"Tene.ee Casetta da giardino gi\u00e0 costruita Gloria H","og_url":"https:\/\/tene.ee\/it\/toode\/valmis-ehitatud-aiamaja-gloria-h\/","og_site_name":"Tene.ee","article_publisher":"https:\/\/www.facebook.com\/teneaiamajad","article_modified_time":"2024-11-28T10:11:16+00:00","og_image":[{"width":1600,"height":1067,"url":"http:\/\/tene.ee\/wp-content\/uploads\/2024\/07\/Gloria-H-3.jpg","type":"image\/jpeg"}],"twitter_card":"summary_large_image","twitter_misc":{"Tempo di lettura stimato":"2 minuti"},"schema":{"@context":"https:\/\/schema.org","@graph":[{"@type":"WebPage","@id":"https:\/\/tene.ee\/it\/toode\/valmis-ehitatud-aiamaja-gloria-h\/","url":"https:\/\/tene.ee\/it\/toode\/valmis-ehitatud-aiamaja-gloria-h\/","name":"Tene.ee - Casetta da giardino gi\u00e0 costruita Gloria H","isPartOf":{"@id":"https:\/\/tene.ee\/it\/#website"},"primaryImageOfPage":{"@id":"https:\/\/tene.ee\/it\/toode\/valmis-ehitatud-aiamaja-gloria-h\/#primaryimage"},"image":{"@id":"https:\/\/tene.ee\/it\/toode\/valmis-ehitatud-aiamaja-gloria-h\/#primaryimage"},"thumbnailUrl":"https:\/\/tene.ee\/wp-content\/uploads\/2024\/07\/Gloria-H-3.jpg","datePublished":"2024-07-12T13:45:08+00:00","dateModified":"2024-11-28T10:11:16+00:00","description":"Tene.ee Casetta da giardino gi\u00e0 costruita Gloria H","breadcrumb":{"@id":"https:\/\/tene.ee\/it\/toode\/valmis-ehitatud-aiamaja-gloria-h\/#breadcrumb"},"inLanguage":"it-IT","potentialAction":[{"@type":"ReadAction","target":["https:\/\/tene.ee\/it\/toode\/valmis-ehitatud-aiamaja-gloria-h\/"]}]},{"@type":"ImageObject","inLanguage":"it-IT","@id":"https:\/\/tene.ee\/it\/toode\/valmis-ehitatud-aiamaja-gloria-h\/#primaryimage","url":"https:\/\/tene.ee\/wp-content\/uploads\/2024\/07\/Gloria-H-3.jpg","contentUrl":"https:\/\/tene.ee\/wp-content\/uploads\/2024\/07\/Gloria-H-3.jpg","width":1600,"height":1067},{"@type":"BreadcrumbList","@id":"https:\/\/tene.ee\/it\/toode\/valmis-ehitatud-aiamaja-gloria-h\/#breadcrumb","itemListElement":[{"@type":"ListItem","position":1,"name":"Avaleht","item":"http:\/\/tene.ee\/it\/"},{"@type":"ListItem","position":2,"name":"Negozio","item":"http:\/\/tene.ee\/it\/negozio\/"},{"@type":"ListItem","position":3,"name":"Casetta da giardino gi\u00e0 costruita Gloria H"}]},{"@type":"WebSite","@id":"https:\/\/tene.ee\/it\/#website","url":"https:\/\/tene.ee\/it\/","name":"Tene.ee - Kaunite hetkede jaoks sinu aias","description":"Tene.ee - parimad puit- ja aiamajad otse tootjalt","publisher":{"@id":"https:\/\/tene.ee\/it\/#organization"},"alternateName":"Tene.ee","potentialAction":[{"@type":"SearchAction","target":{"@type":"EntryPoint","urlTemplate":"https:\/\/tene.ee\/it\/?s={search_term_string}"},"query-input":{"@type":"PropertyValueSpecification","valueRequired":true,"valueName":"search_term_string"}}],"inLanguage":"it-IT"},{"@type":"Organization","@id":"https:\/\/tene.ee\/it\/#organization","name":"Tene.ee","url":"https:\/\/tene.ee\/it\/","logo":{"@type":"ImageObject","inLanguage":"it-IT","@id":"https:\/\/tene.ee\/it\/#\/schema\/logo\/image\/","url":"https:\/\/tene.ee\/wp-content\/uploads\/2024\/12\/TENE-logo-2018-2.png","contentUrl":"https:\/\/tene.ee\/wp-content\/uploads\/2024\/12\/TENE-logo-2018-2.png","width":2339,"height":1654,"caption":"Tene.ee"},"image":{"@id":"https:\/\/tene.ee\/it\/#\/schema\/logo\/image\/"},"sameAs":["https:\/\/www.facebook.com\/teneaiamajad"]}]}},"_links":{"self":[{"href":"https:\/\/tene.ee\/it\/wp-json\/wp\/v2\/product\/18924","targetHints":{"allow":["GET"]}}],"collection":[{"href":"https:\/\/tene.ee\/it\/wp-json\/wp\/v2\/product"}],"about":[{"href":"https:\/\/tene.ee\/it\/wp-json\/wp\/v2\/types\/product"}],"wp:featuredmedia":[{"embeddable":true,"href":"https:\/\/tene.ee\/it\/wp-json\/wp\/v2\/media\/9244"}],"wp:attachment":[{"href":"https:\/\/tene.ee\/it\/wp-json\/wp\/v2\/media?parent=18924"}],"wp:term":[{"taxonomy":"product_brand","embeddable":true,"href":"https:\/\/tene.ee\/it\/wp-json\/wp\/v2\/product_brand?post=18924"},{"taxonomy":"product_cat","embeddable":true,"href":"https:\/\/tene.ee\/it\/wp-json\/wp\/v2\/product_cat?post=18924"},{"taxonomy":"product_tag","embeddable":true,"href":"https:\/\/tene.ee\/it\/wp-json\/wp\/v2\/product_tag?post=18924"}],"curies":[{"name":"wp","href":"https:\/\/api.w.org\/{rel}","templated":true}]}}