{"id":18757,"date":"2024-07-12T16:48:57","date_gmt":"2024-07-12T13:48:57","guid":{"rendered":"https:\/\/tene.ee\/toode\/valmis-ehitatud-aiamaja-andrea\/"},"modified":"2024-11-28T12:11:15","modified_gmt":"2024-11-28T10:11:15","slug":"valmis-ehitatud-aiamaja-andrea","status":"publish","type":"product","link":"https:\/\/tene.ee\/it\/toode\/valmis-ehitatud-aiamaja-andrea\/","title":{"rendered":"Casetta da giardino gi\u00e0 costruita Andrea"},"content":{"rendered":"<p>Le casette da giardino e le casette da giardino gi\u00e0 pronte TENE vengono costruite all&#8217;interno, il che garantisce una migliore qualit\u00e0 delle case finite e aiuta ad eliminare possibili ritardi spiacevoli in cantiere (ad esempio, condizioni meteorologiche avverse). \u00e8 legno di abete rosso nordico di alta qualit\u00e0 spesso 40 mm<br \/>\nPorte e finestre sono realizzate in legno lamellare appositamente asciutto (8-12%).<br \/>\nLa soglia della porta \u00e8 in metallo inossidabile<br \/>\nFinestre che si aprono con un pacchetto di vetro e contengono ferramenta<br \/>\nLe porte sono vetrate (pannello) e comprensive di ferramenta<br \/>\nLe travi di fondazione sono in legno autoclavato<br \/>\nIl pavimento \u00e8 costituito da un pannello profilato di 28 mm di spessore<br \/>\nLa copertura del tetto \u00e8 in ruberoid a nido d&#8217;ape nero<br \/>\nGronde e macchie sui bordi<br \/>\nIl soffitto \u00e8 realizzato con pannelli profilati. Il prezzo non include:<br \/>\nPreparazione del fondotinta di base<br \/>\nFinitura esterna I prezzi sono validi nel magazzino dello stabilimento di Tene e sono comprensivi di IVA.<br \/>\nNel prezzo non \u00e8 compreso il trasporto della sauna finita. Il prezzo di spedizione dipende dall&#8217;indirizzo esatto di consegna.<\/p>\n","protected":false},"excerpt":{"rendered":"<p>Nel prezzo sono comprese le porte in legno lamellare con finestre a doppi vetri, una porta con tavola, una finestra con finestre a doppi vetri, una soglia in acciaio inossidabile, un pavimento, blocchi di fondazione impregnati, elementi di fissaggio e istruzioni di installazione. Nel prezzo non \u00e8 compreso il trasporto ed il materiale di copertura.<\/p>\n","protected":false},"featured_media":9428,"template":"","meta":{"_acf_changed":false},"product_brand":[],"product_cat":[452,454,460],"product_tag":[],"class_list":{"0":"post-18757","1":"product","2":"type-product","3":"status-publish","4":"has-post-thumbnail","6":"product_cat-casette-da-giardino","7":"product_cat-casette-da-giardino-40-mm","8":"product_cat-casette-da-giardino-gia-pronte","9":"product_shipping_class-390e-it","10":"pa_iseloomustus-2-stanze","11":"pa_iseloomustus-una-casa-quadrata","12":"pa_katuse-tuup-tetto-a-due-falde","13":"pa_pindala-10-20-m2-it","14":"pa_seina-paksus-40-mm-it","16":"first","17":"onbackorder","18":"sale","19":"purchasable","20":"product-type-simple"},"acf":[],"yoast_head":"<!-- This site is optimized with the Yoast SEO plugin v27.3 - https:\/\/yoast.com\/product\/yoast-seo-wordpress\/ -->\n<title>Tene.ee - Casetta da giardino gi\u00e0 costruita Andrea<\/title>\n<meta name=\"description\" content=\"Tene.ee Casetta da giardino gi\u00e0 costruita Andrea\" \/>\n<meta name=\"robots\" content=\"index, follow, max-snippet:-1, max-image-preview:large, max-video-preview:-1\" \/>\n<link rel=\"canonical\" href=\"https:\/\/tene.ee\/it\/toode\/valmis-ehitatud-aiamaja-andrea\/\" \/>\n<meta property=\"og:locale\" content=\"it_IT\" \/>\n<meta property=\"og:type\" content=\"article\" \/>\n<meta property=\"og:title\" content=\"Tene.ee - Casetta da giardino gi\u00e0 costruita Andrea\" \/>\n<meta property=\"og:description\" content=\"Tene.ee Casetta da giardino gi\u00e0 costruita Andrea\" \/>\n<meta property=\"og:url\" content=\"https:\/\/tene.ee\/it\/toode\/valmis-ehitatud-aiamaja-andrea\/\" \/>\n<meta property=\"og:site_name\" content=\"Tene.ee\" \/>\n<meta property=\"article:publisher\" content=\"https:\/\/www.facebook.com\/teneaiamajad\" \/>\n<meta property=\"article:modified_time\" content=\"2024-11-28T10:11:15+00:00\" \/>\n<meta property=\"og:image\" content=\"http:\/\/tene.ee\/wp-content\/uploads\/2024\/07\/Andrea-1-1024x683.jpg\" \/>\n\t<meta property=\"og:image:width\" content=\"1024\" \/>\n\t<meta property=\"og:image:height\" content=\"683\" \/>\n\t<meta property=\"og:image:type\" content=\"image\/jpeg\" \/>\n<meta name=\"twitter:card\" content=\"summary_large_image\" \/>\n<meta name=\"twitter:label1\" content=\"Tempo di lettura stimato\" \/>\n\t<meta name=\"twitter:data1\" content=\"2 minuti\" \/>\n<script type=\"application\/ld+json\" class=\"yoast-schema-graph\">{\"@context\":\"https:\\\/\\\/schema.org\",\"@graph\":[{\"@type\":\"WebPage\",\"@id\":\"https:\\\/\\\/tene.ee\\\/it\\\/toode\\\/valmis-ehitatud-aiamaja-andrea\\\/\",\"url\":\"https:\\\/\\\/tene.ee\\\/it\\\/toode\\\/valmis-ehitatud-aiamaja-andrea\\\/\",\"name\":\"Tene.ee - Casetta da giardino gi\u00e0 costruita Andrea\",\"isPartOf\":{\"@id\":\"https:\\\/\\\/tene.ee\\\/it\\\/#website\"},\"primaryImageOfPage\":{\"@id\":\"https:\\\/\\\/tene.ee\\\/it\\\/toode\\\/valmis-ehitatud-aiamaja-andrea\\\/#primaryimage\"},\"image\":{\"@id\":\"https:\\\/\\\/tene.ee\\\/it\\\/toode\\\/valmis-ehitatud-aiamaja-andrea\\\/#primaryimage\"},\"thumbnailUrl\":\"https:\\\/\\\/tene.ee\\\/wp-content\\\/uploads\\\/2024\\\/07\\\/Andrea-1.jpg\",\"datePublished\":\"2024-07-12T13:48:57+00:00\",\"dateModified\":\"2024-11-28T10:11:15+00:00\",\"description\":\"Tene.ee Casetta da giardino gi\u00e0 costruita Andrea\",\"breadcrumb\":{\"@id\":\"https:\\\/\\\/tene.ee\\\/it\\\/toode\\\/valmis-ehitatud-aiamaja-andrea\\\/#breadcrumb\"},\"inLanguage\":\"it-IT\",\"potentialAction\":[{\"@type\":\"ReadAction\",\"target\":[\"https:\\\/\\\/tene.ee\\\/it\\\/toode\\\/valmis-ehitatud-aiamaja-andrea\\\/\"]}]},{\"@type\":\"ImageObject\",\"inLanguage\":\"it-IT\",\"@id\":\"https:\\\/\\\/tene.ee\\\/it\\\/toode\\\/valmis-ehitatud-aiamaja-andrea\\\/#primaryimage\",\"url\":\"https:\\\/\\\/tene.ee\\\/wp-content\\\/uploads\\\/2024\\\/07\\\/Andrea-1.jpg\",\"contentUrl\":\"https:\\\/\\\/tene.ee\\\/wp-content\\\/uploads\\\/2024\\\/07\\\/Andrea-1.jpg\",\"width\":2500,\"height\":1667},{\"@type\":\"BreadcrumbList\",\"@id\":\"https:\\\/\\\/tene.ee\\\/it\\\/toode\\\/valmis-ehitatud-aiamaja-andrea\\\/#breadcrumb\",\"itemListElement\":[{\"@type\":\"ListItem\",\"position\":1,\"name\":\"Avaleht\",\"item\":\"http:\\\/\\\/tene.ee\\\/it\\\/\"},{\"@type\":\"ListItem\",\"position\":2,\"name\":\"Negozio\",\"item\":\"http:\\\/\\\/tene.ee\\\/it\\\/negozio\\\/\"},{\"@type\":\"ListItem\",\"position\":3,\"name\":\"Casetta da giardino gi\u00e0 costruita Andrea\"}]},{\"@type\":\"WebSite\",\"@id\":\"https:\\\/\\\/tene.ee\\\/it\\\/#website\",\"url\":\"https:\\\/\\\/tene.ee\\\/it\\\/\",\"name\":\"Tene.ee - Kaunite hetkede jaoks sinu aias\",\"description\":\"Tene.ee - parimad puit- ja aiamajad otse tootjalt\",\"publisher\":{\"@id\":\"https:\\\/\\\/tene.ee\\\/it\\\/#organization\"},\"alternateName\":\"Tene.ee\",\"potentialAction\":[{\"@type\":\"SearchAction\",\"target\":{\"@type\":\"EntryPoint\",\"urlTemplate\":\"https:\\\/\\\/tene.ee\\\/it\\\/?s={search_term_string}\"},\"query-input\":{\"@type\":\"PropertyValueSpecification\",\"valueRequired\":true,\"valueName\":\"search_term_string\"}}],\"inLanguage\":\"it-IT\"},{\"@type\":\"Organization\",\"@id\":\"https:\\\/\\\/tene.ee\\\/it\\\/#organization\",\"name\":\"Tene.ee\",\"url\":\"https:\\\/\\\/tene.ee\\\/it\\\/\",\"logo\":{\"@type\":\"ImageObject\",\"inLanguage\":\"it-IT\",\"@id\":\"https:\\\/\\\/tene.ee\\\/it\\\/#\\\/schema\\\/logo\\\/image\\\/\",\"url\":\"https:\\\/\\\/tene.ee\\\/wp-content\\\/uploads\\\/2024\\\/12\\\/TENE-logo-2018-2.png\",\"contentUrl\":\"https:\\\/\\\/tene.ee\\\/wp-content\\\/uploads\\\/2024\\\/12\\\/TENE-logo-2018-2.png\",\"width\":2339,\"height\":1654,\"caption\":\"Tene.ee\"},\"image\":{\"@id\":\"https:\\\/\\\/tene.ee\\\/it\\\/#\\\/schema\\\/logo\\\/image\\\/\"},\"sameAs\":[\"https:\\\/\\\/www.facebook.com\\\/teneaiamajad\"]}]}<\/script>\n<!-- \/ Yoast SEO plugin. -->","yoast_head_json":{"title":"Tene.ee - Casetta da giardino gi\u00e0 costruita Andrea","description":"Tene.ee Casetta da giardino gi\u00e0 costruita Andrea","robots":{"index":"index","follow":"follow","max-snippet":"max-snippet:-1","max-image-preview":"max-image-preview:large","max-video-preview":"max-video-preview:-1"},"canonical":"https:\/\/tene.ee\/it\/toode\/valmis-ehitatud-aiamaja-andrea\/","og_locale":"it_IT","og_type":"article","og_title":"Tene.ee - Casetta da giardino gi\u00e0 costruita Andrea","og_description":"Tene.ee Casetta da giardino gi\u00e0 costruita Andrea","og_url":"https:\/\/tene.ee\/it\/toode\/valmis-ehitatud-aiamaja-andrea\/","og_site_name":"Tene.ee","article_publisher":"https:\/\/www.facebook.com\/teneaiamajad","article_modified_time":"2024-11-28T10:11:15+00:00","og_image":[{"width":1024,"height":683,"url":"http:\/\/tene.ee\/wp-content\/uploads\/2024\/07\/Andrea-1-1024x683.jpg","type":"image\/jpeg"}],"twitter_card":"summary_large_image","twitter_misc":{"Tempo di lettura stimato":"2 minuti"},"schema":{"@context":"https:\/\/schema.org","@graph":[{"@type":"WebPage","@id":"https:\/\/tene.ee\/it\/toode\/valmis-ehitatud-aiamaja-andrea\/","url":"https:\/\/tene.ee\/it\/toode\/valmis-ehitatud-aiamaja-andrea\/","name":"Tene.ee - Casetta da giardino gi\u00e0 costruita Andrea","isPartOf":{"@id":"https:\/\/tene.ee\/it\/#website"},"primaryImageOfPage":{"@id":"https:\/\/tene.ee\/it\/toode\/valmis-ehitatud-aiamaja-andrea\/#primaryimage"},"image":{"@id":"https:\/\/tene.ee\/it\/toode\/valmis-ehitatud-aiamaja-andrea\/#primaryimage"},"thumbnailUrl":"https:\/\/tene.ee\/wp-content\/uploads\/2024\/07\/Andrea-1.jpg","datePublished":"2024-07-12T13:48:57+00:00","dateModified":"2024-11-28T10:11:15+00:00","description":"Tene.ee Casetta da giardino gi\u00e0 costruita Andrea","breadcrumb":{"@id":"https:\/\/tene.ee\/it\/toode\/valmis-ehitatud-aiamaja-andrea\/#breadcrumb"},"inLanguage":"it-IT","potentialAction":[{"@type":"ReadAction","target":["https:\/\/tene.ee\/it\/toode\/valmis-ehitatud-aiamaja-andrea\/"]}]},{"@type":"ImageObject","inLanguage":"it-IT","@id":"https:\/\/tene.ee\/it\/toode\/valmis-ehitatud-aiamaja-andrea\/#primaryimage","url":"https:\/\/tene.ee\/wp-content\/uploads\/2024\/07\/Andrea-1.jpg","contentUrl":"https:\/\/tene.ee\/wp-content\/uploads\/2024\/07\/Andrea-1.jpg","width":2500,"height":1667},{"@type":"BreadcrumbList","@id":"https:\/\/tene.ee\/it\/toode\/valmis-ehitatud-aiamaja-andrea\/#breadcrumb","itemListElement":[{"@type":"ListItem","position":1,"name":"Avaleht","item":"http:\/\/tene.ee\/it\/"},{"@type":"ListItem","position":2,"name":"Negozio","item":"http:\/\/tene.ee\/it\/negozio\/"},{"@type":"ListItem","position":3,"name":"Casetta da giardino gi\u00e0 costruita Andrea"}]},{"@type":"WebSite","@id":"https:\/\/tene.ee\/it\/#website","url":"https:\/\/tene.ee\/it\/","name":"Tene.ee - Kaunite hetkede jaoks sinu aias","description":"Tene.ee - parimad puit- ja aiamajad otse tootjalt","publisher":{"@id":"https:\/\/tene.ee\/it\/#organization"},"alternateName":"Tene.ee","potentialAction":[{"@type":"SearchAction","target":{"@type":"EntryPoint","urlTemplate":"https:\/\/tene.ee\/it\/?s={search_term_string}"},"query-input":{"@type":"PropertyValueSpecification","valueRequired":true,"valueName":"search_term_string"}}],"inLanguage":"it-IT"},{"@type":"Organization","@id":"https:\/\/tene.ee\/it\/#organization","name":"Tene.ee","url":"https:\/\/tene.ee\/it\/","logo":{"@type":"ImageObject","inLanguage":"it-IT","@id":"https:\/\/tene.ee\/it\/#\/schema\/logo\/image\/","url":"https:\/\/tene.ee\/wp-content\/uploads\/2024\/12\/TENE-logo-2018-2.png","contentUrl":"https:\/\/tene.ee\/wp-content\/uploads\/2024\/12\/TENE-logo-2018-2.png","width":2339,"height":1654,"caption":"Tene.ee"},"image":{"@id":"https:\/\/tene.ee\/it\/#\/schema\/logo\/image\/"},"sameAs":["https:\/\/www.facebook.com\/teneaiamajad"]}]}},"_links":{"self":[{"href":"https:\/\/tene.ee\/it\/wp-json\/wp\/v2\/product\/18757","targetHints":{"allow":["GET"]}}],"collection":[{"href":"https:\/\/tene.ee\/it\/wp-json\/wp\/v2\/product"}],"about":[{"href":"https:\/\/tene.ee\/it\/wp-json\/wp\/v2\/types\/product"}],"wp:featuredmedia":[{"embeddable":true,"href":"https:\/\/tene.ee\/it\/wp-json\/wp\/v2\/media\/9428"}],"wp:attachment":[{"href":"https:\/\/tene.ee\/it\/wp-json\/wp\/v2\/media?parent=18757"}],"wp:term":[{"taxonomy":"product_brand","embeddable":true,"href":"https:\/\/tene.ee\/it\/wp-json\/wp\/v2\/product_brand?post=18757"},{"taxonomy":"product_cat","embeddable":true,"href":"https:\/\/tene.ee\/it\/wp-json\/wp\/v2\/product_cat?post=18757"},{"taxonomy":"product_tag","embeddable":true,"href":"https:\/\/tene.ee\/it\/wp-json\/wp\/v2\/product_tag?post=18757"}],"curies":[{"name":"wp","href":"https:\/\/api.w.org\/{rel}","templated":true}]}}